{"id":16561,"date":"2015-11-10T17:43:52","date_gmt":"2015-11-10T16:43:52","guid":{"rendered":"http:\/\/www.naturalscience.org\/?page_id=16561"},"modified":"2018-02-09T15:07:13","modified_gmt":"2018-02-09T14:07:13","slug":"glyconutriments","status":"publish","type":"page","link":"https:\/\/www.naturalscience.org\/fr\/themes\/sante\/glyconutriments\/","title":{"rendered":"Glyconutriments"},"content":{"rendered":"<div id=\"attachment_10630\" style=\"width: 300px\" class=\"wp-caption alignright\"><img loading=\"lazy\" decoding=\"async\" aria-describedby=\"caption-attachment-10630\" class=\"wp-image-10630 size-medium\" src=\"https:\/\/www.naturalscience.org\/wp-content\/uploads\/2015\/01\/iStock_000019113786Large-300x247.jpg\" alt=\"Les glyconutriments sont principalement extraits de la plante Aloe Vera\" width=\"300\" height=\"247\" srcset=\"https:\/\/www.naturalscience.org\/wp-content\/uploads\/2015\/01\/iStock_000019113786Large-300x247.jpg 300w, https:\/\/www.naturalscience.org\/wp-content\/uploads\/2015\/01\/iStock_000019113786Large-1024x844.jpg 1024w, https:\/\/www.naturalscience.org\/wp-content\/uploads\/2015\/01\/iStock_000019113786Large-164x135.jpg 164w\" sizes=\"auto, (max-width: 300px) 100vw, 300px\" \/><p id=\"caption-attachment-10630\" class=\"wp-caption-text\">Les glyconutriments sont principalement extraits de la plante Aloe Vera<\/p><\/div>\n<p><strong>Les glyconutriments sont une forme de nutriment de la cellule, qui \u00e9taient jusqu\u2019\u00e0 pr\u00e9sent largement inconnus et sous-estim\u00e9s.<\/strong> C\u2019est dans les derni\u00e8res ann\u00e9es que l\u2019int\u00e9r\u00eat des scientifiques pour la glycobiologie s\u2019est \u00e9veill\u00e9. Il a \u00e9t\u00e9 reconnu, seulement depuis 1996, que huit sucres essentiels \u2013 lesdits glyconutriments \u2013 sont responsables de la communication intracellulaire. <strong>Les glyconutriments sont absolument vitaux pour chaque cellule du corps.<\/strong> Sans eux, aucune bonne communication n\u2019est possible dans le corps et aucune r\u00e9action biochimique ne peut \u00eatre r\u00e9gul\u00e9e entre les cellules. <strong>C\u2019est seulement lorsque la communication au niveau cellulaire fonctionne de fa\u00e7on optimale que notre corps est dans la capacit\u00e9 d\u2019utiliser sa force d\u2019autogu\u00e9rison et de se maintenir en bonne sant\u00e9.<\/strong><\/p>\n<div id=\"attachment_12298\" style=\"width: 300px\" class=\"wp-caption alignleft\"><a href=\"https:\/\/www.naturalscience.org\/wp-content\/uploads\/2015\/01\/image002.jpg\"><img loading=\"lazy\" decoding=\"async\" aria-describedby=\"caption-attachment-12298\" class=\"wp-image-12298 size-medium\" src=\"https:\/\/www.naturalscience.org\/wp-content\/uploads\/2015\/01\/image002-300x202.jpg\" alt=\"glycoprot\u00e9ines \u00e0 la surface des cellules\" width=\"300\" height=\"202\" srcset=\"https:\/\/www.naturalscience.org\/wp-content\/uploads\/2015\/01\/image002-300x202.jpg 300w, https:\/\/www.naturalscience.org\/wp-content\/uploads\/2015\/01\/image002-164x111.jpg 164w, https:\/\/www.naturalscience.org\/wp-content\/uploads\/2015\/01\/image002.jpg 403w\" sizes=\"auto, (max-width: 300px) 100vw, 300px\" \/><\/a><p id=\"caption-attachment-12298\" class=\"wp-caption-text\">Les glycoprot\u00e9ines \u00e0 la surface des cellules servent, entre autres, \u00e0 transmettre l\u2019information entre les cellules<\/p><\/div>\n<p>En fait, la Nature devrait nous fournir des fruits et l\u00e9gumes sains qui nous apporteraient les vitamines essentielles, les min\u00e9raux, les phytonutriments et \u00e9galement ces glyconutriments n\u00e9cessaires&#8230; si nous n\u2019avions pas contamin\u00e9 les sols, pollu\u00e9 l\u2019air et l\u2019eau.<\/p>\n<p>C\u2019est pour cette raison que depuis des dizaines d\u2019ann\u00e9es, la valeur nutritive de nos aliments baisse consid\u00e9rablement. <strong>En 1951, deux p\u00eaches apportaient \u00e0 une femme adulte sa ration quotidienne de vitamine A. De nos jours, elle devrait manger 53 p\u00eaches pour obtenir la m\u00eame ration&nbsp;!<\/strong> C\u2019est seulement lorsque la Nature sera r\u00e9g\u00e9n\u00e8r\u00e9e que l\u2019apport nutritif pour notre corps sera de nouveau pleinement pourvu des nutriments essentiels. En attendant, nous sommes oblig\u00e9s de prendre des compl\u00e9ments alimentaires naturels pour rester en bonne sant\u00e9.<\/p>\n\n\n","protected":false},"excerpt":{"rendered":"Les glyconutriments sont une forme de nutriment de la cellule, qui \u00e9taient jusqu\u2019\u00e0 pr\u00e9sent largement inconnus et sous-estim\u00e9s. C\u2019est dans les derni\u00e8res ann\u00e9es que l\u2019int\u00e9r\u00eat des scientifiques pour la glycobiologie s\u2019est \u00e9veill\u00e9. Il a \u00e9t\u00e9 reconnu, seulement depuis 1996, que huit sucres essentiels \u2013 lesdits glyconutriments \u2013 sont responsables de la communication intracellulaire. Les glyconutriments [&hellip;]","protected":false},"author":9,"featured_media":0,"parent":16550,"menu_order":19,"comment_status":"closed","ping_status":"closed","template":"","meta":{"_acf_changed":false,"ngg_post_thumbnail":0,"footnotes":""},"categories":[200],"class_list":["post-16561","page","type-page","status-publish","hentry","category-glyconutriments","wpautop"],"acf":[],"yoast_head":"<!-- This site is optimized with the Yoast SEO plugin v27.4 - https:\/\/yoast.com\/product\/yoast-seo-wordpress\/ -->\n<title>Glyconutriments - The World Foundation for Natural Science<\/title>\n<meta name=\"robots\" content=\"index, follow, max-snippet:-1, max-image-preview:large, max-video-preview:-1\" \/>\n<link rel=\"canonical\" href=\"https:\/\/www.naturalscience.org\/fr\/themes\/sante\/glyconutriments\/\" \/>\n<meta name=\"twitter:label1\" content=\"Dur\u00e9e de lecture estim\u00e9e\" \/>\n\t<meta name=\"twitter:data1\" content=\"2 minutes\" \/>\n<script type=\"application\/ld+json\" class=\"yoast-schema-graph\">{\"@context\":\"https:\\\/\\\/schema.org\",\"@graph\":[{\"@type\":\"WebPage\",\"@id\":\"https:\\\/\\\/www.naturalscience.org\\\/fr\\\/themes\\\/sante\\\/glyconutriments\\\/\",\"url\":\"https:\\\/\\\/www.naturalscience.org\\\/fr\\\/themes\\\/sante\\\/glyconutriments\\\/\",\"name\":\"Glyconutriments - The World Foundation for Natural Science\",\"isPartOf\":{\"@id\":\"https:\\\/\\\/www.naturalscience.org\\\/#website\"},\"primaryImageOfPage\":{\"@id\":\"https:\\\/\\\/www.naturalscience.org\\\/fr\\\/themes\\\/sante\\\/glyconutriments\\\/#primaryimage\"},\"image\":{\"@id\":\"https:\\\/\\\/www.naturalscience.org\\\/fr\\\/themes\\\/sante\\\/glyconutriments\\\/#primaryimage\"},\"thumbnailUrl\":\"https:\\\/\\\/www.naturalscience.org\\\/wp-content\\\/uploads\\\/2015\\\/01\\\/iStock_000019113786Large-300x247.jpg\",\"datePublished\":\"2015-11-10T16:43:52+00:00\",\"dateModified\":\"2018-02-09T14:07:13+00:00\",\"breadcrumb\":{\"@id\":\"https:\\\/\\\/www.naturalscience.org\\\/fr\\\/themes\\\/sante\\\/glyconutriments\\\/#breadcrumb\"},\"inLanguage\":\"fr-FR\",\"potentialAction\":[{\"@type\":\"ReadAction\",\"target\":[\"https:\\\/\\\/www.naturalscience.org\\\/fr\\\/themes\\\/sante\\\/glyconutriments\\\/\"]}]},{\"@type\":\"ImageObject\",\"inLanguage\":\"fr-FR\",\"@id\":\"https:\\\/\\\/www.naturalscience.org\\\/fr\\\/themes\\\/sante\\\/glyconutriments\\\/#primaryimage\",\"url\":\"https:\\\/\\\/www.naturalscience.org\\\/wp-content\\\/uploads\\\/2015\\\/01\\\/iStock_000019113786Large-300x247.jpg\",\"contentUrl\":\"https:\\\/\\\/www.naturalscience.org\\\/wp-content\\\/uploads\\\/2015\\\/01\\\/iStock_000019113786Large-300x247.jpg\"},{\"@type\":\"BreadcrumbList\",\"@id\":\"https:\\\/\\\/www.naturalscience.org\\\/fr\\\/themes\\\/sante\\\/glyconutriments\\\/#breadcrumb\",\"itemListElement\":[{\"@type\":\"ListItem\",\"position\":1,\"name\":\"Home\",\"item\":\"https:\\\/\\\/www.naturalscience.org\\\/fr\\\/\"},{\"@type\":\"ListItem\",\"position\":2,\"name\":\"Th\u00e8mes\",\"item\":\"https:\\\/\\\/www.naturalscience.org\\\/fr\\\/themes\\\/\"},{\"@type\":\"ListItem\",\"position\":3,\"name\":\"Sant\u00e9\",\"item\":\"https:\\\/\\\/www.naturalscience.org\\\/fr\\\/themes\\\/sante\\\/\"},{\"@type\":\"ListItem\",\"position\":4,\"name\":\"Glyconutriments\"}]},{\"@type\":\"WebSite\",\"@id\":\"https:\\\/\\\/www.naturalscience.org\\\/#website\",\"url\":\"https:\\\/\\\/www.naturalscience.org\\\/\",\"name\":\"The World Foundation for Natural Science\",\"description\":\"Restoring and Healing the World through Responsibility and Commitment in accord with Natural and Divine Law!\",\"potentialAction\":[{\"@type\":\"SearchAction\",\"target\":{\"@type\":\"EntryPoint\",\"urlTemplate\":\"https:\\\/\\\/www.naturalscience.org\\\/?s={search_term_string}\"},\"query-input\":{\"@type\":\"PropertyValueSpecification\",\"valueRequired\":true,\"valueName\":\"search_term_string\"}}],\"inLanguage\":\"fr-FR\"}]}<\/script>\n<!-- \/ Yoast SEO plugin. -->","yoast_head_json":{"title":"Glyconutriments - The World Foundation for Natural Science","robots":{"index":"index","follow":"follow","max-snippet":"max-snippet:-1","max-image-preview":"max-image-preview:large","max-video-preview":"max-video-preview:-1"},"canonical":"https:\/\/www.naturalscience.org\/fr\/themes\/sante\/glyconutriments\/","twitter_misc":{"Dur\u00e9e de lecture estim\u00e9e":"2 minutes"},"schema":{"@context":"https:\/\/schema.org","@graph":[{"@type":"WebPage","@id":"https:\/\/www.naturalscience.org\/fr\/themes\/sante\/glyconutriments\/","url":"https:\/\/www.naturalscience.org\/fr\/themes\/sante\/glyconutriments\/","name":"Glyconutriments - The World Foundation for Natural Science","isPartOf":{"@id":"https:\/\/www.naturalscience.org\/#website"},"primaryImageOfPage":{"@id":"https:\/\/www.naturalscience.org\/fr\/themes\/sante\/glyconutriments\/#primaryimage"},"image":{"@id":"https:\/\/www.naturalscience.org\/fr\/themes\/sante\/glyconutriments\/#primaryimage"},"thumbnailUrl":"https:\/\/www.naturalscience.org\/wp-content\/uploads\/2015\/01\/iStock_000019113786Large-300x247.jpg","datePublished":"2015-11-10T16:43:52+00:00","dateModified":"2018-02-09T14:07:13+00:00","breadcrumb":{"@id":"https:\/\/www.naturalscience.org\/fr\/themes\/sante\/glyconutriments\/#breadcrumb"},"inLanguage":"fr-FR","potentialAction":[{"@type":"ReadAction","target":["https:\/\/www.naturalscience.org\/fr\/themes\/sante\/glyconutriments\/"]}]},{"@type":"ImageObject","inLanguage":"fr-FR","@id":"https:\/\/www.naturalscience.org\/fr\/themes\/sante\/glyconutriments\/#primaryimage","url":"https:\/\/www.naturalscience.org\/wp-content\/uploads\/2015\/01\/iStock_000019113786Large-300x247.jpg","contentUrl":"https:\/\/www.naturalscience.org\/wp-content\/uploads\/2015\/01\/iStock_000019113786Large-300x247.jpg"},{"@type":"BreadcrumbList","@id":"https:\/\/www.naturalscience.org\/fr\/themes\/sante\/glyconutriments\/#breadcrumb","itemListElement":[{"@type":"ListItem","position":1,"name":"Home","item":"https:\/\/www.naturalscience.org\/fr\/"},{"@type":"ListItem","position":2,"name":"Th\u00e8mes","item":"https:\/\/www.naturalscience.org\/fr\/themes\/"},{"@type":"ListItem","position":3,"name":"Sant\u00e9","item":"https:\/\/www.naturalscience.org\/fr\/themes\/sante\/"},{"@type":"ListItem","position":4,"name":"Glyconutriments"}]},{"@type":"WebSite","@id":"https:\/\/www.naturalscience.org\/#website","url":"https:\/\/www.naturalscience.org\/","name":"The World Foundation for Natural Science","description":"Restoring and Healing the World through Responsibility and Commitment in accord with Natural and Divine Law!","potentialAction":[{"@type":"SearchAction","target":{"@type":"EntryPoint","urlTemplate":"https:\/\/www.naturalscience.org\/?s={search_term_string}"},"query-input":{"@type":"PropertyValueSpecification","valueRequired":true,"valueName":"search_term_string"}}],"inLanguage":"fr-FR"}]}},"_links":{"self":[{"href":"https:\/\/www.naturalscience.org\/fr\/wp-json\/wp\/v2\/pages\/16561","targetHints":{"allow":["GET"]}}],"collection":[{"href":"https:\/\/www.naturalscience.org\/fr\/wp-json\/wp\/v2\/pages"}],"about":[{"href":"https:\/\/www.naturalscience.org\/fr\/wp-json\/wp\/v2\/types\/page"}],"author":[{"embeddable":true,"href":"https:\/\/www.naturalscience.org\/fr\/wp-json\/wp\/v2\/users\/9"}],"replies":[{"embeddable":true,"href":"https:\/\/www.naturalscience.org\/fr\/wp-json\/wp\/v2\/comments?post=16561"}],"version-history":[{"count":6,"href":"https:\/\/www.naturalscience.org\/fr\/wp-json\/wp\/v2\/pages\/16561\/revisions"}],"predecessor-version":[{"id":26800,"href":"https:\/\/www.naturalscience.org\/fr\/wp-json\/wp\/v2\/pages\/16561\/revisions\/26800"}],"up":[{"embeddable":true,"href":"https:\/\/www.naturalscience.org\/fr\/wp-json\/wp\/v2\/pages\/16550"}],"wp:attachment":[{"href":"https:\/\/www.naturalscience.org\/fr\/wp-json\/wp\/v2\/media?parent=16561"}],"wp:term":[{"taxonomy":"category","embeddable":true,"href":"https:\/\/www.naturalscience.org\/fr\/wp-json\/wp\/v2\/categories?post=16561"}],"curies":[{"name":"wp","href":"https:\/\/api.w.org\/{rel}","templated":true}]}}