{"id":16552,"date":"2015-11-10T17:40:02","date_gmt":"2015-11-10T16:40:02","guid":{"rendered":"http:\/\/www.naturalscience.org\/?page_id=16552"},"modified":"2019-02-18T22:27:34","modified_gmt":"2019-02-18T21:27:34","slug":"tabagisme","status":"publish","type":"page","link":"https:\/\/www.naturalscience.org\/fr\/themes\/sante\/tabagisme\/","title":{"rendered":"Tabagisme"},"content":{"rendered":"<p><strong><a href=\"https:\/\/www.naturalscience.org\/wp-content\/uploads\/2014\/12\/Rauchen_Arzt.jpg\"><img loading=\"lazy\" decoding=\"async\" class=\"alignright size-medium wp-image-12921\" src=\"https:\/\/www.naturalscience.org\/wp-content\/uploads\/2014\/12\/Rauchen_Arzt-300x183.jpg\" alt=\"Rauchen\" width=\"300\" height=\"183\" srcset=\"https:\/\/www.naturalscience.org\/wp-content\/uploads\/2014\/12\/Rauchen_Arzt-300x183.jpg 300w, https:\/\/www.naturalscience.org\/wp-content\/uploads\/2014\/12\/Rauchen_Arzt-1024x625.jpg 1024w, https:\/\/www.naturalscience.org\/wp-content\/uploads\/2014\/12\/Rauchen_Arzt-164x100.jpg 164w\" sizes=\"auto, (max-width: 300px) 100vw, 300px\" \/><\/a>Le tabac est devenu un march\u00e9 qui cible principalement les jeunes&nbsp;: en effet, chaque ann\u00e9e, 90&nbsp;% des nouveaux fumeurs ont moins de 20 ans.<\/strong> Les campagnes annuelles de pr\u00e9vention anti-tabac, qui se chiffrent \u00e0 plusieurs millions d\u2019euros, ont notamment \u00e9chou\u00e9 parce que les industriels du tabac ont su adapter leurs produits au go\u00fbt et aux plaisirs de la jeune g\u00e9n\u00e9ration. Un produit, qui conduit consciemment les enfants et les adolescents \u00e0 la d\u00e9pendance et \u00e0 la toxicomanie, n\u2019a pas sa place sur notre plan\u00e8te. <strong>Nous payons tous le prix de cette tol\u00e9rance insens\u00e9e du tabac,<\/strong> que ce soit avec notre sant\u00e9, notre libert\u00e9, notre porte-monnaie \u2013 ou encore au prix de notre vie&nbsp;!<\/p>\n<p>Chaque ann\u00e9e, le tabac tue plus de personnes que les accidents de la circulation, les crimes violents, les suicides, la drogue et le SIDA, toutes causes confondues. Le co\u00fbt des d\u00e9penses de sant\u00e9 r\u00e9sultant de l\u2019usage direct du tabac repr\u00e9sentent le quart de la totalit\u00e9 des d\u00e9penses de sant\u00e9. Si la cigarette \u00e9tait un produit pharmaceutique, elle n\u2019aurait aucune chance d\u2019\u00eatre mise sur le march\u00e9 en raison de sa dangerosit\u00e9. <strong>La d\u00e9pendance \u00e0 la nicotine, avec toutes les cons\u00e9quences qu\u2019elle entra\u00eene, n\u2019est plus supportable.<\/strong> Arr\u00eater de fumer est \u00e0 la port\u00e9e de tous \u2013&nbsp;\u00a0\u00e0 l\u2019appui d&rsquo;une bonne strat\u00e9gie individuelle et avec un v\u00e9ritable soutien.<\/p>\n<div class=\"content-box green-1 width-100\">\n<div class=\"content-box-title\">Conseils pratiques pour une vie sans tabac&nbsp;:<\/div>\n<div class=\"content-box-body\">\n<ul>\n<li>Vous devez prendre conscience que fumer est bien plus qu\u2019une habitude. C\u2019est une r\u00e9elle\u00a0 d\u00e9pendance, qui, \u00e0 court ou moyen terme nuira, sans conteste, \u00e0 votre sant\u00e9.<\/li>\n<\/ul>\n<ul>\n<li>Pour vous motiver davantage, achetez une tirelire et mettez-y, au moins pendant un an, l\u2019argent que vous auriez d\u00e9pens\u00e9 pour des cigarettes. Apr\u00e8s 12 mois, vous serez agr\u00e9ablement surpris\u2026 <span class=\"more\"><i class=\"fa fa-angle-right \" ><\/i>\u00a0<a href=\"https:\/\/www.naturalscience.org\/fr\/themes\/sante\/tabagisme\/ce-que-vous-devriez-faire-pour-arreter-de-fumer\/\">plus<\/a><\/span><\/li>\n<\/ul>\n<\/div>\n<\/div>\n<p>&nbsp;<\/p>\n            <div class=\"latest-news-list hide-for-print\">\r\n                <div class=\"row\">\r\n                    <div class=\"small-24 columns \">\r\n                        <div class=\"title\">Lumi\u00e8re sur le th\u00e8me Tabagisme<\/div>\r\n\t\t\t\t\t\t\t\t\t\t\t\t\t<article class=\"news-excerpt\" id=\"post-43486\">\r\n    <div class=\"row collapse\">\r\n\r\n\t\t\r\n        <div class=\"medium-7 columns\">\r\n            <a href=\"https:\/\/www.naturalscience.org\/fr\/news\/2026\/03\/smart-fact-14\/\" title=\"Smart Fact # 14\">\r\n                <img decoding=\"async\" src=\"https:\/\/www.naturalscience.org\/wp-content\/uploads\/2026\/02\/AdobeStock_601480020SQUARE-164x164.jpg\" alt=\"\" width=\"200px\" height=\"200px\"\/>\r\n            <\/a>\r\n        <\/div>\r\n\r\n        <div class=\"medium-17 columns\">\r\n\t\t\t\r\n                <header>\r\n                    <div class=\"row collapse top\">\r\n                        <div class=\"small-12 columns\">\r\n                            <time datetime=\"2026-03-02T10:56:16+01:00\">\r\n\t\t\t\t\t\t\t\tLundi 2 mars 2026                            <\/time>\r\n                        <\/div>\r\n\t\t\t\t\t\t                    <\/div>\r\n                    <h2><a href=\"https:\/\/www.naturalscience.org\/fr\/news\/2026\/03\/smart-fact-14\/\">Smart Fact # 14<\/a><\/h2>\r\n\r\n                <\/header>\r\n                <div class=\"entry-content\">\r\n                    <p>\r\n\t                    E-cigarettes and nicotine pouches (snus) increasingly contain a chemical nicotine equivalent\u2014 by the name of 6-methylnicotine (6-MN, metatin)\u2014which may be even more addictive than conventional nicotine. Such products are marketed as \u2018nicotine-free\u2019 and are easily available online without age verification.                                            <\/p>\r\n                <\/div>\r\n            <\/div>\r\n        <\/div>\r\n<\/article>\t\t\t\t\t\t\t\t\t\t\t\t\t<article class=\"news-excerpt\" id=\"post-43484\">\r\n    <div class=\"row collapse\">\r\n\r\n\t\t\r\n        <div class=\"medium-7 columns\">\r\n            <a href=\"https:\/\/www.naturalscience.org\/fr\/news\/2026\/02\/smart-fact-13\/\" title=\"Smart Fact # 13\">\r\n                <img decoding=\"async\" src=\"https:\/\/www.naturalscience.org\/wp-content\/uploads\/2026\/02\/AdobeStock_313585044SQUARE-164x164.jpg\" alt=\"\" width=\"200px\" height=\"200px\"\/>\r\n            <\/a>\r\n        <\/div>\r\n\r\n        <div class=\"medium-17 columns\">\r\n\t\t\t\r\n                <header>\r\n                    <div class=\"row collapse top\">\r\n                        <div class=\"small-12 columns\">\r\n                            <time datetime=\"2026-02-23T11:10:02+01:00\">\r\n\t\t\t\t\t\t\t\tLundi 23 f\u00e9vrier 2026                            <\/time>\r\n                        <\/div>\r\n\t\t\t\t\t\t                    <\/div>\r\n                    <h2><a href=\"https:\/\/www.naturalscience.org\/fr\/news\/2026\/02\/smart-fact-13\/\">Smart Fact # 13<\/a><\/h2>\r\n\r\n                <\/header>\r\n                <div class=\"entry-content\">\r\n                    <p>\r\n\t                    Le snus rend aussi d\u00e9pendant que le tabac ou la cigarette \u00e9lectronique. Une cigarette contient entre 7,5 et 13,4&nbsp;mg de nicotine. Un sachet de snus (=&nbsp;0,5 \u00e0 1,5&nbsp;g) comprend entre 2 et 43&nbsp;(!)&nbsp;mg de nicotine par gramme, donc jusqu&rsquo;\u00e0 4&nbsp;fois plus de nicotine qu&rsquo;une cigarette&nbsp;! Alarmant&nbsp;: de plus en plus d&rsquo;adolescents prennent des snus et [&hellip;]                                            <\/p>\r\n                <\/div>\r\n            <\/div>\r\n        <\/div>\r\n<\/article>\t\t\t\t\t\t\t\t\t\t\t\t\t<article class=\"news-excerpt\" id=\"post-42974\">\r\n    <div class=\"row collapse\">\r\n\r\n\t\t\r\n        <div class=\"medium-7 columns\">\r\n            <a href=\"https:\/\/www.naturalscience.org\/fr\/news\/2025\/11\/smart-fact-8\/\" title=\"Smart Fact # 8\">\r\n                <img decoding=\"async\" src=\"https:\/\/www.naturalscience.org\/wp-content\/uploads\/2025\/10\/AdobeStock_621193375SQUARE-164x164.jpg\" alt=\"\" width=\"200px\" height=\"200px\"\/>\r\n            <\/a>\r\n        <\/div>\r\n\r\n        <div class=\"medium-17 columns\">\r\n\t\t\t\r\n                <header>\r\n                    <div class=\"row collapse top\">\r\n                        <div class=\"small-12 columns\">\r\n                            <time datetime=\"2025-11-24T09:39:46+01:00\">\r\n\t\t\t\t\t\t\t\tLundi 24 novembre 2025                            <\/time>\r\n                        <\/div>\r\n\t\t\t\t\t\t                    <\/div>\r\n                    <h2><a href=\"https:\/\/www.naturalscience.org\/fr\/news\/2025\/11\/smart-fact-8\/\">Smart Fact # 8<\/a><\/h2>\r\n\r\n                <\/header>\r\n                <div class=\"entry-content\">\r\n                    <p>\r\n\t                    Des billions de m\u00e9gots de cigarettes se retrouvent chaque ann\u00e9e dans l&rsquo;environnement. Ils contiennent plus de 7&nbsp;000 substances chimiques, notamment des m\u00e9taux lourds et de la nicotine. M\u00eame une pluie l\u00e9g\u00e8re emporte ces toxines des m\u00e9gots et le cocktail toxique p\u00e9n\u00e8tre dans les eaux souterraines par le biais des canalisations. Un seul m\u00e9got peut contaminer [&hellip;]                                                    <a href=\"https:\/\/www.naturalscience.org\/fr\/news\/2025\/11\/smart-fact-8\/\" class=\"more-link\">Lire plus<\/a>\r\n                                            <\/p>\r\n                <\/div>\r\n            <\/div>\r\n        <\/div>\r\n<\/article>\t\t\t\t\t\t\t\t\t\t\t\t\r\n\t\t\t\t\t\t                        <a href=\"https:\/\/www.naturalscience.org\/fr\/news\/category\/sante\/tabagisme\/\" class=\"button radius\">\r\n                            <i class=\"fa fa-angle-right\"><\/i>&nbsp;&nbsp;Lire plus                        <\/a>\r\n                    <\/div>\r\n                <\/div>\r\n            <\/div>\r\n\t\t\t\n            <div class=\"publication-list hide-for-print\">\r\n                <div class=\"row\">\r\n                    <div class=\"small-24 columns \">\r\n                        <div class=\"title\">Publications<\/div>\r\n\r\n\t\t\t\t\t\t\t\t\t\t\t\t\t\r\n\r\n<article class=\"row collapse all publication-item tabagisme sante  brochure wfns\">\r\n\r\n\t<div class=\"cover medium-7 columns\">\r\n\t\t<a href=\"https:\/\/www.naturalscience.org\/fr\/publications\/cigarettes-electroniques-aussi-dangereuses-que-le-tabac\/\">\r\n\t\t\t<img loading=\"lazy\" decoding=\"async\" src=\"https:\/\/www.naturalscience.org\/wp-content\/uploads\/2020\/06\/2019-03-12WFNSBRCHE-CIGARETTESFRWEB-2-130x300.jpg\" width=\"130\" height=\"300\">\t\t<\/a>\r\n\t<\/div>\r\n\r\n\t<div class=\"text medium-17 columns\">\r\n\r\n\t\t<div class=\"type\">\r\n\t\t\tBrochure\t\t<\/div>\r\n\r\n\t\t<div class=\"name\">\r\n\t\t\t<a href=\"https:\/\/www.naturalscience.org\/fr\/publications\/cigarettes-electroniques-aussi-dangereuses-que-le-tabac\/\">Cigarettes \u00e9lectroniques&nbsp;: Aussi dangereuses que le tabac&nbsp;!<\/a>\r\n\t\t<\/div>\r\n\r\n\t\t<p class=\"description\">\r\n\t\t\t<p>Pensez-vous que les cigarettes \u00e9lectroniques sont saines&nbsp;? Elles peuvent avoir l\u2019air cool et tendance, comme par exemple les cigarettes \u00e9lectroniques au design nouvelle g\u00e9n\u00e9ration qui ressemblent \u00e0 des cl\u00e9s USB&nbsp;! Juul, Logic, myBlu, MYLE, PHIX etc. ont un design vraiment high tech mais sont-elles sans danger&nbsp;? Juul a \u00e9t\u00e9 qualifi\u00e9e d\u2019iPhone de la cigarette \u00e9lectronique et son acceptation aux \u00c9tats-Unis est due en partie \u00e0 son apparence. L\u2019utilisation de cigarettes \u00e9lectroniques a augment\u00e9 de 78&nbsp;% en une seule ann\u00e9e dans les lyc\u00e9es o\u00f9 d\u00e9j\u00e0 3 millions de jeunes vapotent&nbsp;: c\u2019est un adolescent sur cinq&nbsp;! La FDA am\u00e9ricaine (Food and Drug Administration) a d\u00e9clar\u00e9 le vapotage comme \u00e9pid\u00e9mie et a menac\u00e9 de fortes sanctions les fabricants de cigarettes \u00e9lectroniques, en particulier Juul.<\/p>\n\t\t<\/p>\r\n\r\n\t\t<div class=\"buttons\">\r\n\t\t\t<div class=\"row collapse\">\r\n\t\t\t\t\t\t\t\t\t\t<div class=\"small-24 medium-8 columns\">\r\n\t\t\t\t\t\t\t<a href=\"https:\/\/www.naturalscience.org\/wp-content\/uploads\/2020\/06\/2019-03-12WFNSBRCHE-CIGARETTESFRWEB.pdf\" class=\"button radius primary small\" target=\"_blank\">\r\n\t\t\t\t\t\t\t\t<i class=\"fa fa-download\"><\/i>&nbsp;&nbsp;T\u00e9l\u00e9charger\t\t\t\t\t\t\t<\/a>\r\n\t\t\t\t\t\t<\/div>\r\n\t\t\t\t\t\r\n\t\t\t\t\t\t\t\t\t\t<div class=\"small-24 medium-16 columns\">\r\n\t\t\t\t\t\t<i class=\"fa fa-angle-right\"><\/i>\r\n\t\t\t\t\t\t<a href=\"https:\/\/www.naturalscience.org\/fr\/publications\/cigarettes-electroniques-aussi-dangereuses-que-le-tabac\/\" class=\"further-information\">\r\n\t\t\t\t\t\t\tAutres informations & Langues\t\t\t\t\t\t<\/a>\r\n\t\t\t\t\t<\/div>\r\n\t\t\t\t\r\n\t\t\t\t\r\n\r\n\t\t\t<\/div>\r\n\t\t<\/div>\r\n\r\n\t<\/div>\r\n<\/article>\t\t\t\t\t\t\t\t\t\t\t\t\t\r\n\r\n<article class=\"row collapse all publication-item tabagisme sante  brochure wfns\">\r\n\r\n\t<div class=\"cover medium-7 columns\">\r\n\t\t<a href=\"https:\/\/www.naturalscience.org\/fr\/publications\/cannabis-en-fumer-nest-ni-sain-ni-sans-danger\/\">\r\n\t\t\t<img loading=\"lazy\" decoding=\"async\" src=\"https:\/\/www.naturalscience.org\/wp-content\/uploads\/2019\/02\/2019-02-10WFNS-Brochure-Cannabis-french-WEB-130x300.jpg\" width=\"130\" height=\"300\">\t\t<\/a>\r\n\t<\/div>\r\n\r\n\t<div class=\"text medium-17 columns\">\r\n\r\n\t\t<div class=\"type\">\r\n\t\t\tBrochure\t\t<\/div>\r\n\r\n\t\t<div class=\"name\">\r\n\t\t\t<a href=\"https:\/\/www.naturalscience.org\/fr\/publications\/cannabis-en-fumer-nest-ni-sain-ni-sans-danger\/\">Cannabis \u2014 En fumer n\u2019est ni sain ni sans danger<\/a>\r\n\t\t<\/div>\r\n\r\n\t\t<p class=\"description\">\r\n\t\t\t<p>Le cannabis, nom biologique de la plante de chanvre, est g\u00e9n\u00e9ralement per\u00e7u comme une&nbsp;\u00ab&nbsp;drogue douce&nbsp;\u00bb avec des effets secondaires r\u00e9versibles n\u00e9gligeables qui ne rendent pas addict et ne repr\u00e9sentent pas de menace pour les autres. Qui plus est, le cannabis est une herbe m\u00e9dicinale puissante dite faisant des miracles sur le cancer, la scl\u00e9rose en plaques, les douleurs, l\u2019\u00e9pilepsie, les troubles du sommeil et beaucoup d\u2019autres maladies et affections. Bien qu\u2019il soit vrai que le cannabis est une plante utile pr\u00e9cieuse et polyvalente et qu\u2019il a d\u00e9finitivement un potentiel m\u00e9dical, il n\u2019est aucunement inoffensif et repr\u00e9sente un danger surtout pour le groupe d\u2019\u00e2ge qui en consomme le plus, la jeunesse.<\/p>\n\t\t<\/p>\r\n\r\n\t\t<div class=\"buttons\">\r\n\t\t\t<div class=\"row collapse\">\r\n\t\t\t\t\t\t\t\t\t\t<div class=\"small-24 medium-8 columns\">\r\n\t\t\t\t\t\t\t<a href=\"https:\/\/www.naturalscience.org\/wp-content\/uploads\/2019\/02\/2019-02-10WFNS-Brochure-Cannabis-french-WEB.pdf\" class=\"button radius primary small\" target=\"_blank\">\r\n\t\t\t\t\t\t\t\t<i class=\"fa fa-download\"><\/i>&nbsp;&nbsp;T\u00e9l\u00e9charger\t\t\t\t\t\t\t<\/a>\r\n\t\t\t\t\t\t<\/div>\r\n\t\t\t\t\t\r\n\t\t\t\t\t\t\t\t\t\t<div class=\"small-24 medium-16 columns\">\r\n\t\t\t\t\t\t<i class=\"fa fa-angle-right\"><\/i>\r\n\t\t\t\t\t\t<a href=\"https:\/\/www.naturalscience.org\/fr\/publications\/cannabis-en-fumer-nest-ni-sain-ni-sans-danger\/\" class=\"further-information\">\r\n\t\t\t\t\t\t\tAutres informations & Langues\t\t\t\t\t\t<\/a>\r\n\t\t\t\t\t<\/div>\r\n\t\t\t\t\r\n\t\t\t\t\r\n\r\n\t\t\t<\/div>\r\n\t\t<\/div>\r\n\r\n\t<\/div>\r\n<\/article>\t\t\t\t\t\t\t\t\t\t\t\t\r\n                    <\/div>\r\n                <\/div>\r\n            <\/div>\r\n\r\n\t\t\t\n","protected":false},"excerpt":{"rendered":"Le cannabis, nom biologique de la plante de chanvre, est g\u00e9n\u00e9ralement per\u00e7u comme une&nbsp;\u00ab&nbsp;drogue douce&nbsp;\u00bb avec des effets secondaires r\u00e9versibles n\u00e9gligeables qui ne rendent pas addict et ne repr\u00e9sentent pas de menace pour les autres. Qui plus est, le cannabis est une herbe m\u00e9dicinale puissante dite faisant des miracles sur le cancer, la scl\u00e9rose en [&hellip;]","protected":false},"author":9,"featured_media":0,"parent":16550,"menu_order":15,"comment_status":"closed","ping_status":"closed","template":"","meta":{"_acf_changed":false,"ngg_post_thumbnail":0,"footnotes":""},"categories":[199],"class_list":["post-16552","page","type-page","status-publish","hentry","category-tabagisme","wpautop"],"acf":[],"yoast_head":"<!-- This site is optimized with the Yoast SEO plugin v27.6 - https:\/\/yoast.com\/product\/yoast-seo-wordpress\/ -->\n<title>Tabagisme - The World Foundation for Natural Science<\/title>\n<meta name=\"robots\" content=\"index, follow, max-snippet:-1, max-image-preview:large, max-video-preview:-1\" \/>\n<link rel=\"canonical\" href=\"https:\/\/www.naturalscience.org\/fr\/themes\/sante\/tabagisme\/\" \/>\n<meta name=\"twitter:label1\" content=\"Dur\u00e9e de lecture estim\u00e9e\" \/>\n\t<meta name=\"twitter:data1\" content=\"2 minutes\" \/>\n<script type=\"application\/ld+json\" class=\"yoast-schema-graph\">{\"@context\":\"https:\\\/\\\/schema.org\",\"@graph\":[{\"@type\":\"WebPage\",\"@id\":\"https:\\\/\\\/www.naturalscience.org\\\/fr\\\/themes\\\/sante\\\/tabagisme\\\/\",\"url\":\"https:\\\/\\\/www.naturalscience.org\\\/fr\\\/themes\\\/sante\\\/tabagisme\\\/\",\"name\":\"Tabagisme - The World Foundation for Natural Science\",\"isPartOf\":{\"@id\":\"https:\\\/\\\/www.naturalscience.org\\\/#website\"},\"primaryImageOfPage\":{\"@id\":\"https:\\\/\\\/www.naturalscience.org\\\/fr\\\/themes\\\/sante\\\/tabagisme\\\/#primaryimage\"},\"image\":{\"@id\":\"https:\\\/\\\/www.naturalscience.org\\\/fr\\\/themes\\\/sante\\\/tabagisme\\\/#primaryimage\"},\"thumbnailUrl\":\"https:\\\/\\\/www.naturalscience.org\\\/wp-content\\\/uploads\\\/2014\\\/12\\\/Rauchen_Arzt-300x183.jpg\",\"datePublished\":\"2015-11-10T16:40:02+00:00\",\"dateModified\":\"2019-02-18T21:27:34+00:00\",\"breadcrumb\":{\"@id\":\"https:\\\/\\\/www.naturalscience.org\\\/fr\\\/themes\\\/sante\\\/tabagisme\\\/#breadcrumb\"},\"inLanguage\":\"fr-FR\",\"potentialAction\":[{\"@type\":\"ReadAction\",\"target\":[\"https:\\\/\\\/www.naturalscience.org\\\/fr\\\/themes\\\/sante\\\/tabagisme\\\/\"]}]},{\"@type\":\"ImageObject\",\"inLanguage\":\"fr-FR\",\"@id\":\"https:\\\/\\\/www.naturalscience.org\\\/fr\\\/themes\\\/sante\\\/tabagisme\\\/#primaryimage\",\"url\":\"https:\\\/\\\/www.naturalscience.org\\\/wp-content\\\/uploads\\\/2014\\\/12\\\/Rauchen_Arzt-300x183.jpg\",\"contentUrl\":\"https:\\\/\\\/www.naturalscience.org\\\/wp-content\\\/uploads\\\/2014\\\/12\\\/Rauchen_Arzt-300x183.jpg\"},{\"@type\":\"BreadcrumbList\",\"@id\":\"https:\\\/\\\/www.naturalscience.org\\\/fr\\\/themes\\\/sante\\\/tabagisme\\\/#breadcrumb\",\"itemListElement\":[{\"@type\":\"ListItem\",\"position\":1,\"name\":\"Home\",\"item\":\"https:\\\/\\\/www.naturalscience.org\\\/fr\\\/\"},{\"@type\":\"ListItem\",\"position\":2,\"name\":\"Th\u00e8mes\",\"item\":\"https:\\\/\\\/www.naturalscience.org\\\/fr\\\/themes\\\/\"},{\"@type\":\"ListItem\",\"position\":3,\"name\":\"Sant\u00e9\",\"item\":\"https:\\\/\\\/www.naturalscience.org\\\/fr\\\/themes\\\/sante\\\/\"},{\"@type\":\"ListItem\",\"position\":4,\"name\":\"Tabagisme\"}]},{\"@type\":\"WebSite\",\"@id\":\"https:\\\/\\\/www.naturalscience.org\\\/#website\",\"url\":\"https:\\\/\\\/www.naturalscience.org\\\/\",\"name\":\"The World Foundation for Natural Science\",\"description\":\"Restoring and Healing the World through Responsibility and Commitment in accord with Natural and Divine Law!\",\"potentialAction\":[{\"@type\":\"SearchAction\",\"target\":{\"@type\":\"EntryPoint\",\"urlTemplate\":\"https:\\\/\\\/www.naturalscience.org\\\/?s={search_term_string}\"},\"query-input\":{\"@type\":\"PropertyValueSpecification\",\"valueRequired\":true,\"valueName\":\"search_term_string\"}}],\"inLanguage\":\"fr-FR\"}]}<\/script>\n<!-- \/ Yoast SEO plugin. -->","yoast_head_json":{"title":"Tabagisme - The World Foundation for Natural Science","robots":{"index":"index","follow":"follow","max-snippet":"max-snippet:-1","max-image-preview":"max-image-preview:large","max-video-preview":"max-video-preview:-1"},"canonical":"https:\/\/www.naturalscience.org\/fr\/themes\/sante\/tabagisme\/","twitter_misc":{"Dur\u00e9e de lecture estim\u00e9e":"2 minutes"},"schema":{"@context":"https:\/\/schema.org","@graph":[{"@type":"WebPage","@id":"https:\/\/www.naturalscience.org\/fr\/themes\/sante\/tabagisme\/","url":"https:\/\/www.naturalscience.org\/fr\/themes\/sante\/tabagisme\/","name":"Tabagisme - The World Foundation for Natural Science","isPartOf":{"@id":"https:\/\/www.naturalscience.org\/#website"},"primaryImageOfPage":{"@id":"https:\/\/www.naturalscience.org\/fr\/themes\/sante\/tabagisme\/#primaryimage"},"image":{"@id":"https:\/\/www.naturalscience.org\/fr\/themes\/sante\/tabagisme\/#primaryimage"},"thumbnailUrl":"https:\/\/www.naturalscience.org\/wp-content\/uploads\/2014\/12\/Rauchen_Arzt-300x183.jpg","datePublished":"2015-11-10T16:40:02+00:00","dateModified":"2019-02-18T21:27:34+00:00","breadcrumb":{"@id":"https:\/\/www.naturalscience.org\/fr\/themes\/sante\/tabagisme\/#breadcrumb"},"inLanguage":"fr-FR","potentialAction":[{"@type":"ReadAction","target":["https:\/\/www.naturalscience.org\/fr\/themes\/sante\/tabagisme\/"]}]},{"@type":"ImageObject","inLanguage":"fr-FR","@id":"https:\/\/www.naturalscience.org\/fr\/themes\/sante\/tabagisme\/#primaryimage","url":"https:\/\/www.naturalscience.org\/wp-content\/uploads\/2014\/12\/Rauchen_Arzt-300x183.jpg","contentUrl":"https:\/\/www.naturalscience.org\/wp-content\/uploads\/2014\/12\/Rauchen_Arzt-300x183.jpg"},{"@type":"BreadcrumbList","@id":"https:\/\/www.naturalscience.org\/fr\/themes\/sante\/tabagisme\/#breadcrumb","itemListElement":[{"@type":"ListItem","position":1,"name":"Home","item":"https:\/\/www.naturalscience.org\/fr\/"},{"@type":"ListItem","position":2,"name":"Th\u00e8mes","item":"https:\/\/www.naturalscience.org\/fr\/themes\/"},{"@type":"ListItem","position":3,"name":"Sant\u00e9","item":"https:\/\/www.naturalscience.org\/fr\/themes\/sante\/"},{"@type":"ListItem","position":4,"name":"Tabagisme"}]},{"@type":"WebSite","@id":"https:\/\/www.naturalscience.org\/#website","url":"https:\/\/www.naturalscience.org\/","name":"The World Foundation for Natural Science","description":"Restoring and Healing the World through Responsibility and Commitment in accord with Natural and Divine Law!","potentialAction":[{"@type":"SearchAction","target":{"@type":"EntryPoint","urlTemplate":"https:\/\/www.naturalscience.org\/?s={search_term_string}"},"query-input":{"@type":"PropertyValueSpecification","valueRequired":true,"valueName":"search_term_string"}}],"inLanguage":"fr-FR"}]}},"_links":{"self":[{"href":"https:\/\/www.naturalscience.org\/fr\/wp-json\/wp\/v2\/pages\/16552","targetHints":{"allow":["GET"]}}],"collection":[{"href":"https:\/\/www.naturalscience.org\/fr\/wp-json\/wp\/v2\/pages"}],"about":[{"href":"https:\/\/www.naturalscience.org\/fr\/wp-json\/wp\/v2\/types\/page"}],"author":[{"embeddable":true,"href":"https:\/\/www.naturalscience.org\/fr\/wp-json\/wp\/v2\/users\/9"}],"replies":[{"embeddable":true,"href":"https:\/\/www.naturalscience.org\/fr\/wp-json\/wp\/v2\/comments?post=16552"}],"version-history":[{"count":9,"href":"https:\/\/www.naturalscience.org\/fr\/wp-json\/wp\/v2\/pages\/16552\/revisions"}],"predecessor-version":[{"id":29201,"href":"https:\/\/www.naturalscience.org\/fr\/wp-json\/wp\/v2\/pages\/16552\/revisions\/29201"}],"up":[{"embeddable":true,"href":"https:\/\/www.naturalscience.org\/fr\/wp-json\/wp\/v2\/pages\/16550"}],"wp:attachment":[{"href":"https:\/\/www.naturalscience.org\/fr\/wp-json\/wp\/v2\/media?parent=16552"}],"wp:term":[{"taxonomy":"category","embeddable":true,"href":"https:\/\/www.naturalscience.org\/fr\/wp-json\/wp\/v2\/categories?post=16552"}],"curies":[{"name":"wp","href":"https:\/\/api.w.org\/{rel}","templated":true}]}}