{"id":16550,"date":"2015-11-10T17:38:49","date_gmt":"2015-11-10T16:38:49","guid":{"rendered":"http:\/\/www.naturalscience.org\/?page_id=16550"},"modified":"2022-12-14T14:45:24","modified_gmt":"2022-12-14T13:45:24","slug":"sante","status":"publish","type":"page","link":"https:\/\/www.naturalscience.org\/fr\/themes\/sante\/","title":{"rendered":"Sant\u00e9"},"content":{"rendered":"<p>Le corps physique n\u2019est pas simplement un produit biochimique de l\u2019\u00e9volution cr\u00e9\u00e9 par hasard&nbsp;: il est plut\u00f4t un compagnon fid\u00e8le hautement sp\u00e9cialis\u00e9 sur notre chemin de vie personnel. Son intelligence et ses capacit\u00e9s surpassent de loin notre compr\u00e9hension. En tant qu\u2019humain, il est donc de notre devoir essentiel d\u2019apprendre \u00e0 avoir une bonne relation et collaboration avec notre corps. En effet, par le biais de cette collaboration, nous pouvons en apprendre \u00e9norm\u00e9ment sur nous-m\u00eames, sur la Nature et sur la vie.<br \/>\n<strong>La sant\u00e9 est notre plus grand bien et ne devrait jamais \u00eatre consid\u00e9r\u00e9e comme acquise.<\/strong> Puisque nous sommes expos\u00e9s chaque jour \u00e0 de nombreuses influences malsaines, cela demande notre attention permanente pour maintenir notre sant\u00e9 physique et \u00e9galement notre sant\u00e9 spirituelle et morale.<\/p>\n<div class=\"content-box green-1 width-60 right\">\n<div class=\"content-box-title\">Conseils pratiques pour une vie saine&nbsp;:<\/div>\n<div class=\"content-box-body\">\n<ul>\n<li>Buvez suffisamment d\u2019eau pendant la journ\u00e9e (40&nbsp;ml\/kg de poids corporel). Pr\u00e9f\u00e9rez l\u2019eau du robinet, si de bonne qualit\u00e9. Y rajoutez&nbsp;\u00bc de cuill\u00e8re \u00e0 caf\u00e9 par litre d\u2019eau de sel naturel (marin ou gemme, pas de sel raffin\u00e9) et\/ou salez bien vos plats si vous \u00eates en bonne sant\u00e9. Cela aide vos cellules \u00e0 mieux absorber l\u2019eau. Les personnes habitant dans une r\u00e9gion pauvre en iode devront faire attention \u00e0 un apport d\u2019iode suffisant dans leur alimentation&#8230; <span class=\"more\"><i class=\"fa fa-angle-right \" ><\/i>&nbsp;<a title=\"What you can do for better health\" href=\"https:\/\/www.naturalscience.org\/fr\/themes\/sante\/ce-que-vous-pouvez-faire-pour-etre-en-bonne-sante\/\">plus<\/a><\/span><\/li>\n<\/ul>\n<\/div>\n<\/div>\n<p>Les pouvoirs \u00e9normes d\u2019auto-gu\u00e9rison de notre corps ne peuvent seulement se d\u00e9ployer compl\u00e8tement qu\u2019avec l\u2019aide des cadeaux de la Nature tels que l\u2019eau, l\u2019air, la lumi\u00e8re du soleil mais aussi les aliments, les plantes m\u00e9dicinales et les nutriments qui sont tous fournis \u00e0 partir des quatre \u00e9l\u00e9ments. <strong>Seule une Nature intacte peut fournir tout ce dont nous avons besoin pour notre sant\u00e9 et notre gu\u00e9rison en quantit\u00e9 et en qualit\u00e9.<\/strong> Tout comme nous sommes responsables de notre corps, il est de notre responsabilit\u00e9 de coop\u00e9rer avec la Nature, de la garder en bonne sant\u00e9 et si n\u00e9cessaire, de r\u00e9tablir l\u2019ordre naturel.<\/p>\n<p><strong>La m\u00e9decine de demain, c\u2019est la pr\u00e9vention.<\/strong><\/p>\n<p>Si vous avez des probl\u00e8mes de sant\u00e9, n\u2019h\u00e9sitez pas \u00e0 nous contacter par t\u00e9l\u00e9phone ou \u00e0 l\u2019adresse <a href=\"mailto:health@naturalscience.org\">health@naturalscience.org<\/a>. Nous travaillons avec un groupe de sp\u00e9cialistes, docteurs et th\u00e9rapeutes qui vous apporteront des conseils adapt\u00e9s sur vos questions de sant\u00e9.<\/p>\n\r\n\t        <div class=\"subpages-grid\">\r\n\r\n            <ul class=\"small-block-grid-1 medium-block-grid-2\">\r\n\t\t\t\t                        <li>\r\n\r\n\t\t\t\t\t\t\t                                <a href=\"https:\/\/www.naturalscience.org\/fr\/themes\/sante\/coronavirus\/\"><img loading=\"lazy\" decoding=\"async\" src=\"https:\/\/www.naturalscience.org\/wp-content\/uploads\/2021\/01\/header-topic-covid19-300x68.jpg\"\r\n                                                                         width=\"300\"\r\n                                                                         height=\"68\"\/><\/a>\r\n\t\t\t\t\t\t\t\r\n                            <h2><a href=\"https:\/\/www.naturalscience.org\/fr\/themes\/sante\/coronavirus\/\">D\u2019actualit\u00e9&nbsp;: Coronavirus<\/a><\/h2>\r\n\r\n                            <ul class=\"fa-ul\">\r\n\t\t\t\t\t\t\t\t                            <\/ul>\r\n                        <\/li>\r\n\t\t\t\t\t\t\t\t\t\t\t\t\t                        <li>\r\n\r\n\t\t\t\t\t\t\t                                <a href=\"https:\/\/www.naturalscience.org\/fr\/themes\/sante\/tabagisme\/\"><img loading=\"lazy\" decoding=\"async\" src=\"https:\/\/www.naturalscience.org\/wp-content\/uploads\/2015\/02\/header-smoking-300x68.jpg\"\r\n                                                                         width=\"300\"\r\n                                                                         height=\"68\"\/><\/a>\r\n\t\t\t\t\t\t\t\r\n                            <h2><a href=\"https:\/\/www.naturalscience.org\/fr\/themes\/sante\/tabagisme\/\">Tabagisme<\/a><\/h2>\r\n\r\n                            <ul class=\"fa-ul\">\r\n\t\t\t\t\t\t\t\t\t\t\t\t\t\t\t\t\t\t\t\t\t\t\t\t\t\t\t\t\t\t\t\t\t\t                            <\/ul>\r\n                        <\/li>\r\n\t\t\t\t\t\t\t\t\t                        <li>\r\n\r\n\t\t\t\t\t\t\t                                <a href=\"https:\/\/www.naturalscience.org\/fr\/themes\/sante\/cancer-du-sein\/\"><img loading=\"lazy\" decoding=\"async\" src=\"https:\/\/www.naturalscience.org\/wp-content\/uploads\/2022\/12\/AdobeStock_474745584WEB-300x68.jpg\"\r\n                                                                         width=\"300\"\r\n                                                                         height=\"68\"\/><\/a>\r\n\t\t\t\t\t\t\t\r\n                            <h2><a href=\"https:\/\/www.naturalscience.org\/fr\/themes\/sante\/cancer-du-sein\/\">Cancer du sein<\/a><\/h2>\r\n\r\n                            <ul class=\"fa-ul\">\r\n\t\t\t\t\t\t\t\t\t\t\t\t\t\t\t\t\t\t\t\t\t\t\t\t\t\t\t\t\t\t\t\t\t\t                            <\/ul>\r\n                        <\/li>\r\n\t\t\t\t\t\t\t\t\t                        <li>\r\n\r\n\t\t\t\t\t\t\t                                <a href=\"https:\/\/www.naturalscience.org\/fr\/themes\/sante\/naissance-naturelle\/\"><img loading=\"lazy\" decoding=\"async\" src=\"https:\/\/www.naturalscience.org\/wp-content\/uploads\/2015\/02\/header-natural-birh-300x68.jpg\"\r\n                                                                         width=\"300\"\r\n                                                                         height=\"68\"\/><\/a>\r\n\t\t\t\t\t\t\t\r\n                            <h2><a href=\"https:\/\/www.naturalscience.org\/fr\/themes\/sante\/naissance-naturelle\/\">Naissance naturelle<\/a><\/h2>\r\n\r\n                            <ul class=\"fa-ul\">\r\n\t\t\t\t\t\t\t\t\t\t\t\t\t\t\t\t\t\t\t\t\t\t\t\t\t\t\t\t\t\t\t\t\t\t                            <\/ul>\r\n                        <\/li>\r\n\t\t\t\t\t\t\t\t\t                        <li>\r\n\r\n\t\t\t\t\t\t\t                                <a href=\"https:\/\/www.naturalscience.org\/fr\/themes\/sante\/glyconutriments\/\"><img loading=\"lazy\" decoding=\"async\" src=\"https:\/\/www.naturalscience.org\/wp-content\/uploads\/2015\/02\/header-glykoscience-300x68.jpg\"\r\n                                                                         width=\"300\"\r\n                                                                         height=\"68\"\/><\/a>\r\n\t\t\t\t\t\t\t\r\n                            <h2><a href=\"https:\/\/www.naturalscience.org\/fr\/themes\/sante\/glyconutriments\/\">Glyconutriments<\/a><\/h2>\r\n\r\n                            <ul class=\"fa-ul\">\r\n\t\t\t\t\t\t\t\t                            <\/ul>\r\n                        <\/li>\r\n\t\t\t\t\t\t\t\t\t                        <li>\r\n\r\n\t\t\t\t\t\t\t                                <a href=\"https:\/\/www.naturalscience.org\/fr\/themes\/sante\/fleurs-de-bach\/\"><img loading=\"lazy\" decoding=\"async\" src=\"https:\/\/www.naturalscience.org\/wp-content\/uploads\/2015\/02\/header-bach-flowers-10-crab-apple-300x68.jpg\"\r\n                                                                         width=\"300\"\r\n                                                                         height=\"68\"\/><\/a>\r\n\t\t\t\t\t\t\t\r\n                            <h2><a href=\"https:\/\/www.naturalscience.org\/fr\/themes\/sante\/fleurs-de-bach\/\">Fleurs de Bach<\/a><\/h2>\r\n\r\n                            <ul class=\"fa-ul\">\r\n\t\t\t\t\t\t\t\t\t\t\t\t\t\t\t\t\t\t\t\t\t\t\t\t\t\t\t\t\t\t\t\t\t\t                            <\/ul>\r\n                        <\/li>\r\n\t\t\t\t\t\t\t\t\t                        <li>\r\n\r\n\t\t\t\t\t\t\t                                <a href=\"https:\/\/www.naturalscience.org\/fr\/themes\/sante\/internet-medias-sociaux\/\"><img loading=\"lazy\" decoding=\"async\" src=\"https:\/\/www.naturalscience.org\/wp-content\/uploads\/2022\/12\/iStock_000019512727_cut-300x68.jpg\"\r\n                                                                         width=\"300\"\r\n                                                                         height=\"68\"\/><\/a>\r\n\t\t\t\t\t\t\t\r\n                            <h2><a href=\"https:\/\/www.naturalscience.org\/fr\/themes\/sante\/internet-medias-sociaux\/\">Internet &#038; M\u00e9dias sociaux<\/a><\/h2>\r\n\r\n                            <ul class=\"fa-ul\">\r\n\t\t\t\t\t\t\t\t\t\t\t\t\t\t\t\t\t\t\t\t\t\t\t\t\t\t\t\t\t\t\t\t\t\t                            <\/ul>\r\n                        <\/li>\r\n\t\t\t\t\t\t\t\t\t            <\/ul>\r\n        <\/div>\r\n\t\r\n\t\r\n\t\n\n\n","protected":false},"excerpt":{"rendered":"Nous avons list\u00e9 ci-dessous pour vous et votre enfant quelques conseils pour naviguer en s\u00e9curit\u00e9 et de fa\u00e7on responsable sur Internet et sur les m\u00e9dias sociaux: Parlez \u00e0 votre enfant de l\u2019Internet et de ses c\u00f4t\u00e9s sombres. Une utilisation responsable de l\u2019Internet et des m\u00e9dias sociaux ne peut \u00eatre assur\u00e9e que si votre enfant est [&hellip;]","protected":false},"author":9,"featured_media":0,"parent":16543,"menu_order":25,"comment_status":"closed","ping_status":"closed","template":"","meta":{"_acf_changed":false,"ngg_post_thumbnail":0,"footnotes":""},"categories":[204],"class_list":["post-16550","page","type-page","status-publish","hentry","category-sante","wpautop"],"acf":[],"yoast_head":"<!-- This site is optimized with the Yoast SEO plugin v27.5 - https:\/\/yoast.com\/product\/yoast-seo-wordpress\/ -->\n<title>Sant\u00e9 - The World Foundation for Natural Science<\/title>\n<meta name=\"robots\" content=\"index, follow, max-snippet:-1, max-image-preview:large, max-video-preview:-1\" \/>\n<link rel=\"canonical\" href=\"https:\/\/www.naturalscience.org\/fr\/themes\/sante\/\" \/>\n<meta name=\"twitter:label1\" content=\"Dur\u00e9e de lecture estim\u00e9e\" \/>\n\t<meta name=\"twitter:data1\" content=\"2 minutes\" \/>\n<script type=\"application\/ld+json\" class=\"yoast-schema-graph\">{\"@context\":\"https:\\\/\\\/schema.org\",\"@graph\":[{\"@type\":\"WebPage\",\"@id\":\"https:\\\/\\\/www.naturalscience.org\\\/fr\\\/themes\\\/sante\\\/\",\"url\":\"https:\\\/\\\/www.naturalscience.org\\\/fr\\\/themes\\\/sante\\\/\",\"name\":\"Sant\u00e9 - The World Foundation for Natural Science\",\"isPartOf\":{\"@id\":\"https:\\\/\\\/www.naturalscience.org\\\/#website\"},\"datePublished\":\"2015-11-10T16:38:49+00:00\",\"dateModified\":\"2022-12-14T13:45:24+00:00\",\"breadcrumb\":{\"@id\":\"https:\\\/\\\/www.naturalscience.org\\\/fr\\\/themes\\\/sante\\\/#breadcrumb\"},\"inLanguage\":\"fr-FR\",\"potentialAction\":[{\"@type\":\"ReadAction\",\"target\":[\"https:\\\/\\\/www.naturalscience.org\\\/fr\\\/themes\\\/sante\\\/\"]}]},{\"@type\":\"BreadcrumbList\",\"@id\":\"https:\\\/\\\/www.naturalscience.org\\\/fr\\\/themes\\\/sante\\\/#breadcrumb\",\"itemListElement\":[{\"@type\":\"ListItem\",\"position\":1,\"name\":\"Home\",\"item\":\"https:\\\/\\\/www.naturalscience.org\\\/fr\\\/\"},{\"@type\":\"ListItem\",\"position\":2,\"name\":\"Th\u00e8mes\",\"item\":\"https:\\\/\\\/www.naturalscience.org\\\/fr\\\/themes\\\/\"},{\"@type\":\"ListItem\",\"position\":3,\"name\":\"Sant\u00e9\"}]},{\"@type\":\"WebSite\",\"@id\":\"https:\\\/\\\/www.naturalscience.org\\\/#website\",\"url\":\"https:\\\/\\\/www.naturalscience.org\\\/\",\"name\":\"The World Foundation for Natural Science\",\"description\":\"Restoring and Healing the World through Responsibility and Commitment in accord with Natural and Divine Law!\",\"potentialAction\":[{\"@type\":\"SearchAction\",\"target\":{\"@type\":\"EntryPoint\",\"urlTemplate\":\"https:\\\/\\\/www.naturalscience.org\\\/?s={search_term_string}\"},\"query-input\":{\"@type\":\"PropertyValueSpecification\",\"valueRequired\":true,\"valueName\":\"search_term_string\"}}],\"inLanguage\":\"fr-FR\"}]}<\/script>\n<!-- \/ Yoast SEO plugin. -->","yoast_head_json":{"title":"Sant\u00e9 - The World Foundation for Natural Science","robots":{"index":"index","follow":"follow","max-snippet":"max-snippet:-1","max-image-preview":"max-image-preview:large","max-video-preview":"max-video-preview:-1"},"canonical":"https:\/\/www.naturalscience.org\/fr\/themes\/sante\/","twitter_misc":{"Dur\u00e9e de lecture estim\u00e9e":"2 minutes"},"schema":{"@context":"https:\/\/schema.org","@graph":[{"@type":"WebPage","@id":"https:\/\/www.naturalscience.org\/fr\/themes\/sante\/","url":"https:\/\/www.naturalscience.org\/fr\/themes\/sante\/","name":"Sant\u00e9 - The World Foundation for Natural Science","isPartOf":{"@id":"https:\/\/www.naturalscience.org\/#website"},"datePublished":"2015-11-10T16:38:49+00:00","dateModified":"2022-12-14T13:45:24+00:00","breadcrumb":{"@id":"https:\/\/www.naturalscience.org\/fr\/themes\/sante\/#breadcrumb"},"inLanguage":"fr-FR","potentialAction":[{"@type":"ReadAction","target":["https:\/\/www.naturalscience.org\/fr\/themes\/sante\/"]}]},{"@type":"BreadcrumbList","@id":"https:\/\/www.naturalscience.org\/fr\/themes\/sante\/#breadcrumb","itemListElement":[{"@type":"ListItem","position":1,"name":"Home","item":"https:\/\/www.naturalscience.org\/fr\/"},{"@type":"ListItem","position":2,"name":"Th\u00e8mes","item":"https:\/\/www.naturalscience.org\/fr\/themes\/"},{"@type":"ListItem","position":3,"name":"Sant\u00e9"}]},{"@type":"WebSite","@id":"https:\/\/www.naturalscience.org\/#website","url":"https:\/\/www.naturalscience.org\/","name":"The World Foundation for Natural Science","description":"Restoring and Healing the World through Responsibility and Commitment in accord with Natural and Divine Law!","potentialAction":[{"@type":"SearchAction","target":{"@type":"EntryPoint","urlTemplate":"https:\/\/www.naturalscience.org\/?s={search_term_string}"},"query-input":{"@type":"PropertyValueSpecification","valueRequired":true,"valueName":"search_term_string"}}],"inLanguage":"fr-FR"}]}},"_links":{"self":[{"href":"https:\/\/www.naturalscience.org\/fr\/wp-json\/wp\/v2\/pages\/16550","targetHints":{"allow":["GET"]}}],"collection":[{"href":"https:\/\/www.naturalscience.org\/fr\/wp-json\/wp\/v2\/pages"}],"about":[{"href":"https:\/\/www.naturalscience.org\/fr\/wp-json\/wp\/v2\/types\/page"}],"author":[{"embeddable":true,"href":"https:\/\/www.naturalscience.org\/fr\/wp-json\/wp\/v2\/users\/9"}],"replies":[{"embeddable":true,"href":"https:\/\/www.naturalscience.org\/fr\/wp-json\/wp\/v2\/comments?post=16550"}],"version-history":[{"count":12,"href":"https:\/\/www.naturalscience.org\/fr\/wp-json\/wp\/v2\/pages\/16550\/revisions"}],"predecessor-version":[{"id":38349,"href":"https:\/\/www.naturalscience.org\/fr\/wp-json\/wp\/v2\/pages\/16550\/revisions\/38349"}],"up":[{"embeddable":true,"href":"https:\/\/www.naturalscience.org\/fr\/wp-json\/wp\/v2\/pages\/16543"}],"wp:attachment":[{"href":"https:\/\/www.naturalscience.org\/fr\/wp-json\/wp\/v2\/media?parent=16550"}],"wp:term":[{"taxonomy":"category","embeddable":true,"href":"https:\/\/www.naturalscience.org\/fr\/wp-json\/wp\/v2\/categories?post=16550"}],"curies":[{"name":"wp","href":"https:\/\/api.w.org\/{rel}","templated":true}]}}