{"id":16543,"date":"2015-11-10T17:35:20","date_gmt":"2015-11-10T16:35:20","guid":{"rendered":"http:\/\/www.naturalscience.org\/?page_id=16543"},"modified":"2023-01-11T10:18:51","modified_gmt":"2023-01-11T09:18:51","slug":"themes","status":"publish","type":"page","link":"https:\/\/www.naturalscience.org\/fr\/themes\/","title":{"rendered":"Th\u00e8mes"},"content":{"rendered":"\r\n\t        <div class=\"subpages-grid\">\r\n\r\n            <ul class=\"small-block-grid-1 medium-block-grid-2\">\r\n\t\t\t\t                        <li>\r\n\r\n\t\t\t\t\t\t\t                                <a href=\"https:\/\/www.naturalscience.org\/fr\/themes\/sante\/\"><img loading=\"lazy\" decoding=\"async\" src=\"https:\/\/www.naturalscience.org\/wp-content\/uploads\/2022\/12\/NATURE-HERBS-300x68.jpg\"\r\n                                                                         width=\"300\"\r\n                                                                         height=\"68\"\/><\/a>\r\n\t\t\t\t\t\t\t\r\n                            <h2><a href=\"https:\/\/www.naturalscience.org\/fr\/themes\/sante\/\">Sant\u00e9<\/a><\/h2>\r\n\r\n                            <ul class=\"fa-ul\">\r\n\t\t\t\t\t\t\t\t\t\t\t\t\t\t\t\t\t                                            <li><i class=\"fa-li fa fa-angle-right\"><\/i>\r\n                                                <a href=\"https:\/\/www.naturalscience.org\/fr\/themes\/sante\/coronavirus\/\">D\u2019actualit\u00e9&nbsp;: Coronavirus<\/a>\r\n                                                <!--                                    <br\/>-->\r\n                                                <!--                                    -->                                            <\/li>\r\n\t\t\t\t\t\t\t\t\t\t\t\t\t\t\t\t\t\t\t\t\t\t\t\t\t\t\t\t                                            <li><i class=\"fa-li fa fa-angle-right\"><\/i>\r\n                                                <a href=\"https:\/\/www.naturalscience.org\/fr\/themes\/sante\/tabagisme\/\">Tabagisme<\/a>\r\n                                                <!--                                    <br\/>-->\r\n                                                <!--                                    -->                                            <\/li>\r\n\t\t\t\t\t\t\t\t\t\t\t\t\t\t\t\t\t\t\t                                            <li><i class=\"fa-li fa fa-angle-right\"><\/i>\r\n                                                <a href=\"https:\/\/www.naturalscience.org\/fr\/themes\/sante\/cancer-du-sein\/\">Cancer du sein<\/a>\r\n                                                <!--                                    <br\/>-->\r\n                                                <!--                                    -->                                            <\/li>\r\n\t\t\t\t\t\t\t\t\t\t\t\t\t\t\t\t\t\t\t                                            <li><i class=\"fa-li fa fa-angle-right\"><\/i>\r\n                                                <a href=\"https:\/\/www.naturalscience.org\/fr\/themes\/sante\/naissance-naturelle\/\">Naissance naturelle<\/a>\r\n                                                <!--                                    <br\/>-->\r\n                                                <!--                                    -->                                            <\/li>\r\n\t\t\t\t\t\t\t\t\t\t\t\t\t\t\t\t\t\t\t                                            <li><i class=\"fa-li fa fa-angle-right\"><\/i>\r\n                                                <a href=\"https:\/\/www.naturalscience.org\/fr\/themes\/sante\/glyconutriments\/\">Glyconutriments<\/a>\r\n                                                <!--                                    <br\/>-->\r\n                                                <!--                                    -->                                            <\/li>\r\n\t\t\t\t\t\t\t\t\t\t\t\t\t\t\t\t\t\t\t                                            <li><i class=\"fa-li fa fa-angle-right\"><\/i>\r\n                                                <a href=\"https:\/\/www.naturalscience.org\/fr\/themes\/sante\/fleurs-de-bach\/\">Fleurs de Bach<\/a>\r\n                                                <!--                                    <br\/>-->\r\n                                                <!--                                    -->                                            <\/li>\r\n\t\t\t\t\t\t\t\t\t\t\t\t\t\t\t\t\t\t\t                                            <li><i class=\"fa-li fa fa-angle-right\"><\/i>\r\n                                                <a href=\"https:\/\/www.naturalscience.org\/fr\/themes\/sante\/internet-medias-sociaux\/\">Internet &#038; M\u00e9dias sociaux<\/a>\r\n                                                <!--                                    <br\/>-->\r\n                                                <!--                                    -->                                            <\/li>\r\n\t\t\t\t\t\t\t\t\t\t\t\t\t\t\t\t\t\t\t\t\t\t\t\t\t\t\t                            <\/ul>\r\n                        <\/li>\r\n\t\t\t\t\t\t\t\t\t                        <li>\r\n\r\n\t\t\t\t\t\t\t                                <a href=\"https:\/\/www.naturalscience.org\/fr\/themes\/micro-ondes-communications-mobiles\/\"><img loading=\"lazy\" decoding=\"async\" src=\"https:\/\/www.naturalscience.org\/wp-content\/uploads\/2022\/12\/AdobeStock_358426491-300x68.jpg\"\r\n                                                                         width=\"300\"\r\n                                                                         height=\"68\"\/><\/a>\r\n\t\t\t\t\t\t\t\r\n                            <h2><a href=\"https:\/\/www.naturalscience.org\/fr\/themes\/micro-ondes-communications-mobiles\/\">Micro-ondes &#038;  communications mobiles<\/a><\/h2>\r\n\r\n                            <ul class=\"fa-ul\">\r\n\t\t\t\t\t\t\t\t\t\t\t\t\t\t\t\t\t\t\t\t\t\t\t\t\t\t                                            <li><i class=\"fa-li fa fa-angle-right\"><\/i>\r\n                                                <a href=\"https:\/\/www.naturalscience.org\/fr\/themes\/micro-ondes-communications-mobiles\/5g\/\">5G<\/a>\r\n                                                <!--                                    <br\/>-->\r\n                                                <!--                                    -->                                            <\/li>\r\n\t\t\t\t\t\t\t\t\t\t\t\t\t\t\t\t\t\t\t                                            <li><i class=\"fa-li fa fa-angle-right\"><\/i>\r\n                                                <a href=\"https:\/\/www.naturalscience.org\/fr\/themes\/micro-ondes-communications-mobiles\/fours-micro-ondes\/\">Fours micro-ondes<\/a>\r\n                                                <!--                                    <br\/>-->\r\n                                                <!--                                    -->                                            <\/li>\r\n\t\t\t\t\t\t\t\t\t\t\t\t\t\t\t\t\t\t\t                                            <li><i class=\"fa-li fa fa-angle-right\"><\/i>\r\n                                                <a href=\"https:\/\/www.naturalscience.org\/fr\/themes\/micro-ondes-communications-mobiles\/cuisiniere-a-induction\/\">Cuisini\u00e8re \u00e0 induction<\/a>\r\n                                                <!--                                    <br\/>-->\r\n                                                <!--                                    -->                                            <\/li>\r\n\t\t\t\t\t\t\t\t\t\t\t\t\t\t\t\t\t\t\t                                            <li><i class=\"fa-li fa fa-angle-right\"><\/i>\r\n                                                <a href=\"https:\/\/www.naturalscience.org\/fr\/themes\/micro-ondes-communications-mobiles\/micro-ondes-eau\/\">Micro-ondes &#038; Eau<\/a>\r\n                                                <!--                                    <br\/>-->\r\n                                                <!--                                    -->                                            <\/li>\r\n\t\t\t\t\t\t\t\t\t\t\t\t\t\t\t\t\t\t\t                                            <li><i class=\"fa-li fa fa-angle-right\"><\/i>\r\n                                                <a href=\"https:\/\/www.naturalscience.org\/fr\/themes\/micro-ondes-communications-mobiles\/jeunesse-telephones-portables\/\">Jeunesse &#038; t\u00e9l\u00e9phones portables<\/a>\r\n                                                <!--                                    <br\/>-->\r\n                                                <!--                                    -->                                            <\/li>\r\n\t\t\t\t\t\t\t\t\t\t\t\t\t\t\t\t\t\t\t                                            <li><i class=\"fa-li fa fa-angle-right\"><\/i>\r\n                                                <a href=\"https:\/\/www.naturalscience.org\/fr\/themes\/micro-ondes-communications-mobiles\/appareils-de-communication-mobile\/\">Appareils de communication mobile<\/a>\r\n                                                <!--                                    <br\/>-->\r\n                                                <!--                                    -->                                            <\/li>\r\n\t\t\t\t\t\t\t\t\t\t\t\t\t\t\t\t\t\t\t\t\t\t\t\t\t\t\t                            <\/ul>\r\n                        <\/li>\r\n\t\t\t\t\t\t\t\t\t                        <li>\r\n\r\n\t\t\t\t\t\t\t                                <a href=\"https:\/\/www.naturalscience.org\/fr\/themes\/agriculture-naturelle\/\"><img loading=\"lazy\" decoding=\"async\" src=\"https:\/\/www.naturalscience.org\/wp-content\/uploads\/2015\/02\/header-natural-agriculture-300x68.jpg\"\r\n                                                                         width=\"300\"\r\n                                                                         height=\"68\"\/><\/a>\r\n\t\t\t\t\t\t\t\r\n                            <h2><a href=\"https:\/\/www.naturalscience.org\/fr\/themes\/agriculture-naturelle\/\">Agriculture naturelle<\/a><\/h2>\r\n\r\n                            <ul class=\"fa-ul\">\r\n\t\t\t\t\t\t\t\t\t\t\t\t\t\t\t\t\t                                            <li><i class=\"fa-li fa fa-angle-right\"><\/i>\r\n                                                <a href=\"https:\/\/www.naturalscience.org\/fr\/themes\/agriculture-naturelle\/sol\/\">Sol<\/a>\r\n                                                <!--                                    <br\/>-->\r\n                                                <!--                                    -->                                            <\/li>\r\n\t\t\t\t\t\t\t\t\t\t\t\t\t\t\t\t\t\t\t                                            <li><i class=\"fa-li fa fa-angle-right\"><\/i>\r\n                                                <a href=\"https:\/\/www.naturalscience.org\/fr\/themes\/agriculture-naturelle\/forets\/\">For\u00eats<\/a>\r\n                                                <!--                                    <br\/>-->\r\n                                                <!--                                    -->                                            <\/li>\r\n\t\t\t\t\t\t\t\t\t\t\t\t\t\t\t\t\t\t\t                                            <li><i class=\"fa-li fa fa-angle-right\"><\/i>\r\n                                                <a href=\"https:\/\/www.naturalscience.org\/fr\/themes\/agriculture-naturelle\/abeilles\/\">Abeilles<\/a>\r\n                                                <!--                                    <br\/>-->\r\n                                                <!--                                    -->                                            <\/li>\r\n\t\t\t\t\t\t\t\t\t\t\t\t\t\t\t\t\t\t\t                                            <li><i class=\"fa-li fa fa-angle-right\"><\/i>\r\n                                                <a href=\"https:\/\/www.naturalscience.org\/fr\/themes\/agriculture-naturelle\/oiseaux\/\">Oiseaux<\/a>\r\n                                                <!--                                    <br\/>-->\r\n                                                <!--                                    -->                                            <\/li>\r\n\t\t\t\t\t\t\t\t\t\t\t\t\t\t\t\t\t\t\t                                            <li><i class=\"fa-li fa fa-angle-right\"><\/i>\r\n                                                <a href=\"https:\/\/www.naturalscience.org\/fr\/themes\/agriculture-naturelle\/chasse\/\">Chasse<\/a>\r\n                                                <!--                                    <br\/>-->\r\n                                                <!--                                    -->                                            <\/li>\r\n\t\t\t\t\t\t\t\t\t\t\t\t\t\t\t\t\t\t\t                                            <li><i class=\"fa-li fa fa-angle-right\"><\/i>\r\n                                                <a href=\"https:\/\/www.naturalscience.org\/fr\/themes\/agriculture-naturelle\/organismes-genetiquement-modifies-ogm\/\">Organismes G\u00e9n\u00e9tiquement Modifi\u00e9s (OGM)<\/a>\r\n                                                <!--                                    <br\/>-->\r\n                                                <!--                                    -->                                            <\/li>\r\n\t\t\t\t\t\t\t\t\t\t\t\t\t\t\t\t\t\t\t\t\t\t\t\t\t\t\t                            <\/ul>\r\n                        <\/li>\r\n\t\t\t\t\t\t\t\t\t                        <li>\r\n\r\n\t\t\t\t\t\t\t                                <a href=\"https:\/\/www.naturalscience.org\/fr\/themes\/oceans\/\"><img loading=\"lazy\" decoding=\"async\" src=\"https:\/\/www.naturalscience.org\/wp-content\/uploads\/2015\/02\/header-seas-300x68.jpg\"\r\n                                                                         width=\"300\"\r\n                                                                         height=\"68\"\/><\/a>\r\n\t\t\t\t\t\t\t\r\n                            <h2><a href=\"https:\/\/www.naturalscience.org\/fr\/themes\/oceans\/\">Oc\u00e9ans<\/a><\/h2>\r\n\r\n                            <ul class=\"fa-ul\">\r\n\t\t\t\t\t\t\t\t\t\t\t\t\t\t\t\t\t\t\t\t\t\t\t\t\t\t                                            <li><i class=\"fa-li fa fa-angle-right\"><\/i>\r\n                                                <a href=\"https:\/\/www.naturalscience.org\/fr\/themes\/oceans\/aires-marines-protegees\/\">Aires marines prot\u00e9g\u00e9es<\/a>\r\n                                                <!--                                    <br\/>-->\r\n                                                <!--                                    -->                                            <\/li>\r\n\t\t\t\t\t\t\t\t\t\t\t\t\t\t\t\t\t\t\t                                            <li><i class=\"fa-li fa fa-angle-right\"><\/i>\r\n                                                <a href=\"https:\/\/www.naturalscience.org\/fr\/themes\/oceans\/plastique\/\">Plastique<\/a>\r\n                                                <!--                                    <br\/>-->\r\n                                                <!--                                    -->                                            <\/li>\r\n\t\t\t\t\t\t\t\t\t\t\t\t\t\t\t\t\t\t\t\t\t\t\t\t\t\t\t                            <\/ul>\r\n                        <\/li>\r\n\t\t\t\t\t\t\t\t\t            <\/ul>\r\n        <\/div>\r\n\t\r\n\t\r\n\t\n","protected":false},"excerpt":{"rendered":"Chaque ann\u00e9e, 391 millions de tonnes de plastique sont produites mondialement, puisque le plastique est bon march\u00e9, l\u00e9ger, incassable et durable. Cependant, le plastique est fabriqu\u00e9 la plupart du temps \u00e0 partir de p\u00e9trole non renouvelable. Plus de 600 milliards de sacs en plastique produits annuellement partout dans le monde, n\u00e9cessitent 2&nbsp;milliards de litres de [&hellip;]","protected":false},"author":9,"featured_media":0,"parent":0,"menu_order":153,"comment_status":"closed","ping_status":"closed","template":"","meta":{"_acf_changed":false,"ngg_post_thumbnail":0,"footnotes":""},"categories":[],"class_list":["post-16543","page","type-page","status-publish","hentry","wpautop"],"acf":[],"yoast_head":"<!-- This site is optimized with the Yoast SEO plugin v27.5 - https:\/\/yoast.com\/product\/yoast-seo-wordpress\/ -->\n<title>Th\u00e8mes - The World Foundation for Natural Science<\/title>\n<meta name=\"robots\" content=\"index, follow, max-snippet:-1, max-image-preview:large, max-video-preview:-1\" \/>\n<link rel=\"canonical\" href=\"https:\/\/www.naturalscience.org\/fr\/themes\/\" \/>\n<script type=\"application\/ld+json\" class=\"yoast-schema-graph\">{\"@context\":\"https:\\\/\\\/schema.org\",\"@graph\":[{\"@type\":\"WebPage\",\"@id\":\"https:\\\/\\\/www.naturalscience.org\\\/fr\\\/themes\\\/\",\"url\":\"https:\\\/\\\/www.naturalscience.org\\\/fr\\\/themes\\\/\",\"name\":\"Th\u00e8mes - The World Foundation for Natural Science\",\"isPartOf\":{\"@id\":\"https:\\\/\\\/www.naturalscience.org\\\/#website\"},\"datePublished\":\"2015-11-10T16:35:20+00:00\",\"dateModified\":\"2023-01-11T09:18:51+00:00\",\"breadcrumb\":{\"@id\":\"https:\\\/\\\/www.naturalscience.org\\\/fr\\\/themes\\\/#breadcrumb\"},\"inLanguage\":\"fr-FR\",\"potentialAction\":[{\"@type\":\"ReadAction\",\"target\":[\"https:\\\/\\\/www.naturalscience.org\\\/fr\\\/themes\\\/\"]}]},{\"@type\":\"BreadcrumbList\",\"@id\":\"https:\\\/\\\/www.naturalscience.org\\\/fr\\\/themes\\\/#breadcrumb\",\"itemListElement\":[{\"@type\":\"ListItem\",\"position\":1,\"name\":\"Home\",\"item\":\"https:\\\/\\\/www.naturalscience.org\\\/fr\\\/\"},{\"@type\":\"ListItem\",\"position\":2,\"name\":\"Th\u00e8mes\"}]},{\"@type\":\"WebSite\",\"@id\":\"https:\\\/\\\/www.naturalscience.org\\\/#website\",\"url\":\"https:\\\/\\\/www.naturalscience.org\\\/\",\"name\":\"The World Foundation for Natural Science\",\"description\":\"Restoring and Healing the World through Responsibility and Commitment in accord with Natural and Divine Law!\",\"potentialAction\":[{\"@type\":\"SearchAction\",\"target\":{\"@type\":\"EntryPoint\",\"urlTemplate\":\"https:\\\/\\\/www.naturalscience.org\\\/?s={search_term_string}\"},\"query-input\":{\"@type\":\"PropertyValueSpecification\",\"valueRequired\":true,\"valueName\":\"search_term_string\"}}],\"inLanguage\":\"fr-FR\"}]}<\/script>\n<!-- \/ Yoast SEO plugin. -->","yoast_head_json":{"title":"Th\u00e8mes - The World Foundation for Natural Science","robots":{"index":"index","follow":"follow","max-snippet":"max-snippet:-1","max-image-preview":"max-image-preview:large","max-video-preview":"max-video-preview:-1"},"canonical":"https:\/\/www.naturalscience.org\/fr\/themes\/","schema":{"@context":"https:\/\/schema.org","@graph":[{"@type":"WebPage","@id":"https:\/\/www.naturalscience.org\/fr\/themes\/","url":"https:\/\/www.naturalscience.org\/fr\/themes\/","name":"Th\u00e8mes - The World Foundation for Natural Science","isPartOf":{"@id":"https:\/\/www.naturalscience.org\/#website"},"datePublished":"2015-11-10T16:35:20+00:00","dateModified":"2023-01-11T09:18:51+00:00","breadcrumb":{"@id":"https:\/\/www.naturalscience.org\/fr\/themes\/#breadcrumb"},"inLanguage":"fr-FR","potentialAction":[{"@type":"ReadAction","target":["https:\/\/www.naturalscience.org\/fr\/themes\/"]}]},{"@type":"BreadcrumbList","@id":"https:\/\/www.naturalscience.org\/fr\/themes\/#breadcrumb","itemListElement":[{"@type":"ListItem","position":1,"name":"Home","item":"https:\/\/www.naturalscience.org\/fr\/"},{"@type":"ListItem","position":2,"name":"Th\u00e8mes"}]},{"@type":"WebSite","@id":"https:\/\/www.naturalscience.org\/#website","url":"https:\/\/www.naturalscience.org\/","name":"The World Foundation for Natural Science","description":"Restoring and Healing the World through Responsibility and Commitment in accord with Natural and Divine Law!","potentialAction":[{"@type":"SearchAction","target":{"@type":"EntryPoint","urlTemplate":"https:\/\/www.naturalscience.org\/?s={search_term_string}"},"query-input":{"@type":"PropertyValueSpecification","valueRequired":true,"valueName":"search_term_string"}}],"inLanguage":"fr-FR"}]}},"_links":{"self":[{"href":"https:\/\/www.naturalscience.org\/fr\/wp-json\/wp\/v2\/pages\/16543","targetHints":{"allow":["GET"]}}],"collection":[{"href":"https:\/\/www.naturalscience.org\/fr\/wp-json\/wp\/v2\/pages"}],"about":[{"href":"https:\/\/www.naturalscience.org\/fr\/wp-json\/wp\/v2\/types\/page"}],"author":[{"embeddable":true,"href":"https:\/\/www.naturalscience.org\/fr\/wp-json\/wp\/v2\/users\/9"}],"replies":[{"embeddable":true,"href":"https:\/\/www.naturalscience.org\/fr\/wp-json\/wp\/v2\/comments?post=16543"}],"version-history":[{"count":3,"href":"https:\/\/www.naturalscience.org\/fr\/wp-json\/wp\/v2\/pages\/16543\/revisions"}],"predecessor-version":[{"id":38687,"href":"https:\/\/www.naturalscience.org\/fr\/wp-json\/wp\/v2\/pages\/16543\/revisions\/38687"}],"wp:attachment":[{"href":"https:\/\/www.naturalscience.org\/fr\/wp-json\/wp\/v2\/media?parent=16543"}],"wp:term":[{"taxonomy":"category","embeddable":true,"href":"https:\/\/www.naturalscience.org\/fr\/wp-json\/wp\/v2\/categories?post=16543"}],"curies":[{"name":"wp","href":"https:\/\/api.w.org\/{rel}","templated":true}]}}