{"id":16538,"date":"2015-11-10T17:27:04","date_gmt":"2015-11-10T16:27:04","guid":{"rendered":"http:\/\/www.naturalscience.org\/?page_id=16538"},"modified":"2022-12-30T11:05:16","modified_gmt":"2022-12-30T10:05:16","slug":"naissance-naturelle","status":"publish","type":"page","link":"https:\/\/www.naturalscience.org\/fr\/themes\/sante\/naissance-naturelle\/","title":{"rendered":"Naissance naturelle"},"content":{"rendered":"<p><img loading=\"lazy\" decoding=\"async\" class=\"alignright wp-image-9346\" src=\"https:\/\/www.naturalscience.org\/wp-content\/uploads\/2014\/09\/Nat\u00fcrliche-Geburt-2-300x300.jpg\" alt=\"Nat\u00fcrliche Geburt\" width=\"211\" height=\"212\" srcset=\"https:\/\/www.naturalscience.org\/wp-content\/uploads\/2014\/09\/Nat\u00fcrliche-Geburt-2-300x300.jpg 300w, https:\/\/www.naturalscience.org\/wp-content\/uploads\/2014\/09\/Nat\u00fcrliche-Geburt-2-164x164.jpg 164w, https:\/\/www.naturalscience.org\/wp-content\/uploads\/2014\/09\/Nat\u00fcrliche-Geburt-2-1024x1024.jpg 1024w, https:\/\/www.naturalscience.org\/wp-content\/uploads\/2014\/09\/Nat\u00fcrliche-Geburt-2-200x200.jpg 200w\" sizes=\"auto, (max-width: 211px) 100vw, 211px\" \/><\/p>\n<p>L\u2019assistance moderne \u00e0 l\u2019accouchement s\u2019est d\u00e9velopp\u00e9e en une m\u00e9decine obst\u00e9trique, qui contr\u00f4le la progression de la grossesse et de la naissance par une surveillance techno-m\u00e9dicale excessive et surm\u00e9dicalis\u00e9e avec des interventions souvent inutiles.<\/p>\n<p><strong>Des complications sont souvent provoqu\u00e9es \u00e0 cause de la peur et de l\u2019impatience, ce qui rend le d\u00e9roulement de la naissance risqu\u00e9<\/strong> et donne l\u2019impression que la naissance d\u2019un enfant est chose dangereuse. <strong>En cons\u00e9quence, une naissance sur trois (voir une sur deux dans certains pays) se termine aujourd\u2019hui par une c\u00e9sarienne, le type de naissance le plus risqu\u00e9.<\/strong><\/p>\n<div class=\"content-box green-1 width-40 left\">\n<div class=\"content-box-title\">Conseils pratiques pour un accouchement naturel&nbsp;:<\/div>\n<div class=\"content-box-body\">\n<ul>\n<li>Allez voir au d\u00e9but de votre grossesse une sage-femme exp\u00e9riment\u00e9e qui vous accompagnera tout au long de votre grossesse, qui vous aidera \u00e0 pr\u00e9parer la naissance et vous recommandera, si besoin, \u00e0 un gyn\u00e9cologue.<\/li>\n<li>Demandez l\u2019\u00e9chographie seulement si les indications le n\u00e9cessitent&#8230; <span class=\"more\"><i class=\"fa fa-angle-right \" ><\/i>&nbsp;<a title=\"What you can do for a Natural Birth\" href=\"https:\/\/www.naturalscience.org\/fr\/themes\/sante\/naissance-naturelle\/ce-que-vous-pouvez-faire-pour-une-naissance-naturelle-par-voie-basse\/\">plus<\/a><\/span><\/li>\n<\/ul>\n<\/div>\n<\/div>\n<p>Les parents et leur enfant \u00e0 na\u00eetre devraient \u00eatre accompagn\u00e9s au cours de la grossesse avec amour et confiance, \u00eatre pr\u00e9par\u00e9s pour la naissance et soutenus par de comp\u00e9tentes sages-femmes et doulas pendant le d\u00e9roulement de la naissance. La comp\u00e9tence inn\u00e9e \u00e0 enfanter pour la m\u00e8re et \u00e0 na\u00eetre pour l&rsquo;enfant doit \u00eatre renforc\u00e9e et respect\u00e9e \u00e0 tout moment. Alors, une naissance naturelle et harmonieuse est possible, ce qui a de fortes incidences tout au long de leur vie.<\/p>\n<p><strong>Les derni\u00e8res d\u00e9couvertes en science comportementale, neurobiologie et recherche sur le cerveau montrent que la naissance naturelle joue un r\u00f4le essentiel dans le rapport entre parents et enfants.<\/strong> Sp\u00e9cialement les processus d&rsquo;attachement entre m\u00e8re et enfant pendant et apr\u00e8s la naissance par voie basse sont d\u2019une importance cruciale pour le d\u00e9veloppement et le fonctionnement de la connection c\u0153ur-cerveau du nouveau-n\u00e9 pour un apprentissage intelligent tout au long de sa vie. <strong>La fondation pour un syst\u00e8me immunitaire fort est pos\u00e9e et ainsi de m\u00eame pour la sant\u00e9 physique et mentale de l\u2019\u00eatre humain.<\/strong><\/p>\n<p>The World Foundation for Natural Science propose r\u00e9guli\u00e8rement des conf\u00e9rences ou s\u00e9minaires sur le th\u00e8me de la&nbsp;\u00ab&nbsp;naissance naturelle&nbsp;\u00bb. Le calendrier se trouve dans notre <a href=\"https:\/\/www.naturalscience.org\/fr\/actualites\/\">agenda<\/a>.<\/p>\n\n\n","protected":false},"excerpt":{"rendered":"L\u2019assistance moderne \u00e0 l\u2019accouchement s\u2019est d\u00e9velopp\u00e9e en une m\u00e9decine obst\u00e9trique, qui contr\u00f4le la progression de la grossesse et de la naissance par une surveillance techno-m\u00e9dicale excessive et surm\u00e9dicalis\u00e9e avec des interventions souvent inutiles. Des complications sont souvent provoqu\u00e9es \u00e0 cause de la peur et de l\u2019impatience, ce qui rend le d\u00e9roulement de la naissance risqu\u00e9 [&hellip;]","protected":false},"author":9,"featured_media":0,"parent":16550,"menu_order":18,"comment_status":"closed","ping_status":"closed","template":"","meta":{"_acf_changed":false,"ngg_post_thumbnail":0,"footnotes":""},"categories":[202],"class_list":["post-16538","page","type-page","status-publish","hentry","category-naissance-naturelle","wpautop"],"acf":[],"yoast_head":"<!-- This site is optimized with the Yoast SEO plugin v27.5 - https:\/\/yoast.com\/product\/yoast-seo-wordpress\/ -->\n<title>Naissance naturelle - The World Foundation for Natural Science<\/title>\n<meta name=\"robots\" content=\"index, follow, max-snippet:-1, max-image-preview:large, max-video-preview:-1\" \/>\n<link rel=\"canonical\" href=\"https:\/\/www.naturalscience.org\/fr\/themes\/sante\/naissance-naturelle\/\" \/>\n<meta name=\"twitter:label1\" content=\"Dur\u00e9e de lecture estim\u00e9e\" \/>\n\t<meta name=\"twitter:data1\" content=\"2 minutes\" \/>\n<script type=\"application\/ld+json\" class=\"yoast-schema-graph\">{\"@context\":\"https:\\\/\\\/schema.org\",\"@graph\":[{\"@type\":\"WebPage\",\"@id\":\"https:\\\/\\\/www.naturalscience.org\\\/fr\\\/themes\\\/sante\\\/naissance-naturelle\\\/\",\"url\":\"https:\\\/\\\/www.naturalscience.org\\\/fr\\\/themes\\\/sante\\\/naissance-naturelle\\\/\",\"name\":\"Naissance naturelle - The World Foundation for Natural Science\",\"isPartOf\":{\"@id\":\"https:\\\/\\\/www.naturalscience.org\\\/#website\"},\"datePublished\":\"2015-11-10T16:27:04+00:00\",\"dateModified\":\"2022-12-30T10:05:16+00:00\",\"breadcrumb\":{\"@id\":\"https:\\\/\\\/www.naturalscience.org\\\/fr\\\/themes\\\/sante\\\/naissance-naturelle\\\/#breadcrumb\"},\"inLanguage\":\"fr-FR\",\"potentialAction\":[{\"@type\":\"ReadAction\",\"target\":[\"https:\\\/\\\/www.naturalscience.org\\\/fr\\\/themes\\\/sante\\\/naissance-naturelle\\\/\"]}]},{\"@type\":\"BreadcrumbList\",\"@id\":\"https:\\\/\\\/www.naturalscience.org\\\/fr\\\/themes\\\/sante\\\/naissance-naturelle\\\/#breadcrumb\",\"itemListElement\":[{\"@type\":\"ListItem\",\"position\":1,\"name\":\"Home\",\"item\":\"https:\\\/\\\/www.naturalscience.org\\\/fr\\\/\"},{\"@type\":\"ListItem\",\"position\":2,\"name\":\"Th\u00e8mes\",\"item\":\"https:\\\/\\\/www.naturalscience.org\\\/fr\\\/themes\\\/\"},{\"@type\":\"ListItem\",\"position\":3,\"name\":\"Sant\u00e9\",\"item\":\"https:\\\/\\\/www.naturalscience.org\\\/fr\\\/themes\\\/sante\\\/\"},{\"@type\":\"ListItem\",\"position\":4,\"name\":\"Naissance naturelle\"}]},{\"@type\":\"WebSite\",\"@id\":\"https:\\\/\\\/www.naturalscience.org\\\/#website\",\"url\":\"https:\\\/\\\/www.naturalscience.org\\\/\",\"name\":\"The World Foundation for Natural Science\",\"description\":\"Restoring and Healing the World through Responsibility and Commitment in accord with Natural and Divine Law!\",\"potentialAction\":[{\"@type\":\"SearchAction\",\"target\":{\"@type\":\"EntryPoint\",\"urlTemplate\":\"https:\\\/\\\/www.naturalscience.org\\\/?s={search_term_string}\"},\"query-input\":{\"@type\":\"PropertyValueSpecification\",\"valueRequired\":true,\"valueName\":\"search_term_string\"}}],\"inLanguage\":\"fr-FR\"}]}<\/script>\n<!-- \/ Yoast SEO plugin. -->","yoast_head_json":{"title":"Naissance naturelle - The World Foundation for Natural Science","robots":{"index":"index","follow":"follow","max-snippet":"max-snippet:-1","max-image-preview":"max-image-preview:large","max-video-preview":"max-video-preview:-1"},"canonical":"https:\/\/www.naturalscience.org\/fr\/themes\/sante\/naissance-naturelle\/","twitter_misc":{"Dur\u00e9e de lecture estim\u00e9e":"2 minutes"},"schema":{"@context":"https:\/\/schema.org","@graph":[{"@type":"WebPage","@id":"https:\/\/www.naturalscience.org\/fr\/themes\/sante\/naissance-naturelle\/","url":"https:\/\/www.naturalscience.org\/fr\/themes\/sante\/naissance-naturelle\/","name":"Naissance naturelle - The World Foundation for Natural Science","isPartOf":{"@id":"https:\/\/www.naturalscience.org\/#website"},"datePublished":"2015-11-10T16:27:04+00:00","dateModified":"2022-12-30T10:05:16+00:00","breadcrumb":{"@id":"https:\/\/www.naturalscience.org\/fr\/themes\/sante\/naissance-naturelle\/#breadcrumb"},"inLanguage":"fr-FR","potentialAction":[{"@type":"ReadAction","target":["https:\/\/www.naturalscience.org\/fr\/themes\/sante\/naissance-naturelle\/"]}]},{"@type":"BreadcrumbList","@id":"https:\/\/www.naturalscience.org\/fr\/themes\/sante\/naissance-naturelle\/#breadcrumb","itemListElement":[{"@type":"ListItem","position":1,"name":"Home","item":"https:\/\/www.naturalscience.org\/fr\/"},{"@type":"ListItem","position":2,"name":"Th\u00e8mes","item":"https:\/\/www.naturalscience.org\/fr\/themes\/"},{"@type":"ListItem","position":3,"name":"Sant\u00e9","item":"https:\/\/www.naturalscience.org\/fr\/themes\/sante\/"},{"@type":"ListItem","position":4,"name":"Naissance naturelle"}]},{"@type":"WebSite","@id":"https:\/\/www.naturalscience.org\/#website","url":"https:\/\/www.naturalscience.org\/","name":"The World Foundation for Natural Science","description":"Restoring and Healing the World through Responsibility and Commitment in accord with Natural and Divine Law!","potentialAction":[{"@type":"SearchAction","target":{"@type":"EntryPoint","urlTemplate":"https:\/\/www.naturalscience.org\/?s={search_term_string}"},"query-input":{"@type":"PropertyValueSpecification","valueRequired":true,"valueName":"search_term_string"}}],"inLanguage":"fr-FR"}]}},"_links":{"self":[{"href":"https:\/\/www.naturalscience.org\/fr\/wp-json\/wp\/v2\/pages\/16538","targetHints":{"allow":["GET"]}}],"collection":[{"href":"https:\/\/www.naturalscience.org\/fr\/wp-json\/wp\/v2\/pages"}],"about":[{"href":"https:\/\/www.naturalscience.org\/fr\/wp-json\/wp\/v2\/types\/page"}],"author":[{"embeddable":true,"href":"https:\/\/www.naturalscience.org\/fr\/wp-json\/wp\/v2\/users\/9"}],"replies":[{"embeddable":true,"href":"https:\/\/www.naturalscience.org\/fr\/wp-json\/wp\/v2\/comments?post=16538"}],"version-history":[{"count":11,"href":"https:\/\/www.naturalscience.org\/fr\/wp-json\/wp\/v2\/pages\/16538\/revisions"}],"predecessor-version":[{"id":38405,"href":"https:\/\/www.naturalscience.org\/fr\/wp-json\/wp\/v2\/pages\/16538\/revisions\/38405"}],"up":[{"embeddable":true,"href":"https:\/\/www.naturalscience.org\/fr\/wp-json\/wp\/v2\/pages\/16550"}],"wp:attachment":[{"href":"https:\/\/www.naturalscience.org\/fr\/wp-json\/wp\/v2\/media?parent=16538"}],"wp:term":[{"taxonomy":"category","embeddable":true,"href":"https:\/\/www.naturalscience.org\/fr\/wp-json\/wp\/v2\/categories?post=16538"}],"curies":[{"name":"wp","href":"https:\/\/api.w.org\/{rel}","templated":true}]}}