{"id":16161,"date":"2015-10-18T15:43:30","date_gmt":"2015-10-18T13:43:30","guid":{"rendered":"http:\/\/www.naturalscience.org\/fr\/?page_id=16161"},"modified":"2015-10-18T16:23:06","modified_gmt":"2015-10-18T14:23:06","slug":"sidebar","status":"publish","type":"page","link":"https:\/\/www.naturalscience.org\/fr\/congres-2015\/sidebar\/","title":{"rendered":"Sidebar"},"content":{"rendered":"<div style=\"height: 50px;\"><\/div>\n<p><a href=\"https:\/\/www.naturalscience.org\/wp-content\/uploads\/2015\/10\/Congress-2015-Invitation-Letter_v2.pdf\" class=\"button radius primary\" target=\"_blank\"><i class=\"fa fa-download \" ><\/i> Lettre d\u00b4invitation <small>(Anglais, PDF)<\/small><\/a><\/p>\n<p>&nbsp;<\/p>\n<h3>Lieu du Congr\u00e8s<\/h3>\n<p><strong style=\"color: #800000\">L\u00b4h\u00f4tel est compl\u00e8ment non-fumeur pendant la dur\u00e9e du Congr\u00e8s&nbsp;!<\/strong><br \/>\nH\u00f4tel Maritim<br \/>\nBasteistra\u00dfe 40<br \/>\n89073 Ulm<br \/>\nAllemagne<br \/>\n<i class=\"fa fa-angle-right \" ><\/i> <a href=\"https:\/\/www.maritim.fr\/fr\/hotels\/allemagne\/hotel-ulm\/description-de-lhotel#hotel_content\" target=\"_blank\">Site Web<\/a><\/p>\n<p>&nbsp;<\/p>\n<h3>D\u00e9but &#038; Fin<\/h3>\n<p><strong>D\u00e9but<\/strong><br \/>\nJeudi 29 octobre 2015<br \/>\n19h00<\/p>\n<p><strong>Fin<\/strong><br \/>\nDimanche 1er novembre 2015<br \/>\n13h00<\/p>\n<p>&nbsp;<\/p>\n<h3>Traductions<\/h3>\n<p>Simultan\u00e9es en anglais, espagnol,<br \/>\ntch\u00e8que et russe<\/p>\n<p>&nbsp;<\/p>\n<h3>Frais<\/h3>\n<ul class=\"fa-ul\" style=\"margin-left: 20px;\">\n<li><i class=\"fa-li fa fa-angle-right\"><\/i>Par personne: \u20ac 350<\/li>\n<li><i class=\"fa-li fa fa-angle-right\"><\/i>\u201eles plus de 65 ans\u201c: \u20ac 260<\/li>\n<li><i class=\"fa-li fa fa-angle-right\"><\/i>Couples mari\u00e9s: \u20ac 490<\/li>\n<li><i class=\"fa-li fa fa-angle-right\"><\/i>Etudiants en Universit\u00e9\/<br \/>\nEcole sup\u00e9rieure: \u20ac 260<\/li>\n<li><i class=\"fa-li fa fa-angle-right\"><\/i>Adolescents\/ Ecoliers: \u20ac 125<\/li>\n<\/ul>\n<p>&nbsp;<\/p>\n<h3>Avez-vous des questions?<\/h3>\n<p>Nous serions heureux de vous aider!<\/p>\n<div class=\"widget widget_wfns_contact_info\">\n<ul class=\"fa-ul\">\n<li><i class=\"fa fa-envelope-o fa-li\"><\/i> <a href=\"https:\/\/www.naturalscience.org\/fr\/contact\/\"> Formulaire de contact<\/a><\/li>\n<li><i class=\"fa fa-at fa-li\"><\/i> <a href=\"mailto:contact@naturalscience.org\"> contact@naturalscience.org<\/a><\/li>\n<li><i class=\"fa fa-phone fa-li\"><\/i> +41(41)798-0398<\/li>\n<\/ul>\n<\/ul>\n<\/div>\n","protected":false},"excerpt":{"rendered":"Lettre d\u00b4invitation (Anglais, PDF) &nbsp; Lieu du Congr\u00e8s L\u00b4h\u00f4tel est compl\u00e8ment non-fumeur pendant la dur\u00e9e du Congr\u00e8s&nbsp;! H\u00f4tel Maritim Basteistra\u00dfe 40 89073 Ulm Allemagne Site Web &nbsp; D\u00e9but &#038; Fin D\u00e9but Jeudi 29 octobre 2015 19h00 Fin Dimanche 1er novembre 2015 13h00 &nbsp; Traductions Simultan\u00e9es en anglais, espagnol, tch\u00e8que et russe &nbsp; Frais Par personne: [&hellip;]","protected":false},"author":9,"featured_media":0,"parent":16149,"menu_order":13,"comment_status":"closed","ping_status":"closed","template":"","meta":{"_acf_changed":false,"ngg_post_thumbnail":0,"footnotes":""},"categories":[],"class_list":["post-16161","page","type-page","status-publish","hentry","wpautop"],"acf":[],"yoast_head":"<!-- This site is optimized with the Yoast SEO plugin v27.5 - https:\/\/yoast.com\/product\/yoast-seo-wordpress\/ -->\n<title>Sidebar - The World Foundation for Natural Science<\/title>\n<meta name=\"robots\" content=\"index, follow, max-snippet:-1, max-image-preview:large, max-video-preview:-1\" \/>\n<link rel=\"canonical\" href=\"https:\/\/www.naturalscience.org\/fr\/congres-2015\/sidebar\/\" \/>\n<meta name=\"twitter:label1\" content=\"Dur\u00e9e de lecture estim\u00e9e\" \/>\n\t<meta name=\"twitter:data1\" content=\"1 minute\" \/>\n<script type=\"application\/ld+json\" class=\"yoast-schema-graph\">{\"@context\":\"https:\\\/\\\/schema.org\",\"@graph\":[{\"@type\":\"WebPage\",\"@id\":\"https:\\\/\\\/www.naturalscience.org\\\/fr\\\/congres-2015\\\/sidebar\\\/\",\"url\":\"https:\\\/\\\/www.naturalscience.org\\\/fr\\\/congres-2015\\\/sidebar\\\/\",\"name\":\"Sidebar - The World Foundation for Natural Science\",\"isPartOf\":{\"@id\":\"https:\\\/\\\/www.naturalscience.org\\\/#website\"},\"datePublished\":\"2015-10-18T13:43:30+00:00\",\"dateModified\":\"2015-10-18T14:23:06+00:00\",\"breadcrumb\":{\"@id\":\"https:\\\/\\\/www.naturalscience.org\\\/fr\\\/congres-2015\\\/sidebar\\\/#breadcrumb\"},\"inLanguage\":\"fr-FR\",\"potentialAction\":[{\"@type\":\"ReadAction\",\"target\":[\"https:\\\/\\\/www.naturalscience.org\\\/fr\\\/congres-2015\\\/sidebar\\\/\"]}]},{\"@type\":\"BreadcrumbList\",\"@id\":\"https:\\\/\\\/www.naturalscience.org\\\/fr\\\/congres-2015\\\/sidebar\\\/#breadcrumb\",\"itemListElement\":[{\"@type\":\"ListItem\",\"position\":1,\"name\":\"Home\",\"item\":\"https:\\\/\\\/www.naturalscience.org\\\/fr\\\/\"},{\"@type\":\"ListItem\",\"position\":2,\"name\":\"20\u00e8me Congr\u00e8s Mondial \u201eNouvelles Perspectives Scientifiques\u201c\",\"item\":\"https:\\\/\\\/www.naturalscience.org\\\/fr\\\/congres-2015\\\/\"},{\"@type\":\"ListItem\",\"position\":3,\"name\":\"Sidebar\"}]},{\"@type\":\"WebSite\",\"@id\":\"https:\\\/\\\/www.naturalscience.org\\\/#website\",\"url\":\"https:\\\/\\\/www.naturalscience.org\\\/\",\"name\":\"The World Foundation for Natural Science\",\"description\":\"Restoring and Healing the World through Responsibility and Commitment in accord with Natural and Divine Law!\",\"potentialAction\":[{\"@type\":\"SearchAction\",\"target\":{\"@type\":\"EntryPoint\",\"urlTemplate\":\"https:\\\/\\\/www.naturalscience.org\\\/?s={search_term_string}\"},\"query-input\":{\"@type\":\"PropertyValueSpecification\",\"valueRequired\":true,\"valueName\":\"search_term_string\"}}],\"inLanguage\":\"fr-FR\"}]}<\/script>\n<!-- \/ Yoast SEO plugin. -->","yoast_head_json":{"title":"Sidebar - The World Foundation for Natural Science","robots":{"index":"index","follow":"follow","max-snippet":"max-snippet:-1","max-image-preview":"max-image-preview:large","max-video-preview":"max-video-preview:-1"},"canonical":"https:\/\/www.naturalscience.org\/fr\/congres-2015\/sidebar\/","twitter_misc":{"Dur\u00e9e de lecture estim\u00e9e":"1 minute"},"schema":{"@context":"https:\/\/schema.org","@graph":[{"@type":"WebPage","@id":"https:\/\/www.naturalscience.org\/fr\/congres-2015\/sidebar\/","url":"https:\/\/www.naturalscience.org\/fr\/congres-2015\/sidebar\/","name":"Sidebar - The World Foundation for Natural Science","isPartOf":{"@id":"https:\/\/www.naturalscience.org\/#website"},"datePublished":"2015-10-18T13:43:30+00:00","dateModified":"2015-10-18T14:23:06+00:00","breadcrumb":{"@id":"https:\/\/www.naturalscience.org\/fr\/congres-2015\/sidebar\/#breadcrumb"},"inLanguage":"fr-FR","potentialAction":[{"@type":"ReadAction","target":["https:\/\/www.naturalscience.org\/fr\/congres-2015\/sidebar\/"]}]},{"@type":"BreadcrumbList","@id":"https:\/\/www.naturalscience.org\/fr\/congres-2015\/sidebar\/#breadcrumb","itemListElement":[{"@type":"ListItem","position":1,"name":"Home","item":"https:\/\/www.naturalscience.org\/fr\/"},{"@type":"ListItem","position":2,"name":"20\u00e8me Congr\u00e8s Mondial \u201eNouvelles Perspectives Scientifiques\u201c","item":"https:\/\/www.naturalscience.org\/fr\/congres-2015\/"},{"@type":"ListItem","position":3,"name":"Sidebar"}]},{"@type":"WebSite","@id":"https:\/\/www.naturalscience.org\/#website","url":"https:\/\/www.naturalscience.org\/","name":"The World Foundation for Natural Science","description":"Restoring and Healing the World through Responsibility and Commitment in accord with Natural and Divine Law!","potentialAction":[{"@type":"SearchAction","target":{"@type":"EntryPoint","urlTemplate":"https:\/\/www.naturalscience.org\/?s={search_term_string}"},"query-input":{"@type":"PropertyValueSpecification","valueRequired":true,"valueName":"search_term_string"}}],"inLanguage":"fr-FR"}]}},"_links":{"self":[{"href":"https:\/\/www.naturalscience.org\/fr\/wp-json\/wp\/v2\/pages\/16161","targetHints":{"allow":["GET"]}}],"collection":[{"href":"https:\/\/www.naturalscience.org\/fr\/wp-json\/wp\/v2\/pages"}],"about":[{"href":"https:\/\/www.naturalscience.org\/fr\/wp-json\/wp\/v2\/types\/page"}],"author":[{"embeddable":true,"href":"https:\/\/www.naturalscience.org\/fr\/wp-json\/wp\/v2\/users\/9"}],"replies":[{"embeddable":true,"href":"https:\/\/www.naturalscience.org\/fr\/wp-json\/wp\/v2\/comments?post=16161"}],"version-history":[{"count":4,"href":"https:\/\/www.naturalscience.org\/fr\/wp-json\/wp\/v2\/pages\/16161\/revisions"}],"predecessor-version":[{"id":16185,"href":"https:\/\/www.naturalscience.org\/fr\/wp-json\/wp\/v2\/pages\/16161\/revisions\/16185"}],"up":[{"embeddable":true,"href":"https:\/\/www.naturalscience.org\/fr\/wp-json\/wp\/v2\/pages\/16149"}],"wp:attachment":[{"href":"https:\/\/www.naturalscience.org\/fr\/wp-json\/wp\/v2\/media?parent=16161"}],"wp:term":[{"taxonomy":"category","embeddable":true,"href":"https:\/\/www.naturalscience.org\/fr\/wp-json\/wp\/v2\/categories?post=16161"}],"curies":[{"name":"wp","href":"https:\/\/api.w.org\/{rel}","templated":true}]}}