{"id":16153,"date":"2015-10-18T15:36:01","date_gmt":"2015-10-18T13:36:01","guid":{"rendered":"http:\/\/www.naturalscience.org\/fr\/?page_id=16153"},"modified":"2015-10-20T20:15:44","modified_gmt":"2015-10-20T18:15:44","slug":"sujets","status":"publish","type":"page","link":"https:\/\/www.naturalscience.org\/fr\/congres-2015\/sujets\/","title":{"rendered":"Aper\u00e7u des sujets"},"content":{"rendered":"<p><img loading=\"lazy\" decoding=\"async\" src=\"https:\/\/www.naturalscience.org\/wp-content\/uploads\/2015\/09\/header-soil-2.jpg\" alt=\"header-soil-2\" width=\"970\" height=\"220\" class=\"alignnone size-full wp-image-15731\" srcset=\"https:\/\/www.naturalscience.org\/wp-content\/uploads\/2015\/09\/header-soil-2.jpg 970w, https:\/\/www.naturalscience.org\/wp-content\/uploads\/2015\/09\/header-soil-2-300x68.jpg 300w, https:\/\/www.naturalscience.org\/wp-content\/uploads\/2015\/09\/header-soil-2-164x37.jpg 164w\" sizes=\"auto, (max-width: 970px) 100vw, 970px\" \/><\/p>\n<h2>Les sols \u2013 Notre fondement de vie \u2013 sont gravement malades. Un appel \u00e0 l\u00b4action.<\/h2>\n<p>A l\u00b4\u00e9chelle mondiale, les sols sont dans un \u00e9tat catastrophique, caus\u00e9 par une industrialisation et l\u00b4utilisation inutile de pesticides. Du fait d\u00b4une r\u00e9flexion essentiellement orient\u00e9e vers le profit et sur du court terme, notre fondement de vie le plus important, la Terre, est non seulement en danger mais d\u00e9j\u00e0 en grande partie perdu. Vous obtiendrez des solutions pour contribuer individuellement et ensemble comme soci\u00e9t\u00e9 \u00e0 r\u00e9tablir la capacit\u00e9 des sols \u00e0 se r\u00e9g\u00e9nerer et \u00e0 produire de v\u00e9ritables denr\u00e9es alimentaires.<br \/>\n<em><strong><a href=\"https:\/\/www.naturalscience.org\/fr\/congres-2015\/intervenants\/#Luebke-Hildebrandt\">Angelika L\u00fcbke-Hildebrandt<\/a><\/strong>, MSc, Experte en Qualit\u00e9 des sols, U.R.S. Landmanagement, United Research for Soil, Peuerbach, Autriche<\/em><\/p>\n<p>&nbsp;<\/p>\n<p><img loading=\"lazy\" decoding=\"async\" class=\"alignnone wp-image-15704 size-full\" src=\"https:\/\/www.naturalscience.org\/wp-content\/uploads\/2015\/09\/header-natural-birth-2.jpg\" alt=\"header-natural-birth-2\" width=\"970\" height=\"220\" srcset=\"https:\/\/www.naturalscience.org\/wp-content\/uploads\/2015\/09\/header-natural-birth-2.jpg 970w, https:\/\/www.naturalscience.org\/wp-content\/uploads\/2015\/09\/header-natural-birth-2-300x68.jpg 300w, https:\/\/www.naturalscience.org\/wp-content\/uploads\/2015\/09\/header-natural-birth-2-164x37.jpg 164w\" sizes=\"auto, (max-width: 970px) 100vw, 970px\" \/><\/p>\n<h2>La naissance \u2013 Un processus Divin!<br \/>\nLa c\u00e9sarienne \u2013 Un trouble-paix \u00e0 tous les niveaux.<\/h2>\n<p>Le taux de c\u00e9sariennes dans les pays industrialis\u00e9s a pratiquement doubl\u00e9 dans les 20 derni\u00e8res  ann\u00e9es. Cependant, la fa\u00e7on de donner naissance que la m\u00e8re choisit influence essentiellement la sant\u00e9 du nouveau-n\u00e9. Au contraire d\u00b4un accouchement naturel, il manque  la transmission de la m\u00e8re \u00e0 l\u00b4enfant de micro-organismes essentiels \u00e0 la vie lors d\u00b4une c\u00e9sarienne. Harman et Wakeford, eux-m\u00eame parents avertis, pr\u00e9sentent de par leurs exp\u00e9riences et connaissances personnelles, ce qui se passe lors d\u00b4un accouchement naturel, les r\u00e9percussions qu\u00b4une c\u00e9sarienne a sur la sant\u00e9 des g\u00e9n\u00e9rations \u00e0 venir et ce que l\u00b4on peut faire si une c\u00e9sarienne est in\u00e9vitable!<br \/>\n<em><strong><a href=\"https:\/\/www.naturalscience.org\/fr\/congres-2015\/intervenants\/#Harman-Wakeford\">Toni Harman &#038; Alex Wakeford<\/a><\/strong>, R\u00e9alisateurs et producteurs du Film \u201eMicrobirth\u201c, Angleterre<\/em><\/p>\n<p>&nbsp;<\/p>\n<p><img loading=\"lazy\" decoding=\"async\" class=\"alignnone wp-image-15701 size-full\" src=\"https:\/\/www.naturalscience.org\/wp-content\/uploads\/2015\/09\/header-farm-animals.jpg\" alt=\"header-farm-animals\" width=\"970\" height=\"220\" srcset=\"https:\/\/www.naturalscience.org\/wp-content\/uploads\/2015\/09\/header-farm-animals.jpg 970w, https:\/\/www.naturalscience.org\/wp-content\/uploads\/2015\/09\/header-farm-animals-300x68.jpg 300w, https:\/\/www.naturalscience.org\/wp-content\/uploads\/2015\/09\/header-farm-animals-164x37.jpg 164w\" sizes=\"auto, (max-width: 970px) 100vw, 970px\" \/><\/p>\n<h2>L\u00b4administration d\u00b4antibiotiques aux animaux d\u00b4\u00e9levage et ses cons\u00e9quences fatales.<\/h2>\n<p>Chaque ann\u00e9e, 25.000 personnes dans la Communaut\u00e9 Europ\u00e9enne meurent d\u00b4une infection provoqu\u00e9e par des germes r\u00e9sistants aux antibiotiques. Coresponsable est la mauvaise utilisation d\u00b4antibiotiques synth\u00e9tiques dans l\u00b4agriculture. Par le biais de l\u00b4\u00e9limination naturelle des animaux, ces produits pharmaceutiques parviennent dans les nappes phr\u00e9atiques et finalement dans notre nourriture. Une des cons\u00e9quences est que les antibiotiques restent sans effet sur de plus en plus de gens et d\u00b4animaux. Comment changer cette pratique fatale pour la vie vers une harmonie nouvelle pour l\u00b4homme, l\u00b4animal et la nature, c\u00b4est ce que vous montre<br \/>\n<em><strong><a href=\"https:\/\/www.naturalscience.org\/fr\/congres-2015\/intervenants\/#Herout\">Dr. med. vet. Nicole Herout<\/a><\/strong>, Centre de m\u00e9decine v\u00e9t\u00e9rinaire holistique, Lichtenberg, Autriche<\/em><\/p>\n<p>&nbsp;<\/p>\n<p><img loading=\"lazy\" decoding=\"async\" class=\"alignnone size-full wp-image-15702\" src=\"https:\/\/www.naturalscience.org\/wp-content\/uploads\/2015\/09\/header-injection-2.jpg\" alt=\"header-injection\" width=\"970\" height=\"220\" srcset=\"https:\/\/www.naturalscience.org\/wp-content\/uploads\/2015\/09\/header-injection-2.jpg 970w, https:\/\/www.naturalscience.org\/wp-content\/uploads\/2015\/09\/header-injection-2-300x68.jpg 300w, https:\/\/www.naturalscience.org\/wp-content\/uploads\/2015\/09\/header-injection-2-164x37.jpg 164w\" sizes=\"auto, (max-width: 970px) 100vw, 970px\" \/><\/p>\n<h2>Vaccination \u2013 Mythe ou menace?<\/h2>\n<p>Les vaccins, bas\u00e9s sur des formules synth\u00e9tiques, affaiblissent notre syst\u00e8me immunitaire. De telles compositions ont en partie des effets secondaires lourds et irr\u00e9versibles. Beaucoup de m\u00e9decins en sont conscients et ne vaccinent ni leur famille ni soi-m\u00eame. Des \u00e9tudes d\u00b4efficacit\u00e9 et les r\u00e9sultats probants de leurs produits sont la plupart du temps fournis par les fabricants m\u00eame de vaccins et sont de ce fait \u00e0 consid\u00e9rer subjectivement. Face \u00e0 cette probl\u00e9matique  profonde, est-il justifiable que les enfants non vaccin\u00e9s soient exclus des \u00e9coles, que des adultes doivent s\u00b4\u00e9loigner de leur lieu de travail ou que des gens soient m\u00eame vaccin\u00e9s de force? Des contre-arguments et des preuves bien fond\u00e9es nous seront pr\u00e9sent\u00e9s de fa\u00e7on enrichissante et tr\u00e8s professionnelle par<br \/>\n<em><strong><a href=\"https:\/\/www.naturalscience.org\/fr\/congres-2015\/intervenants\/#Trappitsch\">Daniel Trappitsch<\/a><\/strong>, Delegu\u00e9 du Conseil d\u00b4Administration du R\u00e9seau Choix Vaccinal, Buchs, Suisse<\/em><\/p>\n<p>&nbsp;<\/p>\n<p><img loading=\"lazy\" decoding=\"async\" src=\"https:\/\/www.naturalscience.org\/wp-content\/uploads\/2015\/09\/header-gmo-2.jpg\" alt=\"header-gmo-2\" width=\"970\" height=\"220\" class=\"alignnone size-full wp-image-15705\" srcset=\"https:\/\/www.naturalscience.org\/wp-content\/uploads\/2015\/09\/header-gmo-2.jpg 970w, https:\/\/www.naturalscience.org\/wp-content\/uploads\/2015\/09\/header-gmo-2-300x68.jpg 300w, https:\/\/www.naturalscience.org\/wp-content\/uploads\/2015\/09\/header-gmo-2-164x37.jpg 164w\" sizes=\"auto, (max-width: 970px) 100vw, 970px\" \/><\/p>\n<h2>Technologie g\u00e9n\u00e9tique \u2013 Destructrice masqu\u00e9e de notre sant\u00e9 et de notre qualit\u00e9 de vie globale.<\/h2>\n<p>D\u00e9j\u00e0 90% de tous les aliments pour b\u00e9b\u00e9 et 80% de tous les aliments transform\u00e9s sont g\u00e9n\u00e9tiquement modifi\u00e9s. La technologie g\u00e9n\u00e9tique se retrouve \u00e0 90% dans les semences de ma\u00efs et de soja et aussi souvent dans l\u00b4alimentation animale pour chien, chat, oiseau, vache et poisson ainsi que dans nos denr\u00e9es alimentaires. Les effets des organismes g\u00e9n\u00e9tiquement modifi\u00e9s sont potentiellement catastrophiques  \u2014 allant des allergies aux tumeurs canc\u00e9reuses et m\u00eame jusqu\u00b4\u00e0 la mort, causant des dommages \u00e9normes. Ils mettent sens dessus dessous toute la cha\u00eene alimentaire naturelle. Nous vous montrons ce \u00e0 quoi vous devez faire attention pour ne trouver que des aliments naturels et organiques dans votre assiette.<br \/>\n<em><strong><a href=\"https:\/\/www.naturalscience.org\/de\/kongress-2015\/referenten\/#Karl-Cox\">Prof. Dr. Karl Cox, PhD<\/a><\/strong>, Universit\u00e9 de Brighton, Angleterre<br \/>\n<strong><a href=\"https:\/\/www.naturalscience.org\/fr\/congres-2015\/intervenants\/#Waldmann\">Lukas Waldmann<\/a><\/strong>, Naturopathe, Rotkreuz, Suisse<\/em><\/p>\n<p>&nbsp;<\/p>\n<p><img loading=\"lazy\" decoding=\"async\" class=\"alignnone size-full wp-image-12806\" src=\"https:\/\/www.naturalscience.org\/wp-content\/uploads\/2015\/02\/header-microwave-towers.jpg\" alt=\"header-microwave-towers\" width=\"970\" height=\"220\" srcset=\"https:\/\/www.naturalscience.org\/wp-content\/uploads\/2015\/02\/header-microwave-towers.jpg 970w, https:\/\/www.naturalscience.org\/wp-content\/uploads\/2015\/02\/header-microwave-towers-300x68.jpg 300w, https:\/\/www.naturalscience.org\/wp-content\/uploads\/2015\/02\/header-microwave-towers-164x37.jpg 164w\" sizes=\"auto, (max-width: 970px) 100vw, 970px\" \/><\/p>\n<h2>Le rayonnement des t\u00e9l\u00e9phones portables \u2013 L\u00b4intrus silencieux des temps modernes.<\/h2>\n<p>Toute vie est bas\u00e9e sur l\u00b4\u00e9lectromagn\u00e9tisme. Le rayonnement micro-ondes cr\u00e9\u00e9 par l\u00b4homme (caus\u00e9 par les t\u00e9l\u00e9phones portables r\u00e9pandus mondialement qui sont litt\u00e9ralement d\u00e9pos\u00e9s dans les berceaux de nos enfants, le WiFi, les t\u00e9l\u00e9phones sans fil, le four micro-ondes) se trouve dans la m\u00eame gamme de fr\u00e9quences dans laquelle la nature, y compris nos cellules, communique. Les rayonnements provoqu\u00e9s artificiellement d\u00e9truisent tous les processus vitaux et menacent TOUTE vie naturelle. Des solutions comment pouvoir prot\u00e9ger l\u00b4esp\u00e8ce humaine, l\u00b4animal et la nature pr\u00e9sente&nbsp;:<br \/>\n<em><strong><a href=\"https:\/\/www.naturalscience.org\/fr\/congres-2015\/intervenants\/#Hofmann\">Marcel Hofmann, MSEE<\/a><\/strong>, Dipl\u00f4m\u00e9 Ing\u00e9nieur G\u00e9nie Electrique ETS, Utzigen, Suisse<\/em><\/p>\n<p>&nbsp;<\/p>\n<p><img loading=\"lazy\" decoding=\"async\" src=\"https:\/\/www.naturalscience.org\/wp-content\/uploads\/2015\/09\/header-teeth.jpg\" alt=\"header-teeth\" width=\"970\" height=\"220\" class=\"alignnone size-full wp-image-15732\" srcset=\"https:\/\/www.naturalscience.org\/wp-content\/uploads\/2015\/09\/header-teeth.jpg 970w, https:\/\/www.naturalscience.org\/wp-content\/uploads\/2015\/09\/header-teeth-300x68.jpg 300w, https:\/\/www.naturalscience.org\/wp-content\/uploads\/2015\/09\/header-teeth-164x37.jpg 164w\" sizes=\"auto, (max-width: 970px) 100vw, 970px\" \/><\/p>\n<h2>Les dents \u2013 Miroir de notre sant\u00e9&#8230;.Vraiment?<\/h2>\n<p>Enorm\u00e9ment de maladies et g\u00eanes physiques et psychiques \u2013 de la d\u00e9pression, aux rhumatismes jusqu\u00b4au cancer \u2013 sont en rapport direct avec l\u00b4\u00e9tat de notre dentition. Nous vous illustrons \u00e0 partir d\u00b4exemples pourquoi seuls les aliments naturels sont bons pour la sant\u00e9 de vos dents, comment les produits chimiques ont un effet nuisible et pourquoi il nous faut nous brosser les dents avec un dentifrice sans fluor. De plus, nous vous montrons quel r\u00f4le jouent les diff\u00e9rentes bact\u00e9ries et m\u00e9taux lourds dans l\u00b4apparition des caries et quelle est l\u00b4alternative naturelle au fluor.<br \/>\n<em><strong><a href=\"https:\/\/www.naturalscience.org\/de\/kongress-2015\/referenten\/#Zac-Cox\">Dr. R. Zac Cox BDS<\/a><\/strong>, Dentiste holistique, Londres, Angleterre<br \/>\n<strong><a href=\"https:\/\/www.naturalscience.org\/fr\/congres-2015\/intervenants\/#Waldmann\">Lukas Waldmann<\/a><\/strong>, Naturopathe, Rotkreuz, Suisse<\/em><\/p>\n<p>&nbsp;<\/p>\n<p><img loading=\"lazy\" decoding=\"async\" class=\"alignnone size-full wp-image-15703\" src=\"https:\/\/www.naturalscience.org\/wp-content\/uploads\/2015\/09\/header-mild.jpg\" alt=\"header-mild\" width=\"970\" height=\"220\" srcset=\"https:\/\/www.naturalscience.org\/wp-content\/uploads\/2015\/09\/header-mild.jpg 970w, https:\/\/www.naturalscience.org\/wp-content\/uploads\/2015\/09\/header-mild-300x68.jpg 300w, https:\/\/www.naturalscience.org\/wp-content\/uploads\/2015\/09\/header-mild-164x37.jpg 164w\" sizes=\"auto, (max-width: 970px) 100vw, 970px\" \/><\/p>\n<h2>Du lait, c\u00b4est vraiment du lait? Pas si vite&#8230;<\/h2>\n<p>Le lait commercialis\u00e9 UHT ou pasteuris\u00e9, qui est d\u00e9g\u00e9n\u00e9r\u00e9 d\u00b4une fa\u00e7on m\u00e9connaissable par les processus industriels de transformation repr\u00e9sente une lourde charge pour le corps humain et est responsable de l\u00b4apparition de l\u00b4asthme, des allergies et de l\u00b4ost\u00e9oporose. En revanche, le lait cru d\u00b4animaux d\u00b4\u00e9levage en p\u00e2turage biologique a un effet contraire. C\u00b4est une denr\u00e9e alimentaire essentielle et favorable. Reconnaissez les caract\u00e9ristiques d\u00b4un v\u00e9ritable rafra\u00eechissement blanc&nbsp;!<br \/>\n<em><strong><a href=\"https:\/\/www.naturalscience.org\/fr\/congres-2015\/intervenants\/#Baars\">Prof. Dr. Ton Baars<\/a><\/strong>, Institut de Recherche pour l\u00b4Agriculture biologique (FiBL), Frick, Suisse<\/em><\/p>\n<p>&nbsp;<\/p>\n<div class=\"text-center\" style=\"margin: 20px 0 40px 0;\">\n<a href=\"https:\/\/www.naturalscience.org\/congress-2015\/registration\/\" class=\"button radius register\"><i class=\"fa fa-chevron-right \" ><\/i> S\u00b4inscrire maintenant&nbsp;! <small>(Anglais)<\/small><\/a>\n<\/div>\n","protected":false},"excerpt":{"rendered":"Les sols \u2013 Notre fondement de vie \u2013 sont gravement malades. Un appel \u00e0 l\u00b4action. A l\u00b4\u00e9chelle mondiale, les sols sont dans un \u00e9tat catastrophique, caus\u00e9 par une industrialisation et l\u00b4utilisation inutile de pesticides. Du fait d\u00b4une r\u00e9flexion essentiellement orient\u00e9e vers le profit et sur du court terme, notre fondement de vie le plus important, [&hellip;]","protected":false},"author":9,"featured_media":0,"parent":16149,"menu_order":2,"comment_status":"closed","ping_status":"closed","template":"","meta":{"_acf_changed":false,"ngg_post_thumbnail":0,"footnotes":""},"categories":[],"class_list":["post-16153","page","type-page","status-publish","hentry","wpautop"],"acf":[],"yoast_head":"<!-- This site is optimized with the Yoast SEO plugin v27.5 - https:\/\/yoast.com\/product\/yoast-seo-wordpress\/ -->\n<title>Aper\u00e7u des sujets - The World Foundation for Natural Science<\/title>\n<meta name=\"robots\" content=\"index, follow, max-snippet:-1, max-image-preview:large, max-video-preview:-1\" \/>\n<link rel=\"canonical\" href=\"https:\/\/www.naturalscience.org\/fr\/congres-2015\/sujets\/\" \/>\n<meta name=\"twitter:label1\" content=\"Dur\u00e9e de lecture estim\u00e9e\" \/>\n\t<meta name=\"twitter:data1\" content=\"5 minutes\" \/>\n<script type=\"application\/ld+json\" class=\"yoast-schema-graph\">{\"@context\":\"https:\\\/\\\/schema.org\",\"@graph\":[{\"@type\":\"WebPage\",\"@id\":\"https:\\\/\\\/www.naturalscience.org\\\/fr\\\/congres-2015\\\/sujets\\\/\",\"url\":\"https:\\\/\\\/www.naturalscience.org\\\/fr\\\/congres-2015\\\/sujets\\\/\",\"name\":\"Aper\u00e7u des sujets - The World Foundation for Natural Science\",\"isPartOf\":{\"@id\":\"https:\\\/\\\/www.naturalscience.org\\\/#website\"},\"primaryImageOfPage\":{\"@id\":\"https:\\\/\\\/www.naturalscience.org\\\/fr\\\/congres-2015\\\/sujets\\\/#primaryimage\"},\"image\":{\"@id\":\"https:\\\/\\\/www.naturalscience.org\\\/fr\\\/congres-2015\\\/sujets\\\/#primaryimage\"},\"thumbnailUrl\":\"https:\\\/\\\/www.naturalscience.org\\\/wp-content\\\/uploads\\\/2015\\\/09\\\/header-soil-2.jpg\",\"datePublished\":\"2015-10-18T13:36:01+00:00\",\"dateModified\":\"2015-10-20T18:15:44+00:00\",\"breadcrumb\":{\"@id\":\"https:\\\/\\\/www.naturalscience.org\\\/fr\\\/congres-2015\\\/sujets\\\/#breadcrumb\"},\"inLanguage\":\"fr-FR\",\"potentialAction\":[{\"@type\":\"ReadAction\",\"target\":[\"https:\\\/\\\/www.naturalscience.org\\\/fr\\\/congres-2015\\\/sujets\\\/\"]}]},{\"@type\":\"ImageObject\",\"inLanguage\":\"fr-FR\",\"@id\":\"https:\\\/\\\/www.naturalscience.org\\\/fr\\\/congres-2015\\\/sujets\\\/#primaryimage\",\"url\":\"https:\\\/\\\/www.naturalscience.org\\\/wp-content\\\/uploads\\\/2015\\\/09\\\/header-soil-2.jpg\",\"contentUrl\":\"https:\\\/\\\/www.naturalscience.org\\\/wp-content\\\/uploads\\\/2015\\\/09\\\/header-soil-2.jpg\"},{\"@type\":\"BreadcrumbList\",\"@id\":\"https:\\\/\\\/www.naturalscience.org\\\/fr\\\/congres-2015\\\/sujets\\\/#breadcrumb\",\"itemListElement\":[{\"@type\":\"ListItem\",\"position\":1,\"name\":\"Home\",\"item\":\"https:\\\/\\\/www.naturalscience.org\\\/fr\\\/\"},{\"@type\":\"ListItem\",\"position\":2,\"name\":\"20\u00e8me Congr\u00e8s Mondial \u201eNouvelles Perspectives Scientifiques\u201c\",\"item\":\"https:\\\/\\\/www.naturalscience.org\\\/fr\\\/congres-2015\\\/\"},{\"@type\":\"ListItem\",\"position\":3,\"name\":\"Aper\u00e7u des sujets\"}]},{\"@type\":\"WebSite\",\"@id\":\"https:\\\/\\\/www.naturalscience.org\\\/#website\",\"url\":\"https:\\\/\\\/www.naturalscience.org\\\/\",\"name\":\"The World Foundation for Natural Science\",\"description\":\"Restoring and Healing the World through Responsibility and Commitment in accord with Natural and Divine Law!\",\"potentialAction\":[{\"@type\":\"SearchAction\",\"target\":{\"@type\":\"EntryPoint\",\"urlTemplate\":\"https:\\\/\\\/www.naturalscience.org\\\/?s={search_term_string}\"},\"query-input\":{\"@type\":\"PropertyValueSpecification\",\"valueRequired\":true,\"valueName\":\"search_term_string\"}}],\"inLanguage\":\"fr-FR\"}]}<\/script>\n<!-- \/ Yoast SEO plugin. -->","yoast_head_json":{"title":"Aper\u00e7u des sujets - The World Foundation for Natural Science","robots":{"index":"index","follow":"follow","max-snippet":"max-snippet:-1","max-image-preview":"max-image-preview:large","max-video-preview":"max-video-preview:-1"},"canonical":"https:\/\/www.naturalscience.org\/fr\/congres-2015\/sujets\/","twitter_misc":{"Dur\u00e9e de lecture estim\u00e9e":"5 minutes"},"schema":{"@context":"https:\/\/schema.org","@graph":[{"@type":"WebPage","@id":"https:\/\/www.naturalscience.org\/fr\/congres-2015\/sujets\/","url":"https:\/\/www.naturalscience.org\/fr\/congres-2015\/sujets\/","name":"Aper\u00e7u des sujets - The World Foundation for Natural Science","isPartOf":{"@id":"https:\/\/www.naturalscience.org\/#website"},"primaryImageOfPage":{"@id":"https:\/\/www.naturalscience.org\/fr\/congres-2015\/sujets\/#primaryimage"},"image":{"@id":"https:\/\/www.naturalscience.org\/fr\/congres-2015\/sujets\/#primaryimage"},"thumbnailUrl":"https:\/\/www.naturalscience.org\/wp-content\/uploads\/2015\/09\/header-soil-2.jpg","datePublished":"2015-10-18T13:36:01+00:00","dateModified":"2015-10-20T18:15:44+00:00","breadcrumb":{"@id":"https:\/\/www.naturalscience.org\/fr\/congres-2015\/sujets\/#breadcrumb"},"inLanguage":"fr-FR","potentialAction":[{"@type":"ReadAction","target":["https:\/\/www.naturalscience.org\/fr\/congres-2015\/sujets\/"]}]},{"@type":"ImageObject","inLanguage":"fr-FR","@id":"https:\/\/www.naturalscience.org\/fr\/congres-2015\/sujets\/#primaryimage","url":"https:\/\/www.naturalscience.org\/wp-content\/uploads\/2015\/09\/header-soil-2.jpg","contentUrl":"https:\/\/www.naturalscience.org\/wp-content\/uploads\/2015\/09\/header-soil-2.jpg"},{"@type":"BreadcrumbList","@id":"https:\/\/www.naturalscience.org\/fr\/congres-2015\/sujets\/#breadcrumb","itemListElement":[{"@type":"ListItem","position":1,"name":"Home","item":"https:\/\/www.naturalscience.org\/fr\/"},{"@type":"ListItem","position":2,"name":"20\u00e8me Congr\u00e8s Mondial \u201eNouvelles Perspectives Scientifiques\u201c","item":"https:\/\/www.naturalscience.org\/fr\/congres-2015\/"},{"@type":"ListItem","position":3,"name":"Aper\u00e7u des sujets"}]},{"@type":"WebSite","@id":"https:\/\/www.naturalscience.org\/#website","url":"https:\/\/www.naturalscience.org\/","name":"The World Foundation for Natural Science","description":"Restoring and Healing the World through Responsibility and Commitment in accord with Natural and Divine Law!","potentialAction":[{"@type":"SearchAction","target":{"@type":"EntryPoint","urlTemplate":"https:\/\/www.naturalscience.org\/?s={search_term_string}"},"query-input":{"@type":"PropertyValueSpecification","valueRequired":true,"valueName":"search_term_string"}}],"inLanguage":"fr-FR"}]}},"_links":{"self":[{"href":"https:\/\/www.naturalscience.org\/fr\/wp-json\/wp\/v2\/pages\/16153","targetHints":{"allow":["GET"]}}],"collection":[{"href":"https:\/\/www.naturalscience.org\/fr\/wp-json\/wp\/v2\/pages"}],"about":[{"href":"https:\/\/www.naturalscience.org\/fr\/wp-json\/wp\/v2\/types\/page"}],"author":[{"embeddable":true,"href":"https:\/\/www.naturalscience.org\/fr\/wp-json\/wp\/v2\/users\/9"}],"replies":[{"embeddable":true,"href":"https:\/\/www.naturalscience.org\/fr\/wp-json\/wp\/v2\/comments?post=16153"}],"version-history":[{"count":10,"href":"https:\/\/www.naturalscience.org\/fr\/wp-json\/wp\/v2\/pages\/16153\/revisions"}],"predecessor-version":[{"id":16304,"href":"https:\/\/www.naturalscience.org\/fr\/wp-json\/wp\/v2\/pages\/16153\/revisions\/16304"}],"up":[{"embeddable":true,"href":"https:\/\/www.naturalscience.org\/fr\/wp-json\/wp\/v2\/pages\/16149"}],"wp:attachment":[{"href":"https:\/\/www.naturalscience.org\/fr\/wp-json\/wp\/v2\/media?parent=16153"}],"wp:term":[{"taxonomy":"category","embeddable":true,"href":"https:\/\/www.naturalscience.org\/fr\/wp-json\/wp\/v2\/categories?post=16153"}],"curies":[{"name":"wp","href":"https:\/\/api.w.org\/{rel}","templated":true}]}}