{"id":16149,"date":"2015-10-18T15:29:34","date_gmt":"2015-10-18T13:29:34","guid":{"rendered":"http:\/\/www.naturalscience.org\/fr\/?page_id=16149"},"modified":"2016-03-12T13:03:06","modified_gmt":"2016-03-12T12:03:06","slug":"congres-2015","status":"publish","type":"page","link":"https:\/\/www.naturalscience.org\/fr\/congres-2015\/","title":{"rendered":"20\u00e8me Congr\u00e8s Mondial \u201eNouvelles Perspectives Scientifiques\u201c"},"content":{"rendered":"<div class=\"landingpage-header text-center\">\n<h1>20<sup>\u00e8me<\/sup> Congr\u00e8s Mondial \u201eNouvelles Perspectives Scientifiques\u201c<\/h1>\n<div class=\"date\">Du jeudi 29 octobre 2015, 19h00 au dimanche 1er novembre 2015, 13h00<\/div>\n<div class=\"location\">Hotel Maritim, Basteistrasse 40, 89073 Ulm, Allemagne<\/div>\n<\/div>\n<p>&nbsp;<\/p>\n<div class=\"row\" style=\"margin-bottom: 20px;\">\n<div class=\"small-24 medium-12 columns\"><img loading=\"lazy\" decoding=\"async\" class=\"alignnone size-full wp-image-15731\" src=\"https:\/\/www.naturalscience.org\/wp-content\/uploads\/2015\/09\/header-soil-2.jpg\" alt=\"header-soil-2\" width=\"970\" height=\"220\" srcset=\"https:\/\/www.naturalscience.org\/wp-content\/uploads\/2015\/09\/header-soil-2.jpg 970w, https:\/\/www.naturalscience.org\/wp-content\/uploads\/2015\/09\/header-soil-2-300x68.jpg 300w, https:\/\/www.naturalscience.org\/wp-content\/uploads\/2015\/09\/header-soil-2-164x37.jpg 164w\" sizes=\"auto, (max-width: 970px) 100vw, 970px\" \/><\/p>\n<h2>Les sols \u2013 Notre fondement de vie \u2013 sont gravement malades. Un appel \u00e0 l\u00b4action.<\/h2>\n<p>A l\u00b4\u00e9chelle mondiale, les sols sont dans un \u00e9tat catastrophique, caus\u00e9 par une industrialisation et l\u00b4utilisation inutile de pesticides. Du fait d\u00b4une r\u00e9flexion essentiellement orient\u00e9e vers le profit et sur du court terme, notre fondement de vie le plus important, la Terre, est non seulement en danger mais d\u00e9j\u00e0 en grande partie perdu. Vous obtiendrez des solutions pour contribuer individuellement et ensemble comme soci\u00e9t\u00e9 \u00e0 r\u00e9tablir la capacit\u00e9 des sols \u00e0 se r\u00e9g\u00e9nerer et \u00e0 produire de v\u00e9ritables denr\u00e9es alimentaires.<br \/>\n<em><strong><a href=\"https:\/\/www.naturalscience.org\/fr\/congres-2015\/intervenants\/#Luebke-Hildebrandt\">Angelika L\u00fcbke-Hildebrandt<\/a><\/strong>, MSc, Experte en Qualit\u00e9 des sols, U.R.S. Landmanagement, United Research for Soil, Peuerbach, Autriche<\/em><\/p>\n<\/div>\n<div class=\"small-24 medium-12 columns\"><img loading=\"lazy\" decoding=\"async\" class=\"alignnone size-full wp-image-15704\" src=\"https:\/\/www.naturalscience.org\/wp-content\/uploads\/2015\/09\/header-natural-birth-2.jpg\" alt=\"header-natural-birth-2\" width=\"970\" height=\"220\" srcset=\"https:\/\/www.naturalscience.org\/wp-content\/uploads\/2015\/09\/header-natural-birth-2.jpg 970w, https:\/\/www.naturalscience.org\/wp-content\/uploads\/2015\/09\/header-natural-birth-2-300x68.jpg 300w, https:\/\/www.naturalscience.org\/wp-content\/uploads\/2015\/09\/header-natural-birth-2-164x37.jpg 164w\" sizes=\"auto, (max-width: 970px) 100vw, 970px\" \/><\/p>\n<h2>La naissance \u2013 Un processus Divin!<br \/>\nLa c\u00e9sarienne \u2013 Un trouble-paix \u00e0 tous les niveaux.<\/h2>\n<p>Le taux de c\u00e9sariennes dans les pays industrialis\u00e9s a pratiquement doubl\u00e9 dans les 20 derni\u00e8res ann\u00e9es. Cependant, la fa\u00e7on de donner naissance que la m\u00e8re choisit influence essentiellement la sant\u00e9 du nouveau-n\u00e9. Au contraire d\u00b4un accouchement naturel, il manque la transmission de la m\u00e8re \u00e0 l\u00b4enfant de micro-organismes essentiels \u00e0 la vie lors d\u00b4une c\u00e9sarienne. Harman et Wakeford, eux-m\u00eame parents avertis, pr\u00e9sentent de par leurs exp\u00e9riences et connaissances personnelles, ce qui se passe lors d\u00b4un accouchement naturel, les r\u00e9percussions qu\u00b4une c\u00e9sarienne a sur la sant\u00e9 des g\u00e9n\u00e9rations \u00e0 venir et ce que l\u00b4on peut faire si une c\u00e9sarienne est in\u00e9vitable!<br \/>\n<em><strong><a href=\"https:\/\/www.naturalscience.org\/fr\/congres-2015\/intervenants\/#Harman-Wakeford\">Toni Harman &amp; Alex Wakeford<\/a><\/strong>, R\u00e9alisateurs et producteurs du Film \u201eMicrobirth\u201c, Angleterre<\/em><\/p>\n<\/div>\n<\/div>\n<div class=\"row\">\n<div class=\"small-24 medium-12 columns\"><img loading=\"lazy\" decoding=\"async\" class=\"alignnone size-full wp-image-15701\" src=\"https:\/\/www.naturalscience.org\/wp-content\/uploads\/2015\/09\/header-farm-animals.jpg\" alt=\"header-farm-animals\" width=\"970\" height=\"220\" srcset=\"https:\/\/www.naturalscience.org\/wp-content\/uploads\/2015\/09\/header-farm-animals.jpg 970w, https:\/\/www.naturalscience.org\/wp-content\/uploads\/2015\/09\/header-farm-animals-300x68.jpg 300w, https:\/\/www.naturalscience.org\/wp-content\/uploads\/2015\/09\/header-farm-animals-164x37.jpg 164w\" sizes=\"auto, (max-width: 970px) 100vw, 970px\" \/><\/p>\n<h2>L\u00b4administration d\u00b4antibiotiques aux animaux d\u00b4\u00e9levage et ses cons\u00e9quences fatales.<\/h2>\n<p>Chaque ann\u00e9e, 25.000 personnes dans la Communaut\u00e9 Europ\u00e9enne meurent d\u00b4une infection provoqu\u00e9e par des germes r\u00e9sistants aux antibiotiques. Coresponsable est la mauvaise utilisation d\u00b4antibiotiques synth\u00e9tiques dans l\u00b4agriculture. Par le biais de l\u00b4\u00e9limination naturelle des animaux, ces produits pharmaceutiques parviennent dans les nappes phr\u00e9atiques et finalement dans notre nourriture. Une des cons\u00e9quences est que les antibiotiques restent sans effet sur de plus en plus de gens et d\u00b4animaux. Comment changer cette pratique fatale pour la vie vers une harmonie nouvelle pour l\u00b4homme, l\u00b4animal et la nature, c\u00b4est ce que vous montre<br \/>\n<em><strong><a href=\"https:\/\/www.naturalscience.org\/fr\/congres-2015\/intervenants\/#Herout\">Dr. med. vet. Nicole Herout<\/a><\/strong>, Centre de m\u00e9decine v\u00e9t\u00e9rinaire holistique, Lichtenberg, Autriche<\/em><\/p>\n<\/div>\n<div class=\"small-24 medium-12 columns\"><img loading=\"lazy\" decoding=\"async\" class=\"alignnone size-full wp-image-15702\" src=\"https:\/\/www.naturalscience.org\/wp-content\/uploads\/2015\/09\/header-injection-2.jpg\" alt=\"header-injection-2\" width=\"970\" height=\"220\" srcset=\"https:\/\/www.naturalscience.org\/wp-content\/uploads\/2015\/09\/header-injection-2.jpg 970w, https:\/\/www.naturalscience.org\/wp-content\/uploads\/2015\/09\/header-injection-2-300x68.jpg 300w, https:\/\/www.naturalscience.org\/wp-content\/uploads\/2015\/09\/header-injection-2-164x37.jpg 164w\" sizes=\"auto, (max-width: 970px) 100vw, 970px\" \/><\/p>\n<h2>Vaccination \u2013 Mythe ou menace?<\/h2>\n<p>Les vaccins, bas\u00e9s sur des formules synth\u00e9tiques, affaiblissent notre syst\u00e8me immunitaire. De telles compositions ont en partie des effets secondaires lourds et irr\u00e9versibles. Beaucoup de m\u00e9decins en sont conscients et ne vaccinent ni leur famille ni soi-m\u00eame. Des \u00e9tudes d\u00b4efficacit\u00e9 et les r\u00e9sultats probants de leurs produits sont la plupart du temps fournis par les fabricants m\u00eame de vaccins et sont de ce fait \u00e0 consid\u00e9rer subjectivement. Face \u00e0 cette probl\u00e9matique profonde, est-il justifiable que les enfants non vaccin\u00e9s soient exclus des \u00e9coles, que des adultes doivent s\u00b4\u00e9loigner de leur lieu de travail ou que des gens soient m\u00eame vaccin\u00e9s de force? Des contre-arguments et des preuves bien fond\u00e9es nous seront pr\u00e9sent\u00e9s de fa\u00e7on enrichissante et tr\u00e8s professionnelle par<br \/>\n<em><strong><a href=\"https:\/\/www.naturalscience.org\/fr\/congres-2015\/intervenants\/#Trappitsch\">Daniel Trappitsch<\/a><\/strong>, Delegu\u00e9 du Conseil d\u00b4Administration du R\u00e9seau Choix Vaccinal, Buchs, Suisse<\/em><\/p>\n<\/div>\n<\/div>\n<div class=\"text-center\" style=\"margin: 20px 0; font-size: 18px;\"><a class=\"button radius primary\" href=\"https:\/\/www.naturalscience.org\/fr\/congres-2015\/sujets\/\"><i class=\"fa fa-chevron-right \" ><\/i> Vers l\u00b4aper\u00e7u complet des sujets du Congr\u00e8s<\/a><\/div>\n<p>&nbsp;<\/p>\n<div class=\"content-box green-1 width-100\">\n<div class=\"content-box-title text-center\"><i class=\"fa fa-info-circle\"><\/i> Informations sur le Congr\u00e8s<\/div>\n<div class=\"content-box-body\">\n<div class=\"row\">\n<div class=\"small-24 medium-10 columns\">\n<h3>Lettre d\u00b4invitation<\/h3>\n<p>Lisez ici la lettre d\u00b4invitation de notre Pr\u00e9sident Europ\u00e9en (Anglais)<\/p>\n<p><a class=\"button radius primary\" href=\"https:\/\/www.naturalscience.org\/wp-content\/uploads\/2015\/10\/Congress-2015-Invitation-Letter_v2.pdf\" target=\"_blank\"><i class=\"fa fa-download \" ><\/i> Lettre d\u00b4invitation <small>(PDF)<\/small><\/a><\/p>\n<\/div>\n<div class=\"small-24 medium-7 columns\">\n<h3>D\u00e9but &amp; Fin<\/h3>\n<p><strong>D\u00e9but<\/strong><br \/>\nJeudi 29 octobre 2015<br \/>\n19h00<br \/>\n<strong>Fin<\/strong><br \/>\nDimanche 1er novembre 2015<br \/>\n13h00<\/p>\n<\/div>\n<div class=\"small-24 medium-7 columns\">\n<h3>Lieu du Congr\u00e8s<\/h3>\n<p><strong style=\"color: #800000;\">L\u00b4h\u00f4tel est compl\u00e8ment non-fumeur pendant la dur\u00e9e du Congr\u00e8s&nbsp;!<\/strong><br \/>\nH\u00f4tel Maritim<br \/>\nBasteistra\u00dfe 40<br \/>\n89073 Ulm<br \/>\nAllemagne<br \/>\n<i class=\"fa fa-angle-right \" ><\/i> <a href=\"https:\/\/www.maritim.fr\/fr\/hotels\/allemagne\/hotel-ulm\/description-de-lhotel#hotel_content\" target=\"_blank\">Site Web<\/a><\/p>\n<\/div>\n<\/div>\n<p>&nbsp;<\/p>\n<div class=\"row\">\n<div class=\"small-24 medium-10 columns\">\n<h3>Frais<\/h3>\n<ul class=\"fa-ul\" style=\"margin-left: 20px;\">\n<li><i class=\"fa-li fa fa-angle-right\"><\/i>Par personne: \u20ac 350<\/li>\n<li><i class=\"fa-li fa fa-angle-right\"><\/i>\u201eles plus de 65 ans\u201c (l\u00b4\u00e2ge d\u00b4or!): \u20ac 260<\/li>\n<li><i class=\"fa-li fa fa-angle-right\"><\/i>Couples mari\u00e9s (participation conjointe): \u20ac 490<\/li>\n<li><i class=\"fa-li fa fa-angle-right\"><\/i>Etudiants en Universit\u00e9\/ Ecole sup\u00e9rieure: \u20ac 260<\/li>\n<li><i class=\"fa-li fa fa-angle-right\"><\/i>Adolescents\/ Ecoliers: \u20ac 125<\/li>\n<\/ul>\n<\/div>\n<div class=\"small-24 medium-7 columns\">\n<h3>Traductions<\/h3>\n<p>Simultan\u00e9es en anglais, espagnol,<br \/>\ntch\u00e8que et russe<\/p>\n<\/div>\n<div class=\"small-24 medium-7 columns\">\n<h3>Avez-vous des questions?<\/h3>\n<ul class=\"fa-ul\">\n<li><i class=\"fa fa-envelope-o fa-li\"><\/i> <a href=\"https:\/\/www.naturalscience.org\/fr\/contact\/\"> Formulaire de contact<\/a><\/li>\n<li><i class=\"fa fa-at fa-li\"><\/i> <a href=\"mailto:contact@naturalscience.org\"> contact@naturalscience.org<\/a><\/li>\n<li><i class=\"fa fa-phone fa-li\"><\/i> +41(41)798-0398<\/li>\n<\/ul>\n<\/div>\n<\/div>\n<\/div>\n<\/div>\n<div class=\"text-center\" style=\"margin: 40px 0;\"><a class=\"button radius register\" href=\"https:\/\/www.naturalscience.org\/congress-2015\/registration\/\"><i class=\"fa fa-chevron-right \" ><\/i> Saisissez cette occasion unique et inscrivez-vous d\u00e8s maintenant! <small>(Anglais)<\/small><\/a><\/div>\n<h2 class=\"text-center\">Ce que nos participants en disent<\/h2>\n<p>&nbsp;<\/p>\n<div class=\"row\">\n<div class=\"small-24 medium-8 columns\">\n<blockquote><p>Lorsque j\u00b4ai particip\u00e9 la premi\u00e8re fois au Congr\u00e8s en 2012, je ne savais pas vraiment \u00e0 quoi m\u00b4attendre. Dans le cadre de mon travail \u00e0 l\u00b4universit\u00e9, j\u00b4avais d\u00e9j\u00e0 \u00e9t\u00e9 \u00e0 nombre de conf\u00e9rences dans plusieurs pays. Mes attentes n\u00b4\u00e9taient pas tr\u00e8s grandes car je pr\u00e9sumais que c\u00b4\u00e9tait une conf\u00e9rence comme les autres. Cependant, je me trompais sur toute la ligne. Sans aucun doute, c\u00b4\u00e9tait la meilleure des conf\u00e9rences scientifiques \u00e0 laquelle je n\u00b4avais jamais particip\u00e9! J\u00b4y ai trouv\u00e9 de vraies r\u00e9ponses qui peuvent sauver des vies. J\u00b4ai \u00e9crit plus de 20 pages de notes d\u00e9taill\u00e9es&#8230; Je ne m\u00b4en lassais pas!<cite>Dr. Karl Cox, University of Brighton<\/cite><\/p><\/blockquote>\n<\/div>\n<div class=\"small-24 medium-8 columns\">\n<blockquote><p>Le Congr\u00e8s \u00e9tait passionnant et informatif. Il comprenait des th\u00e8mes touchant \u00e0 divers domaines de la vie, comme par exemple un matin o\u00f9 le th\u00e8me principal \u00e9tait sur \u201eLa Naissance Naturelle\u201c et un autre jour le th\u00e8me sur \u201eLes Sols\u201c \u2013 c\u00b4\u00e9tait tr\u00e8s bien. L\u00b4\u00e9change avec d\u00b4autres participants au Congr\u00e8s \u00e9tait int\u00e9ressant et enrichissant, l\u00b4ambiance g\u00e9n\u00e9rale&nbsp;: formidable.<cite>Claudia Zweifel<\/cite><\/p><\/blockquote>\n<\/div>\n<div class=\"small-24 medium-8 columns\">\n<blockquote><p>Les discours \u00e9taient fantastiques. Ils ont approfondi des th\u00e8mes auxquels je m\u00b4int\u00e9resse depuis plusieurs ann\u00e9es. Ce qui m\u00b4a particuli\u00e8rement impression\u00e9e fut la grande ouverture d\u00b4esprit et la participation internationale \u2013 \u00e9galement celles des jeunes en particulier. Cela me donne l\u00b4espoir pour l\u00b4avenir. De plus, l\u00b4arrangement magnifique et chaleureux de la grande salle des Congr\u00e8s m\u00b4est all\u00e9 droit au coeur tout de suite.<cite>Hiltrud d\u00b4 Ulm, 80 ans<\/cite><\/p><\/blockquote>\n<\/div>\n<\/div>\n<p>&nbsp;<\/p>\n<h2 class=\"text-center\">Impressions sur le Congr\u00e8s pr\u00e9c\u00e9dent<\/h2>\n<p>[wonderplugin_carousel id=&nbsp;&raquo;1&Prime;]<\/p>\n<div class=\"text-center\" style=\"margin: 60px 0 20px 0;\"><a class=\"button radius register\" href=\"https:\/\/www.naturalscience.org\/congress-2015\/registration\/\"><i class=\"fa fa-chevron-right \" ><\/i> S\u00b4inscrire maintenant&nbsp;! <small>(Anglais)<\/small><\/a><\/div>\n","protected":false},"excerpt":{"rendered":"20\u00e8me Congr\u00e8s Mondial \u201eNouvelles Perspectives Scientifiques\u201c Du jeudi 29 octobre 2015, 19h00 au dimanche 1er novembre 2015, 13h00 Hotel Maritim, Basteistrasse 40, 89073 Ulm, Allemagne &nbsp; Les sols \u2013 Notre fondement de vie \u2013 sont gravement malades. Un appel \u00e0 l\u00b4action. A l\u00b4\u00e9chelle mondiale, les sols sont dans un \u00e9tat catastrophique, caus\u00e9 par une industrialisation [&hellip;]","protected":false},"author":9,"featured_media":0,"parent":0,"menu_order":77,"comment_status":"closed","ping_status":"closed","template":"page-full.php","meta":{"_acf_changed":false,"ngg_post_thumbnail":0,"footnotes":""},"categories":[],"class_list":["post-16149","page","type-page","status-publish","hentry","wpautop"],"acf":[],"yoast_head":"<!-- This site is optimized with the Yoast SEO plugin v27.5 - https:\/\/yoast.com\/product\/yoast-seo-wordpress\/ -->\n<title>20\u00e8me Congr\u00e8s Mondial \u201eNouvelles Perspectives Scientifiques\u201c - The World Foundation for Natural Science<\/title>\n<meta name=\"robots\" content=\"index, follow, max-snippet:-1, max-image-preview:large, max-video-preview:-1\" \/>\n<link rel=\"canonical\" href=\"https:\/\/www.naturalscience.org\/fr\/congres-2015\/\" \/>\n<meta name=\"twitter:label1\" content=\"Dur\u00e9e de lecture estim\u00e9e\" \/>\n\t<meta name=\"twitter:data1\" content=\"5 minutes\" \/>\n<script type=\"application\/ld+json\" class=\"yoast-schema-graph\">{\"@context\":\"https:\\\/\\\/schema.org\",\"@graph\":[{\"@type\":\"WebPage\",\"@id\":\"https:\\\/\\\/www.naturalscience.org\\\/fr\\\/congres-2015\\\/\",\"url\":\"https:\\\/\\\/www.naturalscience.org\\\/fr\\\/congres-2015\\\/\",\"name\":\"20\u00e8me Congr\u00e8s Mondial \u201eNouvelles Perspectives Scientifiques\u201c - The World Foundation for Natural Science\",\"isPartOf\":{\"@id\":\"https:\\\/\\\/www.naturalscience.org\\\/#website\"},\"primaryImageOfPage\":{\"@id\":\"https:\\\/\\\/www.naturalscience.org\\\/fr\\\/congres-2015\\\/#primaryimage\"},\"image\":{\"@id\":\"https:\\\/\\\/www.naturalscience.org\\\/fr\\\/congres-2015\\\/#primaryimage\"},\"thumbnailUrl\":\"https:\\\/\\\/www.naturalscience.org\\\/wp-content\\\/uploads\\\/2015\\\/09\\\/header-soil-2.jpg\",\"datePublished\":\"2015-10-18T13:29:34+00:00\",\"dateModified\":\"2016-03-12T12:03:06+00:00\",\"breadcrumb\":{\"@id\":\"https:\\\/\\\/www.naturalscience.org\\\/fr\\\/congres-2015\\\/#breadcrumb\"},\"inLanguage\":\"fr-FR\",\"potentialAction\":[{\"@type\":\"ReadAction\",\"target\":[\"https:\\\/\\\/www.naturalscience.org\\\/fr\\\/congres-2015\\\/\"]}]},{\"@type\":\"ImageObject\",\"inLanguage\":\"fr-FR\",\"@id\":\"https:\\\/\\\/www.naturalscience.org\\\/fr\\\/congres-2015\\\/#primaryimage\",\"url\":\"https:\\\/\\\/www.naturalscience.org\\\/wp-content\\\/uploads\\\/2015\\\/09\\\/header-soil-2.jpg\",\"contentUrl\":\"https:\\\/\\\/www.naturalscience.org\\\/wp-content\\\/uploads\\\/2015\\\/09\\\/header-soil-2.jpg\"},{\"@type\":\"BreadcrumbList\",\"@id\":\"https:\\\/\\\/www.naturalscience.org\\\/fr\\\/congres-2015\\\/#breadcrumb\",\"itemListElement\":[{\"@type\":\"ListItem\",\"position\":1,\"name\":\"Home\",\"item\":\"https:\\\/\\\/www.naturalscience.org\\\/fr\\\/\"},{\"@type\":\"ListItem\",\"position\":2,\"name\":\"20\u00e8me Congr\u00e8s Mondial \u201eNouvelles Perspectives Scientifiques\u201c\"}]},{\"@type\":\"WebSite\",\"@id\":\"https:\\\/\\\/www.naturalscience.org\\\/#website\",\"url\":\"https:\\\/\\\/www.naturalscience.org\\\/\",\"name\":\"The World Foundation for Natural Science\",\"description\":\"Restoring and Healing the World through Responsibility and Commitment in accord with Natural and Divine Law!\",\"potentialAction\":[{\"@type\":\"SearchAction\",\"target\":{\"@type\":\"EntryPoint\",\"urlTemplate\":\"https:\\\/\\\/www.naturalscience.org\\\/?s={search_term_string}\"},\"query-input\":{\"@type\":\"PropertyValueSpecification\",\"valueRequired\":true,\"valueName\":\"search_term_string\"}}],\"inLanguage\":\"fr-FR\"}]}<\/script>\n<!-- \/ Yoast SEO plugin. -->","yoast_head_json":{"title":"20\u00e8me Congr\u00e8s Mondial \u201eNouvelles Perspectives Scientifiques\u201c - The World Foundation for Natural Science","robots":{"index":"index","follow":"follow","max-snippet":"max-snippet:-1","max-image-preview":"max-image-preview:large","max-video-preview":"max-video-preview:-1"},"canonical":"https:\/\/www.naturalscience.org\/fr\/congres-2015\/","twitter_misc":{"Dur\u00e9e de lecture estim\u00e9e":"5 minutes"},"schema":{"@context":"https:\/\/schema.org","@graph":[{"@type":"WebPage","@id":"https:\/\/www.naturalscience.org\/fr\/congres-2015\/","url":"https:\/\/www.naturalscience.org\/fr\/congres-2015\/","name":"20\u00e8me Congr\u00e8s Mondial \u201eNouvelles Perspectives Scientifiques\u201c - The World Foundation for Natural Science","isPartOf":{"@id":"https:\/\/www.naturalscience.org\/#website"},"primaryImageOfPage":{"@id":"https:\/\/www.naturalscience.org\/fr\/congres-2015\/#primaryimage"},"image":{"@id":"https:\/\/www.naturalscience.org\/fr\/congres-2015\/#primaryimage"},"thumbnailUrl":"https:\/\/www.naturalscience.org\/wp-content\/uploads\/2015\/09\/header-soil-2.jpg","datePublished":"2015-10-18T13:29:34+00:00","dateModified":"2016-03-12T12:03:06+00:00","breadcrumb":{"@id":"https:\/\/www.naturalscience.org\/fr\/congres-2015\/#breadcrumb"},"inLanguage":"fr-FR","potentialAction":[{"@type":"ReadAction","target":["https:\/\/www.naturalscience.org\/fr\/congres-2015\/"]}]},{"@type":"ImageObject","inLanguage":"fr-FR","@id":"https:\/\/www.naturalscience.org\/fr\/congres-2015\/#primaryimage","url":"https:\/\/www.naturalscience.org\/wp-content\/uploads\/2015\/09\/header-soil-2.jpg","contentUrl":"https:\/\/www.naturalscience.org\/wp-content\/uploads\/2015\/09\/header-soil-2.jpg"},{"@type":"BreadcrumbList","@id":"https:\/\/www.naturalscience.org\/fr\/congres-2015\/#breadcrumb","itemListElement":[{"@type":"ListItem","position":1,"name":"Home","item":"https:\/\/www.naturalscience.org\/fr\/"},{"@type":"ListItem","position":2,"name":"20\u00e8me Congr\u00e8s Mondial \u201eNouvelles Perspectives Scientifiques\u201c"}]},{"@type":"WebSite","@id":"https:\/\/www.naturalscience.org\/#website","url":"https:\/\/www.naturalscience.org\/","name":"The World Foundation for Natural Science","description":"Restoring and Healing the World through Responsibility and Commitment in accord with Natural and Divine Law!","potentialAction":[{"@type":"SearchAction","target":{"@type":"EntryPoint","urlTemplate":"https:\/\/www.naturalscience.org\/?s={search_term_string}"},"query-input":{"@type":"PropertyValueSpecification","valueRequired":true,"valueName":"search_term_string"}}],"inLanguage":"fr-FR"}]}},"_links":{"self":[{"href":"https:\/\/www.naturalscience.org\/fr\/wp-json\/wp\/v2\/pages\/16149","targetHints":{"allow":["GET"]}}],"collection":[{"href":"https:\/\/www.naturalscience.org\/fr\/wp-json\/wp\/v2\/pages"}],"about":[{"href":"https:\/\/www.naturalscience.org\/fr\/wp-json\/wp\/v2\/types\/page"}],"author":[{"embeddable":true,"href":"https:\/\/www.naturalscience.org\/fr\/wp-json\/wp\/v2\/users\/9"}],"replies":[{"embeddable":true,"href":"https:\/\/www.naturalscience.org\/fr\/wp-json\/wp\/v2\/comments?post=16149"}],"version-history":[{"count":11,"href":"https:\/\/www.naturalscience.org\/fr\/wp-json\/wp\/v2\/pages\/16149\/revisions"}],"predecessor-version":[{"id":18212,"href":"https:\/\/www.naturalscience.org\/fr\/wp-json\/wp\/v2\/pages\/16149\/revisions\/18212"}],"wp:attachment":[{"href":"https:\/\/www.naturalscience.org\/fr\/wp-json\/wp\/v2\/media?parent=16149"}],"wp:term":[{"taxonomy":"category","embeddable":true,"href":"https:\/\/www.naturalscience.org\/fr\/wp-json\/wp\/v2\/categories?post=16149"}],"curies":[{"name":"wp","href":"https:\/\/api.w.org\/{rel}","templated":true}]}}