{"id":41324,"date":"2024-10-30T09:57:08","date_gmt":"2024-10-30T08:57:08","guid":{"rendered":"https:\/\/www.naturalscience.org\/?page_id=41324"},"modified":"2024-11-07T21:13:56","modified_gmt":"2024-11-07T20:13:56","slug":"congress-2024","status":"publish","type":"page","link":"https:\/\/www.naturalscience.org\/es\/congress-2024\/","title":{"rendered":"27\u00b0 Congreso Mundial Internacional \u201cNuevas Perspectivas Cient\u00edficas\u201d"},"content":{"rendered":"<div class=\"small-24 medium-8 columns text-center\">\n<div class=\"document-wrapper\">\n<p><a href=\"https:\/\/www.naturalscience.org\/wp-content\/uploads\/2024\/11\/03-SP2024-11-05NSOC-2024INVITE-1.pdf\" target=\"_blank\" rel=\"noopener noreferrer\"><img loading=\"lazy\" decoding=\"async\" class=\"alignnone size-size-400 wp-image-31154\" src=\"https:\/\/www.naturalscience.org\/wp-content\/uploads\/2024\/11\/03-SP2024-11-05NSOC-2024INVITE-232x300.jpg\" alt=\"\" width=\"304\" height=\"400\"><\/a><\/p>\n<div class=\"button-outer\">\n<div class=\"button-inner\"><a class=\"button radius\" href=\"https:\/\/www.naturalscience.org\/wp-content\/uploads\/2024\/11\/03-SP2024-11-05NSOC-2024INVITE-1.pdf\" target=\"_blank\" rel=\"noopener noreferrer\">Lea la carta de invitaci\u00f3n <small>(PDF)<\/small><\/a><\/div>\n<\/div>\n<\/div>\n<\/div>\n<div class=\"small-24 medium-16 columns\" style=\"margin-top: 24px;\">\n<p>Ya puede registrarse para este congreso \u00fanico que tendr\u00e1 lugar en Fr\u00e1ncfort, Alemania, <strong>del jueves, 28 de noviembre de 2024 al domingo 1\u00b0, de diciembre de 2024<\/strong>.<\/p>\n<p>Para m\u00e1s informaci\u00f3n, por favor, lea la carta de invitaci\u00f3n de nuestro Presidente para Europa.<\/p>\n<p>En caso de que s\u00f3lo pueda participar algunos d\u00edas del congreso o medios d\u00edas, le rogamos que se ponga en contacto con nosotros al tel\u00e9fono (41(41)798-0398).<\/p>\n<p>\u00a1Anhelamos darle la bienvenida pronto!<\/p>\n<div class=\"text-center\" style=\"margin: 50px 0px; text-align: center;\"><a class=\"button radius register\" href=\"https:\/\/www.naturalscience.org\/es\/congress-2024\/registration\/\"><i class=\"fa fa-hand-o-right \" ><\/i> Reg\u00edstrese ahora<\/a><\/div>\n<div class=\"text-center\" style=\"margin: 50px 0px; text-align: center;\"><a class=\"button radius small\" href=\"https:\/\/www.naturalscience.org\/es\/congress-2024\/hotel\/\"><i class=\"fa fa-bed\"><\/i> Reserva de habitaciones de hotel<\/a><\/div>\n<div class=\"text-center\" style=\"margin: 25px 0;\"><a href=\"https:\/\/www.naturalscience.org\/wp-content\/uploads\/2024\/11\/03-SP2024-11-07NSOC-2024PRGMHOMEPAGE.pdf\" target=\"_blank\" rel=\"noopener\">Ver el programa detallado<\/a><\/div>\n<\/div>\n","protected":false},"excerpt":{"rendered":"Lea la carta de invitaci\u00f3n (PDF) Ya puede registrarse para este congreso \u00fanico que tendr\u00e1 lugar en Fr\u00e1ncfort, Alemania, del jueves, 28 de noviembre de 2024 al domingo 1\u00b0, de diciembre de 2024. Para m\u00e1s informaci\u00f3n, por favor, lea la carta de invitaci\u00f3n de nuestro Presidente para Europa. En caso de que s\u00f3lo pueda participar [&hellip;]","protected":false},"author":14,"featured_media":0,"parent":0,"menu_order":0,"comment_status":"closed","ping_status":"closed","template":"page-full.php","meta":{"_acf_changed":false,"ngg_post_thumbnail":0,"footnotes":""},"categories":[],"class_list":["post-41324","page","type-page","status-publish","hentry","wpautop"],"acf":[],"yoast_head":"<!-- This site is optimized with the Yoast SEO plugin v27.5 - https:\/\/yoast.com\/product\/yoast-seo-wordpress\/ -->\n<title>27\u00b0 Congreso Mundial Internacional \u201cNuevas Perspectivas Cient\u00edficas\u201d - The World Foundation for Natural Science<\/title>\n<meta name=\"robots\" content=\"index, follow, max-snippet:-1, max-image-preview:large, max-video-preview:-1\" \/>\n<link rel=\"canonical\" href=\"https:\/\/www.naturalscience.org\/es\/congress-2024\/\" \/>\n<meta name=\"twitter:label1\" content=\"Tiempo de lectura\" \/>\n\t<meta name=\"twitter:data1\" content=\"1 minuto\" \/>\n<script type=\"application\/ld+json\" class=\"yoast-schema-graph\">{\"@context\":\"https:\\\/\\\/schema.org\",\"@graph\":[{\"@type\":\"WebPage\",\"@id\":\"https:\\\/\\\/www.naturalscience.org\\\/es\\\/congress-2024\\\/\",\"url\":\"https:\\\/\\\/www.naturalscience.org\\\/es\\\/congress-2024\\\/\",\"name\":\"27\u00b0 Congreso Mundial Internacional \u201cNuevas Perspectivas Cient\u00edficas\u201d - The World Foundation for Natural Science\",\"isPartOf\":{\"@id\":\"https:\\\/\\\/www.naturalscience.org\\\/#website\"},\"primaryImageOfPage\":{\"@id\":\"https:\\\/\\\/www.naturalscience.org\\\/es\\\/congress-2024\\\/#primaryimage\"},\"image\":{\"@id\":\"https:\\\/\\\/www.naturalscience.org\\\/es\\\/congress-2024\\\/#primaryimage\"},\"thumbnailUrl\":\"https:\\\/\\\/www.naturalscience.org\\\/wp-content\\\/uploads\\\/2024\\\/11\\\/03-SP2024-11-05NSOC-2024INVITE-232x300.jpg\",\"datePublished\":\"2024-10-30T08:57:08+00:00\",\"dateModified\":\"2024-11-07T20:13:56+00:00\",\"breadcrumb\":{\"@id\":\"https:\\\/\\\/www.naturalscience.org\\\/es\\\/congress-2024\\\/#breadcrumb\"},\"inLanguage\":\"es\",\"potentialAction\":[{\"@type\":\"ReadAction\",\"target\":[\"https:\\\/\\\/www.naturalscience.org\\\/es\\\/congress-2024\\\/\"]}]},{\"@type\":\"ImageObject\",\"inLanguage\":\"es\",\"@id\":\"https:\\\/\\\/www.naturalscience.org\\\/es\\\/congress-2024\\\/#primaryimage\",\"url\":\"https:\\\/\\\/www.naturalscience.org\\\/wp-content\\\/uploads\\\/2024\\\/11\\\/03-SP2024-11-05NSOC-2024INVITE-232x300.jpg\",\"contentUrl\":\"https:\\\/\\\/www.naturalscience.org\\\/wp-content\\\/uploads\\\/2024\\\/11\\\/03-SP2024-11-05NSOC-2024INVITE-232x300.jpg\"},{\"@type\":\"BreadcrumbList\",\"@id\":\"https:\\\/\\\/www.naturalscience.org\\\/es\\\/congress-2024\\\/#breadcrumb\",\"itemListElement\":[{\"@type\":\"ListItem\",\"position\":1,\"name\":\"Home\",\"item\":\"https:\\\/\\\/www.naturalscience.org\\\/es\\\/\"},{\"@type\":\"ListItem\",\"position\":2,\"name\":\"27\u00b0 Congreso Mundial Internacional \u201cNuevas Perspectivas Cient\u00edficas\u201d\"}]},{\"@type\":\"WebSite\",\"@id\":\"https:\\\/\\\/www.naturalscience.org\\\/#website\",\"url\":\"https:\\\/\\\/www.naturalscience.org\\\/\",\"name\":\"The World Foundation for Natural Science\",\"description\":\"Restoring and Healing the World through Responsibility and Commitment in accord with Natural and Divine Law!\",\"potentialAction\":[{\"@type\":\"SearchAction\",\"target\":{\"@type\":\"EntryPoint\",\"urlTemplate\":\"https:\\\/\\\/www.naturalscience.org\\\/?s={search_term_string}\"},\"query-input\":{\"@type\":\"PropertyValueSpecification\",\"valueRequired\":true,\"valueName\":\"search_term_string\"}}],\"inLanguage\":\"es\"}]}<\/script>\n<!-- \/ Yoast SEO plugin. -->","yoast_head_json":{"title":"27\u00b0 Congreso Mundial Internacional \u201cNuevas Perspectivas Cient\u00edficas\u201d - The World Foundation for Natural Science","robots":{"index":"index","follow":"follow","max-snippet":"max-snippet:-1","max-image-preview":"max-image-preview:large","max-video-preview":"max-video-preview:-1"},"canonical":"https:\/\/www.naturalscience.org\/es\/congress-2024\/","twitter_misc":{"Tiempo de lectura":"1 minuto"},"schema":{"@context":"https:\/\/schema.org","@graph":[{"@type":"WebPage","@id":"https:\/\/www.naturalscience.org\/es\/congress-2024\/","url":"https:\/\/www.naturalscience.org\/es\/congress-2024\/","name":"27\u00b0 Congreso Mundial Internacional \u201cNuevas Perspectivas Cient\u00edficas\u201d - The World Foundation for Natural Science","isPartOf":{"@id":"https:\/\/www.naturalscience.org\/#website"},"primaryImageOfPage":{"@id":"https:\/\/www.naturalscience.org\/es\/congress-2024\/#primaryimage"},"image":{"@id":"https:\/\/www.naturalscience.org\/es\/congress-2024\/#primaryimage"},"thumbnailUrl":"https:\/\/www.naturalscience.org\/wp-content\/uploads\/2024\/11\/03-SP2024-11-05NSOC-2024INVITE-232x300.jpg","datePublished":"2024-10-30T08:57:08+00:00","dateModified":"2024-11-07T20:13:56+00:00","breadcrumb":{"@id":"https:\/\/www.naturalscience.org\/es\/congress-2024\/#breadcrumb"},"inLanguage":"es","potentialAction":[{"@type":"ReadAction","target":["https:\/\/www.naturalscience.org\/es\/congress-2024\/"]}]},{"@type":"ImageObject","inLanguage":"es","@id":"https:\/\/www.naturalscience.org\/es\/congress-2024\/#primaryimage","url":"https:\/\/www.naturalscience.org\/wp-content\/uploads\/2024\/11\/03-SP2024-11-05NSOC-2024INVITE-232x300.jpg","contentUrl":"https:\/\/www.naturalscience.org\/wp-content\/uploads\/2024\/11\/03-SP2024-11-05NSOC-2024INVITE-232x300.jpg"},{"@type":"BreadcrumbList","@id":"https:\/\/www.naturalscience.org\/es\/congress-2024\/#breadcrumb","itemListElement":[{"@type":"ListItem","position":1,"name":"Home","item":"https:\/\/www.naturalscience.org\/es\/"},{"@type":"ListItem","position":2,"name":"27\u00b0 Congreso Mundial Internacional \u201cNuevas Perspectivas Cient\u00edficas\u201d"}]},{"@type":"WebSite","@id":"https:\/\/www.naturalscience.org\/#website","url":"https:\/\/www.naturalscience.org\/","name":"The World Foundation for Natural Science","description":"Restoring and Healing the World through Responsibility and Commitment in accord with Natural and Divine Law!","potentialAction":[{"@type":"SearchAction","target":{"@type":"EntryPoint","urlTemplate":"https:\/\/www.naturalscience.org\/?s={search_term_string}"},"query-input":{"@type":"PropertyValueSpecification","valueRequired":true,"valueName":"search_term_string"}}],"inLanguage":"es"}]}},"_links":{"self":[{"href":"https:\/\/www.naturalscience.org\/es\/wp-json\/wp\/v2\/pages\/41324","targetHints":{"allow":["GET"]}}],"collection":[{"href":"https:\/\/www.naturalscience.org\/es\/wp-json\/wp\/v2\/pages"}],"about":[{"href":"https:\/\/www.naturalscience.org\/es\/wp-json\/wp\/v2\/types\/page"}],"author":[{"embeddable":true,"href":"https:\/\/www.naturalscience.org\/es\/wp-json\/wp\/v2\/users\/14"}],"replies":[{"embeddable":true,"href":"https:\/\/www.naturalscience.org\/es\/wp-json\/wp\/v2\/comments?post=41324"}],"version-history":[{"count":21,"href":"https:\/\/www.naturalscience.org\/es\/wp-json\/wp\/v2\/pages\/41324\/revisions"}],"predecessor-version":[{"id":41506,"href":"https:\/\/www.naturalscience.org\/es\/wp-json\/wp\/v2\/pages\/41324\/revisions\/41506"}],"wp:attachment":[{"href":"https:\/\/www.naturalscience.org\/es\/wp-json\/wp\/v2\/media?parent=41324"}],"wp:term":[{"taxonomy":"category","embeddable":true,"href":"https:\/\/www.naturalscience.org\/es\/wp-json\/wp\/v2\/categories?post=41324"}],"curies":[{"name":"wp","href":"https:\/\/api.w.org\/{rel}","templated":true}]}}