{"id":38309,"date":"2022-12-13T21:29:14","date_gmt":"2022-12-13T20:29:14","guid":{"rendered":"https:\/\/www.naturalscience.org\/?page_id=38309"},"modified":"2022-12-14T18:01:16","modified_gmt":"2022-12-14T17:01:16","slug":"resena","status":"publish","type":"page","link":"https:\/\/www.naturalscience.org\/es\/congreso-2022\/resena\/","title":{"rendered":"Rese\u00f1a"},"content":{"rendered":"<style>\n    .link {<br \/>        padding-top: 0.5rem;<br \/>        font-size: 1rem;<br \/>    }<span data-mce-type=\"bookmark\" style=\"display: inline-block; width: 0px; overflow: hidden; line-height: 0;\" class=\"mce_SELRES_start\">\ufeff<\/span><br \/><\/style>\n<div class=\"landingpage-header text-center\">\n<div style=\"font-size: 18px;\">Rese\u00f1a del<\/div>\n<h1 style=\"font-size: 30px;\">El 25\u00b0 Congreso Mundial Internacional<br \/>\n\u201cNuevas Perspectivas Cient\u00edficas\u201d<\/h1>\n<div style=\"font-size: 18px; margin-top: 10px;\">Jueves, 20 de Octubre de 2022 al Domingo, 23 de Octubre de 2022<\/div>\n<\/div>\n<div class=\"title-box\">\n<h2>Rese\u00f1a del programa<\/h2>\n<\/div>\n<div class=\"lecture\">\n<div class=\"row\">\n<div class=\"hide-on-mobile medium-6 columns\"><a href=\"https:\/\/www.naturalscience.org\/es\/congreso-2022\/presentaciones\/la-verdadera-ciencia-de-la-vida\/\"><img loading=\"lazy\" decoding=\"async\" class=\"alignnone size-medium wp-image-37871\" src=\"https:\/\/www.naturalscience.org\/wp-content\/uploads\/2022\/10\/iStock-1310148959-min-scaled.jpg\" alt=\"\" width=\"300\" height=\"200\"><\/a><\/div>\n<div class=\"small-24 medium-18 columns\">\n<h3>La Verdadera Ciencia de la Vida<\/h3>\n<div class=\"subtitle\">Dios ha fallado.&nbsp;\u00a1Viva la Ciencia!\u201d. \u00c9sta es la pauta que se ha vuelto m\u00e1s y m\u00e1s fuerte en los \u00faltimos a\u00f1os. La ciencia tiene todas las respuestas a nuestras preguntas y problemas, dice, s\u00f3lo tenemos que creerlo. Pero,&nbsp;\u00bfqu\u00e9 es la Verdadera Ciencia?&nbsp;\u00bfDe qu\u00e9 fuente se origina?&nbsp;\u00bfEst\u00e1 la Ciencia al servicio de la vida en esta Tierra? Si no es as\u00ed, entonces&nbsp;\u00bfa qui\u00e9n sirve? Y si se encuentran respuestas,&nbsp;\u00bfson siempre v\u00e1lidas a partir de ahora?<\/div>\n<div class=\"link\"><a href=\"https:\/\/www.naturalscience.org\/es\/congreso-2022\/presentaciones\/la-verdadera-ciencia-de-la-vida\/\">Lea aqu\u00ed un resumen de la intervenci\u00f3n en el Congreso<\/a><\/div>\n<\/div>\n<\/div>\n<\/div>\n<div class=\"lecture\">\n<div class=\"row\">\n<div class=\"hide-on-mobile medium-6 columns\"><a href=\"https:\/\/www.naturalscience.org\/es\/congreso-2022\/presentaciones\/los-gigantes-subestimados-como-los-arboles-regulan-el-clima\/\"><img loading=\"lazy\" decoding=\"async\" class=\"alignnone size-medium wp-image-37871\" src=\"https:\/\/www.naturalscience.org\/wp-content\/uploads\/2022\/10\/iStock-1342229191-min-scaled.jpg\" alt=\"\" width=\"300\" height=\"200\"><\/a><\/div>\n<div class=\"small-24 medium-18 columns\">\n<h3>Los Gigantes Subestimados\u2014 C\u00f3mo los \u00c1rboles Regulan el Clima<\/h3>\n<div class=\"subtitle\">Todo el mundo habla del cambio clim\u00e1tico y muchos lo consideran el problema m\u00e1s apremiante de nuestro tiempo. Hace tiempo que se identific\u00f3 al culpable: es el CO2, y el hecho de que haya demasiado, es una vez m\u00e1s por culpa de la humanidad. Pero casi nadie habla de los \u00e1rboles en este contexto. Los bosques de la Tierra juegan un papel importante en el delicado equilibrio del clima, la vegetaci\u00f3n y el equilibrio h\u00eddrico:&nbsp;\u00a1despeja el escenario para los gigantes verdes y silenciosos del mundo!<\/div>\n<div class=\"link\"><a href=\"https:\/\/www.naturalscience.org\/es\/congreso-2022\/presentaciones\/los-gigantes-subestimados-como-los-arboles-regulan-el-clima\/\">Lea aqu\u00ed un resumen de la intervenci\u00f3n en el Congreso<\/a><\/div>\n<\/div>\n<\/div>\n<\/div>\n<div class=\"lecture\">\n<div class=\"row\">\n<div class=\"hide-on-mobile medium-6 columns\"><a href=\"https:\/\/www.naturalscience.org\/es\/congreso-2022\/presentaciones\/granjero-o-drone-el-futuro-de-la-agricultura\/\"><img loading=\"lazy\" decoding=\"async\" class=\"alignnone size-medium wp-image-37871\" src=\"https:\/\/www.naturalscience.org\/wp-content\/uploads\/2022\/10\/iStock-1254095794-min-scaled.jpg\" alt=\"\" width=\"300\" height=\"200\"><\/a><\/div>\n<div class=\"small-24 medium-18 columns\">\n<h3>Granjero o Drones\u2014 El Futuro de la Agricultura<\/h3>\n<div class=\"subtitle\">La poblaci\u00f3n mundial crece y crece.&nbsp;\u00bfPodr\u00e1 la Tierra seguir alimentando a la gente en el futuro?&nbsp;\u00bfHa llegado finalmente el modelo de agricultura a peque\u00f1a escala?&nbsp;\u00bfLo org\u00e1nico ya est\u00e1 en decadencia? Echamos un vistazo cr\u00edtico a las promesas en las \u00faltimas d\u00e9cadas, como la \u201cRevoluci\u00f3n Verde\u201d, y evaluamos si sus sucesores, a saber, la Granja Inteligente, la nueva ingenier\u00eda gen\u00e9tica o la Granja Vertical conducir\u00e1n a la agricultura hacia un futuro pr\u00f3spero.<\/div>\n<div class=\"link\"><a href=\"https:\/\/www.naturalscience.org\/es\/congreso-2022\/presentaciones\/granjero-o-drone-el-futuro-de-la-agricultura\/\">Lea aqu\u00ed un resumen de la intervenci\u00f3n en el Congreso<\/a><\/div>\n<\/div>\n<\/div>\n<\/div>\n<div class=\"lecture\">\n<div class=\"row\">\n<div class=\"hide-on-mobile medium-6 columns\"><a href=\"https:\/\/www.naturalscience.org\/es\/congreso-2022\/presentaciones\/bien-enraizado-un-viaje-al-interior-de-la-tierra\/\"><img loading=\"lazy\" decoding=\"async\" class=\"alignnone size-medium wp-image-37871\" src=\"https:\/\/www.naturalscience.org\/wp-content\/uploads\/2022\/10\/iStock-1145283740-min-scaled.jpg\" alt=\"\" width=\"300\" height=\"200\"><\/a><\/div>\n<div class=\"small-24 medium-18 columns\">\n<h3>Bien Enraizado\u2014 Un Viaje al Interior de la Tierra<\/h3>\n<div class=\"subtitle\">Lo que vemos con nuestros ojos a menudo es s\u00f3lo una peque\u00f1a parte de la realidad. Esto tambi\u00e9n se aplica a nuestra visi\u00f3n de las plantas. Reconocemos el manzano o el girasol y disfrutamos de su fruto o de su color. Pero la mayor parte del ,cuerpo de la planta&#8217;, a menudo alrededor del ochenta por ciento, est\u00e1 oculto a nuestra vista. Pero es all\u00ed, en lo profundo del suelo, en las ra\u00edces, donde la vida palpita y donde se sientan las bases para otros procesos, como el equilibrio del agua o la fertilidad del suelo.<\/div>\n<div class=\"link\"><a href=\"https:\/\/www.naturalscience.org\/es\/congreso-2022\/presentaciones\/bien-enraizado-un-viaje-al-interior-de-la-tierra\/\">Lea aqu\u00ed un resumen de la intervenci\u00f3n en el Congreso<\/a><\/div>\n<\/div>\n<\/div>\n<\/div>\n<div class=\"lecture\">\n<div class=\"row\">\n<div class=\"hide-on-mobile medium-6 columns\"><a href=\"https:\/\/www.naturalscience.org\/es\/congreso-2022\/presentaciones\/agricultura-forestal-viviendo-la-simbiosis\/\"><img loading=\"lazy\" decoding=\"async\" class=\"alignnone size-medium wp-image-37871\" src=\"https:\/\/www.naturalscience.org\/wp-content\/uploads\/2022\/10\/AdobeStock_475362432-min-300x200.jpeg\" alt=\"\" width=\"300\" height=\"200\" srcset=\"https:\/\/www.naturalscience.org\/wp-content\/uploads\/2022\/10\/AdobeStock_475362432-min-300x200.jpeg 300w, https:\/\/www.naturalscience.org\/wp-content\/uploads\/2022\/10\/AdobeStock_475362432-min-1024x683.jpeg 1024w, https:\/\/www.naturalscience.org\/wp-content\/uploads\/2022\/10\/AdobeStock_475362432-min-768x513.jpeg 768w, https:\/\/www.naturalscience.org\/wp-content\/uploads\/2022\/10\/AdobeStock_475362432-min-1536x1025.jpeg 1536w, https:\/\/www.naturalscience.org\/wp-content\/uploads\/2022\/10\/AdobeStock_475362432-min-2048x1367.jpeg 2048w, https:\/\/www.naturalscience.org\/wp-content\/uploads\/2022\/10\/AdobeStock_475362432-min-164x109.jpeg 164w, https:\/\/www.naturalscience.org\/wp-content\/uploads\/2022\/10\/AdobeStock_475362432-min-400x267.jpeg 400w, https:\/\/www.naturalscience.org\/wp-content\/uploads\/2022\/10\/AdobeStock_475362432-min-500x334.jpeg 500w\" sizes=\"auto, (max-width: 300px) 100vw, 300px\" \/><\/a><\/div>\n<div class=\"small-24 medium-18 columns\">\n<h3>Agricultura Forestal \u2014 Vivir la Simbiosis<\/h3>\n<div class=\"subtitle\">Una pr\u00e1ctica centenaria experimenta actualmente un renacimiento. Nuestros antepasados sab\u00edan que todo est\u00e1 interconectado. Si estas interrelaciones se utilizan con sensatez \u2013 en la agricultura forestal, por ejemplo, las plantas maderables, los cultivos extensos y la ganader\u00eda\u2013 no s\u00f3lo se benefician los elementos individuales, sino que todo el sistema crece y prospera. \u00c9ste es un modelo de la naturaleza del que el hombre puede aprender y que podr\u00eda desempe\u00f1ar un papel importante en la seguridad del suministro alimentario.<\/div>\n<div class=\"link\"><a href=\"https:\/\/www.naturalscience.org\/es\/congreso-2022\/presentaciones\/agricultura-forestal-viviendo-la-simbiosis\/\">Lea aqu\u00ed un resumen de la intervenci\u00f3n en el Congreso<\/a><\/div>\n<\/div>\n<\/div>\n<\/div>\n<div class=\"lecture\">\n<div class=\"row\">\n<div class=\"hide-on-mobile medium-6 columns\"><a href=\"https:\/\/www.naturalscience.org\/es\/congreso-2022\/presentaciones\/lo-digital-no-es-verde-de-la-ideologia-a-la-realidad\/\"><img loading=\"lazy\" decoding=\"async\" class=\"alignnone size-medium wp-image-37871\" src=\"https:\/\/www.naturalscience.org\/wp-content\/uploads\/2022\/10\/iStock-487610623-min-scaled.jpg\" alt=\"\" width=\"300\" height=\"200\"><\/a><\/div>\n<div class=\"small-24 medium-18 columns\">\n<h3>Lo Digital no es Verde\u2013 De la Ideolog\u00eda a la Realidad<\/h3>\n<div class=\"subtitle\">Lo que es digital es bueno para el medio ambiente, seg\u00fan la creencia com\u00fan. Eficiente, rentable y sostenible son las palabras de moda. La realidad, sin embargo, luce diferente. La digitalizaci\u00f3n no s\u00f3lo requiere mucha electricidad, sino que tambi\u00e9n crea nuevos problemas, por ejemplo, en t\u00e9rminos de seguridad, desechos o consumo de recursos. Esto pone en riesgo ecosistemas enteros, como los oc\u00e9anos. Tenemos que quitarnos las gafas de color rosa y mirar detenidamente a un salvador moderno.<\/div>\n<div class=\"link\"><a href=\"https:\/\/www.naturalscience.org\/es\/congreso-2022\/presentaciones\/lo-digital-no-es-verde-de-la-ideologia-a-la-realidad\/\">Lea aqu\u00ed un resumen de la intervenci\u00f3n en el Congreso<\/a><\/div>\n<\/div>\n<\/div>\n<\/div>\n<div class=\"lecture\">\n<div class=\"row\">\n<div class=\"hide-on-mobile medium-6 columns\"><a href=\"https:\/\/www.naturalscience.org\/es\/congreso-2022\/presentaciones\/la-transicion-energetica-mucho-humo-y-espejismos\/\"><img loading=\"lazy\" decoding=\"async\" class=\"alignnone size-medium wp-image-37871\" src=\"https:\/\/www.naturalscience.org\/wp-content\/uploads\/2022\/10\/iStock-1365766525-min-scaled.jpg\" alt=\"\" width=\"300\" height=\"200\"><\/a><\/div>\n<div class=\"small-24 medium-18 columns\">\n<h3>La Transici\u00f3n Energ\u00e9tica\u2014Mucho Humo y Espejos<\/h3>\n<div class=\"subtitle\">La tan elogiada transici\u00f3n energ\u00e9tica nos est\u00e1 costando muy caro en este momento.&nbsp;\u00bfY es realmente cierto que la Tierra estar\u00e1 mejor gracias a la energ\u00eda e\u00f3lica y los veh\u00edculos el\u00e9ctricos?&nbsp;\u00bfQui\u00e9n se beneficia realmente aqu\u00ed?&nbsp;\u00bfY ya hemos agotado todas las posibilidades que nos ofrece el sol? Mostramos que tambi\u00e9n vale la pena echar un vistazo m\u00e1s de cerca a las energ\u00edas \u201alimpias\u2018 y que, lamentablemente, las soluciones \u201adefinitivas\u2018 rara vez cumplen lo que prometen.<\/div>\n<div class=\"link\"><a href=\"https:\/\/www.naturalscience.org\/es\/congreso-2022\/presentaciones\/la-transicion-energetica-mucho-humo-y-espejismos\/\">Lea aqu\u00ed un resumen de la intervenci\u00f3n en el Congreso<\/a><\/div>\n<\/div>\n<\/div>\n<\/div>\n<div class=\"lecture\">\n<div class=\"row\">\n<div class=\"hide-on-mobile medium-6 columns\"><a href=\"https:\/\/www.naturalscience.org\/es\/congreso-2022\/presentaciones\/cuando-la-luz-se-apague-recetas-contra-el-hambre-y-el-frio\/\"><img loading=\"lazy\" decoding=\"async\" class=\"alignnone size-medium wp-image-37871\" src=\"https:\/\/www.naturalscience.org\/wp-content\/uploads\/2022\/10\/iStock-1299043412-min-scaled.jpg\" alt=\"\" width=\"300\" height=\"200\"><\/a><\/div>\n<div class=\"small-24 medium-18 columns\">\n<h3>Cuando se Apaga la Luz\u2014Recetas Contra el Hambre y el Fr\u00edo<\/h3>\n<div class=\"subtitle\">Europa se prepara para un duro invierno. Si el apag\u00f3n realmente ocurre, ser\u00e1 fr\u00edo e inc\u00f3modo\u2014y puede pasar un tiempo antes de que todo vuelva a funcionar sin problemas.&nbsp;\u00bfEstamos preparados para esto?&nbsp;\u00bfNuestros cuerpos, acostumbrados a la civilizaci\u00f3n, est\u00e1n lo suficientemente en forma para arregl\u00e1rselas con menos y mantenerse saludables? Nuestros abuelos todav\u00eda sab\u00edan c\u00f3mo proveer para las \u00e9pocas de necesidad.&nbsp;\u00bfAprendi\u00f3 de ellos? Si no, no se asuste, puede aprender en esta conferencia.<\/div>\n<div class=\"link\"><a href=\"https:\/\/www.naturalscience.org\/es\/congreso-2022\/presentaciones\/cuando-la-luz-se-apague-recetas-contra-el-hambre-y-el-frio\/\">Lea aqu\u00ed un resumen de la intervenci\u00f3n en el Congreso<\/a><\/div>\n<\/div>\n<\/div>\n<\/div>\n<div class=\"lecture\">\n<div class=\"row\">\n<div class=\"hide-on-mobile medium-6 columns\"><a href=\"https:\/\/www.naturalscience.org\/es\/congreso-2022\/presentaciones\/que-nos-roba-el-sueno-dar-la-espalda-al-miedo\/\"><img loading=\"lazy\" decoding=\"async\" class=\"alignnone size-medium wp-image-37871\" src=\"https:\/\/www.naturalscience.org\/wp-content\/uploads\/2022\/10\/iStock-1337766466-min-scaled.jpg\" alt=\"\" width=\"300\" height=\"200\"><\/a><\/div>\n<div class=\"small-24 medium-18 columns\">\n<h3>Qu\u00e9 Nos Roba el Sue\u00f1o\u2014Dar la Espalda al Miedo<\/h3>\n<div class=\"subtitle\">Entre un cuarto y un tercio de la poblaci\u00f3n mundial sufre trastornos cr\u00f3nicos del sue\u00f1o. Esto no es un asunto trivial, porque los problemas de sue\u00f1o debilitan el sistema inmunitario, aumentan el riesgo de accidentes, provocan obesidad, cambios de humor y muchas otras enfermedades. La preocupaci\u00f3n y la ansiedad se encuentran entre las causas m\u00e1s comunes de nuestros inquietos movimientos y de dar vueltas y vueltas en la cama. Pero la naturaleza puede proporcionar un alivio apacible de muchas maneras, para que finalmente podamos encontrar la paz nuevamente.<\/div>\n<div class=\"link\"><a href=\"https:\/\/www.naturalscience.org\/es\/congreso-2022\/presentaciones\/que-nos-roba-el-sueno-dar-la-espalda-al-miedo\/\">Lea aqu\u00ed un resumen de la intervenci\u00f3n en el Congreso<\/a><\/div>\n<\/div>\n<\/div>\n<\/div>\n<div class=\"lecture\">\n<div class=\"row\">\n<div class=\"hide-on-mobile medium-6 columns\"><a href=\"https:\/\/www.naturalscience.org\/es\/congreso-2022\/presentaciones\/mi-cuerpo-una-maquina-la-abolicion-del-espiritu\/\"><img loading=\"lazy\" decoding=\"async\" class=\"alignnone size-medium wp-image-37871\" src=\"https:\/\/www.naturalscience.org\/wp-content\/uploads\/2022\/10\/iStock-1206796363-min-scaled.jpg\" alt=\"\" width=\"300\" height=\"200\"><\/a><\/div>\n<div class=\"small-24 medium-18 columns\">\n<h3>Mi Cuerpo,&nbsp;\u00bfUna M\u00e1quina?\u2014Sobre la Abolici\u00f3n del Esp\u00edritu<\/h3>\n<div class=\"subtitle\">\u00bfSoy mi cuerpo?&nbsp;\u00bfSoy due\u00f1o de mi cuerpo? Nuestra comprensi\u00f3n de lo que es un ser humano, lo que es nuestro cuerpo, ha cambiado fundamentalmente en los \u00faltimos a\u00f1os. Hoy en d\u00eda, apenas existen l\u00edmites para el modelado y la modificaci\u00f3n del cuerpo. Esto va tan lejos que en el futuro, gracias a la inteligencia artificial y las tecnolog\u00edas similares, deber\u00edamos poder influir en nuestros cuerpos hasta el punto que seamos inmortales.&nbsp;\u00bfEs esto algo por lo que vale la pena luchar?&nbsp;\u00bfY d\u00f3nde est\u00e1 el alma en todo esto?<\/div>\n<div class=\"link\"><a href=\"https:\/\/www.naturalscience.org\/es\/congreso-2022\/presentaciones\/mi-cuerpo-una-maquina-la-abolicion-del-espiritu\/\">Lea aqu\u00ed un resumen de la intervenci\u00f3n en el Congreso<\/a><\/div>\n<\/div>\n<\/div>\n<\/div>\n<div class=\"lecture\">\n<div class=\"row\">\n<div class=\"hide-on-mobile medium-6 columns\"><a href=\"https:\/\/www.naturalscience.org\/es\/congreso-2022\/presentaciones\/la-restauracion-del-orden-natural\/\"><img loading=\"lazy\" decoding=\"async\" class=\"alignnone size-medium wp-image-37871\" src=\"https:\/\/www.naturalscience.org\/wp-content\/uploads\/2022\/10\/iStock-654031062-min-scaled.jpg\" alt=\"\" width=\"300\" height=\"200\"><\/a><\/div>\n<div class=\"small-24 medium-18 columns\">\n<h3>La Restauraci\u00f3n del Orden Natural<\/h3>\n<div class=\"subtitle\">El hombre ha vencido a Dios, as\u00ed parece. La humanidad se ha desprendido de las limitaciones del espacio y del tiempo, avanza hacia nuevos universos, se reinventa a s\u00ed misma y al mundo. Podemos reproducir carne para que ning\u00fan animal tenga que sacrificar m\u00e1s su vida por nosotros. Pronto podremos \u201cfabricar\u201d nuestra propia descendencia para que la enfermedad sea cosa del pasado. Entonces,&nbsp;\u00bfhemos dejado atr\u00e1s las leyes de la naturaleza?&nbsp;\u00bfSomos libres?&nbsp;\u00bfO es s\u00f3lo el principio del fin?<\/div>\n<div class=\"link\"><a href=\"https:\/\/www.naturalscience.org\/es\/congreso-2022\/presentaciones\/la-restauracion-del-orden-natural\/\">Lea aqu\u00ed un resumen de la intervenci\u00f3n en el Congreso<\/a><\/div>\n<\/div>\n<\/div>\n<\/div>\n<p>&nbsp;<\/p>\n<h2 style=\"text-align: center;\">Impresiones<\/h2>\nngg_shortcode_0_placeholder\n","protected":false},"excerpt":{"rendered":"Rese\u00f1a del El 25\u00b0 Congreso Mundial Internacional \u201cNuevas Perspectivas Cient\u00edficas\u201d Jueves, 20 de Octubre de 2022 al Domingo, 23 de Octubre de 2022 Rese\u00f1a del programa La Verdadera Ciencia de la Vida Dios ha fallado.&nbsp;\u00a1Viva la Ciencia!\u201d. \u00c9sta es la pauta que se ha vuelto m\u00e1s y m\u00e1s fuerte en los \u00faltimos a\u00f1os. La ciencia [&hellip;]","protected":false},"author":14,"featured_media":0,"parent":34502,"menu_order":0,"comment_status":"closed","ping_status":"closed","template":"page-full.php","meta":{"_acf_changed":false,"ngg_post_thumbnail":0,"footnotes":""},"categories":[],"class_list":["post-38309","page","type-page","status-publish","hentry","wpautop"],"acf":[],"yoast_head":"<!-- This site is optimized with the Yoast SEO plugin v27.5 - https:\/\/yoast.com\/product\/yoast-seo-wordpress\/ -->\n<title>Rese\u00f1a - The World Foundation for Natural Science<\/title>\n<meta name=\"robots\" content=\"index, follow, max-snippet:-1, max-image-preview:large, max-video-preview:-1\" \/>\n<link rel=\"canonical\" href=\"https:\/\/www.naturalscience.org\/es\/congreso-2022\/resena\/\" \/>\n<meta name=\"twitter:label1\" content=\"Tiempo de lectura\" \/>\n\t<meta name=\"twitter:data1\" content=\"8 minutos\" \/>\n<script type=\"application\/ld+json\" class=\"yoast-schema-graph\">{\"@context\":\"https:\\\/\\\/schema.org\",\"@graph\":[{\"@type\":\"WebPage\",\"@id\":\"https:\\\/\\\/www.naturalscience.org\\\/es\\\/congreso-2022\\\/resena\\\/\",\"url\":\"https:\\\/\\\/www.naturalscience.org\\\/es\\\/congreso-2022\\\/resena\\\/\",\"name\":\"Rese\u00f1a - The World Foundation for Natural Science\",\"isPartOf\":{\"@id\":\"https:\\\/\\\/www.naturalscience.org\\\/#website\"},\"primaryImageOfPage\":{\"@id\":\"https:\\\/\\\/www.naturalscience.org\\\/es\\\/congreso-2022\\\/resena\\\/#primaryimage\"},\"image\":{\"@id\":\"https:\\\/\\\/www.naturalscience.org\\\/es\\\/congreso-2022\\\/resena\\\/#primaryimage\"},\"thumbnailUrl\":\"https:\\\/\\\/www.naturalscience.org\\\/wp-content\\\/uploads\\\/2022\\\/10\\\/iStock-1310148959-min-scaled.jpg\",\"datePublished\":\"2022-12-13T20:29:14+00:00\",\"dateModified\":\"2022-12-14T17:01:16+00:00\",\"breadcrumb\":{\"@id\":\"https:\\\/\\\/www.naturalscience.org\\\/es\\\/congreso-2022\\\/resena\\\/#breadcrumb\"},\"inLanguage\":\"es\",\"potentialAction\":[{\"@type\":\"ReadAction\",\"target\":[\"https:\\\/\\\/www.naturalscience.org\\\/es\\\/congreso-2022\\\/resena\\\/\"]}]},{\"@type\":\"ImageObject\",\"inLanguage\":\"es\",\"@id\":\"https:\\\/\\\/www.naturalscience.org\\\/es\\\/congreso-2022\\\/resena\\\/#primaryimage\",\"url\":\"https:\\\/\\\/www.naturalscience.org\\\/wp-content\\\/uploads\\\/2022\\\/10\\\/iStock-1310148959-min-scaled.jpg\",\"contentUrl\":\"https:\\\/\\\/www.naturalscience.org\\\/wp-content\\\/uploads\\\/2022\\\/10\\\/iStock-1310148959-min-scaled.jpg\"},{\"@type\":\"BreadcrumbList\",\"@id\":\"https:\\\/\\\/www.naturalscience.org\\\/es\\\/congreso-2022\\\/resena\\\/#breadcrumb\",\"itemListElement\":[{\"@type\":\"ListItem\",\"position\":1,\"name\":\"Home\",\"item\":\"https:\\\/\\\/www.naturalscience.org\\\/es\\\/\"},{\"@type\":\"ListItem\",\"position\":2,\"name\":\"25\u00b0 Congreso Mundial Internacional \u201cNuevas Perspectivas Cient\u00edficas\u201d\",\"item\":\"https:\\\/\\\/www.naturalscience.org\\\/es\\\/congreso-2022\\\/\"},{\"@type\":\"ListItem\",\"position\":3,\"name\":\"Rese\u00f1a\"}]},{\"@type\":\"WebSite\",\"@id\":\"https:\\\/\\\/www.naturalscience.org\\\/#website\",\"url\":\"https:\\\/\\\/www.naturalscience.org\\\/\",\"name\":\"The World Foundation for Natural Science\",\"description\":\"Restoring and Healing the World through Responsibility and Commitment in accord with Natural and Divine Law!\",\"potentialAction\":[{\"@type\":\"SearchAction\",\"target\":{\"@type\":\"EntryPoint\",\"urlTemplate\":\"https:\\\/\\\/www.naturalscience.org\\\/?s={search_term_string}\"},\"query-input\":{\"@type\":\"PropertyValueSpecification\",\"valueRequired\":true,\"valueName\":\"search_term_string\"}}],\"inLanguage\":\"es\"}]}<\/script>\n<!-- \/ Yoast SEO plugin. -->","yoast_head_json":{"title":"Rese\u00f1a - The World Foundation for Natural Science","robots":{"index":"index","follow":"follow","max-snippet":"max-snippet:-1","max-image-preview":"max-image-preview:large","max-video-preview":"max-video-preview:-1"},"canonical":"https:\/\/www.naturalscience.org\/es\/congreso-2022\/resena\/","twitter_misc":{"Tiempo de lectura":"8 minutos"},"schema":{"@context":"https:\/\/schema.org","@graph":[{"@type":"WebPage","@id":"https:\/\/www.naturalscience.org\/es\/congreso-2022\/resena\/","url":"https:\/\/www.naturalscience.org\/es\/congreso-2022\/resena\/","name":"Rese\u00f1a - The World Foundation for Natural Science","isPartOf":{"@id":"https:\/\/www.naturalscience.org\/#website"},"primaryImageOfPage":{"@id":"https:\/\/www.naturalscience.org\/es\/congreso-2022\/resena\/#primaryimage"},"image":{"@id":"https:\/\/www.naturalscience.org\/es\/congreso-2022\/resena\/#primaryimage"},"thumbnailUrl":"https:\/\/www.naturalscience.org\/wp-content\/uploads\/2022\/10\/iStock-1310148959-min-scaled.jpg","datePublished":"2022-12-13T20:29:14+00:00","dateModified":"2022-12-14T17:01:16+00:00","breadcrumb":{"@id":"https:\/\/www.naturalscience.org\/es\/congreso-2022\/resena\/#breadcrumb"},"inLanguage":"es","potentialAction":[{"@type":"ReadAction","target":["https:\/\/www.naturalscience.org\/es\/congreso-2022\/resena\/"]}]},{"@type":"ImageObject","inLanguage":"es","@id":"https:\/\/www.naturalscience.org\/es\/congreso-2022\/resena\/#primaryimage","url":"https:\/\/www.naturalscience.org\/wp-content\/uploads\/2022\/10\/iStock-1310148959-min-scaled.jpg","contentUrl":"https:\/\/www.naturalscience.org\/wp-content\/uploads\/2022\/10\/iStock-1310148959-min-scaled.jpg"},{"@type":"BreadcrumbList","@id":"https:\/\/www.naturalscience.org\/es\/congreso-2022\/resena\/#breadcrumb","itemListElement":[{"@type":"ListItem","position":1,"name":"Home","item":"https:\/\/www.naturalscience.org\/es\/"},{"@type":"ListItem","position":2,"name":"25\u00b0 Congreso Mundial Internacional \u201cNuevas Perspectivas Cient\u00edficas\u201d","item":"https:\/\/www.naturalscience.org\/es\/congreso-2022\/"},{"@type":"ListItem","position":3,"name":"Rese\u00f1a"}]},{"@type":"WebSite","@id":"https:\/\/www.naturalscience.org\/#website","url":"https:\/\/www.naturalscience.org\/","name":"The World Foundation for Natural Science","description":"Restoring and Healing the World through Responsibility and Commitment in accord with Natural and Divine Law!","potentialAction":[{"@type":"SearchAction","target":{"@type":"EntryPoint","urlTemplate":"https:\/\/www.naturalscience.org\/?s={search_term_string}"},"query-input":{"@type":"PropertyValueSpecification","valueRequired":true,"valueName":"search_term_string"}}],"inLanguage":"es"}]}},"_links":{"self":[{"href":"https:\/\/www.naturalscience.org\/es\/wp-json\/wp\/v2\/pages\/38309","targetHints":{"allow":["GET"]}}],"collection":[{"href":"https:\/\/www.naturalscience.org\/es\/wp-json\/wp\/v2\/pages"}],"about":[{"href":"https:\/\/www.naturalscience.org\/es\/wp-json\/wp\/v2\/types\/page"}],"author":[{"embeddable":true,"href":"https:\/\/www.naturalscience.org\/es\/wp-json\/wp\/v2\/users\/14"}],"replies":[{"embeddable":true,"href":"https:\/\/www.naturalscience.org\/es\/wp-json\/wp\/v2\/comments?post=38309"}],"version-history":[{"count":5,"href":"https:\/\/www.naturalscience.org\/es\/wp-json\/wp\/v2\/pages\/38309\/revisions"}],"predecessor-version":[{"id":38367,"href":"https:\/\/www.naturalscience.org\/es\/wp-json\/wp\/v2\/pages\/38309\/revisions\/38367"}],"up":[{"embeddable":true,"href":"https:\/\/www.naturalscience.org\/es\/wp-json\/wp\/v2\/pages\/34502"}],"wp:attachment":[{"href":"https:\/\/www.naturalscience.org\/es\/wp-json\/wp\/v2\/media?parent=38309"}],"wp:term":[{"taxonomy":"category","embeddable":true,"href":"https:\/\/www.naturalscience.org\/es\/wp-json\/wp\/v2\/categories?post=38309"}],"curies":[{"name":"wp","href":"https:\/\/api.w.org\/{rel}","templated":true}]}}