{"id":38306,"date":"2022-12-13T21:06:49","date_gmt":"2022-12-13T20:06:49","guid":{"rendered":"https:\/\/www.naturalscience.org\/?page_id=38306"},"modified":"2022-12-13T21:06:49","modified_gmt":"2022-12-13T20:06:49","slug":"la-restauracion-del-orden-natural","status":"publish","type":"page","link":"https:\/\/www.naturalscience.org\/es\/congreso-2022\/presentaciones\/la-restauracion-del-orden-natural\/","title":{"rendered":"La Restauraci\u00f3n del Orden Natural"},"content":{"rendered":"<p><i>The Very Rev. Dean em. <strong>Paul Probst<\/strong>, SF, Presidente para Europa, The World Foundation for Natural Science, Luzern, Schweiz<\/i><\/p>\n<p>&nbsp;<\/p>\n<p>El Presidente para Europa de The World Foundation for Natural Science, Paul Probst, se refiri\u00f3 al cierre de su conferencia al hecho de que como hijos de Dios, estamos constantemente \u201cba\u00f1ados\u201d en Dios, debemos llegar al Amor. No debemos abusar del potencial interno. Los cuatro elementos que componen nuestros cuerpos deben entrenarse y todo debe mantenerse en equilibrio. Al hacerlo, las t\u00e9cnicas de respiraci\u00f3n y visualizaci\u00f3n nos ayudan a lidiar con las situaciones dif\u00edciles de la vida. Todo lo que existe est\u00e1 conformado de electrones y del Esp\u00edritu de Dios; necesitamos ver el patr\u00f3n perfecto y enviar los electrones a donde son requeridos. Como nuestros padres Divinos, estamos en proceso de crecimiento y estamos dotados con sentimientos que naturalmente nos impulsan a multiplicarnos. Para esto hemos elegido a nuestros padres terrenales, considerando que la inseminaci\u00f3n artificial no es el camino. El orador enfatiz\u00f3 en que aprendemos a dar m\u00e1s y m\u00e1s de nuestras experiencias a medida que envejecemos. Dar como el secreto de la vida aporta fluidez a la vida y es la mejor protecci\u00f3n contra las energ\u00edas no deseadas provenientes del medioambiente.<\/p>\n<p><img loading=\"lazy\" decoding=\"async\" class=\"aligncenter size-size-400 wp-image-38139\" src=\"https:\/\/www.naturalscience.org\/wp-content\/uploads\/2022\/12\/BALANCE-400x302.jpeg\" alt=\"\" width=\"400\" height=\"302\" srcset=\"https:\/\/www.naturalscience.org\/wp-content\/uploads\/2022\/12\/BALANCE-400x302.jpeg 400w, https:\/\/www.naturalscience.org\/wp-content\/uploads\/2022\/12\/BALANCE-300x226.jpeg 300w, https:\/\/www.naturalscience.org\/wp-content\/uploads\/2022\/12\/BALANCE-1024x772.jpeg 1024w, https:\/\/www.naturalscience.org\/wp-content\/uploads\/2022\/12\/BALANCE-768x579.jpeg 768w, https:\/\/www.naturalscience.org\/wp-content\/uploads\/2022\/12\/BALANCE-1536x1158.jpeg 1536w, https:\/\/www.naturalscience.org\/wp-content\/uploads\/2022\/12\/BALANCE-2048x1544.jpeg 2048w, https:\/\/www.naturalscience.org\/wp-content\/uploads\/2022\/12\/BALANCE-164x124.jpeg 164w, https:\/\/www.naturalscience.org\/wp-content\/uploads\/2022\/12\/BALANCE-500x377.jpeg 500w\" sizes=\"auto, (max-width: 400px) 100vw, 400px\" \/><\/p>\n<p>El Muy Rev. Dean em. Paul Probst tambi\u00e9n habl\u00f3 en este momento a cerca de la actual \u201choja de ruta\u201d de g\u00e9nero motivada pol\u00edticamente: Las diferencias entre hombres y mujeres han de abolirse paso a paso, la familia y la sociedad destruida. De hecho, sin embargo debemos aprender a convivir con ello, aceptar y amar ambos sexos, y al hacerlo la dignidad de la mujer debe mantenerse. Seg\u00fan el Dr Eduard Bach, el descubridor de la Terapia de Flores de Bach, la paternidad es un privilegio divino, y se trata de dar sin expectativas porque la recompensa se recibe de todos modos, seg\u00fan el ejemplo de la naturaleza. El orador explic\u00f3 que a trav\u00e9s del servicio a la vida podemos ayudar a llevar armon\u00eda a nuestro pr\u00f3jimo. Hizo un llamamiento a todos los presentes a asumir la responsabilidad y a hacer de la restauraci\u00f3n y la sanaci\u00f3n del mundo su propio inter\u00e9s. Cuanto m\u00e1s coraz\u00f3n y alma  ponga cada individuo en esta causa, entonces la mayor\u00eda puede cambiar a lo mejor, cuanto m\u00e1s coraz\u00f3n y alma cada persona ponga en ello, entonces finalmente m\u00e1s podemos cambiar a lo mejor.<\/p>\n<p><img loading=\"lazy\" decoding=\"async\" class=\"aligncenter size-size-400 wp-image-38061\" src=\"https:\/\/www.naturalscience.org\/wp-content\/uploads\/2022\/11\/RESTORE-NATURAL-ORDER-400x225.jpg\" alt=\"\" width=\"400\" height=\"225\" srcset=\"https:\/\/www.naturalscience.org\/wp-content\/uploads\/2022\/11\/RESTORE-NATURAL-ORDER-400x225.jpg 400w, https:\/\/www.naturalscience.org\/wp-content\/uploads\/2022\/11\/RESTORE-NATURAL-ORDER-300x169.jpg 300w, https:\/\/www.naturalscience.org\/wp-content\/uploads\/2022\/11\/RESTORE-NATURAL-ORDER-1024x576.jpg 1024w, https:\/\/www.naturalscience.org\/wp-content\/uploads\/2022\/11\/RESTORE-NATURAL-ORDER-768x432.jpg 768w, https:\/\/www.naturalscience.org\/wp-content\/uploads\/2022\/11\/RESTORE-NATURAL-ORDER-164x92.jpg 164w, https:\/\/www.naturalscience.org\/wp-content\/uploads\/2022\/11\/RESTORE-NATURAL-ORDER-500x281.jpg 500w, https:\/\/www.naturalscience.org\/wp-content\/uploads\/2022\/11\/RESTORE-NATURAL-ORDER.jpg 1280w\" sizes=\"auto, (max-width: 400px) 100vw, 400px\" \/><\/p>\n<p>&nbsp;<\/p>\n<p><small>23 octubre 2022, Hotel M\u00f6venpick, Regensdorf<\/small><\/p>\n","protected":false},"excerpt":{"rendered":"The Very Rev. Dean em. Paul Probst, SF, Presidente para Europa, The World Foundation for Natural Science, Luzern, Schweiz &nbsp; El Presidente para Europa de The World Foundation for Natural Science, Paul Probst, se refiri\u00f3 al cierre de su conferencia al hecho de que como hijos de Dios, estamos constantemente \u201cba\u00f1ados\u201d en Dios, debemos llegar [&hellip;]","protected":false},"author":14,"featured_media":0,"parent":38284,"menu_order":11,"comment_status":"closed","ping_status":"closed","template":"page-full.php","meta":{"_acf_changed":false,"ngg_post_thumbnail":0,"footnotes":""},"categories":[],"class_list":["post-38306","page","type-page","status-publish","hentry","wpautop"],"acf":[],"yoast_head":"<!-- This site is optimized with the Yoast SEO plugin v27.5 - https:\/\/yoast.com\/product\/yoast-seo-wordpress\/ -->\n<title>La Restauraci\u00f3n del Orden Natural - The World Foundation for Natural Science<\/title>\n<meta name=\"robots\" content=\"index, follow, max-snippet:-1, max-image-preview:large, max-video-preview:-1\" \/>\n<link rel=\"canonical\" href=\"https:\/\/www.naturalscience.org\/es\/congreso-2022\/presentaciones\/la-restauracion-del-orden-natural\/\" \/>\n<meta name=\"twitter:label1\" content=\"Tiempo de lectura\" \/>\n\t<meta name=\"twitter:data1\" content=\"2 minutos\" \/>\n<script type=\"application\/ld+json\" class=\"yoast-schema-graph\">{\"@context\":\"https:\\\/\\\/schema.org\",\"@graph\":[{\"@type\":\"WebPage\",\"@id\":\"https:\\\/\\\/www.naturalscience.org\\\/es\\\/congreso-2022\\\/presentaciones\\\/la-restauracion-del-orden-natural\\\/\",\"url\":\"https:\\\/\\\/www.naturalscience.org\\\/es\\\/congreso-2022\\\/presentaciones\\\/la-restauracion-del-orden-natural\\\/\",\"name\":\"La Restauraci\u00f3n del Orden Natural - The World Foundation for Natural Science\",\"isPartOf\":{\"@id\":\"https:\\\/\\\/www.naturalscience.org\\\/#website\"},\"primaryImageOfPage\":{\"@id\":\"https:\\\/\\\/www.naturalscience.org\\\/es\\\/congreso-2022\\\/presentaciones\\\/la-restauracion-del-orden-natural\\\/#primaryimage\"},\"image\":{\"@id\":\"https:\\\/\\\/www.naturalscience.org\\\/es\\\/congreso-2022\\\/presentaciones\\\/la-restauracion-del-orden-natural\\\/#primaryimage\"},\"thumbnailUrl\":\"https:\\\/\\\/www.naturalscience.org\\\/wp-content\\\/uploads\\\/2022\\\/12\\\/BALANCE-400x302.jpeg\",\"datePublished\":\"2022-12-13T20:06:49+00:00\",\"breadcrumb\":{\"@id\":\"https:\\\/\\\/www.naturalscience.org\\\/es\\\/congreso-2022\\\/presentaciones\\\/la-restauracion-del-orden-natural\\\/#breadcrumb\"},\"inLanguage\":\"es\",\"potentialAction\":[{\"@type\":\"ReadAction\",\"target\":[\"https:\\\/\\\/www.naturalscience.org\\\/es\\\/congreso-2022\\\/presentaciones\\\/la-restauracion-del-orden-natural\\\/\"]}]},{\"@type\":\"ImageObject\",\"inLanguage\":\"es\",\"@id\":\"https:\\\/\\\/www.naturalscience.org\\\/es\\\/congreso-2022\\\/presentaciones\\\/la-restauracion-del-orden-natural\\\/#primaryimage\",\"url\":\"https:\\\/\\\/www.naturalscience.org\\\/wp-content\\\/uploads\\\/2022\\\/12\\\/BALANCE-400x302.jpeg\",\"contentUrl\":\"https:\\\/\\\/www.naturalscience.org\\\/wp-content\\\/uploads\\\/2022\\\/12\\\/BALANCE-400x302.jpeg\"},{\"@type\":\"BreadcrumbList\",\"@id\":\"https:\\\/\\\/www.naturalscience.org\\\/es\\\/congreso-2022\\\/presentaciones\\\/la-restauracion-del-orden-natural\\\/#breadcrumb\",\"itemListElement\":[{\"@type\":\"ListItem\",\"position\":1,\"name\":\"Home\",\"item\":\"https:\\\/\\\/www.naturalscience.org\\\/es\\\/\"},{\"@type\":\"ListItem\",\"position\":2,\"name\":\"25\u00b0 Congreso Mundial Internacional \u201cNuevas Perspectivas Cient\u00edficas\u201d\",\"item\":\"https:\\\/\\\/www.naturalscience.org\\\/es\\\/congreso-2022\\\/\"},{\"@type\":\"ListItem\",\"position\":3,\"name\":\"Presentaci\u00f3nes\",\"item\":\"https:\\\/\\\/www.naturalscience.org\\\/es\\\/congreso-2022\\\/presentaciones\\\/\"},{\"@type\":\"ListItem\",\"position\":4,\"name\":\"La Restauraci\u00f3n del Orden Natural\"}]},{\"@type\":\"WebSite\",\"@id\":\"https:\\\/\\\/www.naturalscience.org\\\/#website\",\"url\":\"https:\\\/\\\/www.naturalscience.org\\\/\",\"name\":\"The World Foundation for Natural Science\",\"description\":\"Restoring and Healing the World through Responsibility and Commitment in accord with Natural and Divine Law!\",\"potentialAction\":[{\"@type\":\"SearchAction\",\"target\":{\"@type\":\"EntryPoint\",\"urlTemplate\":\"https:\\\/\\\/www.naturalscience.org\\\/?s={search_term_string}\"},\"query-input\":{\"@type\":\"PropertyValueSpecification\",\"valueRequired\":true,\"valueName\":\"search_term_string\"}}],\"inLanguage\":\"es\"}]}<\/script>\n<!-- \/ Yoast SEO plugin. -->","yoast_head_json":{"title":"La Restauraci\u00f3n del Orden Natural - The World Foundation for Natural Science","robots":{"index":"index","follow":"follow","max-snippet":"max-snippet:-1","max-image-preview":"max-image-preview:large","max-video-preview":"max-video-preview:-1"},"canonical":"https:\/\/www.naturalscience.org\/es\/congreso-2022\/presentaciones\/la-restauracion-del-orden-natural\/","twitter_misc":{"Tiempo de lectura":"2 minutos"},"schema":{"@context":"https:\/\/schema.org","@graph":[{"@type":"WebPage","@id":"https:\/\/www.naturalscience.org\/es\/congreso-2022\/presentaciones\/la-restauracion-del-orden-natural\/","url":"https:\/\/www.naturalscience.org\/es\/congreso-2022\/presentaciones\/la-restauracion-del-orden-natural\/","name":"La Restauraci\u00f3n del Orden Natural - The World Foundation for Natural Science","isPartOf":{"@id":"https:\/\/www.naturalscience.org\/#website"},"primaryImageOfPage":{"@id":"https:\/\/www.naturalscience.org\/es\/congreso-2022\/presentaciones\/la-restauracion-del-orden-natural\/#primaryimage"},"image":{"@id":"https:\/\/www.naturalscience.org\/es\/congreso-2022\/presentaciones\/la-restauracion-del-orden-natural\/#primaryimage"},"thumbnailUrl":"https:\/\/www.naturalscience.org\/wp-content\/uploads\/2022\/12\/BALANCE-400x302.jpeg","datePublished":"2022-12-13T20:06:49+00:00","breadcrumb":{"@id":"https:\/\/www.naturalscience.org\/es\/congreso-2022\/presentaciones\/la-restauracion-del-orden-natural\/#breadcrumb"},"inLanguage":"es","potentialAction":[{"@type":"ReadAction","target":["https:\/\/www.naturalscience.org\/es\/congreso-2022\/presentaciones\/la-restauracion-del-orden-natural\/"]}]},{"@type":"ImageObject","inLanguage":"es","@id":"https:\/\/www.naturalscience.org\/es\/congreso-2022\/presentaciones\/la-restauracion-del-orden-natural\/#primaryimage","url":"https:\/\/www.naturalscience.org\/wp-content\/uploads\/2022\/12\/BALANCE-400x302.jpeg","contentUrl":"https:\/\/www.naturalscience.org\/wp-content\/uploads\/2022\/12\/BALANCE-400x302.jpeg"},{"@type":"BreadcrumbList","@id":"https:\/\/www.naturalscience.org\/es\/congreso-2022\/presentaciones\/la-restauracion-del-orden-natural\/#breadcrumb","itemListElement":[{"@type":"ListItem","position":1,"name":"Home","item":"https:\/\/www.naturalscience.org\/es\/"},{"@type":"ListItem","position":2,"name":"25\u00b0 Congreso Mundial Internacional \u201cNuevas Perspectivas Cient\u00edficas\u201d","item":"https:\/\/www.naturalscience.org\/es\/congreso-2022\/"},{"@type":"ListItem","position":3,"name":"Presentaci\u00f3nes","item":"https:\/\/www.naturalscience.org\/es\/congreso-2022\/presentaciones\/"},{"@type":"ListItem","position":4,"name":"La Restauraci\u00f3n del Orden Natural"}]},{"@type":"WebSite","@id":"https:\/\/www.naturalscience.org\/#website","url":"https:\/\/www.naturalscience.org\/","name":"The World Foundation for Natural Science","description":"Restoring and Healing the World through Responsibility and Commitment in accord with Natural and Divine Law!","potentialAction":[{"@type":"SearchAction","target":{"@type":"EntryPoint","urlTemplate":"https:\/\/www.naturalscience.org\/?s={search_term_string}"},"query-input":{"@type":"PropertyValueSpecification","valueRequired":true,"valueName":"search_term_string"}}],"inLanguage":"es"}]}},"_links":{"self":[{"href":"https:\/\/www.naturalscience.org\/es\/wp-json\/wp\/v2\/pages\/38306","targetHints":{"allow":["GET"]}}],"collection":[{"href":"https:\/\/www.naturalscience.org\/es\/wp-json\/wp\/v2\/pages"}],"about":[{"href":"https:\/\/www.naturalscience.org\/es\/wp-json\/wp\/v2\/types\/page"}],"author":[{"embeddable":true,"href":"https:\/\/www.naturalscience.org\/es\/wp-json\/wp\/v2\/users\/14"}],"replies":[{"embeddable":true,"href":"https:\/\/www.naturalscience.org\/es\/wp-json\/wp\/v2\/comments?post=38306"}],"version-history":[{"count":1,"href":"https:\/\/www.naturalscience.org\/es\/wp-json\/wp\/v2\/pages\/38306\/revisions"}],"predecessor-version":[{"id":38307,"href":"https:\/\/www.naturalscience.org\/es\/wp-json\/wp\/v2\/pages\/38306\/revisions\/38307"}],"up":[{"embeddable":true,"href":"https:\/\/www.naturalscience.org\/es\/wp-json\/wp\/v2\/pages\/38284"}],"wp:attachment":[{"href":"https:\/\/www.naturalscience.org\/es\/wp-json\/wp\/v2\/media?parent=38306"}],"wp:term":[{"taxonomy":"category","embeddable":true,"href":"https:\/\/www.naturalscience.org\/es\/wp-json\/wp\/v2\/categories?post=38306"}],"curies":[{"name":"wp","href":"https:\/\/api.w.org\/{rel}","templated":true}]}}