{"id":38303,"date":"2022-12-13T21:05:40","date_gmt":"2022-12-13T20:05:40","guid":{"rendered":"https:\/\/www.naturalscience.org\/?page_id=38303"},"modified":"2022-12-13T21:05:40","modified_gmt":"2022-12-13T20:05:40","slug":"mi-cuerpo-una-maquina-la-abolicion-del-espiritu","status":"publish","type":"page","link":"https:\/\/www.naturalscience.org\/es\/congreso-2022\/presentaciones\/mi-cuerpo-una-maquina-la-abolicion-del-espiritu\/","title":{"rendered":"Mi Cuerpo,&nbsp;\u00bfuna M\u00e1quina? \u2013  La Abolici\u00f3n del Esp\u00edritu"},"content":{"rendered":"<p><i><strong>Sebastian Hausmann-Z\u2019graggen<\/strong>, Dr. rer. nat. Biologia, Winterthur, Suiza<\/i><\/p>\n<p>&nbsp;<\/p>\n<p>El Dr. Sebastian Hausmann Z&#8217;graggen present\u00f3 la tendencia actual de ver a los seres humanos cada vez m\u00e1s como m\u00e1quinas que pueden ser controladas electr\u00f3nicamente y&nbsp;\u00aboptimizadas\u00bb desde el exterior mediante inteligencia artificial. El objetivo de este desarrollo es liberar al cerebro de las limitaciones del cuerpo humano hasta el punto de que las funciones corporales sean controladas por inteligencia artificial y las partes del cuerpo sean reemplazadas por r\u00e9plicas externas (exoesqueletos) con control electr\u00f3nico.<\/p>\n<p>La escuela de pensamiento subyacente del \u201ctranshumanismo\u201d se basa en dos supuestos b\u00e1sicos que deben ser cuestionados: por un lado, el materialismo, que considera la naturaleza como materia muerta (y niega la animaci\u00f3n de un esp\u00edritu residente), y por otro lado, El darwinismo, que considera la \u201ccompetencia de las especies\u201d como la raz\u00f3n de la evoluci\u00f3n (y descarta el fen\u00f3meno de la simbiosis entre especies). Los transhumanistas concluyen que no hay diferencia entre el hombre y las m\u00e1quinas y que el hombre compite con las m\u00e1quinas en su evoluci\u00f3n. Si los humanos quisieran sobrevivir, tendr\u00edan que convertirse en m\u00e1quinas.<\/p>\n<p><img loading=\"lazy\" decoding=\"async\" src=\"https:\/\/www.naturalscience.org\/wp-content\/uploads\/2022\/11\/DATA-FLOOD-MEDICINE-400x267.jpg\" alt=\"\" width=\"400\" height=\"267\" class=\"aligncenter size-size-400 wp-image-38059\" srcset=\"https:\/\/www.naturalscience.org\/wp-content\/uploads\/2022\/11\/DATA-FLOOD-MEDICINE-400x267.jpg 400w, https:\/\/www.naturalscience.org\/wp-content\/uploads\/2022\/11\/DATA-FLOOD-MEDICINE-300x200.jpg 300w, https:\/\/www.naturalscience.org\/wp-content\/uploads\/2022\/11\/DATA-FLOOD-MEDICINE-1024x684.jpg 1024w, https:\/\/www.naturalscience.org\/wp-content\/uploads\/2022\/11\/DATA-FLOOD-MEDICINE-768x513.jpg 768w, https:\/\/www.naturalscience.org\/wp-content\/uploads\/2022\/11\/DATA-FLOOD-MEDICINE-1536x1025.jpg 1536w, https:\/\/www.naturalscience.org\/wp-content\/uploads\/2022\/11\/DATA-FLOOD-MEDICINE-164x109.jpg 164w, https:\/\/www.naturalscience.org\/wp-content\/uploads\/2022\/11\/DATA-FLOOD-MEDICINE-500x334.jpg 500w, https:\/\/www.naturalscience.org\/wp-content\/uploads\/2022\/11\/DATA-FLOOD-MEDICINE.jpg 2000w\" sizes=\"auto, (max-width: 400px) 100vw, 400px\" \/><\/p>\n<p>De hecho, la creciente avalancha de datos que genera la informaci\u00f3n de los rastreadores GPS al enviar las  coordenadas de posici\u00f3n, al usar tel\u00e9fonos m\u00f3viles y tel\u00e9fonos inteligentes, en medicina, dispositivos port\u00e1tiles con sensores en la ropa, as\u00ed como en relojes, pulseras y anillos de estado f\u00edsico, es imposible realizar un seguimiento sin un ordenador. Se registran grandes cantidades de funciones corporales y tambi\u00e9n se env\u00edan a las compa\u00f1\u00edas de seguros de la salud, aunque esto tambi\u00e9n puede tener consecuencias adversas para el usuario de estos dispositivos. Las consideraciones llegan incluso a reemplazar partes sanas del cuerpo de una persona con m\u00e1quinas que sean m\u00e1s eficientes. En este caso, el cerebro se convierte en la interfaz entre la m\u00e1quina y el ser humano. Por lo tanto, faltan los sentimientos y la conciencia. Los transhumanistas incluso llegan a decir que la mente tambi\u00e9n debe ser registrada en ordenadores a trav\u00e9s de un neuroenlace, es decir, la recuperaci\u00f3n de datos del cerebro, aunque los experimentos con monos han fallado en este sentido.<\/p>\n<p><img loading=\"lazy\" decoding=\"async\" src=\"https:\/\/www.naturalscience.org\/wp-content\/uploads\/2022\/11\/BRAIN-MACHINE-400x225.jpg\" alt=\"\" width=\"400\" height=\"225\" class=\"aligncenter size-size-400 wp-image-38060\" srcset=\"https:\/\/www.naturalscience.org\/wp-content\/uploads\/2022\/11\/BRAIN-MACHINE-400x225.jpg 400w, https:\/\/www.naturalscience.org\/wp-content\/uploads\/2022\/11\/BRAIN-MACHINE-300x169.jpg 300w, https:\/\/www.naturalscience.org\/wp-content\/uploads\/2022\/11\/BRAIN-MACHINE-1024x576.jpg 1024w, https:\/\/www.naturalscience.org\/wp-content\/uploads\/2022\/11\/BRAIN-MACHINE-768x432.jpg 768w, https:\/\/www.naturalscience.org\/wp-content\/uploads\/2022\/11\/BRAIN-MACHINE-164x92.jpg 164w, https:\/\/www.naturalscience.org\/wp-content\/uploads\/2022\/11\/BRAIN-MACHINE-500x281.jpg 500w, https:\/\/www.naturalscience.org\/wp-content\/uploads\/2022\/11\/BRAIN-MACHINE.jpg 1280w\" sizes=\"auto, (max-width: 400px) 100vw, 400px\" \/><\/p>\n<p>El orador contrast\u00f3 la posici\u00f3n del transhumanismo con el relato del fil\u00f3sofo Bernardo Kastrup, que se\u00f1ala que el cuerpo no puede verse separado de la conciencia, sino que la conciencia es la fuerza controladora. El materialismo no pudo mostrar c\u00f3mo se produce la experiencia. Kastrup apoya su tesis con resultados de investigaciones nauro-fisiol\u00f3gicas que prueban que incluso una menor actividad cerebral conduce a una experiencia m\u00e1s rica. Lo contrario es cierto para un chip de ordenador, por lo que nunca podra imitar un cerebro humano, y mucho menos la conciencia. Concluye: No podemos mejorar o reemplazar la naturaleza con medios t\u00e9cnicos, s\u00f3lo podemos cooperar con ella.<\/p>\n<p>As\u00ed, el Dr. Sebastian Hausmann Z\u2019graggen tambi\u00e9n lleg\u00f3 a la conclusi\u00f3n en su presentaci\u00f3n de que la separaci\u00f3n de la mente (conciencia) del cuerpo y la sustituci\u00f3n del control de la conciencia, por medio de la inteligencia artificial, es un error fatal. La conferencia mostr\u00f3 claramente que la explotaci\u00f3n del hombre y la naturaleza se basa en una visi\u00f3n del mundo equivocada. El materialismo fundado por Isaac Newton no es la soluci\u00f3n, porque la esencia de la realidad es espiritual y no material. No podemos reemplazar el cuerpo con m\u00e1quinas y debemos aceptarlo como es.<\/p>\n<p><img loading=\"lazy\" decoding=\"async\" src=\"https:\/\/www.naturalscience.org\/wp-content\/uploads\/2022\/12\/BODY-POSITIVE-400x266.jpg\" alt=\"\" width=\"400\" height=\"266\" class=\"aligncenter size-size-400 wp-image-38141\" srcset=\"https:\/\/www.naturalscience.org\/wp-content\/uploads\/2022\/12\/BODY-POSITIVE-400x266.jpg 400w, https:\/\/www.naturalscience.org\/wp-content\/uploads\/2022\/12\/BODY-POSITIVE-300x199.jpg 300w, https:\/\/www.naturalscience.org\/wp-content\/uploads\/2022\/12\/BODY-POSITIVE-1024x680.jpg 1024w, https:\/\/www.naturalscience.org\/wp-content\/uploads\/2022\/12\/BODY-POSITIVE-768x510.jpg 768w, https:\/\/www.naturalscience.org\/wp-content\/uploads\/2022\/12\/BODY-POSITIVE-1536x1020.jpg 1536w, https:\/\/www.naturalscience.org\/wp-content\/uploads\/2022\/12\/BODY-POSITIVE-2048x1360.jpg 2048w, https:\/\/www.naturalscience.org\/wp-content\/uploads\/2022\/12\/BODY-POSITIVE-164x109.jpg 164w, https:\/\/www.naturalscience.org\/wp-content\/uploads\/2022\/12\/BODY-POSITIVE-500x332.jpg 500w\" sizes=\"auto, (max-width: 400px) 100vw, 400px\" \/><\/p>\n<p>&nbsp;<\/p>\n<p><small>23 octubre 2022, Hotel M\u00f6venpick, Regensdorf<\/small><\/p>\n<ul>\n","protected":false},"excerpt":{"rendered":"Sebastian Hausmann-Z\u2019graggen, Dr. rer. nat. Biologia, Winterthur, Suiza &nbsp; El Dr. Sebastian Hausmann Z&#8217;graggen present\u00f3 la tendencia actual de ver a los seres humanos cada vez m\u00e1s como m\u00e1quinas que pueden ser controladas electr\u00f3nicamente y&nbsp;\u00aboptimizadas\u00bb desde el exterior mediante inteligencia artificial. El objetivo de este desarrollo es liberar al cerebro de las limitaciones del cuerpo [&hellip;]","protected":false},"author":14,"featured_media":0,"parent":38284,"menu_order":10,"comment_status":"closed","ping_status":"closed","template":"page-full.php","meta":{"_acf_changed":false,"ngg_post_thumbnail":0,"footnotes":""},"categories":[],"class_list":["post-38303","page","type-page","status-publish","hentry","wpautop"],"acf":[],"yoast_head":"<!-- This site is optimized with the Yoast SEO plugin v27.6 - https:\/\/yoast.com\/product\/yoast-seo-wordpress\/ -->\n<title>Mi Cuerpo, \u00bfuna M\u00e1quina? \u2013 La Abolici\u00f3n del Esp\u00edritu - The World Foundation for Natural Science<\/title>\n<meta name=\"robots\" content=\"index, follow, max-snippet:-1, max-image-preview:large, max-video-preview:-1\" \/>\n<link rel=\"canonical\" href=\"https:\/\/www.naturalscience.org\/es\/congreso-2022\/presentaciones\/mi-cuerpo-una-maquina-la-abolicion-del-espiritu\/\" \/>\n<meta name=\"twitter:label1\" content=\"Tiempo de lectura\" \/>\n\t<meta name=\"twitter:data1\" content=\"3 minutos\" \/>\n<script type=\"application\/ld+json\" class=\"yoast-schema-graph\">{\"@context\":\"https:\\\/\\\/schema.org\",\"@graph\":[{\"@type\":\"WebPage\",\"@id\":\"https:\\\/\\\/www.naturalscience.org\\\/es\\\/congreso-2022\\\/presentaciones\\\/mi-cuerpo-una-maquina-la-abolicion-del-espiritu\\\/\",\"url\":\"https:\\\/\\\/www.naturalscience.org\\\/es\\\/congreso-2022\\\/presentaciones\\\/mi-cuerpo-una-maquina-la-abolicion-del-espiritu\\\/\",\"name\":\"Mi Cuerpo, \u00bfuna M\u00e1quina? \u2013 La Abolici\u00f3n del Esp\u00edritu - The World Foundation for Natural Science\",\"isPartOf\":{\"@id\":\"https:\\\/\\\/www.naturalscience.org\\\/#website\"},\"primaryImageOfPage\":{\"@id\":\"https:\\\/\\\/www.naturalscience.org\\\/es\\\/congreso-2022\\\/presentaciones\\\/mi-cuerpo-una-maquina-la-abolicion-del-espiritu\\\/#primaryimage\"},\"image\":{\"@id\":\"https:\\\/\\\/www.naturalscience.org\\\/es\\\/congreso-2022\\\/presentaciones\\\/mi-cuerpo-una-maquina-la-abolicion-del-espiritu\\\/#primaryimage\"},\"thumbnailUrl\":\"https:\\\/\\\/www.naturalscience.org\\\/wp-content\\\/uploads\\\/2022\\\/11\\\/DATA-FLOOD-MEDICINE-400x267.jpg\",\"datePublished\":\"2022-12-13T20:05:40+00:00\",\"breadcrumb\":{\"@id\":\"https:\\\/\\\/www.naturalscience.org\\\/es\\\/congreso-2022\\\/presentaciones\\\/mi-cuerpo-una-maquina-la-abolicion-del-espiritu\\\/#breadcrumb\"},\"inLanguage\":\"es\",\"potentialAction\":[{\"@type\":\"ReadAction\",\"target\":[\"https:\\\/\\\/www.naturalscience.org\\\/es\\\/congreso-2022\\\/presentaciones\\\/mi-cuerpo-una-maquina-la-abolicion-del-espiritu\\\/\"]}]},{\"@type\":\"ImageObject\",\"inLanguage\":\"es\",\"@id\":\"https:\\\/\\\/www.naturalscience.org\\\/es\\\/congreso-2022\\\/presentaciones\\\/mi-cuerpo-una-maquina-la-abolicion-del-espiritu\\\/#primaryimage\",\"url\":\"https:\\\/\\\/www.naturalscience.org\\\/wp-content\\\/uploads\\\/2022\\\/11\\\/DATA-FLOOD-MEDICINE-400x267.jpg\",\"contentUrl\":\"https:\\\/\\\/www.naturalscience.org\\\/wp-content\\\/uploads\\\/2022\\\/11\\\/DATA-FLOOD-MEDICINE-400x267.jpg\"},{\"@type\":\"BreadcrumbList\",\"@id\":\"https:\\\/\\\/www.naturalscience.org\\\/es\\\/congreso-2022\\\/presentaciones\\\/mi-cuerpo-una-maquina-la-abolicion-del-espiritu\\\/#breadcrumb\",\"itemListElement\":[{\"@type\":\"ListItem\",\"position\":1,\"name\":\"Home\",\"item\":\"https:\\\/\\\/www.naturalscience.org\\\/es\\\/\"},{\"@type\":\"ListItem\",\"position\":2,\"name\":\"25\u00b0 Congreso Mundial Internacional \u201cNuevas Perspectivas Cient\u00edficas\u201d\",\"item\":\"https:\\\/\\\/www.naturalscience.org\\\/es\\\/congreso-2022\\\/\"},{\"@type\":\"ListItem\",\"position\":3,\"name\":\"Presentaci\u00f3nes\",\"item\":\"https:\\\/\\\/www.naturalscience.org\\\/es\\\/congreso-2022\\\/presentaciones\\\/\"},{\"@type\":\"ListItem\",\"position\":4,\"name\":\"Mi Cuerpo,&nbsp;\u00bfuna M\u00e1quina? \u2013 La Abolici\u00f3n del Esp\u00edritu\"}]},{\"@type\":\"WebSite\",\"@id\":\"https:\\\/\\\/www.naturalscience.org\\\/#website\",\"url\":\"https:\\\/\\\/www.naturalscience.org\\\/\",\"name\":\"The World Foundation for Natural Science\",\"description\":\"Restoring and Healing the World through Responsibility and Commitment in accord with Natural and Divine Law!\",\"potentialAction\":[{\"@type\":\"SearchAction\",\"target\":{\"@type\":\"EntryPoint\",\"urlTemplate\":\"https:\\\/\\\/www.naturalscience.org\\\/?s={search_term_string}\"},\"query-input\":{\"@type\":\"PropertyValueSpecification\",\"valueRequired\":true,\"valueName\":\"search_term_string\"}}],\"inLanguage\":\"es\"}]}<\/script>\n<!-- \/ Yoast SEO plugin. -->","yoast_head_json":{"title":"Mi Cuerpo, \u00bfuna M\u00e1quina? \u2013 La Abolici\u00f3n del Esp\u00edritu - The World Foundation for Natural Science","robots":{"index":"index","follow":"follow","max-snippet":"max-snippet:-1","max-image-preview":"max-image-preview:large","max-video-preview":"max-video-preview:-1"},"canonical":"https:\/\/www.naturalscience.org\/es\/congreso-2022\/presentaciones\/mi-cuerpo-una-maquina-la-abolicion-del-espiritu\/","twitter_misc":{"Tiempo de lectura":"3 minutos"},"schema":{"@context":"https:\/\/schema.org","@graph":[{"@type":"WebPage","@id":"https:\/\/www.naturalscience.org\/es\/congreso-2022\/presentaciones\/mi-cuerpo-una-maquina-la-abolicion-del-espiritu\/","url":"https:\/\/www.naturalscience.org\/es\/congreso-2022\/presentaciones\/mi-cuerpo-una-maquina-la-abolicion-del-espiritu\/","name":"Mi Cuerpo, \u00bfuna M\u00e1quina? \u2013 La Abolici\u00f3n del Esp\u00edritu - The World Foundation for Natural Science","isPartOf":{"@id":"https:\/\/www.naturalscience.org\/#website"},"primaryImageOfPage":{"@id":"https:\/\/www.naturalscience.org\/es\/congreso-2022\/presentaciones\/mi-cuerpo-una-maquina-la-abolicion-del-espiritu\/#primaryimage"},"image":{"@id":"https:\/\/www.naturalscience.org\/es\/congreso-2022\/presentaciones\/mi-cuerpo-una-maquina-la-abolicion-del-espiritu\/#primaryimage"},"thumbnailUrl":"https:\/\/www.naturalscience.org\/wp-content\/uploads\/2022\/11\/DATA-FLOOD-MEDICINE-400x267.jpg","datePublished":"2022-12-13T20:05:40+00:00","breadcrumb":{"@id":"https:\/\/www.naturalscience.org\/es\/congreso-2022\/presentaciones\/mi-cuerpo-una-maquina-la-abolicion-del-espiritu\/#breadcrumb"},"inLanguage":"es","potentialAction":[{"@type":"ReadAction","target":["https:\/\/www.naturalscience.org\/es\/congreso-2022\/presentaciones\/mi-cuerpo-una-maquina-la-abolicion-del-espiritu\/"]}]},{"@type":"ImageObject","inLanguage":"es","@id":"https:\/\/www.naturalscience.org\/es\/congreso-2022\/presentaciones\/mi-cuerpo-una-maquina-la-abolicion-del-espiritu\/#primaryimage","url":"https:\/\/www.naturalscience.org\/wp-content\/uploads\/2022\/11\/DATA-FLOOD-MEDICINE-400x267.jpg","contentUrl":"https:\/\/www.naturalscience.org\/wp-content\/uploads\/2022\/11\/DATA-FLOOD-MEDICINE-400x267.jpg"},{"@type":"BreadcrumbList","@id":"https:\/\/www.naturalscience.org\/es\/congreso-2022\/presentaciones\/mi-cuerpo-una-maquina-la-abolicion-del-espiritu\/#breadcrumb","itemListElement":[{"@type":"ListItem","position":1,"name":"Home","item":"https:\/\/www.naturalscience.org\/es\/"},{"@type":"ListItem","position":2,"name":"25\u00b0 Congreso Mundial Internacional \u201cNuevas Perspectivas Cient\u00edficas\u201d","item":"https:\/\/www.naturalscience.org\/es\/congreso-2022\/"},{"@type":"ListItem","position":3,"name":"Presentaci\u00f3nes","item":"https:\/\/www.naturalscience.org\/es\/congreso-2022\/presentaciones\/"},{"@type":"ListItem","position":4,"name":"Mi Cuerpo,&nbsp;\u00bfuna M\u00e1quina? \u2013 La Abolici\u00f3n del Esp\u00edritu"}]},{"@type":"WebSite","@id":"https:\/\/www.naturalscience.org\/#website","url":"https:\/\/www.naturalscience.org\/","name":"The World Foundation for Natural Science","description":"Restoring and Healing the World through Responsibility and Commitment in accord with Natural and Divine Law!","potentialAction":[{"@type":"SearchAction","target":{"@type":"EntryPoint","urlTemplate":"https:\/\/www.naturalscience.org\/?s={search_term_string}"},"query-input":{"@type":"PropertyValueSpecification","valueRequired":true,"valueName":"search_term_string"}}],"inLanguage":"es"}]}},"_links":{"self":[{"href":"https:\/\/www.naturalscience.org\/es\/wp-json\/wp\/v2\/pages\/38303","targetHints":{"allow":["GET"]}}],"collection":[{"href":"https:\/\/www.naturalscience.org\/es\/wp-json\/wp\/v2\/pages"}],"about":[{"href":"https:\/\/www.naturalscience.org\/es\/wp-json\/wp\/v2\/types\/page"}],"author":[{"embeddable":true,"href":"https:\/\/www.naturalscience.org\/es\/wp-json\/wp\/v2\/users\/14"}],"replies":[{"embeddable":true,"href":"https:\/\/www.naturalscience.org\/es\/wp-json\/wp\/v2\/comments?post=38303"}],"version-history":[{"count":1,"href":"https:\/\/www.naturalscience.org\/es\/wp-json\/wp\/v2\/pages\/38303\/revisions"}],"predecessor-version":[{"id":38304,"href":"https:\/\/www.naturalscience.org\/es\/wp-json\/wp\/v2\/pages\/38303\/revisions\/38304"}],"up":[{"embeddable":true,"href":"https:\/\/www.naturalscience.org\/es\/wp-json\/wp\/v2\/pages\/38284"}],"wp:attachment":[{"href":"https:\/\/www.naturalscience.org\/es\/wp-json\/wp\/v2\/media?parent=38303"}],"wp:term":[{"taxonomy":"category","embeddable":true,"href":"https:\/\/www.naturalscience.org\/es\/wp-json\/wp\/v2\/categories?post=38303"}],"curies":[{"name":"wp","href":"https:\/\/api.w.org\/{rel}","templated":true}]}}