{"id":38297,"date":"2022-12-13T20:54:51","date_gmt":"2022-12-13T19:54:51","guid":{"rendered":"https:\/\/www.naturalscience.org\/?page_id=38297"},"modified":"2022-12-13T20:54:51","modified_gmt":"2022-12-13T19:54:51","slug":"la-transicion-energetica-mucho-humo-y-espejismos","status":"publish","type":"page","link":"https:\/\/www.naturalscience.org\/es\/congreso-2022\/presentaciones\/la-transicion-energetica-mucho-humo-y-espejismos\/","title":{"rendered":"La Transici\u00f3n Energ\u00e9tica \u2013 Mucho Humo y Espejismos"},"content":{"rendered":"<p><i><strong>Marcel Hofmann<\/strong>, MSEE, Utzigen, Suiza<\/i><\/p>\n<p>&nbsp;<\/p>\n<p>Marcel Hofmann, MSEE, dej\u00f3 en claro al inicio de esta presentaci\u00f3n que el hombre no puede producir energ\u00eda por s\u00ed mismo.&nbsp;\u00a1El fondo del asunto es que el Sol es el \u00fanico productor de energ\u00eda!<\/p>\n<p>Aunque la crisis energ\u00e9tica tiene repercusiones mundiales es principalmente un problema europeo hecho en casa. Cuando hablamos en conferencias sobre el clima y asuntos ecol\u00f3gicos, se trata sobre todo de grandes programas de inversi\u00f3n y de regulaciones pol\u00edticas de protecci\u00f3n del clima que quieren reducir el clima a nivel mundial en 2 \uf0b0C para detener el cambio clim\u00e1tico. Ahora mismo, la transici\u00f3n energ\u00e9tica, que se alaba como barata nos cuesta bastante cara. La pregunta es si es a\u00fan un asunto de decisiones ecol\u00f3gicas o m\u00e1s bien econ\u00f3micas bajo el disfraz de \u201cecol\u00f3gicamente limpio\u201d.&nbsp;\u00bfEstar\u00e1 mejor la Tierra si aceleramos este camino hacia la energ\u00eda e\u00f3lica y los veh\u00edculos el\u00e9ctricos mediante proyectos a gran escala?&nbsp;\u00bfHemos agotado todas las posibilidades que el Sol nos ofrece? <\/p>\n<p><img loading=\"lazy\" decoding=\"async\" class=\"aligncenter wp-image-38144 size-size-400\" src=\"https:\/\/www.naturalscience.org\/wp-content\/uploads\/2022\/12\/SUN-400x267.jpeg\" alt=\"\" width=\"400\" height=\"267\" srcset=\"https:\/\/www.naturalscience.org\/wp-content\/uploads\/2022\/12\/SUN-400x267.jpeg 400w, https:\/\/www.naturalscience.org\/wp-content\/uploads\/2022\/12\/SUN-300x200.jpeg 300w, https:\/\/www.naturalscience.org\/wp-content\/uploads\/2022\/12\/SUN-1024x683.jpeg 1024w, https:\/\/www.naturalscience.org\/wp-content\/uploads\/2022\/12\/SUN-768x512.jpeg 768w, https:\/\/www.naturalscience.org\/wp-content\/uploads\/2022\/12\/SUN-1536x1024.jpeg 1536w, https:\/\/www.naturalscience.org\/wp-content\/uploads\/2022\/12\/SUN-2048x1366.jpeg 2048w, https:\/\/www.naturalscience.org\/wp-content\/uploads\/2022\/12\/SUN-164x109.jpeg 164w, https:\/\/www.naturalscience.org\/wp-content\/uploads\/2022\/12\/SUN-500x333.jpeg 500w\" sizes=\"auto, (max-width: 400px) 100vw, 400px\" \/><\/p>\n<p>El ingeniero Marcel Hofmann mostr\u00f3 las enormes dimensiones del asunto energ\u00e9tico. En la pasada d\u00e9cada el consumo de energ\u00eda se increment\u00f3 de forma gigantesca (combustibles y electricidad). Pero a\u00fan hasta un 84% de \u00e9ste consumo se cubre con energ\u00eda f\u00f3sil (petr\u00f3leo, gas, energ\u00eda nuclear, carb\u00f3n) y s\u00f3lo un 16% con energ\u00edas renovables (e\u00f3lica, agua, sol) Pronto, toda la vida estar\u00e1 electrificada, en l\u00ednea con la mentalidad de Tesla de \u201cplanificar r\u00e1pido, aprobar, construir e implementar\u201d; una econom\u00eda energ\u00e9tica planeada que incluso actualmente ni siquiera existe ya que pa\u00edses como Alemania (carb\u00f3n y nuclear) y Francia (nuclear) siguen produciendo y benefici\u00e1ndose de una gran parte de su suministro el\u00e9ctrico proveniente de la energ\u00eda convencional.&nbsp;\u00bfC\u00f3mo podemos reemplazar esta gran cantidad de energ\u00eda f\u00f3sil con energ\u00edas renovables? Muchos asumen que la energ\u00eda el\u00e9ctrica consume menos energ\u00eda; pero para alimentar con energ\u00eda renovable todo lo que actualmente funciona con combustibles f\u00f3siles, necesitar\u00edamos tres veces la cantidad de la energ\u00eda renovable producida actualmente. <\/p>\n<p><img loading=\"lazy\" decoding=\"async\" class=\"aligncenter wp-image-38042 size-large\" src=\"https:\/\/www.naturalscience.org\/wp-content\/uploads\/2022\/11\/WHICH-MATERIALS-FOR-WHICH-SECTOR-1024x576.jpg\" alt=\"\" width=\"1024\" height=\"576\" srcset=\"https:\/\/www.naturalscience.org\/wp-content\/uploads\/2022\/11\/WHICH-MATERIALS-FOR-WHICH-SECTOR-1024x576.jpg 1024w, https:\/\/www.naturalscience.org\/wp-content\/uploads\/2022\/11\/WHICH-MATERIALS-FOR-WHICH-SECTOR-300x169.jpg 300w, https:\/\/www.naturalscience.org\/wp-content\/uploads\/2022\/11\/WHICH-MATERIALS-FOR-WHICH-SECTOR-768x432.jpg 768w, https:\/\/www.naturalscience.org\/wp-content\/uploads\/2022\/11\/WHICH-MATERIALS-FOR-WHICH-SECTOR-164x92.jpg 164w, https:\/\/www.naturalscience.org\/wp-content\/uploads\/2022\/11\/WHICH-MATERIALS-FOR-WHICH-SECTOR-400x225.jpg 400w, https:\/\/www.naturalscience.org\/wp-content\/uploads\/2022\/11\/WHICH-MATERIALS-FOR-WHICH-SECTOR-500x281.jpg 500w, https:\/\/www.naturalscience.org\/wp-content\/uploads\/2022\/11\/WHICH-MATERIALS-FOR-WHICH-SECTOR.jpg 1280w\" sizes=\"auto, (max-width: 1024px) 100vw, 1024px\" \/><\/p>\n<p>Hace 20 a\u00f1os, Alemania empez\u00f3 a producir energ\u00eda proveniente del viento y del sol. Mientras se planifican nuevos gigantescos proyectos, las primeras turbinas de viento ya tienen que ser desmanteladas. Sin embargo, su eliminaci\u00f3n o reciclaje est\u00e1n muy poco regulados, por los que los componentes de las turbinas e\u00f3licas son abandonados en vertederos no autorizados en el campo. Seg\u00fan el an\u00e1lisis de riesgos de la Uni\u00f3n Europea, es muy probable que en el futuro no haya suficientes recursos de tierras raras (litio, grafito, cobalto, disprosio, neodimio, n\u00edquel, praseodimio) para las plantas de energ\u00eda \u201cverde\u201d (por ejemplo: turbinas y motores e\u00f3licos) Adem\u00e1s, la mayor\u00eda de las tierras raras actualmente provienen de China, donde son extra\u00eddas y procesadas y grandes cantidades de aguas residuales fluyen sin control hacia las aguas subterr\u00e1neas y al mar, causando perjuicios enormes a los humanos y al medio ambiente. Muchas de la tierras raras son escasamente reutilizadas. En lugar de reciclarlas, a menudo son enterradas porque suele ser m\u00e1s barato.&nbsp;\u00bfEstamos cometiendo el mismo error que cometimos con las plantas de energ\u00eda nuclear, produciendo desechos sin saber como eliminarlos ni reusarlos en el futuro?<\/p>\n<p><img loading=\"lazy\" decoding=\"async\" class=\"aligncenter wp-image-38043 size-large\" src=\"https:\/\/www.naturalscience.org\/wp-content\/uploads\/2022\/11\/DEPENDANCY-FROM-CHINA-1024x576.jpg\" alt=\"\" width=\"1024\" height=\"576\" srcset=\"https:\/\/www.naturalscience.org\/wp-content\/uploads\/2022\/11\/DEPENDANCY-FROM-CHINA-1024x576.jpg 1024w, https:\/\/www.naturalscience.org\/wp-content\/uploads\/2022\/11\/DEPENDANCY-FROM-CHINA-300x169.jpg 300w, https:\/\/www.naturalscience.org\/wp-content\/uploads\/2022\/11\/DEPENDANCY-FROM-CHINA-768x432.jpg 768w, https:\/\/www.naturalscience.org\/wp-content\/uploads\/2022\/11\/DEPENDANCY-FROM-CHINA-164x92.jpg 164w, https:\/\/www.naturalscience.org\/wp-content\/uploads\/2022\/11\/DEPENDANCY-FROM-CHINA-400x225.jpg 400w, https:\/\/www.naturalscience.org\/wp-content\/uploads\/2022\/11\/DEPENDANCY-FROM-CHINA-500x281.jpg 500w, https:\/\/www.naturalscience.org\/wp-content\/uploads\/2022\/11\/DEPENDANCY-FROM-CHINA.jpg 1280w\" sizes=\"auto, (max-width: 1024px) 100vw, 1024px\" \/><\/p>\n<p>Reciclar tambi\u00e9n es parte de una estrategia energ\u00e9tica sensata y amigable con el medio ambiente. De la misma manera, las desventajas (que a menudo simplemente son ignoradas o negadas actualmente) tambi\u00e9n deben tomarse en cuenta, por ejemplo, en el caso de las turbinas e\u00f3licas, el insomnio y los trastornos del sue\u00f1o de los residentes debido a los infrasonidos provenientes de las turbinas e\u00f3licas. La alteraci\u00f3n de las capas oce\u00e1nicas y por lo tanto del h\u00e1bitat de incontables animales marinos debido a las turbinas e\u00f3licas en alta mar, el enorme esfuerzo t\u00e9cnico para determinados proyectos, subsidios que se interponen en el camino de ahorrar electricidad y posiblemente pueden provocar una sobrecarga de la red, etc.<\/p>\n<p><img loading=\"lazy\" decoding=\"async\" class=\"aligncenter wp-image-38044 size-size-400\" src=\"https:\/\/www.naturalscience.org\/wp-content\/uploads\/2022\/11\/OFFSHORE-WIND-TURBINES-400x225.jpg\" alt=\"\" width=\"400\" height=\"225\" srcset=\"https:\/\/www.naturalscience.org\/wp-content\/uploads\/2022\/11\/OFFSHORE-WIND-TURBINES-400x225.jpg 400w, https:\/\/www.naturalscience.org\/wp-content\/uploads\/2022\/11\/OFFSHORE-WIND-TURBINES-300x169.jpg 300w, https:\/\/www.naturalscience.org\/wp-content\/uploads\/2022\/11\/OFFSHORE-WIND-TURBINES-1024x576.jpg 1024w, https:\/\/www.naturalscience.org\/wp-content\/uploads\/2022\/11\/OFFSHORE-WIND-TURBINES-768x432.jpg 768w, https:\/\/www.naturalscience.org\/wp-content\/uploads\/2022\/11\/OFFSHORE-WIND-TURBINES-164x92.jpg 164w, https:\/\/www.naturalscience.org\/wp-content\/uploads\/2022\/11\/OFFSHORE-WIND-TURBINES-500x281.jpg 500w, https:\/\/www.naturalscience.org\/wp-content\/uploads\/2022\/11\/OFFSHORE-WIND-TURBINES.jpg 1280w\" sizes=\"auto, (max-width: 400px) 100vw, 400px\" \/><\/p>\n<p>Necesitamos una transici\u00f3n energ\u00e9tica que sea clara, dijo, Marcel Hofmann. Sin embargo, no deber\u00eda ser una pol\u00edtica energ\u00e9tica de un Nuevo Tratado Ecol\u00f3gico Post Era Covid que no tenga que ver con la sostenibilidad sino con el crecimiento econ\u00f3mico. Ideas para una verdadera transici\u00f3n energ\u00e9tica deber\u00edan ser, por ejemplo, la producci\u00f3n de energ\u00eda descentralizada en las viviendas particulares (almacenamiento de agua en casa calentada por energ\u00eda solar, estufas de madera,&#8230;), porque la transici\u00f3n energ\u00e9tica significa la interacci\u00f3n trascendente de las m\u00e1s diversas fuentes de energ\u00eda, tecnolog\u00edas e ideas. Tambi\u00e9n significa abandonar la indiferencia y asumir la responsabilidad personal, adem\u00e1s de cambiar de un suministro de energ\u00eda centralizado a uno descentralizado. El mayor desaf\u00edo con las energ\u00edas renovables es el asunto del almacenamiento de la energ\u00eda, ya que la energ\u00eda sobrante tiene que ser destruida en algunos casos y la tecnolog\u00eda de almacenamiento usada en la producci\u00f3n de hidr\u00f3geno (electr\u00f3lisis) a\u00fan causa muchas p\u00e9rdidas. Sin embargo, el ponente explic\u00f3 que se est\u00e1n llevando a cabo proyectos para producir un almacenamiento de electricidad m\u00e1s eficiente, refiri\u00e9ndose a un ejemplo actual en la regi\u00f3n de Tessin (Suiza). Marcel Hofmann dijo que la transici\u00f3n energ\u00e9tica es factible, porque \u201cel mundo tiene lo suficiente para las necesidades de todos, pero no para la codicia de todos\u201d citando al Mahatma Gandhi al final de su charla.<\/p>\n<p>&nbsp;<\/p>\n<p><small>22. octubre 2022, Hotel M\u00f6venpick, Regensdorf<\/small><\/p>\n","protected":false},"excerpt":{"rendered":"Marcel Hofmann, MSEE, Utzigen, Suiza &nbsp; Marcel Hofmann, MSEE, dej\u00f3 en claro al inicio de esta presentaci\u00f3n que el hombre no puede producir energ\u00eda por s\u00ed mismo.&nbsp;\u00a1El fondo del asunto es que el Sol es el \u00fanico productor de energ\u00eda! Aunque la crisis energ\u00e9tica tiene repercusiones mundiales es principalmente un problema europeo hecho en casa. [&hellip;]","protected":false},"author":14,"featured_media":0,"parent":38284,"menu_order":7,"comment_status":"closed","ping_status":"closed","template":"page-full.php","meta":{"_acf_changed":false,"ngg_post_thumbnail":0,"footnotes":""},"categories":[],"class_list":["post-38297","page","type-page","status-publish","hentry","wpautop"],"acf":[],"yoast_head":"<!-- This site is optimized with the Yoast SEO plugin v27.6 - https:\/\/yoast.com\/product\/yoast-seo-wordpress\/ -->\n<title>La Transici\u00f3n Energ\u00e9tica \u2013 Mucho Humo y Espejismos - The World Foundation for Natural Science<\/title>\n<meta name=\"robots\" content=\"index, follow, max-snippet:-1, max-image-preview:large, max-video-preview:-1\" \/>\n<link rel=\"canonical\" href=\"https:\/\/www.naturalscience.org\/es\/congreso-2022\/presentaciones\/la-transicion-energetica-mucho-humo-y-espejismos\/\" \/>\n<meta name=\"twitter:label1\" content=\"Tiempo de lectura\" \/>\n\t<meta name=\"twitter:data1\" content=\"5 minutos\" \/>\n<script type=\"application\/ld+json\" class=\"yoast-schema-graph\">{\"@context\":\"https:\\\/\\\/schema.org\",\"@graph\":[{\"@type\":\"WebPage\",\"@id\":\"https:\\\/\\\/www.naturalscience.org\\\/es\\\/congreso-2022\\\/presentaciones\\\/la-transicion-energetica-mucho-humo-y-espejismos\\\/\",\"url\":\"https:\\\/\\\/www.naturalscience.org\\\/es\\\/congreso-2022\\\/presentaciones\\\/la-transicion-energetica-mucho-humo-y-espejismos\\\/\",\"name\":\"La Transici\u00f3n Energ\u00e9tica \u2013 Mucho Humo y Espejismos - The World Foundation for Natural Science\",\"isPartOf\":{\"@id\":\"https:\\\/\\\/www.naturalscience.org\\\/#website\"},\"primaryImageOfPage\":{\"@id\":\"https:\\\/\\\/www.naturalscience.org\\\/es\\\/congreso-2022\\\/presentaciones\\\/la-transicion-energetica-mucho-humo-y-espejismos\\\/#primaryimage\"},\"image\":{\"@id\":\"https:\\\/\\\/www.naturalscience.org\\\/es\\\/congreso-2022\\\/presentaciones\\\/la-transicion-energetica-mucho-humo-y-espejismos\\\/#primaryimage\"},\"thumbnailUrl\":\"https:\\\/\\\/www.naturalscience.org\\\/wp-content\\\/uploads\\\/2022\\\/12\\\/SUN-400x267.jpeg\",\"datePublished\":\"2022-12-13T19:54:51+00:00\",\"breadcrumb\":{\"@id\":\"https:\\\/\\\/www.naturalscience.org\\\/es\\\/congreso-2022\\\/presentaciones\\\/la-transicion-energetica-mucho-humo-y-espejismos\\\/#breadcrumb\"},\"inLanguage\":\"es\",\"potentialAction\":[{\"@type\":\"ReadAction\",\"target\":[\"https:\\\/\\\/www.naturalscience.org\\\/es\\\/congreso-2022\\\/presentaciones\\\/la-transicion-energetica-mucho-humo-y-espejismos\\\/\"]}]},{\"@type\":\"ImageObject\",\"inLanguage\":\"es\",\"@id\":\"https:\\\/\\\/www.naturalscience.org\\\/es\\\/congreso-2022\\\/presentaciones\\\/la-transicion-energetica-mucho-humo-y-espejismos\\\/#primaryimage\",\"url\":\"https:\\\/\\\/www.naturalscience.org\\\/wp-content\\\/uploads\\\/2022\\\/12\\\/SUN-400x267.jpeg\",\"contentUrl\":\"https:\\\/\\\/www.naturalscience.org\\\/wp-content\\\/uploads\\\/2022\\\/12\\\/SUN-400x267.jpeg\"},{\"@type\":\"BreadcrumbList\",\"@id\":\"https:\\\/\\\/www.naturalscience.org\\\/es\\\/congreso-2022\\\/presentaciones\\\/la-transicion-energetica-mucho-humo-y-espejismos\\\/#breadcrumb\",\"itemListElement\":[{\"@type\":\"ListItem\",\"position\":1,\"name\":\"Home\",\"item\":\"https:\\\/\\\/www.naturalscience.org\\\/es\\\/\"},{\"@type\":\"ListItem\",\"position\":2,\"name\":\"25\u00b0 Congreso Mundial Internacional \u201cNuevas Perspectivas Cient\u00edficas\u201d\",\"item\":\"https:\\\/\\\/www.naturalscience.org\\\/es\\\/congreso-2022\\\/\"},{\"@type\":\"ListItem\",\"position\":3,\"name\":\"Presentaci\u00f3nes\",\"item\":\"https:\\\/\\\/www.naturalscience.org\\\/es\\\/congreso-2022\\\/presentaciones\\\/\"},{\"@type\":\"ListItem\",\"position\":4,\"name\":\"La Transici\u00f3n Energ\u00e9tica \u2013 Mucho Humo y Espejismos\"}]},{\"@type\":\"WebSite\",\"@id\":\"https:\\\/\\\/www.naturalscience.org\\\/#website\",\"url\":\"https:\\\/\\\/www.naturalscience.org\\\/\",\"name\":\"The World Foundation for Natural Science\",\"description\":\"Restoring and Healing the World through Responsibility and Commitment in accord with Natural and Divine Law!\",\"potentialAction\":[{\"@type\":\"SearchAction\",\"target\":{\"@type\":\"EntryPoint\",\"urlTemplate\":\"https:\\\/\\\/www.naturalscience.org\\\/?s={search_term_string}\"},\"query-input\":{\"@type\":\"PropertyValueSpecification\",\"valueRequired\":true,\"valueName\":\"search_term_string\"}}],\"inLanguage\":\"es\"}]}<\/script>\n<!-- \/ Yoast SEO plugin. -->","yoast_head_json":{"title":"La Transici\u00f3n Energ\u00e9tica \u2013 Mucho Humo y Espejismos - The World Foundation for Natural Science","robots":{"index":"index","follow":"follow","max-snippet":"max-snippet:-1","max-image-preview":"max-image-preview:large","max-video-preview":"max-video-preview:-1"},"canonical":"https:\/\/www.naturalscience.org\/es\/congreso-2022\/presentaciones\/la-transicion-energetica-mucho-humo-y-espejismos\/","twitter_misc":{"Tiempo de lectura":"5 minutos"},"schema":{"@context":"https:\/\/schema.org","@graph":[{"@type":"WebPage","@id":"https:\/\/www.naturalscience.org\/es\/congreso-2022\/presentaciones\/la-transicion-energetica-mucho-humo-y-espejismos\/","url":"https:\/\/www.naturalscience.org\/es\/congreso-2022\/presentaciones\/la-transicion-energetica-mucho-humo-y-espejismos\/","name":"La Transici\u00f3n Energ\u00e9tica \u2013 Mucho Humo y Espejismos - The World Foundation for Natural Science","isPartOf":{"@id":"https:\/\/www.naturalscience.org\/#website"},"primaryImageOfPage":{"@id":"https:\/\/www.naturalscience.org\/es\/congreso-2022\/presentaciones\/la-transicion-energetica-mucho-humo-y-espejismos\/#primaryimage"},"image":{"@id":"https:\/\/www.naturalscience.org\/es\/congreso-2022\/presentaciones\/la-transicion-energetica-mucho-humo-y-espejismos\/#primaryimage"},"thumbnailUrl":"https:\/\/www.naturalscience.org\/wp-content\/uploads\/2022\/12\/SUN-400x267.jpeg","datePublished":"2022-12-13T19:54:51+00:00","breadcrumb":{"@id":"https:\/\/www.naturalscience.org\/es\/congreso-2022\/presentaciones\/la-transicion-energetica-mucho-humo-y-espejismos\/#breadcrumb"},"inLanguage":"es","potentialAction":[{"@type":"ReadAction","target":["https:\/\/www.naturalscience.org\/es\/congreso-2022\/presentaciones\/la-transicion-energetica-mucho-humo-y-espejismos\/"]}]},{"@type":"ImageObject","inLanguage":"es","@id":"https:\/\/www.naturalscience.org\/es\/congreso-2022\/presentaciones\/la-transicion-energetica-mucho-humo-y-espejismos\/#primaryimage","url":"https:\/\/www.naturalscience.org\/wp-content\/uploads\/2022\/12\/SUN-400x267.jpeg","contentUrl":"https:\/\/www.naturalscience.org\/wp-content\/uploads\/2022\/12\/SUN-400x267.jpeg"},{"@type":"BreadcrumbList","@id":"https:\/\/www.naturalscience.org\/es\/congreso-2022\/presentaciones\/la-transicion-energetica-mucho-humo-y-espejismos\/#breadcrumb","itemListElement":[{"@type":"ListItem","position":1,"name":"Home","item":"https:\/\/www.naturalscience.org\/es\/"},{"@type":"ListItem","position":2,"name":"25\u00b0 Congreso Mundial Internacional \u201cNuevas Perspectivas Cient\u00edficas\u201d","item":"https:\/\/www.naturalscience.org\/es\/congreso-2022\/"},{"@type":"ListItem","position":3,"name":"Presentaci\u00f3nes","item":"https:\/\/www.naturalscience.org\/es\/congreso-2022\/presentaciones\/"},{"@type":"ListItem","position":4,"name":"La Transici\u00f3n Energ\u00e9tica \u2013 Mucho Humo y Espejismos"}]},{"@type":"WebSite","@id":"https:\/\/www.naturalscience.org\/#website","url":"https:\/\/www.naturalscience.org\/","name":"The World Foundation for Natural Science","description":"Restoring and Healing the World through Responsibility and Commitment in accord with Natural and Divine Law!","potentialAction":[{"@type":"SearchAction","target":{"@type":"EntryPoint","urlTemplate":"https:\/\/www.naturalscience.org\/?s={search_term_string}"},"query-input":{"@type":"PropertyValueSpecification","valueRequired":true,"valueName":"search_term_string"}}],"inLanguage":"es"}]}},"_links":{"self":[{"href":"https:\/\/www.naturalscience.org\/es\/wp-json\/wp\/v2\/pages\/38297","targetHints":{"allow":["GET"]}}],"collection":[{"href":"https:\/\/www.naturalscience.org\/es\/wp-json\/wp\/v2\/pages"}],"about":[{"href":"https:\/\/www.naturalscience.org\/es\/wp-json\/wp\/v2\/types\/page"}],"author":[{"embeddable":true,"href":"https:\/\/www.naturalscience.org\/es\/wp-json\/wp\/v2\/users\/14"}],"replies":[{"embeddable":true,"href":"https:\/\/www.naturalscience.org\/es\/wp-json\/wp\/v2\/comments?post=38297"}],"version-history":[{"count":1,"href":"https:\/\/www.naturalscience.org\/es\/wp-json\/wp\/v2\/pages\/38297\/revisions"}],"predecessor-version":[{"id":38298,"href":"https:\/\/www.naturalscience.org\/es\/wp-json\/wp\/v2\/pages\/38297\/revisions\/38298"}],"up":[{"embeddable":true,"href":"https:\/\/www.naturalscience.org\/es\/wp-json\/wp\/v2\/pages\/38284"}],"wp:attachment":[{"href":"https:\/\/www.naturalscience.org\/es\/wp-json\/wp\/v2\/media?parent=38297"}],"wp:term":[{"taxonomy":"category","embeddable":true,"href":"https:\/\/www.naturalscience.org\/es\/wp-json\/wp\/v2\/categories?post=38297"}],"curies":[{"name":"wp","href":"https:\/\/api.w.org\/{rel}","templated":true}]}}