{"id":38293,"date":"2022-12-13T17:46:33","date_gmt":"2022-12-13T16:46:33","guid":{"rendered":"https:\/\/www.naturalscience.org\/?page_id=38293"},"modified":"2022-12-13T17:46:33","modified_gmt":"2022-12-13T16:46:33","slug":"agricultura-forestal-viviendo-la-simbiosis","status":"publish","type":"page","link":"https:\/\/www.naturalscience.org\/es\/congreso-2022\/presentaciones\/agricultura-forestal-viviendo-la-simbiosis\/","title":{"rendered":"Agricultura Forestal \u2013 Viviendo la Simbiosis"},"content":{"rendered":"<p><i><strong>Jos\u00e9 de Almeida<\/strong>, Ingeniero Agr\u00edcola, Lima, Per\u00fa<\/i><\/p>\n<p>&nbsp;<\/p>\n<p>La breve presentaci\u00f3n din\u00e1mica de Jos\u00e9 de Almeida record\u00f3 a la audiencia que el hombre es una parte integral de la naturaleza y que es necesaria una relaci\u00f3n de respeto mutuo entre el hombre, los animales y la naturaleza. Con preguntas ingeniosas, hizo que los participantes del Congreso reflexionaran sobre su propio comportamiento como consumidores y finalmente se dieran cuenta de que ellos, como consumidores, tienen una parte de responsabilidad en sus decisiones de compra.<\/p>\n<p><img loading=\"lazy\" decoding=\"async\" class=\"aligncenter size-size-400 wp-image-38028\" src=\"https:\/\/www.naturalscience.org\/wp-content\/uploads\/2022\/11\/PASTURE-400x300.jpg\" alt=\"\" width=\"400\" height=\"300\" srcset=\"https:\/\/www.naturalscience.org\/wp-content\/uploads\/2022\/11\/PASTURE-400x300.jpg 400w, https:\/\/www.naturalscience.org\/wp-content\/uploads\/2022\/11\/PASTURE-300x225.jpg 300w, https:\/\/www.naturalscience.org\/wp-content\/uploads\/2022\/11\/PASTURE-1024x768.jpg 1024w, https:\/\/www.naturalscience.org\/wp-content\/uploads\/2022\/11\/PASTURE-768x576.jpg 768w, https:\/\/www.naturalscience.org\/wp-content\/uploads\/2022\/11\/PASTURE-164x123.jpg 164w, https:\/\/www.naturalscience.org\/wp-content\/uploads\/2022\/11\/PASTURE-500x375.jpg 500w, https:\/\/www.naturalscience.org\/wp-content\/uploads\/2022\/11\/PASTURE.jpg 1246w\" sizes=\"auto, (max-width: 400px) 100vw, 400px\" \/><\/p>\n<p>El orador inform\u00f3 sobre sus experiencias y observaciones en su pa\u00eds de origen, Per\u00fa, un pa\u00eds exportador de muchos productos como el caf\u00e9 y el aguacate. Con el fin de servir a los mercados globales, la tierra agr\u00edcola a peque\u00f1a escala contin\u00faa siendo convertida o, a veces, incluso la selva tropical se tala por completo para cultivar grandes monocultivos en su lugar. Las consecuencias son la p\u00e9rdida de h\u00e1bitat y de biodiversidad, lo que lleva, entre otras cosas, a una crisis alimentaria devastadora para la poblaci\u00f3n local.<\/p>\n<p><img loading=\"lazy\" decoding=\"async\" class=\"aligncenter size-size-400 wp-image-38029\" src=\"https:\/\/www.naturalscience.org\/wp-content\/uploads\/2022\/11\/CACTI-400x225.jpg\" alt=\"\" width=\"400\" height=\"225\" srcset=\"https:\/\/www.naturalscience.org\/wp-content\/uploads\/2022\/11\/CACTI-400x225.jpg 400w, https:\/\/www.naturalscience.org\/wp-content\/uploads\/2022\/11\/CACTI-300x169.jpg 300w, https:\/\/www.naturalscience.org\/wp-content\/uploads\/2022\/11\/CACTI-1024x576.jpg 1024w, https:\/\/www.naturalscience.org\/wp-content\/uploads\/2022\/11\/CACTI-768x432.jpg 768w, https:\/\/www.naturalscience.org\/wp-content\/uploads\/2022\/11\/CACTI-164x92.jpg 164w, https:\/\/www.naturalscience.org\/wp-content\/uploads\/2022\/11\/CACTI-500x281.jpg 500w, https:\/\/www.naturalscience.org\/wp-content\/uploads\/2022\/11\/CACTI.jpg 1246w\" sizes=\"auto, (max-width: 400px) 100vw, 400px\" \/><\/p>\n<p>Jos\u00e9 de Almeida present\u00f3 la Agricultura Forestal, una pr\u00e1ctica centenaria, como una alternativa ecol\u00f3gica y orientada al futuro a los monocultivos con \u00e1nimo de lucro. En la agricultura forestal se practican en un mismo terreno la agricultura, la ganader\u00eda y la agricultura forestal, con el objetivo de crear una simbiosis entre la vida animal y la vegetal, mejorando la biodiversidad y logrando un \u201cagroecosistema\u201d, un equilibrio natural entre la agricultura y la naturaleza.<\/p>\n<p><img loading=\"lazy\" decoding=\"async\" class=\"aligncenter size-size-400 wp-image-38030\" src=\"https:\/\/www.naturalscience.org\/wp-content\/uploads\/2022\/11\/COFFEE-400x200.jpg\" alt=\"\" width=\"400\" height=\"200\" srcset=\"https:\/\/www.naturalscience.org\/wp-content\/uploads\/2022\/11\/COFFEE-400x200.jpg 400w, https:\/\/www.naturalscience.org\/wp-content\/uploads\/2022\/11\/COFFEE-300x150.jpg 300w, https:\/\/www.naturalscience.org\/wp-content\/uploads\/2022\/11\/COFFEE-768x383.jpg 768w, https:\/\/www.naturalscience.org\/wp-content\/uploads\/2022\/11\/COFFEE-164x82.jpg 164w, https:\/\/www.naturalscience.org\/wp-content\/uploads\/2022\/11\/COFFEE-500x249.jpg 500w, https:\/\/www.naturalscience.org\/wp-content\/uploads\/2022\/11\/COFFEE.jpg 938w\" sizes=\"auto, (max-width: 400px) 100vw, 400px\" \/><\/p>\n<p>Finalmente, el orador present\u00f3 a la audiencia algunos impresionantes proyectos de mucho \u00e9xito en Per\u00fa, en los que el concepto de agricultura forestal no s\u00f3lo se ense\u00f1a, sino que tambi\u00e9n se vive en la pr\u00e1ctica. Concluy\u00f3 su disertaci\u00f3n con una conmovedora s\u00faplica sobre el amor a la \u201cPachamama\u201d, que significa \u201cMadre Tierra\u201d en quechua, una de las lenguas ancestrales de los pueblos andinos.<\/p>\n<p>&nbsp;<\/p>\n<p><small>21 octubre 2022, Hotel M\u00f6venpick, Regensdorf<\/small><\/p>\n","protected":false},"excerpt":{"rendered":"Jos\u00e9 de Almeida, Ingeniero Agr\u00edcola, Lima, Per\u00fa &nbsp; La breve presentaci\u00f3n din\u00e1mica de Jos\u00e9 de Almeida record\u00f3 a la audiencia que el hombre es una parte integral de la naturaleza y que es necesaria una relaci\u00f3n de respeto mutuo entre el hombre, los animales y la naturaleza. Con preguntas ingeniosas, hizo que los participantes del [&hellip;]","protected":false},"author":14,"featured_media":0,"parent":38284,"menu_order":5,"comment_status":"closed","ping_status":"closed","template":"page-full.php","meta":{"_acf_changed":false,"ngg_post_thumbnail":0,"footnotes":""},"categories":[],"class_list":["post-38293","page","type-page","status-publish","hentry","wpautop"],"acf":[],"yoast_head":"<!-- This site is optimized with the Yoast SEO plugin v27.5 - https:\/\/yoast.com\/product\/yoast-seo-wordpress\/ -->\n<title>Agricultura Forestal \u2013 Viviendo la Simbiosis - The World Foundation for Natural Science<\/title>\n<meta name=\"robots\" content=\"index, follow, max-snippet:-1, max-image-preview:large, max-video-preview:-1\" \/>\n<link rel=\"canonical\" href=\"https:\/\/www.naturalscience.org\/es\/congreso-2022\/presentaciones\/agricultura-forestal-viviendo-la-simbiosis\/\" \/>\n<meta name=\"twitter:label1\" content=\"Tiempo de lectura\" \/>\n\t<meta name=\"twitter:data1\" content=\"2 minutos\" \/>\n<script type=\"application\/ld+json\" class=\"yoast-schema-graph\">{\"@context\":\"https:\\\/\\\/schema.org\",\"@graph\":[{\"@type\":\"WebPage\",\"@id\":\"https:\\\/\\\/www.naturalscience.org\\\/es\\\/congreso-2022\\\/presentaciones\\\/agricultura-forestal-viviendo-la-simbiosis\\\/\",\"url\":\"https:\\\/\\\/www.naturalscience.org\\\/es\\\/congreso-2022\\\/presentaciones\\\/agricultura-forestal-viviendo-la-simbiosis\\\/\",\"name\":\"Agricultura Forestal \u2013 Viviendo la Simbiosis - The World Foundation for Natural Science\",\"isPartOf\":{\"@id\":\"https:\\\/\\\/www.naturalscience.org\\\/#website\"},\"primaryImageOfPage\":{\"@id\":\"https:\\\/\\\/www.naturalscience.org\\\/es\\\/congreso-2022\\\/presentaciones\\\/agricultura-forestal-viviendo-la-simbiosis\\\/#primaryimage\"},\"image\":{\"@id\":\"https:\\\/\\\/www.naturalscience.org\\\/es\\\/congreso-2022\\\/presentaciones\\\/agricultura-forestal-viviendo-la-simbiosis\\\/#primaryimage\"},\"thumbnailUrl\":\"https:\\\/\\\/www.naturalscience.org\\\/wp-content\\\/uploads\\\/2022\\\/11\\\/PASTURE-400x300.jpg\",\"datePublished\":\"2022-12-13T16:46:33+00:00\",\"breadcrumb\":{\"@id\":\"https:\\\/\\\/www.naturalscience.org\\\/es\\\/congreso-2022\\\/presentaciones\\\/agricultura-forestal-viviendo-la-simbiosis\\\/#breadcrumb\"},\"inLanguage\":\"es\",\"potentialAction\":[{\"@type\":\"ReadAction\",\"target\":[\"https:\\\/\\\/www.naturalscience.org\\\/es\\\/congreso-2022\\\/presentaciones\\\/agricultura-forestal-viviendo-la-simbiosis\\\/\"]}]},{\"@type\":\"ImageObject\",\"inLanguage\":\"es\",\"@id\":\"https:\\\/\\\/www.naturalscience.org\\\/es\\\/congreso-2022\\\/presentaciones\\\/agricultura-forestal-viviendo-la-simbiosis\\\/#primaryimage\",\"url\":\"https:\\\/\\\/www.naturalscience.org\\\/wp-content\\\/uploads\\\/2022\\\/11\\\/PASTURE-400x300.jpg\",\"contentUrl\":\"https:\\\/\\\/www.naturalscience.org\\\/wp-content\\\/uploads\\\/2022\\\/11\\\/PASTURE-400x300.jpg\"},{\"@type\":\"BreadcrumbList\",\"@id\":\"https:\\\/\\\/www.naturalscience.org\\\/es\\\/congreso-2022\\\/presentaciones\\\/agricultura-forestal-viviendo-la-simbiosis\\\/#breadcrumb\",\"itemListElement\":[{\"@type\":\"ListItem\",\"position\":1,\"name\":\"Home\",\"item\":\"https:\\\/\\\/www.naturalscience.org\\\/es\\\/\"},{\"@type\":\"ListItem\",\"position\":2,\"name\":\"25\u00b0 Congreso Mundial Internacional \u201cNuevas Perspectivas Cient\u00edficas\u201d\",\"item\":\"https:\\\/\\\/www.naturalscience.org\\\/es\\\/congreso-2022\\\/\"},{\"@type\":\"ListItem\",\"position\":3,\"name\":\"Presentaci\u00f3nes\",\"item\":\"https:\\\/\\\/www.naturalscience.org\\\/es\\\/congreso-2022\\\/presentaciones\\\/\"},{\"@type\":\"ListItem\",\"position\":4,\"name\":\"Agricultura Forestal \u2013 Viviendo la Simbiosis\"}]},{\"@type\":\"WebSite\",\"@id\":\"https:\\\/\\\/www.naturalscience.org\\\/#website\",\"url\":\"https:\\\/\\\/www.naturalscience.org\\\/\",\"name\":\"The World Foundation for Natural Science\",\"description\":\"Restoring and Healing the World through Responsibility and Commitment in accord with Natural and Divine Law!\",\"potentialAction\":[{\"@type\":\"SearchAction\",\"target\":{\"@type\":\"EntryPoint\",\"urlTemplate\":\"https:\\\/\\\/www.naturalscience.org\\\/?s={search_term_string}\"},\"query-input\":{\"@type\":\"PropertyValueSpecification\",\"valueRequired\":true,\"valueName\":\"search_term_string\"}}],\"inLanguage\":\"es\"}]}<\/script>\n<!-- \/ Yoast SEO plugin. -->","yoast_head_json":{"title":"Agricultura Forestal \u2013 Viviendo la Simbiosis - The World Foundation for Natural Science","robots":{"index":"index","follow":"follow","max-snippet":"max-snippet:-1","max-image-preview":"max-image-preview:large","max-video-preview":"max-video-preview:-1"},"canonical":"https:\/\/www.naturalscience.org\/es\/congreso-2022\/presentaciones\/agricultura-forestal-viviendo-la-simbiosis\/","twitter_misc":{"Tiempo de lectura":"2 minutos"},"schema":{"@context":"https:\/\/schema.org","@graph":[{"@type":"WebPage","@id":"https:\/\/www.naturalscience.org\/es\/congreso-2022\/presentaciones\/agricultura-forestal-viviendo-la-simbiosis\/","url":"https:\/\/www.naturalscience.org\/es\/congreso-2022\/presentaciones\/agricultura-forestal-viviendo-la-simbiosis\/","name":"Agricultura Forestal \u2013 Viviendo la Simbiosis - The World Foundation for Natural Science","isPartOf":{"@id":"https:\/\/www.naturalscience.org\/#website"},"primaryImageOfPage":{"@id":"https:\/\/www.naturalscience.org\/es\/congreso-2022\/presentaciones\/agricultura-forestal-viviendo-la-simbiosis\/#primaryimage"},"image":{"@id":"https:\/\/www.naturalscience.org\/es\/congreso-2022\/presentaciones\/agricultura-forestal-viviendo-la-simbiosis\/#primaryimage"},"thumbnailUrl":"https:\/\/www.naturalscience.org\/wp-content\/uploads\/2022\/11\/PASTURE-400x300.jpg","datePublished":"2022-12-13T16:46:33+00:00","breadcrumb":{"@id":"https:\/\/www.naturalscience.org\/es\/congreso-2022\/presentaciones\/agricultura-forestal-viviendo-la-simbiosis\/#breadcrumb"},"inLanguage":"es","potentialAction":[{"@type":"ReadAction","target":["https:\/\/www.naturalscience.org\/es\/congreso-2022\/presentaciones\/agricultura-forestal-viviendo-la-simbiosis\/"]}]},{"@type":"ImageObject","inLanguage":"es","@id":"https:\/\/www.naturalscience.org\/es\/congreso-2022\/presentaciones\/agricultura-forestal-viviendo-la-simbiosis\/#primaryimage","url":"https:\/\/www.naturalscience.org\/wp-content\/uploads\/2022\/11\/PASTURE-400x300.jpg","contentUrl":"https:\/\/www.naturalscience.org\/wp-content\/uploads\/2022\/11\/PASTURE-400x300.jpg"},{"@type":"BreadcrumbList","@id":"https:\/\/www.naturalscience.org\/es\/congreso-2022\/presentaciones\/agricultura-forestal-viviendo-la-simbiosis\/#breadcrumb","itemListElement":[{"@type":"ListItem","position":1,"name":"Home","item":"https:\/\/www.naturalscience.org\/es\/"},{"@type":"ListItem","position":2,"name":"25\u00b0 Congreso Mundial Internacional \u201cNuevas Perspectivas Cient\u00edficas\u201d","item":"https:\/\/www.naturalscience.org\/es\/congreso-2022\/"},{"@type":"ListItem","position":3,"name":"Presentaci\u00f3nes","item":"https:\/\/www.naturalscience.org\/es\/congreso-2022\/presentaciones\/"},{"@type":"ListItem","position":4,"name":"Agricultura Forestal \u2013 Viviendo la Simbiosis"}]},{"@type":"WebSite","@id":"https:\/\/www.naturalscience.org\/#website","url":"https:\/\/www.naturalscience.org\/","name":"The World Foundation for Natural Science","description":"Restoring and Healing the World through Responsibility and Commitment in accord with Natural and Divine Law!","potentialAction":[{"@type":"SearchAction","target":{"@type":"EntryPoint","urlTemplate":"https:\/\/www.naturalscience.org\/?s={search_term_string}"},"query-input":{"@type":"PropertyValueSpecification","valueRequired":true,"valueName":"search_term_string"}}],"inLanguage":"es"}]}},"_links":{"self":[{"href":"https:\/\/www.naturalscience.org\/es\/wp-json\/wp\/v2\/pages\/38293","targetHints":{"allow":["GET"]}}],"collection":[{"href":"https:\/\/www.naturalscience.org\/es\/wp-json\/wp\/v2\/pages"}],"about":[{"href":"https:\/\/www.naturalscience.org\/es\/wp-json\/wp\/v2\/types\/page"}],"author":[{"embeddable":true,"href":"https:\/\/www.naturalscience.org\/es\/wp-json\/wp\/v2\/users\/14"}],"replies":[{"embeddable":true,"href":"https:\/\/www.naturalscience.org\/es\/wp-json\/wp\/v2\/comments?post=38293"}],"version-history":[{"count":1,"href":"https:\/\/www.naturalscience.org\/es\/wp-json\/wp\/v2\/pages\/38293\/revisions"}],"predecessor-version":[{"id":38294,"href":"https:\/\/www.naturalscience.org\/es\/wp-json\/wp\/v2\/pages\/38293\/revisions\/38294"}],"up":[{"embeddable":true,"href":"https:\/\/www.naturalscience.org\/es\/wp-json\/wp\/v2\/pages\/38284"}],"wp:attachment":[{"href":"https:\/\/www.naturalscience.org\/es\/wp-json\/wp\/v2\/media?parent=38293"}],"wp:term":[{"taxonomy":"category","embeddable":true,"href":"https:\/\/www.naturalscience.org\/es\/wp-json\/wp\/v2\/categories?post=38293"}],"curies":[{"name":"wp","href":"https:\/\/api.w.org\/{rel}","templated":true}]}}