{"id":38286,"date":"2022-12-13T17:24:12","date_gmt":"2022-12-13T16:24:12","guid":{"rendered":"https:\/\/www.naturalscience.org\/?page_id=38286"},"modified":"2022-12-13T17:24:12","modified_gmt":"2022-12-13T16:24:12","slug":"la-verdadera-ciencia-de-la-vida","status":"publish","type":"page","link":"https:\/\/www.naturalscience.org\/es\/congreso-2022\/presentaciones\/la-verdadera-ciencia-de-la-vida\/","title":{"rendered":"La Verdadera Ciencia de la Vida"},"content":{"rendered":"<p><i>El Muy Rev. Dean em. <strong>Paul Probst<\/strong>, SF, Presidente para Europa, The World Foundation for Natural Science, Lucerna, Suiza<\/i><\/p>\n<p>&nbsp;<\/p>\n<p>En su discurso de apertura, el Presidente para Europa de The World Foundation for Natural Science, el Muy Rev. Dean em. Paul Probst, dio la bienvenida a participantes de Nueva Zelanda, Per\u00fa, Colombia, Venezuela, Curazao, Canad\u00e1, Estados Unidos de Am\u00e9rica, Ucrania, Letonia, Suecia, Lituania, Espa\u00f1a, Reino Unido, Rep\u00fablica Checa, Pa\u00edses Bajos, Austria, Alemania y Suiza al 25\uf0b0 Congreso Mundial Internacional \u201cNuevas Perspectivas Cient\u00edficas\u201d. Han pasado tres a\u00f1os desde el \u00faltimo Congreso (2019), y mucho ha pasado en ese tiempo, y mucho ya no est\u00e1 en armon\u00eda.<\/p>\n<p><img loading=\"lazy\" decoding=\"async\" class=\"aligncenter wp-image-37973 size-large\" src=\"https:\/\/www.naturalscience.org\/wp-content\/uploads\/2022\/11\/01TRUE-SCIENCE-OF-LIFE-1024x576.jpg\" alt=\"\" width=\"1024\" height=\"576\" srcset=\"https:\/\/www.naturalscience.org\/wp-content\/uploads\/2022\/11\/01TRUE-SCIENCE-OF-LIFE-1024x576.jpg 1024w, https:\/\/www.naturalscience.org\/wp-content\/uploads\/2022\/11\/01TRUE-SCIENCE-OF-LIFE-300x169.jpg 300w, https:\/\/www.naturalscience.org\/wp-content\/uploads\/2022\/11\/01TRUE-SCIENCE-OF-LIFE-768x432.jpg 768w, https:\/\/www.naturalscience.org\/wp-content\/uploads\/2022\/11\/01TRUE-SCIENCE-OF-LIFE-164x92.jpg 164w, https:\/\/www.naturalscience.org\/wp-content\/uploads\/2022\/11\/01TRUE-SCIENCE-OF-LIFE-400x225.jpg 400w, https:\/\/www.naturalscience.org\/wp-content\/uploads\/2022\/11\/01TRUE-SCIENCE-OF-LIFE-500x281.jpg 500w, https:\/\/www.naturalscience.org\/wp-content\/uploads\/2022\/11\/01TRUE-SCIENCE-OF-LIFE.jpg 1280w\" sizes=\"auto, (max-width: 1024px) 100vw, 1024px\" \/><\/p>\n<p>Una pregunta importante en esta correlaci\u00f3n es el papel de la ciencia \u2013 o lo que se llama a s\u00ed misma&nbsp;\u00abciencia\u00bb \u2013 en el mundo actual. Las dificultades a las que se enfrentan los investigadores y cient\u00edficos en la actualidad quedaron reflejadas en las explicaciones de la Dra. Alexandra Husickova de la Rep\u00fablica Checa. La Sra. Husickova estudi\u00f3 Biof\u00edsica y F\u00edsica Qu\u00edmica en la Universidad Palacky de Olomouc. Tras su doctorado en Biof\u00edsica y una estancia de investigaci\u00f3n en el Centro de Ciencia de Plantas de Ume\u00e5  en Suecia, trabaj\u00f3 como investigadora en la Universidad de Palacky durante quince a\u00f1os. Como explic\u00f3 la Dra. Husickova, los cient\u00edficos se han visto sometidos a una presi\u00f3n cada vez mayor en los \u00faltimos a\u00f1os. Que reciban o no financiaci\u00f3n para la investigaci\u00f3n est\u00e1 directamente relacionado, entre otras cosas, con el n\u00famero de art\u00edculos cient\u00edficos publicados. El resultado es un aumento masivo de las publicaciones cient\u00edficas, y el n\u00famero se duplica cada dos a\u00f1os. Hace veinte a\u00f1os, por ejemplo, hab\u00eda que revisar unos 1000 art\u00edculos para una tesis,&nbsp;\u00a1pero hoy ya son 1.024.000! Una cifra a la que nadie puede hacer frente. No s\u00f3lo la calidad de las publicaciones sufre como resultado de este desarrollo, sino que los cient\u00edficos tambi\u00e9n tienen que especializarse cada vez m\u00e1s para poder procesar esta cantidad de material cient\u00edfico. Pero esto a su vez afecta a la investigaci\u00f3n b\u00e1sica y a  la visi\u00f3n de conjunto. Un problema adicional son los costos. Hoy en d\u00eda, incluso las universidades tienen problemas para acceder a las revistas cient\u00edficas importantes por razones de costo. Adem\u00e1s, la libertad de investigaci\u00f3n est\u00e1 cada vez m\u00e1s en peligro, ya que las (pocas) editoriales y organismos de financiaci\u00f3n controlan y determinan qu\u00e9 investigaci\u00f3n se debe realizar y, sobre todo, qu\u00e9 estudios se publican finalmente. Husickova dio un ejemplo de su propio campo de investigaci\u00f3n de las plantas. Cualquiera que no incluya la ingenier\u00eda gen\u00e9tica de alguna manera en su investigaci\u00f3n actual tendr\u00e1 problemas para que se publiquen los resultados de su investigaci\u00f3n. Por lo tanto, el impacto de esta investigaci\u00f3n ser\u00e1 limitado, lo que a su vez tendr\u00e1 un impacto directo en las posibilidades de recaudar fondos para futuras investigaciones. Por esta raz\u00f3n, el matem\u00e1tico y estad\u00edstico checo Tomas F\u00fcrst escribi\u00f3: \u201cLa ciencia actual no puede ser objetiva e imparcial. No es independiente\u201d.<\/p>\n<p><img loading=\"lazy\" decoding=\"async\" class=\"aligncenter size-size-400 wp-image-37974\" src=\"https:\/\/www.naturalscience.org\/wp-content\/uploads\/2022\/11\/02TRUE-SCIENCE-OF-LIFE-400x225.jpg\" alt=\"\" width=\"400\" height=\"225\" srcset=\"https:\/\/www.naturalscience.org\/wp-content\/uploads\/2022\/11\/02TRUE-SCIENCE-OF-LIFE-400x225.jpg 400w, https:\/\/www.naturalscience.org\/wp-content\/uploads\/2022\/11\/02TRUE-SCIENCE-OF-LIFE-300x169.jpg 300w, https:\/\/www.naturalscience.org\/wp-content\/uploads\/2022\/11\/02TRUE-SCIENCE-OF-LIFE-1024x576.jpg 1024w, https:\/\/www.naturalscience.org\/wp-content\/uploads\/2022\/11\/02TRUE-SCIENCE-OF-LIFE-768x432.jpg 768w, https:\/\/www.naturalscience.org\/wp-content\/uploads\/2022\/11\/02TRUE-SCIENCE-OF-LIFE-164x92.jpg 164w, https:\/\/www.naturalscience.org\/wp-content\/uploads\/2022\/11\/02TRUE-SCIENCE-OF-LIFE-500x281.jpg 500w, https:\/\/www.naturalscience.org\/wp-content\/uploads\/2022\/11\/02TRUE-SCIENCE-OF-LIFE.jpg 1280w\" sizes=\"auto, (max-width: 400px) 100vw, 400px\" \/><\/p>\n<p>Inspirado por el discurso de apertura presentado en Lindau, Alemania en 1995 por el Fundador de The World Foundation for Natural Science, el Reverend\u00edsimo Dr. Peter W. Leach Lewis, Paul Probst habl\u00f3 sobre la importancia de reunir la ciencia. y lo espiritual. Como dijo Albert Einstein: \u201cLa ciencia sin religi\u00f3n es coja, la religi\u00f3n sin ciencia es ciega\u201d. Durante mucho tiempo, la Iglesia Cat\u00f3lica hab\u00eda dictado lo correcto en base a la Biblia. Ahora el tenor es: \u201cDios ha fallado.&nbsp;\u00a1Viva la ciencia!\u201d. Ahora la ciencia dice tener todas las respuestas a nuestras preguntas y problemas, s\u00f3lo tenemos que creerlo. Pero,&nbsp;\u00bfqu\u00e9 es la verdadera ciencia?&nbsp;\u00bfCu\u00e1l es su fuente?&nbsp;\u00bfEst\u00e1 la ciencia al servicio de la Vida en esta Tierra? Si no,&nbsp;\u00bfa qui\u00e9n sirve? Y si se han encontrado respuestas,&nbsp;\u00bfson siempre v\u00e1lidas a partir de entonces?<\/p>\n<p>El Dr. Peter Leach Lewis dijo en ese momento: \u201cNo s\u00e9 qui\u00e9n o qu\u00e9 piensas que es Dios, pero me gustar\u00eda presentarte un pensamiento, si me lo permites. La gente una vez adoraba al Sol\u201d. De hecho, dijo que fue el Sol quien cre\u00f3 la religi\u00f3n. Fue el calor de los rayos del Sol lo que alegr\u00f3 el coraz\u00f3n de los hombres y despert\u00f3 en ellos la voluntad de amar. Es el Sol el que nos da vitalidad y determina el ritmo de nuestra vida. Gracias a la luz podemos ver, explic\u00f3 Paul Probst, pero si est\u00e1 oscuro para nosotros, eso no significa que no haya nada all\u00ed, porque s\u00f3lo vemos una peque\u00f1a fracci\u00f3n del espectro electromagn\u00e9tico de la luz.<\/p>\n<p>Mientras que la ciencia (f\u00edsica cu\u00e1ntica) afirma que el 99% de un \u00e1tomo es \u201cnada\u201d, esa misma nada es el Esp\u00edritu que es y nos da la vida. Por lo tanto, los miembros de The World Foundation for Natural Science nos esforzamos por ser hombres y mujeres honestos y estar siempre conscientes de que todos los seres humanos fueron creados por Dios Todopoderoso, o como quieras llamar a esta Fuerza Creativa. El ser humano no est\u00e1 fuera, sino que forma parte de la Naturaleza. Por lo tanto, The World Foundation for Natural Science investiga qu\u00e9 es el mundo y qu\u00e9 necesita para continuar existiendo en el esp\u00edritu con el que fue creado. No importa a qu\u00e9 religi\u00f3n pertenezcas. Lo \u00fanico que importa para hacer una diferencia en este mundo es c\u00f3mo tratamos a nuestros semejantes y si los vemos y respetamos por lo que son: una c\u00e9lula en el cuerpo de Dios.<\/p>\n<p><img loading=\"lazy\" decoding=\"async\" class=\"aligncenter size-size-400 wp-image-37975\" src=\"https:\/\/www.naturalscience.org\/wp-content\/uploads\/2022\/11\/03TRUE-SCIENCE-OF-LIFE-400x225.jpg\" alt=\"\" width=\"400\" height=\"225\" srcset=\"https:\/\/www.naturalscience.org\/wp-content\/uploads\/2022\/11\/03TRUE-SCIENCE-OF-LIFE-400x225.jpg 400w, https:\/\/www.naturalscience.org\/wp-content\/uploads\/2022\/11\/03TRUE-SCIENCE-OF-LIFE-300x169.jpg 300w, https:\/\/www.naturalscience.org\/wp-content\/uploads\/2022\/11\/03TRUE-SCIENCE-OF-LIFE-1024x576.jpg 1024w, https:\/\/www.naturalscience.org\/wp-content\/uploads\/2022\/11\/03TRUE-SCIENCE-OF-LIFE-768x432.jpg 768w, https:\/\/www.naturalscience.org\/wp-content\/uploads\/2022\/11\/03TRUE-SCIENCE-OF-LIFE-164x92.jpg 164w, https:\/\/www.naturalscience.org\/wp-content\/uploads\/2022\/11\/03TRUE-SCIENCE-OF-LIFE-500x281.jpg 500w, https:\/\/www.naturalscience.org\/wp-content\/uploads\/2022\/11\/03TRUE-SCIENCE-OF-LIFE.jpg 1280w\" sizes=\"auto, (max-width: 400px) 100vw, 400px\" \/><\/p>\n<p>Sin el Sol no existe nada. Todo lo que es \u2013los seres humanos, los animales, la naturaleza, sus frutos que comemos, el arte, las ciudades\u2013 es luz solar condensada. Cuando un \u00e1rbol se est\u00e1 quemando, se escapan muchos gases y s\u00f3lo queda un poco de ceniza. Cuando un \u00e1rbol est\u00e1 creciendo, el suelo debajo de \u00e9l no disminuye. Entonces, el \u00e1rbol crece fuera y no de la tierra y est\u00e1 hecho de tierra, agua, aire y fuego, al igual que el hombre. Pero la porci\u00f3n de fuego que proviene del Sol constituye la parte principal de su tronco. Lo mismo ocurre con el hombre, porque nuestra mayor energ\u00eda, el amor, proviene del coraz\u00f3n. Y si ponemos reparos, \u201c\u00bfC\u00f3mo puede ser que todo sea luz solar condensada?\u201d y no queremos atribuirle inteligencia al Sol porque creemos que Dios no existe, entonces&nbsp;\u00bfqui\u00e9n o qu\u00e9 se asegura de que la Tierra permanezca en su \u00f3rbita?<\/p>\n<p>Cuando empecemos a comprender que nosotros y el macrocosmos somos uno y lo mismo, entonces empezaremos a comprender aquello a lo que antes le ten\u00edamos miedo. Desarrollar esta comprensi\u00f3n de las fuerzas y leyes de la Naturaleza llegando hasta la Fuente, \u00e9sta es la visi\u00f3n de este Congreso, dijo. Y as\u00ed, el presidente para Europa de The World Foundation for Natural Science concluy\u00f3 con las palabras: \u201cOlvida todo lo que crees saber. En primer lugar, no creas nada de lo que te digo. M\u00e1s bien, ll\u00e9valo contigo y pru\u00e9balo\u201d.<\/p>\n<p>&nbsp;<\/p>\n<p><small>20 octubre 2022, Hotel M\u00f6venpick, Regensdorf<\/small><\/p>\n","protected":false},"excerpt":{"rendered":"El Muy Rev. Dean em. Paul Probst, SF, Presidente para Europa, The World Foundation for Natural Science, Lucerna, Suiza &nbsp; En su discurso de apertura, el Presidente para Europa de The World Foundation for Natural Science, el Muy Rev. Dean em. Paul Probst, dio la bienvenida a participantes de Nueva Zelanda, Per\u00fa, Colombia, Venezuela, Curazao, [&hellip;]","protected":false},"author":14,"featured_media":0,"parent":38284,"menu_order":1,"comment_status":"closed","ping_status":"closed","template":"page-full.php","meta":{"_acf_changed":false,"ngg_post_thumbnail":0,"footnotes":""},"categories":[],"class_list":["post-38286","page","type-page","status-publish","hentry","wpautop"],"acf":[],"yoast_head":"<!-- This site is optimized with the Yoast SEO plugin v27.5 - https:\/\/yoast.com\/product\/yoast-seo-wordpress\/ -->\n<title>La Verdadera Ciencia de la Vida - The World Foundation for Natural Science<\/title>\n<meta name=\"robots\" content=\"index, follow, max-snippet:-1, max-image-preview:large, max-video-preview:-1\" \/>\n<link rel=\"canonical\" href=\"https:\/\/www.naturalscience.org\/es\/congreso-2022\/presentaciones\/la-verdadera-ciencia-de-la-vida\/\" \/>\n<meta name=\"twitter:label1\" content=\"Tiempo de lectura\" \/>\n\t<meta name=\"twitter:data1\" content=\"6 minutos\" \/>\n<script type=\"application\/ld+json\" class=\"yoast-schema-graph\">{\"@context\":\"https:\\\/\\\/schema.org\",\"@graph\":[{\"@type\":\"WebPage\",\"@id\":\"https:\\\/\\\/www.naturalscience.org\\\/es\\\/congreso-2022\\\/presentaciones\\\/la-verdadera-ciencia-de-la-vida\\\/\",\"url\":\"https:\\\/\\\/www.naturalscience.org\\\/es\\\/congreso-2022\\\/presentaciones\\\/la-verdadera-ciencia-de-la-vida\\\/\",\"name\":\"La Verdadera Ciencia de la Vida - The World Foundation for Natural Science\",\"isPartOf\":{\"@id\":\"https:\\\/\\\/www.naturalscience.org\\\/#website\"},\"primaryImageOfPage\":{\"@id\":\"https:\\\/\\\/www.naturalscience.org\\\/es\\\/congreso-2022\\\/presentaciones\\\/la-verdadera-ciencia-de-la-vida\\\/#primaryimage\"},\"image\":{\"@id\":\"https:\\\/\\\/www.naturalscience.org\\\/es\\\/congreso-2022\\\/presentaciones\\\/la-verdadera-ciencia-de-la-vida\\\/#primaryimage\"},\"thumbnailUrl\":\"https:\\\/\\\/www.naturalscience.org\\\/wp-content\\\/uploads\\\/2022\\\/11\\\/01TRUE-SCIENCE-OF-LIFE-1024x576.jpg\",\"datePublished\":\"2022-12-13T16:24:12+00:00\",\"breadcrumb\":{\"@id\":\"https:\\\/\\\/www.naturalscience.org\\\/es\\\/congreso-2022\\\/presentaciones\\\/la-verdadera-ciencia-de-la-vida\\\/#breadcrumb\"},\"inLanguage\":\"es\",\"potentialAction\":[{\"@type\":\"ReadAction\",\"target\":[\"https:\\\/\\\/www.naturalscience.org\\\/es\\\/congreso-2022\\\/presentaciones\\\/la-verdadera-ciencia-de-la-vida\\\/\"]}]},{\"@type\":\"ImageObject\",\"inLanguage\":\"es\",\"@id\":\"https:\\\/\\\/www.naturalscience.org\\\/es\\\/congreso-2022\\\/presentaciones\\\/la-verdadera-ciencia-de-la-vida\\\/#primaryimage\",\"url\":\"https:\\\/\\\/www.naturalscience.org\\\/wp-content\\\/uploads\\\/2022\\\/11\\\/01TRUE-SCIENCE-OF-LIFE-1024x576.jpg\",\"contentUrl\":\"https:\\\/\\\/www.naturalscience.org\\\/wp-content\\\/uploads\\\/2022\\\/11\\\/01TRUE-SCIENCE-OF-LIFE-1024x576.jpg\"},{\"@type\":\"BreadcrumbList\",\"@id\":\"https:\\\/\\\/www.naturalscience.org\\\/es\\\/congreso-2022\\\/presentaciones\\\/la-verdadera-ciencia-de-la-vida\\\/#breadcrumb\",\"itemListElement\":[{\"@type\":\"ListItem\",\"position\":1,\"name\":\"Home\",\"item\":\"https:\\\/\\\/www.naturalscience.org\\\/es\\\/\"},{\"@type\":\"ListItem\",\"position\":2,\"name\":\"25\u00b0 Congreso Mundial Internacional \u201cNuevas Perspectivas Cient\u00edficas\u201d\",\"item\":\"https:\\\/\\\/www.naturalscience.org\\\/es\\\/congreso-2022\\\/\"},{\"@type\":\"ListItem\",\"position\":3,\"name\":\"Presentaci\u00f3nes\",\"item\":\"https:\\\/\\\/www.naturalscience.org\\\/es\\\/congreso-2022\\\/presentaciones\\\/\"},{\"@type\":\"ListItem\",\"position\":4,\"name\":\"La Verdadera Ciencia de la Vida\"}]},{\"@type\":\"WebSite\",\"@id\":\"https:\\\/\\\/www.naturalscience.org\\\/#website\",\"url\":\"https:\\\/\\\/www.naturalscience.org\\\/\",\"name\":\"The World Foundation for Natural Science\",\"description\":\"Restoring and Healing the World through Responsibility and Commitment in accord with Natural and Divine Law!\",\"potentialAction\":[{\"@type\":\"SearchAction\",\"target\":{\"@type\":\"EntryPoint\",\"urlTemplate\":\"https:\\\/\\\/www.naturalscience.org\\\/?s={search_term_string}\"},\"query-input\":{\"@type\":\"PropertyValueSpecification\",\"valueRequired\":true,\"valueName\":\"search_term_string\"}}],\"inLanguage\":\"es\"}]}<\/script>\n<!-- \/ Yoast SEO plugin. -->","yoast_head_json":{"title":"La Verdadera Ciencia de la Vida - The World Foundation for Natural Science","robots":{"index":"index","follow":"follow","max-snippet":"max-snippet:-1","max-image-preview":"max-image-preview:large","max-video-preview":"max-video-preview:-1"},"canonical":"https:\/\/www.naturalscience.org\/es\/congreso-2022\/presentaciones\/la-verdadera-ciencia-de-la-vida\/","twitter_misc":{"Tiempo de lectura":"6 minutos"},"schema":{"@context":"https:\/\/schema.org","@graph":[{"@type":"WebPage","@id":"https:\/\/www.naturalscience.org\/es\/congreso-2022\/presentaciones\/la-verdadera-ciencia-de-la-vida\/","url":"https:\/\/www.naturalscience.org\/es\/congreso-2022\/presentaciones\/la-verdadera-ciencia-de-la-vida\/","name":"La Verdadera Ciencia de la Vida - The World Foundation for Natural Science","isPartOf":{"@id":"https:\/\/www.naturalscience.org\/#website"},"primaryImageOfPage":{"@id":"https:\/\/www.naturalscience.org\/es\/congreso-2022\/presentaciones\/la-verdadera-ciencia-de-la-vida\/#primaryimage"},"image":{"@id":"https:\/\/www.naturalscience.org\/es\/congreso-2022\/presentaciones\/la-verdadera-ciencia-de-la-vida\/#primaryimage"},"thumbnailUrl":"https:\/\/www.naturalscience.org\/wp-content\/uploads\/2022\/11\/01TRUE-SCIENCE-OF-LIFE-1024x576.jpg","datePublished":"2022-12-13T16:24:12+00:00","breadcrumb":{"@id":"https:\/\/www.naturalscience.org\/es\/congreso-2022\/presentaciones\/la-verdadera-ciencia-de-la-vida\/#breadcrumb"},"inLanguage":"es","potentialAction":[{"@type":"ReadAction","target":["https:\/\/www.naturalscience.org\/es\/congreso-2022\/presentaciones\/la-verdadera-ciencia-de-la-vida\/"]}]},{"@type":"ImageObject","inLanguage":"es","@id":"https:\/\/www.naturalscience.org\/es\/congreso-2022\/presentaciones\/la-verdadera-ciencia-de-la-vida\/#primaryimage","url":"https:\/\/www.naturalscience.org\/wp-content\/uploads\/2022\/11\/01TRUE-SCIENCE-OF-LIFE-1024x576.jpg","contentUrl":"https:\/\/www.naturalscience.org\/wp-content\/uploads\/2022\/11\/01TRUE-SCIENCE-OF-LIFE-1024x576.jpg"},{"@type":"BreadcrumbList","@id":"https:\/\/www.naturalscience.org\/es\/congreso-2022\/presentaciones\/la-verdadera-ciencia-de-la-vida\/#breadcrumb","itemListElement":[{"@type":"ListItem","position":1,"name":"Home","item":"https:\/\/www.naturalscience.org\/es\/"},{"@type":"ListItem","position":2,"name":"25\u00b0 Congreso Mundial Internacional \u201cNuevas Perspectivas Cient\u00edficas\u201d","item":"https:\/\/www.naturalscience.org\/es\/congreso-2022\/"},{"@type":"ListItem","position":3,"name":"Presentaci\u00f3nes","item":"https:\/\/www.naturalscience.org\/es\/congreso-2022\/presentaciones\/"},{"@type":"ListItem","position":4,"name":"La Verdadera Ciencia de la Vida"}]},{"@type":"WebSite","@id":"https:\/\/www.naturalscience.org\/#website","url":"https:\/\/www.naturalscience.org\/","name":"The World Foundation for Natural Science","description":"Restoring and Healing the World through Responsibility and Commitment in accord with Natural and Divine Law!","potentialAction":[{"@type":"SearchAction","target":{"@type":"EntryPoint","urlTemplate":"https:\/\/www.naturalscience.org\/?s={search_term_string}"},"query-input":{"@type":"PropertyValueSpecification","valueRequired":true,"valueName":"search_term_string"}}],"inLanguage":"es"}]}},"_links":{"self":[{"href":"https:\/\/www.naturalscience.org\/es\/wp-json\/wp\/v2\/pages\/38286","targetHints":{"allow":["GET"]}}],"collection":[{"href":"https:\/\/www.naturalscience.org\/es\/wp-json\/wp\/v2\/pages"}],"about":[{"href":"https:\/\/www.naturalscience.org\/es\/wp-json\/wp\/v2\/types\/page"}],"author":[{"embeddable":true,"href":"https:\/\/www.naturalscience.org\/es\/wp-json\/wp\/v2\/users\/14"}],"replies":[{"embeddable":true,"href":"https:\/\/www.naturalscience.org\/es\/wp-json\/wp\/v2\/comments?post=38286"}],"version-history":[{"count":2,"href":"https:\/\/www.naturalscience.org\/es\/wp-json\/wp\/v2\/pages\/38286\/revisions"}],"predecessor-version":[{"id":38305,"href":"https:\/\/www.naturalscience.org\/es\/wp-json\/wp\/v2\/pages\/38286\/revisions\/38305"}],"up":[{"embeddable":true,"href":"https:\/\/www.naturalscience.org\/es\/wp-json\/wp\/v2\/pages\/38284"}],"wp:attachment":[{"href":"https:\/\/www.naturalscience.org\/es\/wp-json\/wp\/v2\/media?parent=38286"}],"wp:term":[{"taxonomy":"category","embeddable":true,"href":"https:\/\/www.naturalscience.org\/es\/wp-json\/wp\/v2\/categories?post=38286"}],"curies":[{"name":"wp","href":"https:\/\/api.w.org\/{rel}","templated":true}]}}