{"id":35303,"date":"2021-05-13T09:54:43","date_gmt":"2021-05-13T07:54:43","guid":{"rendered":"https:\/\/www.naturalscience.org\/?page_id=35303"},"modified":"2021-05-13T11:42:38","modified_gmt":"2021-05-13T09:42:38","slug":"covid19-5g","status":"publish","type":"page","link":"https:\/\/www.naturalscience.org\/es\/covid19-5g\/","title":{"rendered":"COVID-19 \/ 5G"},"content":{"rendered":"<div class=\"row\">\n<div class=\"medium-12 columns\">\n<div class=\"content-box green-1 width-100 corona-box\">\n<div class=\"content-box-title\">COVID-19<\/div>\n<div class=\"content-box-body\">\n<div class=\"article\">\n<a href=\"https:\/\/www.naturalscience.org\/es\/news\/2021\/03\/asintomatico-hasta-que-se-demuestre-su-inocencia-el-mal-uso-y-la-mala-interpretacion-de-las-pruebas-de-sars-cov-2\/\"><img loading=\"lazy\" decoding=\"async\" src=\"https:\/\/www.naturalscience.org\/wp-content\/uploads\/2021\/03\/home-corona-covid-test.jpg\" alt=\"\" width=\"438\" height=\"122\" class=\"alignnone size-full wp-image-34556\" srcset=\"https:\/\/www.naturalscience.org\/wp-content\/uploads\/2021\/03\/home-corona-covid-test.jpg 438w, https:\/\/www.naturalscience.org\/wp-content\/uploads\/2021\/03\/home-corona-covid-test-300x84.jpg 300w, https:\/\/www.naturalscience.org\/wp-content\/uploads\/2021\/03\/home-corona-covid-test-164x46.jpg 164w, https:\/\/www.naturalscience.org\/wp-content\/uploads\/2021\/03\/home-corona-covid-test-400x111.jpg 400w\" sizes=\"auto, (max-width: 438px) 100vw, 438px\" \/><\/a><br \/>\n<a href=\"https:\/\/www.naturalscience.org\/es\/news\/2021\/03\/asintomatico-hasta-que-se-demuestre-su-inocencia-el-mal-uso-y-la-mala-interpretacion-de-las-pruebas-de-sars-cov-2\/\">Asintom\u00e1tico hasta que se demuestre su inocencia:  el mal uso y la mala interpretaci\u00f3n de las pruebas de SARS-CoV-2<\/a>\n<\/div>\n<div class=\"article\">\n<a href=\"https:\/\/www.naturalscience.org\/es\/news\/2020\/12\/la-vacunacion-para-el-covid-19-preguntas-que-deben-ser-respondidas-antes-de-vacunarse\/\"><img loading=\"lazy\" decoding=\"async\" src=\"https:\/\/www.naturalscience.org\/wp-content\/uploads\/2021\/01\/home-corona-impfung.jpg\" alt=\"\" width=\"438\" height=\"122\" class=\"alignnone size-full wp-image-34389\" srcset=\"https:\/\/www.naturalscience.org\/wp-content\/uploads\/2021\/01\/home-corona-impfung.jpg 438w, https:\/\/www.naturalscience.org\/wp-content\/uploads\/2021\/01\/home-corona-impfung-300x84.jpg 300w, https:\/\/www.naturalscience.org\/wp-content\/uploads\/2021\/01\/home-corona-impfung-164x46.jpg 164w, https:\/\/www.naturalscience.org\/wp-content\/uploads\/2021\/01\/home-corona-impfung-400x111.jpg 400w\" sizes=\"auto, (max-width: 438px) 100vw, 438px\" \/><\/a><br \/>\n<a href=\"https:\/\/www.naturalscience.org\/es\/news\/2020\/12\/la-vacunacion-para-el-covid-19-preguntas-que-deben-ser-respondidas-antes-de-vacunarse\/\">La Vacunaci\u00f3n para el  Covid-19: preguntas que deben ser respondidas antes de vacunarse<\/a>\n<\/div>\n<div class=\"article\">\n<a href=\"https:\/\/www.naturalscience.org\/es\/news\/2020\/11\/vacunas-sars-cov-2-deberia-vacunarse-cada-ano-parte-i-de-ii\/\"><img loading=\"lazy\" decoding=\"async\" src=\"https:\/\/www.naturalscience.org\/wp-content\/uploads\/2021\/01\/home-corona-sars-cov-2.jpg\" alt=\"\" width=\"438\" height=\"121\" class=\"alignnone size-full wp-image-34390\" srcset=\"https:\/\/www.naturalscience.org\/wp-content\/uploads\/2021\/01\/home-corona-sars-cov-2.jpg 438w, https:\/\/www.naturalscience.org\/wp-content\/uploads\/2021\/01\/home-corona-sars-cov-2-300x83.jpg 300w, https:\/\/www.naturalscience.org\/wp-content\/uploads\/2021\/01\/home-corona-sars-cov-2-164x45.jpg 164w, https:\/\/www.naturalscience.org\/wp-content\/uploads\/2021\/01\/home-corona-sars-cov-2-400x111.jpg 400w\" sizes=\"auto, (max-width: 438px) 100vw, 438px\" \/><\/a><br \/>\n<a href=\"https:\/\/www.naturalscience.org\/es\/news\/2020\/11\/vacunas-sars-cov-2-deberia-vacunarse-cada-ano-parte-i-de-ii\/\">Vacunas SARS-CoV-2:&nbsp;\u00bfdeber\u00eda vacunarse, cada a\u00f1o?<br \/>\u2013 Parte I de II<\/a><\/a><br \/><a href=\"https:\/\/www.naturalscience.org\/es\/news\/2020\/11\/vacunas-de-sars-cov-2-deberia-vacunarse-cada-ano-parte-ii-of-ii\/\">\u2013 Parte II of II<\/a>\n<\/div>\n<div class=\"article\">\n<a href=\"https:\/\/www.naturalscience.org\/es\/news\/2020\/12\/los-riesgos-de-los-tapabocas-o-mascarillas-para-la-salud\/\"><img loading=\"lazy\" decoding=\"async\" src=\"https:\/\/www.naturalscience.org\/wp-content\/uploads\/2021\/01\/home-corona-face-mask.jpg\" alt=\"\" width=\"438\" height=\"121\" class=\"alignnone size-full wp-image-34388\" srcset=\"https:\/\/www.naturalscience.org\/wp-content\/uploads\/2021\/01\/home-corona-face-mask.jpg 438w, https:\/\/www.naturalscience.org\/wp-content\/uploads\/2021\/01\/home-corona-face-mask-300x83.jpg 300w, https:\/\/www.naturalscience.org\/wp-content\/uploads\/2021\/01\/home-corona-face-mask-164x45.jpg 164w, https:\/\/www.naturalscience.org\/wp-content\/uploads\/2021\/01\/home-corona-face-mask-400x111.jpg 400w\" sizes=\"auto, (max-width: 438px) 100vw, 438px\" \/><\/a><br \/>\n<a href=\"https:\/\/www.naturalscience.org\/es\/news\/2020\/12\/los-riesgos-de-los-tapabocas-o-mascarillas-para-la-salud\/\">Los Riesgos de los Tapabocas o Mascarillas para la Salud<\/a>\n<\/div>\n<div class=\"text-center\">\n<a class=\"button radius\" href=\"https:\/\/www.naturalscience.org\/es\/temas\/salud\/coronavirus\/\"><i class=\" fa fa-angle-right\"><\/i> M\u00e1s informaci\u00f3n<\/a>\n<\/div>\n<\/div>\n<\/div>\n<\/div>\n<div class=\"medium-12 columns\">\n<div class=\"content-box green-1 width-100 corona-box\">\n<div class=\"content-box-title\">5G<\/div>\n<div class=\"content-box-body\">\n<div class=\"article\">\n<a href=\"https:\/\/www.naturalscience.org\/es\/news\/2021\/05\/satelites-5g-el-mundo-en-una-jaula-de-radiacion\/\"><img loading=\"lazy\" decoding=\"async\" src=\"https:\/\/www.naturalscience.org\/wp-content\/uploads\/2021\/04\/home-5g-satelite.jpg\" alt=\"\" width=\"438\" height=\"122\" class=\"alignnone size-full wp-image-34740\" srcset=\"https:\/\/www.naturalscience.org\/wp-content\/uploads\/2021\/04\/home-5g-satelite.jpg 438w, https:\/\/www.naturalscience.org\/wp-content\/uploads\/2021\/04\/home-5g-satelite-300x84.jpg 300w, https:\/\/www.naturalscience.org\/wp-content\/uploads\/2021\/04\/home-5g-satelite-164x46.jpg 164w, https:\/\/www.naturalscience.org\/wp-content\/uploads\/2021\/04\/home-5g-satelite-400x111.jpg 400w\" sizes=\"auto, (max-width: 438px) 100vw, 438px\" \/><\/a><br \/>\n<a href=\"https:\/\/www.naturalscience.org\/es\/news\/2021\/05\/satelites-5g-el-mundo-en-una-jaula-de-radiacion\/\">Sat\u00e9lites 5G: El Mundo en una Jaula de Radiaci\u00f3n<\/a>\n<\/div>\n<div class=\"article\">\n<a href=\"https:\/\/www.naturalscience.org\/es\/news\/2021\/04\/toda-la-vida-funciona-con-electricidad\/\"><img loading=\"lazy\" decoding=\"async\" src=\"https:\/\/www.naturalscience.org\/wp-content\/uploads\/2021\/04\/topic-header-weltraum-felder.jpg\" alt=\"\" width=\"438\" height=\"115\" class=\"alignnone size-full wp-image-34641\" srcset=\"https:\/\/www.naturalscience.org\/wp-content\/uploads\/2021\/04\/topic-header-weltraum-felder.jpg 438w, https:\/\/www.naturalscience.org\/wp-content\/uploads\/2021\/04\/topic-header-weltraum-felder-300x79.jpg 300w, https:\/\/www.naturalscience.org\/wp-content\/uploads\/2021\/04\/topic-header-weltraum-felder-164x43.jpg 164w, https:\/\/www.naturalscience.org\/wp-content\/uploads\/2021\/04\/topic-header-weltraum-felder-400x105.jpg 400w\" sizes=\"auto, (max-width: 438px) 100vw, 438px\" \/><\/a><br \/>\n<a href=\"https:\/\/www.naturalscience.org\/es\/news\/2021\/04\/toda-la-vida-funciona-con-electricidad\/\">\u00a1Toda la vida funciona con electricidad!<\/a>\n<\/div>\n<div class=\"article\">\n<a href=\"https:\/\/www.naturalscience.org\/es\/news\/2021\/03\/animales-y-plantas-bajo-el-estres-de-la-radiacion\/\"><img loading=\"lazy\" decoding=\"async\" src=\"https:\/\/www.naturalscience.org\/wp-content\/uploads\/2021\/02\/home-5g-bird.jpg\" alt=\"\" width=\"438\" height=\"123\" class=\"alignnone size-full wp-image-34534\" srcset=\"https:\/\/www.naturalscience.org\/wp-content\/uploads\/2021\/02\/home-5g-bird.jpg 438w, https:\/\/www.naturalscience.org\/wp-content\/uploads\/2021\/02\/home-5g-bird-300x84.jpg 300w, https:\/\/www.naturalscience.org\/wp-content\/uploads\/2021\/02\/home-5g-bird-164x46.jpg 164w, https:\/\/www.naturalscience.org\/wp-content\/uploads\/2021\/02\/home-5g-bird-400x112.jpg 400w\" sizes=\"auto, (max-width: 438px) 100vw, 438px\" \/><\/a><br \/>\n<a href=\"https:\/\/www.naturalscience.org\/es\/news\/2021\/03\/animales-y-plantas-bajo-el-estres-de-la-radiacion\/\">Animales y plantas bajo el estr\u00e9s de la radiaci\u00f3n<\/a>\n<\/div>\n<div class=\"article\">\n<a href=\"https:\/\/www.naturalscience.org\/es\/news\/2020\/05\/como-el-estandar-inalambrico-de-quinta-generacion-5g-contribuye-a-la-pandemia-de-corona\/\"><img loading=\"lazy\" decoding=\"async\" src=\"https:\/\/www.naturalscience.org\/wp-content\/uploads\/2021\/01\/home-5g-beitrag.jpg\" alt=\"\" width=\"438\" height=\"121\" class=\"alignnone size-full wp-image-34386\" srcset=\"https:\/\/www.naturalscience.org\/wp-content\/uploads\/2021\/01\/home-5g-beitrag.jpg 438w, https:\/\/www.naturalscience.org\/wp-content\/uploads\/2021\/01\/home-5g-beitrag-300x83.jpg 300w, https:\/\/www.naturalscience.org\/wp-content\/uploads\/2021\/01\/home-5g-beitrag-164x45.jpg 164w, https:\/\/www.naturalscience.org\/wp-content\/uploads\/2021\/01\/home-5g-beitrag-400x111.jpg 400w\" sizes=\"auto, (max-width: 438px) 100vw, 438px\" \/><\/a><br \/>\n<a href=\"https:\/\/www.naturalscience.org\/es\/news\/2020\/05\/como-el-estandar-inalambrico-de-quinta-generacion-5g-contribuye-a-la-pandemia-de-corona\/\">C\u00f3mo el est\u00e1ndar inal\u00e1mbrico de quinta generaci\u00f3n 5G contribuye a la pandemia de corona<\/a>\n<\/div>\n<div class=\"article\">\n<a href=\"https:\/\/www.naturalscience.org\/es\/news\/2020\/03\/coronavirus-y-la-5g\/\"><img loading=\"lazy\" decoding=\"async\" src=\"https:\/\/www.naturalscience.org\/wp-content\/uploads\/2021\/01\/home-5g-corona.jpg\" alt=\"\" width=\"438\" height=\"122\" class=\"alignnone size-full wp-image-34387\" srcset=\"https:\/\/www.naturalscience.org\/wp-content\/uploads\/2021\/01\/home-5g-corona.jpg 438w, https:\/\/www.naturalscience.org\/wp-content\/uploads\/2021\/01\/home-5g-corona-300x84.jpg 300w, https:\/\/www.naturalscience.org\/wp-content\/uploads\/2021\/01\/home-5g-corona-164x46.jpg 164w, https:\/\/www.naturalscience.org\/wp-content\/uploads\/2021\/01\/home-5g-corona-400x111.jpg 400w\" sizes=\"auto, (max-width: 438px) 100vw, 438px\" \/><\/a><br \/>\n<a href=\"https:\/\/www.naturalscience.org\/es\/news\/2020\/03\/coronavirus-y-la-5g\/\">Coronavirus y la 5G<\/a>\n<\/div>\n<\/div>\n<\/div>\n<\/div>\n<\/div>\n","protected":false},"excerpt":{"rendered":"COVID-19 Asintom\u00e1tico hasta que se demuestre su inocencia: el mal uso y la mala interpretaci\u00f3n de las pruebas de SARS-CoV-2 La Vacunaci\u00f3n para el Covid-19: preguntas que deben ser respondidas antes de vacunarse Vacunas SARS-CoV-2:&nbsp;\u00bfdeber\u00eda vacunarse, cada a\u00f1o?\u2013 Parte I de II\u2013 Parte II of II Los Riesgos de los Tapabocas o Mascarillas para la [&hellip;]","protected":false},"author":9,"featured_media":0,"parent":0,"menu_order":0,"comment_status":"closed","ping_status":"closed","template":"page-full.php","meta":{"_acf_changed":false,"ngg_post_thumbnail":0,"footnotes":""},"categories":[],"class_list":["post-35303","page","type-page","status-publish","hentry","wpautop"],"acf":[],"yoast_head":"<!-- This site is optimized with the Yoast SEO plugin v27.4 - https:\/\/yoast.com\/product\/yoast-seo-wordpress\/ -->\n<title>COVID-19 \/ 5G - The World Foundation for Natural Science<\/title>\n<meta name=\"robots\" content=\"index, follow, max-snippet:-1, max-image-preview:large, max-video-preview:-1\" \/>\n<link rel=\"canonical\" href=\"https:\/\/www.naturalscience.org\/es\/covid19-5g\/\" \/>\n<meta name=\"twitter:label1\" content=\"Tiempo de lectura\" \/>\n\t<meta name=\"twitter:data1\" content=\"1 minuto\" \/>\n<script type=\"application\/ld+json\" class=\"yoast-schema-graph\">{\"@context\":\"https:\\\/\\\/schema.org\",\"@graph\":[{\"@type\":\"WebPage\",\"@id\":\"https:\\\/\\\/www.naturalscience.org\\\/es\\\/covid19-5g\\\/\",\"url\":\"https:\\\/\\\/www.naturalscience.org\\\/es\\\/covid19-5g\\\/\",\"name\":\"COVID-19 \\\/ 5G - The World Foundation for Natural Science\",\"isPartOf\":{\"@id\":\"https:\\\/\\\/www.naturalscience.org\\\/#website\"},\"primaryImageOfPage\":{\"@id\":\"https:\\\/\\\/www.naturalscience.org\\\/es\\\/covid19-5g\\\/#primaryimage\"},\"image\":{\"@id\":\"https:\\\/\\\/www.naturalscience.org\\\/es\\\/covid19-5g\\\/#primaryimage\"},\"thumbnailUrl\":\"https:\\\/\\\/www.naturalscience.org\\\/wp-content\\\/uploads\\\/2021\\\/03\\\/home-corona-covid-test.jpg\",\"datePublished\":\"2021-05-13T07:54:43+00:00\",\"dateModified\":\"2021-05-13T09:42:38+00:00\",\"breadcrumb\":{\"@id\":\"https:\\\/\\\/www.naturalscience.org\\\/es\\\/covid19-5g\\\/#breadcrumb\"},\"inLanguage\":\"es\",\"potentialAction\":[{\"@type\":\"ReadAction\",\"target\":[\"https:\\\/\\\/www.naturalscience.org\\\/es\\\/covid19-5g\\\/\"]}]},{\"@type\":\"ImageObject\",\"inLanguage\":\"es\",\"@id\":\"https:\\\/\\\/www.naturalscience.org\\\/es\\\/covid19-5g\\\/#primaryimage\",\"url\":\"https:\\\/\\\/www.naturalscience.org\\\/wp-content\\\/uploads\\\/2021\\\/03\\\/home-corona-covid-test.jpg\",\"contentUrl\":\"https:\\\/\\\/www.naturalscience.org\\\/wp-content\\\/uploads\\\/2021\\\/03\\\/home-corona-covid-test.jpg\"},{\"@type\":\"BreadcrumbList\",\"@id\":\"https:\\\/\\\/www.naturalscience.org\\\/es\\\/covid19-5g\\\/#breadcrumb\",\"itemListElement\":[{\"@type\":\"ListItem\",\"position\":1,\"name\":\"Home\",\"item\":\"https:\\\/\\\/www.naturalscience.org\\\/es\\\/\"},{\"@type\":\"ListItem\",\"position\":2,\"name\":\"COVID-19 \\\/ 5G\"}]},{\"@type\":\"WebSite\",\"@id\":\"https:\\\/\\\/www.naturalscience.org\\\/#website\",\"url\":\"https:\\\/\\\/www.naturalscience.org\\\/\",\"name\":\"The World Foundation for Natural Science\",\"description\":\"Restoring and Healing the World through Responsibility and Commitment in accord with Natural and Divine Law!\",\"potentialAction\":[{\"@type\":\"SearchAction\",\"target\":{\"@type\":\"EntryPoint\",\"urlTemplate\":\"https:\\\/\\\/www.naturalscience.org\\\/?s={search_term_string}\"},\"query-input\":{\"@type\":\"PropertyValueSpecification\",\"valueRequired\":true,\"valueName\":\"search_term_string\"}}],\"inLanguage\":\"es\"}]}<\/script>\n<!-- \/ Yoast SEO plugin. -->","yoast_head_json":{"title":"COVID-19 \/ 5G - The World Foundation for Natural Science","robots":{"index":"index","follow":"follow","max-snippet":"max-snippet:-1","max-image-preview":"max-image-preview:large","max-video-preview":"max-video-preview:-1"},"canonical":"https:\/\/www.naturalscience.org\/es\/covid19-5g\/","twitter_misc":{"Tiempo de lectura":"1 minuto"},"schema":{"@context":"https:\/\/schema.org","@graph":[{"@type":"WebPage","@id":"https:\/\/www.naturalscience.org\/es\/covid19-5g\/","url":"https:\/\/www.naturalscience.org\/es\/covid19-5g\/","name":"COVID-19 \/ 5G - The World Foundation for Natural Science","isPartOf":{"@id":"https:\/\/www.naturalscience.org\/#website"},"primaryImageOfPage":{"@id":"https:\/\/www.naturalscience.org\/es\/covid19-5g\/#primaryimage"},"image":{"@id":"https:\/\/www.naturalscience.org\/es\/covid19-5g\/#primaryimage"},"thumbnailUrl":"https:\/\/www.naturalscience.org\/wp-content\/uploads\/2021\/03\/home-corona-covid-test.jpg","datePublished":"2021-05-13T07:54:43+00:00","dateModified":"2021-05-13T09:42:38+00:00","breadcrumb":{"@id":"https:\/\/www.naturalscience.org\/es\/covid19-5g\/#breadcrumb"},"inLanguage":"es","potentialAction":[{"@type":"ReadAction","target":["https:\/\/www.naturalscience.org\/es\/covid19-5g\/"]}]},{"@type":"ImageObject","inLanguage":"es","@id":"https:\/\/www.naturalscience.org\/es\/covid19-5g\/#primaryimage","url":"https:\/\/www.naturalscience.org\/wp-content\/uploads\/2021\/03\/home-corona-covid-test.jpg","contentUrl":"https:\/\/www.naturalscience.org\/wp-content\/uploads\/2021\/03\/home-corona-covid-test.jpg"},{"@type":"BreadcrumbList","@id":"https:\/\/www.naturalscience.org\/es\/covid19-5g\/#breadcrumb","itemListElement":[{"@type":"ListItem","position":1,"name":"Home","item":"https:\/\/www.naturalscience.org\/es\/"},{"@type":"ListItem","position":2,"name":"COVID-19 \/ 5G"}]},{"@type":"WebSite","@id":"https:\/\/www.naturalscience.org\/#website","url":"https:\/\/www.naturalscience.org\/","name":"The World Foundation for Natural Science","description":"Restoring and Healing the World through Responsibility and Commitment in accord with Natural and Divine Law!","potentialAction":[{"@type":"SearchAction","target":{"@type":"EntryPoint","urlTemplate":"https:\/\/www.naturalscience.org\/?s={search_term_string}"},"query-input":{"@type":"PropertyValueSpecification","valueRequired":true,"valueName":"search_term_string"}}],"inLanguage":"es"}]}},"_links":{"self":[{"href":"https:\/\/www.naturalscience.org\/es\/wp-json\/wp\/v2\/pages\/35303","targetHints":{"allow":["GET"]}}],"collection":[{"href":"https:\/\/www.naturalscience.org\/es\/wp-json\/wp\/v2\/pages"}],"about":[{"href":"https:\/\/www.naturalscience.org\/es\/wp-json\/wp\/v2\/types\/page"}],"author":[{"embeddable":true,"href":"https:\/\/www.naturalscience.org\/es\/wp-json\/wp\/v2\/users\/9"}],"replies":[{"embeddable":true,"href":"https:\/\/www.naturalscience.org\/es\/wp-json\/wp\/v2\/comments?post=35303"}],"version-history":[{"count":2,"href":"https:\/\/www.naturalscience.org\/es\/wp-json\/wp\/v2\/pages\/35303\/revisions"}],"predecessor-version":[{"id":35306,"href":"https:\/\/www.naturalscience.org\/es\/wp-json\/wp\/v2\/pages\/35303\/revisions\/35306"}],"wp:attachment":[{"href":"https:\/\/www.naturalscience.org\/es\/wp-json\/wp\/v2\/media?parent=35303"}],"wp:term":[{"taxonomy":"category","embeddable":true,"href":"https:\/\/www.naturalscience.org\/es\/wp-json\/wp\/v2\/categories?post=35303"}],"curies":[{"name":"wp","href":"https:\/\/api.w.org\/{rel}","templated":true}]}}