{"id":34750,"date":"2021-04-20T09:45:02","date_gmt":"2021-04-20T07:45:02","guid":{"rendered":"https:\/\/www.naturalscience.org\/?page_id=34750"},"modified":"2021-04-20T09:46:25","modified_gmt":"2021-04-20T07:46:25","slug":"efectos-y-perjuicios","status":"publish","type":"page","link":"https:\/\/www.naturalscience.org\/es\/temas\/microondas-y-comunicaciones-moviles\/efectos-y-perjuicios\/","title":{"rendered":"Efectos y perjuicios"},"content":{"rendered":"<p>\u00bfQu\u00e9 tienen en com\u00fan el cerebro humano, las abejas y el agua? &#8211; Todos ellos usan impulsos electromagn\u00e9ticos en una forma u otra para los procesos de control o de comunicaci\u00f3n. El electromagnetismo es un acontecimiento natural, que va desde el campo magn\u00e9tico de la tierra hasta los campos electromagn\u00e9ticos de los \u00f3rganos (imaginen los m\u00e9todos de ex\u00e1menes m\u00e9dicos tales como el electrocardiograma ECG o la imagen por resonancia magn\u00e9tica IRM), la danza de meneo de las abejas y la naturaleza bipolar de la mol\u00e9cula de agua. <\/p>\n<p>La radiaci\u00f3n electromagn\u00e9tica generada t\u00e9cnicamente, como se usa en todas partes y en una medida cada vez mayor ahora &#8211; por los tel\u00e9fonos m\u00f3viles, los hornos de microondas, los medidores inteligentes, WLAN, los relojes inteligentes, los carros el\u00e9ctricos, los sat\u00e9lites y todos los dem\u00e1s dispositivos \u201cinteligentes\u201d &#8211; se superponen y perturban a estos procesos y campos naturales. Miles de estudios demuestran que nuestra imprudente interferencia con la naturaleza tiene un impacto a gran escala. De hecho estamos en un punto donde la radiaci\u00f3n electromagn\u00e9tica generada t\u00e9cnicamente se ha convertido en una amenaza para toda la vida en este planeta.<\/p>\n<p>En los v\u00eddeoclips de esta p\u00e1gina, les mostramos c\u00f3mo la radiaci\u00f3n afecta a diferentes \u00e1reas &#8211; y la raz\u00f3n. En forma r\u00e1pida se deja claro que no s\u00f3lo se trata de las abejas, la salud humana o la aves, sino que toda la vida es afectada &#8211; y que un cambio hacia una tecnolog\u00eda que no sea perjudicial para la vida es necesario con urgencia.<\/p>\n","protected":false},"excerpt":{"rendered":"\u00bfQu\u00e9 tienen en com\u00fan el cerebro humano, las abejas y el agua? &#8211; Todos ellos usan impulsos electromagn\u00e9ticos en una forma u otra para los procesos de control o de comunicaci\u00f3n. El electromagnetismo es un acontecimiento natural, que va desde el campo magn\u00e9tico de la tierra hasta los campos electromagn\u00e9ticos de los \u00f3rganos (imaginen los [&hellip;]","protected":false},"author":9,"featured_media":0,"parent":15198,"menu_order":2,"comment_status":"closed","ping_status":"closed","template":"","meta":{"_acf_changed":false,"ngg_post_thumbnail":0,"footnotes":""},"categories":[525],"class_list":["post-34750","page","type-page","status-publish","hentry","category-efectos-y-perjuicios","wpautop"],"acf":[],"yoast_head":"<!-- This site is optimized with the Yoast SEO plugin v27.6 - https:\/\/yoast.com\/product\/yoast-seo-wordpress\/ -->\n<title>Efectos y perjuicios - The World Foundation for Natural Science<\/title>\n<meta name=\"robots\" content=\"index, follow, max-snippet:-1, max-image-preview:large, max-video-preview:-1\" \/>\n<link rel=\"canonical\" href=\"https:\/\/www.naturalscience.org\/es\/temas\/microondas-y-comunicaciones-moviles\/efectos-y-perjuicios\/\" \/>\n<meta name=\"twitter:label1\" content=\"Tiempo de lectura\" \/>\n\t<meta name=\"twitter:data1\" content=\"1 minuto\" \/>\n<script type=\"application\/ld+json\" class=\"yoast-schema-graph\">{\"@context\":\"https:\\\/\\\/schema.org\",\"@graph\":[{\"@type\":\"WebPage\",\"@id\":\"https:\\\/\\\/www.naturalscience.org\\\/es\\\/temas\\\/microondas-y-comunicaciones-moviles\\\/efectos-y-perjuicios\\\/\",\"url\":\"https:\\\/\\\/www.naturalscience.org\\\/es\\\/temas\\\/microondas-y-comunicaciones-moviles\\\/efectos-y-perjuicios\\\/\",\"name\":\"Efectos y perjuicios - The World Foundation for Natural Science\",\"isPartOf\":{\"@id\":\"https:\\\/\\\/www.naturalscience.org\\\/#website\"},\"datePublished\":\"2021-04-20T07:45:02+00:00\",\"dateModified\":\"2021-04-20T07:46:25+00:00\",\"breadcrumb\":{\"@id\":\"https:\\\/\\\/www.naturalscience.org\\\/es\\\/temas\\\/microondas-y-comunicaciones-moviles\\\/efectos-y-perjuicios\\\/#breadcrumb\"},\"inLanguage\":\"es\",\"potentialAction\":[{\"@type\":\"ReadAction\",\"target\":[\"https:\\\/\\\/www.naturalscience.org\\\/es\\\/temas\\\/microondas-y-comunicaciones-moviles\\\/efectos-y-perjuicios\\\/\"]}]},{\"@type\":\"BreadcrumbList\",\"@id\":\"https:\\\/\\\/www.naturalscience.org\\\/es\\\/temas\\\/microondas-y-comunicaciones-moviles\\\/efectos-y-perjuicios\\\/#breadcrumb\",\"itemListElement\":[{\"@type\":\"ListItem\",\"position\":1,\"name\":\"Home\",\"item\":\"https:\\\/\\\/www.naturalscience.org\\\/es\\\/\"},{\"@type\":\"ListItem\",\"position\":2,\"name\":\"Temas\",\"item\":\"https:\\\/\\\/www.naturalscience.org\\\/es\\\/temas\\\/\"},{\"@type\":\"ListItem\",\"position\":3,\"name\":\"Microondas y Comunicaciones m\u00f3viles\",\"item\":\"https:\\\/\\\/www.naturalscience.org\\\/es\\\/temas\\\/microondas-y-comunicaciones-moviles\\\/\"},{\"@type\":\"ListItem\",\"position\":4,\"name\":\"Efectos y perjuicios\"}]},{\"@type\":\"WebSite\",\"@id\":\"https:\\\/\\\/www.naturalscience.org\\\/#website\",\"url\":\"https:\\\/\\\/www.naturalscience.org\\\/\",\"name\":\"The World Foundation for Natural Science\",\"description\":\"Restoring and Healing the World through Responsibility and Commitment in accord with Natural and Divine Law!\",\"potentialAction\":[{\"@type\":\"SearchAction\",\"target\":{\"@type\":\"EntryPoint\",\"urlTemplate\":\"https:\\\/\\\/www.naturalscience.org\\\/?s={search_term_string}\"},\"query-input\":{\"@type\":\"PropertyValueSpecification\",\"valueRequired\":true,\"valueName\":\"search_term_string\"}}],\"inLanguage\":\"es\"}]}<\/script>\n<!-- \/ Yoast SEO plugin. -->","yoast_head_json":{"title":"Efectos y perjuicios - The World Foundation for Natural Science","robots":{"index":"index","follow":"follow","max-snippet":"max-snippet:-1","max-image-preview":"max-image-preview:large","max-video-preview":"max-video-preview:-1"},"canonical":"https:\/\/www.naturalscience.org\/es\/temas\/microondas-y-comunicaciones-moviles\/efectos-y-perjuicios\/","twitter_misc":{"Tiempo de lectura":"1 minuto"},"schema":{"@context":"https:\/\/schema.org","@graph":[{"@type":"WebPage","@id":"https:\/\/www.naturalscience.org\/es\/temas\/microondas-y-comunicaciones-moviles\/efectos-y-perjuicios\/","url":"https:\/\/www.naturalscience.org\/es\/temas\/microondas-y-comunicaciones-moviles\/efectos-y-perjuicios\/","name":"Efectos y perjuicios - The World Foundation for Natural Science","isPartOf":{"@id":"https:\/\/www.naturalscience.org\/#website"},"datePublished":"2021-04-20T07:45:02+00:00","dateModified":"2021-04-20T07:46:25+00:00","breadcrumb":{"@id":"https:\/\/www.naturalscience.org\/es\/temas\/microondas-y-comunicaciones-moviles\/efectos-y-perjuicios\/#breadcrumb"},"inLanguage":"es","potentialAction":[{"@type":"ReadAction","target":["https:\/\/www.naturalscience.org\/es\/temas\/microondas-y-comunicaciones-moviles\/efectos-y-perjuicios\/"]}]},{"@type":"BreadcrumbList","@id":"https:\/\/www.naturalscience.org\/es\/temas\/microondas-y-comunicaciones-moviles\/efectos-y-perjuicios\/#breadcrumb","itemListElement":[{"@type":"ListItem","position":1,"name":"Home","item":"https:\/\/www.naturalscience.org\/es\/"},{"@type":"ListItem","position":2,"name":"Temas","item":"https:\/\/www.naturalscience.org\/es\/temas\/"},{"@type":"ListItem","position":3,"name":"Microondas y Comunicaciones m\u00f3viles","item":"https:\/\/www.naturalscience.org\/es\/temas\/microondas-y-comunicaciones-moviles\/"},{"@type":"ListItem","position":4,"name":"Efectos y perjuicios"}]},{"@type":"WebSite","@id":"https:\/\/www.naturalscience.org\/#website","url":"https:\/\/www.naturalscience.org\/","name":"The World Foundation for Natural Science","description":"Restoring and Healing the World through Responsibility and Commitment in accord with Natural and Divine Law!","potentialAction":[{"@type":"SearchAction","target":{"@type":"EntryPoint","urlTemplate":"https:\/\/www.naturalscience.org\/?s={search_term_string}"},"query-input":{"@type":"PropertyValueSpecification","valueRequired":true,"valueName":"search_term_string"}}],"inLanguage":"es"}]}},"_links":{"self":[{"href":"https:\/\/www.naturalscience.org\/es\/wp-json\/wp\/v2\/pages\/34750","targetHints":{"allow":["GET"]}}],"collection":[{"href":"https:\/\/www.naturalscience.org\/es\/wp-json\/wp\/v2\/pages"}],"about":[{"href":"https:\/\/www.naturalscience.org\/es\/wp-json\/wp\/v2\/types\/page"}],"author":[{"embeddable":true,"href":"https:\/\/www.naturalscience.org\/es\/wp-json\/wp\/v2\/users\/9"}],"replies":[{"embeddable":true,"href":"https:\/\/www.naturalscience.org\/es\/wp-json\/wp\/v2\/comments?post=34750"}],"version-history":[{"count":2,"href":"https:\/\/www.naturalscience.org\/es\/wp-json\/wp\/v2\/pages\/34750\/revisions"}],"predecessor-version":[{"id":34752,"href":"https:\/\/www.naturalscience.org\/es\/wp-json\/wp\/v2\/pages\/34750\/revisions\/34752"}],"up":[{"embeddable":true,"href":"https:\/\/www.naturalscience.org\/es\/wp-json\/wp\/v2\/pages\/15198"}],"wp:attachment":[{"href":"https:\/\/www.naturalscience.org\/es\/wp-json\/wp\/v2\/media?parent=34750"}],"wp:term":[{"taxonomy":"category","embeddable":true,"href":"https:\/\/www.naturalscience.org\/es\/wp-json\/wp\/v2\/categories?post=34750"}],"curies":[{"name":"wp","href":"https:\/\/api.w.org\/{rel}","templated":true}]}}