{"id":32565,"date":"2020-04-03T23:46:39","date_gmt":"2020-04-03T21:46:39","guid":{"rendered":"https:\/\/www.naturalscience.org\/?page_id=32565"},"modified":"2021-01-31T22:41:37","modified_gmt":"2021-01-31T21:41:37","slug":"coronavirus","status":"publish","type":"page","link":"https:\/\/www.naturalscience.org\/es\/temas\/salud\/coronavirus\/","title":{"rendered":"Coronavirus"},"content":{"rendered":"<style>\n.page-template-page-full .corona-box { margin-bottom: 30px; }\n.page-template-page-full .corona-box .content-box-title { font-size: 18px; text-align: center; }\n.corona-box .content-box-body a.button { text-decoration: none; }\n.corona-box ul li { padding: 3px 0 3px 0; list-style: none; font-size: 15px; line-height: 1.3; }\n.corona-box ul li::before { font-family: \"FontAwesome\"; content: \"\\f105\"; margin: 0 5px 0 -10px;  }\n.home .corona-box .content-box-title { font-size: 24px; text-align: center; }\n.home .corona-box .content-box-body .article { margin-bottom: 30px; }\t \t \n.home .corona-box .content-box-body .article img { margin-bottom: 5px; }\t \t \n.home .corona-box .content-box-body .article a { font-size: 17px; }\n<\/style>\n<div class=\"row\">\n<div class=\"medium-12 columns\">\n<div class=\"content-box green-1 width-100 corona-box\">\n<div class=\"content-box-title\">Para tu salud<\/div>\n<div class=\"content-box-body\">\n<ul>\n<li><a href=\"https:\/\/www.naturalscience.org\/es\/news\/2020\/11\/covid-19-homeopatia-para-terapia-y-prevencion\/\">Covid-19: Homeopat\u00eda para Terapia y Prevenci\u00f3n<\/a><\/li>\n<li><a href=\"https:\/\/www.naturalscience.org\/es\/news\/2020\/03\/sales-de-schuessler-para-el-resfriado\/\">Sales de Schuessler para el Resfriado<\/a><\/li>\n<li><a href=\"https:\/\/www.naturalscience.org\/es\/news\/2020\/03\/prevencion-y-tratamiento-de-la-gripe-con-remedios-homeopaticos\/\">Prevenci\u00f3n y tratamiento de la gripe con remedios homeop\u00e1ticos<\/a><\/li>\n<li><a href=\"https:\/\/www.naturalscience.org\/es\/news\/2020\/03\/libre-de-miedo-en-la-actual-situacion-estas-flores-de-bach-te-acompanan-durante-el-estado-de-emergencia-por-el-coronavirus\/\">\u201cLibre de Miedo en la Actual Situaci\u00f3n\u201d\u00a0\u00a1Estas flores de Bach te acompa\u00f1an durante el estado de emergencia por el coronavirus!<\/a><\/li>\n<li><a href=\"https:\/\/www.naturalscience.org\/es\/news\/2020\/05\/extracto-de-orozuz-regaliz-una-terapia-opcional-para-las-enfermedades-de-covid-19\/\">Extracto de Orozuz (Regaliz) \u2013 una terapia opcional  para las enfermedades de COVID-19<\/a><\/li>\n<li><a href=\"https:\/\/www.naturalscience.org\/es\/news\/2020\/03\/que-es-la-salud\/\">\u00bfQu\u00e9 es la salud?<\/a><\/li>\n<\/ul>\n<\/div>\n<\/div>\n<div class=\"content-box green-1 width-100 corona-box\">\n<div class=\"content-box-title\">En casa<\/div>\n<div class=\"content-box-body\">\n<ul>\n<li><a href=\"https:\/\/www.naturalscience.org\/es\/news\/2020\/04\/como-disminuir-la-exposicion-a-la-radiacion-en-la-oficina-de-la-casa\/\">C\u00f3mo disminuir la exposici\u00f3n a la radiaci\u00f3n en la oficina de la casa<\/a><\/li>\n<li><a href=\"https:\/\/www.naturalscience.org\/es\/news\/2020\/03\/tiempo-de-ocio-un-gran-desafio\/\">Tiempo de ocio \u2013 Un gran desaf\u00edo<\/a><\/li>\n<li><a href=\"https:\/\/www.naturalscience.org\/es\/news\/2020\/04\/fisicamente-a-distancia-conectados-socialmente\/\">F\u00edsicamente a distancia\u2014Conectados socialmente<\/a><\/li>\n<li><a href=\"https:\/\/www.naturalscience.org\/es\/news\/2020\/04\/ejercicio-en-casa-actividades-faciles-para-equilibrar-el-cuerpo\/\">Ejercicio en casa \u2013 Actividades f\u00e1ciles para equilibrar el cuerpo<\/a><\/li>\n<li><a href=\"https:\/\/www.naturalscience.org\/es\/news\/2020\/05\/aprendizaje-electronico-o-todavia-es-mejor-la-antigua-escuela\/\">\u00bfAprendizaje electr\u00f3nico o todav\u00eda es mejor la Antigua Escuela?<\/a><\/li>\n<\/ul>\n<\/div>\n<\/div>\n<div class=\"content-box green-1 width-100 corona-box\">\n<div class=\"content-box-title\">Vacunas SARS-CoV-2<\/div>\n<div class=\"content-box-body\">\n<ul>\n<li><a href=\"https:\/\/www.naturalscience.org\/es\/news\/2020\/11\/vacunas-sars-cov-2-deberia-vacunarse-cada-ano-parte-i-de-ii\/\">Vacunas SARS-CoV-2:&nbsp;\u00bfdeber\u00eda vacunarse, cada a\u00f1o?<br \/>\u2013 Parte I de II<\/a><br \/><a href=\"https:\/\/www.naturalscience.org\/es\/news\/2020\/11\/vacunas-de-sars-cov-2-deberia-vacunarse-cada-ano-parte-ii-of-ii\/\">\u2013 Parte II of II<\/a><\/li>\n<li><a href=\"https:\/\/www.naturalscience.org\/es\/news\/2020\/12\/la-vacunacion-para-el-covid-19-preguntas-que-deben-ser-respondidas-antes-de-vacunarse\/\">La Vacunaci\u00f3n para el  Covid-19: preguntas que deben ser respondidas antes de vacunarse<\/a><\/li>\n<li><a href=\"https:\/\/www.naturalscience.org\/es\/news\/2020\/06\/son-las-vacunas-realmente-la-unica-manera-de-proteger-a-la-humanidad-de-las-pandemias\/\">\u00bfSon las vacunas realmente la \u00fanica manera de proteger a la humanidad de las pandemias?<\/a><\/li>\n<\/ul>\n<\/div>\n<\/div>\n<\/div>\n<div class=\"medium-12 columns\">\n<div class=\"content-box green-1 width-100 corona-box\">\n<div class=\"content-box-title\">Fortaleciendo el sistema inmunol\u00f3gico<\/div>\n<div class=\"content-box-body\">\n<ul>\n<li><a href=\"https:\/\/www.naturalscience.org\/es\/news\/2020\/03\/remedios-caseros-para-fortalecerse\/\">Remedios caseros para fortalecerse<\/a><\/li>\n<li><a href=\"https:\/\/www.naturalscience.org\/es\/news\/2020\/04\/los-antibioticos-de-las-plantas\/\">Los antibi\u00f3ticos de las plantas<\/a><\/li>\n<li><a href=\"https:\/\/www.naturalscience.org\/es\/news\/2020\/04\/la-salvia-se-dice-que-esta-hierba-da-la-vida-eterna\/\">LA SALVIA- Se dice que esta hierba da la vida eterna<\/a><\/li>\n<li><a href=\"https:\/\/www.naturalscience.org\/es\/news\/2020\/04\/ajo-silvestre-el-heraldo-sanador-de-primavera\/\">Ajo silvestre \u2013 el heraldo sanador de primavera<\/a><\/li>\n<li><a href=\"https:\/\/www.naturalscience.org\/es\/news\/2020\/03\/la-risa-es-la-mejor-medicina\/\">\u00a1LA RISA ES LA MEJOR MEDICINA!<\/a><\/li>\n<li><a href=\"https:\/\/www.naturalscience.org\/es\/news\/2020\/03\/la-luz-del-sol-es-nutritiva\/\">La Luz del Sol es nutritiva<\/a><\/li>\n<li><a href=\"https:\/\/www.naturalscience.org\/es\/news\/2020\/03\/coronavirus-como-puedes-evitar-el-enfermarte\/\">Coronavirus:\u00a0\u00bfC\u00f3mo puedes evitar el enfermarte?<\/a><\/li>\n<li><a href=\"https:\/\/www.naturalscience.org\/es\/news\/2020\/03\/proteccion-y-cuidado-con-aceites-esenciales\/\">Protecci\u00f3n y cuidado con aceites esenciales<\/a><\/li>\n<li><a href=\"https:\/\/www.naturalscience.org\/es\/news\/2021\/01\/hierbas-silvestres-de-invierno-un-potenciador-del-sistema-inmunitario\/\">Hierbas Silvestres de INVIERNO \u2013 Un Potenciador del Sistema Inmunitario<\/a><\/li>\n<li><a href=\"https:\/\/www.naturalscience.org\/es\/news\/2021\/01\/las-hierbas-de-cocina-y-las-especias-son-super-medicinas\/\">Las hierbas de cocina y las especias son s\u00faper-medicinas<\/a><\/li>\n<\/ul>\n<\/div>\n<\/div>\n<div class=\"content-box green-1 width-100 corona-box\">\n<div class=\"content-box-title\">Respiraci\u00f3n<\/div>\n<div class=\"content-box-body\">\n<ul>\n<li><a href=\"https:\/\/www.naturalscience.org\/es\/news\/2020\/04\/deja-de-fumar-ahora\/\">DEJA DE FUMAR AHORA<\/a><\/li>\n<li><a href=\"https:\/\/www.naturalscience.org\/es\/news\/2020\/03\/el-poder-sanador-de-la-respiracion\/\">El Poder Sanador de la Respiraci\u00f3n<\/a><\/li>\n<li><a href=\"https:\/\/www.naturalscience.org\/es\/news\/2020\/12\/los-riesgos-de-los-tapabocas-o-mascarillas-para-la-salud\/\">Los Riesgos de los Tapabocas o Mascarillas para la Salud<\/a><\/li>\n<\/ul>\n<\/div>\n<\/div>\n<div class=\"content-box green-1 width-100 corona-box\">\n<div class=\"content-box-title\">5G<\/div>\n<div class=\"content-box-body\">\n<ul>\n<li><a href=\"https:\/\/www.naturalscience.org\/es\/news\/2020\/05\/como-el-estandar-inalambrico-de-quinta-generacion-5g-contribuye-a-la-pandemia-de-corona\/\">C\u00f3mo el est\u00e1ndar inal\u00e1mbrico de quinta generaci\u00f3n 5G contribuye a la pandemia de corona<\/a><\/li>\n<li><a href=\"https:\/\/www.naturalscience.org\/es\/news\/2020\/03\/coronavirus-y-la-5g\/\">Coronavirus y la 5G<\/a><\/li>\n<\/ul>\n<\/div>\n<\/div>\n<\/div>\n<\/div>\n","protected":false},"excerpt":{"rendered":"Para tu salud Covid-19: Homeopat\u00eda para Terapia y Prevenci\u00f3n Sales de Schuessler para el Resfriado Prevenci\u00f3n y tratamiento de la gripe con remedios homeop\u00e1ticos \u201cLibre de Miedo en la Actual Situaci\u00f3n\u201d\u00a0\u00a1Estas flores de Bach te acompa\u00f1an durante el estado de emergencia por el coronavirus! Extracto de Orozuz (Regaliz) \u2013 una terapia opcional para las enfermedades [&hellip;]","protected":false},"author":9,"featured_media":0,"parent":15189,"menu_order":0,"comment_status":"closed","ping_status":"closed","template":"page-full.php","meta":{"_acf_changed":false,"ngg_post_thumbnail":0,"footnotes":""},"categories":[520],"class_list":["post-32565","page","type-page","status-publish","hentry","category-coronavirus","wpautop"],"acf":[],"yoast_head":"<!-- This site is optimized with the Yoast SEO plugin v27.6 - https:\/\/yoast.com\/product\/yoast-seo-wordpress\/ -->\n<title>Coronavirus - The World Foundation for Natural Science<\/title>\n<meta name=\"robots\" content=\"index, follow, max-snippet:-1, max-image-preview:large, max-video-preview:-1\" \/>\n<link rel=\"canonical\" href=\"https:\/\/www.naturalscience.org\/es\/temas\/salud\/coronavirus\/\" \/>\n<meta name=\"twitter:label1\" content=\"Tiempo de lectura\" \/>\n\t<meta name=\"twitter:data1\" content=\"1 minuto\" \/>\n<script type=\"application\/ld+json\" class=\"yoast-schema-graph\">{\"@context\":\"https:\\\/\\\/schema.org\",\"@graph\":[{\"@type\":\"WebPage\",\"@id\":\"https:\\\/\\\/www.naturalscience.org\\\/es\\\/temas\\\/salud\\\/coronavirus\\\/\",\"url\":\"https:\\\/\\\/www.naturalscience.org\\\/es\\\/temas\\\/salud\\\/coronavirus\\\/\",\"name\":\"Coronavirus - The World Foundation for Natural Science\",\"isPartOf\":{\"@id\":\"https:\\\/\\\/www.naturalscience.org\\\/#website\"},\"datePublished\":\"2020-04-03T21:46:39+00:00\",\"dateModified\":\"2021-01-31T21:41:37+00:00\",\"breadcrumb\":{\"@id\":\"https:\\\/\\\/www.naturalscience.org\\\/es\\\/temas\\\/salud\\\/coronavirus\\\/#breadcrumb\"},\"inLanguage\":\"es\",\"potentialAction\":[{\"@type\":\"ReadAction\",\"target\":[\"https:\\\/\\\/www.naturalscience.org\\\/es\\\/temas\\\/salud\\\/coronavirus\\\/\"]}]},{\"@type\":\"BreadcrumbList\",\"@id\":\"https:\\\/\\\/www.naturalscience.org\\\/es\\\/temas\\\/salud\\\/coronavirus\\\/#breadcrumb\",\"itemListElement\":[{\"@type\":\"ListItem\",\"position\":1,\"name\":\"Home\",\"item\":\"https:\\\/\\\/www.naturalscience.org\\\/es\\\/\"},{\"@type\":\"ListItem\",\"position\":2,\"name\":\"Temas\",\"item\":\"https:\\\/\\\/www.naturalscience.org\\\/es\\\/temas\\\/\"},{\"@type\":\"ListItem\",\"position\":3,\"name\":\"Salud\",\"item\":\"https:\\\/\\\/www.naturalscience.org\\\/cs\\\/temas\\\/salud\\\/\"},{\"@type\":\"ListItem\",\"position\":4,\"name\":\"Coronavirus\"}]},{\"@type\":\"WebSite\",\"@id\":\"https:\\\/\\\/www.naturalscience.org\\\/#website\",\"url\":\"https:\\\/\\\/www.naturalscience.org\\\/\",\"name\":\"The World Foundation for Natural Science\",\"description\":\"Restoring and Healing the World through Responsibility and Commitment in accord with Natural and Divine Law!\",\"potentialAction\":[{\"@type\":\"SearchAction\",\"target\":{\"@type\":\"EntryPoint\",\"urlTemplate\":\"https:\\\/\\\/www.naturalscience.org\\\/?s={search_term_string}\"},\"query-input\":{\"@type\":\"PropertyValueSpecification\",\"valueRequired\":true,\"valueName\":\"search_term_string\"}}],\"inLanguage\":\"es\"}]}<\/script>\n<!-- \/ Yoast SEO plugin. -->","yoast_head_json":{"title":"Coronavirus - The World Foundation for Natural Science","robots":{"index":"index","follow":"follow","max-snippet":"max-snippet:-1","max-image-preview":"max-image-preview:large","max-video-preview":"max-video-preview:-1"},"canonical":"https:\/\/www.naturalscience.org\/es\/temas\/salud\/coronavirus\/","twitter_misc":{"Tiempo de lectura":"1 minuto"},"schema":{"@context":"https:\/\/schema.org","@graph":[{"@type":"WebPage","@id":"https:\/\/www.naturalscience.org\/es\/temas\/salud\/coronavirus\/","url":"https:\/\/www.naturalscience.org\/es\/temas\/salud\/coronavirus\/","name":"Coronavirus - The World Foundation for Natural Science","isPartOf":{"@id":"https:\/\/www.naturalscience.org\/#website"},"datePublished":"2020-04-03T21:46:39+00:00","dateModified":"2021-01-31T21:41:37+00:00","breadcrumb":{"@id":"https:\/\/www.naturalscience.org\/es\/temas\/salud\/coronavirus\/#breadcrumb"},"inLanguage":"es","potentialAction":[{"@type":"ReadAction","target":["https:\/\/www.naturalscience.org\/es\/temas\/salud\/coronavirus\/"]}]},{"@type":"BreadcrumbList","@id":"https:\/\/www.naturalscience.org\/es\/temas\/salud\/coronavirus\/#breadcrumb","itemListElement":[{"@type":"ListItem","position":1,"name":"Home","item":"https:\/\/www.naturalscience.org\/es\/"},{"@type":"ListItem","position":2,"name":"Temas","item":"https:\/\/www.naturalscience.org\/es\/temas\/"},{"@type":"ListItem","position":3,"name":"Salud","item":"https:\/\/www.naturalscience.org\/cs\/temas\/salud\/"},{"@type":"ListItem","position":4,"name":"Coronavirus"}]},{"@type":"WebSite","@id":"https:\/\/www.naturalscience.org\/#website","url":"https:\/\/www.naturalscience.org\/","name":"The World Foundation for Natural Science","description":"Restoring and Healing the World through Responsibility and Commitment in accord with Natural and Divine Law!","potentialAction":[{"@type":"SearchAction","target":{"@type":"EntryPoint","urlTemplate":"https:\/\/www.naturalscience.org\/?s={search_term_string}"},"query-input":{"@type":"PropertyValueSpecification","valueRequired":true,"valueName":"search_term_string"}}],"inLanguage":"es"}]}},"_links":{"self":[{"href":"https:\/\/www.naturalscience.org\/es\/wp-json\/wp\/v2\/pages\/32565","targetHints":{"allow":["GET"]}}],"collection":[{"href":"https:\/\/www.naturalscience.org\/es\/wp-json\/wp\/v2\/pages"}],"about":[{"href":"https:\/\/www.naturalscience.org\/es\/wp-json\/wp\/v2\/types\/page"}],"author":[{"embeddable":true,"href":"https:\/\/www.naturalscience.org\/es\/wp-json\/wp\/v2\/users\/9"}],"replies":[{"embeddable":true,"href":"https:\/\/www.naturalscience.org\/es\/wp-json\/wp\/v2\/comments?post=32565"}],"version-history":[{"count":19,"href":"https:\/\/www.naturalscience.org\/es\/wp-json\/wp\/v2\/pages\/32565\/revisions"}],"predecessor-version":[{"id":34455,"href":"https:\/\/www.naturalscience.org\/es\/wp-json\/wp\/v2\/pages\/32565\/revisions\/34455"}],"up":[{"embeddable":true,"href":"https:\/\/www.naturalscience.org\/es\/wp-json\/wp\/v2\/pages\/15189"}],"wp:attachment":[{"href":"https:\/\/www.naturalscience.org\/es\/wp-json\/wp\/v2\/media?parent=32565"}],"wp:term":[{"taxonomy":"category","embeddable":true,"href":"https:\/\/www.naturalscience.org\/es\/wp-json\/wp\/v2\/categories?post=32565"}],"curies":[{"name":"wp","href":"https:\/\/api.w.org\/{rel}","templated":true}]}}