{"id":31185,"date":"2019-10-02T21:50:13","date_gmt":"2019-10-02T19:50:13","guid":{"rendered":"https:\/\/www.naturalscience.org\/?page_id=31185"},"modified":"2019-10-12T17:06:59","modified_gmt":"2019-10-12T15:06:59","slug":"sidebar","status":"publish","type":"page","link":"https:\/\/www.naturalscience.org\/es\/congreso-2019\/sidebar\/","title":{"rendered":"Sidebar"},"content":{"rendered":"<h3 style=\"margin-bottom: 0px\">Cu\u00e1ndo<\/h3>\r\n<p>31.10.2019, 7:00 p.m.<br>\r\nto<br>\r\n03.11.2019, 1:00 p.m.<\/p>\r\n\r\n<h3 style=\"margin: 10px 0 0 0\">Lugar<\/h3>\r\n<p>Hotel Maritim<br>\r\nBasteistra\u00dfe 40<br>\r\n89073 Ulm, Alemania<\/p>\r\n\r\n<h3 style=\"margin: 10px 0 0 0\">Traducci\u00f3n<\/h3>\r\n<p>Simult\u00e1nea al espa\u00f1ol, ingl\u00e9s, alem\u00e1n, checo y ruso<\/p>\r\n\r\n<h3 style=\"margin: 10px 0 0 0\">Tarifa del congreso<\/h3>\r\n\r\n<table class=\"fees\">\r\n<tbody>\r\n<tr><td>Inscripci\u00f3n<br>Individual<\/td><td class=\"hightlight\">\u20ac 380<\/td><\/tr>\r\n<tr><td>\u00ab65+\u00bb<\/td><td class=\"hightlight\">\u20ac 260<\/td><\/tr>\r\n<tr><td>Pareja casada<br>per person<\/td><td class=\"hightlight\">\u20ac 260<\/td><\/tr>\r\n<tr><td>Estudiantes<\/td><td class=\"hightlight\">\u20ac 135<\/td><\/tr>\r\n<tr><td>J\u00f3venes \/ Becarios<\/td><td class=\"hightlight\">\u20ac 100<\/td><\/tr>\r\n<tr><td>+ Paquete de alimentaci\u00f3n <span onClick=\"showFoodPackageInfo()\" style=\"cursor: pointer;\"><i class=\"fa fa-question-circle \" ><\/i><\/span><\/td>\r\n<td class=\"hightlight\">\u20ac 100<\/td><\/tr>\r\n<\/tbody>\r\n<\/table>\r\n\r\n<!--<p style=\"font-size: 0.75rem\"><i class=\"fa fa-info-circle\"><\/i> Auch einzelne Tage buchbar<\/p>-->\r\n<p><a style=\"width: 100%\" class=\"button radius small\" href=\"#congress-info\"><i class=\"fa fa-info-circle \" ><\/i> Informaci\u00f3n adicional<\/a><\/p>\r\n\r\n<p><a style=\"width: 100%\" class=\"button radius small\" href=\"https:\/\/www.naturalscience.org\/es\/congreso-2019\/reserva-de-la-habitacion-del-hotel\/\"><i class=\"fa fa-bed \" ><\/i> Reserva de la habitaci\u00f3n del Hotel<\/a><\/p>\r\n\r\n<p><a style=\"width: 100%\" class=\"button radius small alert\" href=\"https:\/\/www.naturalscience.org\/es\/congreso-2019\/inscripcion\/\"><i class=\"fa fa-hand-o-right \" ><\/i> Inscr\u00edbase ahora<\/a><\/p>\r\n\r\n","protected":false},"excerpt":{"rendered":"Cu\u00e1ndo 31.10.2019, 7:00 p.m. to 03.11.2019, 1:00 p.m. Lugar Hotel Maritim Basteistra\u00dfe 40 89073 Ulm, Alemania Traducci\u00f3n Simult\u00e1nea al espa\u00f1ol, ingl\u00e9s, alem\u00e1n, checo y ruso Tarifa del congreso Inscripci\u00f3nIndividual\u20ac 380 \u00ab65+\u00bb\u20ac 260 Pareja casadaper person\u20ac 260 Estudiantes\u20ac 135 J\u00f3venes \/ Becarios\u20ac 100 + Paquete de alimentaci\u00f3n \u20ac 100 Informaci\u00f3n adicional Reserva de la habitaci\u00f3n del [&hellip;]","protected":false},"author":9,"featured_media":0,"parent":30252,"menu_order":2,"comment_status":"closed","ping_status":"closed","template":"","meta":{"_acf_changed":false,"ngg_post_thumbnail":0,"footnotes":""},"categories":[],"class_list":["post-31185","page","type-page","status-publish","hentry","no-wpautop"],"acf":[],"yoast_head":"<!-- This site is optimized with the Yoast SEO plugin v27.5 - https:\/\/yoast.com\/product\/yoast-seo-wordpress\/ -->\n<title>Sidebar - The World Foundation for Natural Science<\/title>\n<meta name=\"robots\" content=\"index, follow, max-snippet:-1, max-image-preview:large, max-video-preview:-1\" \/>\n<link rel=\"canonical\" href=\"https:\/\/www.naturalscience.org\/es\/congreso-2019\/sidebar\/\" \/>\n<script type=\"application\/ld+json\" class=\"yoast-schema-graph\">{\"@context\":\"https:\\\/\\\/schema.org\",\"@graph\":[{\"@type\":\"WebPage\",\"@id\":\"https:\\\/\\\/www.naturalscience.org\\\/es\\\/congreso-2019\\\/sidebar\\\/\",\"url\":\"https:\\\/\\\/www.naturalscience.org\\\/es\\\/congreso-2019\\\/sidebar\\\/\",\"name\":\"Sidebar - The World Foundation for Natural Science\",\"isPartOf\":{\"@id\":\"https:\\\/\\\/www.naturalscience.org\\\/#website\"},\"datePublished\":\"2019-10-02T19:50:13+00:00\",\"dateModified\":\"2019-10-12T15:06:59+00:00\",\"breadcrumb\":{\"@id\":\"https:\\\/\\\/www.naturalscience.org\\\/es\\\/congreso-2019\\\/sidebar\\\/#breadcrumb\"},\"inLanguage\":\"es\",\"potentialAction\":[{\"@type\":\"ReadAction\",\"target\":[\"https:\\\/\\\/www.naturalscience.org\\\/es\\\/congreso-2019\\\/sidebar\\\/\"]}]},{\"@type\":\"BreadcrumbList\",\"@id\":\"https:\\\/\\\/www.naturalscience.org\\\/es\\\/congreso-2019\\\/sidebar\\\/#breadcrumb\",\"itemListElement\":[{\"@type\":\"ListItem\",\"position\":1,\"name\":\"Home\",\"item\":\"https:\\\/\\\/www.naturalscience.org\\\/es\\\/\"},{\"@type\":\"ListItem\",\"position\":2,\"name\":\"24\u00b0 Congreso Mundial Internacional \u201cNuevas Perspectivas Cient\u00edficas\u201d\",\"item\":\"https:\\\/\\\/www.naturalscience.org\\\/es\\\/congreso-2019\\\/\"},{\"@type\":\"ListItem\",\"position\":3,\"name\":\"Sidebar\"}]},{\"@type\":\"WebSite\",\"@id\":\"https:\\\/\\\/www.naturalscience.org\\\/#website\",\"url\":\"https:\\\/\\\/www.naturalscience.org\\\/\",\"name\":\"The World Foundation for Natural Science\",\"description\":\"Restoring and Healing the World through Responsibility and Commitment in accord with Natural and Divine Law!\",\"potentialAction\":[{\"@type\":\"SearchAction\",\"target\":{\"@type\":\"EntryPoint\",\"urlTemplate\":\"https:\\\/\\\/www.naturalscience.org\\\/?s={search_term_string}\"},\"query-input\":{\"@type\":\"PropertyValueSpecification\",\"valueRequired\":true,\"valueName\":\"search_term_string\"}}],\"inLanguage\":\"es\"}]}<\/script>\n<!-- \/ Yoast SEO plugin. -->","yoast_head_json":{"title":"Sidebar - The World Foundation for Natural Science","robots":{"index":"index","follow":"follow","max-snippet":"max-snippet:-1","max-image-preview":"max-image-preview:large","max-video-preview":"max-video-preview:-1"},"canonical":"https:\/\/www.naturalscience.org\/es\/congreso-2019\/sidebar\/","schema":{"@context":"https:\/\/schema.org","@graph":[{"@type":"WebPage","@id":"https:\/\/www.naturalscience.org\/es\/congreso-2019\/sidebar\/","url":"https:\/\/www.naturalscience.org\/es\/congreso-2019\/sidebar\/","name":"Sidebar - The World Foundation for Natural Science","isPartOf":{"@id":"https:\/\/www.naturalscience.org\/#website"},"datePublished":"2019-10-02T19:50:13+00:00","dateModified":"2019-10-12T15:06:59+00:00","breadcrumb":{"@id":"https:\/\/www.naturalscience.org\/es\/congreso-2019\/sidebar\/#breadcrumb"},"inLanguage":"es","potentialAction":[{"@type":"ReadAction","target":["https:\/\/www.naturalscience.org\/es\/congreso-2019\/sidebar\/"]}]},{"@type":"BreadcrumbList","@id":"https:\/\/www.naturalscience.org\/es\/congreso-2019\/sidebar\/#breadcrumb","itemListElement":[{"@type":"ListItem","position":1,"name":"Home","item":"https:\/\/www.naturalscience.org\/es\/"},{"@type":"ListItem","position":2,"name":"24\u00b0 Congreso Mundial Internacional \u201cNuevas Perspectivas Cient\u00edficas\u201d","item":"https:\/\/www.naturalscience.org\/es\/congreso-2019\/"},{"@type":"ListItem","position":3,"name":"Sidebar"}]},{"@type":"WebSite","@id":"https:\/\/www.naturalscience.org\/#website","url":"https:\/\/www.naturalscience.org\/","name":"The World Foundation for Natural Science","description":"Restoring and Healing the World through Responsibility and Commitment in accord with Natural and Divine Law!","potentialAction":[{"@type":"SearchAction","target":{"@type":"EntryPoint","urlTemplate":"https:\/\/www.naturalscience.org\/?s={search_term_string}"},"query-input":{"@type":"PropertyValueSpecification","valueRequired":true,"valueName":"search_term_string"}}],"inLanguage":"es"}]}},"_links":{"self":[{"href":"https:\/\/www.naturalscience.org\/es\/wp-json\/wp\/v2\/pages\/31185","targetHints":{"allow":["GET"]}}],"collection":[{"href":"https:\/\/www.naturalscience.org\/es\/wp-json\/wp\/v2\/pages"}],"about":[{"href":"https:\/\/www.naturalscience.org\/es\/wp-json\/wp\/v2\/types\/page"}],"author":[{"embeddable":true,"href":"https:\/\/www.naturalscience.org\/es\/wp-json\/wp\/v2\/users\/9"}],"replies":[{"embeddable":true,"href":"https:\/\/www.naturalscience.org\/es\/wp-json\/wp\/v2\/comments?post=31185"}],"version-history":[{"count":5,"href":"https:\/\/www.naturalscience.org\/es\/wp-json\/wp\/v2\/pages\/31185\/revisions"}],"predecessor-version":[{"id":31320,"href":"https:\/\/www.naturalscience.org\/es\/wp-json\/wp\/v2\/pages\/31185\/revisions\/31320"}],"up":[{"embeddable":true,"href":"https:\/\/www.naturalscience.org\/es\/wp-json\/wp\/v2\/pages\/30252"}],"wp:attachment":[{"href":"https:\/\/www.naturalscience.org\/es\/wp-json\/wp\/v2\/media?parent=31185"}],"wp:term":[{"taxonomy":"category","embeddable":true,"href":"https:\/\/www.naturalscience.org\/es\/wp-json\/wp\/v2\/categories?post=31185"}],"curies":[{"name":"wp","href":"https:\/\/api.w.org\/{rel}","templated":true}]}}