{"id":29867,"date":"2019-04-29T22:22:37","date_gmt":"2019-04-29T20:22:37","guid":{"rendered":"https:\/\/www.naturalscience.org\/?page_id=29867"},"modified":"2020-05-10T13:58:26","modified_gmt":"2020-05-10T11:58:26","slug":"vea-las-presentaciones","status":"publish","type":"page","link":"https:\/\/www.naturalscience.org\/es\/congreso-2018\/vea-las-presentaciones\/","title":{"rendered":"Conferencias Congreso 2018"},"content":{"rendered":"<ul class=\"small-block-grid-1 medium-block-grid-3\">\n<li><a href=\"https:\/\/www.naturalscience.org\/es\/publicaciones\/parte-1-la-adiccion-y-como-se-desarrolla\/\"><img loading=\"lazy\" decoding=\"async\" src=\"https:\/\/www.naturalscience.org\/wp-content\/uploads\/2019\/02\/KY-Addiction-I-400x225.jpg\" alt=\"\" width=\"400\" height=\"225\" class=\"alignnone size-size-400 wp-image-29114\" srcset=\"https:\/\/www.naturalscience.org\/wp-content\/uploads\/2019\/02\/KY-Addiction-I-400x225.jpg 400w, https:\/\/www.naturalscience.org\/wp-content\/uploads\/2019\/02\/KY-Addiction-I-300x169.jpg 300w, https:\/\/www.naturalscience.org\/wp-content\/uploads\/2019\/02\/KY-Addiction-I-768x432.jpg 768w, https:\/\/www.naturalscience.org\/wp-content\/uploads\/2019\/02\/KY-Addiction-I-1024x576.jpg 1024w, https:\/\/www.naturalscience.org\/wp-content\/uploads\/2019\/02\/KY-Addiction-I-164x92.jpg 164w, https:\/\/www.naturalscience.org\/wp-content\/uploads\/2019\/02\/KY-Addiction-I-500x281.jpg 500w, https:\/\/www.naturalscience.org\/wp-content\/uploads\/2019\/02\/KY-Addiction-I.jpg 1920w\" sizes=\"auto, (max-width: 400px) 100vw, 400px\" \/><\/a><br \/>\n<strong><a href=\"https:\/\/www.naturalscience.org\/es\/publicaciones\/parte-1-la-adiccion-y-como-se-desarrolla\/\">Parte 1: La Adicci\u00f3n y C\u00f3mo se Desarrolla<\/a><\/strong><br \/>\nDr Kurosch Yazdi, MD\n<\/li>\n<li><a href=\"https:\/\/www.naturalscience.org\/es\/publicaciones\/parte-2-la-adiccion-tratamiento-y-prevencion\/\"><img loading=\"lazy\" decoding=\"async\" src=\"https:\/\/www.naturalscience.org\/wp-content\/uploads\/2019\/02\/KY-Addiction-II-E-400x225.png\" alt=\"\" width=\"400\" height=\"225\" class=\"alignnone size-size-400 wp-image-29118\" srcset=\"https:\/\/www.naturalscience.org\/wp-content\/uploads\/2019\/02\/KY-Addiction-II-E-400x225.png 400w, https:\/\/www.naturalscience.org\/wp-content\/uploads\/2019\/02\/KY-Addiction-II-E-300x169.png 300w, https:\/\/www.naturalscience.org\/wp-content\/uploads\/2019\/02\/KY-Addiction-II-E-768x432.png 768w, https:\/\/www.naturalscience.org\/wp-content\/uploads\/2019\/02\/KY-Addiction-II-E-1024x576.png 1024w, https:\/\/www.naturalscience.org\/wp-content\/uploads\/2019\/02\/KY-Addiction-II-E-164x92.png 164w, https:\/\/www.naturalscience.org\/wp-content\/uploads\/2019\/02\/KY-Addiction-II-E-500x281.png 500w, https:\/\/www.naturalscience.org\/wp-content\/uploads\/2019\/02\/KY-Addiction-II-E.png 1920w\" sizes=\"auto, (max-width: 400px) 100vw, 400px\" \/><\/a><br \/>\n<strong><a href=\"https:\/\/www.naturalscience.org\/es\/publicaciones\/parte-2-la-adiccion-tratamiento-y-prevencion\/\">Parte 2: La adicci\u00f3n\u2014Tratamiento y Prevenci\u00f3n<\/a><\/strong><br \/>\nDr Kurosch Yazdi, MD\n<\/li>\n<li><a href=\"https:\/\/www.naturalscience.org\/es\/publicaciones\/toda-la-vida-es-electromagnetica\/\"><img loading=\"lazy\" decoding=\"async\" src=\"https:\/\/www.naturalscience.org\/wp-content\/uploads\/2019\/02\/MH-Electromagnetic-400x225.jpg\" alt=\"\" width=\"400\" height=\"225\" class=\"alignnone size-size-400 wp-image-29129\" srcset=\"https:\/\/www.naturalscience.org\/wp-content\/uploads\/2019\/02\/MH-Electromagnetic-400x225.jpg 400w, https:\/\/www.naturalscience.org\/wp-content\/uploads\/2019\/02\/MH-Electromagnetic-300x169.jpg 300w, https:\/\/www.naturalscience.org\/wp-content\/uploads\/2019\/02\/MH-Electromagnetic-768x432.jpg 768w, https:\/\/www.naturalscience.org\/wp-content\/uploads\/2019\/02\/MH-Electromagnetic-1024x576.jpg 1024w, https:\/\/www.naturalscience.org\/wp-content\/uploads\/2019\/02\/MH-Electromagnetic-164x92.jpg 164w, https:\/\/www.naturalscience.org\/wp-content\/uploads\/2019\/02\/MH-Electromagnetic-500x281.jpg 500w, https:\/\/www.naturalscience.org\/wp-content\/uploads\/2019\/02\/MH-Electromagnetic.jpg 1920w\" sizes=\"auto, (max-width: 400px) 100vw, 400px\" \/><\/a><br \/>\n<strong><a href=\"https:\/\/www.naturalscience.org\/es\/publicaciones\/toda-la-vida-es-electromagnetica\/\">\u00a1Toda La Vida Es Electromagn\u00e9tica!<\/a><\/strong><br \/>\nMarcel Hofmann, MSEE\n<\/li>\n<li><a href=\"https:\/\/www.naturalscience.org\/es\/publicaciones\/agricultura-urbana-mito-o-realidad\/\"><img loading=\"lazy\" decoding=\"async\" src=\"https:\/\/www.naturalscience.org\/wp-content\/uploads\/2019\/04\/JM-Thumb-E-400x225.jpg\" alt=\"\" width=\"400\" height=\"225\" class=\"alignnone size-size-400 wp-image-29519\" srcset=\"https:\/\/www.naturalscience.org\/wp-content\/uploads\/2019\/04\/JM-Thumb-E-400x225.jpg 400w, https:\/\/www.naturalscience.org\/wp-content\/uploads\/2019\/04\/JM-Thumb-E-300x169.jpg 300w, https:\/\/www.naturalscience.org\/wp-content\/uploads\/2019\/04\/JM-Thumb-E-768x432.jpg 768w, https:\/\/www.naturalscience.org\/wp-content\/uploads\/2019\/04\/JM-Thumb-E-1024x576.jpg 1024w, https:\/\/www.naturalscience.org\/wp-content\/uploads\/2019\/04\/JM-Thumb-E-164x92.jpg 164w, https:\/\/www.naturalscience.org\/wp-content\/uploads\/2019\/04\/JM-Thumb-E-500x281.jpg 500w, https:\/\/www.naturalscience.org\/wp-content\/uploads\/2019\/04\/JM-Thumb-E.jpg 1920w\" sizes=\"auto, (max-width: 400px) 100vw, 400px\" \/><\/a><br \/>\n<strong><a href=\"https:\/\/www.naturalscience.org\/es\/publicaciones\/agricultura-urbana-mito-o-realidad\/\">Agricultura Urbana\u2014\u00bfMito o Realidad?<\/a><\/strong><br \/>\nJos\u00e9 Ernesto de Almeida Molina\n<\/li>\n<li><a href=\"https:\/\/www.naturalscience.org\/publications\/the-immoral-re-programming-of-societys-mind-by-the-smoking-industry\/\"><img loading=\"lazy\" decoding=\"async\" src=\"https:\/\/www.naturalscience.org\/wp-content\/uploads\/2019\/02\/08SmokinlongE-400x225.jpg\" alt=\"\" width=\"400\" height=\"225\" class=\"alignnone size-size-400 wp-image-29137\" srcset=\"https:\/\/www.naturalscience.org\/wp-content\/uploads\/2019\/02\/08SmokinlongE-400x225.jpg 400w, https:\/\/www.naturalscience.org\/wp-content\/uploads\/2019\/02\/08SmokinlongE-300x169.jpg 300w, https:\/\/www.naturalscience.org\/wp-content\/uploads\/2019\/02\/08SmokinlongE-768x432.jpg 768w, https:\/\/www.naturalscience.org\/wp-content\/uploads\/2019\/02\/08SmokinlongE-1024x576.jpg 1024w, https:\/\/www.naturalscience.org\/wp-content\/uploads\/2019\/02\/08SmokinlongE-164x92.jpg 164w, https:\/\/www.naturalscience.org\/wp-content\/uploads\/2019\/02\/08SmokinlongE-500x281.jpg 500w, https:\/\/www.naturalscience.org\/wp-content\/uploads\/2019\/02\/08SmokinlongE.jpg 1920w\" sizes=\"auto, (max-width: 400px) 100vw, 400px\" \/><\/a><br \/>\n<strong><a href=\"https:\/\/www.naturalscience.org\/publications\/the-immoral-re-programming-of-societys-mind-by-the-smoking-industry\/\">The Immoral \u2018Re-Programming\u2019 Of Society\u2019s Mind By The Smoking Industry<\/a><\/strong><br \/>\nDr Karl Cox, PhD\n<\/li>\n<li><a href=\"https:\/\/www.naturalscience.org\/es\/publicaciones\/las-redes-sociales-lo-son-realmente\/\"><img loading=\"lazy\" decoding=\"async\" src=\"https:\/\/www.naturalscience.org\/wp-content\/uploads\/2019\/02\/03thumblongE-400x225.jpg\" alt=\"\" width=\"400\" height=\"225\" class=\"alignnone size-size-400 wp-image-29146\" srcset=\"https:\/\/www.naturalscience.org\/wp-content\/uploads\/2019\/02\/03thumblongE-400x225.jpg 400w, https:\/\/www.naturalscience.org\/wp-content\/uploads\/2019\/02\/03thumblongE-300x169.jpg 300w, https:\/\/www.naturalscience.org\/wp-content\/uploads\/2019\/02\/03thumblongE-768x432.jpg 768w, https:\/\/www.naturalscience.org\/wp-content\/uploads\/2019\/02\/03thumblongE-1024x576.jpg 1024w, https:\/\/www.naturalscience.org\/wp-content\/uploads\/2019\/02\/03thumblongE-164x92.jpg 164w, https:\/\/www.naturalscience.org\/wp-content\/uploads\/2019\/02\/03thumblongE-500x281.jpg 500w, https:\/\/www.naturalscience.org\/wp-content\/uploads\/2019\/02\/03thumblongE.jpg 1920w\" sizes=\"auto, (max-width: 400px) 100vw, 400px\" \/><\/a><br \/>\n<strong><a href=\"https:\/\/www.naturalscience.org\/es\/publicaciones\/las-redes-sociales-lo-son-realmente\/\">Las Redes Sociales&nbsp;\u00bfLo son Realmente?<\/a><\/strong><br \/>\nDavid Seiler y Isabelle Seiler\n<\/li>\n<li><a href=\"https:\/\/www.naturalscience.org\/es\/publicaciones\/el-azucar-la-adiccion-dulce\/\"><img loading=\"lazy\" decoding=\"async\" src=\"https:\/\/www.naturalscience.org\/wp-content\/uploads\/2019\/02\/07SugarElong-1-400x225.jpg\" alt=\"\" width=\"400\" height=\"225\" class=\"alignnone size-size-400 wp-image-29156\" srcset=\"https:\/\/www.naturalscience.org\/wp-content\/uploads\/2019\/02\/07SugarElong-1-400x225.jpg 400w, https:\/\/www.naturalscience.org\/wp-content\/uploads\/2019\/02\/07SugarElong-1-300x169.jpg 300w, https:\/\/www.naturalscience.org\/wp-content\/uploads\/2019\/02\/07SugarElong-1-768x432.jpg 768w, https:\/\/www.naturalscience.org\/wp-content\/uploads\/2019\/02\/07SugarElong-1-1024x576.jpg 1024w, https:\/\/www.naturalscience.org\/wp-content\/uploads\/2019\/02\/07SugarElong-1-164x92.jpg 164w, https:\/\/www.naturalscience.org\/wp-content\/uploads\/2019\/02\/07SugarElong-1-500x281.jpg 500w, https:\/\/www.naturalscience.org\/wp-content\/uploads\/2019\/02\/07SugarElong-1.jpg 1920w\" sizes=\"auto, (max-width: 400px) 100vw, 400px\" \/><\/a><br \/>\n<strong><a href=\"https:\/\/www.naturalscience.org\/es\/publicaciones\/el-azucar-la-adiccion-dulce\/\">El Az\u00facar\u2014La Adicci\u00f3n Dulce<\/a><\/strong><br \/>\nLukas Waldmann\n<\/li>\n<\/ul>\n","protected":false},"excerpt":{"rendered":"Parte 1: La Adicci\u00f3n y C\u00f3mo se Desarrolla Dr Kurosch Yazdi, MD Parte 2: La adicci\u00f3n\u2014Tratamiento y Prevenci\u00f3n Dr Kurosch Yazdi, MD \u00a1Toda La Vida Es Electromagn\u00e9tica! Marcel Hofmann, MSEE Agricultura Urbana\u2014\u00bfMito o Realidad? Jos\u00e9 Ernesto de Almeida Molina The Immoral \u2018Re-Programming\u2019 Of Society\u2019s Mind By The Smoking Industry Dr Karl Cox, PhD Las Redes [&hellip;]","protected":false},"author":9,"featured_media":0,"parent":26393,"menu_order":103,"comment_status":"closed","ping_status":"closed","template":"page-full.php","meta":{"_acf_changed":false,"ngg_post_thumbnail":0,"footnotes":""},"categories":[],"class_list":["post-29867","page","type-page","status-publish","hentry","wpautop"],"acf":[],"yoast_head":"<!-- This site is optimized with the Yoast SEO plugin v27.6 - https:\/\/yoast.com\/product\/yoast-seo-wordpress\/ -->\n<title>Conferencias Congreso 2018 - The World Foundation for Natural Science<\/title>\n<meta name=\"robots\" content=\"index, follow, max-snippet:-1, max-image-preview:large, max-video-preview:-1\" \/>\n<link rel=\"canonical\" href=\"https:\/\/www.naturalscience.org\/es\/congreso-2018\/vea-las-presentaciones\/\" \/>\n<script type=\"application\/ld+json\" class=\"yoast-schema-graph\">{\"@context\":\"https:\\\/\\\/schema.org\",\"@graph\":[{\"@type\":\"WebPage\",\"@id\":\"https:\\\/\\\/www.naturalscience.org\\\/es\\\/congreso-2018\\\/vea-las-presentaciones\\\/\",\"url\":\"https:\\\/\\\/www.naturalscience.org\\\/es\\\/congreso-2018\\\/vea-las-presentaciones\\\/\",\"name\":\"Conferencias Congreso 2018 - The World Foundation for Natural Science\",\"isPartOf\":{\"@id\":\"https:\\\/\\\/www.naturalscience.org\\\/#website\"},\"primaryImageOfPage\":{\"@id\":\"https:\\\/\\\/www.naturalscience.org\\\/es\\\/congreso-2018\\\/vea-las-presentaciones\\\/#primaryimage\"},\"image\":{\"@id\":\"https:\\\/\\\/www.naturalscience.org\\\/es\\\/congreso-2018\\\/vea-las-presentaciones\\\/#primaryimage\"},\"thumbnailUrl\":\"https:\\\/\\\/www.naturalscience.org\\\/wp-content\\\/uploads\\\/2019\\\/02\\\/KY-Addiction-I-400x225.jpg\",\"datePublished\":\"2019-04-29T20:22:37+00:00\",\"dateModified\":\"2020-05-10T11:58:26+00:00\",\"breadcrumb\":{\"@id\":\"https:\\\/\\\/www.naturalscience.org\\\/es\\\/congreso-2018\\\/vea-las-presentaciones\\\/#breadcrumb\"},\"inLanguage\":\"es\",\"potentialAction\":[{\"@type\":\"ReadAction\",\"target\":[\"https:\\\/\\\/www.naturalscience.org\\\/es\\\/congreso-2018\\\/vea-las-presentaciones\\\/\"]}]},{\"@type\":\"ImageObject\",\"inLanguage\":\"es\",\"@id\":\"https:\\\/\\\/www.naturalscience.org\\\/es\\\/congreso-2018\\\/vea-las-presentaciones\\\/#primaryimage\",\"url\":\"https:\\\/\\\/www.naturalscience.org\\\/wp-content\\\/uploads\\\/2019\\\/02\\\/KY-Addiction-I-400x225.jpg\",\"contentUrl\":\"https:\\\/\\\/www.naturalscience.org\\\/wp-content\\\/uploads\\\/2019\\\/02\\\/KY-Addiction-I-400x225.jpg\"},{\"@type\":\"BreadcrumbList\",\"@id\":\"https:\\\/\\\/www.naturalscience.org\\\/es\\\/congreso-2018\\\/vea-las-presentaciones\\\/#breadcrumb\",\"itemListElement\":[{\"@type\":\"ListItem\",\"position\":1,\"name\":\"Home\",\"item\":\"https:\\\/\\\/www.naturalscience.org\\\/es\\\/\"},{\"@type\":\"ListItem\",\"position\":2,\"name\":\"23\u00b0 Congreso Mundial Internacional \u201cNuevas Perspectivas Cient\u00edficas\u201d\",\"item\":\"https:\\\/\\\/www.naturalscience.org\\\/es\\\/congreso-2018\\\/\"},{\"@type\":\"ListItem\",\"position\":3,\"name\":\"Conferencias Congreso 2018\"}]},{\"@type\":\"WebSite\",\"@id\":\"https:\\\/\\\/www.naturalscience.org\\\/#website\",\"url\":\"https:\\\/\\\/www.naturalscience.org\\\/\",\"name\":\"The World Foundation for Natural Science\",\"description\":\"Restoring and Healing the World through Responsibility and Commitment in accord with Natural and Divine Law!\",\"potentialAction\":[{\"@type\":\"SearchAction\",\"target\":{\"@type\":\"EntryPoint\",\"urlTemplate\":\"https:\\\/\\\/www.naturalscience.org\\\/?s={search_term_string}\"},\"query-input\":{\"@type\":\"PropertyValueSpecification\",\"valueRequired\":true,\"valueName\":\"search_term_string\"}}],\"inLanguage\":\"es\"}]}<\/script>\n<!-- \/ Yoast SEO plugin. -->","yoast_head_json":{"title":"Conferencias Congreso 2018 - The World Foundation for Natural Science","robots":{"index":"index","follow":"follow","max-snippet":"max-snippet:-1","max-image-preview":"max-image-preview:large","max-video-preview":"max-video-preview:-1"},"canonical":"https:\/\/www.naturalscience.org\/es\/congreso-2018\/vea-las-presentaciones\/","schema":{"@context":"https:\/\/schema.org","@graph":[{"@type":"WebPage","@id":"https:\/\/www.naturalscience.org\/es\/congreso-2018\/vea-las-presentaciones\/","url":"https:\/\/www.naturalscience.org\/es\/congreso-2018\/vea-las-presentaciones\/","name":"Conferencias Congreso 2018 - The World Foundation for Natural Science","isPartOf":{"@id":"https:\/\/www.naturalscience.org\/#website"},"primaryImageOfPage":{"@id":"https:\/\/www.naturalscience.org\/es\/congreso-2018\/vea-las-presentaciones\/#primaryimage"},"image":{"@id":"https:\/\/www.naturalscience.org\/es\/congreso-2018\/vea-las-presentaciones\/#primaryimage"},"thumbnailUrl":"https:\/\/www.naturalscience.org\/wp-content\/uploads\/2019\/02\/KY-Addiction-I-400x225.jpg","datePublished":"2019-04-29T20:22:37+00:00","dateModified":"2020-05-10T11:58:26+00:00","breadcrumb":{"@id":"https:\/\/www.naturalscience.org\/es\/congreso-2018\/vea-las-presentaciones\/#breadcrumb"},"inLanguage":"es","potentialAction":[{"@type":"ReadAction","target":["https:\/\/www.naturalscience.org\/es\/congreso-2018\/vea-las-presentaciones\/"]}]},{"@type":"ImageObject","inLanguage":"es","@id":"https:\/\/www.naturalscience.org\/es\/congreso-2018\/vea-las-presentaciones\/#primaryimage","url":"https:\/\/www.naturalscience.org\/wp-content\/uploads\/2019\/02\/KY-Addiction-I-400x225.jpg","contentUrl":"https:\/\/www.naturalscience.org\/wp-content\/uploads\/2019\/02\/KY-Addiction-I-400x225.jpg"},{"@type":"BreadcrumbList","@id":"https:\/\/www.naturalscience.org\/es\/congreso-2018\/vea-las-presentaciones\/#breadcrumb","itemListElement":[{"@type":"ListItem","position":1,"name":"Home","item":"https:\/\/www.naturalscience.org\/es\/"},{"@type":"ListItem","position":2,"name":"23\u00b0 Congreso Mundial Internacional \u201cNuevas Perspectivas Cient\u00edficas\u201d","item":"https:\/\/www.naturalscience.org\/es\/congreso-2018\/"},{"@type":"ListItem","position":3,"name":"Conferencias Congreso 2018"}]},{"@type":"WebSite","@id":"https:\/\/www.naturalscience.org\/#website","url":"https:\/\/www.naturalscience.org\/","name":"The World Foundation for Natural Science","description":"Restoring and Healing the World through Responsibility and Commitment in accord with Natural and Divine Law!","potentialAction":[{"@type":"SearchAction","target":{"@type":"EntryPoint","urlTemplate":"https:\/\/www.naturalscience.org\/?s={search_term_string}"},"query-input":{"@type":"PropertyValueSpecification","valueRequired":true,"valueName":"search_term_string"}}],"inLanguage":"es"}]}},"_links":{"self":[{"href":"https:\/\/www.naturalscience.org\/es\/wp-json\/wp\/v2\/pages\/29867","targetHints":{"allow":["GET"]}}],"collection":[{"href":"https:\/\/www.naturalscience.org\/es\/wp-json\/wp\/v2\/pages"}],"about":[{"href":"https:\/\/www.naturalscience.org\/es\/wp-json\/wp\/v2\/types\/page"}],"author":[{"embeddable":true,"href":"https:\/\/www.naturalscience.org\/es\/wp-json\/wp\/v2\/users\/9"}],"replies":[{"embeddable":true,"href":"https:\/\/www.naturalscience.org\/es\/wp-json\/wp\/v2\/comments?post=29867"}],"version-history":[{"count":5,"href":"https:\/\/www.naturalscience.org\/es\/wp-json\/wp\/v2\/pages\/29867\/revisions"}],"predecessor-version":[{"id":33135,"href":"https:\/\/www.naturalscience.org\/es\/wp-json\/wp\/v2\/pages\/29867\/revisions\/33135"}],"up":[{"embeddable":true,"href":"https:\/\/www.naturalscience.org\/es\/wp-json\/wp\/v2\/pages\/26393"}],"wp:attachment":[{"href":"https:\/\/www.naturalscience.org\/es\/wp-json\/wp\/v2\/media?parent=29867"}],"wp:term":[{"taxonomy":"category","embeddable":true,"href":"https:\/\/www.naturalscience.org\/es\/wp-json\/wp\/v2\/categories?post=29867"}],"curies":[{"name":"wp","href":"https:\/\/api.w.org\/{rel}","templated":true}]}}