{"id":29304,"date":"2019-03-10T17:36:35","date_gmt":"2019-03-10T16:36:35","guid":{"rendered":"https:\/\/www.naturalscience.org\/?page_id=29304"},"modified":"2019-03-10T17:38:59","modified_gmt":"2019-03-10T16:38:59","slug":"5g","status":"publish","type":"page","link":"https:\/\/www.naturalscience.org\/es\/temas\/microondas-y-comunicaciones-moviles\/5g\/","title":{"rendered":"5G"},"content":{"rendered":"<p>El est\u00e1ndar inal\u00e1mbrico de quinta generaci\u00f3n (5G) est\u00e1 en boca de todos: las enormes bandas anchas, el acceso a Internet de alta velocidad, la interconexi\u00f3n de decenas de miles de millones de dispositivos en todo el mundo \u2013 \u00e9stas son s\u00f3lo algunas de las palabras de moda en los medios de comunicaci\u00f3n. Sin embargo no hay ning\u00fan comentario respecto a los efectos negativos en los humanos y la naturaleza. Se menciona con frecuencia que la poblaci\u00f3n est\u00e1 protegida gracias a los actuales valores umbrales \u201cestrictos\u201d.  Pero, como lo prueban incontables estudios, se mantiene en secreto que la radiaci\u00f3n inal\u00e1mbrica puede perjudicar  seriamente a la salud y producir dolores de cabeza, falta de energ\u00eda, tinnitus y hasta c\u00e1ncer. Incluso la Organizaci\u00f3n Mundial de la Salud (OMS) clasific\u00f3 la radiaci\u00f3n m\u00f3vil como categor\u00eda 2B \u201cpotencialmente cancer\u00edgena\u201d.<\/p>\n<p>La 5G no reemplaza la tecnolog\u00eda inal\u00e1mbrica m\u00e1s antigua sino que la complementa. Las frecuencias m\u00e1s elevadas representan que los obst\u00e1culos ya no pueden ser f\u00e1cilmente penetrados por la radiaci\u00f3n, lo que da como resultado en un enorme  incremento de la cantidad de antenas. Mientras que usted puede apagar su propio tel\u00e9fono inteligente en cualquier momento, esto no es posible con las antenas: \u00e9stas irradian 24 horas al d\u00eda, 365 d\u00edas al a\u00f1o.&nbsp;\u00a1De modo que la exposici\u00f3n a la radiaci\u00f3n se incrementa en forma masiva! <\/p>\n<p>Existen buenas razones del porqu\u00e9 los gobiernos dif\u00edcilmente abogan por valores limite m\u00e1s restrictivos: la 5G es un precursor para el Internet de las Cosas (donde 100 mil millones de dispositivos terminales a nivel mundial, desde refrigeradores hasta autom\u00f3viles estar\u00e1n interconectados) y as\u00ed tambi\u00e9n es una forma de vigilancia a las personas en todo momento. Por \u00faltimo pero no menos importante, la 5G tambi\u00e9n aporta  una bendici\u00f3n monetaria. Gracias a la subasta de la nuevas bandas de frecuencia para las empresas de telecomunicaciones interesadas, millones o incluso miles de millones de dolares fluyen a las arcas del gobierno.<\/p>\n<p>Tambi\u00e9n existe un gran silencio respecto a qui\u00e9n quiere la 5G en lo m\u00e1s m\u00ednimo:&nbsp;\u00bfEs realmente el p\u00fablico en general?&nbsp;\u00bfO es un problema buscando crear una nueva necesidad la cual traer\u00e1 a la industria miles de millones en ganancias durante las d\u00e9cadas venideras?<\/p>\n\n\n","protected":false},"excerpt":{"rendered":"El est\u00e1ndar inal\u00e1mbrico de quinta generaci\u00f3n (5G) est\u00e1 en boca de todos: las enormes bandas anchas, el acceso a Internet de alta velocidad, la interconexi\u00f3n de decenas de miles de millones de dispositivos en todo el mundo \u2013 \u00e9stas son s\u00f3lo algunas de las palabras de moda en los medios de comunicaci\u00f3n. Sin embargo no [&hellip;]","protected":false},"author":9,"featured_media":0,"parent":15198,"menu_order":2,"comment_status":"closed","ping_status":"closed","template":"","meta":{"_acf_changed":false,"ngg_post_thumbnail":0,"footnotes":""},"categories":[487,174],"class_list":["post-29304","page","type-page","status-publish","hentry","category-5g","category-microondas-y-comunicaciones-moviles","wpautop"],"acf":[],"yoast_head":"<!-- This site is optimized with the Yoast SEO plugin v27.5 - https:\/\/yoast.com\/product\/yoast-seo-wordpress\/ -->\n<title>5G - The World Foundation for Natural Science<\/title>\n<meta name=\"robots\" content=\"index, follow, max-snippet:-1, max-image-preview:large, max-video-preview:-1\" \/>\n<link rel=\"canonical\" href=\"https:\/\/www.naturalscience.org\/es\/temas\/microondas-y-comunicaciones-moviles\/5g\/\" \/>\n<meta name=\"twitter:label1\" content=\"Tiempo de lectura\" \/>\n\t<meta name=\"twitter:data1\" content=\"2 minutos\" \/>\n<script type=\"application\/ld+json\" class=\"yoast-schema-graph\">{\"@context\":\"https:\\\/\\\/schema.org\",\"@graph\":[{\"@type\":\"WebPage\",\"@id\":\"https:\\\/\\\/www.naturalscience.org\\\/es\\\/temas\\\/microondas-y-comunicaciones-moviles\\\/5g\\\/\",\"url\":\"https:\\\/\\\/www.naturalscience.org\\\/es\\\/temas\\\/microondas-y-comunicaciones-moviles\\\/5g\\\/\",\"name\":\"5G - The World Foundation for Natural Science\",\"isPartOf\":{\"@id\":\"https:\\\/\\\/www.naturalscience.org\\\/#website\"},\"datePublished\":\"2019-03-10T16:36:35+00:00\",\"dateModified\":\"2019-03-10T16:38:59+00:00\",\"breadcrumb\":{\"@id\":\"https:\\\/\\\/www.naturalscience.org\\\/es\\\/temas\\\/microondas-y-comunicaciones-moviles\\\/5g\\\/#breadcrumb\"},\"inLanguage\":\"es\",\"potentialAction\":[{\"@type\":\"ReadAction\",\"target\":[\"https:\\\/\\\/www.naturalscience.org\\\/es\\\/temas\\\/microondas-y-comunicaciones-moviles\\\/5g\\\/\"]}]},{\"@type\":\"BreadcrumbList\",\"@id\":\"https:\\\/\\\/www.naturalscience.org\\\/es\\\/temas\\\/microondas-y-comunicaciones-moviles\\\/5g\\\/#breadcrumb\",\"itemListElement\":[{\"@type\":\"ListItem\",\"position\":1,\"name\":\"Home\",\"item\":\"https:\\\/\\\/www.naturalscience.org\\\/es\\\/\"},{\"@type\":\"ListItem\",\"position\":2,\"name\":\"Temas\",\"item\":\"https:\\\/\\\/www.naturalscience.org\\\/es\\\/temas\\\/\"},{\"@type\":\"ListItem\",\"position\":3,\"name\":\"Microondas y Comunicaciones m\u00f3viles\",\"item\":\"https:\\\/\\\/www.naturalscience.org\\\/es\\\/temas\\\/microondas-y-comunicaciones-moviles\\\/\"},{\"@type\":\"ListItem\",\"position\":4,\"name\":\"5G\"}]},{\"@type\":\"WebSite\",\"@id\":\"https:\\\/\\\/www.naturalscience.org\\\/#website\",\"url\":\"https:\\\/\\\/www.naturalscience.org\\\/\",\"name\":\"The World Foundation for Natural Science\",\"description\":\"Restoring and Healing the World through Responsibility and Commitment in accord with Natural and Divine Law!\",\"potentialAction\":[{\"@type\":\"SearchAction\",\"target\":{\"@type\":\"EntryPoint\",\"urlTemplate\":\"https:\\\/\\\/www.naturalscience.org\\\/?s={search_term_string}\"},\"query-input\":{\"@type\":\"PropertyValueSpecification\",\"valueRequired\":true,\"valueName\":\"search_term_string\"}}],\"inLanguage\":\"es\"}]}<\/script>\n<!-- \/ Yoast SEO plugin. -->","yoast_head_json":{"title":"5G - The World Foundation for Natural Science","robots":{"index":"index","follow":"follow","max-snippet":"max-snippet:-1","max-image-preview":"max-image-preview:large","max-video-preview":"max-video-preview:-1"},"canonical":"https:\/\/www.naturalscience.org\/es\/temas\/microondas-y-comunicaciones-moviles\/5g\/","twitter_misc":{"Tiempo de lectura":"2 minutos"},"schema":{"@context":"https:\/\/schema.org","@graph":[{"@type":"WebPage","@id":"https:\/\/www.naturalscience.org\/es\/temas\/microondas-y-comunicaciones-moviles\/5g\/","url":"https:\/\/www.naturalscience.org\/es\/temas\/microondas-y-comunicaciones-moviles\/5g\/","name":"5G - The World Foundation for Natural Science","isPartOf":{"@id":"https:\/\/www.naturalscience.org\/#website"},"datePublished":"2019-03-10T16:36:35+00:00","dateModified":"2019-03-10T16:38:59+00:00","breadcrumb":{"@id":"https:\/\/www.naturalscience.org\/es\/temas\/microondas-y-comunicaciones-moviles\/5g\/#breadcrumb"},"inLanguage":"es","potentialAction":[{"@type":"ReadAction","target":["https:\/\/www.naturalscience.org\/es\/temas\/microondas-y-comunicaciones-moviles\/5g\/"]}]},{"@type":"BreadcrumbList","@id":"https:\/\/www.naturalscience.org\/es\/temas\/microondas-y-comunicaciones-moviles\/5g\/#breadcrumb","itemListElement":[{"@type":"ListItem","position":1,"name":"Home","item":"https:\/\/www.naturalscience.org\/es\/"},{"@type":"ListItem","position":2,"name":"Temas","item":"https:\/\/www.naturalscience.org\/es\/temas\/"},{"@type":"ListItem","position":3,"name":"Microondas y Comunicaciones m\u00f3viles","item":"https:\/\/www.naturalscience.org\/es\/temas\/microondas-y-comunicaciones-moviles\/"},{"@type":"ListItem","position":4,"name":"5G"}]},{"@type":"WebSite","@id":"https:\/\/www.naturalscience.org\/#website","url":"https:\/\/www.naturalscience.org\/","name":"The World Foundation for Natural Science","description":"Restoring and Healing the World through Responsibility and Commitment in accord with Natural and Divine Law!","potentialAction":[{"@type":"SearchAction","target":{"@type":"EntryPoint","urlTemplate":"https:\/\/www.naturalscience.org\/?s={search_term_string}"},"query-input":{"@type":"PropertyValueSpecification","valueRequired":true,"valueName":"search_term_string"}}],"inLanguage":"es"}]}},"_links":{"self":[{"href":"https:\/\/www.naturalscience.org\/es\/wp-json\/wp\/v2\/pages\/29304","targetHints":{"allow":["GET"]}}],"collection":[{"href":"https:\/\/www.naturalscience.org\/es\/wp-json\/wp\/v2\/pages"}],"about":[{"href":"https:\/\/www.naturalscience.org\/es\/wp-json\/wp\/v2\/types\/page"}],"author":[{"embeddable":true,"href":"https:\/\/www.naturalscience.org\/es\/wp-json\/wp\/v2\/users\/9"}],"replies":[{"embeddable":true,"href":"https:\/\/www.naturalscience.org\/es\/wp-json\/wp\/v2\/comments?post=29304"}],"version-history":[{"count":1,"href":"https:\/\/www.naturalscience.org\/es\/wp-json\/wp\/v2\/pages\/29304\/revisions"}],"predecessor-version":[{"id":29305,"href":"https:\/\/www.naturalscience.org\/es\/wp-json\/wp\/v2\/pages\/29304\/revisions\/29305"}],"up":[{"embeddable":true,"href":"https:\/\/www.naturalscience.org\/es\/wp-json\/wp\/v2\/pages\/15198"}],"wp:attachment":[{"href":"https:\/\/www.naturalscience.org\/es\/wp-json\/wp\/v2\/media?parent=29304"}],"wp:term":[{"taxonomy":"category","embeddable":true,"href":"https:\/\/www.naturalscience.org\/es\/wp-json\/wp\/v2\/categories?post=29304"}],"curies":[{"name":"wp","href":"https:\/\/api.w.org\/{rel}","templated":true}]}}