{"id":20961,"date":"2016-06-26T15:00:47","date_gmt":"2016-06-26T13:00:47","guid":{"rendered":"http:\/\/www.naturalscience.org\/es\/?page_id=20961"},"modified":"2017-09-24T17:52:15","modified_gmt":"2017-09-24T15:52:15","slug":"presentaciones","status":"publish","type":"page","link":"https:\/\/www.naturalscience.org\/es\/congreso-2016\/presentaciones\/","title":{"rendered":"Conferencias y ponentes"},"content":{"rendered":"<div class=\"row\">\n<div class=\"small-24 columns\">\n<div class=\"title-box\">\n<h2>\u00a1Usted es un genio!<\/h2>\n<div class=\"subtitle\">Los m\u00e1s recientes hallazgos de la investigaci\u00f3n del cerebro estimulan su materia gris hacia nuevas alturas<\/div>\n<\/div>\n<p><img loading=\"lazy\" decoding=\"async\" class=\"alignleft size-size-400 wp-image-21736\" src=\"https:\/\/www.naturalscience.org\/wp-content\/uploads\/2016\/06\/brain-400x247.jpg\" alt=\"brain\" width=\"400\" height=\"247\" srcset=\"https:\/\/www.naturalscience.org\/wp-content\/uploads\/2016\/06\/brain-400x247.jpg 400w, https:\/\/www.naturalscience.org\/wp-content\/uploads\/2016\/06\/brain-300x186.jpg 300w, https:\/\/www.naturalscience.org\/wp-content\/uploads\/2016\/06\/brain-768x475.jpg 768w, https:\/\/www.naturalscience.org\/wp-content\/uploads\/2016\/06\/brain-164x101.jpg 164w, https:\/\/www.naturalscience.org\/wp-content\/uploads\/2016\/06\/brain-500x309.jpg 500w, https:\/\/www.naturalscience.org\/wp-content\/uploads\/2016\/06\/brain.jpg 970w\" sizes=\"auto, (max-width: 400px) 100vw, 400px\" \/><\/p>\n<p>Usted naci\u00f3 inteligente o quiz\u00e1s apenas un poco brillante, pero,&nbsp;\u00bfes as\u00ed por el resto de su vida?&nbsp;\u00a1Respuesta equivocada! A partir del campo de la neuroplasticidad, una fascinante \u00e1rea de la neurobiolog\u00eda, se sabe que las sinapsis, las c\u00e9lulas nerviosas, incluso \u00e1reas completas del cerebro pueden continuamente cambiar su funci\u00f3n y su anatom\u00eda dependiendo de c\u00f3mo sean usadas durante toda la vida. Con el aprendizaje por visualizaci\u00f3n y estrategias de pensamiento como el Flujo de Im\u00e1genes cada uno puede convertirse en un Einstein.&nbsp;\u00a1Avance hacia nuevas esferas en este taller de tres partes!<br \/>\n<span style=\"color: #000080;\"><strong>Dietmar R. Schumann<\/strong>, Asesor Principal, Entrenador y Preparador certificado en la \u201cMetodolog\u00eda de Flujo de Im\u00e1genes\u201d<br \/>\n<\/span><\/p>\n<\/div>\n<\/div>\n<p>&nbsp;<\/p>\n<div class=\"row\">\n<div class=\"small-24 columns\">\n<div class=\"title-box\">\n<h2>S\u00edndrome psicol\u00f3gico e intestinal (GAP)<\/h2>\n<div class=\"subtitle\">Intestino sano, gente sana<\/div>\n<\/div>\n<div id=\"attachment_19990\" style=\"width: 400px\" class=\"wp-caption alignleft\"><img loading=\"lazy\" decoding=\"async\" aria-describedby=\"caption-attachment-19990\" class=\"wp-image-19990 size-size-400\" src=\"https:\/\/www.naturalscience.org\/wp-content\/uploads\/2016\/06\/gap-400x248.jpg\" width=\"400\" height=\"248\" srcset=\"https:\/\/www.naturalscience.org\/wp-content\/uploads\/2016\/06\/gap-400x248.jpg 400w, https:\/\/www.naturalscience.org\/wp-content\/uploads\/2016\/06\/gap-300x186.jpg 300w, https:\/\/www.naturalscience.org\/wp-content\/uploads\/2016\/06\/gap-768x476.jpg 768w, https:\/\/www.naturalscience.org\/wp-content\/uploads\/2016\/06\/gap-164x102.jpg 164w, https:\/\/www.naturalscience.org\/wp-content\/uploads\/2016\/06\/gap-500x310.jpg 500w, https:\/\/www.naturalscience.org\/wp-content\/uploads\/2016\/06\/gap.jpg 970w\" sizes=\"auto, (max-width: 400px) 100vw, 400px\" \/><p id=\"caption-attachment-19990\" class=\"wp-caption-text\">Seg\u00fan un proverbio asi\u00e1tico el intestino es la puerta a la vida.<\/p><\/div>\n<p>Vivimos en un mundo de diseminaci\u00f3n de epidemias de enfermedades f\u00edsicas y mentales. Autismo, TDAH y otros problemas de aprendizaje, esquizofrenia, depresi\u00f3n, dislexia, trastorno obsesivo compulsivo y otras enfermedades mentales, problemas autoinmunes, alergias, asma, s\u00edndrome de fatiga cr\u00f3nica y muchas otras condiciones f\u00edsicas son cada vez m\u00e1s comunes.&nbsp;\u00bfPor qu\u00e9 est\u00e1 pasando esto? La Dra. Natasha Campbell McBride hablar\u00e1 acerca de la causa ra\u00edz de todas estas epidemias: El s\u00edndrome psicol\u00f3gico e intestinal (GAPS), por sus siglas en ingles que significa s\u00edndrome intestino y psicolog\u00edco. Ella explicar\u00e1 en su conferencia qu\u00e9 es el s\u00edndrome psicol\u00f3gico e intestinal y c\u00f3mo tratarlo con un protocolo nutricional saludable, basado en el sentido com\u00fan y las tradiciones diet\u00e9ticas, utilizados por personas de todo el mundo durante miles de a\u00f1os.<br \/>\n<span style=\"color: #000080;\"><strong>Dra. Natasha Campbell-McBride M\u00e9dica, Master en Ciencia M\u00e9dica (neurog\u00eda, nutrici\u00f3n)<\/strong>, Cambridge, Inglaterra<\/span><\/p>\n<\/div>\n<\/div>\n<p>&nbsp;<\/p>\n<div class=\"row\">\n<div class=\"small-24 columns\">\n<div class=\"title-box\">\n<h2>\u00bfEl ataque cardiaco debido a las&nbsp;\u00abgrasas malas\u00bb?<\/h2>\n<div class=\"subtitle\">La verdadera causa del ataque cardiaco, la arteriosclerosis y la hipertensi\u00f3n<\/div>\n<\/div>\n<div id=\"attachment_19991\" style=\"width: 400px\" class=\"wp-caption alignleft\"><img loading=\"lazy\" decoding=\"async\" aria-describedby=\"caption-attachment-19991\" class=\"wp-image-19991 size-size-400\" src=\"https:\/\/www.naturalscience.org\/wp-content\/uploads\/2016\/06\/heart-400x247.jpg\" width=\"400\" height=\"247\" srcset=\"https:\/\/www.naturalscience.org\/wp-content\/uploads\/2016\/06\/heart-400x247.jpg 400w, https:\/\/www.naturalscience.org\/wp-content\/uploads\/2016\/06\/heart-300x186.jpg 300w, https:\/\/www.naturalscience.org\/wp-content\/uploads\/2016\/06\/heart-768x475.jpg 768w, https:\/\/www.naturalscience.org\/wp-content\/uploads\/2016\/06\/heart-164x101.jpg 164w, https:\/\/www.naturalscience.org\/wp-content\/uploads\/2016\/06\/heart-500x309.jpg 500w, https:\/\/www.naturalscience.org\/wp-content\/uploads\/2016\/06\/heart.jpg 970w\" sizes=\"auto, (max-width: 400px) 100vw, 400px\" \/><p id=\"caption-attachment-19991\" class=\"wp-caption-text\">Anualmente, en todo el mundo mueren m\u00e1s de 17 millones de personas por enfermedades cardiovasculares.<\/p><\/div>\n<p>Muchos factores de riesgo han sido identificados, que se cree contribuyen al desarrollo de la arteriosclerosis y la enfermedad cardiovascular. Sin embargo, qu\u00e9 sabe la mayor\u00eda de la gente sobre el colesterol y las grasas en la dieta. Hemos estado librando una guerra contra el colesterol y las grasas en los \u00faltimos 40 o 50 a\u00f1os. A pesar de todo, la gente en el mundo occidental tiene tantos ataques cardiacos y accidentes cerebrovasculares como antes, a pesar de seguir las dietas \u201csaludables para el coraz\u00f3n.\u201d&nbsp;\u00bfPor lo tanto, estamos haciendo algo mal? La Dra. Natasha Campbell McBride hablar\u00e1 de lo que realmente es la enfermedad cardiaca, su causa, c\u00f3mo se desarrolla y que tiene que ver la nutrici\u00f3n con esta.<br \/>\n<span style=\"color: #000080;\"><strong>Dra. Natasha Campbell-McBride M\u00e9dica, Master en Ciencia M\u00e9dica (neurog\u00eda, nutrici\u00f3n)<\/strong>, Cambridge, Inglaterra<\/span><\/p>\n<\/div>\n<\/div>\n<p>&nbsp;<\/p>\n<div class=\"row\">\n<div class=\"small-24 columns\">\n<div class=\"title-box\">\n<h2>La ley c\u00f3smica determina la composici\u00f3n de la colmena de abejas<\/h2>\n<div class=\"subtitle\">y como el hombre perjudica este proceso con la radiaci\u00f3n de microondas<\/div>\n<\/div>\n<div id=\"attachment_19987\" style=\"width: 400px\" class=\"wp-caption alignleft\"><img loading=\"lazy\" decoding=\"async\" aria-describedby=\"caption-attachment-19987\" class=\"wp-image-19987 size-size-400\" src=\"https:\/\/www.naturalscience.org\/wp-content\/uploads\/2016\/06\/bees-400x247.jpg\" width=\"400\" height=\"247\" srcset=\"https:\/\/www.naturalscience.org\/wp-content\/uploads\/2016\/06\/bees-400x247.jpg 400w, https:\/\/www.naturalscience.org\/wp-content\/uploads\/2016\/06\/bees-300x186.jpg 300w, https:\/\/www.naturalscience.org\/wp-content\/uploads\/2016\/06\/bees-768x475.jpg 768w, https:\/\/www.naturalscience.org\/wp-content\/uploads\/2016\/06\/bees-164x101.jpg 164w, https:\/\/www.naturalscience.org\/wp-content\/uploads\/2016\/06\/bees-500x309.jpg 500w, https:\/\/www.naturalscience.org\/wp-content\/uploads\/2016\/06\/bees.jpg 970w\" sizes=\"auto, (max-width: 400px) 100vw, 400px\" \/><p id=\"caption-attachment-19987\" class=\"wp-caption-text\">La simetr\u00eda perfecta del panal de abejas no es un accidente.<\/p><\/div>\n<p>Los pesticidas, la disminuci\u00f3n de la biodiversidad, los par\u00e1sitos, etc\u00e9tera est\u00e1n siendo se\u00f1alados como las razones de la desaparici\u00f3n en todo el mundo de las abejas mientras que los efectos desastrosos de las microondas sobre las abejas son ampliamente ignorados. El bi\u00f3logo Daniel Favre explica a partir de sus propios resultados de investigaci\u00f3n por qu\u00e9 las abejas son perturbadas por la comunicaci\u00f3n m\u00f3vil. El tambi\u00e9n mostrar\u00e1, que estos fascinantes animales altamente inteligentes construyen su colmena al seguir reglas matem\u00e1ticas expl\u00edcitas y no al azar &#8211; y que una ley c\u00f3smica puede ser reconocida en estos planes de construcci\u00f3n.<br \/>\n<span style=\"color: #000080;\"><strong>Daniel Favre, Dr. Filosof\u00eda Nat.<\/strong>, Brent, Suiza<\/span><\/p>\n<\/div>\n<\/div>\n<p>&nbsp;<\/p>\n<div class=\"row\">\n<div class=\"small-24 columns\">\n<div class=\"title-box\">\n<h2>El colesterol \u2013&nbsp;\u00bfAmigo o demonio?<\/h2>\n<div class=\"subtitle\">El fin del mito del colesterol&nbsp;\u00abbueno\u00bb y&nbsp;\u00abmalo\u00bb<br \/>\ny la alternativa segura a los productos farmac\u00e9uticos perjudiciales.<\/div>\n<\/div>\n<div id=\"attachment_19988\" style=\"width: 400px\" class=\"wp-caption alignleft\"><img loading=\"lazy\" decoding=\"async\" aria-describedby=\"caption-attachment-19988\" class=\"wp-image-19988 size-size-400\" src=\"https:\/\/www.naturalscience.org\/wp-content\/uploads\/2016\/06\/cholesterol-400x248.jpg\" width=\"400\" height=\"248\" srcset=\"https:\/\/www.naturalscience.org\/wp-content\/uploads\/2016\/06\/cholesterol-400x248.jpg 400w, https:\/\/www.naturalscience.org\/wp-content\/uploads\/2016\/06\/cholesterol-300x186.jpg 300w, https:\/\/www.naturalscience.org\/wp-content\/uploads\/2016\/06\/cholesterol-768x476.jpg 768w, https:\/\/www.naturalscience.org\/wp-content\/uploads\/2016\/06\/cholesterol-164x102.jpg 164w, https:\/\/www.naturalscience.org\/wp-content\/uploads\/2016\/06\/cholesterol-500x310.jpg 500w, https:\/\/www.naturalscience.org\/wp-content\/uploads\/2016\/06\/cholesterol.jpg 970w\" sizes=\"auto, (max-width: 400px) 100vw, 400px\" \/><p id=\"caption-attachment-19988\" class=\"wp-caption-text\">En el 2014 la industria farmac\u00e9utica mundialmente obtuvo ganancias por 17.800 millones de d\u00f3lares por las ventas de reductores del colesterol.<\/p><\/div>\n<p>Durante d\u00e9cadas, la industria, los medios de comunicaci\u00f3n y comunidad m\u00e9dica han presentado al colesterol como la \u00fanica causa de la arteriosclerosis y as\u00ed como la principal raz\u00f3n de las enfermedades cardiovasculares &#8211; en el Mundo occidental la causa n\u00famero uno de muerte. Mientras enormes ganancias son cosechadas con los reductores de colesterol farmac\u00e9uticos la poblaci\u00f3n no es ni informada sobre los peligrosos efectos secundarios de estos medicamentos, ni sobre el papel indispensable del colesterol para la salud. Adem\u00e1s, la ciencia todav\u00eda no ha aparecido con la prueba de la eficacia de los reductores de colesterol qu\u00edmicos. Ya es hora de establecer los hechos correctos. Le mostraremos c\u00f3mo usted mismo puede equilibrar su nivel de colesterol con alimentos naturales y saludables \u2013 y como de esta manera puede practicar todos los aspectos de la prevenci\u00f3n, no s\u00f3lo para su coraz\u00f3n,&nbsp;\u00a1sino para todo el cuerpo!<br \/>\n<span style=\"color: #000080;\"><strong>Lukas Waldmann, Natur\u00f3pata<\/strong>, Rotkreuz, Suiza<\/span><\/p>\n<\/div>\n<\/div>\n<p>&nbsp;<\/p>\n<div class=\"row\">\n<div class=\"small-24 columns\">\n<div class=\"title-box\">\n<h2>Los gliconutrientes<\/h2>\n<div class=\"subtitle\">Los subestimados nutrientes celulares<\/div>\n<\/div>\n<div id=\"attachment_20878\" style=\"width: 400px\" class=\"wp-caption alignleft\"><img loading=\"lazy\" decoding=\"async\" aria-describedby=\"caption-attachment-20878\" class=\"wp-image-20878 size-size-400\" src=\"https:\/\/www.naturalscience.org\/wp-content\/uploads\/2016\/06\/glyco-400x248.jpg\" width=\"400\" height=\"248\" srcset=\"https:\/\/www.naturalscience.org\/wp-content\/uploads\/2016\/06\/glyco-400x248.jpg 400w, https:\/\/www.naturalscience.org\/wp-content\/uploads\/2016\/06\/glyco-300x186.jpg 300w, https:\/\/www.naturalscience.org\/wp-content\/uploads\/2016\/06\/glyco-768x476.jpg 768w, https:\/\/www.naturalscience.org\/wp-content\/uploads\/2016\/06\/glyco-164x102.jpg 164w, https:\/\/www.naturalscience.org\/wp-content\/uploads\/2016\/06\/glyco-500x310.jpg 500w, https:\/\/www.naturalscience.org\/wp-content\/uploads\/2016\/06\/glyco.jpg 970w\" sizes=\"auto, (max-width: 400px) 100vw, 400px\" \/><p id=\"caption-attachment-20878\" class=\"wp-caption-text\">Las c\u00e9lulas deben ser capaces de comunicarse. Cells must be able to communicate.<\/p><\/div>\n<p>Los gliconutrientes son az\u00facares, az\u00facares saludables! A\u00fan m\u00e1s: Los gliconutrientes son absolutamente esenciales para todas las c\u00e9lulas de nuestro organismo. Sin \u00e9stos no habr\u00eda comunicaci\u00f3n correcta y no habr\u00eda reacciones bioqu\u00edmicas reguladas entre las c\u00e9lulas del cuerpo. S\u00f3lo cuando las funciones de comunicaci\u00f3n a nivel celular est\u00e1n libres de obst\u00e1culos puede nuestro cuerpo liberar sus poderes de autocuraci\u00f3n y el mantenimiento de su propia salud.<br \/>\n<span style=\"color: #000080;\"><strong>Lukas Waldmann<\/strong>, Natur\u00f3pata, Rotkreuz, Suiza<\/span><\/p>\n<\/div>\n<\/div>\n<p>&nbsp;<\/p>\n<div class=\"row\">\n<div class=\"small-24 columns\">\n<div class=\"title-box\">\n<h2>La m\u00fasica<\/h2>\n<div class=\"subtitle\">C\u00f3mo nos afecta a los humanos<\/div>\n<\/div>\n<div id=\"attachment_20879\" style=\"width: 400px\" class=\"wp-caption alignleft\"><img loading=\"lazy\" decoding=\"async\" aria-describedby=\"caption-attachment-20879\" class=\"wp-image-20879 size-size-400\" src=\"https:\/\/www.naturalscience.org\/wp-content\/uploads\/2016\/06\/music-400x247.jpg\" width=\"400\" height=\"247\" srcset=\"https:\/\/www.naturalscience.org\/wp-content\/uploads\/2016\/06\/music-400x247.jpg 400w, https:\/\/www.naturalscience.org\/wp-content\/uploads\/2016\/06\/music-300x186.jpg 300w, https:\/\/www.naturalscience.org\/wp-content\/uploads\/2016\/06\/music-768x475.jpg 768w, https:\/\/www.naturalscience.org\/wp-content\/uploads\/2016\/06\/music-164x101.jpg 164w, https:\/\/www.naturalscience.org\/wp-content\/uploads\/2016\/06\/music-500x309.jpg 500w, https:\/\/www.naturalscience.org\/wp-content\/uploads\/2016\/06\/music.jpg 970w\" sizes=\"auto, (max-width: 400px) 100vw, 400px\" \/><p id=\"caption-attachment-20879\" class=\"wp-caption-text\">&nbsp;\u00abSin m\u00fasica, la vida ser\u00eda un error\u00bb \u2013 F.W. Nietzsche<\/p><\/div>\n<p>La m\u00fasica conforta, sana, energiza, calma, estimula. Pero al igual como la m\u00fasica nos puede elevar, tambi\u00e9n nos puede degradar, incluso destruirnos.&nbsp;\u00bfPor qu\u00e9 la m\u00fasica nos afecta de una manera tan poderosa &#8211; positiva o negativamente?&nbsp;\u00bfQu\u00e9 tiene que ver la p\u00e9rdida de los valores morales y la delincuencia con la m\u00fasica?&nbsp;\u00bfPuede la m\u00fasica manipular?&nbsp;\u00bfY que se entiende por&nbsp;\u00abm\u00fasica violenta\u00bb?&nbsp;\u00bfTenemos que permitir que esta irradiaci\u00f3n ac\u00fastica constante en los espacios p\u00fablicos nos sea impuesta y cu\u00e1l es el efecto sobre nosotros?<br \/>\n<span style=\"color: #000080;\"><strong>Cornelie Thomas<\/strong>, Werl, Alemania<br \/>\n<\/span><\/p>\n<\/div>\n<\/div>\n<p>&nbsp;<\/p>\n<p style=\"text-align: center;\"><span style=\"color: #993300;\"><strong><em>La lista de nuestras conferencias no se ha completado a\u00fan. Por favor visite nuevamente nuestra p\u00e1gina en internet para ver las actualizaciones adicionales.<\/em><\/strong><\/span><\/p>\n<p>&nbsp;<\/p>\n<p class=\"text-center\"><a class=\"button radius\" href=\"https:\/\/www.naturalscience.org\/es\/congreso-2016\/\"><i class=\"fa fa-chevron-circle-left \" ><\/i>\u00a0\u00a0Vuelva a la vista general<\/a><\/p>\n","protected":false},"excerpt":{"rendered":"\u00a1Usted es un genio! Los m\u00e1s recientes hallazgos de la investigaci\u00f3n del cerebro estimulan su materia gris hacia nuevas alturas Usted naci\u00f3 inteligente o quiz\u00e1s apenas un poco brillante, pero,&nbsp;\u00bfes as\u00ed por el resto de su vida?&nbsp;\u00a1Respuesta equivocada! A partir del campo de la neuroplasticidad, una fascinante \u00e1rea de la neurobiolog\u00eda, se sabe que las [&hellip;]","protected":false},"author":9,"featured_media":0,"parent":17938,"menu_order":3,"comment_status":"closed","ping_status":"closed","template":"page-full.php","meta":{"_acf_changed":false,"ngg_post_thumbnail":0,"footnotes":""},"categories":[],"class_list":["post-20961","page","type-page","status-publish","hentry","wpautop"],"acf":[],"yoast_head":"<!-- This site is optimized with the Yoast SEO plugin v27.5 - https:\/\/yoast.com\/product\/yoast-seo-wordpress\/ -->\n<title>Conferencias y ponentes - The World Foundation for Natural Science<\/title>\n<meta name=\"robots\" content=\"index, follow, max-snippet:-1, max-image-preview:large, max-video-preview:-1\" \/>\n<link rel=\"canonical\" href=\"https:\/\/www.naturalscience.org\/es\/congreso-2016\/presentaciones\/\" \/>\n<meta name=\"twitter:label1\" content=\"Tiempo de lectura\" \/>\n\t<meta name=\"twitter:data1\" content=\"6 minutos\" \/>\n<script type=\"application\/ld+json\" class=\"yoast-schema-graph\">{\"@context\":\"https:\\\/\\\/schema.org\",\"@graph\":[{\"@type\":\"WebPage\",\"@id\":\"https:\\\/\\\/www.naturalscience.org\\\/es\\\/congreso-2016\\\/presentaciones\\\/\",\"url\":\"https:\\\/\\\/www.naturalscience.org\\\/es\\\/congreso-2016\\\/presentaciones\\\/\",\"name\":\"Conferencias y ponentes - The World Foundation for Natural Science\",\"isPartOf\":{\"@id\":\"https:\\\/\\\/www.naturalscience.org\\\/#website\"},\"primaryImageOfPage\":{\"@id\":\"https:\\\/\\\/www.naturalscience.org\\\/es\\\/congreso-2016\\\/presentaciones\\\/#primaryimage\"},\"image\":{\"@id\":\"https:\\\/\\\/www.naturalscience.org\\\/es\\\/congreso-2016\\\/presentaciones\\\/#primaryimage\"},\"thumbnailUrl\":\"https:\\\/\\\/www.naturalscience.org\\\/wp-content\\\/uploads\\\/2016\\\/06\\\/brain-400x247.jpg\",\"datePublished\":\"2016-06-26T13:00:47+00:00\",\"dateModified\":\"2017-09-24T15:52:15+00:00\",\"breadcrumb\":{\"@id\":\"https:\\\/\\\/www.naturalscience.org\\\/es\\\/congreso-2016\\\/presentaciones\\\/#breadcrumb\"},\"inLanguage\":\"es\",\"potentialAction\":[{\"@type\":\"ReadAction\",\"target\":[\"https:\\\/\\\/www.naturalscience.org\\\/es\\\/congreso-2016\\\/presentaciones\\\/\"]}]},{\"@type\":\"ImageObject\",\"inLanguage\":\"es\",\"@id\":\"https:\\\/\\\/www.naturalscience.org\\\/es\\\/congreso-2016\\\/presentaciones\\\/#primaryimage\",\"url\":\"https:\\\/\\\/www.naturalscience.org\\\/wp-content\\\/uploads\\\/2016\\\/06\\\/brain-400x247.jpg\",\"contentUrl\":\"https:\\\/\\\/www.naturalscience.org\\\/wp-content\\\/uploads\\\/2016\\\/06\\\/brain-400x247.jpg\"},{\"@type\":\"BreadcrumbList\",\"@id\":\"https:\\\/\\\/www.naturalscience.org\\\/es\\\/congreso-2016\\\/presentaciones\\\/#breadcrumb\",\"itemListElement\":[{\"@type\":\"ListItem\",\"position\":1,\"name\":\"Home\",\"item\":\"https:\\\/\\\/www.naturalscience.org\\\/es\\\/\"},{\"@type\":\"ListItem\",\"position\":2,\"name\":\"21\u00b0 Congreso Mundial Internacional \u201cNuevas Perspectivas Cient\u00edficas\u201d\",\"item\":\"https:\\\/\\\/www.naturalscience.org\\\/es\\\/congreso-2016\\\/\"},{\"@type\":\"ListItem\",\"position\":3,\"name\":\"Conferencias y ponentes\"}]},{\"@type\":\"WebSite\",\"@id\":\"https:\\\/\\\/www.naturalscience.org\\\/#website\",\"url\":\"https:\\\/\\\/www.naturalscience.org\\\/\",\"name\":\"The World Foundation for Natural Science\",\"description\":\"Restoring and Healing the World through Responsibility and Commitment in accord with Natural and Divine Law!\",\"potentialAction\":[{\"@type\":\"SearchAction\",\"target\":{\"@type\":\"EntryPoint\",\"urlTemplate\":\"https:\\\/\\\/www.naturalscience.org\\\/?s={search_term_string}\"},\"query-input\":{\"@type\":\"PropertyValueSpecification\",\"valueRequired\":true,\"valueName\":\"search_term_string\"}}],\"inLanguage\":\"es\"}]}<\/script>\n<!-- \/ Yoast SEO plugin. -->","yoast_head_json":{"title":"Conferencias y ponentes - The World Foundation for Natural Science","robots":{"index":"index","follow":"follow","max-snippet":"max-snippet:-1","max-image-preview":"max-image-preview:large","max-video-preview":"max-video-preview:-1"},"canonical":"https:\/\/www.naturalscience.org\/es\/congreso-2016\/presentaciones\/","twitter_misc":{"Tiempo de lectura":"6 minutos"},"schema":{"@context":"https:\/\/schema.org","@graph":[{"@type":"WebPage","@id":"https:\/\/www.naturalscience.org\/es\/congreso-2016\/presentaciones\/","url":"https:\/\/www.naturalscience.org\/es\/congreso-2016\/presentaciones\/","name":"Conferencias y ponentes - The World Foundation for Natural Science","isPartOf":{"@id":"https:\/\/www.naturalscience.org\/#website"},"primaryImageOfPage":{"@id":"https:\/\/www.naturalscience.org\/es\/congreso-2016\/presentaciones\/#primaryimage"},"image":{"@id":"https:\/\/www.naturalscience.org\/es\/congreso-2016\/presentaciones\/#primaryimage"},"thumbnailUrl":"https:\/\/www.naturalscience.org\/wp-content\/uploads\/2016\/06\/brain-400x247.jpg","datePublished":"2016-06-26T13:00:47+00:00","dateModified":"2017-09-24T15:52:15+00:00","breadcrumb":{"@id":"https:\/\/www.naturalscience.org\/es\/congreso-2016\/presentaciones\/#breadcrumb"},"inLanguage":"es","potentialAction":[{"@type":"ReadAction","target":["https:\/\/www.naturalscience.org\/es\/congreso-2016\/presentaciones\/"]}]},{"@type":"ImageObject","inLanguage":"es","@id":"https:\/\/www.naturalscience.org\/es\/congreso-2016\/presentaciones\/#primaryimage","url":"https:\/\/www.naturalscience.org\/wp-content\/uploads\/2016\/06\/brain-400x247.jpg","contentUrl":"https:\/\/www.naturalscience.org\/wp-content\/uploads\/2016\/06\/brain-400x247.jpg"},{"@type":"BreadcrumbList","@id":"https:\/\/www.naturalscience.org\/es\/congreso-2016\/presentaciones\/#breadcrumb","itemListElement":[{"@type":"ListItem","position":1,"name":"Home","item":"https:\/\/www.naturalscience.org\/es\/"},{"@type":"ListItem","position":2,"name":"21\u00b0 Congreso Mundial Internacional \u201cNuevas Perspectivas Cient\u00edficas\u201d","item":"https:\/\/www.naturalscience.org\/es\/congreso-2016\/"},{"@type":"ListItem","position":3,"name":"Conferencias y ponentes"}]},{"@type":"WebSite","@id":"https:\/\/www.naturalscience.org\/#website","url":"https:\/\/www.naturalscience.org\/","name":"The World Foundation for Natural Science","description":"Restoring and Healing the World through Responsibility and Commitment in accord with Natural and Divine Law!","potentialAction":[{"@type":"SearchAction","target":{"@type":"EntryPoint","urlTemplate":"https:\/\/www.naturalscience.org\/?s={search_term_string}"},"query-input":{"@type":"PropertyValueSpecification","valueRequired":true,"valueName":"search_term_string"}}],"inLanguage":"es"}]}},"_links":{"self":[{"href":"https:\/\/www.naturalscience.org\/es\/wp-json\/wp\/v2\/pages\/20961","targetHints":{"allow":["GET"]}}],"collection":[{"href":"https:\/\/www.naturalscience.org\/es\/wp-json\/wp\/v2\/pages"}],"about":[{"href":"https:\/\/www.naturalscience.org\/es\/wp-json\/wp\/v2\/types\/page"}],"author":[{"embeddable":true,"href":"https:\/\/www.naturalscience.org\/es\/wp-json\/wp\/v2\/users\/9"}],"replies":[{"embeddable":true,"href":"https:\/\/www.naturalscience.org\/es\/wp-json\/wp\/v2\/comments?post=20961"}],"version-history":[{"count":21,"href":"https:\/\/www.naturalscience.org\/es\/wp-json\/wp\/v2\/pages\/20961\/revisions"}],"predecessor-version":[{"id":21967,"href":"https:\/\/www.naturalscience.org\/es\/wp-json\/wp\/v2\/pages\/20961\/revisions\/21967"}],"up":[{"embeddable":true,"href":"https:\/\/www.naturalscience.org\/es\/wp-json\/wp\/v2\/pages\/17938"}],"wp:attachment":[{"href":"https:\/\/www.naturalscience.org\/es\/wp-json\/wp\/v2\/media?parent=20961"}],"wp:term":[{"taxonomy":"category","embeddable":true,"href":"https:\/\/www.naturalscience.org\/es\/wp-json\/wp\/v2\/categories?post=20961"}],"curies":[{"name":"wp","href":"https:\/\/api.w.org\/{rel}","templated":true}]}}