{"id":18095,"date":"2016-03-08T21:50:47","date_gmt":"2016-03-08T20:50:47","guid":{"rendered":"http:\/\/www.naturalscience.org\/es\/?page_id=18095"},"modified":"2020-11-15T21:24:13","modified_gmt":"2020-11-15T20:24:13","slug":"la-naturaleza-nos-habla","status":"publish","type":"page","link":"https:\/\/www.naturalscience.org\/es\/la-naturaleza-nos-habla\/","title":{"rendered":"La Naturaleza nos habla"},"content":{"rendered":"<h2>La Madre Naturaleza<\/h2>\n<div style=\"width: 854px;\" class=\"wp-video\"><video class=\"wp-video-shortcode\" id=\"video-18095-1\" width=\"854\" height=\"480\" preload=\"metadata\" controls=\"controls\"><source type=\"video\/mp4\" src=\"https:\/\/www.naturalscience.org\/wp-content\/uploads\/2020\/11\/La-Naturaleza-Nos-Habla-Salma-Hayek-es-Madre-Naturaleza.mp4?_=1\" \/><a href=\"https:\/\/www.naturalscience.org\/wp-content\/uploads\/2020\/11\/La-Naturaleza-Nos-Habla-Salma-Hayek-es-Madre-Naturaleza.mp4\">https:\/\/www.naturalscience.org\/wp-content\/uploads\/2020\/11\/La-Naturaleza-Nos-Habla-Salma-Hayek-es-Madre-Naturaleza.mp4<\/a><\/video><\/div>\n<h2>El Suelo<\/h2>\n<div style=\"width: 854px;\" class=\"wp-video\"><video class=\"wp-video-shortcode\" id=\"video-18095-2\" width=\"854\" height=\"480\" preload=\"metadata\" controls=\"controls\"><source type=\"video\/mp4\" src=\"https:\/\/www.naturalscience.org\/wp-content\/uploads\/2020\/11\/La-Naturaleza-Nos-Habla-Juan-Fernando-Velasco-es-El-Suelo.mp4?_=2\" \/><a href=\"https:\/\/www.naturalscience.org\/wp-content\/uploads\/2020\/11\/La-Naturaleza-Nos-Habla-Juan-Fernando-Velasco-es-El-Suelo.mp4\">https:\/\/www.naturalscience.org\/wp-content\/uploads\/2020\/11\/La-Naturaleza-Nos-Habla-Juan-Fernando-Velasco-es-El-Suelo.mp4<\/a><\/video><\/div>\n<h2>El Agua<\/h2>\n<div style=\"width: 854px;\" class=\"wp-video\"><video class=\"wp-video-shortcode\" id=\"video-18095-3\" width=\"854\" height=\"480\" preload=\"metadata\" controls=\"controls\"><source type=\"video\/mp4\" src=\"https:\/\/www.naturalscience.org\/wp-content\/uploads\/2020\/11\/La-Naturaleza-Nos-Habla-Pen\u00e9lope-Cruz-es-El-Agua.mp4?_=3\" \/><a href=\"https:\/\/www.naturalscience.org\/wp-content\/uploads\/2020\/11\/La-Naturaleza-Nos-Habla-Pen\u00e9lope-Cruz-es-El-Agua.mp4\">https:\/\/www.naturalscience.org\/wp-content\/uploads\/2020\/11\/La-Naturaleza-Nos-Habla-Pen\u00e9lope-Cruz-es-El-Agua.mp4<\/a><\/video><\/div>\n<h2>El Arrecife de Coral<\/h2>\n<div style=\"width: 854px;\" class=\"wp-video\"><video class=\"wp-video-shortcode\" id=\"video-18095-4\" width=\"854\" height=\"480\" preload=\"metadata\" controls=\"controls\"><source type=\"video\/mp4\" src=\"https:\/\/www.naturalscience.org\/wp-content\/uploads\/2020\/11\/La-Naturaleza-Nos-Habla-Rub\u00e9n-Blades-es-el-Arrecife-de-Coral.mp4?_=4\" \/><a href=\"https:\/\/www.naturalscience.org\/wp-content\/uploads\/2020\/11\/La-Naturaleza-Nos-Habla-Rub\u00e9n-Blades-es-el-Arrecife-de-Coral.mp4\">https:\/\/www.naturalscience.org\/wp-content\/uploads\/2020\/11\/La-Naturaleza-Nos-Habla-Rub\u00e9n-Blades-es-el-Arrecife-de-Coral.mp4<\/a><\/video><\/div>\n<h2>El cielo<\/h2>\n<div style=\"width: 854px;\" class=\"wp-video\"><video class=\"wp-video-shortcode\" id=\"video-18095-5\" width=\"854\" height=\"480\" preload=\"metadata\" controls=\"controls\"><source type=\"video\/mp4\" src=\"https:\/\/www.naturalscience.org\/wp-content\/uploads\/2020\/11\/La-Naturaleza-Nos-Habla-Eugenio-Derbez-es-el-Cielo.mp4?_=5\" \/><a href=\"https:\/\/www.naturalscience.org\/wp-content\/uploads\/2020\/11\/La-Naturaleza-Nos-Habla-Eugenio-Derbez-es-el-Cielo.mp4\">https:\/\/www.naturalscience.org\/wp-content\/uploads\/2020\/11\/La-Naturaleza-Nos-Habla-Eugenio-Derbez-es-el-Cielo.mp4<\/a><\/video><\/div>\n<h2>La Monta\u00f1a<\/h2>\n<div style=\"width: 854px;\" class=\"wp-video\"><video class=\"wp-video-shortcode\" id=\"video-18095-6\" width=\"854\" height=\"480\" preload=\"metadata\" controls=\"controls\"><source type=\"video\/mp4\" src=\"https:\/\/www.naturalscience.org\/wp-content\/uploads\/2020\/11\/La-Naturaleza-Nos-Habla-Fonseca-es-La-Monta\u00f1a.mp4?_=6\" \/><a href=\"https:\/\/www.naturalscience.org\/wp-content\/uploads\/2020\/11\/La-Naturaleza-Nos-Habla-Fonseca-es-La-Monta\u00f1a.mp4\">https:\/\/www.naturalscience.org\/wp-content\/uploads\/2020\/11\/La-Naturaleza-Nos-Habla-Fonseca-es-La-Monta\u00f1a.mp4<\/a><\/video><\/div>\n<h2>Amazonia<\/h2>\n<div style=\"width: 854px;\" class=\"wp-video\"><video class=\"wp-video-shortcode\" id=\"video-18095-7\" width=\"854\" height=\"480\" preload=\"metadata\" controls=\"controls\"><source type=\"video\/mp4\" src=\"https:\/\/www.naturalscience.org\/wp-content\/uploads\/2020\/11\/La-Naturaleza-Nos-Habla-Catalina-Garc\u00eda-es-Amazonia.mp4?_=7\" \/><a href=\"https:\/\/www.naturalscience.org\/wp-content\/uploads\/2020\/11\/La-Naturaleza-Nos-Habla-Catalina-Garc\u00eda-es-Amazonia.mp4\">https:\/\/www.naturalscience.org\/wp-content\/uploads\/2020\/11\/La-Naturaleza-Nos-Habla-Catalina-Garc\u00eda-es-Amazonia.mp4<\/a><\/video><\/div>\n<h2>El Oc\u00e9ano<\/h2>\n<div class=\"embed-container\"><iframe loading=\"lazy\" src=\"https:\/\/www.youtube-nocookie.com\/embed\/rPicjC69lAU?list=PL5WqtuU6JrnU1HNY7FDJ5yXyl8sgvN6CN&amp;showinfo=0\" allowfullscreen=\"allowfullscreen\" width=\"640\" height=\"360\" frameborder=\"0\"><\/iframe><\/div>\n<h2>La Secoya<\/h2>\n<div class=\"embed-container\"><iframe loading=\"lazy\" src=\"https:\/\/www.youtube-nocookie.com\/embed\/JICfqUkP5CU?list=PL5WqtuU6JrnU1HNY7FDJ5yXyl8sgvN6CN&amp;showinfo=0\" allowfullscreen=\"allowfullscreen\" width=\"640\" height=\"360\" frameborder=\"0\"><\/iframe><\/div>\n<h2>La Flor<\/h2>\n<div class=\"embed-container\"><iframe loading=\"lazy\" src=\"https:\/\/www.youtube-nocookie.com\/embed\/1Y_AndlsGMU?list=PL5WqtuU6JrnU1HNY7FDJ5yXyl8sgvN6CN&amp;showinfo=0\" allowfullscreen=\"allowfullscreen\" width=\"640\" height=\"360\" frameborder=\"0\"><\/iframe><\/div>\n<h2>El Glaciar <small>(ingl\u00e9s)<\/small><\/h2>\n<div class=\"embed-container\"><iframe loading=\"lazy\" src=\"https:\/\/www.youtube-nocookie.com\/embed\/qBBOue_AdcU?list=PL5WqtuU6JrnXjsGO4WUpJuSVmlDcEgEYb&amp;showinfo=0\" allowfullscreen=\"allowfullscreen\" width=\"640\" height=\"360\" frameborder=\"0\"><\/iframe><\/div>\n<h2>El Hogar <small>(ingl\u00e9s)<\/small><\/h2>\n<div class=\"embed-container\"><iframe loading=\"lazy\" src=\"https:\/\/www.youtube-nocookie.com\/embed\/mkjwxmcdb0E?list=PL5WqtuU6JrnXjsGO4WUpJuSVmlDcEgEYb&amp;showinfo=0\" allowfullscreen=\"allowfullscreen\" width=\"640\" height=\"360\" frameborder=\"0\"><\/iframe><\/div>\n<p>&nbsp;<\/p>\n<p>La Fuente: <a href=\"http:\/\/www.conservation.org\/nature-is-speaking\/\" target=\"_blank\" rel=\"noopener noreferrer\">http:\/\/www.conservation.org\/nature-is-speaking\/<\/a><\/p>\n","protected":false},"excerpt":{"rendered":"La Madre Naturaleza El Suelo El Agua El Arrecife de Coral El cielo La Monta\u00f1a Amazonia El Oc\u00e9ano La Secoya La Flor El Glaciar (ingl\u00e9s) El Hogar (ingl\u00e9s) &nbsp; La Fuente: http:\/\/www.conservation.org\/nature-is-speaking\/","protected":false},"author":9,"featured_media":0,"parent":0,"menu_order":198,"comment_status":"closed","ping_status":"closed","template":"","meta":{"_acf_changed":false,"ngg_post_thumbnail":0,"footnotes":""},"categories":[],"class_list":["post-18095","page","type-page","status-publish","hentry","wpautop"],"acf":[],"yoast_head":"<!-- This site is optimized with the Yoast SEO plugin v27.5 - https:\/\/yoast.com\/product\/yoast-seo-wordpress\/ -->\n<title>La Naturaleza nos habla - The World Foundation for Natural Science<\/title>\n<meta name=\"robots\" content=\"index, follow, max-snippet:-1, max-image-preview:large, max-video-preview:-1\" \/>\n<link rel=\"canonical\" href=\"https:\/\/www.naturalscience.org\/es\/la-naturaleza-nos-habla\/\" \/>\n<meta name=\"twitter:label1\" content=\"Tiempo de lectura\" \/>\n\t<meta name=\"twitter:data1\" content=\"1 minuto\" \/>\n<script type=\"application\/ld+json\" class=\"yoast-schema-graph\">{\"@context\":\"https:\\\/\\\/schema.org\",\"@graph\":[{\"@type\":\"WebPage\",\"@id\":\"https:\\\/\\\/www.naturalscience.org\\\/es\\\/la-naturaleza-nos-habla\\\/\",\"url\":\"https:\\\/\\\/www.naturalscience.org\\\/es\\\/la-naturaleza-nos-habla\\\/\",\"name\":\"La Naturaleza nos habla - The World Foundation for Natural Science\",\"isPartOf\":{\"@id\":\"https:\\\/\\\/www.naturalscience.org\\\/#website\"},\"datePublished\":\"2016-03-08T20:50:47+00:00\",\"dateModified\":\"2020-11-15T20:24:13+00:00\",\"breadcrumb\":{\"@id\":\"https:\\\/\\\/www.naturalscience.org\\\/es\\\/la-naturaleza-nos-habla\\\/#breadcrumb\"},\"inLanguage\":\"es\",\"potentialAction\":[{\"@type\":\"ReadAction\",\"target\":[\"https:\\\/\\\/www.naturalscience.org\\\/es\\\/la-naturaleza-nos-habla\\\/\"]}]},{\"@type\":\"BreadcrumbList\",\"@id\":\"https:\\\/\\\/www.naturalscience.org\\\/es\\\/la-naturaleza-nos-habla\\\/#breadcrumb\",\"itemListElement\":[{\"@type\":\"ListItem\",\"position\":1,\"name\":\"Home\",\"item\":\"https:\\\/\\\/www.naturalscience.org\\\/es\\\/\"},{\"@type\":\"ListItem\",\"position\":2,\"name\":\"La Naturaleza nos habla\"}]},{\"@type\":\"WebSite\",\"@id\":\"https:\\\/\\\/www.naturalscience.org\\\/#website\",\"url\":\"https:\\\/\\\/www.naturalscience.org\\\/\",\"name\":\"The World Foundation for Natural Science\",\"description\":\"Restoring and Healing the World through Responsibility and Commitment in accord with Natural and Divine Law!\",\"potentialAction\":[{\"@type\":\"SearchAction\",\"target\":{\"@type\":\"EntryPoint\",\"urlTemplate\":\"https:\\\/\\\/www.naturalscience.org\\\/?s={search_term_string}\"},\"query-input\":{\"@type\":\"PropertyValueSpecification\",\"valueRequired\":true,\"valueName\":\"search_term_string\"}}],\"inLanguage\":\"es\"}]}<\/script>\n<!-- \/ Yoast SEO plugin. -->","yoast_head_json":{"title":"La Naturaleza nos habla - The World Foundation for Natural Science","robots":{"index":"index","follow":"follow","max-snippet":"max-snippet:-1","max-image-preview":"max-image-preview:large","max-video-preview":"max-video-preview:-1"},"canonical":"https:\/\/www.naturalscience.org\/es\/la-naturaleza-nos-habla\/","twitter_misc":{"Tiempo de lectura":"1 minuto"},"schema":{"@context":"https:\/\/schema.org","@graph":[{"@type":"WebPage","@id":"https:\/\/www.naturalscience.org\/es\/la-naturaleza-nos-habla\/","url":"https:\/\/www.naturalscience.org\/es\/la-naturaleza-nos-habla\/","name":"La Naturaleza nos habla - The World Foundation for Natural Science","isPartOf":{"@id":"https:\/\/www.naturalscience.org\/#website"},"datePublished":"2016-03-08T20:50:47+00:00","dateModified":"2020-11-15T20:24:13+00:00","breadcrumb":{"@id":"https:\/\/www.naturalscience.org\/es\/la-naturaleza-nos-habla\/#breadcrumb"},"inLanguage":"es","potentialAction":[{"@type":"ReadAction","target":["https:\/\/www.naturalscience.org\/es\/la-naturaleza-nos-habla\/"]}]},{"@type":"BreadcrumbList","@id":"https:\/\/www.naturalscience.org\/es\/la-naturaleza-nos-habla\/#breadcrumb","itemListElement":[{"@type":"ListItem","position":1,"name":"Home","item":"https:\/\/www.naturalscience.org\/es\/"},{"@type":"ListItem","position":2,"name":"La Naturaleza nos habla"}]},{"@type":"WebSite","@id":"https:\/\/www.naturalscience.org\/#website","url":"https:\/\/www.naturalscience.org\/","name":"The World Foundation for Natural Science","description":"Restoring and Healing the World through Responsibility and Commitment in accord with Natural and Divine Law!","potentialAction":[{"@type":"SearchAction","target":{"@type":"EntryPoint","urlTemplate":"https:\/\/www.naturalscience.org\/?s={search_term_string}"},"query-input":{"@type":"PropertyValueSpecification","valueRequired":true,"valueName":"search_term_string"}}],"inLanguage":"es"}]}},"_links":{"self":[{"href":"https:\/\/www.naturalscience.org\/es\/wp-json\/wp\/v2\/pages\/18095","targetHints":{"allow":["GET"]}}],"collection":[{"href":"https:\/\/www.naturalscience.org\/es\/wp-json\/wp\/v2\/pages"}],"about":[{"href":"https:\/\/www.naturalscience.org\/es\/wp-json\/wp\/v2\/types\/page"}],"author":[{"embeddable":true,"href":"https:\/\/www.naturalscience.org\/es\/wp-json\/wp\/v2\/users\/9"}],"replies":[{"embeddable":true,"href":"https:\/\/www.naturalscience.org\/es\/wp-json\/wp\/v2\/comments?post=18095"}],"version-history":[{"count":8,"href":"https:\/\/www.naturalscience.org\/es\/wp-json\/wp\/v2\/pages\/18095\/revisions"}],"predecessor-version":[{"id":33995,"href":"https:\/\/www.naturalscience.org\/es\/wp-json\/wp\/v2\/pages\/18095\/revisions\/33995"}],"wp:attachment":[{"href":"https:\/\/www.naturalscience.org\/es\/wp-json\/wp\/v2\/media?parent=18095"}],"wp:term":[{"taxonomy":"category","embeddable":true,"href":"https:\/\/www.naturalscience.org\/es\/wp-json\/wp\/v2\/categories?post=18095"}],"curies":[{"name":"wp","href":"https:\/\/api.w.org\/{rel}","templated":true}]}}