{"id":17595,"date":"2016-02-04T20:57:21","date_gmt":"2016-02-04T19:57:21","guid":{"rendered":"http:\/\/www.naturalscience.org\/es\/?page_id=17595"},"modified":"2026-04-30T20:19:17","modified_gmt":"2026-04-30T18:19:17","slug":"resena","status":"publish","type":"page","link":"https:\/\/www.naturalscience.org\/es\/congreso-2015\/resena\/","title":{"rendered":"Rese\u00f1a"},"content":{"rendered":"<div class=\"landingpage-header text-center\">\n<h1>Rese\u00f1a del<br \/>\n20\u00ba Congreso Mundial Internacional<br \/>\n\u201cNuevas Perspectivas Cient\u00edficas\u201d<\/h1>\n<div class=\"date\">De<br \/>\nThe World Foundation for Natural Science<\/div>\n<div style=\"margin: 10px 0; font-size: 24px; font-style: italic;\">\u201c\u00a1Que la Naturaleza sea su Maestra!\u201d<\/div>\n<p>Desde el Jueves, 29 de Octubre hasta el Domingo, 1\u00ba de Noviembre de 2015<\/p>\n<\/div>\n<p>&nbsp;<\/p>\n<p><img loading=\"lazy\" decoding=\"async\" class=\"alignright wp-image-17309 size-medium\" src=\"https:\/\/www.naturalscience.org\/wp-content\/uploads\/2016\/01\/luebke-hildebrandt_web-e1452953370360-264x300.jpg\" alt=\"luebke-hildebrandt_web\" width=\"264\" height=\"300\" srcset=\"https:\/\/www.naturalscience.org\/wp-content\/uploads\/2016\/01\/luebke-hildebrandt_web-e1452953370360-264x300.jpg 264w, https:\/\/www.naturalscience.org\/wp-content\/uploads\/2016\/01\/luebke-hildebrandt_web-e1452953370360-144x164.jpg 144w, https:\/\/www.naturalscience.org\/wp-content\/uploads\/2016\/01\/luebke-hildebrandt_web-e1452953370360.jpg 480w\" sizes=\"auto, (max-width: 264px) 100vw, 264px\" \/><strong>Angelika L\u00fcbke Hildebrandt, experta en la calidad del suelo,<\/strong> nos dio a entender que el suelo es un organismo vivo que necesita ser atendido y cuidado con esmero y que ya no debe ser explotado y violentado. Lo que ponemos en el suelo, como los fertilizantes artificiales, pesticidas, esti\u00e9rcol l\u00edquido, lodo de plantas de tratamiento de aguas, finalmente aterriza en nuestros platos de cenar y termina en nuestros cuerpos. El suelo es un organismo rejuvenecedor y auto organizador. Sin embargo, s\u00f3lo el humus, enriquecido con diversas fuentes, crea orden en el suelo y permite que las plantas prosperen con la m\u00e1s alta calidad. El elemento gu\u00eda para esto son los microorganismos del suelo que forman el humus. El humus es destruido por los excrementos, esti\u00e9rcol liquido, digestato y similares, fertilizantes qu\u00edmicos, pesticidas, compost de baja calidad y el tratamiento prematuro del suelo. La p\u00e9rdida del humus tiene consecuencias de largo alcance: las tormentas de polvo, la contaminaci\u00f3n del agua, la desertificaci\u00f3n, las enfermedades. El individuo puede contribuir a la recuperaci\u00f3n del suelo y su conservaci\u00f3n, mediante el uso de extractos de compost, la plantaci\u00f3n de cubiertas del suelo, utilizando capote para el suelo que tenga una tendencia a secarse, aire\u00e1ndolo y mediante el uso de herramientas de cobre.<\/p>\n<p><img loading=\"lazy\" decoding=\"async\" class=\"alignleft wp-image-17305 size-medium\" src=\"https:\/\/www.naturalscience.org\/wp-content\/uploads\/2016\/01\/harman_web-e1452953309424-253x300.jpg\" alt=\"harman_web\" width=\"253\" height=\"300\" srcset=\"https:\/\/www.naturalscience.org\/wp-content\/uploads\/2016\/01\/harman_web-e1452953309424-253x300.jpg 253w, https:\/\/www.naturalscience.org\/wp-content\/uploads\/2016\/01\/harman_web-e1452953309424-138x164.jpg 138w, https:\/\/www.naturalscience.org\/wp-content\/uploads\/2016\/01\/harman_web-e1452953309424.jpg 482w\" sizes=\"auto, (max-width: 253px) 100vw, 253px\" \/><strong>Toni Harmann, cineasta<\/strong> Brit\u00e1nico productor de la premiada pel\u00edcula&nbsp;\u00abMicrobirth\u00bb: el microbioma (la suma de todos los microorganismos que residen dentro y sobre el cuerpo humano) es de vital importancia para la salud del cuerpo. Un momento clave para el establecimiento del bioma es (durante) el parto natural, cuando el reci\u00e9n nacido es&nbsp;\u00abimpregnado\u00bb con las bacterias de la madre dentro del canal del parto. Si un parto natural no es posible, se pueden tomar varias medidas para afianzar el microbioma; una dieta saludable, ejercicio y un poco de mugre (\u00a1mascotas!) son parte de esto. La naturaleza trabaja con el caos al igual que con el orden y la naturaleza sabe lo que se necesita y en que momento.<\/p>\n<p>Ambas presentaciones demostraron claramente la relaci\u00f3n y la gran importancia de los microorganismos en el suelo, como tambi\u00e9n en el cuerpo humano.<\/p>\n<p><img loading=\"lazy\" decoding=\"async\" class=\"alignright wp-image-17306 size-medium\" src=\"https:\/\/www.naturalscience.org\/wp-content\/uploads\/2016\/01\/herout_web-e1452953419847-260x300.jpg\" alt=\"herout_web\" width=\"260\" height=\"300\" srcset=\"https:\/\/www.naturalscience.org\/wp-content\/uploads\/2016\/01\/herout_web-e1452953419847-260x300.jpg 260w, https:\/\/www.naturalscience.org\/wp-content\/uploads\/2016\/01\/herout_web-e1452953419847-142x164.jpg 142w, https:\/\/www.naturalscience.org\/wp-content\/uploads\/2016\/01\/herout_web-e1452953419847.jpg 561w\" sizes=\"auto, (max-width: 260px) 100vw, 260px\" \/>Por su larga experiencia en homeopat\u00eda y naturopat\u00eda con animales la <strong>Sra Dra vet. Nicole Herout<\/strong> se ha hecho una pionera de una nueva medicina veterinaria que muestra una manera de huir del callej\u00f3n sin salida donde la medicina convencional se ha vuelto totalmente dependiente de la industria farmac\u00e9utica. Propuesta de soluci\u00f3n: la medicina humana, la medicina veterinaria y la investigaci\u00f3n agr\u00edcola tienen que trabajar juntas. Los antibi\u00f3ticos pueden hacer un da\u00f1o a largo plazo a la flora intestinal, la quimioterapia y la radioterapia destruyen hasta el 90% de la flora,&nbsp;\u00a1a menudo de manera irrevocable! La regeneraci\u00f3n de la flora intestinal tarda por lo menos 6 meses y los probi\u00f3ticos son completamente in\u00fatiles para esto porque el intestino no acepta bacterias extra\u00f1as.&nbsp;\u00a1Los ni\u00f1os menores de 14 a\u00f1os no deber\u00edan tomar ning\u00fan antibi\u00f3tico!<\/p>\n<p><img loading=\"lazy\" decoding=\"async\" class=\"alignleft wp-image-17310 size-medium\" src=\"https:\/\/www.naturalscience.org\/wp-content\/uploads\/2016\/01\/trappitsch_web-e1452953467411-201x300.jpg\" alt=\"trappitsch_web\" width=\"201\" height=\"300\" srcset=\"https:\/\/www.naturalscience.org\/wp-content\/uploads\/2016\/01\/trappitsch_web-e1452953467411-201x300.jpg 201w, https:\/\/www.naturalscience.org\/wp-content\/uploads\/2016\/01\/trappitsch_web-e1452953467411-110x164.jpg 110w, https:\/\/www.naturalscience.org\/wp-content\/uploads\/2016\/01\/trappitsch_web-e1452953467411.jpg 299w\" sizes=\"auto, (max-width: 201px) 100vw, 201px\" \/><strong>Daniel Trappitsch,<\/strong> de Netzwerk Impfentscheid, habl\u00f3 sobre el problema de las vacunas y considera que la higiene, la dieta y los sistemas sociales son las principales razones de la disminuci\u00f3n de las enfermedades infantiles. La teor\u00eda propagada de&nbsp;\u00abla inmunidad de grupo\u201d debido a la eliminaci\u00f3n de las enfermedades nunca ha sido probada. Sin embargo, es bien conocido que el 75% de la poblaci\u00f3n vacunada excreta pat\u00f3genos y que representan un peligro para los dem\u00e1s. Cada vacuna contiene 80-100 aditivos (por ejemplo, aluminio) la mayor\u00eda de los cuales no son declarados. La pregunta: Son las vacunas necesarias, seguras y eficaces, en conjunto debe ser respondida con un&nbsp;\u00abno\u00bb. No obstante: Las vacunaciones son siempre una decisi\u00f3n individual.<\/p>\n<p><img loading=\"lazy\" decoding=\"async\" class=\"alignright wp-image-17308 size-medium\" src=\"https:\/\/www.naturalscience.org\/wp-content\/uploads\/2016\/01\/k-cox_waldmann_web-e1452953526457-300x189.jpg\" alt=\"k-cox_waldmann_web\" width=\"300\" height=\"189\" srcset=\"https:\/\/www.naturalscience.org\/wp-content\/uploads\/2016\/01\/k-cox_waldmann_web-e1452953526457-300x189.jpg 300w, https:\/\/www.naturalscience.org\/wp-content\/uploads\/2016\/01\/k-cox_waldmann_web-e1452953526457-768x485.jpg 768w, https:\/\/www.naturalscience.org\/wp-content\/uploads\/2016\/01\/k-cox_waldmann_web-e1452953526457-164x103.jpg 164w, https:\/\/www.naturalscience.org\/wp-content\/uploads\/2016\/01\/k-cox_waldmann_web-e1452953526457.jpg 840w\" sizes=\"auto, (max-width: 300px) 100vw, 300px\" \/><strong>Dr Karl Cox, PhD y Lukas Waldmann, Natur\u00f3pata<\/strong> presentaron \u201cLa Ingenier\u00eda Gen\u00e9tica\u2014la asesina oculta de nuestra salud y de toda la calidad de vida\u00bb. Se demostr\u00f3 que el proceso de creaci\u00f3n de un alimento modificado gen\u00e9ticamente es totalmente antinatural y el resultado es comida t\u00f3xica. El efecto de los cultivos gen\u00e9ticamente modificados sobre los habitantes y los microorganismos del suelo encontr\u00f3 una reducci\u00f3n significativa de su cantidad y funci\u00f3n, lo que produce cultivos que contienen significativamente menos nutrientes pero con sustancias t\u00f3xicas como el formaldehido y trazas de pesticidas como el glifosato (clasificado como&nbsp;\u00abprobablemente cancer\u00edgeno\u00bb por la Organizaci\u00f3n Mundial de la Salud). La comida gen\u00e9ticamente modificada no puede resolver el hambre del mundo. El principal riesgo del consumo de sustancias gen\u00e9ticamente modificadas es el llamado&nbsp;\u00abintestino permeable\u00bb. Esto conduce a enfermedades del sistema endocrino (gl\u00e1ndula tiroides), del cerebro (enfermedades de Alzheimer, Parkinson y esclerosis m\u00faltiple) y de las articulaciones. Con el fin de limpiar y restaurar los intestinos, el microbioma primero tiene que ser restaurado. Para eso son \u00fatiles, por ejemplo, los productos fermentados (productos de leche cruda, verduras), productos de coco, semillas germinadas (las semillas de ch\u00eda, s\u00e9samo, lino, y de c\u00e1\u00f1amo), y el caldo (caldo de hueso).<\/p>\n<p>Los organismos gen\u00e9ticamente modificados se pueden encontrar en: productos l\u00e1cteos, papas, papayas, tomates, arroz, guisantes, algod\u00f3n, soya, ma\u00edz y colza. Debido a la utilizaci\u00f3n de plaguicidas las siguientes frutas y variedades vegetales deber\u00edan ser cultivadas org\u00e1nicamente: manzanas, pimiento rojo, apio, uvas, nectarinas, col rizada, cerezas, fresas, lechugas, melocotones y peras.<\/p>\n<p><img loading=\"lazy\" decoding=\"async\" class=\"alignleft wp-image-17307 size-medium\" src=\"https:\/\/www.naturalscience.org\/wp-content\/uploads\/2016\/01\/hofmann_web_2-227x300.jpg\" alt=\"hofmann_web\" width=\"227\" height=\"300\" srcset=\"https:\/\/www.naturalscience.org\/wp-content\/uploads\/2016\/01\/hofmann_web_2-227x300.jpg 227w, https:\/\/www.naturalscience.org\/wp-content\/uploads\/2016\/01\/hofmann_web_2-124x164.jpg 124w, https:\/\/www.naturalscience.org\/wp-content\/uploads\/2016\/01\/hofmann_web_2.jpg 606w\" sizes=\"auto, (max-width: 227px) 100vw, 227px\" \/><strong>Marcel Hoffmann, MSEE\/ Diplomado en Ingenier\u00eda El\u00e9ctrica.<\/strong> En cuanto al hecho problem\u00e1tico de la radiaci\u00f3n t\u00e9cnica de microondas, creada por el hombre, el campo bio-el\u00e9ctrico en animales y plantas ya hab\u00eda sido comprobado en la d\u00e9cada de 1940. Por lo tanto est\u00e1 claro que cualquier radiaci\u00f3n afectar\u00e1 el cuerpo de alguna manera. Incluso el hombre utiliza un sistema de control de corriente continua que regula el sistema nervioso. Cada \u00f3rgano tiene una frecuencia \u00fanica medible (vibraci\u00f3n); todos los \u00f3rganos vibran a una oscilaci\u00f3n diferente. Las c\u00e9lulas se pueden programar a trav\u00e9s de la informaci\u00f3n de la que est\u00e1n expuestas en su entorno. Al igual que las abejas, el cerebro humano contiene una gran cantidad de magnetita, lo que significa que los campos magn\u00e9ticos exteriores (como los creados a trav\u00e9s de la radiaci\u00f3n t\u00e9cnica) afectan directamente a nuestro cerebro. La protecci\u00f3n contra la radiaci\u00f3n t\u00e9cnica significa: eludir, apagar, alejarse del Wi-Fi, l\u00edneas el\u00e9ctricas de alta tensi\u00f3n, subestaciones el\u00e9ctricas, antenas de telefon\u00eda m\u00f3vil, etc\u00e9tera, y el fortalecimiento del cuerpo.<\/p>\n<p><img loading=\"lazy\" decoding=\"async\" class=\"alignright wp-image-17303 size-medium\" src=\"https:\/\/www.naturalscience.org\/wp-content\/uploads\/2016\/01\/z-cox_waldmann_web-300x235.jpg\" alt=\"z-cox_waldmann_web\" width=\"300\" height=\"235\" srcset=\"https:\/\/www.naturalscience.org\/wp-content\/uploads\/2016\/01\/z-cox_waldmann_web-300x235.jpg 300w, https:\/\/www.naturalscience.org\/wp-content\/uploads\/2016\/01\/z-cox_waldmann_web-768x601.jpg 768w, https:\/\/www.naturalscience.org\/wp-content\/uploads\/2016\/01\/z-cox_waldmann_web-164x128.jpg 164w, https:\/\/www.naturalscience.org\/wp-content\/uploads\/2016\/01\/z-cox_waldmann_web.jpg 1000w\" sizes=\"auto, (max-width: 300px) 100vw, 300px\" \/>La dentadura como espejo de nuestra salud: <strong>Dr Zac Cox, Odont\u00f3logo y Lukas Waldmann, Natur\u00f3pata,<\/strong> ilustraron sobre cu\u00e1n importante es la dieta adecuada para nuestra dentadura al igual que para nuestra salud. Cualquier inflamaci\u00f3n cr\u00f3nica tiene un efecto en todo nuestro cuerpo. La caries dental es causada por el ambiente interno (de la cavidad) y no por las bacterias. La caries dental tiene que ver con: az\u00facar blanco, harina blanca, estr\u00e9s (\u00a1miedo!), la falta de magnesio, zinc, cobre o adem\u00e1s con un desequilibrio del agua y la sal. Los fluoruros son toxinas acumulativas. El estudio del a\u00f1o 2012 por la OMS demuestra que no hay diferencia entre la caries dental en los pa\u00edses con agua potable fluorizada y la caries en los pa\u00edses que no agregan fluoruro a su agua potable.<\/p>\n<p><img loading=\"lazy\" decoding=\"async\" class=\"alignleft wp-image-17304 size-medium\" src=\"https:\/\/www.naturalscience.org\/wp-content\/uploads\/2016\/01\/baars_web-199x300.jpg\" alt=\"baars_web\" width=\"199\" height=\"300\" srcset=\"https:\/\/www.naturalscience.org\/wp-content\/uploads\/2016\/01\/baars_web-199x300.jpg 199w, https:\/\/www.naturalscience.org\/wp-content\/uploads\/2016\/01\/baars_web-109x164.jpg 109w, https:\/\/www.naturalscience.org\/wp-content\/uploads\/2016\/01\/baars_web.jpg 664w\" sizes=\"auto, (max-width: 199px) 100vw, 199px\" \/><strong>Prof. Dr. Ton Baars, Instituto de Investigaci\u00f3n de Agricultura Org\u00e1nica,<\/strong> demostr\u00f3 en su muy interesante conferencia sobre la leche el porqu\u00e9 cada vez m\u00e1s personas sufren de intolerancia a la lactosa y que el ganado se ha deteriorado al convertirse en s\u00f3lo m\u00e1quinas (productividad). La leche ultra-pasteurizada y pasteurizada hace mucho tiempo ha reemplazado toda la leche cruda, por desgracia, porque la leche cruda protege de las alergias, el asma, la fiebre del heno y la infecci\u00f3n del o\u00eddo medio. Tiene un impacto preventivo y puede curar enfermedades existentes. No hay raz\u00f3n para tomar leche descremada y desde luego no por razones de peso, porque la obesidad tiene que ver sobre todo con una relaci\u00f3n desequilibrada entre la dieta y la actividad f\u00edsica.<\/p>\n<p>Los hallazgos, presentados por todos los conferencistas con habilidad y entusiasmo, demostraron claramente cu\u00e1n bien y de que manera significativa la naturaleza se organiza y cu\u00e1n importante es incluso su elemento m\u00e1s peque\u00f1o. El hilo conductor de todo el Congreso fue la importancia de los microorganismos. Si el hombre destruye o interfiere a estos microorganismos por razones de codicia e ignorancia, esto tendr\u00e1 consecuencias de largo alcance para toda la vida. No obstante, los oradores tambi\u00e9n pudieron demostrar claramente que hay soluciones para todos nuestros problemas actuales\u2014y a menudo s\u00f3lo una mirada a la naturaleza es suficiente para darnos la respuesta.<\/p>\n<p>Informaci\u00f3n adicional sobre nuestros oradores se puede encontrar <a href=\"https:\/\/www.naturalscience.org\/wp-content\/uploads\/2015\/10\/Congreso-2015-Temas-Conferencistas.pdf\" target=\"_blank\">aqu\u00ed<\/a>.<\/p>\n<p>&nbsp;<\/p>\n<h2 class=\"text-center\">Lo que dijeron nuestros participantes<\/h2>\n<div class=\"row\">\n<div class=\"small-24 medium-8 columns\">\n<blockquote><p>\u00a1Muchas gracias por el gran esp\u00edritu durante el Congreso de la WFNS! Fue un gran privilegio estar all\u00ed y experiment\u00e9 una nueva perspectiva de la vida. Despu\u00e9s del Congreso cambiamos la dieta de nuestras mascotas y les dimos el alimento h\u00famedo en vez de seco como nos lo dijo en su conferencia la Dra. M\u00e9dica Veterinaria Nicole Herout. Nuestros gatos ahora parecen estar mucho m\u00e1s felices. As\u00ed que gracias de nuevo por toda la informaci\u00f3n que recibimos durante el Congreso.<cite>Gintas Stankevicius, Gran Breta\u00f1a<\/cite><\/p><\/blockquote>\n<\/div>\n<div class=\"small-24 medium-8 columns\">\n<blockquote><p>Muchas gracias por este gran Congreso. Qued\u00e9 muy impresionada por el hecho de que todos los conferencistas con sus diferentes temas estuvieron refiri\u00e9ndose al mismo tema central. Ustedes me han dado una perspectiva diferente y ahora s\u00e9 que depende de cada uno de nosotros y que no es demasiado tarde para uno comprometerse a efectuar un cambio positivo en este mundo.<cite>Ruth Widmer, Suiza<\/cite><\/p><\/blockquote>\n<\/div>\n<div class=\"small-24 medium-8 columns\">\n<blockquote><p>Las presentaciones fueron fant\u00e1sticas. Trataron con profundidad los temas que me interesaban y absorb\u00edan durante a\u00f1os. Especialmente impresionante para m\u00ed fue la apertura sorprendente y la participaci\u00f3n mundial\u2014ante todo de los j\u00f3venes, adem\u00e1s. Esto me da esperanza para el futuro. Lo que realmente toc\u00f3 mi coraz\u00f3n inmediatamente fue la decoraci\u00f3n y el arreglo exquisitos y hermosos del sal\u00f3n del Congreso.<cite>Hiltrud de Ulm, Alemania, 80 a\u00f1os de edad<\/cite><\/p><\/blockquote>\n<\/div>\n<\/div>\n<h2 style=\"text-align: center;\">Impresiones<\/h2>\nngg_shortcode_0_placeholder\n","protected":false},"excerpt":{"rendered":"Rese\u00f1a del 20\u00ba Congreso Mundial Internacional \u201cNuevas Perspectivas Cient\u00edficas\u201d De The World Foundation for Natural Science \u201c\u00a1Que la Naturaleza sea su Maestra!\u201d Desde el Jueves, 29 de Octubre hasta el Domingo, 1\u00ba de Noviembre de 2015 &nbsp; Angelika L\u00fcbke Hildebrandt, experta en la calidad del suelo, nos dio a entender que el suelo es un [&hellip;]","protected":false},"author":9,"featured_media":0,"parent":15357,"menu_order":21,"comment_status":"closed","ping_status":"closed","template":"page-full.php","meta":{"_acf_changed":false,"ngg_post_thumbnail":0,"footnotes":""},"categories":[],"class_list":["post-17595","page","type-page","status-publish","hentry","wpautop"],"acf":[],"yoast_head":"<!-- This site is optimized with the Yoast SEO plugin v27.5 - https:\/\/yoast.com\/product\/yoast-seo-wordpress\/ -->\n<title>Rese\u00f1a del 20\u00ba Congreso Mundial Internacional \u201cNuevas Perspectivas Cient\u00edficas\u201d<\/title>\n<meta name=\"robots\" content=\"index, follow, max-snippet:-1, max-image-preview:large, max-video-preview:-1\" \/>\n<link rel=\"canonical\" href=\"https:\/\/www.naturalscience.org\/es\/congreso-2015\/resena\/\" \/>\n<meta name=\"twitter:label1\" content=\"Tiempo de lectura\" \/>\n\t<meta name=\"twitter:data1\" content=\"9 minutos\" \/>\n<script type=\"application\/ld+json\" class=\"yoast-schema-graph\">{\"@context\":\"https:\\\/\\\/schema.org\",\"@graph\":[{\"@type\":\"WebPage\",\"@id\":\"https:\\\/\\\/www.naturalscience.org\\\/es\\\/congreso-2015\\\/resena\\\/\",\"url\":\"https:\\\/\\\/www.naturalscience.org\\\/es\\\/congreso-2015\\\/resena\\\/\",\"name\":\"Rese\u00f1a del 20\u00ba Congreso Mundial Internacional \u201cNuevas Perspectivas Cient\u00edficas\u201d\",\"isPartOf\":{\"@id\":\"https:\\\/\\\/www.naturalscience.org\\\/#website\"},\"primaryImageOfPage\":{\"@id\":\"https:\\\/\\\/www.naturalscience.org\\\/es\\\/congreso-2015\\\/resena\\\/#primaryimage\"},\"image\":{\"@id\":\"https:\\\/\\\/www.naturalscience.org\\\/es\\\/congreso-2015\\\/resena\\\/#primaryimage\"},\"thumbnailUrl\":\"https:\\\/\\\/www.naturalscience.org\\\/wp-content\\\/uploads\\\/2016\\\/01\\\/luebke-hildebrandt_web-e1452953370360-264x300.jpg\",\"datePublished\":\"2016-02-04T19:57:21+00:00\",\"dateModified\":\"2026-04-30T18:19:17+00:00\",\"breadcrumb\":{\"@id\":\"https:\\\/\\\/www.naturalscience.org\\\/es\\\/congreso-2015\\\/resena\\\/#breadcrumb\"},\"inLanguage\":\"es\",\"potentialAction\":[{\"@type\":\"ReadAction\",\"target\":[\"https:\\\/\\\/www.naturalscience.org\\\/es\\\/congreso-2015\\\/resena\\\/\"]}]},{\"@type\":\"ImageObject\",\"inLanguage\":\"es\",\"@id\":\"https:\\\/\\\/www.naturalscience.org\\\/es\\\/congreso-2015\\\/resena\\\/#primaryimage\",\"url\":\"https:\\\/\\\/www.naturalscience.org\\\/wp-content\\\/uploads\\\/2016\\\/01\\\/luebke-hildebrandt_web-e1452953370360-264x300.jpg\",\"contentUrl\":\"https:\\\/\\\/www.naturalscience.org\\\/wp-content\\\/uploads\\\/2016\\\/01\\\/luebke-hildebrandt_web-e1452953370360-264x300.jpg\"},{\"@type\":\"BreadcrumbList\",\"@id\":\"https:\\\/\\\/www.naturalscience.org\\\/es\\\/congreso-2015\\\/resena\\\/#breadcrumb\",\"itemListElement\":[{\"@type\":\"ListItem\",\"position\":1,\"name\":\"Home\",\"item\":\"https:\\\/\\\/www.naturalscience.org\\\/es\\\/\"},{\"@type\":\"ListItem\",\"position\":2,\"name\":\"El 20\u00b0 Congreso Mundial Internacional \u201cNuevas Perspectivas Cient\u00edficas\u201d\",\"item\":\"https:\\\/\\\/www.naturalscience.org\\\/es\\\/congreso-2015\\\/\"},{\"@type\":\"ListItem\",\"position\":3,\"name\":\"Rese\u00f1a\"}]},{\"@type\":\"WebSite\",\"@id\":\"https:\\\/\\\/www.naturalscience.org\\\/#website\",\"url\":\"https:\\\/\\\/www.naturalscience.org\\\/\",\"name\":\"The World Foundation for Natural Science\",\"description\":\"Restoring and Healing the World through Responsibility and Commitment in accord with Natural and Divine Law!\",\"potentialAction\":[{\"@type\":\"SearchAction\",\"target\":{\"@type\":\"EntryPoint\",\"urlTemplate\":\"https:\\\/\\\/www.naturalscience.org\\\/?s={search_term_string}\"},\"query-input\":{\"@type\":\"PropertyValueSpecification\",\"valueRequired\":true,\"valueName\":\"search_term_string\"}}],\"inLanguage\":\"es\"}]}<\/script>\n<!-- \/ Yoast SEO plugin. -->","yoast_head_json":{"title":"Rese\u00f1a del 20\u00ba Congreso Mundial Internacional \u201cNuevas Perspectivas Cient\u00edficas\u201d","robots":{"index":"index","follow":"follow","max-snippet":"max-snippet:-1","max-image-preview":"max-image-preview:large","max-video-preview":"max-video-preview:-1"},"canonical":"https:\/\/www.naturalscience.org\/es\/congreso-2015\/resena\/","twitter_misc":{"Tiempo de lectura":"9 minutos"},"schema":{"@context":"https:\/\/schema.org","@graph":[{"@type":"WebPage","@id":"https:\/\/www.naturalscience.org\/es\/congreso-2015\/resena\/","url":"https:\/\/www.naturalscience.org\/es\/congreso-2015\/resena\/","name":"Rese\u00f1a del 20\u00ba Congreso Mundial Internacional \u201cNuevas Perspectivas Cient\u00edficas\u201d","isPartOf":{"@id":"https:\/\/www.naturalscience.org\/#website"},"primaryImageOfPage":{"@id":"https:\/\/www.naturalscience.org\/es\/congreso-2015\/resena\/#primaryimage"},"image":{"@id":"https:\/\/www.naturalscience.org\/es\/congreso-2015\/resena\/#primaryimage"},"thumbnailUrl":"https:\/\/www.naturalscience.org\/wp-content\/uploads\/2016\/01\/luebke-hildebrandt_web-e1452953370360-264x300.jpg","datePublished":"2016-02-04T19:57:21+00:00","dateModified":"2026-04-30T18:19:17+00:00","breadcrumb":{"@id":"https:\/\/www.naturalscience.org\/es\/congreso-2015\/resena\/#breadcrumb"},"inLanguage":"es","potentialAction":[{"@type":"ReadAction","target":["https:\/\/www.naturalscience.org\/es\/congreso-2015\/resena\/"]}]},{"@type":"ImageObject","inLanguage":"es","@id":"https:\/\/www.naturalscience.org\/es\/congreso-2015\/resena\/#primaryimage","url":"https:\/\/www.naturalscience.org\/wp-content\/uploads\/2016\/01\/luebke-hildebrandt_web-e1452953370360-264x300.jpg","contentUrl":"https:\/\/www.naturalscience.org\/wp-content\/uploads\/2016\/01\/luebke-hildebrandt_web-e1452953370360-264x300.jpg"},{"@type":"BreadcrumbList","@id":"https:\/\/www.naturalscience.org\/es\/congreso-2015\/resena\/#breadcrumb","itemListElement":[{"@type":"ListItem","position":1,"name":"Home","item":"https:\/\/www.naturalscience.org\/es\/"},{"@type":"ListItem","position":2,"name":"El 20\u00b0 Congreso Mundial Internacional \u201cNuevas Perspectivas Cient\u00edficas\u201d","item":"https:\/\/www.naturalscience.org\/es\/congreso-2015\/"},{"@type":"ListItem","position":3,"name":"Rese\u00f1a"}]},{"@type":"WebSite","@id":"https:\/\/www.naturalscience.org\/#website","url":"https:\/\/www.naturalscience.org\/","name":"The World Foundation for Natural Science","description":"Restoring and Healing the World through Responsibility and Commitment in accord with Natural and Divine Law!","potentialAction":[{"@type":"SearchAction","target":{"@type":"EntryPoint","urlTemplate":"https:\/\/www.naturalscience.org\/?s={search_term_string}"},"query-input":{"@type":"PropertyValueSpecification","valueRequired":true,"valueName":"search_term_string"}}],"inLanguage":"es"}]}},"_links":{"self":[{"href":"https:\/\/www.naturalscience.org\/es\/wp-json\/wp\/v2\/pages\/17595","targetHints":{"allow":["GET"]}}],"collection":[{"href":"https:\/\/www.naturalscience.org\/es\/wp-json\/wp\/v2\/pages"}],"about":[{"href":"https:\/\/www.naturalscience.org\/es\/wp-json\/wp\/v2\/types\/page"}],"author":[{"embeddable":true,"href":"https:\/\/www.naturalscience.org\/es\/wp-json\/wp\/v2\/users\/9"}],"replies":[{"embeddable":true,"href":"https:\/\/www.naturalscience.org\/es\/wp-json\/wp\/v2\/comments?post=17595"}],"version-history":[{"count":13,"href":"https:\/\/www.naturalscience.org\/es\/wp-json\/wp\/v2\/pages\/17595\/revisions"}],"predecessor-version":[{"id":43983,"href":"https:\/\/www.naturalscience.org\/es\/wp-json\/wp\/v2\/pages\/17595\/revisions\/43983"}],"up":[{"embeddable":true,"href":"https:\/\/www.naturalscience.org\/es\/wp-json\/wp\/v2\/pages\/15357"}],"wp:attachment":[{"href":"https:\/\/www.naturalscience.org\/es\/wp-json\/wp\/v2\/media?parent=17595"}],"wp:term":[{"taxonomy":"category","embeddable":true,"href":"https:\/\/www.naturalscience.org\/es\/wp-json\/wp\/v2\/categories?post=17595"}],"curies":[{"name":"wp","href":"https:\/\/api.w.org\/{rel}","templated":true}]}}