{"id":16414,"date":"2015-10-23T14:18:18","date_gmt":"2015-10-23T12:18:18","guid":{"rendered":"http:\/\/www.naturalscience.org\/es\/?page_id=16414"},"modified":"2022-12-12T09:42:19","modified_gmt":"2022-12-12T08:42:19","slug":"muchas-gracias-por-su-apoyo","status":"publish","type":"page","link":"https:\/\/www.naturalscience.org\/es\/sobre-nosotros\/afiliacion\/muchas-gracias-por-su-apoyo\/","title":{"rendered":"\u00a1Muchas gracias por su apoyo!"},"content":{"rendered":"<p><strong>\u00a1Bienvenido a &nbsp;The World Foundation for Natural Science!<\/strong><\/p>\n<p>Usted recibir\u00e1 un correo electr\u00f3nico nuestro en breve que enumera sus datos presentados y le informa de los pasos a seguir.<\/p>\n<p>&nbsp;<\/p>\n<p>Si usted eligi\u00f3 la <strong>transferencia bancaria<\/strong> como su m\u00e9todo de pago le pedimos por favor que transfiera la cantitad a una de las siguientes cuentas:<\/p>\n<p><em>En el momento, todas las cuentas est\u00e1n registradas a nombre de Karin Fuchs, CH-6276 Hohenrain, Switzerland<\/em><\/p>\n<ul>\n<li><strong>Suiza: <\/strong>Raiffeisenbank, Rotkreuz &#8211; IBAN: CH58 8080 8006 5685 36129<\/li>\n<li><strong>Alemania: <\/strong>Raiffeisenbank, Rotkreuz &#8211; IBAN: CH75 8080 8008 2852 8149 6, SWIFT: RAIFCH22E60 (SEPA-Zahlung)<\/li>\n<\/ul>\n","protected":false},"excerpt":{"rendered":"\u00a1Bienvenido a &nbsp;The World Foundation for Natural Science! Usted recibir\u00e1 un correo electr\u00f3nico nuestro en breve que enumera sus datos presentados y le informa de los pasos a seguir. &nbsp; Si usted eligi\u00f3 la transferencia bancaria como su m\u00e9todo de pago le pedimos por favor que transfiera la cantitad a una de las siguientes cuentas: [&hellip;]","protected":false},"author":9,"featured_media":0,"parent":15608,"menu_order":2,"comment_status":"closed","ping_status":"closed","template":"","meta":{"_acf_changed":false,"ngg_post_thumbnail":0,"footnotes":""},"categories":[],"class_list":["post-16414","page","type-page","status-publish","hentry","wpautop"],"acf":[],"yoast_head":"<!-- This site is optimized with the Yoast SEO plugin v27.5 - https:\/\/yoast.com\/product\/yoast-seo-wordpress\/ -->\n<title>\u00a1Muchas gracias por su apoyo! - The World Foundation for Natural Science<\/title>\n<meta name=\"robots\" content=\"index, follow, max-snippet:-1, max-image-preview:large, max-video-preview:-1\" \/>\n<link rel=\"canonical\" href=\"https:\/\/www.naturalscience.org\/es\/sobre-nosotros\/afiliacion\/muchas-gracias-por-su-apoyo\/\" \/>\n<meta name=\"twitter:label1\" content=\"Tiempo de lectura\" \/>\n\t<meta name=\"twitter:data1\" content=\"1 minuto\" \/>\n<script type=\"application\/ld+json\" class=\"yoast-schema-graph\">{\"@context\":\"https:\\\/\\\/schema.org\",\"@graph\":[{\"@type\":\"WebPage\",\"@id\":\"https:\\\/\\\/www.naturalscience.org\\\/es\\\/sobre-nosotros\\\/afiliacion\\\/muchas-gracias-por-su-apoyo\\\/\",\"url\":\"https:\\\/\\\/www.naturalscience.org\\\/es\\\/sobre-nosotros\\\/afiliacion\\\/muchas-gracias-por-su-apoyo\\\/\",\"name\":\"\u00a1Muchas gracias por su apoyo! - The World Foundation for Natural Science\",\"isPartOf\":{\"@id\":\"https:\\\/\\\/www.naturalscience.org\\\/#website\"},\"datePublished\":\"2015-10-23T12:18:18+00:00\",\"dateModified\":\"2022-12-12T08:42:19+00:00\",\"breadcrumb\":{\"@id\":\"https:\\\/\\\/www.naturalscience.org\\\/es\\\/sobre-nosotros\\\/afiliacion\\\/muchas-gracias-por-su-apoyo\\\/#breadcrumb\"},\"inLanguage\":\"es\",\"potentialAction\":[{\"@type\":\"ReadAction\",\"target\":[\"https:\\\/\\\/www.naturalscience.org\\\/es\\\/sobre-nosotros\\\/afiliacion\\\/muchas-gracias-por-su-apoyo\\\/\"]}]},{\"@type\":\"BreadcrumbList\",\"@id\":\"https:\\\/\\\/www.naturalscience.org\\\/es\\\/sobre-nosotros\\\/afiliacion\\\/muchas-gracias-por-su-apoyo\\\/#breadcrumb\",\"itemListElement\":[{\"@type\":\"ListItem\",\"position\":1,\"name\":\"Home\",\"item\":\"https:\\\/\\\/www.naturalscience.org\\\/es\\\/\"},{\"@type\":\"ListItem\",\"position\":2,\"name\":\"Sobre nosotros\",\"item\":\"https:\\\/\\\/www.naturalscience.org\\\/es\\\/sobre-nosotros\\\/\"},{\"@type\":\"ListItem\",\"position\":3,\"name\":\"Afiliaci\u00f3n\",\"item\":\"https:\\\/\\\/www.naturalscience.org\\\/es\\\/sobre-nosotros\\\/afiliacion\\\/\"},{\"@type\":\"ListItem\",\"position\":4,\"name\":\"\u00a1Muchas gracias por su apoyo!\"}]},{\"@type\":\"WebSite\",\"@id\":\"https:\\\/\\\/www.naturalscience.org\\\/#website\",\"url\":\"https:\\\/\\\/www.naturalscience.org\\\/\",\"name\":\"The World Foundation for Natural Science\",\"description\":\"Restoring and Healing the World through Responsibility and Commitment in accord with Natural and Divine Law!\",\"potentialAction\":[{\"@type\":\"SearchAction\",\"target\":{\"@type\":\"EntryPoint\",\"urlTemplate\":\"https:\\\/\\\/www.naturalscience.org\\\/?s={search_term_string}\"},\"query-input\":{\"@type\":\"PropertyValueSpecification\",\"valueRequired\":true,\"valueName\":\"search_term_string\"}}],\"inLanguage\":\"es\"}]}<\/script>\n<!-- \/ Yoast SEO plugin. -->","yoast_head_json":{"title":"\u00a1Muchas gracias por su apoyo! - The World Foundation for Natural Science","robots":{"index":"index","follow":"follow","max-snippet":"max-snippet:-1","max-image-preview":"max-image-preview:large","max-video-preview":"max-video-preview:-1"},"canonical":"https:\/\/www.naturalscience.org\/es\/sobre-nosotros\/afiliacion\/muchas-gracias-por-su-apoyo\/","twitter_misc":{"Tiempo de lectura":"1 minuto"},"schema":{"@context":"https:\/\/schema.org","@graph":[{"@type":"WebPage","@id":"https:\/\/www.naturalscience.org\/es\/sobre-nosotros\/afiliacion\/muchas-gracias-por-su-apoyo\/","url":"https:\/\/www.naturalscience.org\/es\/sobre-nosotros\/afiliacion\/muchas-gracias-por-su-apoyo\/","name":"\u00a1Muchas gracias por su apoyo! - The World Foundation for Natural Science","isPartOf":{"@id":"https:\/\/www.naturalscience.org\/#website"},"datePublished":"2015-10-23T12:18:18+00:00","dateModified":"2022-12-12T08:42:19+00:00","breadcrumb":{"@id":"https:\/\/www.naturalscience.org\/es\/sobre-nosotros\/afiliacion\/muchas-gracias-por-su-apoyo\/#breadcrumb"},"inLanguage":"es","potentialAction":[{"@type":"ReadAction","target":["https:\/\/www.naturalscience.org\/es\/sobre-nosotros\/afiliacion\/muchas-gracias-por-su-apoyo\/"]}]},{"@type":"BreadcrumbList","@id":"https:\/\/www.naturalscience.org\/es\/sobre-nosotros\/afiliacion\/muchas-gracias-por-su-apoyo\/#breadcrumb","itemListElement":[{"@type":"ListItem","position":1,"name":"Home","item":"https:\/\/www.naturalscience.org\/es\/"},{"@type":"ListItem","position":2,"name":"Sobre nosotros","item":"https:\/\/www.naturalscience.org\/es\/sobre-nosotros\/"},{"@type":"ListItem","position":3,"name":"Afiliaci\u00f3n","item":"https:\/\/www.naturalscience.org\/es\/sobre-nosotros\/afiliacion\/"},{"@type":"ListItem","position":4,"name":"\u00a1Muchas gracias por su apoyo!"}]},{"@type":"WebSite","@id":"https:\/\/www.naturalscience.org\/#website","url":"https:\/\/www.naturalscience.org\/","name":"The World Foundation for Natural Science","description":"Restoring and Healing the World through Responsibility and Commitment in accord with Natural and Divine Law!","potentialAction":[{"@type":"SearchAction","target":{"@type":"EntryPoint","urlTemplate":"https:\/\/www.naturalscience.org\/?s={search_term_string}"},"query-input":{"@type":"PropertyValueSpecification","valueRequired":true,"valueName":"search_term_string"}}],"inLanguage":"es"}]}},"_links":{"self":[{"href":"https:\/\/www.naturalscience.org\/es\/wp-json\/wp\/v2\/pages\/16414","targetHints":{"allow":["GET"]}}],"collection":[{"href":"https:\/\/www.naturalscience.org\/es\/wp-json\/wp\/v2\/pages"}],"about":[{"href":"https:\/\/www.naturalscience.org\/es\/wp-json\/wp\/v2\/types\/page"}],"author":[{"embeddable":true,"href":"https:\/\/www.naturalscience.org\/es\/wp-json\/wp\/v2\/users\/9"}],"replies":[{"embeddable":true,"href":"https:\/\/www.naturalscience.org\/es\/wp-json\/wp\/v2\/comments?post=16414"}],"version-history":[{"count":4,"href":"https:\/\/www.naturalscience.org\/es\/wp-json\/wp\/v2\/pages\/16414\/revisions"}],"predecessor-version":[{"id":38176,"href":"https:\/\/www.naturalscience.org\/es\/wp-json\/wp\/v2\/pages\/16414\/revisions\/38176"}],"up":[{"embeddable":true,"href":"https:\/\/www.naturalscience.org\/es\/wp-json\/wp\/v2\/pages\/15608"}],"wp:attachment":[{"href":"https:\/\/www.naturalscience.org\/es\/wp-json\/wp\/v2\/media?parent=16414"}],"wp:term":[{"taxonomy":"category","embeddable":true,"href":"https:\/\/www.naturalscience.org\/es\/wp-json\/wp\/v2\/categories?post=16414"}],"curies":[{"name":"wp","href":"https:\/\/api.w.org\/{rel}","templated":true}]}}