{"id":16076,"date":"2015-10-16T11:47:30","date_gmt":"2015-10-16T09:47:30","guid":{"rendered":"http:\/\/www.naturalscience.org\/es\/?page_id=16076"},"modified":"2015-10-20T21:52:31","modified_gmt":"2015-10-20T19:52:31","slug":"temas","status":"publish","type":"page","link":"https:\/\/www.naturalscience.org\/es\/congreso-2015\/temas\/","title":{"rendered":"Informaci\u00f3n general de los temas"},"content":{"rendered":"<p><img loading=\"lazy\" decoding=\"async\" src=\"https:\/\/www.naturalscience.org\/wp-content\/uploads\/2015\/09\/header-soil-2.jpg\" alt=\"header-soil-2\" width=\"970\" height=\"220\" class=\"alignnone size-full wp-image-15731\" srcset=\"https:\/\/www.naturalscience.org\/wp-content\/uploads\/2015\/09\/header-soil-2.jpg 970w, https:\/\/www.naturalscience.org\/wp-content\/uploads\/2015\/09\/header-soil-2-300x68.jpg 300w, https:\/\/www.naturalscience.org\/wp-content\/uploads\/2015\/09\/header-soil-2-164x37.jpg 164w\" sizes=\"auto, (max-width: 970px) 100vw, 970px\" \/><\/p>\n<h2>El Suelo \u2013 La Base para nuestra Vidas \u2013 se ha Convertido en un Enfermo Fatal. Un llamado a la Acci\u00f3n.<\/h2>\n<p>Alrededor del mundo el suelo est\u00e1 en una condici\u00f3n desastrosa, causada por la industrializaci\u00f3n y el uso inconsciente de pesticidas. Predominantemente orientado con fines de lucro y un pensamiento miope pone al suelo de la Tierra, la base m\u00e1s importante para nuestras vidas, no s\u00f3lo en riesgo, sino que una gran extensi\u00f3n ya ha sido perdida. Usted va a aprender las soluciones en lo que se refiere a c\u00f3mo cada uno de nosotros individualmente y como una sociedad en general podemos contribuir a la capacidad del suelo para regenerarse y tambi\u00e9n producir \u201cverdaderos alimentos para la vida\u201d.<br \/>\n<em><strong><a href=\"https:\/\/www.naturalscience.org\/es\/congreso-2015\/conferencistas\/#Luebke-Hildebrandt\">Angelika L\u00fcbke-Hildebrandt<\/a><\/strong>, Master en Ciencias. Experta en calidad del suelo, URS, Gesti\u00f3n de Tierras, Investigaci\u00f3n Unida del Suelo, Peuerbach, Austria<\/em><\/p>\n<p>&nbsp;<\/p>\n<p><img loading=\"lazy\" decoding=\"async\" class=\"alignnone wp-image-15704 size-full\" src=\"https:\/\/www.naturalscience.org\/wp-content\/uploads\/2015\/09\/header-natural-birth-2.jpg\" alt=\"header-natural-birth-2\" width=\"970\" height=\"220\" srcset=\"https:\/\/www.naturalscience.org\/wp-content\/uploads\/2015\/09\/header-natural-birth-2.jpg 970w, https:\/\/www.naturalscience.org\/wp-content\/uploads\/2015\/09\/header-natural-birth-2-300x68.jpg 300w, https:\/\/www.naturalscience.org\/wp-content\/uploads\/2015\/09\/header-natural-birth-2-164x37.jpg 164w\" sizes=\"auto, (max-width: 970px) 100vw, 970px\" \/><\/p>\n<h2>\u00a1El Parto es un Proceso otorgado por Dios! El Parto por Ces\u00e1rea \u2013 un Creador absoluto de Problemas.<\/h2>\n<p>En los \u00faltimos 20 a\u00f1os la tasa de ces\u00e1reas en nuestro mundo civilizado se ha m\u00e1s que duplicado. Sin embargo, es la elecci\u00f3n de la madre de c\u00f3mo dar a luz lo que significativamente afecta la salud del reci\u00e9n nacido. En contraste con el parto natural el paso de microorganismos vitales de la madre al beb\u00e9 no ocurre durante un parto por ces\u00e1rea. Con base en sus experiencias personales, Harman y Wokeford, ambos exitosos padres, nos comparten lo que ocurre durante un parto natural y c\u00f3mo una ces\u00e1rea puede afectar a las futuras generaciones. Nos cuentan lo que se puede hacer&nbsp;\u00a1si un parto por ces\u00e1rea es inevitable!<br \/>\n<em><strong><a href=\"https:\/\/www.naturalscience.org\/es\/congreso-2015\/conferencistas\/#Harman-Wakeford\">Toni Harman &#038; Alex Wakeford<\/a><\/strong>, cineastas y productores de la premiada pel\u00edcula \u201cMicrobirth\u201d, Inglaterra<\/em><\/p>\n<p>&nbsp;<\/p>\n<p><img loading=\"lazy\" decoding=\"async\" class=\"alignnone wp-image-15701 size-full\" src=\"https:\/\/www.naturalscience.org\/wp-content\/uploads\/2015\/09\/header-farm-animals.jpg\" alt=\"header-farm-animals\" width=\"970\" height=\"220\" srcset=\"https:\/\/www.naturalscience.org\/wp-content\/uploads\/2015\/09\/header-farm-animals.jpg 970w, https:\/\/www.naturalscience.org\/wp-content\/uploads\/2015\/09\/header-farm-animals-300x68.jpg 300w, https:\/\/www.naturalscience.org\/wp-content\/uploads\/2015\/09\/header-farm-animals-164x37.jpg 164w\" sizes=\"auto, (max-width: 970px) 100vw, 970px\" \/><\/p>\n<h2>La Alimentaci\u00f3n con Antibi\u00f3ticos para el Ganado y las Consecuencias Funestas.<\/h2>\n<p>Solo en la Uni\u00f3n Europea mueren 25.000 personas cada a\u00f1o por infecciones causadas por g\u00e9rmenes resistentes a los antibi\u00f3ticos. La aplicaci\u00f3n incorrecta de antibi\u00f3ticos sint\u00e9ticos en la agricultura tiene una parte en esto. Estos antibi\u00f3ticos entran al agua subterr\u00e1nea a trav\u00e9s de los excrementos naturales de los animales y finalmente terminan en nuestro plato y en nuestra comida diaria. Esto significa que los antibi\u00f3ticos ya no funcionan para el hombre y los animales. C\u00f3mo cambiar esta pr\u00e1ctica potencialmente mortal para conducir a una armon\u00eda renovada del hombre, los animales y la naturaleza ser\u00e1 presentada por el<br \/>\n<em><strong><a href=\"https:\/\/www.naturalscience.org\/es\/congreso-2015\/conferencistas\/#Herout\">Dr. med. vet. Nicole Herout<\/a><\/strong>, Centro para la Medicina Veterinaria Hol\u00edstica, Lichtemberg, Austria<\/em><\/p>\n<p>&nbsp;<\/p>\n<p><img loading=\"lazy\" decoding=\"async\" class=\"alignnone size-full wp-image-15702\" src=\"https:\/\/www.naturalscience.org\/wp-content\/uploads\/2015\/09\/header-injection-2.jpg\" alt=\"header-injection\" width=\"970\" height=\"220\" srcset=\"https:\/\/www.naturalscience.org\/wp-content\/uploads\/2015\/09\/header-injection-2.jpg 970w, https:\/\/www.naturalscience.org\/wp-content\/uploads\/2015\/09\/header-injection-2-300x68.jpg 300w, https:\/\/www.naturalscience.org\/wp-content\/uploads\/2015\/09\/header-injection-2-164x37.jpg 164w\" sizes=\"auto, (max-width: 970px) 100vw, 970px\" \/><\/p>\n<h2>\u00bfLa Vacunaci\u00f3n \u2013 Mito o Amenaza?<\/h2>\n<p>Las vacunas, que se basan en f\u00f3rmulas sint\u00e9ticas, debilitan el sistema inmunol\u00f3gico. Tales \u201crecetas\u201d tienen algunos efectos secundarios graves e irreversibles. Muchos m\u00e9dicos ya son conscientes de este hecho y evitan su vacunaci\u00f3n y la de sus familias por completo. Los estudios de la eficacia y las pruebas del \u00e9xito son proporcionadas en su mayor\u00eda por los mismos fabricantes de los productos y deben ser vistos como totalmente subjetivos.&nbsp;\u00bfEn justificable excluir de la escuela a los ni\u00f1os no vacunados, alejar a los ciudadanos de sus lugares de trabajo o incluso obligar a la gente a ser vacunada considerando este profundo conjunto de problemas? Una demostraci\u00f3n profesional de los contra-argumentos y evidencias de audio ser\u00e1n presentados en forma educativa en la manera m\u00e1s profesional por<br \/>\n<em><strong><a href=\"https:\/\/www.naturalscience.org\/es\/congreso-2015\/conferencistas\/#Trappitsch\">Daniel Trappitsch<\/a><\/strong>, Delegado de&nbsp;\u00abImpfentscheid\u00bb Network Board, Buchs, Suiza<\/em><\/p>\n<p>&nbsp;<\/p>\n<p><img loading=\"lazy\" decoding=\"async\" src=\"https:\/\/www.naturalscience.org\/wp-content\/uploads\/2015\/09\/header-gmo-2.jpg\" alt=\"header-gmo-2\" width=\"970\" height=\"220\" class=\"alignnone size-full wp-image-15705\" srcset=\"https:\/\/www.naturalscience.org\/wp-content\/uploads\/2015\/09\/header-gmo-2.jpg 970w, https:\/\/www.naturalscience.org\/wp-content\/uploads\/2015\/09\/header-gmo-2-300x68.jpg 300w, https:\/\/www.naturalscience.org\/wp-content\/uploads\/2015\/09\/header-gmo-2-164x37.jpg 164w\" sizes=\"auto, (max-width: 970px) 100vw, 970px\" \/><\/p>\n<h2>La Ingenier\u00eda Gen\u00e9tica \u2013 El Asesino Oculto de nuestra Salud y de nuestra Completa Calidad de Vida.<\/h2>\n<p>Ya el 90% de los alimentos para beb\u00e9s y el 80% de toda la comida procesada es gen\u00e9ticamente modificada. Las sustancias gen\u00e9ticamente modificadas se pueden encontrar en las semillas de soya y ma\u00edz y tan frecuentemente en alimentos de animales para perros, gatos, vacas, aves y peces, as\u00ed como en nuestra propia comida. Los efectos de los organismos modificados gen\u00e9ticamente tienen un desastroso potencial\u2013que va desde alergias, hasta el c\u00e1ncer e incluso la muerte, causando un enorme da\u00f1o. Estos trastornan la completa cadena alimenticia. Les mostramos d\u00f3nde poner la atenci\u00f3n para tener s\u00f3lo comida org\u00e1nica, natural en su plato.<br \/>\n<em><strong><a href=\"https:\/\/www.naturalscience.org\/es\/congreso-2015\/conferencistas\/#Karl-Cox\">Prof. Dr. Karl Cox, PhD<\/a><\/strong>, Universidad de Brighton, Inglaterra<br \/>\n<strong><a href=\"https:\/\/www.naturalscience.org\/es\/congreso-2015\/conferencistas\/#Waldmann\">Lukas Waldmann<\/a><\/strong>, Natur\u00f3pata, Rotkreuz, Suiza<\/em><\/p>\n<p>&nbsp;<\/p>\n<p><img loading=\"lazy\" decoding=\"async\" class=\"alignnone size-full wp-image-12806\" src=\"https:\/\/www.naturalscience.org\/wp-content\/uploads\/2015\/02\/header-microwave-towers.jpg\" alt=\"header-microwave-towers\" width=\"970\" height=\"220\" srcset=\"https:\/\/www.naturalscience.org\/wp-content\/uploads\/2015\/02\/header-microwave-towers.jpg 970w, https:\/\/www.naturalscience.org\/wp-content\/uploads\/2015\/02\/header-microwave-towers-300x68.jpg 300w, https:\/\/www.naturalscience.org\/wp-content\/uploads\/2015\/02\/header-microwave-towers-164x37.jpg 164w\" sizes=\"auto, (max-width: 970px) 100vw, 970px\" \/><\/p>\n<h2>La Radiaci\u00f3n del Tel\u00e9fono M\u00f3vil \u2013 el Intruso Silencioso de los Tiempos Modernos.<\/h2>\n<p>Toda la vida est\u00e1 basada en electromagnetismo. La radiaci\u00f3n de microondas artificiales (causada por la proliferaci\u00f3n mundial de aparatos tales como tel\u00e9fonos m\u00f3viles que se colocan literalmente en las cunas de nuestros hijos, Wi-Fi, tel\u00e9fonos inal\u00e1mbricos y hornos de microondas)&nbsp;\u00a1utiliza el mismo rango de frecuencia que la naturaleza e inclusive el de las propias c\u00e9lulas de nuestro cuerpo, que usan para la comunicaci\u00f3n! Esta radiaci\u00f3n creada artificialmente destruye todos los procesos vitales y amenaza TODA la vida natural. Escuche a cerca de las soluciones de c\u00f3mo proteger la humanidad, los animales y la naturaleza.<br \/>\n<em><strong><a href=\"https:\/\/www.naturalscience.org\/es\/congreso-2015\/conferencistas\/#Hofmann\">Marcel Hofmann, MscEE<\/a><\/strong>, Ingeniero El\u00e9ctricista Graduado, HSR, Utzigen, Suiza<\/em><\/p>\n<p>&nbsp;<\/p>\n<p><img loading=\"lazy\" decoding=\"async\" src=\"https:\/\/www.naturalscience.org\/wp-content\/uploads\/2015\/09\/header-teeth.jpg\" alt=\"header-teeth\" width=\"970\" height=\"220\" class=\"alignnone size-full wp-image-15732\" srcset=\"https:\/\/www.naturalscience.org\/wp-content\/uploads\/2015\/09\/header-teeth.jpg 970w, https:\/\/www.naturalscience.org\/wp-content\/uploads\/2015\/09\/header-teeth-300x68.jpg 300w, https:\/\/www.naturalscience.org\/wp-content\/uploads\/2015\/09\/header-teeth-164x37.jpg 164w\" sizes=\"auto, (max-width: 970px) 100vw, 970px\" \/><\/p>\n<h2>Los Dientes \u2013 Son el Espejo de nuestra Salud&#8230;&nbsp;\u00bfEn Serio?<\/h2>\n<p>Muchas enfermedades y condiciones f\u00edsicas y mentales, desde la depresi\u00f3n hasta el reumatismo y el c\u00e1ncer est\u00e1n directamente relacionadas con la salud de nuestros dientes. Ilustramos mediante ejemplos por qu\u00e9 s\u00f3lo los alimentos naturales son beneficiosos para la salud de nuestros dientes, c\u00f3mo los productos qu\u00edmicos tienen un efecto perjudicial y por qu\u00e9 es necesario limpiar nuestros dientes con pasta dental libre de fluoruro. Adem\u00e1s, les mostraremos los diferentes roles que juegan las bacterias y los metales pesados en la caries dental y cu\u00e1l es la alternativa natural para el fluoruro.<br \/>\n<em><strong><a href=\"https:\/\/www.naturalscience.org\/es\/congreso-2015\/conferencistas\/#Zac-Cox\">Dr. R. Zac Cox BDS<\/a><\/strong>, Odont\u00f3logo Hol\u00edstico, Londres, Inglaterra<br \/>\n<strong><a href=\"https:\/\/www.naturalscience.org\/es\/congreso-2015\/conferencistas\/#Waldmann\">Lukas Waldmann<\/a><\/strong>,Natur\u00f3pata, Rotkreuz, Suiza<\/em><\/p>\n<p>&nbsp;<\/p>\n<p><img loading=\"lazy\" decoding=\"async\" class=\"alignnone size-full wp-image-15703\" src=\"https:\/\/www.naturalscience.org\/wp-content\/uploads\/2015\/09\/header-mild.jpg\" alt=\"header-mild\" width=\"970\" height=\"220\" srcset=\"https:\/\/www.naturalscience.org\/wp-content\/uploads\/2015\/09\/header-mild.jpg 970w, https:\/\/www.naturalscience.org\/wp-content\/uploads\/2015\/09\/header-mild-300x68.jpg 300w, https:\/\/www.naturalscience.org\/wp-content\/uploads\/2015\/09\/header-mild-164x37.jpg 164w\" sizes=\"auto, (max-width: 970px) 100vw, 970px\" \/><\/p>\n<h2>\u00bfToda la Leche es Igual? No tan R\u00e1pido&#8230;<\/h2>\n<p>La leche que est\u00e1 disponible comercialmente y que se conoce como la leche pasteurizada o ultra pasteurizada, la cual se ha degenerado severamente por los procesos de producci\u00f3n, es un estrago en el cuerpo humano que con frecuencia desencadena en asma, alergias y osteoporosis. Sin embargo, la leche cruda del ganado alimentado con pastura org\u00e1nica tiene el efecto opuesto. La leche cruda es un alimento esencial, saludable y beneficioso.&nbsp;\u00a1Reconozca las caracter\u00edsticas del verdadero refresco blanco!<br \/>\n<em><strong><a href=\"https:\/\/www.naturalscience.org\/es\/congreso-2015\/conferencistas\/#Baars\">Prof. Dr. Ton Baars<\/a><\/strong>, Instituto de Investigaci\u00f3n para la Agricultura Biol\u00f3gica (FiBL), Frick, Suiza<\/em><\/p>\n<p>&nbsp;<\/p>\n<div class=\"text-center\" style=\"margin: 20px 0 40px 0;\">\n<a href=\"https:\/\/www.naturalscience.org\/es\/congreso-2015\/inscripcion-del-congreso\/\" class=\"button radius register\"><i class=\"fa fa-chevron-right \" ><\/i>&nbsp;\u00a1Inscr\u00edbase ahora!<\/a>\n<\/div>\n","protected":false},"excerpt":{"rendered":"El Suelo \u2013 La Base para nuestra Vidas \u2013 se ha Convertido en un Enfermo Fatal. Un llamado a la Acci\u00f3n. Alrededor del mundo el suelo est\u00e1 en una condici\u00f3n desastrosa, causada por la industrializaci\u00f3n y el uso inconsciente de pesticidas. Predominantemente orientado con fines de lucro y un pensamiento miope pone al suelo de [&hellip;]","protected":false},"author":9,"featured_media":0,"parent":15357,"menu_order":2,"comment_status":"closed","ping_status":"closed","template":"","meta":{"_acf_changed":false,"ngg_post_thumbnail":0,"footnotes":""},"categories":[],"class_list":["post-16076","page","type-page","status-publish","hentry","wpautop"],"acf":[],"yoast_head":"<!-- This site is optimized with the Yoast SEO plugin v27.4 - https:\/\/yoast.com\/product\/yoast-seo-wordpress\/ -->\n<title>Informaci\u00f3n general de los temas - The World Foundation for Natural Science<\/title>\n<meta name=\"robots\" content=\"index, follow, max-snippet:-1, max-image-preview:large, max-video-preview:-1\" \/>\n<link rel=\"canonical\" href=\"https:\/\/www.naturalscience.org\/es\/congreso-2015\/temas\/\" \/>\n<meta name=\"twitter:label1\" content=\"Tiempo de lectura\" \/>\n\t<meta name=\"twitter:data1\" content=\"6 minutos\" \/>\n<script type=\"application\/ld+json\" class=\"yoast-schema-graph\">{\"@context\":\"https:\\\/\\\/schema.org\",\"@graph\":[{\"@type\":\"WebPage\",\"@id\":\"https:\\\/\\\/www.naturalscience.org\\\/es\\\/congreso-2015\\\/temas\\\/\",\"url\":\"https:\\\/\\\/www.naturalscience.org\\\/es\\\/congreso-2015\\\/temas\\\/\",\"name\":\"Informaci\u00f3n general de los temas - The World Foundation for Natural Science\",\"isPartOf\":{\"@id\":\"https:\\\/\\\/www.naturalscience.org\\\/#website\"},\"primaryImageOfPage\":{\"@id\":\"https:\\\/\\\/www.naturalscience.org\\\/es\\\/congreso-2015\\\/temas\\\/#primaryimage\"},\"image\":{\"@id\":\"https:\\\/\\\/www.naturalscience.org\\\/es\\\/congreso-2015\\\/temas\\\/#primaryimage\"},\"thumbnailUrl\":\"https:\\\/\\\/www.naturalscience.org\\\/wp-content\\\/uploads\\\/2015\\\/09\\\/header-soil-2.jpg\",\"datePublished\":\"2015-10-16T09:47:30+00:00\",\"dateModified\":\"2015-10-20T19:52:31+00:00\",\"breadcrumb\":{\"@id\":\"https:\\\/\\\/www.naturalscience.org\\\/es\\\/congreso-2015\\\/temas\\\/#breadcrumb\"},\"inLanguage\":\"es\",\"potentialAction\":[{\"@type\":\"ReadAction\",\"target\":[\"https:\\\/\\\/www.naturalscience.org\\\/es\\\/congreso-2015\\\/temas\\\/\"]}]},{\"@type\":\"ImageObject\",\"inLanguage\":\"es\",\"@id\":\"https:\\\/\\\/www.naturalscience.org\\\/es\\\/congreso-2015\\\/temas\\\/#primaryimage\",\"url\":\"https:\\\/\\\/www.naturalscience.org\\\/wp-content\\\/uploads\\\/2015\\\/09\\\/header-soil-2.jpg\",\"contentUrl\":\"https:\\\/\\\/www.naturalscience.org\\\/wp-content\\\/uploads\\\/2015\\\/09\\\/header-soil-2.jpg\"},{\"@type\":\"BreadcrumbList\",\"@id\":\"https:\\\/\\\/www.naturalscience.org\\\/es\\\/congreso-2015\\\/temas\\\/#breadcrumb\",\"itemListElement\":[{\"@type\":\"ListItem\",\"position\":1,\"name\":\"Home\",\"item\":\"https:\\\/\\\/www.naturalscience.org\\\/es\\\/\"},{\"@type\":\"ListItem\",\"position\":2,\"name\":\"El 20\u00b0 Congreso Mundial Internacional \u201cNuevas Perspectivas Cient\u00edficas\u201d\",\"item\":\"https:\\\/\\\/www.naturalscience.org\\\/es\\\/congreso-2015\\\/\"},{\"@type\":\"ListItem\",\"position\":3,\"name\":\"Informaci\u00f3n general de los temas\"}]},{\"@type\":\"WebSite\",\"@id\":\"https:\\\/\\\/www.naturalscience.org\\\/#website\",\"url\":\"https:\\\/\\\/www.naturalscience.org\\\/\",\"name\":\"The World Foundation for Natural Science\",\"description\":\"Restoring and Healing the World through Responsibility and Commitment in accord with Natural and Divine Law!\",\"potentialAction\":[{\"@type\":\"SearchAction\",\"target\":{\"@type\":\"EntryPoint\",\"urlTemplate\":\"https:\\\/\\\/www.naturalscience.org\\\/?s={search_term_string}\"},\"query-input\":{\"@type\":\"PropertyValueSpecification\",\"valueRequired\":true,\"valueName\":\"search_term_string\"}}],\"inLanguage\":\"es\"}]}<\/script>\n<!-- \/ Yoast SEO plugin. -->","yoast_head_json":{"title":"Informaci\u00f3n general de los temas - The World Foundation for Natural Science","robots":{"index":"index","follow":"follow","max-snippet":"max-snippet:-1","max-image-preview":"max-image-preview:large","max-video-preview":"max-video-preview:-1"},"canonical":"https:\/\/www.naturalscience.org\/es\/congreso-2015\/temas\/","twitter_misc":{"Tiempo de lectura":"6 minutos"},"schema":{"@context":"https:\/\/schema.org","@graph":[{"@type":"WebPage","@id":"https:\/\/www.naturalscience.org\/es\/congreso-2015\/temas\/","url":"https:\/\/www.naturalscience.org\/es\/congreso-2015\/temas\/","name":"Informaci\u00f3n general de los temas - The World Foundation for Natural Science","isPartOf":{"@id":"https:\/\/www.naturalscience.org\/#website"},"primaryImageOfPage":{"@id":"https:\/\/www.naturalscience.org\/es\/congreso-2015\/temas\/#primaryimage"},"image":{"@id":"https:\/\/www.naturalscience.org\/es\/congreso-2015\/temas\/#primaryimage"},"thumbnailUrl":"https:\/\/www.naturalscience.org\/wp-content\/uploads\/2015\/09\/header-soil-2.jpg","datePublished":"2015-10-16T09:47:30+00:00","dateModified":"2015-10-20T19:52:31+00:00","breadcrumb":{"@id":"https:\/\/www.naturalscience.org\/es\/congreso-2015\/temas\/#breadcrumb"},"inLanguage":"es","potentialAction":[{"@type":"ReadAction","target":["https:\/\/www.naturalscience.org\/es\/congreso-2015\/temas\/"]}]},{"@type":"ImageObject","inLanguage":"es","@id":"https:\/\/www.naturalscience.org\/es\/congreso-2015\/temas\/#primaryimage","url":"https:\/\/www.naturalscience.org\/wp-content\/uploads\/2015\/09\/header-soil-2.jpg","contentUrl":"https:\/\/www.naturalscience.org\/wp-content\/uploads\/2015\/09\/header-soil-2.jpg"},{"@type":"BreadcrumbList","@id":"https:\/\/www.naturalscience.org\/es\/congreso-2015\/temas\/#breadcrumb","itemListElement":[{"@type":"ListItem","position":1,"name":"Home","item":"https:\/\/www.naturalscience.org\/es\/"},{"@type":"ListItem","position":2,"name":"El 20\u00b0 Congreso Mundial Internacional \u201cNuevas Perspectivas Cient\u00edficas\u201d","item":"https:\/\/www.naturalscience.org\/es\/congreso-2015\/"},{"@type":"ListItem","position":3,"name":"Informaci\u00f3n general de los temas"}]},{"@type":"WebSite","@id":"https:\/\/www.naturalscience.org\/#website","url":"https:\/\/www.naturalscience.org\/","name":"The World Foundation for Natural Science","description":"Restoring and Healing the World through Responsibility and Commitment in accord with Natural and Divine Law!","potentialAction":[{"@type":"SearchAction","target":{"@type":"EntryPoint","urlTemplate":"https:\/\/www.naturalscience.org\/?s={search_term_string}"},"query-input":{"@type":"PropertyValueSpecification","valueRequired":true,"valueName":"search_term_string"}}],"inLanguage":"es"}]}},"_links":{"self":[{"href":"https:\/\/www.naturalscience.org\/es\/wp-json\/wp\/v2\/pages\/16076","targetHints":{"allow":["GET"]}}],"collection":[{"href":"https:\/\/www.naturalscience.org\/es\/wp-json\/wp\/v2\/pages"}],"about":[{"href":"https:\/\/www.naturalscience.org\/es\/wp-json\/wp\/v2\/types\/page"}],"author":[{"embeddable":true,"href":"https:\/\/www.naturalscience.org\/es\/wp-json\/wp\/v2\/users\/9"}],"replies":[{"embeddable":true,"href":"https:\/\/www.naturalscience.org\/es\/wp-json\/wp\/v2\/comments?post=16076"}],"version-history":[{"count":12,"href":"https:\/\/www.naturalscience.org\/es\/wp-json\/wp\/v2\/pages\/16076\/revisions"}],"predecessor-version":[{"id":16323,"href":"https:\/\/www.naturalscience.org\/es\/wp-json\/wp\/v2\/pages\/16076\/revisions\/16323"}],"up":[{"embeddable":true,"href":"https:\/\/www.naturalscience.org\/es\/wp-json\/wp\/v2\/pages\/15357"}],"wp:attachment":[{"href":"https:\/\/www.naturalscience.org\/es\/wp-json\/wp\/v2\/media?parent=16076"}],"wp:term":[{"taxonomy":"category","embeddable":true,"href":"https:\/\/www.naturalscience.org\/es\/wp-json\/wp\/v2\/categories?post=16076"}],"curies":[{"name":"wp","href":"https:\/\/api.w.org\/{rel}","templated":true}]}}