{"id":15615,"date":"2015-09-22T21:13:00","date_gmt":"2015-09-22T19:13:00","guid":{"rendered":"http:\/\/www.naturalscience.org\/es\/?page_id=15615"},"modified":"2015-10-24T12:50:11","modified_gmt":"2015-10-24T10:50:11","slug":"consejos-practicos-para-el-uso-de-las-esencias-florales-de-bach","status":"publish","type":"page","link":"https:\/\/www.naturalscience.org\/es\/temas\/salud\/flores-de-bach\/consejos-practicos-para-el-uso-de-las-esencias-florales-de-bach\/","title":{"rendered":"Consejos pr\u00e1cticos para el uso de los remedios florales de Bach"},"content":{"rendered":"<ul>\n<li>En situaciones agudas y muy severas utilice el Remedio de Rescate: A\u00f1ada 4 gotas a un vaso de agua tomando sorbos en intervalos de quince minutos hasta sentir mejor\u00eda.<\/li>\n<li>Adquiera un juego con las 38 esencias florales de Bach para que siempre tenga a\u00a0 mano el remedio correcto para una persona, animal o planta de seg\u00fan las necesidades.<\/li>\n<li>Aplique el m\u00e9todo del vaso de agua para casos agudos y de emociones negativas: A\u00f1ade 2 gotas de cada remedio floral seleccionado a un vaso de agua y beba sorbos cada quince o treinta minutos hasta cuando sientas mejor\u00eda.<\/li>\n<li>En caso de condiciones de estr\u00e9s m\u00e1s duraderas y otras condiciones agobiantes utiliza una formula individualizada, en gotas o espray, varias veces al d\u00eda hasta que sientas mejor\u00eda.<\/li>\n<li>Invol\u00facrate con el m\u00e9todo de curaci\u00f3n del Dr. Bach.<\/li>\n<li>Aprenda todo lo referente a las Flores de Bach en una de nuestras <a href=\"https:\/\/www.naturalscience.org\/es\/calendario-de-eventos\/\">conferencias<\/a>.<\/li>\n<li>Asista a los cursos y aprenda el uso correcto de las esencias florales para ti y tu familia.<\/li>\n<li>Puedes tambi\u00e9n usar las flores de Bach en infantes, ni\u00f1as y ni\u00f1os entre 1-2 a\u00f1os y animales con absoluta confianza.<\/li>\n<li>Como las flores de Bach son totalmente seguras y no tienen efectos secundarios, recomendamos las esencias florales originales del Dr. Bach porque son elaboradas siguiendo, al pie de la letra, las instrucciones del Dr. Bach. La mayor\u00eda de los remedios que se preparan actualmente provienen de las plantas del jard\u00edn del Centro Bach en Brightwell-cum-Sotwell, Oxfordshire, Inglaterra. Hemos confirmado,yendo al lugar, el proceso de elaboraci\u00f3n y la pureza del producto.<\/li>\n<\/ul>\n","protected":false},"excerpt":{"rendered":"En situaciones agudas y muy severas utilice el Remedio de Rescate: A\u00f1ada 4 gotas a un vaso de agua tomando sorbos en intervalos de quince minutos hasta sentir mejor\u00eda. Adquiera un juego con las 38 esencias florales de Bach para que siempre tenga a\u00a0 mano el remedio correcto para una persona, animal o planta de [&hellip;]","protected":false},"author":9,"featured_media":0,"parent":15204,"menu_order":15,"comment_status":"closed","ping_status":"closed","template":"","meta":{"_acf_changed":false,"ngg_post_thumbnail":0,"footnotes":""},"categories":[],"class_list":["post-15615","page","type-page","status-publish","hentry","wpautop"],"acf":[],"yoast_head":"<!-- This site is optimized with the Yoast SEO plugin v27.5 - https:\/\/yoast.com\/product\/yoast-seo-wordpress\/ -->\n<title>Consejos pr\u00e1cticos para el uso de los remedios florales de Bach - The World Foundation for Natural Science<\/title>\n<meta name=\"robots\" content=\"index, follow, max-snippet:-1, max-image-preview:large, max-video-preview:-1\" \/>\n<link rel=\"canonical\" href=\"https:\/\/www.naturalscience.org\/es\/temas\/salud\/flores-de-bach\/consejos-practicos-para-el-uso-de-las-esencias-florales-de-bach\/\" \/>\n<meta name=\"twitter:label1\" content=\"Tiempo de lectura\" \/>\n\t<meta name=\"twitter:data1\" content=\"1 minuto\" \/>\n<script type=\"application\/ld+json\" class=\"yoast-schema-graph\">{\"@context\":\"https:\\\/\\\/schema.org\",\"@graph\":[{\"@type\":\"WebPage\",\"@id\":\"https:\\\/\\\/www.naturalscience.org\\\/es\\\/temas\\\/salud\\\/flores-de-bach\\\/consejos-practicos-para-el-uso-de-las-esencias-florales-de-bach\\\/\",\"url\":\"https:\\\/\\\/www.naturalscience.org\\\/es\\\/temas\\\/salud\\\/flores-de-bach\\\/consejos-practicos-para-el-uso-de-las-esencias-florales-de-bach\\\/\",\"name\":\"Consejos pr\u00e1cticos para el uso de los remedios florales de Bach - The World Foundation for Natural Science\",\"isPartOf\":{\"@id\":\"https:\\\/\\\/www.naturalscience.org\\\/#website\"},\"datePublished\":\"2015-09-22T19:13:00+00:00\",\"dateModified\":\"2015-10-24T10:50:11+00:00\",\"breadcrumb\":{\"@id\":\"https:\\\/\\\/www.naturalscience.org\\\/es\\\/temas\\\/salud\\\/flores-de-bach\\\/consejos-practicos-para-el-uso-de-las-esencias-florales-de-bach\\\/#breadcrumb\"},\"inLanguage\":\"es\",\"potentialAction\":[{\"@type\":\"ReadAction\",\"target\":[\"https:\\\/\\\/www.naturalscience.org\\\/es\\\/temas\\\/salud\\\/flores-de-bach\\\/consejos-practicos-para-el-uso-de-las-esencias-florales-de-bach\\\/\"]}]},{\"@type\":\"BreadcrumbList\",\"@id\":\"https:\\\/\\\/www.naturalscience.org\\\/es\\\/temas\\\/salud\\\/flores-de-bach\\\/consejos-practicos-para-el-uso-de-las-esencias-florales-de-bach\\\/#breadcrumb\",\"itemListElement\":[{\"@type\":\"ListItem\",\"position\":1,\"name\":\"Home\",\"item\":\"https:\\\/\\\/www.naturalscience.org\\\/es\\\/\"},{\"@type\":\"ListItem\",\"position\":2,\"name\":\"Temas\",\"item\":\"https:\\\/\\\/www.naturalscience.org\\\/es\\\/temas\\\/\"},{\"@type\":\"ListItem\",\"position\":3,\"name\":\"Salud\",\"item\":\"https:\\\/\\\/www.naturalscience.org\\\/cs\\\/temas\\\/salud\\\/\"},{\"@type\":\"ListItem\",\"position\":4,\"name\":\"Flores de Bach\",\"item\":\"https:\\\/\\\/www.naturalscience.org\\\/es\\\/temas\\\/salud\\\/flores-de-bach\\\/\"},{\"@type\":\"ListItem\",\"position\":5,\"name\":\"Consejos pr\u00e1cticos para el uso de los remedios florales de Bach\"}]},{\"@type\":\"WebSite\",\"@id\":\"https:\\\/\\\/www.naturalscience.org\\\/#website\",\"url\":\"https:\\\/\\\/www.naturalscience.org\\\/\",\"name\":\"The World Foundation for Natural Science\",\"description\":\"Restoring and Healing the World through Responsibility and Commitment in accord with Natural and Divine Law!\",\"potentialAction\":[{\"@type\":\"SearchAction\",\"target\":{\"@type\":\"EntryPoint\",\"urlTemplate\":\"https:\\\/\\\/www.naturalscience.org\\\/?s={search_term_string}\"},\"query-input\":{\"@type\":\"PropertyValueSpecification\",\"valueRequired\":true,\"valueName\":\"search_term_string\"}}],\"inLanguage\":\"es\"}]}<\/script>\n<!-- \/ Yoast SEO plugin. -->","yoast_head_json":{"title":"Consejos pr\u00e1cticos para el uso de los remedios florales de Bach - The World Foundation for Natural Science","robots":{"index":"index","follow":"follow","max-snippet":"max-snippet:-1","max-image-preview":"max-image-preview:large","max-video-preview":"max-video-preview:-1"},"canonical":"https:\/\/www.naturalscience.org\/es\/temas\/salud\/flores-de-bach\/consejos-practicos-para-el-uso-de-las-esencias-florales-de-bach\/","twitter_misc":{"Tiempo de lectura":"1 minuto"},"schema":{"@context":"https:\/\/schema.org","@graph":[{"@type":"WebPage","@id":"https:\/\/www.naturalscience.org\/es\/temas\/salud\/flores-de-bach\/consejos-practicos-para-el-uso-de-las-esencias-florales-de-bach\/","url":"https:\/\/www.naturalscience.org\/es\/temas\/salud\/flores-de-bach\/consejos-practicos-para-el-uso-de-las-esencias-florales-de-bach\/","name":"Consejos pr\u00e1cticos para el uso de los remedios florales de Bach - The World Foundation for Natural Science","isPartOf":{"@id":"https:\/\/www.naturalscience.org\/#website"},"datePublished":"2015-09-22T19:13:00+00:00","dateModified":"2015-10-24T10:50:11+00:00","breadcrumb":{"@id":"https:\/\/www.naturalscience.org\/es\/temas\/salud\/flores-de-bach\/consejos-practicos-para-el-uso-de-las-esencias-florales-de-bach\/#breadcrumb"},"inLanguage":"es","potentialAction":[{"@type":"ReadAction","target":["https:\/\/www.naturalscience.org\/es\/temas\/salud\/flores-de-bach\/consejos-practicos-para-el-uso-de-las-esencias-florales-de-bach\/"]}]},{"@type":"BreadcrumbList","@id":"https:\/\/www.naturalscience.org\/es\/temas\/salud\/flores-de-bach\/consejos-practicos-para-el-uso-de-las-esencias-florales-de-bach\/#breadcrumb","itemListElement":[{"@type":"ListItem","position":1,"name":"Home","item":"https:\/\/www.naturalscience.org\/es\/"},{"@type":"ListItem","position":2,"name":"Temas","item":"https:\/\/www.naturalscience.org\/es\/temas\/"},{"@type":"ListItem","position":3,"name":"Salud","item":"https:\/\/www.naturalscience.org\/cs\/temas\/salud\/"},{"@type":"ListItem","position":4,"name":"Flores de Bach","item":"https:\/\/www.naturalscience.org\/es\/temas\/salud\/flores-de-bach\/"},{"@type":"ListItem","position":5,"name":"Consejos pr\u00e1cticos para el uso de los remedios florales de Bach"}]},{"@type":"WebSite","@id":"https:\/\/www.naturalscience.org\/#website","url":"https:\/\/www.naturalscience.org\/","name":"The World Foundation for Natural Science","description":"Restoring and Healing the World through Responsibility and Commitment in accord with Natural and Divine Law!","potentialAction":[{"@type":"SearchAction","target":{"@type":"EntryPoint","urlTemplate":"https:\/\/www.naturalscience.org\/?s={search_term_string}"},"query-input":{"@type":"PropertyValueSpecification","valueRequired":true,"valueName":"search_term_string"}}],"inLanguage":"es"}]}},"_links":{"self":[{"href":"https:\/\/www.naturalscience.org\/es\/wp-json\/wp\/v2\/pages\/15615","targetHints":{"allow":["GET"]}}],"collection":[{"href":"https:\/\/www.naturalscience.org\/es\/wp-json\/wp\/v2\/pages"}],"about":[{"href":"https:\/\/www.naturalscience.org\/es\/wp-json\/wp\/v2\/types\/page"}],"author":[{"embeddable":true,"href":"https:\/\/www.naturalscience.org\/es\/wp-json\/wp\/v2\/users\/9"}],"replies":[{"embeddable":true,"href":"https:\/\/www.naturalscience.org\/es\/wp-json\/wp\/v2\/comments?post=15615"}],"version-history":[{"count":5,"href":"https:\/\/www.naturalscience.org\/es\/wp-json\/wp\/v2\/pages\/15615\/revisions"}],"predecessor-version":[{"id":16463,"href":"https:\/\/www.naturalscience.org\/es\/wp-json\/wp\/v2\/pages\/15615\/revisions\/16463"}],"up":[{"embeddable":true,"href":"https:\/\/www.naturalscience.org\/es\/wp-json\/wp\/v2\/pages\/15204"}],"wp:attachment":[{"href":"https:\/\/www.naturalscience.org\/es\/wp-json\/wp\/v2\/media?parent=15615"}],"wp:term":[{"taxonomy":"category","embeddable":true,"href":"https:\/\/www.naturalscience.org\/es\/wp-json\/wp\/v2\/categories?post=15615"}],"curies":[{"name":"wp","href":"https:\/\/api.w.org\/{rel}","templated":true}]}}