{"id":15608,"date":"2015-09-22T21:00:34","date_gmt":"2015-09-22T19:00:34","guid":{"rendered":"http:\/\/www.naturalscience.org\/es\/?page_id=15608"},"modified":"2025-10-27T10:59:01","modified_gmt":"2025-10-27T09:59:01","slug":"afiliacion","status":"publish","type":"page","link":"https:\/\/www.naturalscience.org\/es\/sobre-nosotros\/afiliacion\/","title":{"rendered":"Afiliaci\u00f3n"},"content":{"rendered":"<p>Como miembros de The World Foundation for Natural Science nos empe\u00f1amos en estudiar los principios de c\u00f3mo funciona la Naturaleza, incluyendo la investigaci\u00f3n cient\u00edfica y poniendo a la pr\u00e1ctica los hallazgos logrados en nuestra vida cotidiana. De este conocimiento pr\u00e1ctico resulta una forma de vida en armon\u00eda con la Naturaleza y sus Leyes.<\/p>\n<p>Estudiamos en que constituye este mundo, lo que mantiene a este mundo, y lo que este mundo necesita para continuar en el Esp\u00edritu verdadero por el cual y con el cual fue fundado originalmente. Sabemos que las cosas de la naturaleza no sucidieron por si solas, y que la vida se beneficia de nosotros as\u00ed como nuestras vidas individuales dependen de TODA la vida, ya que hay un efecto de onda en todo lo que hacemos como seres humanos. \u201cLo que hago yo te afecta a ti, y lo que haces t\u00fa me afecta a m\u00ed.\u201d De modo que, si el individuo cambia su forma de vida, la vida como un todo tambi\u00e9n cambia. Por consiguiente, consideramos a la Naturaleza y a todas sus criaturas con amor, gratitud, aprecio y respeto; y juntos con nuestros miembros alrededor del mundo estamos sumamente comprometidos con el restablecimiento del Orden Natural y Divino en este \u00fanico planeta Tierra y en la sanaci\u00f3n del hombre y la Naturaleza seg\u00fan la Ley Natural y Divina.<\/p>\n<p>En nuestro mundo, a aquellos que continuamente le preguntan a la Vida, \u201c\u00bfQu\u00e9 tienes para ofrecerme?\u201d, si ellos escuchan, la vida usualmente les responde: \u201c\u00a1\u00bfQu\u00e9 tienes t\u00fa para dar?!\u201d Reflexiona sobre esto. Nos gustar\u00eda invitar a las personas a quienes les agradar\u00eda vivir una vida natural y saludable y quienes, junto con nosotros, quieran comprometerse para el bien, a convertirse en un miembro (o incluso un patrocinador o benefactor) de The World Foundation for Natural Science firmando el compromiso de membres\u00eda anual.<\/p>\n<p>Los miembros de The World Foundation for Natural Science se benefician del pago reducido para la entrada a todos nuestros eventos. Los partrocinadores tienen acceso libre a todas las conferencias y los benefactores a todos los eventos (conferencias, seminarios y al congreso cient\u00edfico anual).<\/p>\n<p style=\"text-align: center;\"><strong>\u201cUno es responsable no s\u00f3lo por lo que hace,<br \/>\nsino tambi\u00e9n por lo que no hace.\u201d<\/strong><br \/>\n<strong>Lao Tse<\/strong><\/p>\n<p>&nbsp;<\/p>\n<p><strong>Declaraci\u00f3n de membres\u00eda para el 2026 para &#8230;<\/strong><\/p>\n<p><a class=\"button radius primary\" style=\"text-decoration: none;\" href=\"https:\/\/www.naturalscience.org\/es\/sobre-nosotros\/afiliacion\/declaracion-de-afiliacion-para-el-suramerica\/\"><i class=\" fa fa-angle-right\"><\/i> Pa\u00edses de suram\u00e9rica y del caribe (en d\u00f3lares americanos)<\/a><\/p>\n<p><a class=\"button radius primary\" style=\"text-decoration: none;\" href=\"https:\/\/www.naturalscience.org\/es\/sobre-nosotros\/afiliacion\/declaracion-de-afiliacion-para-el-usd\/\"><i class=\" fa fa-angle-right\"><\/i> Los estados unidos\/otros pa\u00edses (en d\u00f3lares americanos)<\/a><\/p>\n<p><a class=\"button radius primary\" style=\"text-decoration: none;\" href=\"https:\/\/www.naturalscience.org\/es\/sobre-nosotros\/afiliacion\/declaracion-de-afiliacion-para-el-eur\/\"><i class=\" fa fa-angle-right\"><\/i> Espa\u00f1a (en euros)<\/a><\/p>\n","protected":false},"excerpt":{"rendered":"Como miembros de The World Foundation for Natural Science nos empe\u00f1amos en estudiar los principios de c\u00f3mo funciona la Naturaleza, incluyendo la investigaci\u00f3n cient\u00edfica y poniendo a la pr\u00e1ctica los hallazgos logrados en nuestra vida cotidiana. De este conocimiento pr\u00e1ctico resulta una forma de vida en armon\u00eda con la Naturaleza y sus Leyes. Estudiamos en [&hellip;]","protected":false},"author":9,"featured_media":0,"parent":15247,"menu_order":59,"comment_status":"closed","ping_status":"closed","template":"","meta":{"_acf_changed":false,"ngg_post_thumbnail":0,"footnotes":""},"categories":[],"class_list":["post-15608","page","type-page","status-publish","hentry","wpautop"],"acf":[],"yoast_head":"<!-- This site is optimized with the Yoast SEO plugin v27.3 - https:\/\/yoast.com\/product\/yoast-seo-wordpress\/ -->\n<title>Afiliaci\u00f3n - The World Foundation for Natural Science<\/title>\n<meta name=\"robots\" content=\"index, follow, max-snippet:-1, max-image-preview:large, max-video-preview:-1\" \/>\n<link rel=\"canonical\" href=\"https:\/\/www.naturalscience.org\/es\/sobre-nosotros\/afiliacion\/\" \/>\n<meta name=\"twitter:label1\" content=\"Tiempo de lectura\" \/>\n\t<meta name=\"twitter:data1\" content=\"2 minutos\" \/>\n<script type=\"application\/ld+json\" class=\"yoast-schema-graph\">{\"@context\":\"https:\\\/\\\/schema.org\",\"@graph\":[{\"@type\":\"WebPage\",\"@id\":\"https:\\\/\\\/www.naturalscience.org\\\/es\\\/sobre-nosotros\\\/afiliacion\\\/\",\"url\":\"https:\\\/\\\/www.naturalscience.org\\\/es\\\/sobre-nosotros\\\/afiliacion\\\/\",\"name\":\"Afiliaci\u00f3n - The World Foundation for Natural Science\",\"isPartOf\":{\"@id\":\"https:\\\/\\\/www.naturalscience.org\\\/#website\"},\"datePublished\":\"2015-09-22T19:00:34+00:00\",\"dateModified\":\"2025-10-27T09:59:01+00:00\",\"breadcrumb\":{\"@id\":\"https:\\\/\\\/www.naturalscience.org\\\/es\\\/sobre-nosotros\\\/afiliacion\\\/#breadcrumb\"},\"inLanguage\":\"es\",\"potentialAction\":[{\"@type\":\"ReadAction\",\"target\":[\"https:\\\/\\\/www.naturalscience.org\\\/es\\\/sobre-nosotros\\\/afiliacion\\\/\"]}]},{\"@type\":\"BreadcrumbList\",\"@id\":\"https:\\\/\\\/www.naturalscience.org\\\/es\\\/sobre-nosotros\\\/afiliacion\\\/#breadcrumb\",\"itemListElement\":[{\"@type\":\"ListItem\",\"position\":1,\"name\":\"Home\",\"item\":\"https:\\\/\\\/www.naturalscience.org\\\/es\\\/\"},{\"@type\":\"ListItem\",\"position\":2,\"name\":\"Sobre nosotros\",\"item\":\"https:\\\/\\\/www.naturalscience.org\\\/es\\\/sobre-nosotros\\\/\"},{\"@type\":\"ListItem\",\"position\":3,\"name\":\"Afiliaci\u00f3n\"}]},{\"@type\":\"WebSite\",\"@id\":\"https:\\\/\\\/www.naturalscience.org\\\/#website\",\"url\":\"https:\\\/\\\/www.naturalscience.org\\\/\",\"name\":\"The World Foundation for Natural Science\",\"description\":\"Restoring and Healing the World through Responsibility and Commitment in accord with Natural and Divine Law!\",\"potentialAction\":[{\"@type\":\"SearchAction\",\"target\":{\"@type\":\"EntryPoint\",\"urlTemplate\":\"https:\\\/\\\/www.naturalscience.org\\\/?s={search_term_string}\"},\"query-input\":{\"@type\":\"PropertyValueSpecification\",\"valueRequired\":true,\"valueName\":\"search_term_string\"}}],\"inLanguage\":\"es\"}]}<\/script>\n<!-- \/ Yoast SEO plugin. -->","yoast_head_json":{"title":"Afiliaci\u00f3n - The World Foundation for Natural Science","robots":{"index":"index","follow":"follow","max-snippet":"max-snippet:-1","max-image-preview":"max-image-preview:large","max-video-preview":"max-video-preview:-1"},"canonical":"https:\/\/www.naturalscience.org\/es\/sobre-nosotros\/afiliacion\/","twitter_misc":{"Tiempo de lectura":"2 minutos"},"schema":{"@context":"https:\/\/schema.org","@graph":[{"@type":"WebPage","@id":"https:\/\/www.naturalscience.org\/es\/sobre-nosotros\/afiliacion\/","url":"https:\/\/www.naturalscience.org\/es\/sobre-nosotros\/afiliacion\/","name":"Afiliaci\u00f3n - The World Foundation for Natural Science","isPartOf":{"@id":"https:\/\/www.naturalscience.org\/#website"},"datePublished":"2015-09-22T19:00:34+00:00","dateModified":"2025-10-27T09:59:01+00:00","breadcrumb":{"@id":"https:\/\/www.naturalscience.org\/es\/sobre-nosotros\/afiliacion\/#breadcrumb"},"inLanguage":"es","potentialAction":[{"@type":"ReadAction","target":["https:\/\/www.naturalscience.org\/es\/sobre-nosotros\/afiliacion\/"]}]},{"@type":"BreadcrumbList","@id":"https:\/\/www.naturalscience.org\/es\/sobre-nosotros\/afiliacion\/#breadcrumb","itemListElement":[{"@type":"ListItem","position":1,"name":"Home","item":"https:\/\/www.naturalscience.org\/es\/"},{"@type":"ListItem","position":2,"name":"Sobre nosotros","item":"https:\/\/www.naturalscience.org\/es\/sobre-nosotros\/"},{"@type":"ListItem","position":3,"name":"Afiliaci\u00f3n"}]},{"@type":"WebSite","@id":"https:\/\/www.naturalscience.org\/#website","url":"https:\/\/www.naturalscience.org\/","name":"The World Foundation for Natural Science","description":"Restoring and Healing the World through Responsibility and Commitment in accord with Natural and Divine Law!","potentialAction":[{"@type":"SearchAction","target":{"@type":"EntryPoint","urlTemplate":"https:\/\/www.naturalscience.org\/?s={search_term_string}"},"query-input":{"@type":"PropertyValueSpecification","valueRequired":true,"valueName":"search_term_string"}}],"inLanguage":"es"}]}},"_links":{"self":[{"href":"https:\/\/www.naturalscience.org\/es\/wp-json\/wp\/v2\/pages\/15608","targetHints":{"allow":["GET"]}}],"collection":[{"href":"https:\/\/www.naturalscience.org\/es\/wp-json\/wp\/v2\/pages"}],"about":[{"href":"https:\/\/www.naturalscience.org\/es\/wp-json\/wp\/v2\/types\/page"}],"author":[{"embeddable":true,"href":"https:\/\/www.naturalscience.org\/es\/wp-json\/wp\/v2\/users\/9"}],"replies":[{"embeddable":true,"href":"https:\/\/www.naturalscience.org\/es\/wp-json\/wp\/v2\/comments?post=15608"}],"version-history":[{"count":34,"href":"https:\/\/www.naturalscience.org\/es\/wp-json\/wp\/v2\/pages\/15608\/revisions"}],"predecessor-version":[{"id":43124,"href":"https:\/\/www.naturalscience.org\/es\/wp-json\/wp\/v2\/pages\/15608\/revisions\/43124"}],"up":[{"embeddable":true,"href":"https:\/\/www.naturalscience.org\/es\/wp-json\/wp\/v2\/pages\/15247"}],"wp:attachment":[{"href":"https:\/\/www.naturalscience.org\/es\/wp-json\/wp\/v2\/media?parent=15608"}],"wp:term":[{"taxonomy":"category","embeddable":true,"href":"https:\/\/www.naturalscience.org\/es\/wp-json\/wp\/v2\/categories?post=15608"}],"curies":[{"name":"wp","href":"https:\/\/api.w.org\/{rel}","templated":true}]}}