{"id":15606,"date":"2015-09-22T21:00:17","date_gmt":"2015-09-22T19:00:17","guid":{"rendered":"http:\/\/www.naturalscience.org\/es\/?page_id=15606"},"modified":"2021-01-20T09:40:49","modified_gmt":"2021-01-20T08:40:49","slug":"organizacion","status":"publish","type":"page","link":"https:\/\/www.naturalscience.org\/es\/sobre-nosotros\/organizacion\/","title":{"rendered":"Organizaci\u00f3n"},"content":{"rendered":"<h2>Sede Central Mundial<\/h2>\n<p><strong>Nuestra sede central mundial est\u00e1 localizada en Washington DC, la capital de los Estados Unidos.<\/strong> La pol\u00edtica estrat\u00e9gica de The World Foundation for Natural Science se decide all\u00ed y es implementada en estrecha colaboraci\u00f3n con la Sede Central Europea.<\/p>\n<p>The World Foundation for Natural Science<br \/>\nSede Central Mundial<br \/>\nPost Office Drawer 16900<br \/>\nWashington, DC 20041<br \/>\nU.S.A.<br \/>\nTel\u00e9fono: +1(703)631-1408<br \/>\nFax: +1(703)631-1919<br \/>\nCorreo Electr\u00f3nico:&nbsp;<a href=\"mailto:hq@naturalscience.org\">hq@naturalscience.org<\/a><\/p>\n<h2>Sede Central Europea<\/h2>\n<p><strong>Nuestra Sede Central Europea est\u00e1 localizada en Lucerna, en el coraz\u00f3n de Europa.<\/strong> Desde aqu\u00ed coordinamos nuestras actividades y eventos en estrecha colaboraci\u00f3n con las oficinas individuales de cada pa\u00eds y los expertos en el tema. Somos ayudados por muchos de nuestros miembros que dedican su tiempo voluntariamente.<\/p>\n<p>The World Foundation for Natural Science<br \/>\nSede Central Europea<br \/>\nP.O. Box<br \/>\n6000 Lucerna 7<br \/>\nSuiza<br \/>\nTel\u00e9fono: +41(41)798-0398<br \/>\nFax: +41(41)798-0399<br \/>\nCorreo Electr\u00f3nico: <a href=\"mailto:eu-hq@naturalscience.org\">eu-hq@naturalscience.org<\/a><\/p>\n<h2>Oficinas en los Pa\u00edses<\/h2>\n<p><strong>The World Foundation for Natural Science est\u00e1 representada con oficinas oficiales en los siguientes pa\u00edses.<\/strong><\/p>\n<p>En el caso de que haya una oficina en su pa\u00eds, por favor dirija sus preguntas y solicitudes directamente a su representante nacional.<\/p>\n<ul class=\"small-block-grid-1 medium-block-grid-2\">\n<li>\n<h3>Oficina para Suiza<\/h3>\n<p>The World Foundation for Natural Science<br \/>\nOficina para Suiza<br \/>\nP. O. Box<br \/>\n6000 Lucerna 7<br \/>\nSuiza<br \/>\nTelefono: +41(41)798-0398<br \/>\nFax: +41(41)798-0399<br \/>\nCorreo electronico: <a href=\"mailto:eu-hq@naturalscience.org\">eu-hq@naturalscience.org<\/a><\/li>\n<li>\n<h3>Oficina para Alemania<\/h3>\n<p>The World Foundation for Natural Science<br \/>\nOficina para Alemania<br \/>\nP.O. Box 1180<br \/>\n85749 Karlsfeld<br \/>\nAlemania<br \/>\nTelefono: +49(89)38157-0590<br \/>\nFax: +49(89)38157-0599<br \/>\nCorreo Electronico:&nbsp;<a href=\"mailto:de-office@naturalscience.org\">de-office@naturalscience.org<\/a><\/li>\n<li>\n<h3>Oficina para Austria<\/h3>\n<p>The World Foundation for Natural Science<br \/>\nOficina para Austria<br \/>\nP.O. Box 13<br \/>\nA-4663 Laakirchen<br \/>\nAustria<br \/>\nTel\u00e9fono: +43(7613)324-22<br \/>\nFax: +43(7613)324-22<br \/>\nCorreo Electr\u00f3nico:&nbsp;<a href=\"mailto:at-office@naturalscience.org\">at-office@naturalscience.org<\/a><\/li>\n<li>\n<h3>Oficina para Nueva Zelanda<\/h3>\n<p>The World Foundation para Nueva Zelanda<br \/>\nOffice of New Zealand<br \/>\nP.O. Box 131<br \/>\nTaranaki Mail Centre<br \/>\nNew Plymouth 4310<br \/>\nNueva Zelanda<br \/>\nTel\u00e9fono: +64(6)927-4503<br \/>\nCorreo Electronico: <a href=\"mailto:nz-office@naturalscience.org\">nz-office@naturalscience.org<\/a><\/li>\n<\/ul>\n","protected":false},"excerpt":{"rendered":"Sede Central Mundial Nuestra sede central mundial est\u00e1 localizada en Washington DC, la capital de los Estados Unidos. La pol\u00edtica estrat\u00e9gica de The World Foundation for Natural Science se decide all\u00ed y es implementada en estrecha colaboraci\u00f3n con la Sede Central Europea. The World Foundation for Natural Science Sede Central Mundial Post Office Drawer 16900 [&hellip;]","protected":false},"author":9,"featured_media":0,"parent":15247,"menu_order":61,"comment_status":"closed","ping_status":"closed","template":"","meta":{"_acf_changed":false,"ngg_post_thumbnail":0,"footnotes":""},"categories":[],"class_list":["post-15606","page","type-page","status-publish","hentry","wpautop"],"acf":[],"yoast_head":"<!-- This site is optimized with the Yoast SEO plugin v27.5 - https:\/\/yoast.com\/product\/yoast-seo-wordpress\/ -->\n<title>Organizaci\u00f3n - The World Foundation for Natural Science<\/title>\n<meta name=\"robots\" content=\"index, follow, max-snippet:-1, max-image-preview:large, max-video-preview:-1\" \/>\n<link rel=\"canonical\" href=\"https:\/\/www.naturalscience.org\/es\/sobre-nosotros\/organizacion\/\" \/>\n<meta name=\"twitter:label1\" content=\"Tiempo de lectura\" \/>\n\t<meta name=\"twitter:data1\" content=\"2 minutos\" \/>\n<script type=\"application\/ld+json\" class=\"yoast-schema-graph\">{\"@context\":\"https:\\\/\\\/schema.org\",\"@graph\":[{\"@type\":\"WebPage\",\"@id\":\"https:\\\/\\\/www.naturalscience.org\\\/es\\\/sobre-nosotros\\\/organizacion\\\/\",\"url\":\"https:\\\/\\\/www.naturalscience.org\\\/es\\\/sobre-nosotros\\\/organizacion\\\/\",\"name\":\"Organizaci\u00f3n - The World Foundation for Natural Science\",\"isPartOf\":{\"@id\":\"https:\\\/\\\/www.naturalscience.org\\\/#website\"},\"datePublished\":\"2015-09-22T19:00:17+00:00\",\"dateModified\":\"2021-01-20T08:40:49+00:00\",\"breadcrumb\":{\"@id\":\"https:\\\/\\\/www.naturalscience.org\\\/es\\\/sobre-nosotros\\\/organizacion\\\/#breadcrumb\"},\"inLanguage\":\"es\",\"potentialAction\":[{\"@type\":\"ReadAction\",\"target\":[\"https:\\\/\\\/www.naturalscience.org\\\/es\\\/sobre-nosotros\\\/organizacion\\\/\"]}]},{\"@type\":\"BreadcrumbList\",\"@id\":\"https:\\\/\\\/www.naturalscience.org\\\/es\\\/sobre-nosotros\\\/organizacion\\\/#breadcrumb\",\"itemListElement\":[{\"@type\":\"ListItem\",\"position\":1,\"name\":\"Home\",\"item\":\"https:\\\/\\\/www.naturalscience.org\\\/es\\\/\"},{\"@type\":\"ListItem\",\"position\":2,\"name\":\"Sobre nosotros\",\"item\":\"https:\\\/\\\/www.naturalscience.org\\\/es\\\/sobre-nosotros\\\/\"},{\"@type\":\"ListItem\",\"position\":3,\"name\":\"Organizaci\u00f3n\"}]},{\"@type\":\"WebSite\",\"@id\":\"https:\\\/\\\/www.naturalscience.org\\\/#website\",\"url\":\"https:\\\/\\\/www.naturalscience.org\\\/\",\"name\":\"The World Foundation for Natural Science\",\"description\":\"Restoring and Healing the World through Responsibility and Commitment in accord with Natural and Divine Law!\",\"potentialAction\":[{\"@type\":\"SearchAction\",\"target\":{\"@type\":\"EntryPoint\",\"urlTemplate\":\"https:\\\/\\\/www.naturalscience.org\\\/?s={search_term_string}\"},\"query-input\":{\"@type\":\"PropertyValueSpecification\",\"valueRequired\":true,\"valueName\":\"search_term_string\"}}],\"inLanguage\":\"es\"}]}<\/script>\n<!-- \/ Yoast SEO plugin. -->","yoast_head_json":{"title":"Organizaci\u00f3n - The World Foundation for Natural Science","robots":{"index":"index","follow":"follow","max-snippet":"max-snippet:-1","max-image-preview":"max-image-preview:large","max-video-preview":"max-video-preview:-1"},"canonical":"https:\/\/www.naturalscience.org\/es\/sobre-nosotros\/organizacion\/","twitter_misc":{"Tiempo de lectura":"2 minutos"},"schema":{"@context":"https:\/\/schema.org","@graph":[{"@type":"WebPage","@id":"https:\/\/www.naturalscience.org\/es\/sobre-nosotros\/organizacion\/","url":"https:\/\/www.naturalscience.org\/es\/sobre-nosotros\/organizacion\/","name":"Organizaci\u00f3n - The World Foundation for Natural Science","isPartOf":{"@id":"https:\/\/www.naturalscience.org\/#website"},"datePublished":"2015-09-22T19:00:17+00:00","dateModified":"2021-01-20T08:40:49+00:00","breadcrumb":{"@id":"https:\/\/www.naturalscience.org\/es\/sobre-nosotros\/organizacion\/#breadcrumb"},"inLanguage":"es","potentialAction":[{"@type":"ReadAction","target":["https:\/\/www.naturalscience.org\/es\/sobre-nosotros\/organizacion\/"]}]},{"@type":"BreadcrumbList","@id":"https:\/\/www.naturalscience.org\/es\/sobre-nosotros\/organizacion\/#breadcrumb","itemListElement":[{"@type":"ListItem","position":1,"name":"Home","item":"https:\/\/www.naturalscience.org\/es\/"},{"@type":"ListItem","position":2,"name":"Sobre nosotros","item":"https:\/\/www.naturalscience.org\/es\/sobre-nosotros\/"},{"@type":"ListItem","position":3,"name":"Organizaci\u00f3n"}]},{"@type":"WebSite","@id":"https:\/\/www.naturalscience.org\/#website","url":"https:\/\/www.naturalscience.org\/","name":"The World Foundation for Natural Science","description":"Restoring and Healing the World through Responsibility and Commitment in accord with Natural and Divine Law!","potentialAction":[{"@type":"SearchAction","target":{"@type":"EntryPoint","urlTemplate":"https:\/\/www.naturalscience.org\/?s={search_term_string}"},"query-input":{"@type":"PropertyValueSpecification","valueRequired":true,"valueName":"search_term_string"}}],"inLanguage":"es"}]}},"_links":{"self":[{"href":"https:\/\/www.naturalscience.org\/es\/wp-json\/wp\/v2\/pages\/15606","targetHints":{"allow":["GET"]}}],"collection":[{"href":"https:\/\/www.naturalscience.org\/es\/wp-json\/wp\/v2\/pages"}],"about":[{"href":"https:\/\/www.naturalscience.org\/es\/wp-json\/wp\/v2\/types\/page"}],"author":[{"embeddable":true,"href":"https:\/\/www.naturalscience.org\/es\/wp-json\/wp\/v2\/users\/9"}],"replies":[{"embeddable":true,"href":"https:\/\/www.naturalscience.org\/es\/wp-json\/wp\/v2\/comments?post=15606"}],"version-history":[{"count":27,"href":"https:\/\/www.naturalscience.org\/es\/wp-json\/wp\/v2\/pages\/15606\/revisions"}],"predecessor-version":[{"id":34365,"href":"https:\/\/www.naturalscience.org\/es\/wp-json\/wp\/v2\/pages\/15606\/revisions\/34365"}],"up":[{"embeddable":true,"href":"https:\/\/www.naturalscience.org\/es\/wp-json\/wp\/v2\/pages\/15247"}],"wp:attachment":[{"href":"https:\/\/www.naturalscience.org\/es\/wp-json\/wp\/v2\/media?parent=15606"}],"wp:term":[{"taxonomy":"category","embeddable":true,"href":"https:\/\/www.naturalscience.org\/es\/wp-json\/wp\/v2\/categories?post=15606"}],"curies":[{"name":"wp","href":"https:\/\/api.w.org\/{rel}","templated":true}]}}