{"id":15605,"date":"2015-09-22T21:01:07","date_gmt":"2015-09-22T19:01:07","guid":{"rendered":"http:\/\/www.naturalscience.org\/es\/?page_id=15605"},"modified":"2016-12-03T14:08:07","modified_gmt":"2016-12-03T13:08:07","slug":"emblema","status":"publish","type":"page","link":"https:\/\/www.naturalscience.org\/es\/sobre-nosotros\/emblema\/","title":{"rendered":"Emblema"},"content":{"rendered":"<p>Las dos manos representan a la Fuerza Creativa \u2013 la Matriz Sagrada \u2013 de la Madre Tierra que crea, acuna, acaricia, nutre, alimenta, restaura, resucita, renueva y envuelve a TODA Vida\u2026.los animales y los p\u00e1jaros; los bosques y selvas; los vegetales y las frutas; las flores y las plantas; los minerales y los recursos naturales. En segundo lugar, el destino de la tierra est\u00e1 en NUESTRAS manos \u2013 el tuyo y el m\u00edo <span style=\"text-decoration: underline;\">juntos<\/span> &#8211; hombre y mujeres, unidos y en concordancia <span style=\"text-decoration: underline;\">dispuestos<\/span> a cooperar en una amistad <span style=\"text-decoration: underline;\">amorosa<\/span> que trasciende todo y cualquier malentendido.<br \/>\n<img loading=\"lazy\" decoding=\"async\" class=\"aligncenter wp-image-11841 size-full\" src=\"https:\/\/www.naturalscience.org\/wp-content\/uploads\/2014\/09\/WFNS-Original-Artwork-square-small.jpg\" alt=\"WFNS Original Artwork square small\" width=\"500\" height=\"500\" srcset=\"https:\/\/www.naturalscience.org\/wp-content\/uploads\/2014\/09\/WFNS-Original-Artwork-square-small.jpg 500w, https:\/\/www.naturalscience.org\/wp-content\/uploads\/2014\/09\/WFNS-Original-Artwork-square-small-150x150.jpg 150w, https:\/\/www.naturalscience.org\/wp-content\/uploads\/2014\/09\/WFNS-Original-Artwork-square-small-300x300.jpg 300w\" sizes=\"auto, (max-width: 500px) 100vw, 500px\" \/>Las Manos tambi\u00e9n representan los dos principios opuestos de la filosof\u00eda china que influye en el destino \u2013 la mano <span style=\"text-decoration: underline;\">receptora<\/span> a la izquierda representa el \u2018Yin\u2019 (Chin. que significa oscuro), negativo (recibiendo), y femenino (envolviendo); la mano <span style=\"text-decoration: underline;\">dadora<\/span> a la derecha representa el \u2018Yang\u2019 (que significa brillo o luz), positivo (enviando), y masculino (creativo). En otras palabras, el destino de la Tierra est\u00e1 en nuestras manos \u2013 las tuyas y las m\u00edas \u2013 HOY. Las hojas de roble significan la vida que viene de la Tierra, con las bellotas que simbolizan la renovaci\u00f3n y expansi\u00f3n de la vida.<\/p>\n<p>La gran antorcha en el centro representa al FUEGO, el globo representa a la TIERRA; la lechuza copetona representa al AIRE; y el vaso de precipitaci\u00f3n representa al AGUA \u2013 los cuatro elementos b\u00e1sicos. Pero f\u00edjate que las balanzas est\u00e1n en perfecto equilibrio y que ni el vaso de precipitaci\u00f3n ni la lechuza est\u00e1n apoyados sobre ellos. Todo nos ha sido dado en <span style=\"text-decoration: underline;\">perfecto equilibrio<\/span> y de nosotros depende mantener la naturaleza en este estado. Todo en la Naturaleza tiene su lugar; no se puede favorecer a uno en detrimento del otro. Existe la necesidad de&nbsp;\u00a0qu\u00edmicos, as\u00ed como hay una necesidad de las lechuzas. No puede desarrollar una cosa a expensas de la otra. <span style=\"text-decoration: underline;\">Todo<\/span> debe ser \u2018sopesado\u2019 y considerado cuando trabajamos con la Naturaleza. Las balanzas, con sus dos calibradores&nbsp;\u00a0cient\u00edficos sujetando las bandejas de peso simbolizan tres principios b\u00e1sicos:<\/p>\n<ol>\n<li>Justicia e imparcialidad de la Ley para todo aquello que respira y vive sobre el Planeta&#8230;&#8230;<\/li>\n<li>La cuidadosa y equilibrada objetividad con la que se debe estudiar y analizar a toda vida en el mundo de la ciencia, teniendo en cuenta que lo que lo que uno est\u00e1 estudiando, o proponiendo desarrollar o cambiar, ya est\u00e1 <span style=\"text-decoration: underline;\">en equilibrio<\/span> con alguna otra parte de la Naturaleza&#8230;&#8230;<\/li>\n<li>La antorcha nos representa a nosotros, las dos balanzas se unen en el centro por un yugo com\u00fan representativo que simboliza el peso de la responsabilidad colocado sobre <span style=\"text-decoration: underline;\">nuestros<\/span> hombros individuales y colectivos para <span style=\"text-decoration: underline;\">ACTUAR CON RESPOSIBILIDAD<\/span> hacia y <span style=\"text-decoration: underline;\">CON<\/span> LA NATURALEZA. Es un Mandato privilegiado de Dios, sin embargo es un gran peso y no tenemos otra alternativa que aceptarlo si TODOS queremos sobrevivir&#8230;&#8230;<\/li>\n<\/ol>\n<p>Por lo tanto nosotros cordialmente te invitamos a tomar la responsabilidad que todos tenemos hacia la vida, juntos con nosotros y convirti\u00e9ndote en un <a href=\"https:\/\/www.naturalscience.org\/es\/sobre-nosotros\/afiliacion\/\">miembro <\/a>de The World Foundation for Natural Science. Gracias por ayudarnos a hacer de este planeta un lugar mejor para toda la vida.<\/p>\n","protected":false},"excerpt":{"rendered":"Las dos manos representan a la Fuerza Creativa \u2013 la Matriz Sagrada \u2013 de la Madre Tierra que crea, acuna, acaricia, nutre, alimenta, restaura, resucita, renueva y envuelve a TODA Vida\u2026.los animales y los p\u00e1jaros; los bosques y selvas; los vegetales y las frutas; las flores y las plantas; los minerales y los recursos naturales. [&hellip;]","protected":false},"author":9,"featured_media":0,"parent":15247,"menu_order":58,"comment_status":"closed","ping_status":"closed","template":"","meta":{"_acf_changed":false,"ngg_post_thumbnail":0,"footnotes":""},"categories":[],"class_list":["post-15605","page","type-page","status-publish","hentry","wpautop"],"acf":[],"yoast_head":"<!-- This site is optimized with the Yoast SEO plugin v27.6 - https:\/\/yoast.com\/product\/yoast-seo-wordpress\/ -->\n<title>Emblema - The World Foundation for Natural Science<\/title>\n<meta name=\"robots\" content=\"index, follow, max-snippet:-1, max-image-preview:large, max-video-preview:-1\" \/>\n<link rel=\"canonical\" href=\"https:\/\/www.naturalscience.org\/es\/sobre-nosotros\/emblema\/\" \/>\n<meta name=\"twitter:label1\" content=\"Tiempo de lectura\" \/>\n\t<meta name=\"twitter:data1\" content=\"3 minutos\" \/>\n<script type=\"application\/ld+json\" class=\"yoast-schema-graph\">{\"@context\":\"https:\\\/\\\/schema.org\",\"@graph\":[{\"@type\":\"WebPage\",\"@id\":\"https:\\\/\\\/www.naturalscience.org\\\/es\\\/sobre-nosotros\\\/emblema\\\/\",\"url\":\"https:\\\/\\\/www.naturalscience.org\\\/es\\\/sobre-nosotros\\\/emblema\\\/\",\"name\":\"Emblema - The World Foundation for Natural Science\",\"isPartOf\":{\"@id\":\"https:\\\/\\\/www.naturalscience.org\\\/#website\"},\"primaryImageOfPage\":{\"@id\":\"https:\\\/\\\/www.naturalscience.org\\\/es\\\/sobre-nosotros\\\/emblema\\\/#primaryimage\"},\"image\":{\"@id\":\"https:\\\/\\\/www.naturalscience.org\\\/es\\\/sobre-nosotros\\\/emblema\\\/#primaryimage\"},\"thumbnailUrl\":\"https:\\\/\\\/www.naturalscience.org\\\/wp-content\\\/uploads\\\/2014\\\/09\\\/WFNS-Original-Artwork-square-small.jpg\",\"datePublished\":\"2015-09-22T19:01:07+00:00\",\"dateModified\":\"2016-12-03T13:08:07+00:00\",\"breadcrumb\":{\"@id\":\"https:\\\/\\\/www.naturalscience.org\\\/es\\\/sobre-nosotros\\\/emblema\\\/#breadcrumb\"},\"inLanguage\":\"es\",\"potentialAction\":[{\"@type\":\"ReadAction\",\"target\":[\"https:\\\/\\\/www.naturalscience.org\\\/es\\\/sobre-nosotros\\\/emblema\\\/\"]}]},{\"@type\":\"ImageObject\",\"inLanguage\":\"es\",\"@id\":\"https:\\\/\\\/www.naturalscience.org\\\/es\\\/sobre-nosotros\\\/emblema\\\/#primaryimage\",\"url\":\"https:\\\/\\\/www.naturalscience.org\\\/wp-content\\\/uploads\\\/2014\\\/09\\\/WFNS-Original-Artwork-square-small.jpg\",\"contentUrl\":\"https:\\\/\\\/www.naturalscience.org\\\/wp-content\\\/uploads\\\/2014\\\/09\\\/WFNS-Original-Artwork-square-small.jpg\"},{\"@type\":\"BreadcrumbList\",\"@id\":\"https:\\\/\\\/www.naturalscience.org\\\/es\\\/sobre-nosotros\\\/emblema\\\/#breadcrumb\",\"itemListElement\":[{\"@type\":\"ListItem\",\"position\":1,\"name\":\"Home\",\"item\":\"https:\\\/\\\/www.naturalscience.org\\\/es\\\/\"},{\"@type\":\"ListItem\",\"position\":2,\"name\":\"Sobre nosotros\",\"item\":\"https:\\\/\\\/www.naturalscience.org\\\/es\\\/sobre-nosotros\\\/\"},{\"@type\":\"ListItem\",\"position\":3,\"name\":\"Emblema\"}]},{\"@type\":\"WebSite\",\"@id\":\"https:\\\/\\\/www.naturalscience.org\\\/#website\",\"url\":\"https:\\\/\\\/www.naturalscience.org\\\/\",\"name\":\"The World Foundation for Natural Science\",\"description\":\"Restoring and Healing the World through Responsibility and Commitment in accord with Natural and Divine Law!\",\"potentialAction\":[{\"@type\":\"SearchAction\",\"target\":{\"@type\":\"EntryPoint\",\"urlTemplate\":\"https:\\\/\\\/www.naturalscience.org\\\/?s={search_term_string}\"},\"query-input\":{\"@type\":\"PropertyValueSpecification\",\"valueRequired\":true,\"valueName\":\"search_term_string\"}}],\"inLanguage\":\"es\"}]}<\/script>\n<!-- \/ Yoast SEO plugin. -->","yoast_head_json":{"title":"Emblema - The World Foundation for Natural Science","robots":{"index":"index","follow":"follow","max-snippet":"max-snippet:-1","max-image-preview":"max-image-preview:large","max-video-preview":"max-video-preview:-1"},"canonical":"https:\/\/www.naturalscience.org\/es\/sobre-nosotros\/emblema\/","twitter_misc":{"Tiempo de lectura":"3 minutos"},"schema":{"@context":"https:\/\/schema.org","@graph":[{"@type":"WebPage","@id":"https:\/\/www.naturalscience.org\/es\/sobre-nosotros\/emblema\/","url":"https:\/\/www.naturalscience.org\/es\/sobre-nosotros\/emblema\/","name":"Emblema - The World Foundation for Natural Science","isPartOf":{"@id":"https:\/\/www.naturalscience.org\/#website"},"primaryImageOfPage":{"@id":"https:\/\/www.naturalscience.org\/es\/sobre-nosotros\/emblema\/#primaryimage"},"image":{"@id":"https:\/\/www.naturalscience.org\/es\/sobre-nosotros\/emblema\/#primaryimage"},"thumbnailUrl":"https:\/\/www.naturalscience.org\/wp-content\/uploads\/2014\/09\/WFNS-Original-Artwork-square-small.jpg","datePublished":"2015-09-22T19:01:07+00:00","dateModified":"2016-12-03T13:08:07+00:00","breadcrumb":{"@id":"https:\/\/www.naturalscience.org\/es\/sobre-nosotros\/emblema\/#breadcrumb"},"inLanguage":"es","potentialAction":[{"@type":"ReadAction","target":["https:\/\/www.naturalscience.org\/es\/sobre-nosotros\/emblema\/"]}]},{"@type":"ImageObject","inLanguage":"es","@id":"https:\/\/www.naturalscience.org\/es\/sobre-nosotros\/emblema\/#primaryimage","url":"https:\/\/www.naturalscience.org\/wp-content\/uploads\/2014\/09\/WFNS-Original-Artwork-square-small.jpg","contentUrl":"https:\/\/www.naturalscience.org\/wp-content\/uploads\/2014\/09\/WFNS-Original-Artwork-square-small.jpg"},{"@type":"BreadcrumbList","@id":"https:\/\/www.naturalscience.org\/es\/sobre-nosotros\/emblema\/#breadcrumb","itemListElement":[{"@type":"ListItem","position":1,"name":"Home","item":"https:\/\/www.naturalscience.org\/es\/"},{"@type":"ListItem","position":2,"name":"Sobre nosotros","item":"https:\/\/www.naturalscience.org\/es\/sobre-nosotros\/"},{"@type":"ListItem","position":3,"name":"Emblema"}]},{"@type":"WebSite","@id":"https:\/\/www.naturalscience.org\/#website","url":"https:\/\/www.naturalscience.org\/","name":"The World Foundation for Natural Science","description":"Restoring and Healing the World through Responsibility and Commitment in accord with Natural and Divine Law!","potentialAction":[{"@type":"SearchAction","target":{"@type":"EntryPoint","urlTemplate":"https:\/\/www.naturalscience.org\/?s={search_term_string}"},"query-input":{"@type":"PropertyValueSpecification","valueRequired":true,"valueName":"search_term_string"}}],"inLanguage":"es"}]}},"_links":{"self":[{"href":"https:\/\/www.naturalscience.org\/es\/wp-json\/wp\/v2\/pages\/15605","targetHints":{"allow":["GET"]}}],"collection":[{"href":"https:\/\/www.naturalscience.org\/es\/wp-json\/wp\/v2\/pages"}],"about":[{"href":"https:\/\/www.naturalscience.org\/es\/wp-json\/wp\/v2\/types\/page"}],"author":[{"embeddable":true,"href":"https:\/\/www.naturalscience.org\/es\/wp-json\/wp\/v2\/users\/9"}],"replies":[{"embeddable":true,"href":"https:\/\/www.naturalscience.org\/es\/wp-json\/wp\/v2\/comments?post=15605"}],"version-history":[{"count":4,"href":"https:\/\/www.naturalscience.org\/es\/wp-json\/wp\/v2\/pages\/15605\/revisions"}],"predecessor-version":[{"id":22890,"href":"https:\/\/www.naturalscience.org\/es\/wp-json\/wp\/v2\/pages\/15605\/revisions\/22890"}],"up":[{"embeddable":true,"href":"https:\/\/www.naturalscience.org\/es\/wp-json\/wp\/v2\/pages\/15247"}],"wp:attachment":[{"href":"https:\/\/www.naturalscience.org\/es\/wp-json\/wp\/v2\/media?parent=15605"}],"wp:term":[{"taxonomy":"category","embeddable":true,"href":"https:\/\/www.naturalscience.org\/es\/wp-json\/wp\/v2\/categories?post=15605"}],"curies":[{"name":"wp","href":"https:\/\/api.w.org\/{rel}","templated":true}]}}