{"id":15566,"date":"2015-09-20T17:42:42","date_gmt":"2015-09-20T15:42:42","guid":{"rendered":"http:\/\/www.naturalscience.org\/es\/?page_id=15566"},"modified":"2017-03-20T16:55:11","modified_gmt":"2017-03-20T15:55:11","slug":"lo-que-puedes-hacer-para-un-parto-natural","status":"publish","type":"page","link":"https:\/\/www.naturalscience.org\/es\/temas\/salud\/el-parto-natural\/lo-que-puedes-hacer-para-un-parto-natural\/","title":{"rendered":"Lo que puede hacer para un Parto Natural"},"content":{"rendered":"<ul>\n<li>Al comienzo de su embarazo vaya donde una partera experimentada, que la pueda acompa\u00f1ar a lo largo del embarazo, que ayude a prepararla para el parto y referirla a un ginec\u00f3logo, si es necesario.<\/li>\n<li>Solicite que las pruebas de ultrasonido sean utilizadas \u00fanicamente cuando las indicaciones as\u00ed lo requieren.<\/li>\n<li>Si es posible, evite el ultrasonido en los primeros meses y evite en lo posible las pruebas de ultrasonido\u00a0 rutinarias.<\/li>\n<li>Durante el embarazo conscientemente profundice el contacto con su hijo, mediante la preparaci\u00f3n prenatal como por ejemplo: el hipnoparto y la haptonom\u00eda y p\u00eddale a su pareja que la acompa\u00f1e. Profundice su confianza en su capacidad inherente a dar a luz a su hijo disolviendo as\u00ed sus miedos.<\/li>\n<li>Planifique el nacimiento en un lugar donde se sienta c\u00f3moda y segura, preferiblemente con una partera u obstetra de confianza. Comunique claramente\u00a0 tus deseos y opiniones sobre el nacimiento &#8211; antes y durante\u00a0 el parto.<\/li>\n<li>Tras el nacimiento Ins\u00edstale a su partera o m\u00e9dico sobre el espacio y el tiempo con el fin de\u00a0 estrechar el v\u00ednculo entre los padres y el ni\u00f1o. Esto se aplica especialmente cuando se trata de un parto en el hospital.<\/li>\n<li>Si est\u00e1 planificando dar a luz en el hospital pregunte por la tasa de ces\u00e1reas en la cl\u00ednica de su elecci\u00f3n. Si es posible encuentra una partera de confianza que posea el privilegio de internar en el hospital\u00a0\u00a0 y que pueda acompa\u00f1arla al nacimiento.<\/li>\n<li>Inf\u00f3rmese sobre todas los procedimientos rutinarios com\u00fanmente practicados para la madre y el ni\u00f1o en el hospital y junto a su pareja, en forma consensual decida lo que quiere y lo que no quiere.<\/li>\n<li>Haga planes para cuidados cl\u00ednicos, para que al volver a casa el padre del ni\u00f1o u otra persona cercana pueda apoyar a la madre y al beb\u00e9. Tan pronto como sepa que est\u00e1 embarazada, busque una partera que pueda cuidarla en su casa cuando usted y su hijo lo necesiten\u00a0 y pueda aconsejarla sobre la lactancia materna.<\/li>\n<\/ul>\n","protected":false},"excerpt":{"rendered":"Al comienzo de su embarazo vaya donde una partera experimentada, que la pueda acompa\u00f1ar a lo largo del embarazo, que ayude a prepararla para el parto y referirla a un ginec\u00f3logo, si es necesario. Solicite que las pruebas de ultrasonido sean utilizadas \u00fanicamente cuando las indicaciones as\u00ed lo requieren. Si es posible, evite el ultrasonido [&hellip;]","protected":false},"author":9,"featured_media":0,"parent":15402,"menu_order":2,"comment_status":"closed","ping_status":"closed","template":"","meta":{"_acf_changed":false,"ngg_post_thumbnail":0,"footnotes":""},"categories":[],"class_list":["post-15566","page","type-page","status-publish","hentry","wpautop"],"acf":[],"yoast_head":"<!-- This site is optimized with the Yoast SEO plugin v27.5 - https:\/\/yoast.com\/product\/yoast-seo-wordpress\/ -->\n<title>Lo que puede hacer para un Parto Natural - The World Foundation for Natural Science<\/title>\n<meta name=\"robots\" content=\"index, follow, max-snippet:-1, max-image-preview:large, max-video-preview:-1\" \/>\n<link rel=\"canonical\" href=\"https:\/\/www.naturalscience.org\/es\/temas\/salud\/el-parto-natural\/lo-que-puedes-hacer-para-un-parto-natural\/\" \/>\n<meta name=\"twitter:label1\" content=\"Tiempo de lectura\" \/>\n\t<meta name=\"twitter:data1\" content=\"2 minutos\" \/>\n<script type=\"application\/ld+json\" class=\"yoast-schema-graph\">{\"@context\":\"https:\\\/\\\/schema.org\",\"@graph\":[{\"@type\":\"WebPage\",\"@id\":\"https:\\\/\\\/www.naturalscience.org\\\/es\\\/temas\\\/salud\\\/el-parto-natural\\\/lo-que-puedes-hacer-para-un-parto-natural\\\/\",\"url\":\"https:\\\/\\\/www.naturalscience.org\\\/es\\\/temas\\\/salud\\\/el-parto-natural\\\/lo-que-puedes-hacer-para-un-parto-natural\\\/\",\"name\":\"Lo que puede hacer para un Parto Natural - The World Foundation for Natural Science\",\"isPartOf\":{\"@id\":\"https:\\\/\\\/www.naturalscience.org\\\/#website\"},\"datePublished\":\"2015-09-20T15:42:42+00:00\",\"dateModified\":\"2017-03-20T15:55:11+00:00\",\"breadcrumb\":{\"@id\":\"https:\\\/\\\/www.naturalscience.org\\\/es\\\/temas\\\/salud\\\/el-parto-natural\\\/lo-que-puedes-hacer-para-un-parto-natural\\\/#breadcrumb\"},\"inLanguage\":\"es\",\"potentialAction\":[{\"@type\":\"ReadAction\",\"target\":[\"https:\\\/\\\/www.naturalscience.org\\\/es\\\/temas\\\/salud\\\/el-parto-natural\\\/lo-que-puedes-hacer-para-un-parto-natural\\\/\"]}]},{\"@type\":\"BreadcrumbList\",\"@id\":\"https:\\\/\\\/www.naturalscience.org\\\/es\\\/temas\\\/salud\\\/el-parto-natural\\\/lo-que-puedes-hacer-para-un-parto-natural\\\/#breadcrumb\",\"itemListElement\":[{\"@type\":\"ListItem\",\"position\":1,\"name\":\"Home\",\"item\":\"https:\\\/\\\/www.naturalscience.org\\\/es\\\/\"},{\"@type\":\"ListItem\",\"position\":2,\"name\":\"Temas\",\"item\":\"https:\\\/\\\/www.naturalscience.org\\\/es\\\/temas\\\/\"},{\"@type\":\"ListItem\",\"position\":3,\"name\":\"Salud\",\"item\":\"https:\\\/\\\/www.naturalscience.org\\\/cs\\\/temas\\\/salud\\\/\"},{\"@type\":\"ListItem\",\"position\":4,\"name\":\"El parto natural\",\"item\":\"https:\\\/\\\/www.naturalscience.org\\\/es\\\/temas\\\/salud\\\/el-parto-natural\\\/\"},{\"@type\":\"ListItem\",\"position\":5,\"name\":\"Lo que puede hacer para un Parto Natural\"}]},{\"@type\":\"WebSite\",\"@id\":\"https:\\\/\\\/www.naturalscience.org\\\/#website\",\"url\":\"https:\\\/\\\/www.naturalscience.org\\\/\",\"name\":\"The World Foundation for Natural Science\",\"description\":\"Restoring and Healing the World through Responsibility and Commitment in accord with Natural and Divine Law!\",\"potentialAction\":[{\"@type\":\"SearchAction\",\"target\":{\"@type\":\"EntryPoint\",\"urlTemplate\":\"https:\\\/\\\/www.naturalscience.org\\\/?s={search_term_string}\"},\"query-input\":{\"@type\":\"PropertyValueSpecification\",\"valueRequired\":true,\"valueName\":\"search_term_string\"}}],\"inLanguage\":\"es\"}]}<\/script>\n<!-- \/ Yoast SEO plugin. -->","yoast_head_json":{"title":"Lo que puede hacer para un Parto Natural - The World Foundation for Natural Science","robots":{"index":"index","follow":"follow","max-snippet":"max-snippet:-1","max-image-preview":"max-image-preview:large","max-video-preview":"max-video-preview:-1"},"canonical":"https:\/\/www.naturalscience.org\/es\/temas\/salud\/el-parto-natural\/lo-que-puedes-hacer-para-un-parto-natural\/","twitter_misc":{"Tiempo de lectura":"2 minutos"},"schema":{"@context":"https:\/\/schema.org","@graph":[{"@type":"WebPage","@id":"https:\/\/www.naturalscience.org\/es\/temas\/salud\/el-parto-natural\/lo-que-puedes-hacer-para-un-parto-natural\/","url":"https:\/\/www.naturalscience.org\/es\/temas\/salud\/el-parto-natural\/lo-que-puedes-hacer-para-un-parto-natural\/","name":"Lo que puede hacer para un Parto Natural - The World Foundation for Natural Science","isPartOf":{"@id":"https:\/\/www.naturalscience.org\/#website"},"datePublished":"2015-09-20T15:42:42+00:00","dateModified":"2017-03-20T15:55:11+00:00","breadcrumb":{"@id":"https:\/\/www.naturalscience.org\/es\/temas\/salud\/el-parto-natural\/lo-que-puedes-hacer-para-un-parto-natural\/#breadcrumb"},"inLanguage":"es","potentialAction":[{"@type":"ReadAction","target":["https:\/\/www.naturalscience.org\/es\/temas\/salud\/el-parto-natural\/lo-que-puedes-hacer-para-un-parto-natural\/"]}]},{"@type":"BreadcrumbList","@id":"https:\/\/www.naturalscience.org\/es\/temas\/salud\/el-parto-natural\/lo-que-puedes-hacer-para-un-parto-natural\/#breadcrumb","itemListElement":[{"@type":"ListItem","position":1,"name":"Home","item":"https:\/\/www.naturalscience.org\/es\/"},{"@type":"ListItem","position":2,"name":"Temas","item":"https:\/\/www.naturalscience.org\/es\/temas\/"},{"@type":"ListItem","position":3,"name":"Salud","item":"https:\/\/www.naturalscience.org\/cs\/temas\/salud\/"},{"@type":"ListItem","position":4,"name":"El parto natural","item":"https:\/\/www.naturalscience.org\/es\/temas\/salud\/el-parto-natural\/"},{"@type":"ListItem","position":5,"name":"Lo que puede hacer para un Parto Natural"}]},{"@type":"WebSite","@id":"https:\/\/www.naturalscience.org\/#website","url":"https:\/\/www.naturalscience.org\/","name":"The World Foundation for Natural Science","description":"Restoring and Healing the World through Responsibility and Commitment in accord with Natural and Divine Law!","potentialAction":[{"@type":"SearchAction","target":{"@type":"EntryPoint","urlTemplate":"https:\/\/www.naturalscience.org\/?s={search_term_string}"},"query-input":{"@type":"PropertyValueSpecification","valueRequired":true,"valueName":"search_term_string"}}],"inLanguage":"es"}]}},"_links":{"self":[{"href":"https:\/\/www.naturalscience.org\/es\/wp-json\/wp\/v2\/pages\/15566","targetHints":{"allow":["GET"]}}],"collection":[{"href":"https:\/\/www.naturalscience.org\/es\/wp-json\/wp\/v2\/pages"}],"about":[{"href":"https:\/\/www.naturalscience.org\/es\/wp-json\/wp\/v2\/types\/page"}],"author":[{"embeddable":true,"href":"https:\/\/www.naturalscience.org\/es\/wp-json\/wp\/v2\/users\/9"}],"replies":[{"embeddable":true,"href":"https:\/\/www.naturalscience.org\/es\/wp-json\/wp\/v2\/comments?post=15566"}],"version-history":[{"count":8,"href":"https:\/\/www.naturalscience.org\/es\/wp-json\/wp\/v2\/pages\/15566\/revisions"}],"predecessor-version":[{"id":23738,"href":"https:\/\/www.naturalscience.org\/es\/wp-json\/wp\/v2\/pages\/15566\/revisions\/23738"}],"up":[{"embeddable":true,"href":"https:\/\/www.naturalscience.org\/es\/wp-json\/wp\/v2\/pages\/15402"}],"wp:attachment":[{"href":"https:\/\/www.naturalscience.org\/es\/wp-json\/wp\/v2\/media?parent=15566"}],"wp:term":[{"taxonomy":"category","embeddable":true,"href":"https:\/\/www.naturalscience.org\/es\/wp-json\/wp\/v2\/categories?post=15566"}],"curies":[{"name":"wp","href":"https:\/\/api.w.org\/{rel}","templated":true}]}}