{"id":15458,"date":"2015-09-18T12:55:16","date_gmt":"2015-09-18T10:55:16","guid":{"rendered":"http:\/\/www.naturalscience.org\/es\/?page_id=15458"},"modified":"2015-09-18T13:05:14","modified_gmt":"2015-09-18T11:05:14","slug":"consejos-para-el-manejo-correcto-de-los-dispositivos-de-comunicacion-movil","status":"publish","type":"page","link":"https:\/\/www.naturalscience.org\/es\/temas\/microondas-y-comunicaciones-moviles\/consejos-para-el-manejo-correcto-de-los-dispositivos-de-comunicacion-movil\/","title":{"rendered":"Consejos para el manejo correcto de los dispositivos de comunicaci\u00f3n m\u00f3vil"},"content":{"rendered":"<ul>\n<li>En casa o en su lugar de trabajo siempre use una red cableada.<\/li>\n<li>Desactive la funci\u00f3n Bluetooth \/ Wi-Fi de todos los dispositivos (computadora port\u00e1til, PC, impresora, la radio del coche) si no est\u00e1 en uso (por interruptor o sistema de control).<\/li>\n<li>Use un tel\u00e9fono con cable en lugar de un tel\u00e9fono inal\u00e1mbrico.<\/li>\n<li>Si usted tiene que usar un tel\u00e9fono inal\u00e1mbrico no lo apoye a su o\u00eddo. En su lugar encienda el altavoz y coloque el dispositivo sobre la mesa frente a usted.<\/li>\n<li>En el tel\u00e9fono inal\u00e1mbrico active el&nbsp;\u00abmodo eco\u00bb y la funci\u00f3n&nbsp;\u00abbaja radiaci\u00f3n\u00bb y controle regularmente esta programaci\u00f3n.<\/li>\n<li>Apague su tel\u00e9fono m\u00f3vil, Smartphone, tablet, PC, conexi\u00f3n Wi-Fi gratuita y tel\u00e9fono inal\u00e1mbrico cuando no est\u00e9 en uso y especialmente por la noche.<\/li>\n<li>Al comprar un nuevo dispositivo siempre insista en que el mismo cuente con un enchufe o entrada para conectar un cable de red (por ejemplo, RJ45) y que permita desactivar el modo inal\u00e1mbrico\u00a0 mediante un interruptor o software.<\/li>\n<li>\u00a0Siempre que lleve consigo su tel\u00e9fono m\u00f3vil, Smartphone o tablet PC mantengalo\u00a0 a distancia de su cuerpo.<\/li>\n<li>Lleve su Smartphone en una bolsa de protecci\u00f3n que permite la recepci\u00f3n de se\u00f1al, pero bloquea su cuerpo de los campos electromagn\u00e9ticos.<\/li>\n<li>Active el altavoz cuando\u00a0 hable por tel\u00e9fono m\u00f3vil y no sostenga el dispositivo cerca del o\u00eddo.<\/li>\n<li>Utilice un auricular\u00a0 del tubo de aire, si es posible. Esto evita que la radiaci\u00f3n entre en el o\u00eddo.<\/li>\n<li>Alerte a sus semejantes de los peligros de los campos electromagn\u00e9ticos de las antenas de telefon\u00eda m\u00f3vil, tel\u00e9fonos m\u00f3viles, tel\u00e9fonos inal\u00e1mbricos, Wi-Fi, etc.<\/li>\n<li>Mantenga su distancia de los cables, instalaciones el\u00e9ctricas, iluminaci\u00f3n, fuentes de alimentaci\u00f3n para la radio, computadores port\u00e1tiles, etc., as\u00ed como de cualquier tipo de cargador.<\/li>\n<li>Vigile su condici\u00f3n f\u00edsica: La fatiga, el agotamiento, las defensas bajas, falta de concentraci\u00f3n, dolores de cabeza, etc., son a menudo un indicador de alteraciones causadas por campos electromagn\u00e9ticos.<\/li>\n<li>En su b\u00fasqueda de la informaci\u00f3n, tambi\u00e9n incluya a expertos que mantenga una posicion\u00a0 cr\u00edtica a la tecnolog\u00eda inal\u00e1mbrica.<\/li>\n<li>Cont\u00e1ctenos para preguntas; investigue el tema a trav\u00e9s de nuestros folletos y boletines informativos y ac\u00e9rquese\u00a0 a uno de nuestros eventos.<\/li>\n<li>Comparta esta informaci\u00f3n y enlaces, como la direcci\u00f3n de esta p\u00e1gina web con sus amigos y conocidos.<\/li>\n<\/ul>\n","protected":false},"excerpt":{"rendered":"En casa o en su lugar de trabajo siempre use una red cableada. Desactive la funci\u00f3n Bluetooth \/ Wi-Fi de todos los dispositivos (computadora port\u00e1til, PC, impresora, la radio del coche) si no est\u00e1 en uso (por interruptor o sistema de control). Use un tel\u00e9fono con cable en lugar de un tel\u00e9fono inal\u00e1mbrico. Si usted [&hellip;]","protected":false},"author":9,"featured_media":0,"parent":15198,"menu_order":2,"comment_status":"closed","ping_status":"closed","template":"","meta":{"_acf_changed":false,"ngg_post_thumbnail":0,"footnotes":""},"categories":[],"class_list":["post-15458","page","type-page","status-publish","hentry","wpautop"],"acf":[],"yoast_head":"<!-- This site is optimized with the Yoast SEO plugin v27.5 - https:\/\/yoast.com\/product\/yoast-seo-wordpress\/ -->\n<title>Consejos para el manejo correcto de los dispositivos de comunicaci\u00f3n m\u00f3vil - The World Foundation for Natural Science<\/title>\n<meta name=\"robots\" content=\"index, follow, max-snippet:-1, max-image-preview:large, max-video-preview:-1\" \/>\n<link rel=\"canonical\" href=\"https:\/\/www.naturalscience.org\/es\/temas\/microondas-y-comunicaciones-moviles\/consejos-para-el-manejo-correcto-de-los-dispositivos-de-comunicacion-movil\/\" \/>\n<meta name=\"twitter:label1\" content=\"Tiempo de lectura\" \/>\n\t<meta name=\"twitter:data1\" content=\"2 minutos\" \/>\n<script type=\"application\/ld+json\" class=\"yoast-schema-graph\">{\"@context\":\"https:\\\/\\\/schema.org\",\"@graph\":[{\"@type\":\"WebPage\",\"@id\":\"https:\\\/\\\/www.naturalscience.org\\\/es\\\/temas\\\/microondas-y-comunicaciones-moviles\\\/consejos-para-el-manejo-correcto-de-los-dispositivos-de-comunicacion-movil\\\/\",\"url\":\"https:\\\/\\\/www.naturalscience.org\\\/es\\\/temas\\\/microondas-y-comunicaciones-moviles\\\/consejos-para-el-manejo-correcto-de-los-dispositivos-de-comunicacion-movil\\\/\",\"name\":\"Consejos para el manejo correcto de los dispositivos de comunicaci\u00f3n m\u00f3vil - The World Foundation for Natural Science\",\"isPartOf\":{\"@id\":\"https:\\\/\\\/www.naturalscience.org\\\/#website\"},\"datePublished\":\"2015-09-18T10:55:16+00:00\",\"dateModified\":\"2015-09-18T11:05:14+00:00\",\"breadcrumb\":{\"@id\":\"https:\\\/\\\/www.naturalscience.org\\\/es\\\/temas\\\/microondas-y-comunicaciones-moviles\\\/consejos-para-el-manejo-correcto-de-los-dispositivos-de-comunicacion-movil\\\/#breadcrumb\"},\"inLanguage\":\"es\",\"potentialAction\":[{\"@type\":\"ReadAction\",\"target\":[\"https:\\\/\\\/www.naturalscience.org\\\/es\\\/temas\\\/microondas-y-comunicaciones-moviles\\\/consejos-para-el-manejo-correcto-de-los-dispositivos-de-comunicacion-movil\\\/\"]}]},{\"@type\":\"BreadcrumbList\",\"@id\":\"https:\\\/\\\/www.naturalscience.org\\\/es\\\/temas\\\/microondas-y-comunicaciones-moviles\\\/consejos-para-el-manejo-correcto-de-los-dispositivos-de-comunicacion-movil\\\/#breadcrumb\",\"itemListElement\":[{\"@type\":\"ListItem\",\"position\":1,\"name\":\"Home\",\"item\":\"https:\\\/\\\/www.naturalscience.org\\\/es\\\/\"},{\"@type\":\"ListItem\",\"position\":2,\"name\":\"Temas\",\"item\":\"https:\\\/\\\/www.naturalscience.org\\\/es\\\/temas\\\/\"},{\"@type\":\"ListItem\",\"position\":3,\"name\":\"Microondas y Comunicaciones m\u00f3viles\",\"item\":\"https:\\\/\\\/www.naturalscience.org\\\/es\\\/temas\\\/microondas-y-comunicaciones-moviles\\\/\"},{\"@type\":\"ListItem\",\"position\":4,\"name\":\"Consejos para el manejo correcto de los dispositivos de comunicaci\u00f3n m\u00f3vil\"}]},{\"@type\":\"WebSite\",\"@id\":\"https:\\\/\\\/www.naturalscience.org\\\/#website\",\"url\":\"https:\\\/\\\/www.naturalscience.org\\\/\",\"name\":\"The World Foundation for Natural Science\",\"description\":\"Restoring and Healing the World through Responsibility and Commitment in accord with Natural and Divine Law!\",\"potentialAction\":[{\"@type\":\"SearchAction\",\"target\":{\"@type\":\"EntryPoint\",\"urlTemplate\":\"https:\\\/\\\/www.naturalscience.org\\\/?s={search_term_string}\"},\"query-input\":{\"@type\":\"PropertyValueSpecification\",\"valueRequired\":true,\"valueName\":\"search_term_string\"}}],\"inLanguage\":\"es\"}]}<\/script>\n<!-- \/ Yoast SEO plugin. -->","yoast_head_json":{"title":"Consejos para el manejo correcto de los dispositivos de comunicaci\u00f3n m\u00f3vil - The World Foundation for Natural Science","robots":{"index":"index","follow":"follow","max-snippet":"max-snippet:-1","max-image-preview":"max-image-preview:large","max-video-preview":"max-video-preview:-1"},"canonical":"https:\/\/www.naturalscience.org\/es\/temas\/microondas-y-comunicaciones-moviles\/consejos-para-el-manejo-correcto-de-los-dispositivos-de-comunicacion-movil\/","twitter_misc":{"Tiempo de lectura":"2 minutos"},"schema":{"@context":"https:\/\/schema.org","@graph":[{"@type":"WebPage","@id":"https:\/\/www.naturalscience.org\/es\/temas\/microondas-y-comunicaciones-moviles\/consejos-para-el-manejo-correcto-de-los-dispositivos-de-comunicacion-movil\/","url":"https:\/\/www.naturalscience.org\/es\/temas\/microondas-y-comunicaciones-moviles\/consejos-para-el-manejo-correcto-de-los-dispositivos-de-comunicacion-movil\/","name":"Consejos para el manejo correcto de los dispositivos de comunicaci\u00f3n m\u00f3vil - The World Foundation for Natural Science","isPartOf":{"@id":"https:\/\/www.naturalscience.org\/#website"},"datePublished":"2015-09-18T10:55:16+00:00","dateModified":"2015-09-18T11:05:14+00:00","breadcrumb":{"@id":"https:\/\/www.naturalscience.org\/es\/temas\/microondas-y-comunicaciones-moviles\/consejos-para-el-manejo-correcto-de-los-dispositivos-de-comunicacion-movil\/#breadcrumb"},"inLanguage":"es","potentialAction":[{"@type":"ReadAction","target":["https:\/\/www.naturalscience.org\/es\/temas\/microondas-y-comunicaciones-moviles\/consejos-para-el-manejo-correcto-de-los-dispositivos-de-comunicacion-movil\/"]}]},{"@type":"BreadcrumbList","@id":"https:\/\/www.naturalscience.org\/es\/temas\/microondas-y-comunicaciones-moviles\/consejos-para-el-manejo-correcto-de-los-dispositivos-de-comunicacion-movil\/#breadcrumb","itemListElement":[{"@type":"ListItem","position":1,"name":"Home","item":"https:\/\/www.naturalscience.org\/es\/"},{"@type":"ListItem","position":2,"name":"Temas","item":"https:\/\/www.naturalscience.org\/es\/temas\/"},{"@type":"ListItem","position":3,"name":"Microondas y Comunicaciones m\u00f3viles","item":"https:\/\/www.naturalscience.org\/es\/temas\/microondas-y-comunicaciones-moviles\/"},{"@type":"ListItem","position":4,"name":"Consejos para el manejo correcto de los dispositivos de comunicaci\u00f3n m\u00f3vil"}]},{"@type":"WebSite","@id":"https:\/\/www.naturalscience.org\/#website","url":"https:\/\/www.naturalscience.org\/","name":"The World Foundation for Natural Science","description":"Restoring and Healing the World through Responsibility and Commitment in accord with Natural and Divine Law!","potentialAction":[{"@type":"SearchAction","target":{"@type":"EntryPoint","urlTemplate":"https:\/\/www.naturalscience.org\/?s={search_term_string}"},"query-input":{"@type":"PropertyValueSpecification","valueRequired":true,"valueName":"search_term_string"}}],"inLanguage":"es"}]}},"_links":{"self":[{"href":"https:\/\/www.naturalscience.org\/es\/wp-json\/wp\/v2\/pages\/15458","targetHints":{"allow":["GET"]}}],"collection":[{"href":"https:\/\/www.naturalscience.org\/es\/wp-json\/wp\/v2\/pages"}],"about":[{"href":"https:\/\/www.naturalscience.org\/es\/wp-json\/wp\/v2\/types\/page"}],"author":[{"embeddable":true,"href":"https:\/\/www.naturalscience.org\/es\/wp-json\/wp\/v2\/users\/9"}],"replies":[{"embeddable":true,"href":"https:\/\/www.naturalscience.org\/es\/wp-json\/wp\/v2\/comments?post=15458"}],"version-history":[{"count":6,"href":"https:\/\/www.naturalscience.org\/es\/wp-json\/wp\/v2\/pages\/15458\/revisions"}],"predecessor-version":[{"id":15467,"href":"https:\/\/www.naturalscience.org\/es\/wp-json\/wp\/v2\/pages\/15458\/revisions\/15467"}],"up":[{"embeddable":true,"href":"https:\/\/www.naturalscience.org\/es\/wp-json\/wp\/v2\/pages\/15198"}],"wp:attachment":[{"href":"https:\/\/www.naturalscience.org\/es\/wp-json\/wp\/v2\/media?parent=15458"}],"wp:term":[{"taxonomy":"category","embeddable":true,"href":"https:\/\/www.naturalscience.org\/es\/wp-json\/wp\/v2\/categories?post=15458"}],"curies":[{"name":"wp","href":"https:\/\/api.w.org\/{rel}","templated":true}]}}