{"id":15438,"date":"2015-09-16T18:30:04","date_gmt":"2015-09-16T16:30:04","guid":{"rendered":"http:\/\/www.naturalscience.org\/es\/?page_id=15438"},"modified":"2015-10-24T12:54:13","modified_gmt":"2015-10-24T10:54:13","slug":"como-ayudar-a-su-hijo-con-el-manejo-de-la-internet-y-las-redes-sociales","status":"publish","type":"page","link":"https:\/\/www.naturalscience.org\/es\/temas\/salud\/internet-y-redes-sociales\/como-ayudar-a-su-hijo-con-el-manejo-de-la-internet-y-las-redes-sociales\/","title":{"rendered":"C\u00f3mo ayudar a su hijo con el manejo de la Internet y las redes sociales"},"content":{"rendered":"<p>Hemos enumerado algunos consejos para que usted y su hijo sean capaces de moverse con seguridad y responsabilidad en el Internet y en las redes sociales:<\/p>\n<ul>\n<li>Hable con su hijo acerca de la Internet y su lado&nbsp;\u00aboscuro\u00bb. El uso responsable del Internet y redes sociales s\u00f3lo puede lograrse si el ni\u00f1o sabe en lo que \u00e9l o ella se est\u00e1 involucrando.<\/li>\n<li>Proteja a su hijo en Internet (seg\u00fan la edad); ofr\u00e9zcale ayuda. No le deje a \u00e9l o a ella sin supervisi\u00f3n a pesar de que no est\u00e9n felices por esto.<\/li>\n<li>Compruebe regularmente la configuraci\u00f3n de seguridad y privacidad de las redes sociales de su hijo. Usted necesita asegurarse de que s\u00f3lo&nbsp;\u00abamigos\u00bb puedan tener acceso al contenido y la informaci\u00f3n de su hijo.<\/li>\n<li>Emplee barra de herramientas de navegadores gratuitos para bloquear ciertos sitios en el Internet. (barra de herramientas que permiten funciones adicionales del navegador.) Por otra parte tambi\u00e9n hay software (con costo adicional), que le permite por ejemplo, configurar las horas de uso de su hijo en la computadora e internet o para bloquear ciertos sitios, temas y \u00e1reas de Internet, as\u00ed como controlar el uso de su hijo de la computadora. De esta manera siempre se puede ver lo que su hijo est\u00e1 haciendo en la computadora.<\/li>\n<li>No disponga un ordenador en la habitaci\u00f3n de su hijo. Coloque el computador en un lugar donde su hijo no este solo y en el que siempre se pueda ver lo que \u00e9l o ella este haciendo.<\/li>\n<li>Confisque tel\u00e9fonos inteligentes y tabletas en la noche. Ning\u00fan ni\u00f1o necesita un <a href=\"https:\/\/www.naturalscience.org\/es\/temas\/microondas-y-comunicaciones-moviles\/jovenes-y-moviles\/\">tel\u00e9fono m\u00f3vil<\/a> o una tableta en su habitaci\u00f3n por la noche. Estos dispositivos son una enorme distracci\u00f3n y pueden perturbar gravemente un sue\u00f1o tranquilo.<\/li>\n<li>Tenga en cuenta las recomendaciones de edad de los dise\u00f1adores y proveedores de sitios web. Los ni\u00f1os s\u00f3lo se les permite utilizar las redes sociales a partir de la edad de 13 a\u00f1os.<\/li>\n<li>En estas plataformas de redes sociales, sea&nbsp;\u00abamigo\u00bb de su hijo usted mismo &#8211; sin ser embarazoso o excesivamente vigilante.<\/li>\n<li>Explique a su hijo que en el Internet nada nunca se olvida. Todo lo publicado en Internet, se queda &#8211; para siempre! Por lo tanto, tenga cuidado con la informaci\u00f3n privada e \u00edntima que publica. Qui\u00e9n lo agrega como un&nbsp;\u00abamigo\u00bb hoy puede no serlo ma\u00f1ana.<\/li>\n<li>En caso de que su hijo sea v\u00edctima de acoso cibern\u00e9tico hable con los profesores y otros padres. Por encima de todo: acuda a la polic\u00eda. Adem\u00e1s, es imprescindible que conserve las pruebas (capturas de pantalla) de insultos o material de difamatorio.<\/li>\n<li>SD\u00e9 un buen ejemplo usted mismo. Tambi\u00e9n deje a un lado su Smartphone, tableta o port\u00e1til y dedique tiempo a su familia.<\/li>\n<li>Genere oportunidades para compartir&nbsp;\u00abtiempo de calidad\u00bb, cuando no te dejas distraer por nada y s\u00f3lo est\u00e1n juntos como una familia.<\/li>\n<li>No reh\u00faya de reprender a su hijo. Conf\u00ede en su instinto.<\/li>\n<\/ul>\n","protected":false},"excerpt":{"rendered":"Hemos enumerado algunos consejos para que usted y su hijo sean capaces de moverse con seguridad y responsabilidad en el Internet y en las redes sociales: Hable con su hijo acerca de la Internet y su lado&nbsp;\u00aboscuro\u00bb. El uso responsable del Internet y redes sociales s\u00f3lo puede lograrse si el ni\u00f1o sabe en lo que [&hellip;]","protected":false},"author":9,"featured_media":0,"parent":15404,"menu_order":15,"comment_status":"closed","ping_status":"closed","template":"","meta":{"_acf_changed":false,"ngg_post_thumbnail":0,"footnotes":""},"categories":[],"class_list":["post-15438","page","type-page","status-publish","hentry","wpautop"],"acf":[],"yoast_head":"<!-- This site is optimized with the Yoast SEO plugin v27.5 - https:\/\/yoast.com\/product\/yoast-seo-wordpress\/ -->\n<title>C\u00f3mo ayudar a su hijo con el manejo de la Internet y las redes sociales - The World Foundation for Natural Science<\/title>\n<meta name=\"robots\" content=\"index, follow, max-snippet:-1, max-image-preview:large, max-video-preview:-1\" \/>\n<link rel=\"canonical\" href=\"https:\/\/www.naturalscience.org\/es\/temas\/salud\/internet-y-redes-sociales\/como-ayudar-a-su-hijo-con-el-manejo-de-la-internet-y-las-redes-sociales\/\" \/>\n<meta name=\"twitter:label1\" content=\"Tiempo de lectura\" \/>\n\t<meta name=\"twitter:data1\" content=\"3 minutos\" \/>\n<script type=\"application\/ld+json\" class=\"yoast-schema-graph\">{\"@context\":\"https:\\\/\\\/schema.org\",\"@graph\":[{\"@type\":\"WebPage\",\"@id\":\"https:\\\/\\\/www.naturalscience.org\\\/es\\\/temas\\\/salud\\\/internet-y-redes-sociales\\\/como-ayudar-a-su-hijo-con-el-manejo-de-la-internet-y-las-redes-sociales\\\/\",\"url\":\"https:\\\/\\\/www.naturalscience.org\\\/es\\\/temas\\\/salud\\\/internet-y-redes-sociales\\\/como-ayudar-a-su-hijo-con-el-manejo-de-la-internet-y-las-redes-sociales\\\/\",\"name\":\"C\u00f3mo ayudar a su hijo con el manejo de la Internet y las redes sociales - The World Foundation for Natural Science\",\"isPartOf\":{\"@id\":\"https:\\\/\\\/www.naturalscience.org\\\/#website\"},\"datePublished\":\"2015-09-16T16:30:04+00:00\",\"dateModified\":\"2015-10-24T10:54:13+00:00\",\"breadcrumb\":{\"@id\":\"https:\\\/\\\/www.naturalscience.org\\\/es\\\/temas\\\/salud\\\/internet-y-redes-sociales\\\/como-ayudar-a-su-hijo-con-el-manejo-de-la-internet-y-las-redes-sociales\\\/#breadcrumb\"},\"inLanguage\":\"es\",\"potentialAction\":[{\"@type\":\"ReadAction\",\"target\":[\"https:\\\/\\\/www.naturalscience.org\\\/es\\\/temas\\\/salud\\\/internet-y-redes-sociales\\\/como-ayudar-a-su-hijo-con-el-manejo-de-la-internet-y-las-redes-sociales\\\/\"]}]},{\"@type\":\"BreadcrumbList\",\"@id\":\"https:\\\/\\\/www.naturalscience.org\\\/es\\\/temas\\\/salud\\\/internet-y-redes-sociales\\\/como-ayudar-a-su-hijo-con-el-manejo-de-la-internet-y-las-redes-sociales\\\/#breadcrumb\",\"itemListElement\":[{\"@type\":\"ListItem\",\"position\":1,\"name\":\"Home\",\"item\":\"https:\\\/\\\/www.naturalscience.org\\\/es\\\/\"},{\"@type\":\"ListItem\",\"position\":2,\"name\":\"Temas\",\"item\":\"https:\\\/\\\/www.naturalscience.org\\\/es\\\/temas\\\/\"},{\"@type\":\"ListItem\",\"position\":3,\"name\":\"Salud\",\"item\":\"https:\\\/\\\/www.naturalscience.org\\\/cs\\\/temas\\\/salud\\\/\"},{\"@type\":\"ListItem\",\"position\":4,\"name\":\"Internet y Redes Sociales\",\"item\":\"https:\\\/\\\/www.naturalscience.org\\\/es\\\/temas\\\/salud\\\/internet-y-redes-sociales\\\/\"},{\"@type\":\"ListItem\",\"position\":5,\"name\":\"C\u00f3mo ayudar a su hijo con el manejo de la Internet y las redes sociales\"}]},{\"@type\":\"WebSite\",\"@id\":\"https:\\\/\\\/www.naturalscience.org\\\/#website\",\"url\":\"https:\\\/\\\/www.naturalscience.org\\\/\",\"name\":\"The World Foundation for Natural Science\",\"description\":\"Restoring and Healing the World through Responsibility and Commitment in accord with Natural and Divine Law!\",\"potentialAction\":[{\"@type\":\"SearchAction\",\"target\":{\"@type\":\"EntryPoint\",\"urlTemplate\":\"https:\\\/\\\/www.naturalscience.org\\\/?s={search_term_string}\"},\"query-input\":{\"@type\":\"PropertyValueSpecification\",\"valueRequired\":true,\"valueName\":\"search_term_string\"}}],\"inLanguage\":\"es\"}]}<\/script>\n<!-- \/ Yoast SEO plugin. -->","yoast_head_json":{"title":"C\u00f3mo ayudar a su hijo con el manejo de la Internet y las redes sociales - The World Foundation for Natural Science","robots":{"index":"index","follow":"follow","max-snippet":"max-snippet:-1","max-image-preview":"max-image-preview:large","max-video-preview":"max-video-preview:-1"},"canonical":"https:\/\/www.naturalscience.org\/es\/temas\/salud\/internet-y-redes-sociales\/como-ayudar-a-su-hijo-con-el-manejo-de-la-internet-y-las-redes-sociales\/","twitter_misc":{"Tiempo de lectura":"3 minutos"},"schema":{"@context":"https:\/\/schema.org","@graph":[{"@type":"WebPage","@id":"https:\/\/www.naturalscience.org\/es\/temas\/salud\/internet-y-redes-sociales\/como-ayudar-a-su-hijo-con-el-manejo-de-la-internet-y-las-redes-sociales\/","url":"https:\/\/www.naturalscience.org\/es\/temas\/salud\/internet-y-redes-sociales\/como-ayudar-a-su-hijo-con-el-manejo-de-la-internet-y-las-redes-sociales\/","name":"C\u00f3mo ayudar a su hijo con el manejo de la Internet y las redes sociales - The World Foundation for Natural Science","isPartOf":{"@id":"https:\/\/www.naturalscience.org\/#website"},"datePublished":"2015-09-16T16:30:04+00:00","dateModified":"2015-10-24T10:54:13+00:00","breadcrumb":{"@id":"https:\/\/www.naturalscience.org\/es\/temas\/salud\/internet-y-redes-sociales\/como-ayudar-a-su-hijo-con-el-manejo-de-la-internet-y-las-redes-sociales\/#breadcrumb"},"inLanguage":"es","potentialAction":[{"@type":"ReadAction","target":["https:\/\/www.naturalscience.org\/es\/temas\/salud\/internet-y-redes-sociales\/como-ayudar-a-su-hijo-con-el-manejo-de-la-internet-y-las-redes-sociales\/"]}]},{"@type":"BreadcrumbList","@id":"https:\/\/www.naturalscience.org\/es\/temas\/salud\/internet-y-redes-sociales\/como-ayudar-a-su-hijo-con-el-manejo-de-la-internet-y-las-redes-sociales\/#breadcrumb","itemListElement":[{"@type":"ListItem","position":1,"name":"Home","item":"https:\/\/www.naturalscience.org\/es\/"},{"@type":"ListItem","position":2,"name":"Temas","item":"https:\/\/www.naturalscience.org\/es\/temas\/"},{"@type":"ListItem","position":3,"name":"Salud","item":"https:\/\/www.naturalscience.org\/cs\/temas\/salud\/"},{"@type":"ListItem","position":4,"name":"Internet y Redes Sociales","item":"https:\/\/www.naturalscience.org\/es\/temas\/salud\/internet-y-redes-sociales\/"},{"@type":"ListItem","position":5,"name":"C\u00f3mo ayudar a su hijo con el manejo de la Internet y las redes sociales"}]},{"@type":"WebSite","@id":"https:\/\/www.naturalscience.org\/#website","url":"https:\/\/www.naturalscience.org\/","name":"The World Foundation for Natural Science","description":"Restoring and Healing the World through Responsibility and Commitment in accord with Natural and Divine Law!","potentialAction":[{"@type":"SearchAction","target":{"@type":"EntryPoint","urlTemplate":"https:\/\/www.naturalscience.org\/?s={search_term_string}"},"query-input":{"@type":"PropertyValueSpecification","valueRequired":true,"valueName":"search_term_string"}}],"inLanguage":"es"}]}},"_links":{"self":[{"href":"https:\/\/www.naturalscience.org\/es\/wp-json\/wp\/v2\/pages\/15438","targetHints":{"allow":["GET"]}}],"collection":[{"href":"https:\/\/www.naturalscience.org\/es\/wp-json\/wp\/v2\/pages"}],"about":[{"href":"https:\/\/www.naturalscience.org\/es\/wp-json\/wp\/v2\/types\/page"}],"author":[{"embeddable":true,"href":"https:\/\/www.naturalscience.org\/es\/wp-json\/wp\/v2\/users\/9"}],"replies":[{"embeddable":true,"href":"https:\/\/www.naturalscience.org\/es\/wp-json\/wp\/v2\/comments?post=15438"}],"version-history":[{"count":5,"href":"https:\/\/www.naturalscience.org\/es\/wp-json\/wp\/v2\/pages\/15438\/revisions"}],"predecessor-version":[{"id":16464,"href":"https:\/\/www.naturalscience.org\/es\/wp-json\/wp\/v2\/pages\/15438\/revisions\/16464"}],"up":[{"embeddable":true,"href":"https:\/\/www.naturalscience.org\/es\/wp-json\/wp\/v2\/pages\/15404"}],"wp:attachment":[{"href":"https:\/\/www.naturalscience.org\/es\/wp-json\/wp\/v2\/media?parent=15438"}],"wp:term":[{"taxonomy":"category","embeddable":true,"href":"https:\/\/www.naturalscience.org\/es\/wp-json\/wp\/v2\/categories?post=15438"}],"curies":[{"name":"wp","href":"https:\/\/api.w.org\/{rel}","templated":true}]}}