{"id":15431,"date":"2015-09-16T18:18:25","date_gmt":"2015-09-16T16:18:25","guid":{"rendered":"http:\/\/www.naturalscience.org\/es\/?page_id=15431"},"modified":"2023-01-11T10:20:13","modified_gmt":"2023-01-11T09:20:13","slug":"temas","status":"publish","type":"page","link":"https:\/\/www.naturalscience.org\/es\/temas\/","title":{"rendered":"Temas"},"content":{"rendered":"\r\n\t        <div class=\"subpages-grid\">\r\n\r\n            <ul class=\"small-block-grid-1 medium-block-grid-2\">\r\n\t\t\t\t                        <li>\r\n\r\n\t\t\t\t\t\t\t                                <a href=\"https:\/\/www.naturalscience.org\/es\/temas\/salud\/\"><img loading=\"lazy\" decoding=\"async\" src=\"https:\/\/www.naturalscience.org\/wp-content\/uploads\/2022\/12\/NATURE-HERBS-300x68.jpg\"\r\n                                                                         width=\"300\"\r\n                                                                         height=\"68\"\/><\/a>\r\n\t\t\t\t\t\t\t\r\n                            <h2><a href=\"https:\/\/www.naturalscience.org\/es\/temas\/salud\/\">Salud<\/a><\/h2>\r\n\r\n                            <ul class=\"fa-ul\">\r\n\t\t\t\t\t\t\t\t\t\t\t\t\t\t\t\t\t                                            <li><i class=\"fa-li fa fa-angle-right\"><\/i>\r\n                                                <a href=\"https:\/\/www.naturalscience.org\/es\/temas\/salud\/coronavirus\/\">Coronavirus<\/a>\r\n                                                <!--                                    <br\/>-->\r\n                                                <!--                                    -->                                            <\/li>\r\n\t\t\t\t\t\t\t\t\t\t\t\t\t\t\t\t\t\t\t\t\t\t\t\t\t\t\t\t                                            <li><i class=\"fa-li fa fa-angle-right\"><\/i>\r\n                                                <a href=\"https:\/\/www.naturalscience.org\/es\/temas\/salud\/fumar\/\">Fumar<\/a>\r\n                                                <!--                                    <br\/>-->\r\n                                                <!--                                    -->                                            <\/li>\r\n\t\t\t\t\t\t\t\t\t\t\t\t\t\t\t\t\t\t\t                                            <li><i class=\"fa-li fa fa-angle-right\"><\/i>\r\n                                                <a href=\"https:\/\/www.naturalscience.org\/es\/temas\/salud\/cancer-de-mama\/\">C\u00e1ncer de Mama<\/a>\r\n                                                <!--                                    <br\/>-->\r\n                                                <!--                                    -->                                            <\/li>\r\n\t\t\t\t\t\t\t\t\t\t\t\t\t\t\t\t\t\t\t                                            <li><i class=\"fa-li fa fa-angle-right\"><\/i>\r\n                                                <a href=\"https:\/\/www.naturalscience.org\/es\/temas\/salud\/el-parto-natural\/\">El parto natural<\/a>\r\n                                                <!--                                    <br\/>-->\r\n                                                <!--                                    -->                                            <\/li>\r\n\t\t\t\t\t\t\t\t\t\t\t\t\t\t\t\t\t\t\t                                            <li><i class=\"fa-li fa fa-angle-right\"><\/i>\r\n                                                <a href=\"https:\/\/www.naturalscience.org\/es\/temas\/salud\/gliconutrientes\/\">Gliconutrientes<\/a>\r\n                                                <!--                                    <br\/>-->\r\n                                                <!--                                    -->                                            <\/li>\r\n\t\t\t\t\t\t\t\t\t\t\t\t\t\t\t\t\t\t\t                                            <li><i class=\"fa-li fa fa-angle-right\"><\/i>\r\n                                                <a href=\"https:\/\/www.naturalscience.org\/es\/temas\/salud\/flores-de-bach\/\">Flores de Bach<\/a>\r\n                                                <!--                                    <br\/>-->\r\n                                                <!--                                    -->                                            <\/li>\r\n\t\t\t\t\t\t\t\t\t\t\t\t\t\t\t\t\t\t\t                                            <li><i class=\"fa-li fa fa-angle-right\"><\/i>\r\n                                                <a href=\"https:\/\/www.naturalscience.org\/es\/temas\/salud\/internet-y-redes-sociales\/\">Internet y Redes Sociales<\/a>\r\n                                                <!--                                    <br\/>-->\r\n                                                <!--                                    -->                                            <\/li>\r\n\t\t\t\t\t\t\t\t\t\t\t\t\t\t\t\t\t\t\t\t\t\t\t\t\t\t\t                            <\/ul>\r\n                        <\/li>\r\n\t\t\t\t\t\t\t\t\t                        <li>\r\n\r\n\t\t\t\t\t\t\t                                <a href=\"https:\/\/www.naturalscience.org\/es\/temas\/microondas-y-comunicaciones-moviles\/\"><img loading=\"lazy\" decoding=\"async\" src=\"https:\/\/www.naturalscience.org\/wp-content\/uploads\/2022\/12\/AdobeStock_358426491-300x68.jpg\"\r\n                                                                         width=\"300\"\r\n                                                                         height=\"68\"\/><\/a>\r\n\t\t\t\t\t\t\t\r\n                            <h2><a href=\"https:\/\/www.naturalscience.org\/es\/temas\/microondas-y-comunicaciones-moviles\/\">Microondas y Comunicaciones m\u00f3viles<\/a><\/h2>\r\n\r\n                            <ul class=\"fa-ul\">\r\n\t\t\t\t\t\t\t\t\t\t\t\t\t\t\t\t\t\t\t\t\t\t\t\t\t\t                                            <li><i class=\"fa-li fa fa-angle-right\"><\/i>\r\n                                                <a href=\"https:\/\/www.naturalscience.org\/es\/temas\/microondas-y-comunicaciones-moviles\/5g\/\">5G<\/a>\r\n                                                <!--                                    <br\/>-->\r\n                                                <!--                                    -->                                            <\/li>\r\n\t\t\t\t\t\t\t\t\t\t\t\t\t\t\t\t\t\t\t                                            <li><i class=\"fa-li fa fa-angle-right\"><\/i>\r\n                                                <a href=\"https:\/\/www.naturalscience.org\/es\/temas\/microondas-y-comunicaciones-moviles\/efectos-y-perjuicios\/\">Efectos y perjuicios<\/a>\r\n                                                <!--                                    <br\/>-->\r\n                                                <!--                                    -->                                            <\/li>\r\n\t\t\t\t\t\t\t\t\t\t\t\t\t\t\t\t\t\t\t                                            <li><i class=\"fa-li fa fa-angle-right\"><\/i>\r\n                                                <a href=\"https:\/\/www.naturalscience.org\/es\/temas\/microondas-y-comunicaciones-moviles\/hornos-de-microondas\/\">Hornos de Microondas<\/a>\r\n                                                <!--                                    <br\/>-->\r\n                                                <!--                                    -->                                            <\/li>\r\n\t\t\t\t\t\t\t\t\t\t\t\t\t\t\t\t\t\t\t                                            <li><i class=\"fa-li fa fa-angle-right\"><\/i>\r\n                                                <a href=\"https:\/\/www.naturalscience.org\/es\/temas\/microondas-y-comunicaciones-moviles\/cocinas-de-induccion\/\">Cocinas de inducci\u00f3n<\/a>\r\n                                                <!--                                    <br\/>-->\r\n                                                <!--                                    -->                                            <\/li>\r\n\t\t\t\t\t\t\t\t\t\t\t\t\t\t\t\t\t\t\t                                            <li><i class=\"fa-li fa fa-angle-right\"><\/i>\r\n                                                <a href=\"https:\/\/www.naturalscience.org\/es\/temas\/microondas-y-comunicaciones-moviles\/microondas-y-el-agua\/\">Microondas y el agua<\/a>\r\n                                                <!--                                    <br\/>-->\r\n                                                <!--                                    -->                                            <\/li>\r\n\t\t\t\t\t\t\t\t\t\t\t\t\t\t\t\t\t\t\t                                            <li><i class=\"fa-li fa fa-angle-right\"><\/i>\r\n                                                <a href=\"https:\/\/www.naturalscience.org\/es\/temas\/microondas-y-comunicaciones-moviles\/jovenes-y-moviles\/\">J\u00f3venes y los tel\u00e9fonos m\u00f3viles<\/a>\r\n                                                <!--                                    <br\/>-->\r\n                                                <!--                                    -->                                            <\/li>\r\n\t\t\t\t\t\t\t\t\t\t\t\t\t\t\t\t\t\t\t                                            <li><i class=\"fa-li fa fa-angle-right\"><\/i>\r\n                                                <a href=\"https:\/\/www.naturalscience.org\/es\/temas\/microondas-y-comunicaciones-moviles\/dispositivos-de-comunicacion-movil\/\">Aparatos de comunicaci\u00f3n m\u00f3vil<\/a>\r\n                                                <!--                                    <br\/>-->\r\n                                                <!--                                    -->                                            <\/li>\r\n\t\t\t\t\t\t\t\t\t\t\t\t\t\t\t\t\t\t\t\t\t\t\t\t\t\t\t                            <\/ul>\r\n                        <\/li>\r\n\t\t\t\t\t\t\t\t\t                        <li>\r\n\r\n\t\t\t\t\t\t\t                                <a href=\"https:\/\/www.naturalscience.org\/es\/temas\/agricultura-natural\/\"><img loading=\"lazy\" decoding=\"async\" src=\"https:\/\/www.naturalscience.org\/wp-content\/uploads\/2015\/02\/header-natural-agriculture-300x68.jpg\"\r\n                                                                         width=\"300\"\r\n                                                                         height=\"68\"\/><\/a>\r\n\t\t\t\t\t\t\t\r\n                            <h2><a href=\"https:\/\/www.naturalscience.org\/es\/temas\/agricultura-natural\/\">Agricultura natural<\/a><\/h2>\r\n\r\n                            <ul class=\"fa-ul\">\r\n\t\t\t\t\t\t\t\t\t\t\t\t\t\t\t\t\t                                            <li><i class=\"fa-li fa fa-angle-right\"><\/i>\r\n                                                <a href=\"https:\/\/www.naturalscience.org\/es\/temas\/agricultura-natural\/suelos\/\">Suelos<\/a>\r\n                                                <!--                                    <br\/>-->\r\n                                                <!--                                    -->                                            <\/li>\r\n\t\t\t\t\t\t\t\t\t\t\t\t\t\t\t\t\t\t\t                                            <li><i class=\"fa-li fa fa-angle-right\"><\/i>\r\n                                                <a href=\"https:\/\/www.naturalscience.org\/es\/temas\/agricultura-natural\/bosques\/\">Bosques<\/a>\r\n                                                <!--                                    <br\/>-->\r\n                                                <!--                                    -->                                            <\/li>\r\n\t\t\t\t\t\t\t\t\t\t\t\t\t\t\t\t\t\t\t                                            <li><i class=\"fa-li fa fa-angle-right\"><\/i>\r\n                                                <a href=\"https:\/\/www.naturalscience.org\/es\/temas\/agricultura-natural\/abejas\/\">Abejas<\/a>\r\n                                                <!--                                    <br\/>-->\r\n                                                <!--                                    -->                                            <\/li>\r\n\t\t\t\t\t\t\t\t\t\t\t\t\t\t\t\t\t\t\t                                            <li><i class=\"fa-li fa fa-angle-right\"><\/i>\r\n                                                <a href=\"https:\/\/www.naturalscience.org\/es\/temas\/agricultura-natural\/aves\/\">Aves<\/a>\r\n                                                <!--                                    <br\/>-->\r\n                                                <!--                                    -->                                            <\/li>\r\n\t\t\t\t\t\t\t\t\t\t\t\t\t\t\t\t\t\t\t                                            <li><i class=\"fa-li fa fa-angle-right\"><\/i>\r\n                                                <a href=\"https:\/\/www.naturalscience.org\/es\/temas\/agricultura-natural\/la-caza\/\">La caza<\/a>\r\n                                                <!--                                    <br\/>-->\r\n                                                <!--                                    -->                                            <\/li>\r\n\t\t\t\t\t\t\t\t\t\t\t\t\t\t\t\t\t\t\t                                            <li><i class=\"fa-li fa fa-angle-right\"><\/i>\r\n                                                <a href=\"https:\/\/www.naturalscience.org\/es\/temas\/agricultura-natural\/organismos-geneticamente-modificados-ogm-transgenicos\/\">Alimentos Gen\u00e9ticamente Modificados o Transg\u00e9nicos (OGM)<\/a>\r\n                                                <!--                                    <br\/>-->\r\n                                                <!--                                    -->                                            <\/li>\r\n\t\t\t\t\t\t\t\t\t\t\t\t\t\t\t\t\t\t\t\t\t\t\t\t\t\t\t                            <\/ul>\r\n                        <\/li>\r\n\t\t\t\t\t\t\t\t\t                        <li>\r\n\r\n\t\t\t\t\t\t\t                                <a href=\"https:\/\/www.naturalscience.org\/es\/temas\/oceanos\/\"><img loading=\"lazy\" decoding=\"async\" src=\"https:\/\/www.naturalscience.org\/wp-content\/uploads\/2015\/02\/header-seas-300x68.jpg\"\r\n                                                                         width=\"300\"\r\n                                                                         height=\"68\"\/><\/a>\r\n\t\t\t\t\t\t\t\r\n                            <h2><a href=\"https:\/\/www.naturalscience.org\/es\/temas\/oceanos\/\">Oc\u00e9anos<\/a><\/h2>\r\n\r\n                            <ul class=\"fa-ul\">\r\n\t\t\t\t\t\t\t\t\t\t\t\t\t\t\t\t\t\t\t\t\t\t\t\t\t\t                                            <li><i class=\"fa-li fa fa-angle-right\"><\/i>\r\n                                                <a href=\"https:\/\/www.naturalscience.org\/es\/temas\/oceanos\/las-reservas-marinas\/\">Las reservas marinas<\/a>\r\n                                                <!--                                    <br\/>-->\r\n                                                <!--                                    -->                                            <\/li>\r\n\t\t\t\t\t\t\t\t\t\t\t\t\t\t\t\t\t\t\t                                            <li><i class=\"fa-li fa fa-angle-right\"><\/i>\r\n                                                <a href=\"https:\/\/www.naturalscience.org\/es\/temas\/oceanos\/plasticos\/\">Pl\u00e1sticos<\/a>\r\n                                                <!--                                    <br\/>-->\r\n                                                <!--                                    -->                                            <\/li>\r\n\t\t\t\t\t\t\t\t\t\t\t\t\t\t\t\t\t\t\t\t\t\t\t\t\t\t\t                            <\/ul>\r\n                        <\/li>\r\n\t\t\t\t\t\t\t\t\t            <\/ul>\r\n        <\/div>\r\n\t\r\n\t\r\n\t\n","protected":false},"excerpt":{"rendered":"Cada a\u00f1o 391 millones de toneladas de pl\u00e1stico se producen en todo el mundo, porque es barato, ligero, resistente y duradero. La mayor parte se deriva de fuentes no renovables como el petr\u00f3leo o gas natural. M\u00e1s de 600 mil millones de bolsas de pl\u00e1stico producidas anualmente en todo el mundo,&nbsp;\u00a1requieren hasta 2 mil millones [&hellip;]","protected":false},"author":9,"featured_media":0,"parent":0,"menu_order":153,"comment_status":"closed","ping_status":"closed","template":"","meta":{"_acf_changed":false,"ngg_post_thumbnail":0,"footnotes":""},"categories":[],"class_list":["post-15431","page","type-page","status-publish","hentry","wpautop"],"acf":[],"yoast_head":"<!-- This site is optimized with the Yoast SEO plugin v27.3 - https:\/\/yoast.com\/product\/yoast-seo-wordpress\/ -->\n<title>Temas - The World Foundation for Natural Science<\/title>\n<meta name=\"robots\" content=\"index, follow, max-snippet:-1, max-image-preview:large, max-video-preview:-1\" \/>\n<link rel=\"canonical\" href=\"https:\/\/www.naturalscience.org\/es\/temas\/\" \/>\n<script type=\"application\/ld+json\" class=\"yoast-schema-graph\">{\"@context\":\"https:\\\/\\\/schema.org\",\"@graph\":[{\"@type\":\"WebPage\",\"@id\":\"https:\\\/\\\/www.naturalscience.org\\\/es\\\/temas\\\/\",\"url\":\"https:\\\/\\\/www.naturalscience.org\\\/es\\\/temas\\\/\",\"name\":\"Temas - The World Foundation for Natural Science\",\"isPartOf\":{\"@id\":\"https:\\\/\\\/www.naturalscience.org\\\/#website\"},\"datePublished\":\"2015-09-16T16:18:25+00:00\",\"dateModified\":\"2023-01-11T09:20:13+00:00\",\"breadcrumb\":{\"@id\":\"https:\\\/\\\/www.naturalscience.org\\\/es\\\/temas\\\/#breadcrumb\"},\"inLanguage\":\"es\",\"potentialAction\":[{\"@type\":\"ReadAction\",\"target\":[\"https:\\\/\\\/www.naturalscience.org\\\/es\\\/temas\\\/\"]}]},{\"@type\":\"BreadcrumbList\",\"@id\":\"https:\\\/\\\/www.naturalscience.org\\\/es\\\/temas\\\/#breadcrumb\",\"itemListElement\":[{\"@type\":\"ListItem\",\"position\":1,\"name\":\"Home\",\"item\":\"https:\\\/\\\/www.naturalscience.org\\\/es\\\/\"},{\"@type\":\"ListItem\",\"position\":2,\"name\":\"Temas\"}]},{\"@type\":\"WebSite\",\"@id\":\"https:\\\/\\\/www.naturalscience.org\\\/#website\",\"url\":\"https:\\\/\\\/www.naturalscience.org\\\/\",\"name\":\"The World Foundation for Natural Science\",\"description\":\"Restoring and Healing the World through Responsibility and Commitment in accord with Natural and Divine Law!\",\"potentialAction\":[{\"@type\":\"SearchAction\",\"target\":{\"@type\":\"EntryPoint\",\"urlTemplate\":\"https:\\\/\\\/www.naturalscience.org\\\/?s={search_term_string}\"},\"query-input\":{\"@type\":\"PropertyValueSpecification\",\"valueRequired\":true,\"valueName\":\"search_term_string\"}}],\"inLanguage\":\"es\"}]}<\/script>\n<!-- \/ Yoast SEO plugin. -->","yoast_head_json":{"title":"Temas - The World Foundation for Natural Science","robots":{"index":"index","follow":"follow","max-snippet":"max-snippet:-1","max-image-preview":"max-image-preview:large","max-video-preview":"max-video-preview:-1"},"canonical":"https:\/\/www.naturalscience.org\/es\/temas\/","schema":{"@context":"https:\/\/schema.org","@graph":[{"@type":"WebPage","@id":"https:\/\/www.naturalscience.org\/es\/temas\/","url":"https:\/\/www.naturalscience.org\/es\/temas\/","name":"Temas - The World Foundation for Natural Science","isPartOf":{"@id":"https:\/\/www.naturalscience.org\/#website"},"datePublished":"2015-09-16T16:18:25+00:00","dateModified":"2023-01-11T09:20:13+00:00","breadcrumb":{"@id":"https:\/\/www.naturalscience.org\/es\/temas\/#breadcrumb"},"inLanguage":"es","potentialAction":[{"@type":"ReadAction","target":["https:\/\/www.naturalscience.org\/es\/temas\/"]}]},{"@type":"BreadcrumbList","@id":"https:\/\/www.naturalscience.org\/es\/temas\/#breadcrumb","itemListElement":[{"@type":"ListItem","position":1,"name":"Home","item":"https:\/\/www.naturalscience.org\/es\/"},{"@type":"ListItem","position":2,"name":"Temas"}]},{"@type":"WebSite","@id":"https:\/\/www.naturalscience.org\/#website","url":"https:\/\/www.naturalscience.org\/","name":"The World Foundation for Natural Science","description":"Restoring and Healing the World through Responsibility and Commitment in accord with Natural and Divine Law!","potentialAction":[{"@type":"SearchAction","target":{"@type":"EntryPoint","urlTemplate":"https:\/\/www.naturalscience.org\/?s={search_term_string}"},"query-input":{"@type":"PropertyValueSpecification","valueRequired":true,"valueName":"search_term_string"}}],"inLanguage":"es"}]}},"_links":{"self":[{"href":"https:\/\/www.naturalscience.org\/es\/wp-json\/wp\/v2\/pages\/15431","targetHints":{"allow":["GET"]}}],"collection":[{"href":"https:\/\/www.naturalscience.org\/es\/wp-json\/wp\/v2\/pages"}],"about":[{"href":"https:\/\/www.naturalscience.org\/es\/wp-json\/wp\/v2\/types\/page"}],"author":[{"embeddable":true,"href":"https:\/\/www.naturalscience.org\/es\/wp-json\/wp\/v2\/users\/9"}],"replies":[{"embeddable":true,"href":"https:\/\/www.naturalscience.org\/es\/wp-json\/wp\/v2\/comments?post=15431"}],"version-history":[{"count":3,"href":"https:\/\/www.naturalscience.org\/es\/wp-json\/wp\/v2\/pages\/15431\/revisions"}],"predecessor-version":[{"id":38690,"href":"https:\/\/www.naturalscience.org\/es\/wp-json\/wp\/v2\/pages\/15431\/revisions\/38690"}],"wp:attachment":[{"href":"https:\/\/www.naturalscience.org\/es\/wp-json\/wp\/v2\/media?parent=15431"}],"wp:term":[{"taxonomy":"category","embeddable":true,"href":"https:\/\/www.naturalscience.org\/es\/wp-json\/wp\/v2\/categories?post=15431"}],"curies":[{"name":"wp","href":"https:\/\/api.w.org\/{rel}","templated":true}]}}