{"id":15424,"date":"2015-09-16T18:12:03","date_gmt":"2015-09-16T16:12:03","guid":{"rendered":"http:\/\/www.naturalscience.org\/es\/?page_id=15424"},"modified":"2018-02-09T15:03:47","modified_gmt":"2018-02-09T14:03:47","slug":"oceanos","status":"publish","type":"page","link":"https:\/\/www.naturalscience.org\/es\/temas\/oceanos\/","title":{"rendered":"Oc\u00e9anos"},"content":{"rendered":"<p>Los mares y oc\u00e9anos conectan toda la vida en el planeta. Representan m\u00e1s de setenta por ciento de la superficie de la Tierra, eso es 361 millones de kil\u00f3metros cuadrados. Forman un ecosistema \u00fanico y son el hogar de innumerables especies animales y vegetales: 8<strong>0% de las criaturas de la Tierra viven en el mar<\/strong>. El balance clim\u00e1tico a nivel mundial est\u00e1 determinado significativamente por los oc\u00e9anos, porque cumplen una tarea importante para los ciclos de materias globales tales como el ciclo del carbono y el ciclo del nitr\u00f3geno. El mar es el mayor convertidor de CO2, donde las algas producen dos tercios del ox\u00edgeno de la Tierra.&nbsp;\u00a1Ciertamente se podr\u00eda argumentar que dos de cada tres respiraciones se originan en el mar! las criaturas marinas son,\u00a0 para m\u00e1s de mil millones de personas, la \u00fanica fuente de prote\u00ednas.<\/p>\n<p>Adem\u00e1s, los mares son la reserva en la que el agua dulce es continuamente purificada\u00a0 por la sal y puesta de nuevo en circulaci\u00f3n. S\u00f3lo el 2.6% de las reservas de agua mundial est\u00e1n disponibles para los seres humanos en forma de agua dulce consumible.<\/p>\n<p><strong>La existencia de los mares, el m\u00e1s grande h\u00e1bitat de nuestro planeta, est\u00e1 amenazada de muchas maneras por las acciones de los seres humanos.<\/strong> La contaminaci\u00f3n masiva, la sobrepesca intensiva, los m\u00e9todos de pesca irresponsables, la caza de ballenas y delfines que hoy todav\u00eda practican sistem\u00e1ticamente varias naciones, est\u00e1n llevando al borde de la extinci\u00f3n a miles de especies amenazadas. Proteger especialmente a los oc\u00e9anos y\u00a0 sus habitantes es una de nuestras mayores preocupaciones.<\/p>\n<div class=\"content-box green-1 width-100\">\n<div class=\"content-box-title\">Consejos pr\u00e1cticos para reducir la contaminaci\u00f3n de los oc\u00e9anos:<\/div>\n<div class=\"content-box-body\">\n<ul>\n<li>Cada d\u00eda s\u00e9 agradecido por el agua que tienes a tu disposici\u00f3n.<\/li>\n<li>Utiliza productos de limpieza y detergentes amigables con el ambiente para lavar su ropa, platos y limpieza en general.<\/li>\n<li>Elije alimentos de producci\u00f3n natural de tu localidad, ya que las sustancias nocivas que son utilizadas en la agricultura convencional contaminan las aguas y al final, al mar&#8230; <span class=\"more\"><i class=\"fa fa-angle-right \" ><\/i>\u00a0<a title=\"Lo que puedes hacer por los oc\u00e9anos\" href=\"https:\/\/www.naturalscience.org\/es\/temas\/oceanos\/lo-que-puedes-hacer-por-los-oceanos\/\">m\u00e1s<\/a><\/span><\/li>\n<\/ul>\n<\/div>\n<\/div>\n<p>\r\n\t        <div class=\"subpages-grid\">\r\n\r\n            <ul class=\"small-block-grid-1 medium-block-grid-2\">\r\n\t\t\t\t\t\t\t\t                        <li>\r\n\r\n\t\t\t\t\t\t\t                                <a href=\"https:\/\/www.naturalscience.org\/es\/temas\/oceanos\/las-reservas-marinas\/\"><img loading=\"lazy\" decoding=\"async\" src=\"https:\/\/www.naturalscience.org\/wp-content\/uploads\/2023\/01\/AdobeStock_305383349-300x68.jpeg\"\r\n                                                                         width=\"300\"\r\n                                                                         height=\"68\"\/><\/a>\r\n\t\t\t\t\t\t\t\r\n                            <h2><a href=\"https:\/\/www.naturalscience.org\/es\/temas\/oceanos\/las-reservas-marinas\/\">Las reservas marinas<\/a><\/h2>\r\n\r\n                            <ul class=\"fa-ul\">\r\n\t\t\t\t\t\t\t\t                            <\/ul>\r\n                        <\/li>\r\n\t\t\t\t\t\t\t\t\t                        <li>\r\n\r\n\t\t\t\t\t\t\t                                <a href=\"https:\/\/www.naturalscience.org\/es\/temas\/oceanos\/plasticos\/\"><img loading=\"lazy\" decoding=\"async\" src=\"https:\/\/www.naturalscience.org\/wp-content\/uploads\/2015\/02\/header-sea-plastic-300x68.jpg\"\r\n                                                                         width=\"300\"\r\n                                                                         height=\"68\"\/><\/a>\r\n\t\t\t\t\t\t\t\r\n                            <h2><a href=\"https:\/\/www.naturalscience.org\/es\/temas\/oceanos\/plasticos\/\">Pl\u00e1sticos<\/a><\/h2>\r\n\r\n                            <ul class=\"fa-ul\">\r\n\t\t\t\t\t\t\t\t\t\t\t\t\t\t\t\t\t\t\t\t\t\t\t\t\t\t\t\t\t\t\t\t\t\t                            <\/ul>\r\n                        <\/li>\r\n\t\t\t\t\t\t\t\t\t            <\/ul>\r\n        <\/div>\r\n\t\r\n\t\r\n\t  <\/p>\n","protected":false},"excerpt":{"rendered":"Reduce el consumo de productos desechables. Compra conscientemente: Prefiere materiales naturales y duraderos; no compre cualquier producto cosm\u00e9tico con micropl\u00e1stico (por ejemplo los encontrados en peelings corporales o pasta de dientes). Deja de usar las bolsas de embalaje en el supermercado. Concientiza a los empleados de los comercios, las empresas y p\u00fablico en general. Utiliza\u00a0 [&hellip;]","protected":false},"author":9,"featured_media":0,"parent":15431,"menu_order":55,"comment_status":"closed","ping_status":"closed","template":"","meta":{"_acf_changed":false,"ngg_post_thumbnail":0,"footnotes":""},"categories":[193],"class_list":["post-15424","page","type-page","status-publish","hentry","category-oceanos","wpautop"],"acf":[],"yoast_head":"<!-- This site is optimized with the Yoast SEO plugin v27.4 - https:\/\/yoast.com\/product\/yoast-seo-wordpress\/ -->\n<title>Oc\u00e9anos - The World Foundation for Natural Science<\/title>\n<meta name=\"robots\" content=\"index, follow, max-snippet:-1, max-image-preview:large, max-video-preview:-1\" \/>\n<link rel=\"canonical\" href=\"https:\/\/www.naturalscience.org\/es\/temas\/oceanos\/\" \/>\n<meta name=\"twitter:label1\" content=\"Tiempo de lectura\" \/>\n\t<meta name=\"twitter:data1\" content=\"2 minutos\" \/>\n<script type=\"application\/ld+json\" class=\"yoast-schema-graph\">{\"@context\":\"https:\\\/\\\/schema.org\",\"@graph\":[{\"@type\":\"WebPage\",\"@id\":\"https:\\\/\\\/www.naturalscience.org\\\/es\\\/temas\\\/oceanos\\\/\",\"url\":\"https:\\\/\\\/www.naturalscience.org\\\/es\\\/temas\\\/oceanos\\\/\",\"name\":\"Oc\u00e9anos - The World Foundation for Natural Science\",\"isPartOf\":{\"@id\":\"https:\\\/\\\/www.naturalscience.org\\\/#website\"},\"datePublished\":\"2015-09-16T16:12:03+00:00\",\"dateModified\":\"2018-02-09T14:03:47+00:00\",\"breadcrumb\":{\"@id\":\"https:\\\/\\\/www.naturalscience.org\\\/es\\\/temas\\\/oceanos\\\/#breadcrumb\"},\"inLanguage\":\"es\",\"potentialAction\":[{\"@type\":\"ReadAction\",\"target\":[\"https:\\\/\\\/www.naturalscience.org\\\/es\\\/temas\\\/oceanos\\\/\"]}]},{\"@type\":\"BreadcrumbList\",\"@id\":\"https:\\\/\\\/www.naturalscience.org\\\/es\\\/temas\\\/oceanos\\\/#breadcrumb\",\"itemListElement\":[{\"@type\":\"ListItem\",\"position\":1,\"name\":\"Home\",\"item\":\"https:\\\/\\\/www.naturalscience.org\\\/es\\\/\"},{\"@type\":\"ListItem\",\"position\":2,\"name\":\"Temas\",\"item\":\"https:\\\/\\\/www.naturalscience.org\\\/es\\\/temas\\\/\"},{\"@type\":\"ListItem\",\"position\":3,\"name\":\"Oc\u00e9anos\"}]},{\"@type\":\"WebSite\",\"@id\":\"https:\\\/\\\/www.naturalscience.org\\\/#website\",\"url\":\"https:\\\/\\\/www.naturalscience.org\\\/\",\"name\":\"The World Foundation for Natural Science\",\"description\":\"Restoring and Healing the World through Responsibility and Commitment in accord with Natural and Divine Law!\",\"potentialAction\":[{\"@type\":\"SearchAction\",\"target\":{\"@type\":\"EntryPoint\",\"urlTemplate\":\"https:\\\/\\\/www.naturalscience.org\\\/?s={search_term_string}\"},\"query-input\":{\"@type\":\"PropertyValueSpecification\",\"valueRequired\":true,\"valueName\":\"search_term_string\"}}],\"inLanguage\":\"es\"}]}<\/script>\n<!-- \/ Yoast SEO plugin. -->","yoast_head_json":{"title":"Oc\u00e9anos - The World Foundation for Natural Science","robots":{"index":"index","follow":"follow","max-snippet":"max-snippet:-1","max-image-preview":"max-image-preview:large","max-video-preview":"max-video-preview:-1"},"canonical":"https:\/\/www.naturalscience.org\/es\/temas\/oceanos\/","twitter_misc":{"Tiempo de lectura":"2 minutos"},"schema":{"@context":"https:\/\/schema.org","@graph":[{"@type":"WebPage","@id":"https:\/\/www.naturalscience.org\/es\/temas\/oceanos\/","url":"https:\/\/www.naturalscience.org\/es\/temas\/oceanos\/","name":"Oc\u00e9anos - The World Foundation for Natural Science","isPartOf":{"@id":"https:\/\/www.naturalscience.org\/#website"},"datePublished":"2015-09-16T16:12:03+00:00","dateModified":"2018-02-09T14:03:47+00:00","breadcrumb":{"@id":"https:\/\/www.naturalscience.org\/es\/temas\/oceanos\/#breadcrumb"},"inLanguage":"es","potentialAction":[{"@type":"ReadAction","target":["https:\/\/www.naturalscience.org\/es\/temas\/oceanos\/"]}]},{"@type":"BreadcrumbList","@id":"https:\/\/www.naturalscience.org\/es\/temas\/oceanos\/#breadcrumb","itemListElement":[{"@type":"ListItem","position":1,"name":"Home","item":"https:\/\/www.naturalscience.org\/es\/"},{"@type":"ListItem","position":2,"name":"Temas","item":"https:\/\/www.naturalscience.org\/es\/temas\/"},{"@type":"ListItem","position":3,"name":"Oc\u00e9anos"}]},{"@type":"WebSite","@id":"https:\/\/www.naturalscience.org\/#website","url":"https:\/\/www.naturalscience.org\/","name":"The World Foundation for Natural Science","description":"Restoring and Healing the World through Responsibility and Commitment in accord with Natural and Divine Law!","potentialAction":[{"@type":"SearchAction","target":{"@type":"EntryPoint","urlTemplate":"https:\/\/www.naturalscience.org\/?s={search_term_string}"},"query-input":{"@type":"PropertyValueSpecification","valueRequired":true,"valueName":"search_term_string"}}],"inLanguage":"es"}]}},"_links":{"self":[{"href":"https:\/\/www.naturalscience.org\/es\/wp-json\/wp\/v2\/pages\/15424","targetHints":{"allow":["GET"]}}],"collection":[{"href":"https:\/\/www.naturalscience.org\/es\/wp-json\/wp\/v2\/pages"}],"about":[{"href":"https:\/\/www.naturalscience.org\/es\/wp-json\/wp\/v2\/types\/page"}],"author":[{"embeddable":true,"href":"https:\/\/www.naturalscience.org\/es\/wp-json\/wp\/v2\/users\/9"}],"replies":[{"embeddable":true,"href":"https:\/\/www.naturalscience.org\/es\/wp-json\/wp\/v2\/comments?post=15424"}],"version-history":[{"count":6,"href":"https:\/\/www.naturalscience.org\/es\/wp-json\/wp\/v2\/pages\/15424\/revisions"}],"predecessor-version":[{"id":26793,"href":"https:\/\/www.naturalscience.org\/es\/wp-json\/wp\/v2\/pages\/15424\/revisions\/26793"}],"up":[{"embeddable":true,"href":"https:\/\/www.naturalscience.org\/es\/wp-json\/wp\/v2\/pages\/15431"}],"wp:attachment":[{"href":"https:\/\/www.naturalscience.org\/es\/wp-json\/wp\/v2\/media?parent=15424"}],"wp:term":[{"taxonomy":"category","embeddable":true,"href":"https:\/\/www.naturalscience.org\/es\/wp-json\/wp\/v2\/categories?post=15424"}],"curies":[{"name":"wp","href":"https:\/\/api.w.org\/{rel}","templated":true}]}}