{"id":15423,"date":"2015-09-16T18:13:11","date_gmt":"2015-09-16T16:13:11","guid":{"rendered":"http:\/\/www.naturalscience.org\/es\/?page_id=15423"},"modified":"2023-01-11T10:28:21","modified_gmt":"2023-01-11T09:28:21","slug":"las-reservas-marinas","status":"publish","type":"page","link":"https:\/\/www.naturalscience.org\/es\/temas\/oceanos\/las-reservas-marinas\/","title":{"rendered":"Las reservas marinas"},"content":{"rendered":"<p>Hoy en d\u00eda, los oc\u00e9anos est\u00e1n altamente en peligro por el impacto negativo de la humanidad siendo terriblemente afectado&nbsp; todo el ecosistema marino. <strong>Un tercio de las reservas de peces de la Tierra ha sido sobreexplotado<\/strong>, el 61% ha sido extra\u00eddo hasta el l\u00edmite.<\/p>\n<p><img loading=\"lazy\" decoding=\"async\" class=\"wp-image-38639 size-medium alignright\" src=\"https:\/\/www.naturalscience.org\/wp-content\/uploads\/2023\/01\/AdobeStock_315431057-300x179.jpeg\" alt=\"\" width=\"300\" height=\"179\" srcset=\"https:\/\/www.naturalscience.org\/wp-content\/uploads\/2023\/01\/AdobeStock_315431057-300x179.jpeg 300w, https:\/\/www.naturalscience.org\/wp-content\/uploads\/2023\/01\/AdobeStock_315431057-1024x610.jpeg 1024w, https:\/\/www.naturalscience.org\/wp-content\/uploads\/2023\/01\/AdobeStock_315431057-768x457.jpeg 768w, https:\/\/www.naturalscience.org\/wp-content\/uploads\/2023\/01\/AdobeStock_315431057-1536x915.jpeg 1536w, https:\/\/www.naturalscience.org\/wp-content\/uploads\/2023\/01\/AdobeStock_315431057-2048x1220.jpeg 2048w, https:\/\/www.naturalscience.org\/wp-content\/uploads\/2023\/01\/AdobeStock_315431057-164x98.jpeg 164w, https:\/\/www.naturalscience.org\/wp-content\/uploads\/2023\/01\/AdobeStock_315431057-400x238.jpeg 400w, https:\/\/www.naturalscience.org\/wp-content\/uploads\/2023\/01\/AdobeStock_315431057-500x298.jpeg 500w\" sizes=\"auto, (max-width: 300px) 100vw, 300px\" \/><\/p>\n<p>A medida que m\u00e1s y m\u00e1s di\u00f3xido de carbono (causado por las emisiones humanas) es absorbido por los oc\u00e9anos, el nivel de pH del agua de mar decae. Esto lleva a la acidificaci\u00f3n de los mares con consecuencias fatales para los corales, peces y otras criaturas marinas. <strong>Una nueva amenaza surgi\u00f3 de la miner\u00eda en alta mar la cual se emprendi\u00f3 a gran escala a partir de 2016<\/strong> con el fin de explotar&nbsp; las reservas de materias primas en el lecho marino. Accidentes de barcos petroleros, desechos <a href=\"https:\/\/www.naturalscience.org\/es\/temas\/oceanos\/plasticos\/\">pl\u00e1sticos<\/a>, residuos industriales y otros productos de la civilizaci\u00f3n, juegan su papel llevando al borde de la destrucci\u00f3n al ecosistema marino. Para los oc\u00e9anos ser capaces de regenerarse, es imperativo establecer reservas marinas a nivel internacional.<\/p>\n<p>Ya en 2008 los efectos positivos de las reservas marinas fueron demostrados por la investigaci\u00f3n de&nbsp; bi\u00f3logos marinos en Australia. Ellos probaron que en&nbsp; \u00e1reas protegidas con prohibici\u00f3n de pesca en torno a la Gran Barrera de Coral&nbsp; las poblaciones de las diferentes especies de peces crecieron aproximadamente de 31 a 75 por ciento en s\u00f3lo dos a\u00f1os.<\/p>\n<p><img loading=\"lazy\" decoding=\"async\" class=\"alignleft wp-image-38633 size-medium\" src=\"https:\/\/www.naturalscience.org\/wp-content\/uploads\/2023\/01\/iStock-1331687510650-MB-300x190.jpg\" alt=\"\" width=\"300\" height=\"190\" srcset=\"https:\/\/www.naturalscience.org\/wp-content\/uploads\/2023\/01\/iStock-1331687510650-MB-300x190.jpg 300w, https:\/\/www.naturalscience.org\/wp-content\/uploads\/2023\/01\/iStock-1331687510650-MB-1024x648.jpg 1024w, https:\/\/www.naturalscience.org\/wp-content\/uploads\/2023\/01\/iStock-1331687510650-MB-768x486.jpg 768w, https:\/\/www.naturalscience.org\/wp-content\/uploads\/2023\/01\/iStock-1331687510650-MB-164x104.jpg 164w, https:\/\/www.naturalscience.org\/wp-content\/uploads\/2023\/01\/iStock-1331687510650-MB-400x253.jpg 400w, https:\/\/www.naturalscience.org\/wp-content\/uploads\/2023\/01\/iStock-1331687510650-MB-500x316.jpg 500w, https:\/\/www.naturalscience.org\/wp-content\/uploads\/2023\/01\/iStock-1331687510650-MB.jpg 1500w\" sizes=\"auto, (max-width: 300px) 100vw, 300px\" \/><\/p>\n<p><strong>Estamos convencidos de que alrededor de un tercio de los oc\u00e9anos de todo el mundo deben ser protegidos durante al menos 10 a\u00f1os&nbsp; bajo fuerte supervisi\u00f3n internacional&nbsp; con el fin de que la fauna y&nbsp; flora pueda regenerarse y que el equilibrio natural de todo el ecosistema marino pueda&nbsp; restablecerse.<\/strong> Durante estos primeros diez a\u00f1os cualquier tipo de actividad comercial dentro de las reservas marinas debe ser totalmente prohibida. Adem\u00e1s debe ser creado un sistema de control internacional bajo la protecci\u00f3n de la ONU con sanciones severas en el caso de una violaci\u00f3n de las leyes decretadas.<\/p>\n<p>Sobre la base del m\u00e1s alto nivel de protecci\u00f3n de las reservas marinas de mar abierto, actividades espec\u00edficas podr\u00edan ser admitidas en ciertas zonas de la costa, tales como los derechos de paso, la nataci\u00f3n o visitas guiadas para fines educativos. Tiene sentido involucrar a la comunidad local para este tipo de proyectos, ya que su apoyo es indispensable para el \u00e9xito del establecimiento de reservas marinas.<\/p>\n<p><span style=\"font-size: 14.4px;\">Mira el video, <a href=\"https:\/\/www.naturalscience.org\/es\/publicaciones\/protejamos-al-mar\/\" target=\"_blank\" rel=\"noopener noreferrer\">\u201c\u00a1Protege los oc\u00e9anos!&nbsp;\u00a1Crea reservas marinas!\u00bb<\/a>. Comparte la presentaci\u00f3n por correo electr\u00f3nico con tus amigos y conocidos.<\/span><\/p>\n<p>             <div class=\"publication-list hide-for-print\">\r\n                <div class=\"row\">\r\n                    <div class=\"small-24 columns \">\r\n                        <div class=\"title\">Publicaciones<\/div>\r\n\r\n\t\t\t\t\t\t\t\t\t\t\t\t\t\r\n\r\n<article class=\"row collapse all publication-item reservas-marinas oceanos  film wfns\">\r\n\r\n\t<div class=\"cover medium-7 columns\">\r\n\t\t<a href=\"https:\/\/www.naturalscience.org\/es\/publicaciones\/protejamos-al-mar\/\">\r\n\t\t\t<img loading=\"lazy\" decoding=\"async\" src=\"https:\/\/www.naturalscience.org\/wp-content\/uploads\/2019\/06\/thumb-ocean-SP-300x169.jpg\" width=\"300\" height=\"169\">\t\t<\/a>\r\n\t<\/div>\r\n\r\n\t<div class=\"text medium-17 columns\">\r\n\r\n\t\t<div class=\"type\">\r\n\t\t\tFilm\t\t<\/div>\r\n\r\n\t\t<div class=\"name\">\r\n\t\t\t<a href=\"https:\/\/www.naturalscience.org\/es\/publicaciones\/protejamos-al-mar\/\">\u00a1Protejamos Al Mar!<\/a>\r\n\t\t<\/div>\r\n\r\n\t\t<p class=\"description\">\r\n\t\t\tLos mares y oc\u00e9anos conectan a toda la vida en este planeta. Por lo tanto, h\u00e1gamos un esfuerzo colectivo para que las generaciones futuras tambi\u00e9n puedan alimentarse de la generosidad del mar y disfrutar de su belleza! \t\t<\/p>\r\n\r\n\t\t<div class=\"buttons\">\r\n\t\t\t<div class=\"row collapse\">\r\n\t\t\t\t\t\t\t\t\t<div class=\"small-24 medium-9 columns\">\r\n\t\t\t\t\t\t<a href=\"https:\/\/www.naturalscience.org\/es\/publicaciones\/protejamos-al-mar\/\" class=\"button radius primary small\">\r\n\t\t\t\t\t\t\t<i class=\"fa fa-play\"><\/i>&nbsp;&nbsp;Watch film\t\t\t\t\t\t<\/a>\r\n\t\t\t\t\t<\/div>\r\n\t\t\t\t\r\n\r\n\t\t\t<\/div>\r\n\t\t<\/div>\r\n\r\n\t<\/div>\r\n<\/article>\t\t\t\t\t\t\t\t\t\t\t\t\r\n                    <\/div>\r\n                <\/div>\r\n            <\/div>\r\n\r\n\t\t\t<\/p>\n","protected":false},"excerpt":{"rendered":"Los mares y oc\u00e9anos conectan a toda la vida en este planeta. Por lo tanto, h\u00e1gamos un esfuerzo colectivo para que las generaciones futuras tambi\u00e9n puedan alimentarse de la generosidad del mar y disfrutar de su belleza! \u00a1Protejamos al mar!&nbsp;\u00a1Establezcamos \u00c1reas Marinas Protegidas!","protected":false},"author":9,"featured_media":0,"parent":15424,"menu_order":53,"comment_status":"closed","ping_status":"closed","template":"","meta":{"_acf_changed":false,"ngg_post_thumbnail":0,"footnotes":""},"categories":[194],"class_list":["post-15423","page","type-page","status-publish","hentry","category-reservas-marinas","wpautop"],"acf":[],"yoast_head":"<!-- This site is optimized with the Yoast SEO plugin v27.4 - https:\/\/yoast.com\/product\/yoast-seo-wordpress\/ -->\n<title>Las reservas marinas - The World Foundation for Natural Science<\/title>\n<meta name=\"robots\" content=\"index, follow, max-snippet:-1, max-image-preview:large, max-video-preview:-1\" \/>\n<link rel=\"canonical\" href=\"https:\/\/www.naturalscience.org\/es\/temas\/oceanos\/las-reservas-marinas\/\" \/>\n<meta name=\"twitter:label1\" content=\"Tiempo de lectura\" \/>\n\t<meta name=\"twitter:data1\" content=\"3 minutos\" \/>\n<script type=\"application\/ld+json\" class=\"yoast-schema-graph\">{\"@context\":\"https:\\\/\\\/schema.org\",\"@graph\":[{\"@type\":\"WebPage\",\"@id\":\"https:\\\/\\\/www.naturalscience.org\\\/es\\\/temas\\\/oceanos\\\/las-reservas-marinas\\\/\",\"url\":\"https:\\\/\\\/www.naturalscience.org\\\/es\\\/temas\\\/oceanos\\\/las-reservas-marinas\\\/\",\"name\":\"Las reservas marinas - The World Foundation for Natural Science\",\"isPartOf\":{\"@id\":\"https:\\\/\\\/www.naturalscience.org\\\/#website\"},\"primaryImageOfPage\":{\"@id\":\"https:\\\/\\\/www.naturalscience.org\\\/es\\\/temas\\\/oceanos\\\/las-reservas-marinas\\\/#primaryimage\"},\"image\":{\"@id\":\"https:\\\/\\\/www.naturalscience.org\\\/es\\\/temas\\\/oceanos\\\/las-reservas-marinas\\\/#primaryimage\"},\"thumbnailUrl\":\"https:\\\/\\\/www.naturalscience.org\\\/wp-content\\\/uploads\\\/2023\\\/01\\\/AdobeStock_315431057-300x179.jpeg\",\"datePublished\":\"2015-09-16T16:13:11+00:00\",\"dateModified\":\"2023-01-11T09:28:21+00:00\",\"breadcrumb\":{\"@id\":\"https:\\\/\\\/www.naturalscience.org\\\/es\\\/temas\\\/oceanos\\\/las-reservas-marinas\\\/#breadcrumb\"},\"inLanguage\":\"es\",\"potentialAction\":[{\"@type\":\"ReadAction\",\"target\":[\"https:\\\/\\\/www.naturalscience.org\\\/es\\\/temas\\\/oceanos\\\/las-reservas-marinas\\\/\"]}]},{\"@type\":\"ImageObject\",\"inLanguage\":\"es\",\"@id\":\"https:\\\/\\\/www.naturalscience.org\\\/es\\\/temas\\\/oceanos\\\/las-reservas-marinas\\\/#primaryimage\",\"url\":\"https:\\\/\\\/www.naturalscience.org\\\/wp-content\\\/uploads\\\/2023\\\/01\\\/AdobeStock_315431057-300x179.jpeg\",\"contentUrl\":\"https:\\\/\\\/www.naturalscience.org\\\/wp-content\\\/uploads\\\/2023\\\/01\\\/AdobeStock_315431057-300x179.jpeg\"},{\"@type\":\"BreadcrumbList\",\"@id\":\"https:\\\/\\\/www.naturalscience.org\\\/es\\\/temas\\\/oceanos\\\/las-reservas-marinas\\\/#breadcrumb\",\"itemListElement\":[{\"@type\":\"ListItem\",\"position\":1,\"name\":\"Home\",\"item\":\"https:\\\/\\\/www.naturalscience.org\\\/es\\\/\"},{\"@type\":\"ListItem\",\"position\":2,\"name\":\"Temas\",\"item\":\"https:\\\/\\\/www.naturalscience.org\\\/es\\\/temas\\\/\"},{\"@type\":\"ListItem\",\"position\":3,\"name\":\"Oc\u00e9anos\",\"item\":\"https:\\\/\\\/www.naturalscience.org\\\/es\\\/temas\\\/oceanos\\\/\"},{\"@type\":\"ListItem\",\"position\":4,\"name\":\"Las reservas marinas\"}]},{\"@type\":\"WebSite\",\"@id\":\"https:\\\/\\\/www.naturalscience.org\\\/#website\",\"url\":\"https:\\\/\\\/www.naturalscience.org\\\/\",\"name\":\"The World Foundation for Natural Science\",\"description\":\"Restoring and Healing the World through Responsibility and Commitment in accord with Natural and Divine Law!\",\"potentialAction\":[{\"@type\":\"SearchAction\",\"target\":{\"@type\":\"EntryPoint\",\"urlTemplate\":\"https:\\\/\\\/www.naturalscience.org\\\/?s={search_term_string}\"},\"query-input\":{\"@type\":\"PropertyValueSpecification\",\"valueRequired\":true,\"valueName\":\"search_term_string\"}}],\"inLanguage\":\"es\"}]}<\/script>\n<!-- \/ Yoast SEO plugin. -->","yoast_head_json":{"title":"Las reservas marinas - The World Foundation for Natural Science","robots":{"index":"index","follow":"follow","max-snippet":"max-snippet:-1","max-image-preview":"max-image-preview:large","max-video-preview":"max-video-preview:-1"},"canonical":"https:\/\/www.naturalscience.org\/es\/temas\/oceanos\/las-reservas-marinas\/","twitter_misc":{"Tiempo de lectura":"3 minutos"},"schema":{"@context":"https:\/\/schema.org","@graph":[{"@type":"WebPage","@id":"https:\/\/www.naturalscience.org\/es\/temas\/oceanos\/las-reservas-marinas\/","url":"https:\/\/www.naturalscience.org\/es\/temas\/oceanos\/las-reservas-marinas\/","name":"Las reservas marinas - The World Foundation for Natural Science","isPartOf":{"@id":"https:\/\/www.naturalscience.org\/#website"},"primaryImageOfPage":{"@id":"https:\/\/www.naturalscience.org\/es\/temas\/oceanos\/las-reservas-marinas\/#primaryimage"},"image":{"@id":"https:\/\/www.naturalscience.org\/es\/temas\/oceanos\/las-reservas-marinas\/#primaryimage"},"thumbnailUrl":"https:\/\/www.naturalscience.org\/wp-content\/uploads\/2023\/01\/AdobeStock_315431057-300x179.jpeg","datePublished":"2015-09-16T16:13:11+00:00","dateModified":"2023-01-11T09:28:21+00:00","breadcrumb":{"@id":"https:\/\/www.naturalscience.org\/es\/temas\/oceanos\/las-reservas-marinas\/#breadcrumb"},"inLanguage":"es","potentialAction":[{"@type":"ReadAction","target":["https:\/\/www.naturalscience.org\/es\/temas\/oceanos\/las-reservas-marinas\/"]}]},{"@type":"ImageObject","inLanguage":"es","@id":"https:\/\/www.naturalscience.org\/es\/temas\/oceanos\/las-reservas-marinas\/#primaryimage","url":"https:\/\/www.naturalscience.org\/wp-content\/uploads\/2023\/01\/AdobeStock_315431057-300x179.jpeg","contentUrl":"https:\/\/www.naturalscience.org\/wp-content\/uploads\/2023\/01\/AdobeStock_315431057-300x179.jpeg"},{"@type":"BreadcrumbList","@id":"https:\/\/www.naturalscience.org\/es\/temas\/oceanos\/las-reservas-marinas\/#breadcrumb","itemListElement":[{"@type":"ListItem","position":1,"name":"Home","item":"https:\/\/www.naturalscience.org\/es\/"},{"@type":"ListItem","position":2,"name":"Temas","item":"https:\/\/www.naturalscience.org\/es\/temas\/"},{"@type":"ListItem","position":3,"name":"Oc\u00e9anos","item":"https:\/\/www.naturalscience.org\/es\/temas\/oceanos\/"},{"@type":"ListItem","position":4,"name":"Las reservas marinas"}]},{"@type":"WebSite","@id":"https:\/\/www.naturalscience.org\/#website","url":"https:\/\/www.naturalscience.org\/","name":"The World Foundation for Natural Science","description":"Restoring and Healing the World through Responsibility and Commitment in accord with Natural and Divine Law!","potentialAction":[{"@type":"SearchAction","target":{"@type":"EntryPoint","urlTemplate":"https:\/\/www.naturalscience.org\/?s={search_term_string}"},"query-input":{"@type":"PropertyValueSpecification","valueRequired":true,"valueName":"search_term_string"}}],"inLanguage":"es"}]}},"_links":{"self":[{"href":"https:\/\/www.naturalscience.org\/es\/wp-json\/wp\/v2\/pages\/15423","targetHints":{"allow":["GET"]}}],"collection":[{"href":"https:\/\/www.naturalscience.org\/es\/wp-json\/wp\/v2\/pages"}],"about":[{"href":"https:\/\/www.naturalscience.org\/es\/wp-json\/wp\/v2\/types\/page"}],"author":[{"embeddable":true,"href":"https:\/\/www.naturalscience.org\/es\/wp-json\/wp\/v2\/users\/9"}],"replies":[{"embeddable":true,"href":"https:\/\/www.naturalscience.org\/es\/wp-json\/wp\/v2\/comments?post=15423"}],"version-history":[{"count":10,"href":"https:\/\/www.naturalscience.org\/es\/wp-json\/wp\/v2\/pages\/15423\/revisions"}],"predecessor-version":[{"id":38698,"href":"https:\/\/www.naturalscience.org\/es\/wp-json\/wp\/v2\/pages\/15423\/revisions\/38698"}],"up":[{"embeddable":true,"href":"https:\/\/www.naturalscience.org\/es\/wp-json\/wp\/v2\/pages\/15424"}],"wp:attachment":[{"href":"https:\/\/www.naturalscience.org\/es\/wp-json\/wp\/v2\/media?parent=15423"}],"wp:term":[{"taxonomy":"category","embeddable":true,"href":"https:\/\/www.naturalscience.org\/es\/wp-json\/wp\/v2\/categories?post=15423"}],"curies":[{"name":"wp","href":"https:\/\/api.w.org\/{rel}","templated":true}]}}