{"id":15417,"date":"2015-09-16T18:06:31","date_gmt":"2015-09-16T16:06:31","guid":{"rendered":"http:\/\/www.naturalscience.org\/es\/?page_id=15417"},"modified":"2023-01-11T10:04:49","modified_gmt":"2023-01-11T09:04:49","slug":"la-caza","status":"publish","type":"page","link":"https:\/\/www.naturalscience.org\/es\/temas\/agricultura-natural\/la-caza\/","title":{"rendered":"La caza"},"content":{"rendered":"<p><a href=\"https:\/\/www.naturalscience.org\/wp-content\/uploads\/2015\/01\/Jagd-1-e1422467974361.jpg\"><img loading=\"lazy\" decoding=\"async\" class=\"alignright wp-image-10076\" src=\"https:\/\/www.naturalscience.org\/wp-content\/uploads\/2015\/01\/Jagd-1-e1422467974361-270x300.jpg\" alt=\"Fuchs\" width=\"189\" height=\"210\" srcset=\"https:\/\/www.naturalscience.org\/wp-content\/uploads\/2015\/01\/Jagd-1-e1422467974361-270x300.jpg 270w, https:\/\/www.naturalscience.org\/wp-content\/uploads\/2015\/01\/Jagd-1-e1422467974361-921x1024.jpg 921w, https:\/\/www.naturalscience.org\/wp-content\/uploads\/2015\/01\/Jagd-1-e1422467974361-180x200.jpg 180w, https:\/\/www.naturalscience.org\/wp-content\/uploads\/2015\/01\/Jagd-1-e1422467974361-147x164.jpg 147w, https:\/\/www.naturalscience.org\/wp-content\/uploads\/2015\/01\/Jagd-1-e1422467974361.jpg 1530w\" sizes=\"auto, (max-width: 189px) 100vw, 189px\" \/><\/a>Al hombre se le ha asignado la responsabilidad de los animales. Como el \u201corgullo de la creaci\u00f3n\u201d el hombre deber\u00eda actuar como lo har\u00eda un buen Rey con respecto a sus s\u00fabditos. \u00c9l deber\u00eda cuidar y proteger a los animales, cuidar de su bienestar f\u00edsico y espiritual. Esto tambi\u00e9n es el por qu\u00e9 el hombre deber\u00eda garantizar su desarrollo continuo seg\u00fan su propio destino. Pero este desarrollo solo se puede dar si las personas tratan a los animales amorosa y respetuosamente.<\/p>\n<p>La caza y el asesinato innecesario de animales deben cesar. <strong>No hay ninguna raz\u00f3n sostenible cient\u00edfica o ecol\u00f3gica para la caza.<\/strong> Contrario a todas las aseveraciones sobre la caza estas no contribuyen con las regulaciones de poblaci\u00f3n de la vida salvaje. El mejor ejemplo de esto es el zorro. Se ha sabido por mucho tiempo que las poblaciones de zorros se adaptan al suministro de alimento. Por lo que la caza no es necesaria. Este hallazgo ha comenzado a ganar cada vez m\u00e1s reconocimiento. Por ejemplo, al comienzo del a\u00f1o 2015 el Ministerio del Medio Ambiente de Luxemburgo decidi\u00f3 que durante un a\u00f1o ning\u00fan zorro pod\u00eda ser cazado, porque hay menos cachorros en las poblaciones de zorros no cazados. <strong>La Naturaleza es muy capaz de regularse a s\u00ed misma y desarrollar un equilibrio saludable sin la intervenci\u00f3n del hombre.<\/strong><\/p>\n\n\n","protected":false},"excerpt":{"rendered":"Al hombre se le ha asignado la responsabilidad de los animales. Como el \u201corgullo de la creaci\u00f3n\u201d el hombre deber\u00eda actuar como lo har\u00eda un buen Rey con respecto a sus s\u00fabditos. \u00c9l deber\u00eda cuidar y proteger a los animales, cuidar de su bienestar f\u00edsico y espiritual. Esto tambi\u00e9n es el por qu\u00e9 el hombre [&hellip;]","protected":false},"author":9,"featured_media":0,"parent":15398,"menu_order":50,"comment_status":"closed","ping_status":"closed","template":"","meta":{"_acf_changed":false,"ngg_post_thumbnail":0,"footnotes":""},"categories":[191],"class_list":["post-15417","page","type-page","status-publish","hentry","category-caceria","wpautop"],"acf":[],"yoast_head":"<!-- This site is optimized with the Yoast SEO plugin v27.3 - https:\/\/yoast.com\/product\/yoast-seo-wordpress\/ -->\n<title>La caza - The World Foundation for Natural Science<\/title>\n<meta name=\"robots\" content=\"index, follow, max-snippet:-1, max-image-preview:large, max-video-preview:-1\" \/>\n<link rel=\"canonical\" href=\"https:\/\/www.naturalscience.org\/es\/temas\/agricultura-natural\/la-caza\/\" \/>\n<meta name=\"twitter:label1\" content=\"Tiempo de lectura\" \/>\n\t<meta name=\"twitter:data1\" content=\"1 minuto\" \/>\n<script type=\"application\/ld+json\" class=\"yoast-schema-graph\">{\"@context\":\"https:\\\/\\\/schema.org\",\"@graph\":[{\"@type\":\"WebPage\",\"@id\":\"https:\\\/\\\/www.naturalscience.org\\\/es\\\/temas\\\/agricultura-natural\\\/la-caza\\\/\",\"url\":\"https:\\\/\\\/www.naturalscience.org\\\/es\\\/temas\\\/agricultura-natural\\\/la-caza\\\/\",\"name\":\"La caza - The World Foundation for Natural Science\",\"isPartOf\":{\"@id\":\"https:\\\/\\\/www.naturalscience.org\\\/#website\"},\"primaryImageOfPage\":{\"@id\":\"https:\\\/\\\/www.naturalscience.org\\\/es\\\/temas\\\/agricultura-natural\\\/la-caza\\\/#primaryimage\"},\"image\":{\"@id\":\"https:\\\/\\\/www.naturalscience.org\\\/es\\\/temas\\\/agricultura-natural\\\/la-caza\\\/#primaryimage\"},\"thumbnailUrl\":\"https:\\\/\\\/www.naturalscience.org\\\/wp-content\\\/uploads\\\/2015\\\/01\\\/Jagd-1-e1422467974361-270x300.jpg\",\"datePublished\":\"2015-09-16T16:06:31+00:00\",\"dateModified\":\"2023-01-11T09:04:49+00:00\",\"breadcrumb\":{\"@id\":\"https:\\\/\\\/www.naturalscience.org\\\/es\\\/temas\\\/agricultura-natural\\\/la-caza\\\/#breadcrumb\"},\"inLanguage\":\"es\",\"potentialAction\":[{\"@type\":\"ReadAction\",\"target\":[\"https:\\\/\\\/www.naturalscience.org\\\/es\\\/temas\\\/agricultura-natural\\\/la-caza\\\/\"]}]},{\"@type\":\"ImageObject\",\"inLanguage\":\"es\",\"@id\":\"https:\\\/\\\/www.naturalscience.org\\\/es\\\/temas\\\/agricultura-natural\\\/la-caza\\\/#primaryimage\",\"url\":\"https:\\\/\\\/www.naturalscience.org\\\/wp-content\\\/uploads\\\/2015\\\/01\\\/Jagd-1-e1422467974361-270x300.jpg\",\"contentUrl\":\"https:\\\/\\\/www.naturalscience.org\\\/wp-content\\\/uploads\\\/2015\\\/01\\\/Jagd-1-e1422467974361-270x300.jpg\"},{\"@type\":\"BreadcrumbList\",\"@id\":\"https:\\\/\\\/www.naturalscience.org\\\/es\\\/temas\\\/agricultura-natural\\\/la-caza\\\/#breadcrumb\",\"itemListElement\":[{\"@type\":\"ListItem\",\"position\":1,\"name\":\"Home\",\"item\":\"https:\\\/\\\/www.naturalscience.org\\\/es\\\/\"},{\"@type\":\"ListItem\",\"position\":2,\"name\":\"Temas\",\"item\":\"https:\\\/\\\/www.naturalscience.org\\\/es\\\/temas\\\/\"},{\"@type\":\"ListItem\",\"position\":3,\"name\":\"Agricultura natural\",\"item\":\"https:\\\/\\\/www.naturalscience.org\\\/es\\\/temas\\\/agricultura-natural\\\/\"},{\"@type\":\"ListItem\",\"position\":4,\"name\":\"La caza\"}]},{\"@type\":\"WebSite\",\"@id\":\"https:\\\/\\\/www.naturalscience.org\\\/#website\",\"url\":\"https:\\\/\\\/www.naturalscience.org\\\/\",\"name\":\"The World Foundation for Natural Science\",\"description\":\"Restoring and Healing the World through Responsibility and Commitment in accord with Natural and Divine Law!\",\"potentialAction\":[{\"@type\":\"SearchAction\",\"target\":{\"@type\":\"EntryPoint\",\"urlTemplate\":\"https:\\\/\\\/www.naturalscience.org\\\/?s={search_term_string}\"},\"query-input\":{\"@type\":\"PropertyValueSpecification\",\"valueRequired\":true,\"valueName\":\"search_term_string\"}}],\"inLanguage\":\"es\"}]}<\/script>\n<!-- \/ Yoast SEO plugin. -->","yoast_head_json":{"title":"La caza - The World Foundation for Natural Science","robots":{"index":"index","follow":"follow","max-snippet":"max-snippet:-1","max-image-preview":"max-image-preview:large","max-video-preview":"max-video-preview:-1"},"canonical":"https:\/\/www.naturalscience.org\/es\/temas\/agricultura-natural\/la-caza\/","twitter_misc":{"Tiempo de lectura":"1 minuto"},"schema":{"@context":"https:\/\/schema.org","@graph":[{"@type":"WebPage","@id":"https:\/\/www.naturalscience.org\/es\/temas\/agricultura-natural\/la-caza\/","url":"https:\/\/www.naturalscience.org\/es\/temas\/agricultura-natural\/la-caza\/","name":"La caza - The World Foundation for Natural Science","isPartOf":{"@id":"https:\/\/www.naturalscience.org\/#website"},"primaryImageOfPage":{"@id":"https:\/\/www.naturalscience.org\/es\/temas\/agricultura-natural\/la-caza\/#primaryimage"},"image":{"@id":"https:\/\/www.naturalscience.org\/es\/temas\/agricultura-natural\/la-caza\/#primaryimage"},"thumbnailUrl":"https:\/\/www.naturalscience.org\/wp-content\/uploads\/2015\/01\/Jagd-1-e1422467974361-270x300.jpg","datePublished":"2015-09-16T16:06:31+00:00","dateModified":"2023-01-11T09:04:49+00:00","breadcrumb":{"@id":"https:\/\/www.naturalscience.org\/es\/temas\/agricultura-natural\/la-caza\/#breadcrumb"},"inLanguage":"es","potentialAction":[{"@type":"ReadAction","target":["https:\/\/www.naturalscience.org\/es\/temas\/agricultura-natural\/la-caza\/"]}]},{"@type":"ImageObject","inLanguage":"es","@id":"https:\/\/www.naturalscience.org\/es\/temas\/agricultura-natural\/la-caza\/#primaryimage","url":"https:\/\/www.naturalscience.org\/wp-content\/uploads\/2015\/01\/Jagd-1-e1422467974361-270x300.jpg","contentUrl":"https:\/\/www.naturalscience.org\/wp-content\/uploads\/2015\/01\/Jagd-1-e1422467974361-270x300.jpg"},{"@type":"BreadcrumbList","@id":"https:\/\/www.naturalscience.org\/es\/temas\/agricultura-natural\/la-caza\/#breadcrumb","itemListElement":[{"@type":"ListItem","position":1,"name":"Home","item":"https:\/\/www.naturalscience.org\/es\/"},{"@type":"ListItem","position":2,"name":"Temas","item":"https:\/\/www.naturalscience.org\/es\/temas\/"},{"@type":"ListItem","position":3,"name":"Agricultura natural","item":"https:\/\/www.naturalscience.org\/es\/temas\/agricultura-natural\/"},{"@type":"ListItem","position":4,"name":"La caza"}]},{"@type":"WebSite","@id":"https:\/\/www.naturalscience.org\/#website","url":"https:\/\/www.naturalscience.org\/","name":"The World Foundation for Natural Science","description":"Restoring and Healing the World through Responsibility and Commitment in accord with Natural and Divine Law!","potentialAction":[{"@type":"SearchAction","target":{"@type":"EntryPoint","urlTemplate":"https:\/\/www.naturalscience.org\/?s={search_term_string}"},"query-input":{"@type":"PropertyValueSpecification","valueRequired":true,"valueName":"search_term_string"}}],"inLanguage":"es"}]}},"_links":{"self":[{"href":"https:\/\/www.naturalscience.org\/es\/wp-json\/wp\/v2\/pages\/15417","targetHints":{"allow":["GET"]}}],"collection":[{"href":"https:\/\/www.naturalscience.org\/es\/wp-json\/wp\/v2\/pages"}],"about":[{"href":"https:\/\/www.naturalscience.org\/es\/wp-json\/wp\/v2\/types\/page"}],"author":[{"embeddable":true,"href":"https:\/\/www.naturalscience.org\/es\/wp-json\/wp\/v2\/users\/9"}],"replies":[{"embeddable":true,"href":"https:\/\/www.naturalscience.org\/es\/wp-json\/wp\/v2\/comments?post=15417"}],"version-history":[{"count":6,"href":"https:\/\/www.naturalscience.org\/es\/wp-json\/wp\/v2\/pages\/15417\/revisions"}],"predecessor-version":[{"id":38673,"href":"https:\/\/www.naturalscience.org\/es\/wp-json\/wp\/v2\/pages\/15417\/revisions\/38673"}],"up":[{"embeddable":true,"href":"https:\/\/www.naturalscience.org\/es\/wp-json\/wp\/v2\/pages\/15398"}],"wp:attachment":[{"href":"https:\/\/www.naturalscience.org\/es\/wp-json\/wp\/v2\/media?parent=15417"}],"wp:term":[{"taxonomy":"category","embeddable":true,"href":"https:\/\/www.naturalscience.org\/es\/wp-json\/wp\/v2\/categories?post=15417"}],"curies":[{"name":"wp","href":"https:\/\/api.w.org\/{rel}","templated":true}]}}