{"id":15416,"date":"2015-09-16T18:07:02","date_gmt":"2015-09-16T16:07:02","guid":{"rendered":"http:\/\/www.naturalscience.org\/es\/?page_id=15416"},"modified":"2023-01-11T09:28:28","modified_gmt":"2023-01-11T08:28:28","slug":"aves","status":"publish","type":"page","link":"https:\/\/www.naturalscience.org\/es\/temas\/agricultura-natural\/aves\/","title":{"rendered":"Aves"},"content":{"rendered":"<p><img loading=\"lazy\" decoding=\"async\" class=\"alignright wp-image-38624 size-medium\" src=\"https:\/\/www.naturalscience.org\/wp-content\/uploads\/2023\/01\/iStock-9646110701.8MB-300x208.jpg\" alt=\"\" width=\"300\" height=\"208\" srcset=\"https:\/\/www.naturalscience.org\/wp-content\/uploads\/2023\/01\/iStock-9646110701.8MB-300x208.jpg 300w, https:\/\/www.naturalscience.org\/wp-content\/uploads\/2023\/01\/iStock-9646110701.8MB-1024x711.jpg 1024w, https:\/\/www.naturalscience.org\/wp-content\/uploads\/2023\/01\/iStock-9646110701.8MB-768x534.jpg 768w, https:\/\/www.naturalscience.org\/wp-content\/uploads\/2023\/01\/iStock-9646110701.8MB-1536x1067.jpg 1536w, https:\/\/www.naturalscience.org\/wp-content\/uploads\/2023\/01\/iStock-9646110701.8MB-2048x1423.jpg 2048w, https:\/\/www.naturalscience.org\/wp-content\/uploads\/2023\/01\/iStock-9646110701.8MB-164x114.jpg 164w, https:\/\/www.naturalscience.org\/wp-content\/uploads\/2023\/01\/iStock-9646110701.8MB-400x278.jpg 400w, https:\/\/www.naturalscience.org\/wp-content\/uploads\/2023\/01\/iStock-9646110701.8MB-500x347.jpg 500w\" sizes=\"auto, (max-width: 300px) 100vw, 300px\" \/><\/p>\n<p><strong>Las aves representan&nbsp; un indicador importante para el mantenimiento de un equilibrio intacto &nbsp;ecol\u00f3gico en el medio ambiente.<\/strong> Les fascina los paisajes estructurados con \u00e1rboles, setos, arbustos y especialmente vastos pantanos. Como la mayor\u00eda de los seres, las aves reaccionan muy sensiblemente a las influencias antinaturales del entorno. Por ejemplo, el uso de pesticidas en la agricultura es un gran peligro para las aves, ya que estos agentes no solo aniquilan a innumerables insectos, que son una base importante de alimento para las aves, sino que incluso envenenan a las propias &nbsp;aves. Sin embargo cada vez m\u00e1s y m\u00e1s las aves son tambi\u00e9n amenazadas por la radiaci\u00f3n de microondas emitidas por las torres de telefon\u00eda celular y los sat\u00e9lites, y retir\u00e1ndose gradualmente &nbsp;de regiones muy contaminadas. <strong>Por esta raz\u00f3n muchas aves &nbsp;est\u00e1n en la lista de especies en v\u00eda de extinci\u00f3n.<\/strong><\/p>\n<p><img loading=\"lazy\" decoding=\"async\" class=\"alignleft wp-image-38626 size-medium\" src=\"https:\/\/www.naturalscience.org\/wp-content\/uploads\/2023\/01\/Fotolia_39698454_M-209x300.jpg\" alt=\"\" width=\"209\" height=\"300\" srcset=\"https:\/\/www.naturalscience.org\/wp-content\/uploads\/2023\/01\/Fotolia_39698454_M-209x300.jpg 209w, https:\/\/www.naturalscience.org\/wp-content\/uploads\/2023\/01\/Fotolia_39698454_M-713x1024.jpg 713w, https:\/\/www.naturalscience.org\/wp-content\/uploads\/2023\/01\/Fotolia_39698454_M-768x1103.jpg 768w, https:\/\/www.naturalscience.org\/wp-content\/uploads\/2023\/01\/Fotolia_39698454_M-1069x1536.jpg 1069w, https:\/\/www.naturalscience.org\/wp-content\/uploads\/2023\/01\/Fotolia_39698454_M-114x164.jpg 114w, https:\/\/www.naturalscience.org\/wp-content\/uploads\/2023\/01\/Fotolia_39698454_M-278x400.jpg 278w, https:\/\/www.naturalscience.org\/wp-content\/uploads\/2023\/01\/Fotolia_39698454_M-348x500.jpg 348w, https:\/\/www.naturalscience.org\/wp-content\/uploads\/2023\/01\/Fotolia_39698454_M.jpg 1150w\" sizes=\"auto, (max-width: 209px) 100vw, 209px\" \/><\/p>\n<p>Protegerlas debe ser un asunto primordial, no solo para conservar la diversidad de especies, sino tambi\u00e9n porque las aves juegan un papel importante en la vida de las personas. Por sus acrobacias a\u00e9reas y su libertad las aves inspiran a la mente del hombre y les complacen con su trinar, su canto y su silbido.<\/p>\n<p>A todo esto, <strong>los expertos recomiendan la alimentaci\u00f3n de las aves<\/strong> durante todo el a\u00f1o debido a que los paisajes&nbsp;\u00abest\u00e9riles\u00bb que se han formado a partir de la &nbsp;agricultura intensiva, as\u00ed como jardines pobres en especies no ofrecen casi ning\u00fan alimento a las aves incluso en el verano. Sin embargo es durante la &nbsp;temporada de verano que las aves necesitan mucha comida, porque es cuando est\u00e1n criando a sus polluelos. <strong>Un comedero de p\u00e1jaros durante todas las estaciones puede mantener hasta 50 especies de aves.<\/strong> Por lo tanto la &nbsp;alimentaci\u00f3n de las aves es una contribuci\u00f3n valiosa &nbsp;para la protecci\u00f3n de las aves y la conservaci\u00f3n de la diversidad de especies.<\/p>\n<p style=\"text-align: center;\"><em><strong>\u201eUn comedero de p\u00e1jaros es como una posada:<br \/>\n<\/strong><\/em><em style=\"font-size: 14.4px;\"><strong>Se debe promover la informaci\u00f3n respecto a su ubicaci\u00f3n.<br \/>\n<\/strong><em><strong>Y tiene que estar abierto de manera confiable, de lo contrario nadie va a venir.\u201c<br \/>\n<\/strong><\/em><\/em><em>Experto en aves Peter Berthold del instituto Max-Planck de Ornitolog\u00eda<\/em><\/p>\n\n\n","protected":false},"excerpt":{"rendered":"Las aves representan&nbsp; un indicador importante para el mantenimiento de un equilibrio intacto &nbsp;ecol\u00f3gico en el medio ambiente. Les fascina los paisajes estructurados con \u00e1rboles, setos, arbustos y especialmente vastos pantanos. Como la mayor\u00eda de los seres, las aves reaccionan muy sensiblemente a las influencias antinaturales del entorno. Por ejemplo, el uso de pesticidas en [&hellip;]","protected":false},"author":9,"featured_media":0,"parent":15398,"menu_order":49,"comment_status":"closed","ping_status":"closed","template":"","meta":{"_acf_changed":false,"ngg_post_thumbnail":0,"footnotes":""},"categories":[190],"class_list":["post-15416","page","type-page","status-publish","hentry","category-aves","wpautop"],"acf":[],"yoast_head":"<!-- This site is optimized with the Yoast SEO plugin v27.3 - https:\/\/yoast.com\/product\/yoast-seo-wordpress\/ -->\n<title>Aves - The World Foundation for Natural Science<\/title>\n<meta name=\"robots\" content=\"index, follow, max-snippet:-1, max-image-preview:large, max-video-preview:-1\" \/>\n<link rel=\"canonical\" href=\"https:\/\/www.naturalscience.org\/es\/temas\/agricultura-natural\/aves\/\" \/>\n<meta name=\"twitter:label1\" content=\"Tiempo de lectura\" \/>\n\t<meta name=\"twitter:data1\" content=\"2 minutos\" \/>\n<script type=\"application\/ld+json\" class=\"yoast-schema-graph\">{\"@context\":\"https:\\\/\\\/schema.org\",\"@graph\":[{\"@type\":\"WebPage\",\"@id\":\"https:\\\/\\\/www.naturalscience.org\\\/es\\\/temas\\\/agricultura-natural\\\/aves\\\/\",\"url\":\"https:\\\/\\\/www.naturalscience.org\\\/es\\\/temas\\\/agricultura-natural\\\/aves\\\/\",\"name\":\"Aves - The World Foundation for Natural Science\",\"isPartOf\":{\"@id\":\"https:\\\/\\\/www.naturalscience.org\\\/#website\"},\"primaryImageOfPage\":{\"@id\":\"https:\\\/\\\/www.naturalscience.org\\\/es\\\/temas\\\/agricultura-natural\\\/aves\\\/#primaryimage\"},\"image\":{\"@id\":\"https:\\\/\\\/www.naturalscience.org\\\/es\\\/temas\\\/agricultura-natural\\\/aves\\\/#primaryimage\"},\"thumbnailUrl\":\"https:\\\/\\\/www.naturalscience.org\\\/wp-content\\\/uploads\\\/2023\\\/01\\\/iStock-9646110701.8MB-300x208.jpg\",\"datePublished\":\"2015-09-16T16:07:02+00:00\",\"dateModified\":\"2023-01-11T08:28:28+00:00\",\"breadcrumb\":{\"@id\":\"https:\\\/\\\/www.naturalscience.org\\\/es\\\/temas\\\/agricultura-natural\\\/aves\\\/#breadcrumb\"},\"inLanguage\":\"es\",\"potentialAction\":[{\"@type\":\"ReadAction\",\"target\":[\"https:\\\/\\\/www.naturalscience.org\\\/es\\\/temas\\\/agricultura-natural\\\/aves\\\/\"]}]},{\"@type\":\"ImageObject\",\"inLanguage\":\"es\",\"@id\":\"https:\\\/\\\/www.naturalscience.org\\\/es\\\/temas\\\/agricultura-natural\\\/aves\\\/#primaryimage\",\"url\":\"https:\\\/\\\/www.naturalscience.org\\\/wp-content\\\/uploads\\\/2023\\\/01\\\/iStock-9646110701.8MB-300x208.jpg\",\"contentUrl\":\"https:\\\/\\\/www.naturalscience.org\\\/wp-content\\\/uploads\\\/2023\\\/01\\\/iStock-9646110701.8MB-300x208.jpg\"},{\"@type\":\"BreadcrumbList\",\"@id\":\"https:\\\/\\\/www.naturalscience.org\\\/es\\\/temas\\\/agricultura-natural\\\/aves\\\/#breadcrumb\",\"itemListElement\":[{\"@type\":\"ListItem\",\"position\":1,\"name\":\"Home\",\"item\":\"https:\\\/\\\/www.naturalscience.org\\\/es\\\/\"},{\"@type\":\"ListItem\",\"position\":2,\"name\":\"Temas\",\"item\":\"https:\\\/\\\/www.naturalscience.org\\\/es\\\/temas\\\/\"},{\"@type\":\"ListItem\",\"position\":3,\"name\":\"Agricultura natural\",\"item\":\"https:\\\/\\\/www.naturalscience.org\\\/es\\\/temas\\\/agricultura-natural\\\/\"},{\"@type\":\"ListItem\",\"position\":4,\"name\":\"Aves\"}]},{\"@type\":\"WebSite\",\"@id\":\"https:\\\/\\\/www.naturalscience.org\\\/#website\",\"url\":\"https:\\\/\\\/www.naturalscience.org\\\/\",\"name\":\"The World Foundation for Natural Science\",\"description\":\"Restoring and Healing the World through Responsibility and Commitment in accord with Natural and Divine Law!\",\"potentialAction\":[{\"@type\":\"SearchAction\",\"target\":{\"@type\":\"EntryPoint\",\"urlTemplate\":\"https:\\\/\\\/www.naturalscience.org\\\/?s={search_term_string}\"},\"query-input\":{\"@type\":\"PropertyValueSpecification\",\"valueRequired\":true,\"valueName\":\"search_term_string\"}}],\"inLanguage\":\"es\"}]}<\/script>\n<!-- \/ Yoast SEO plugin. -->","yoast_head_json":{"title":"Aves - The World Foundation for Natural Science","robots":{"index":"index","follow":"follow","max-snippet":"max-snippet:-1","max-image-preview":"max-image-preview:large","max-video-preview":"max-video-preview:-1"},"canonical":"https:\/\/www.naturalscience.org\/es\/temas\/agricultura-natural\/aves\/","twitter_misc":{"Tiempo de lectura":"2 minutos"},"schema":{"@context":"https:\/\/schema.org","@graph":[{"@type":"WebPage","@id":"https:\/\/www.naturalscience.org\/es\/temas\/agricultura-natural\/aves\/","url":"https:\/\/www.naturalscience.org\/es\/temas\/agricultura-natural\/aves\/","name":"Aves - The World Foundation for Natural Science","isPartOf":{"@id":"https:\/\/www.naturalscience.org\/#website"},"primaryImageOfPage":{"@id":"https:\/\/www.naturalscience.org\/es\/temas\/agricultura-natural\/aves\/#primaryimage"},"image":{"@id":"https:\/\/www.naturalscience.org\/es\/temas\/agricultura-natural\/aves\/#primaryimage"},"thumbnailUrl":"https:\/\/www.naturalscience.org\/wp-content\/uploads\/2023\/01\/iStock-9646110701.8MB-300x208.jpg","datePublished":"2015-09-16T16:07:02+00:00","dateModified":"2023-01-11T08:28:28+00:00","breadcrumb":{"@id":"https:\/\/www.naturalscience.org\/es\/temas\/agricultura-natural\/aves\/#breadcrumb"},"inLanguage":"es","potentialAction":[{"@type":"ReadAction","target":["https:\/\/www.naturalscience.org\/es\/temas\/agricultura-natural\/aves\/"]}]},{"@type":"ImageObject","inLanguage":"es","@id":"https:\/\/www.naturalscience.org\/es\/temas\/agricultura-natural\/aves\/#primaryimage","url":"https:\/\/www.naturalscience.org\/wp-content\/uploads\/2023\/01\/iStock-9646110701.8MB-300x208.jpg","contentUrl":"https:\/\/www.naturalscience.org\/wp-content\/uploads\/2023\/01\/iStock-9646110701.8MB-300x208.jpg"},{"@type":"BreadcrumbList","@id":"https:\/\/www.naturalscience.org\/es\/temas\/agricultura-natural\/aves\/#breadcrumb","itemListElement":[{"@type":"ListItem","position":1,"name":"Home","item":"https:\/\/www.naturalscience.org\/es\/"},{"@type":"ListItem","position":2,"name":"Temas","item":"https:\/\/www.naturalscience.org\/es\/temas\/"},{"@type":"ListItem","position":3,"name":"Agricultura natural","item":"https:\/\/www.naturalscience.org\/es\/temas\/agricultura-natural\/"},{"@type":"ListItem","position":4,"name":"Aves"}]},{"@type":"WebSite","@id":"https:\/\/www.naturalscience.org\/#website","url":"https:\/\/www.naturalscience.org\/","name":"The World Foundation for Natural Science","description":"Restoring and Healing the World through Responsibility and Commitment in accord with Natural and Divine Law!","potentialAction":[{"@type":"SearchAction","target":{"@type":"EntryPoint","urlTemplate":"https:\/\/www.naturalscience.org\/?s={search_term_string}"},"query-input":{"@type":"PropertyValueSpecification","valueRequired":true,"valueName":"search_term_string"}}],"inLanguage":"es"}]}},"_links":{"self":[{"href":"https:\/\/www.naturalscience.org\/es\/wp-json\/wp\/v2\/pages\/15416","targetHints":{"allow":["GET"]}}],"collection":[{"href":"https:\/\/www.naturalscience.org\/es\/wp-json\/wp\/v2\/pages"}],"about":[{"href":"https:\/\/www.naturalscience.org\/es\/wp-json\/wp\/v2\/types\/page"}],"author":[{"embeddable":true,"href":"https:\/\/www.naturalscience.org\/es\/wp-json\/wp\/v2\/users\/9"}],"replies":[{"embeddable":true,"href":"https:\/\/www.naturalscience.org\/es\/wp-json\/wp\/v2\/comments?post=15416"}],"version-history":[{"count":12,"href":"https:\/\/www.naturalscience.org\/es\/wp-json\/wp\/v2\/pages\/15416\/revisions"}],"predecessor-version":[{"id":38668,"href":"https:\/\/www.naturalscience.org\/es\/wp-json\/wp\/v2\/pages\/15416\/revisions\/38668"}],"up":[{"embeddable":true,"href":"https:\/\/www.naturalscience.org\/es\/wp-json\/wp\/v2\/pages\/15398"}],"wp:attachment":[{"href":"https:\/\/www.naturalscience.org\/es\/wp-json\/wp\/v2\/media?parent=15416"}],"wp:term":[{"taxonomy":"category","embeddable":true,"href":"https:\/\/www.naturalscience.org\/es\/wp-json\/wp\/v2\/categories?post=15416"}],"curies":[{"name":"wp","href":"https:\/\/api.w.org\/{rel}","templated":true}]}}