{"id":15411,"date":"2015-09-16T18:04:22","date_gmt":"2015-09-16T16:04:22","guid":{"rendered":"http:\/\/www.naturalscience.org\/es\/?page_id=15411"},"modified":"2022-12-30T11:52:02","modified_gmt":"2022-12-30T10:52:02","slug":"dispositivos-de-comunicacion-movil","status":"publish","type":"page","link":"https:\/\/www.naturalscience.org\/es\/temas\/microondas-y-comunicaciones-moviles\/dispositivos-de-comunicacion-movil\/","title":{"rendered":"Aparatos de comunicaci\u00f3n m\u00f3vil"},"content":{"rendered":"<p>Todos los aparatos de comunicaci\u00f3n v\u00eda se\u00f1ales de radio emiten radiaci\u00f3n electromagn\u00e9tica&nbsp; artificial y amenazan la salud de todas las criaturas de la Naturaleza.<\/p>\n<h2>WLAN&nbsp;(Wi-Fi)<\/h2>\n<p><img loading=\"lazy\" decoding=\"async\" class=\"size-medium wp-image-38434 alignright\" src=\"https:\/\/www.naturalscience.org\/wp-content\/uploads\/2022\/12\/AdobeStock_248319517-300x200.jpg\" alt=\"\" width=\"300\" height=\"200\" srcset=\"https:\/\/www.naturalscience.org\/wp-content\/uploads\/2022\/12\/AdobeStock_248319517-300x200.jpg 300w, https:\/\/www.naturalscience.org\/wp-content\/uploads\/2022\/12\/AdobeStock_248319517-768x512.jpg 768w, https:\/\/www.naturalscience.org\/wp-content\/uploads\/2022\/12\/AdobeStock_248319517-164x109.jpg 164w, https:\/\/www.naturalscience.org\/wp-content\/uploads\/2022\/12\/AdobeStock_248319517-400x267.jpg 400w, https:\/\/www.naturalscience.org\/wp-content\/uploads\/2022\/12\/AdobeStock_248319517-500x334.jpg 500w, https:\/\/www.naturalscience.org\/wp-content\/uploads\/2022\/12\/AdobeStock_248319517.jpg 1000w\" sizes=\"auto, (max-width: 300px) 100vw, 300px\" \/><\/p>\n<p>Aunque el W-Fi transmite con una potencia inferior a la de los <a href=\"https:\/\/www.naturalscience.org\/es\/temas\/microondas-y-comunicaciones-moviles\/\">tel\u00e9fonos celulares<\/a> su impacto a nuestra salud no deber\u00eda ser subestimado. <strong>En la escuela y tambi\u00e9n en el hogar a\u00fan m\u00e1s ni\u00f1os est\u00e1n siendo expuestos &nbsp;a la se\u00f1al pulsante permanente, que trastorna&nbsp; la comunicaci\u00f3n&nbsp; de nuestros \u00f3rganos.<\/strong> Por esta raz\u00f3n los ni\u00f1os a menudo tienen dificultades&nbsp; de concentraci\u00f3n en la escuela, tienen problemas para conciliar el sue\u00f1o y se enferman con frecuencia.<\/p>\n<p>M\u00e1s y m\u00e1s aparatos electr\u00f3nicos est\u00e1n siendo equipados con componentes Wi-Fi. El Wi-Fi est\u00e1 permanente enviando y recibiendo datos y contribuye considerablemente a la contaminaci\u00f3n electromagn\u00e9tica total.<\/p>\n<h2>Las Tabletas<\/h2>\n<p>Las tabletas son un c\u00f3modo invento y ofrece muchas posibilidades de&nbsp; aplicaci\u00f3n; esto las hace muy populares. Los medios de comunicaci\u00f3n y los editores de textos escolares tambi\u00e9n est\u00e1n en forma intensiva promoviendo la introducci\u00f3n&nbsp; de las tabletas para prop\u00f3sitos educativos. <strong>Las tabletas han sido dise\u00f1adas para ser dependientes solamente del Wi-Fi&nbsp; como medio de comunicaci\u00f3n y no es posible conectarlas por cable.<\/strong> Como se explic\u00f3 anteriormente (ver arriba) los aparatos con&nbsp; Wi-Fi y WLAN est\u00e1n siempre transmitiendo&nbsp; con una se\u00f1al pulsante, que trastorna la comunicaci\u00f3n de nuestros \u00f3rganos y de este modo perjudica nuestra salud.<\/p>\n<p>Las tabletas tampoco son una alternativa adecuada para los libros escolares. El Investigador de Neurociencia Manfred Spitzer y la educadora de medios de comunicaci\u00f3n Paula Bleckmann ambos han se\u00f1alado que el uso de los medios de comunicaci\u00f3n digital antes de los 16 a\u00f1os tiene un efecto negativo en las capacidades de aprendizaje de&nbsp; lectura y&nbsp; escritura, as\u00ed como del desarrollo del lenguaje de los ni\u00f1os.<\/p>\n<h2>Los tel\u00e9fonos inal\u00e1mbricos<\/h2>\n<p>Los tel\u00e9fonos inal\u00e1mbricos digitales de la norma DECT se encuentran entre los&nbsp;\u00abcontaminadores\u00bb m\u00e1s fuertes en el hogar. <strong>Los tel\u00e9fonos inal\u00e1mbricos crean campos electromagn\u00e9ticos muy fuertes y se basan en la misma tecnolog\u00eda que las comunicaciones m\u00f3viles.<\/strong> A pesar&nbsp; que ahora hay dispositivos que s\u00f3lo emiten durante una llamada (modo ECO +), esta funci\u00f3n debe ser activada por el usuario en la mayor\u00eda de los casos. Adem\u00e1s, la unidad de mano se coloca directamente en la cabeza durante un largo per\u00edodo de tiempo en una llamada telef\u00f3nica. Por lo tanto, le recomendamos que no utilice un tel\u00e9fono inal\u00e1mbrico y, en lugar, c\u00e1mbiese a un tel\u00e9fono con cable en casa (y si es posible tambi\u00e9n en el trabajo).<\/p>\n<h2>Los medidores inteligentes<\/h2>\n<p><strong>Los medidores inteligentes son medidores de agua, gas y electricidad modernos, que env\u00edan peri\u00f3dicamente se\u00f1ales de alta frecuencia a trav\u00e9s de WLAN, Wi-Fi o servicios m\u00f3viles.<\/strong> Estos medidores son a menudo instalados por empresas de servicios p\u00fablicos sin informar a los propietarios o inquilinos de la propiedad.<\/p>\n            <div class=\"latest-news-list hide-for-print\">\r\n                <div class=\"row\">\r\n                    <div class=\"small-24 columns \">\r\n                        <div class=\"title\">Enfoque sobre Aparatos de comunicaci\u00f3n m\u00f3vil<\/div>\r\n\t\t\t\t\t\t\t\t\t\t\t\t\t<article class=\"news-excerpt\" id=\"post-43348\">\r\n    <div class=\"row collapse\">\r\n\r\n\t\t\r\n        <div class=\"medium-7 columns\">\r\n            <a href=\"https:\/\/www.naturalscience.org\/es\/news\/2026\/02\/smart-tip-15\/\" title=\"Smart Tip # 15\">\r\n                <img decoding=\"async\" src=\"https:\/\/www.naturalscience.org\/wp-content\/uploads\/2026\/02\/AdobeStock_160674561SQUARE-164x164.jpg\" alt=\"\" width=\"200px\" height=\"200px\"\/>\r\n            <\/a>\r\n        <\/div>\r\n\r\n        <div class=\"medium-17 columns\">\r\n\t\t\t\r\n                <header>\r\n                    <div class=\"row collapse top\">\r\n                        <div class=\"small-12 columns\">\r\n                            <time datetime=\"2026-02-16T12:28:54+01:00\">\r\n\t\t\t\t\t\t\t\tLunes, 16. febrero 2026                            <\/time>\r\n                        <\/div>\r\n\t\t\t\t\t\t                    <\/div>\r\n                    <h2><a href=\"https:\/\/www.naturalscience.org\/es\/news\/2026\/02\/smart-tip-15\/\">Smart Tip # 15<\/a><\/h2>\r\n\r\n                <\/header>\r\n                <div class=\"entry-content\">\r\n                    <p>\r\n\t                    Los tel\u00e9fonos inal\u00e1mbricos env\u00edan se\u00f1ales continuamente y pueden causar trastornos del sue\u00f1o y otras molestias, ya que dondequiera que haya recepci\u00f3n, tambi\u00e9n hay radiaci\u00f3n. Cambia a un tel\u00e9fono con cable o al menos activa el modo Eco+ en tu tel\u00e9fono inal\u00e1mbrico. De esta manera, el tel\u00e9fono s\u00f3lo emite radiaci\u00f3n cuando haces una llamada.                                            <\/p>\r\n                <\/div>\r\n            <\/div>\r\n        <\/div>\r\n<\/article>\t\t\t\t\t\t\t\t\t\t\t\t\r\n\t\t\t\t\t\t                        <a href=\"https:\/\/www.naturalscience.org\/es\/news\/category\/microondas-y-comunicaciones-moviles\/dispositivos-de-comunicacion-moviles\/\" class=\"button radius\">\r\n                            <i class=\"fa fa-angle-right\"><\/i>&nbsp;&nbsp;M\u00e1s                        <\/a>\r\n                    <\/div>\r\n                <\/div>\r\n            <\/div>\r\n\t\t\t\n\n","protected":false},"excerpt":{"rendered":"Los tel\u00e9fonos inal\u00e1mbricos env\u00edan se\u00f1ales continuamente y pueden causar trastornos del sue\u00f1o y otras molestias, ya que dondequiera que haya recepci\u00f3n, tambi\u00e9n hay radiaci\u00f3n. Cambia a un tel\u00e9fono con cable o al menos activa el modo Eco+ en tu tel\u00e9fono inal\u00e1mbrico. De esta manera, el tel\u00e9fono s\u00f3lo emite radiaci\u00f3n cuando haces una llamada.","protected":false},"author":9,"featured_media":0,"parent":15198,"menu_order":36,"comment_status":"closed","ping_status":"closed","template":"","meta":{"_acf_changed":false,"ngg_post_thumbnail":0,"footnotes":""},"categories":[180],"class_list":["post-15411","page","type-page","status-publish","hentry","category-dispositivos-de-comunicacion-moviles","wpautop"],"acf":[],"yoast_head":"<!-- This site is optimized with the Yoast SEO plugin v27.5 - https:\/\/yoast.com\/product\/yoast-seo-wordpress\/ -->\n<title>Aparatos de comunicaci\u00f3n m\u00f3vil - The World Foundation for Natural Science<\/title>\n<meta name=\"robots\" content=\"index, follow, max-snippet:-1, max-image-preview:large, max-video-preview:-1\" \/>\n<link rel=\"canonical\" href=\"https:\/\/www.naturalscience.org\/es\/temas\/microondas-y-comunicaciones-moviles\/dispositivos-de-comunicacion-movil\/\" \/>\n<meta name=\"twitter:label1\" content=\"Tiempo de lectura\" \/>\n\t<meta name=\"twitter:data1\" content=\"3 minutos\" \/>\n<script type=\"application\/ld+json\" class=\"yoast-schema-graph\">{\"@context\":\"https:\\\/\\\/schema.org\",\"@graph\":[{\"@type\":\"WebPage\",\"@id\":\"https:\\\/\\\/www.naturalscience.org\\\/es\\\/temas\\\/microondas-y-comunicaciones-moviles\\\/dispositivos-de-comunicacion-movil\\\/\",\"url\":\"https:\\\/\\\/www.naturalscience.org\\\/es\\\/temas\\\/microondas-y-comunicaciones-moviles\\\/dispositivos-de-comunicacion-movil\\\/\",\"name\":\"Aparatos de comunicaci\u00f3n m\u00f3vil - The World Foundation for Natural Science\",\"isPartOf\":{\"@id\":\"https:\\\/\\\/www.naturalscience.org\\\/#website\"},\"primaryImageOfPage\":{\"@id\":\"https:\\\/\\\/www.naturalscience.org\\\/es\\\/temas\\\/microondas-y-comunicaciones-moviles\\\/dispositivos-de-comunicacion-movil\\\/#primaryimage\"},\"image\":{\"@id\":\"https:\\\/\\\/www.naturalscience.org\\\/es\\\/temas\\\/microondas-y-comunicaciones-moviles\\\/dispositivos-de-comunicacion-movil\\\/#primaryimage\"},\"thumbnailUrl\":\"https:\\\/\\\/www.naturalscience.org\\\/wp-content\\\/uploads\\\/2022\\\/12\\\/AdobeStock_248319517-300x200.jpg\",\"datePublished\":\"2015-09-16T16:04:22+00:00\",\"dateModified\":\"2022-12-30T10:52:02+00:00\",\"breadcrumb\":{\"@id\":\"https:\\\/\\\/www.naturalscience.org\\\/es\\\/temas\\\/microondas-y-comunicaciones-moviles\\\/dispositivos-de-comunicacion-movil\\\/#breadcrumb\"},\"inLanguage\":\"es\",\"potentialAction\":[{\"@type\":\"ReadAction\",\"target\":[\"https:\\\/\\\/www.naturalscience.org\\\/es\\\/temas\\\/microondas-y-comunicaciones-moviles\\\/dispositivos-de-comunicacion-movil\\\/\"]}]},{\"@type\":\"ImageObject\",\"inLanguage\":\"es\",\"@id\":\"https:\\\/\\\/www.naturalscience.org\\\/es\\\/temas\\\/microondas-y-comunicaciones-moviles\\\/dispositivos-de-comunicacion-movil\\\/#primaryimage\",\"url\":\"https:\\\/\\\/www.naturalscience.org\\\/wp-content\\\/uploads\\\/2022\\\/12\\\/AdobeStock_248319517-300x200.jpg\",\"contentUrl\":\"https:\\\/\\\/www.naturalscience.org\\\/wp-content\\\/uploads\\\/2022\\\/12\\\/AdobeStock_248319517-300x200.jpg\"},{\"@type\":\"BreadcrumbList\",\"@id\":\"https:\\\/\\\/www.naturalscience.org\\\/es\\\/temas\\\/microondas-y-comunicaciones-moviles\\\/dispositivos-de-comunicacion-movil\\\/#breadcrumb\",\"itemListElement\":[{\"@type\":\"ListItem\",\"position\":1,\"name\":\"Home\",\"item\":\"https:\\\/\\\/www.naturalscience.org\\\/es\\\/\"},{\"@type\":\"ListItem\",\"position\":2,\"name\":\"Temas\",\"item\":\"https:\\\/\\\/www.naturalscience.org\\\/es\\\/temas\\\/\"},{\"@type\":\"ListItem\",\"position\":3,\"name\":\"Microondas y Comunicaciones m\u00f3viles\",\"item\":\"https:\\\/\\\/www.naturalscience.org\\\/es\\\/temas\\\/microondas-y-comunicaciones-moviles\\\/\"},{\"@type\":\"ListItem\",\"position\":4,\"name\":\"Aparatos de comunicaci\u00f3n m\u00f3vil\"}]},{\"@type\":\"WebSite\",\"@id\":\"https:\\\/\\\/www.naturalscience.org\\\/#website\",\"url\":\"https:\\\/\\\/www.naturalscience.org\\\/\",\"name\":\"The World Foundation for Natural Science\",\"description\":\"Restoring and Healing the World through Responsibility and Commitment in accord with Natural and Divine Law!\",\"potentialAction\":[{\"@type\":\"SearchAction\",\"target\":{\"@type\":\"EntryPoint\",\"urlTemplate\":\"https:\\\/\\\/www.naturalscience.org\\\/?s={search_term_string}\"},\"query-input\":{\"@type\":\"PropertyValueSpecification\",\"valueRequired\":true,\"valueName\":\"search_term_string\"}}],\"inLanguage\":\"es\"}]}<\/script>\n<!-- \/ Yoast SEO plugin. -->","yoast_head_json":{"title":"Aparatos de comunicaci\u00f3n m\u00f3vil - The World Foundation for Natural Science","robots":{"index":"index","follow":"follow","max-snippet":"max-snippet:-1","max-image-preview":"max-image-preview:large","max-video-preview":"max-video-preview:-1"},"canonical":"https:\/\/www.naturalscience.org\/es\/temas\/microondas-y-comunicaciones-moviles\/dispositivos-de-comunicacion-movil\/","twitter_misc":{"Tiempo de lectura":"3 minutos"},"schema":{"@context":"https:\/\/schema.org","@graph":[{"@type":"WebPage","@id":"https:\/\/www.naturalscience.org\/es\/temas\/microondas-y-comunicaciones-moviles\/dispositivos-de-comunicacion-movil\/","url":"https:\/\/www.naturalscience.org\/es\/temas\/microondas-y-comunicaciones-moviles\/dispositivos-de-comunicacion-movil\/","name":"Aparatos de comunicaci\u00f3n m\u00f3vil - The World Foundation for Natural Science","isPartOf":{"@id":"https:\/\/www.naturalscience.org\/#website"},"primaryImageOfPage":{"@id":"https:\/\/www.naturalscience.org\/es\/temas\/microondas-y-comunicaciones-moviles\/dispositivos-de-comunicacion-movil\/#primaryimage"},"image":{"@id":"https:\/\/www.naturalscience.org\/es\/temas\/microondas-y-comunicaciones-moviles\/dispositivos-de-comunicacion-movil\/#primaryimage"},"thumbnailUrl":"https:\/\/www.naturalscience.org\/wp-content\/uploads\/2022\/12\/AdobeStock_248319517-300x200.jpg","datePublished":"2015-09-16T16:04:22+00:00","dateModified":"2022-12-30T10:52:02+00:00","breadcrumb":{"@id":"https:\/\/www.naturalscience.org\/es\/temas\/microondas-y-comunicaciones-moviles\/dispositivos-de-comunicacion-movil\/#breadcrumb"},"inLanguage":"es","potentialAction":[{"@type":"ReadAction","target":["https:\/\/www.naturalscience.org\/es\/temas\/microondas-y-comunicaciones-moviles\/dispositivos-de-comunicacion-movil\/"]}]},{"@type":"ImageObject","inLanguage":"es","@id":"https:\/\/www.naturalscience.org\/es\/temas\/microondas-y-comunicaciones-moviles\/dispositivos-de-comunicacion-movil\/#primaryimage","url":"https:\/\/www.naturalscience.org\/wp-content\/uploads\/2022\/12\/AdobeStock_248319517-300x200.jpg","contentUrl":"https:\/\/www.naturalscience.org\/wp-content\/uploads\/2022\/12\/AdobeStock_248319517-300x200.jpg"},{"@type":"BreadcrumbList","@id":"https:\/\/www.naturalscience.org\/es\/temas\/microondas-y-comunicaciones-moviles\/dispositivos-de-comunicacion-movil\/#breadcrumb","itemListElement":[{"@type":"ListItem","position":1,"name":"Home","item":"https:\/\/www.naturalscience.org\/es\/"},{"@type":"ListItem","position":2,"name":"Temas","item":"https:\/\/www.naturalscience.org\/es\/temas\/"},{"@type":"ListItem","position":3,"name":"Microondas y Comunicaciones m\u00f3viles","item":"https:\/\/www.naturalscience.org\/es\/temas\/microondas-y-comunicaciones-moviles\/"},{"@type":"ListItem","position":4,"name":"Aparatos de comunicaci\u00f3n m\u00f3vil"}]},{"@type":"WebSite","@id":"https:\/\/www.naturalscience.org\/#website","url":"https:\/\/www.naturalscience.org\/","name":"The World Foundation for Natural Science","description":"Restoring and Healing the World through Responsibility and Commitment in accord with Natural and Divine Law!","potentialAction":[{"@type":"SearchAction","target":{"@type":"EntryPoint","urlTemplate":"https:\/\/www.naturalscience.org\/?s={search_term_string}"},"query-input":{"@type":"PropertyValueSpecification","valueRequired":true,"valueName":"search_term_string"}}],"inLanguage":"es"}]}},"_links":{"self":[{"href":"https:\/\/www.naturalscience.org\/es\/wp-json\/wp\/v2\/pages\/15411","targetHints":{"allow":["GET"]}}],"collection":[{"href":"https:\/\/www.naturalscience.org\/es\/wp-json\/wp\/v2\/pages"}],"about":[{"href":"https:\/\/www.naturalscience.org\/es\/wp-json\/wp\/v2\/types\/page"}],"author":[{"embeddable":true,"href":"https:\/\/www.naturalscience.org\/es\/wp-json\/wp\/v2\/users\/9"}],"replies":[{"embeddable":true,"href":"https:\/\/www.naturalscience.org\/es\/wp-json\/wp\/v2\/comments?post=15411"}],"version-history":[{"count":9,"href":"https:\/\/www.naturalscience.org\/es\/wp-json\/wp\/v2\/pages\/15411\/revisions"}],"predecessor-version":[{"id":38449,"href":"https:\/\/www.naturalscience.org\/es\/wp-json\/wp\/v2\/pages\/15411\/revisions\/38449"}],"up":[{"embeddable":true,"href":"https:\/\/www.naturalscience.org\/es\/wp-json\/wp\/v2\/pages\/15198"}],"wp:attachment":[{"href":"https:\/\/www.naturalscience.org\/es\/wp-json\/wp\/v2\/media?parent=15411"}],"wp:term":[{"taxonomy":"category","embeddable":true,"href":"https:\/\/www.naturalscience.org\/es\/wp-json\/wp\/v2\/categories?post=15411"}],"curies":[{"name":"wp","href":"https:\/\/api.w.org\/{rel}","templated":true}]}}