{"id":15410,"date":"2015-09-16T18:04:19","date_gmt":"2015-09-16T16:04:19","guid":{"rendered":"http:\/\/www.naturalscience.org\/es\/?page_id=15410"},"modified":"2022-12-30T14:02:27","modified_gmt":"2022-12-30T13:02:27","slug":"jovenes-y-moviles","status":"publish","type":"page","link":"https:\/\/www.naturalscience.org\/es\/temas\/microondas-y-comunicaciones-moviles\/jovenes-y-moviles\/","title":{"rendered":"J\u00f3venes y los tel\u00e9fonos m\u00f3viles"},"content":{"rendered":"<p><img loading=\"lazy\" decoding=\"async\" class=\" wp-image-9761 alignleft\" src=\"https:\/\/www.naturalscience.org\/wp-content\/uploads\/2014\/10\/Jugend-Handys-1-300x200.jpg\" alt=\"Jugend &amp; Handys\" width=\"266\" height=\"177\" srcset=\"https:\/\/www.naturalscience.org\/wp-content\/uploads\/2014\/10\/Jugend-Handys-1-300x200.jpg 300w, https:\/\/www.naturalscience.org\/wp-content\/uploads\/2014\/10\/Jugend-Handys-1-1024x682.jpg 1024w, https:\/\/www.naturalscience.org\/wp-content\/uploads\/2014\/10\/Jugend-Handys-1-200x133.jpg 200w, https:\/\/www.naturalscience.org\/wp-content\/uploads\/2014\/10\/Jugend-Handys-1-164x109.jpg 164w\" sizes=\"auto, (max-width: 266px) 100vw, 266px\" \/><\/p>\n<p>Aunque los tel\u00e9fonos celulares&nbsp; son convenientes, son cualquier cosa excepto inofensivos para la salud debido a su radiaci\u00f3n electromagn\u00e9tica. <strong>Los ni\u00f1os y adolescentes son especialmente susceptibles a la radiaci\u00f3n de microondas.<\/strong> Ellos tienen los huesos del cr\u00e1neo m\u00e1s delgados, y un sistema nervioso m\u00e1s sensible, un sistema inmunitario menos robusto y puesto que a\u00fan est\u00e1n en crecimiento tienen una tasa de divisi\u00f3n celular incrementada. Por eso el da\u00f1o celular causado por la radiaci\u00f3n se difunde mucho m\u00e1s r\u00e1pido en sus cuerpos.<\/p>\n<p><img loading=\"lazy\" decoding=\"async\" class=\"wp-image-9763 alignright\" src=\"https:\/\/www.naturalscience.org\/wp-content\/uploads\/2014\/10\/Jugend-Handys-2-256x300.jpg\" alt=\"J\u00f3venes y los tel\u00e9fonos m\u00f3viles\" width=\"186\" height=\"218\" srcset=\"https:\/\/www.naturalscience.org\/wp-content\/uploads\/2014\/10\/Jugend-Handys-2-256x300.jpg 256w, https:\/\/www.naturalscience.org\/wp-content\/uploads\/2014\/10\/Jugend-Handys-2-875x1024.jpg 875w, https:\/\/www.naturalscience.org\/wp-content\/uploads\/2014\/10\/Jugend-Handys-2-171x200.jpg 171w, https:\/\/www.naturalscience.org\/wp-content\/uploads\/2014\/10\/Jugend-Handys-2-140x164.jpg 140w\" sizes=\"auto, (max-width: 186px) 100vw, 186px\" \/><\/p>\n<p><strong>En el 2005&nbsp; La C\u00e1mara M\u00e9dica de Viena ya hab\u00eda sugerido que los ni\u00f1os menores de 16 a\u00f1os no deber\u00edan estar usando un tel\u00e9fono celular. <\/strong>La C\u00e1mara M\u00e9dica de Viena&nbsp; se uni\u00f3 a las recomendaciones de La Junta de Protecci\u00f3n Radiologica Nacional Brit\u00e1nica y a La Sociedad Danesa de C\u00e1ncer. Si a\u00fan no&nbsp; puedes convencer a tu hijo de estar sin un tel\u00e9fono celular, puedes pedir mayor informaci\u00f3n sobre el manejo de los tel\u00e9fonos celulares en nuestro <a href=\"https:\/\/www.naturalscience.org\/es\/publicaciones\/telefonia-movil-moviles-fuera\/\">folleto&nbsp;\u00abTelefon\u00eda m\u00f3vil&nbsp;&#8211;&nbsp;\u00a1M\u00f3viles fuera!\u00bb<\/a><\/p>\n\n            <div class=\"publication-list hide-for-print\">\r\n                <div class=\"row\">\r\n                    <div class=\"small-24 columns \">\r\n                        <div class=\"title\">Publicaciones<\/div>\r\n\r\n\t\t\t\t\t\t\t\t\t\t\t\t\t\r\n\r\n<article class=\"row collapse all publication-item microondas-y-comunicaciones-moviles jovenes-y-moviles dispositivos-de-comunicacion-moviles  brochure wfns\">\r\n\r\n\t<div class=\"cover medium-7 columns\">\r\n\t\t<a href=\"https:\/\/www.naturalscience.org\/es\/publicaciones\/atencion-radiacion-como-se-protege-usted-a-si-mismo-y-a-su-familia\/\">\r\n\t\t\t<img loading=\"lazy\" decoding=\"async\" src=\"https:\/\/www.naturalscience.org\/wp-content\/uploads\/2016\/07\/2016-07-18-WFNS-Brochure-Microwaves-SPANISH-Frontpicture-130x300.jpg\" width=\"130\" height=\"300\">\t\t<\/a>\r\n\t<\/div>\r\n\r\n\t<div class=\"text medium-17 columns\">\r\n\r\n\t\t<div class=\"type\">\r\n\t\t\tFolleto\t\t<\/div>\r\n\r\n\t\t<div class=\"name\">\r\n\t\t\t<a href=\"https:\/\/www.naturalscience.org\/es\/publicaciones\/atencion-radiacion-como-se-protege-usted-a-si-mismo-y-a-su-familia\/\">Precauci\u00f3n:&nbsp;\u00a1Radiaci\u00f3n! &#8211; Como protergerse usted mismo y a su familia<\/a>\r\n\t\t<\/div>\r\n\r\n\t\t<p class=\"description\">\r\n\t\t\t\t\t<\/p>\r\n\r\n\t\t<div class=\"buttons\">\r\n\t\t\t<div class=\"row collapse\">\r\n\t\t\t\t\t\t\t\t\t\t<div class=\"small-24 medium-8 columns\">\r\n\t\t\t\t\t\t\t<a href=\"https:\/\/www.naturalscience.org\/wp-content\/uploads\/2016\/07\/2016-07-18-WFNS-Brochure-Microwaves-SPANISH-WEB.pdf\" class=\"button radius primary small\" target=\"_blank\">\r\n\t\t\t\t\t\t\t\t<i class=\"fa fa-download\"><\/i>&nbsp;&nbsp;Descargar\t\t\t\t\t\t\t<\/a>\r\n\t\t\t\t\t\t<\/div>\r\n\t\t\t\t\t\r\n\t\t\t\t\t\t\t\t\t\t<div class=\"small-24 medium-16 columns\">\r\n\t\t\t\t\t\t<i class=\"fa fa-angle-right\"><\/i>\r\n\t\t\t\t\t\t<a href=\"https:\/\/www.naturalscience.org\/es\/publicaciones\/atencion-radiacion-como-se-protege-usted-a-si-mismo-y-a-su-familia\/\" class=\"further-information\">\r\n\t\t\t\t\t\t\tM\u00e1s informaci\u00f3n & idiomas\t\t\t\t\t\t<\/a>\r\n\t\t\t\t\t<\/div>\r\n\t\t\t\t\r\n\t\t\t\t\r\n\r\n\t\t\t<\/div>\r\n\t\t<\/div>\r\n\r\n\t<\/div>\r\n<\/article>\t\t\t\t\t\t\t\t\t\t\t\t\t\r\n\r\n<article class=\"row collapse all publication-item microondas-y-comunicaciones-moviles jovenes-y-moviles  brochure wfns\">\r\n\r\n\t<div class=\"cover medium-7 columns\">\r\n\t\t<a href=\"https:\/\/www.naturalscience.org\/es\/publicaciones\/telefonia-movil-moviles-fuera\/\">\r\n\t\t\t<img loading=\"lazy\" decoding=\"async\" src=\"https:\/\/www.naturalscience.org\/wp-content\/uploads\/2015\/01\/wfns_brochure_microwaves-youth_10-08_spanish-130x300.jpg\" width=\"130\" height=\"300\">\t\t<\/a>\r\n\t<\/div>\r\n\r\n\t<div class=\"text medium-17 columns\">\r\n\r\n\t\t<div class=\"type\">\r\n\t\t\tFolleto\t\t<\/div>\r\n\r\n\t\t<div class=\"name\">\r\n\t\t\t<a href=\"https:\/\/www.naturalscience.org\/es\/publicaciones\/telefonia-movil-moviles-fuera\/\">Telefon\u00eda m\u00f3vil &#8211;&nbsp;\u00a1M\u00f3viles fuera!<\/a>\r\n\t\t<\/div>\r\n\r\n\t\t<p class=\"description\">\r\n\t\t\t\t\t<\/p>\r\n\r\n\t\t<div class=\"buttons\">\r\n\t\t\t<div class=\"row collapse\">\r\n\t\t\t\t\t\t\t\t\t\t<div class=\"small-24 medium-8 columns\">\r\n\t\t\t\t\t\t\t<a href=\"https:\/\/www.naturalscience.org\/wp-content\/uploads\/2015\/01\/wfns_brochure_microwaves-youth_10-08_spanish.pdf\" class=\"button radius primary small\" target=\"_blank\">\r\n\t\t\t\t\t\t\t\t<i class=\"fa fa-download\"><\/i>&nbsp;&nbsp;Descargar\t\t\t\t\t\t\t<\/a>\r\n\t\t\t\t\t\t<\/div>\r\n\t\t\t\t\t\r\n\t\t\t\t\t\t\t\t\t\t<div class=\"small-24 medium-16 columns\">\r\n\t\t\t\t\t\t<i class=\"fa fa-angle-right\"><\/i>\r\n\t\t\t\t\t\t<a href=\"https:\/\/www.naturalscience.org\/es\/publicaciones\/telefonia-movil-moviles-fuera\/\" class=\"further-information\">\r\n\t\t\t\t\t\t\tM\u00e1s informaci\u00f3n & idiomas\t\t\t\t\t\t<\/a>\r\n\t\t\t\t\t<\/div>\r\n\t\t\t\t\r\n\t\t\t\t\r\n\r\n\t\t\t<\/div>\r\n\t\t<\/div>\r\n\r\n\t<\/div>\r\n<\/article>\t\t\t\t\t\t\t\t\t\t\t\t\r\n                    <\/div>\r\n                <\/div>\r\n            <\/div>\r\n\r\n\t\t\t\n","protected":false},"excerpt":{"rendered":"","protected":false},"author":9,"featured_media":0,"parent":15198,"menu_order":34,"comment_status":"closed","ping_status":"closed","template":"","meta":{"_acf_changed":false,"ngg_post_thumbnail":0,"footnotes":""},"categories":[178],"class_list":["post-15410","page","type-page","status-publish","hentry","category-jovenes-y-moviles","wpautop"],"acf":[],"yoast_head":"<!-- This site is optimized with the Yoast SEO plugin v27.3 - https:\/\/yoast.com\/product\/yoast-seo-wordpress\/ -->\n<title>J\u00f3venes y los tel\u00e9fonos m\u00f3viles - The World Foundation for Natural Science<\/title>\n<meta name=\"robots\" content=\"index, follow, max-snippet:-1, max-image-preview:large, max-video-preview:-1\" \/>\n<link rel=\"canonical\" href=\"https:\/\/www.naturalscience.org\/es\/temas\/microondas-y-comunicaciones-moviles\/jovenes-y-moviles\/\" \/>\n<meta name=\"twitter:label1\" content=\"Tiempo de lectura\" \/>\n\t<meta name=\"twitter:data1\" content=\"2 minutos\" \/>\n<script type=\"application\/ld+json\" class=\"yoast-schema-graph\">{\"@context\":\"https:\\\/\\\/schema.org\",\"@graph\":[{\"@type\":\"WebPage\",\"@id\":\"https:\\\/\\\/www.naturalscience.org\\\/es\\\/temas\\\/microondas-y-comunicaciones-moviles\\\/jovenes-y-moviles\\\/\",\"url\":\"https:\\\/\\\/www.naturalscience.org\\\/es\\\/temas\\\/microondas-y-comunicaciones-moviles\\\/jovenes-y-moviles\\\/\",\"name\":\"J\u00f3venes y los tel\u00e9fonos m\u00f3viles - The World Foundation for Natural Science\",\"isPartOf\":{\"@id\":\"https:\\\/\\\/www.naturalscience.org\\\/#website\"},\"primaryImageOfPage\":{\"@id\":\"https:\\\/\\\/www.naturalscience.org\\\/es\\\/temas\\\/microondas-y-comunicaciones-moviles\\\/jovenes-y-moviles\\\/#primaryimage\"},\"image\":{\"@id\":\"https:\\\/\\\/www.naturalscience.org\\\/es\\\/temas\\\/microondas-y-comunicaciones-moviles\\\/jovenes-y-moviles\\\/#primaryimage\"},\"thumbnailUrl\":\"https:\\\/\\\/www.naturalscience.org\\\/wp-content\\\/uploads\\\/2014\\\/10\\\/Jugend-Handys-1-300x200.jpg\",\"datePublished\":\"2015-09-16T16:04:19+00:00\",\"dateModified\":\"2022-12-30T13:02:27+00:00\",\"breadcrumb\":{\"@id\":\"https:\\\/\\\/www.naturalscience.org\\\/es\\\/temas\\\/microondas-y-comunicaciones-moviles\\\/jovenes-y-moviles\\\/#breadcrumb\"},\"inLanguage\":\"es\",\"potentialAction\":[{\"@type\":\"ReadAction\",\"target\":[\"https:\\\/\\\/www.naturalscience.org\\\/es\\\/temas\\\/microondas-y-comunicaciones-moviles\\\/jovenes-y-moviles\\\/\"]}]},{\"@type\":\"ImageObject\",\"inLanguage\":\"es\",\"@id\":\"https:\\\/\\\/www.naturalscience.org\\\/es\\\/temas\\\/microondas-y-comunicaciones-moviles\\\/jovenes-y-moviles\\\/#primaryimage\",\"url\":\"https:\\\/\\\/www.naturalscience.org\\\/wp-content\\\/uploads\\\/2014\\\/10\\\/Jugend-Handys-1-300x200.jpg\",\"contentUrl\":\"https:\\\/\\\/www.naturalscience.org\\\/wp-content\\\/uploads\\\/2014\\\/10\\\/Jugend-Handys-1-300x200.jpg\"},{\"@type\":\"BreadcrumbList\",\"@id\":\"https:\\\/\\\/www.naturalscience.org\\\/es\\\/temas\\\/microondas-y-comunicaciones-moviles\\\/jovenes-y-moviles\\\/#breadcrumb\",\"itemListElement\":[{\"@type\":\"ListItem\",\"position\":1,\"name\":\"Home\",\"item\":\"https:\\\/\\\/www.naturalscience.org\\\/es\\\/\"},{\"@type\":\"ListItem\",\"position\":2,\"name\":\"Temas\",\"item\":\"https:\\\/\\\/www.naturalscience.org\\\/es\\\/temas\\\/\"},{\"@type\":\"ListItem\",\"position\":3,\"name\":\"Microondas y Comunicaciones m\u00f3viles\",\"item\":\"https:\\\/\\\/www.naturalscience.org\\\/es\\\/temas\\\/microondas-y-comunicaciones-moviles\\\/\"},{\"@type\":\"ListItem\",\"position\":4,\"name\":\"J\u00f3venes y los tel\u00e9fonos m\u00f3viles\"}]},{\"@type\":\"WebSite\",\"@id\":\"https:\\\/\\\/www.naturalscience.org\\\/#website\",\"url\":\"https:\\\/\\\/www.naturalscience.org\\\/\",\"name\":\"The World Foundation for Natural Science\",\"description\":\"Restoring and Healing the World through Responsibility and Commitment in accord with Natural and Divine Law!\",\"potentialAction\":[{\"@type\":\"SearchAction\",\"target\":{\"@type\":\"EntryPoint\",\"urlTemplate\":\"https:\\\/\\\/www.naturalscience.org\\\/?s={search_term_string}\"},\"query-input\":{\"@type\":\"PropertyValueSpecification\",\"valueRequired\":true,\"valueName\":\"search_term_string\"}}],\"inLanguage\":\"es\"}]}<\/script>\n<!-- \/ Yoast SEO plugin. -->","yoast_head_json":{"title":"J\u00f3venes y los tel\u00e9fonos m\u00f3viles - The World Foundation for Natural Science","robots":{"index":"index","follow":"follow","max-snippet":"max-snippet:-1","max-image-preview":"max-image-preview:large","max-video-preview":"max-video-preview:-1"},"canonical":"https:\/\/www.naturalscience.org\/es\/temas\/microondas-y-comunicaciones-moviles\/jovenes-y-moviles\/","twitter_misc":{"Tiempo de lectura":"2 minutos"},"schema":{"@context":"https:\/\/schema.org","@graph":[{"@type":"WebPage","@id":"https:\/\/www.naturalscience.org\/es\/temas\/microondas-y-comunicaciones-moviles\/jovenes-y-moviles\/","url":"https:\/\/www.naturalscience.org\/es\/temas\/microondas-y-comunicaciones-moviles\/jovenes-y-moviles\/","name":"J\u00f3venes y los tel\u00e9fonos m\u00f3viles - The World Foundation for Natural Science","isPartOf":{"@id":"https:\/\/www.naturalscience.org\/#website"},"primaryImageOfPage":{"@id":"https:\/\/www.naturalscience.org\/es\/temas\/microondas-y-comunicaciones-moviles\/jovenes-y-moviles\/#primaryimage"},"image":{"@id":"https:\/\/www.naturalscience.org\/es\/temas\/microondas-y-comunicaciones-moviles\/jovenes-y-moviles\/#primaryimage"},"thumbnailUrl":"https:\/\/www.naturalscience.org\/wp-content\/uploads\/2014\/10\/Jugend-Handys-1-300x200.jpg","datePublished":"2015-09-16T16:04:19+00:00","dateModified":"2022-12-30T13:02:27+00:00","breadcrumb":{"@id":"https:\/\/www.naturalscience.org\/es\/temas\/microondas-y-comunicaciones-moviles\/jovenes-y-moviles\/#breadcrumb"},"inLanguage":"es","potentialAction":[{"@type":"ReadAction","target":["https:\/\/www.naturalscience.org\/es\/temas\/microondas-y-comunicaciones-moviles\/jovenes-y-moviles\/"]}]},{"@type":"ImageObject","inLanguage":"es","@id":"https:\/\/www.naturalscience.org\/es\/temas\/microondas-y-comunicaciones-moviles\/jovenes-y-moviles\/#primaryimage","url":"https:\/\/www.naturalscience.org\/wp-content\/uploads\/2014\/10\/Jugend-Handys-1-300x200.jpg","contentUrl":"https:\/\/www.naturalscience.org\/wp-content\/uploads\/2014\/10\/Jugend-Handys-1-300x200.jpg"},{"@type":"BreadcrumbList","@id":"https:\/\/www.naturalscience.org\/es\/temas\/microondas-y-comunicaciones-moviles\/jovenes-y-moviles\/#breadcrumb","itemListElement":[{"@type":"ListItem","position":1,"name":"Home","item":"https:\/\/www.naturalscience.org\/es\/"},{"@type":"ListItem","position":2,"name":"Temas","item":"https:\/\/www.naturalscience.org\/es\/temas\/"},{"@type":"ListItem","position":3,"name":"Microondas y Comunicaciones m\u00f3viles","item":"https:\/\/www.naturalscience.org\/es\/temas\/microondas-y-comunicaciones-moviles\/"},{"@type":"ListItem","position":4,"name":"J\u00f3venes y los tel\u00e9fonos m\u00f3viles"}]},{"@type":"WebSite","@id":"https:\/\/www.naturalscience.org\/#website","url":"https:\/\/www.naturalscience.org\/","name":"The World Foundation for Natural Science","description":"Restoring and Healing the World through Responsibility and Commitment in accord with Natural and Divine Law!","potentialAction":[{"@type":"SearchAction","target":{"@type":"EntryPoint","urlTemplate":"https:\/\/www.naturalscience.org\/?s={search_term_string}"},"query-input":{"@type":"PropertyValueSpecification","valueRequired":true,"valueName":"search_term_string"}}],"inLanguage":"es"}]}},"_links":{"self":[{"href":"https:\/\/www.naturalscience.org\/es\/wp-json\/wp\/v2\/pages\/15410","targetHints":{"allow":["GET"]}}],"collection":[{"href":"https:\/\/www.naturalscience.org\/es\/wp-json\/wp\/v2\/pages"}],"about":[{"href":"https:\/\/www.naturalscience.org\/es\/wp-json\/wp\/v2\/types\/page"}],"author":[{"embeddable":true,"href":"https:\/\/www.naturalscience.org\/es\/wp-json\/wp\/v2\/users\/9"}],"replies":[{"embeddable":true,"href":"https:\/\/www.naturalscience.org\/es\/wp-json\/wp\/v2\/comments?post=15410"}],"version-history":[{"count":11,"href":"https:\/\/www.naturalscience.org\/es\/wp-json\/wp\/v2\/pages\/15410\/revisions"}],"predecessor-version":[{"id":38501,"href":"https:\/\/www.naturalscience.org\/es\/wp-json\/wp\/v2\/pages\/15410\/revisions\/38501"}],"up":[{"embeddable":true,"href":"https:\/\/www.naturalscience.org\/es\/wp-json\/wp\/v2\/pages\/15198"}],"wp:attachment":[{"href":"https:\/\/www.naturalscience.org\/es\/wp-json\/wp\/v2\/media?parent=15410"}],"wp:term":[{"taxonomy":"category","embeddable":true,"href":"https:\/\/www.naturalscience.org\/es\/wp-json\/wp\/v2\/categories?post=15410"}],"curies":[{"name":"wp","href":"https:\/\/api.w.org\/{rel}","templated":true}]}}