{"id":15404,"date":"2015-09-16T17:57:31","date_gmt":"2015-09-16T15:57:31","guid":{"rendered":"http:\/\/www.naturalscience.org\/es\/?page_id=15404"},"modified":"2022-12-30T11:20:26","modified_gmt":"2022-12-30T10:20:26","slug":"internet-y-redes-sociales","status":"publish","type":"page","link":"https:\/\/www.naturalscience.org\/es\/temas\/salud\/internet-y-redes-sociales\/","title":{"rendered":"Internet y Redes Sociales"},"content":{"rendered":"<p><img loading=\"lazy\" decoding=\"async\" class=\"wp-image-38409 size-medium alignleft\" src=\"https:\/\/www.naturalscience.org\/wp-content\/uploads\/2022\/12\/Student-with-mobile-phone-300x200.jpg\" alt=\"\" width=\"300\" height=\"200\" srcset=\"https:\/\/www.naturalscience.org\/wp-content\/uploads\/2022\/12\/Student-with-mobile-phone-300x200.jpg 300w, https:\/\/www.naturalscience.org\/wp-content\/uploads\/2022\/12\/Student-with-mobile-phone-1024x683.jpg 1024w, https:\/\/www.naturalscience.org\/wp-content\/uploads\/2022\/12\/Student-with-mobile-phone-768x512.jpg 768w, https:\/\/www.naturalscience.org\/wp-content\/uploads\/2022\/12\/Student-with-mobile-phone-1536x1024.jpg 1536w, https:\/\/www.naturalscience.org\/wp-content\/uploads\/2022\/12\/Student-with-mobile-phone-2048x1365.jpg 2048w, https:\/\/www.naturalscience.org\/wp-content\/uploads\/2022\/12\/Student-with-mobile-phone-164x109.jpg 164w, https:\/\/www.naturalscience.org\/wp-content\/uploads\/2022\/12\/Student-with-mobile-phone-400x267.jpg 400w, https:\/\/www.naturalscience.org\/wp-content\/uploads\/2022\/12\/Student-with-mobile-phone-500x333.jpg 500w\" sizes=\"auto, (max-width: 300px) 100vw, 300px\" \/><\/p>\n<p>\u00bfhubi\u00e9semos podido imaginar Hace veinte a\u00f1os &nbsp;que un d\u00eda existiese la posibilidad de ser contactados en cualquier lugar y a cualquier hora? Aquellos que entonces eran &nbsp;sue\u00f1os lejanos del futuro son hoy una realidad. Noventa y tres por ciento de los adultos brit\u00e1nicos usan un equipo m\u00f3vil, mientras que en los EE.UU. el n\u00famero de usuarios de estos equipos representa un noventa por ciento. En los &nbsp;estadounidenses con edades comprendidas entre 18 y 29 a\u00f1os, esta cifra aumenta a un alarmante &nbsp;noventa y ocho por ciento los que poseen un tel\u00e9fono celular.<\/p>\n<p>Las redes sociales est\u00e1n en auge como nunca antes &#8211; y los usuarios son cada vez m\u00e1s j\u00f3venes. <strong>Cuatro de cada cinco adolescentes tienen al menos una cuenta en una&nbsp;\u00abRed Social\u00bb.<\/strong> Pr\u00e1cticamente todos los adolescentes posee un Smartphone y por lo tanto tiene acceso al amplio mundo del Internet, donde sea que &nbsp;\u00e9l o ella est\u00e9n. Sin embargo lo que muy pocos saben es que el internet &nbsp;nunca fue pensado para el p\u00fablico en general. <strong>Originalmente, la World Wide Web fue desarrollada y programada por el ej\u00e9rcito estadounidense durante la Guerra Fr\u00eda.<\/strong> Sin embargo, hoy dejamos que los ni\u00f1os jueguen un rato con \u00e9l, sin cuidado y, a menudo sin ning\u00fan tipo de supervisi\u00f3n.<\/p>\n<div class=\"content-box green-1 width-60 right\">\n<div class=\"content-box-title\">Consejos pr\u00e1cticos sobre c\u00f3mo tratar con el internet y los medios sociales:<\/div>\n<div class=\"content-box-body\">\n<ul>\n<li>Hable con su hijo acerca de la Internet y su lado&nbsp;\u00aboscuro\u00bb. El uso responsable del Internet y redes sociales s\u00f3lo puede lograrse si el ni\u00f1o sabe en lo que \u00e9l o ella se est\u00e1 involucrando.<\/li>\n<li>Proteja a su hijo en Internet (seg\u00fan la edad); ofr\u00e9zcale ayuda. No le deje a \u00e9l o a ella sin supervisi\u00f3n a pesar de no que est\u00e9n felices por esto&nbsp;&#8230; <span class=\"more\"><i class=\"fa fa-angle-right \" ><\/i> <a title=\"C\u00f3mo ayudar a su hijo con el manejo de la Internet y las redes sociales\" href=\"https:\/\/www.naturalscience.org\/es\/temas\/salud\/internet-y-redes-sociales\/como-ayudar-a-su-hijo-con-el-manejo-de-la-internet-y-las-redes-sociales\/\">m\u00e1s<\/a><\/span><\/li>\n<\/ul>\n<\/div>\n<\/div>\n<p>Imagine una ciudad con bibliotecas, restaurantes, cines y parques donde la gente se re\u00fanen y socializan. Pero tambi\u00e9n hay distritos de luz roja, zonas de alta criminalidad, lugares para adictos a las drogas y otras \u00e1reas&nbsp;\u00abprohibidas\u00bb.&nbsp;\u00bfTambi\u00e9n Dejar\u00edas a tu hijo deambular solo en esta ciudad? Ciertamente no. Sin embargo la Internet de hoy en d\u00eda se ha convertido exactamente en como esa clase de ciudad con sitios de&nbsp;\u00abbuenos\u00bb y&nbsp;\u00abmalos\u00bb.<\/p>\n<p>Las ganancias en el Internet rondan los miles de millones; esa es una raz\u00f3n por la que la industria de Internet se enfoca en ni\u00f1os, ni\u00f1as y adolescentes. Aquellos que desde una edad temprana, crecen con una marca, una red social y con acceso a Internet seguir\u00e1 siendo &nbsp;por toda la vida leal- o adicto! Muchos usuarios no son conscientes del hecho que si algo es gratis, usted &nbsp;no es el cliente sino que se convierte en el producto.<strong> En cuanto a las redes sociales lo que les interesa es vender nuestra privacidad &#8211; nuestra vida &#8211; y nuestra libertad personal.<\/strong><\/p>\n<p><strong>Para un desarrollo saludable, los ni\u00f1os necesitan un ambiente intacto que transmita a ellos valores como la unidad de la familia, la amistad verdadera, la moral, la integridad y sobre todo el amor y un sentimiento de seguridad.<\/strong> Por desgracia, estos atributos dif\u00edcilmente se pueden encontrar en las as\u00ed conocidas&nbsp;\u00abredes sociales\u00bb y son cada vez m\u00e1s escasos &nbsp;en nuestra sociedad.<\/p>\n<p>The World Foundation for Natural Science informa a los padres, maestros, adultos y especialmente a los ni\u00f1os, ni\u00f1as y adolescentes sobre los peligros de Internet y las redes sociales y tambi\u00e9n explica c\u00f3mo este nuevo medio se puede utilizar con sentido com\u00fan y responsabilidad.<\/p>\n\n            <div class=\"publication-list hide-for-print\">\r\n                <div class=\"row\">\r\n                    <div class=\"small-24 columns \">\r\n                        <div class=\"title\">Publicaciones<\/div>\r\n\r\n\t\t\t\t\t\t\t\t\t\t\t\t\t\r\n\r\n<article class=\"row collapse all publication-item salud internet-y-redes-sociales fumar  film wfns\">\r\n\r\n\t<div class=\"cover medium-7 columns\">\r\n\t\t<a href=\"https:\/\/www.naturalscience.org\/es\/publicaciones\/parte-1-la-adiccion-y-como-se-desarrolla\/\">\r\n\t\t\t<img loading=\"lazy\" decoding=\"async\" src=\"https:\/\/www.naturalscience.org\/wp-content\/uploads\/2019\/02\/KY-Addiction-I-300x169.jpg\" width=\"300\" height=\"169\">\t\t<\/a>\r\n\t<\/div>\r\n\r\n\t<div class=\"text medium-17 columns\">\r\n\r\n\t\t<div class=\"type\">\r\n\t\t\tFilm\t\t<\/div>\r\n\r\n\t\t<div class=\"name\">\r\n\t\t\t<a href=\"https:\/\/www.naturalscience.org\/es\/publicaciones\/parte-1-la-adiccion-y-como-se-desarrolla\/\">Parte 1: La Adicci\u00f3n y C\u00f3mo se Desarrolla<\/a>\r\n\t\t<\/div>\r\n\r\n\t\t<p class=\"description\">\r\n\t\t\tAunque las adicciones pueden diferir considerablemente desde el alcohol y las drogas, a la adicci\u00f3n a la Internet, uno puede encontrar or\u00edgenes comunes. Desde el punto de vista biol\u00f3gico como psicosocial, existen factores que apoyan el desarrollo de la adicci\u00f3n y aquellos que protegen contra \u00e9sta. S\u00f3lo un entendimiento de estos factores nos faculta para evitar los trastornos adictivos o para encargarnos adecuadamente de aquellas personas afectadas.\t\t<\/p>\r\n\r\n\t\t<div class=\"buttons\">\r\n\t\t\t<div class=\"row collapse\">\r\n\t\t\t\t\t\t\t\t\t<div class=\"small-24 medium-9 columns\">\r\n\t\t\t\t\t\t<a href=\"https:\/\/www.naturalscience.org\/es\/publicaciones\/parte-1-la-adiccion-y-como-se-desarrolla\/\" class=\"button radius primary small\">\r\n\t\t\t\t\t\t\t<i class=\"fa fa-play\"><\/i>&nbsp;&nbsp;Watch film\t\t\t\t\t\t<\/a>\r\n\t\t\t\t\t<\/div>\r\n\t\t\t\t\r\n\r\n\t\t\t<\/div>\r\n\t\t<\/div>\r\n\r\n\t<\/div>\r\n<\/article>\t\t\t\t\t\t\t\t\t\t\t\t\t\r\n\r\n<article class=\"row collapse all publication-item salud internet-y-redes-sociales  film wfns\">\r\n\r\n\t<div class=\"cover medium-7 columns\">\r\n\t\t<a href=\"https:\/\/www.naturalscience.org\/es\/publicaciones\/las-redes-sociales-lo-son-realmente\/\">\r\n\t\t\t<img loading=\"lazy\" decoding=\"async\" src=\"https:\/\/www.naturalscience.org\/wp-content\/uploads\/2019\/02\/03thumblongE-300x169.jpg\" width=\"300\" height=\"169\">\t\t<\/a>\r\n\t<\/div>\r\n\r\n\t<div class=\"text medium-17 columns\">\r\n\r\n\t\t<div class=\"type\">\r\n\t\t\tFilm\t\t<\/div>\r\n\r\n\t\t<div class=\"name\">\r\n\t\t\t<a href=\"https:\/\/www.naturalscience.org\/es\/publicaciones\/las-redes-sociales-lo-son-realmente\/\">Las Redes Sociales&nbsp;\u00bfLo son Realmente?<\/a>\r\n\t\t<\/div>\r\n\r\n\t\t<p class=\"description\">\r\n\t\t\tEl hombre es un ser social por su propia naturaleza, y la mayor\u00eda de nosotros florecemos cuando cultivamos las amistades. En estos d\u00edas, sin embargo, con el frenes\u00ed de las \u2018redes sociales\u2019 al haberse convertido tan populares a nivel mundial y al inundar nuestras vidas de una forma enfermiza, las Redes Sociales silenciosamente han remplazado la satisfacci\u00f3n de la necesidad de un sentido de pertenencia\u2014 as\u00ed parece. Pero bajo ninguna circunstancia pueden estas relaciones virtuales remplazar el contacto humano directo. Todas la redes sociales interfieren profundamente en nuestras vidas. Gradualmente, nuestra percepci\u00f3n natural de la vida se desvanece y nuestro discernimiento se contamina, desconectando a los usuarios de la aut\u00e9ntica vida real para darle prioridad a la realidad virtual antinatural y nada saludable.\t\t<\/p>\r\n\r\n\t\t<div class=\"buttons\">\r\n\t\t\t<div class=\"row collapse\">\r\n\t\t\t\t\t\t\t\t\t<div class=\"small-24 medium-9 columns\">\r\n\t\t\t\t\t\t<a href=\"https:\/\/www.naturalscience.org\/es\/publicaciones\/las-redes-sociales-lo-son-realmente\/\" class=\"button radius primary small\">\r\n\t\t\t\t\t\t\t<i class=\"fa fa-play\"><\/i>&nbsp;&nbsp;Watch film\t\t\t\t\t\t<\/a>\r\n\t\t\t\t\t<\/div>\r\n\t\t\t\t\r\n\r\n\t\t\t<\/div>\r\n\t\t<\/div>\r\n\r\n\t<\/div>\r\n<\/article>\t\t\t\t\t\t\t\t\t\t\t\t\t\r\n\r\n<article class=\"row collapse all publication-item salud internet-y-redes-sociales  brochure wfns\">\r\n\r\n\t<div class=\"cover medium-7 columns\">\r\n\t\t<a href=\"https:\/\/www.naturalscience.org\/es\/publicaciones\/internet-y-los-medios-sociales-guia-para-padres-e-hijos\/\">\r\n\t\t\t<img loading=\"lazy\" decoding=\"async\" src=\"https:\/\/www.naturalscience.org\/wp-content\/uploads\/2016\/07\/2016-07-19-WFNS-Brochure-Social-Media-SPANISH-Frontpicture-130x300.jpg\" width=\"130\" height=\"300\">\t\t<\/a>\r\n\t<\/div>\r\n\r\n\t<div class=\"text medium-17 columns\">\r\n\r\n\t\t<div class=\"type\">\r\n\t\t\tFolleto\t\t<\/div>\r\n\r\n\t\t<div class=\"name\">\r\n\t\t\t<a href=\"https:\/\/www.naturalscience.org\/es\/publicaciones\/internet-y-los-medios-sociales-guia-para-padres-e-hijos\/\">Internet y las Redes Sociales &#8211; Gu\u00eda para padres e hijos<\/a>\r\n\t\t<\/div>\r\n\r\n\t\t<p class=\"description\">\r\n\t\t\t\t\t<\/p>\r\n\r\n\t\t<div class=\"buttons\">\r\n\t\t\t<div class=\"row collapse\">\r\n\t\t\t\t\t\t\t\t\t\t<div class=\"small-24 medium-8 columns\">\r\n\t\t\t\t\t\t\t<a href=\"https:\/\/www.naturalscience.org\/wp-content\/uploads\/2016\/07\/2016-07-19-WFNS-Brochure-Social-Media-SPANISH-WEB.pdf\" class=\"button radius primary small\" target=\"_blank\">\r\n\t\t\t\t\t\t\t\t<i class=\"fa fa-download\"><\/i>&nbsp;&nbsp;Descargar\t\t\t\t\t\t\t<\/a>\r\n\t\t\t\t\t\t<\/div>\r\n\t\t\t\t\t\r\n\t\t\t\t\t\t\t\t\t\t<div class=\"small-24 medium-16 columns\">\r\n\t\t\t\t\t\t<i class=\"fa fa-angle-right\"><\/i>\r\n\t\t\t\t\t\t<a href=\"https:\/\/www.naturalscience.org\/es\/publicaciones\/internet-y-los-medios-sociales-guia-para-padres-e-hijos\/\" class=\"further-information\">\r\n\t\t\t\t\t\t\tM\u00e1s informaci\u00f3n & idiomas\t\t\t\t\t\t<\/a>\r\n\t\t\t\t\t<\/div>\r\n\t\t\t\t\r\n\t\t\t\t\r\n\r\n\t\t\t<\/div>\r\n\t\t<\/div>\r\n\r\n\t<\/div>\r\n<\/article>\t\t\t\t\t\t\t\t\t\t\t\t\r\n                    <\/div>\r\n                <\/div>\r\n            <\/div>\r\n\r\n\t\t\t\n","protected":false},"excerpt":{"rendered":"","protected":false},"author":9,"featured_media":0,"parent":15189,"menu_order":43,"comment_status":"closed","ping_status":"closed","template":"","meta":{"_acf_changed":false,"ngg_post_thumbnail":0,"footnotes":""},"categories":[185],"class_list":["post-15404","page","type-page","status-publish","hentry","category-internet-y-redes-sociales","wpautop"],"acf":[],"yoast_head":"<!-- This site is optimized with the Yoast SEO plugin v27.5 - https:\/\/yoast.com\/product\/yoast-seo-wordpress\/ -->\n<title>Internet y Redes Sociales - The World Foundation for Natural Science<\/title>\n<meta name=\"robots\" content=\"index, follow, max-snippet:-1, max-image-preview:large, max-video-preview:-1\" \/>\n<link rel=\"canonical\" href=\"https:\/\/www.naturalscience.org\/es\/temas\/salud\/internet-y-redes-sociales\/\" \/>\n<meta name=\"twitter:label1\" content=\"Tiempo de lectura\" \/>\n\t<meta name=\"twitter:data1\" content=\"3 minutos\" \/>\n<script type=\"application\/ld+json\" class=\"yoast-schema-graph\">{\"@context\":\"https:\\\/\\\/schema.org\",\"@graph\":[{\"@type\":\"WebPage\",\"@id\":\"https:\\\/\\\/www.naturalscience.org\\\/es\\\/temas\\\/salud\\\/internet-y-redes-sociales\\\/\",\"url\":\"https:\\\/\\\/www.naturalscience.org\\\/es\\\/temas\\\/salud\\\/internet-y-redes-sociales\\\/\",\"name\":\"Internet y Redes Sociales - The World Foundation for Natural Science\",\"isPartOf\":{\"@id\":\"https:\\\/\\\/www.naturalscience.org\\\/#website\"},\"primaryImageOfPage\":{\"@id\":\"https:\\\/\\\/www.naturalscience.org\\\/es\\\/temas\\\/salud\\\/internet-y-redes-sociales\\\/#primaryimage\"},\"image\":{\"@id\":\"https:\\\/\\\/www.naturalscience.org\\\/es\\\/temas\\\/salud\\\/internet-y-redes-sociales\\\/#primaryimage\"},\"thumbnailUrl\":\"https:\\\/\\\/www.naturalscience.org\\\/wp-content\\\/uploads\\\/2022\\\/12\\\/Student-with-mobile-phone-300x200.jpg\",\"datePublished\":\"2015-09-16T15:57:31+00:00\",\"dateModified\":\"2022-12-30T10:20:26+00:00\",\"breadcrumb\":{\"@id\":\"https:\\\/\\\/www.naturalscience.org\\\/es\\\/temas\\\/salud\\\/internet-y-redes-sociales\\\/#breadcrumb\"},\"inLanguage\":\"es\",\"potentialAction\":[{\"@type\":\"ReadAction\",\"target\":[\"https:\\\/\\\/www.naturalscience.org\\\/es\\\/temas\\\/salud\\\/internet-y-redes-sociales\\\/\"]}]},{\"@type\":\"ImageObject\",\"inLanguage\":\"es\",\"@id\":\"https:\\\/\\\/www.naturalscience.org\\\/es\\\/temas\\\/salud\\\/internet-y-redes-sociales\\\/#primaryimage\",\"url\":\"https:\\\/\\\/www.naturalscience.org\\\/wp-content\\\/uploads\\\/2022\\\/12\\\/Student-with-mobile-phone-300x200.jpg\",\"contentUrl\":\"https:\\\/\\\/www.naturalscience.org\\\/wp-content\\\/uploads\\\/2022\\\/12\\\/Student-with-mobile-phone-300x200.jpg\"},{\"@type\":\"BreadcrumbList\",\"@id\":\"https:\\\/\\\/www.naturalscience.org\\\/es\\\/temas\\\/salud\\\/internet-y-redes-sociales\\\/#breadcrumb\",\"itemListElement\":[{\"@type\":\"ListItem\",\"position\":1,\"name\":\"Home\",\"item\":\"https:\\\/\\\/www.naturalscience.org\\\/es\\\/\"},{\"@type\":\"ListItem\",\"position\":2,\"name\":\"Temas\",\"item\":\"https:\\\/\\\/www.naturalscience.org\\\/es\\\/temas\\\/\"},{\"@type\":\"ListItem\",\"position\":3,\"name\":\"Salud\",\"item\":\"https:\\\/\\\/www.naturalscience.org\\\/cs\\\/temas\\\/salud\\\/\"},{\"@type\":\"ListItem\",\"position\":4,\"name\":\"Internet y Redes Sociales\"}]},{\"@type\":\"WebSite\",\"@id\":\"https:\\\/\\\/www.naturalscience.org\\\/#website\",\"url\":\"https:\\\/\\\/www.naturalscience.org\\\/\",\"name\":\"The World Foundation for Natural Science\",\"description\":\"Restoring and Healing the World through Responsibility and Commitment in accord with Natural and Divine Law!\",\"potentialAction\":[{\"@type\":\"SearchAction\",\"target\":{\"@type\":\"EntryPoint\",\"urlTemplate\":\"https:\\\/\\\/www.naturalscience.org\\\/?s={search_term_string}\"},\"query-input\":{\"@type\":\"PropertyValueSpecification\",\"valueRequired\":true,\"valueName\":\"search_term_string\"}}],\"inLanguage\":\"es\"}]}<\/script>\n<!-- \/ Yoast SEO plugin. -->","yoast_head_json":{"title":"Internet y Redes Sociales - The World Foundation for Natural Science","robots":{"index":"index","follow":"follow","max-snippet":"max-snippet:-1","max-image-preview":"max-image-preview:large","max-video-preview":"max-video-preview:-1"},"canonical":"https:\/\/www.naturalscience.org\/es\/temas\/salud\/internet-y-redes-sociales\/","twitter_misc":{"Tiempo de lectura":"3 minutos"},"schema":{"@context":"https:\/\/schema.org","@graph":[{"@type":"WebPage","@id":"https:\/\/www.naturalscience.org\/es\/temas\/salud\/internet-y-redes-sociales\/","url":"https:\/\/www.naturalscience.org\/es\/temas\/salud\/internet-y-redes-sociales\/","name":"Internet y Redes Sociales - The World Foundation for Natural Science","isPartOf":{"@id":"https:\/\/www.naturalscience.org\/#website"},"primaryImageOfPage":{"@id":"https:\/\/www.naturalscience.org\/es\/temas\/salud\/internet-y-redes-sociales\/#primaryimage"},"image":{"@id":"https:\/\/www.naturalscience.org\/es\/temas\/salud\/internet-y-redes-sociales\/#primaryimage"},"thumbnailUrl":"https:\/\/www.naturalscience.org\/wp-content\/uploads\/2022\/12\/Student-with-mobile-phone-300x200.jpg","datePublished":"2015-09-16T15:57:31+00:00","dateModified":"2022-12-30T10:20:26+00:00","breadcrumb":{"@id":"https:\/\/www.naturalscience.org\/es\/temas\/salud\/internet-y-redes-sociales\/#breadcrumb"},"inLanguage":"es","potentialAction":[{"@type":"ReadAction","target":["https:\/\/www.naturalscience.org\/es\/temas\/salud\/internet-y-redes-sociales\/"]}]},{"@type":"ImageObject","inLanguage":"es","@id":"https:\/\/www.naturalscience.org\/es\/temas\/salud\/internet-y-redes-sociales\/#primaryimage","url":"https:\/\/www.naturalscience.org\/wp-content\/uploads\/2022\/12\/Student-with-mobile-phone-300x200.jpg","contentUrl":"https:\/\/www.naturalscience.org\/wp-content\/uploads\/2022\/12\/Student-with-mobile-phone-300x200.jpg"},{"@type":"BreadcrumbList","@id":"https:\/\/www.naturalscience.org\/es\/temas\/salud\/internet-y-redes-sociales\/#breadcrumb","itemListElement":[{"@type":"ListItem","position":1,"name":"Home","item":"https:\/\/www.naturalscience.org\/es\/"},{"@type":"ListItem","position":2,"name":"Temas","item":"https:\/\/www.naturalscience.org\/es\/temas\/"},{"@type":"ListItem","position":3,"name":"Salud","item":"https:\/\/www.naturalscience.org\/cs\/temas\/salud\/"},{"@type":"ListItem","position":4,"name":"Internet y Redes Sociales"}]},{"@type":"WebSite","@id":"https:\/\/www.naturalscience.org\/#website","url":"https:\/\/www.naturalscience.org\/","name":"The World Foundation for Natural Science","description":"Restoring and Healing the World through Responsibility and Commitment in accord with Natural and Divine Law!","potentialAction":[{"@type":"SearchAction","target":{"@type":"EntryPoint","urlTemplate":"https:\/\/www.naturalscience.org\/?s={search_term_string}"},"query-input":{"@type":"PropertyValueSpecification","valueRequired":true,"valueName":"search_term_string"}}],"inLanguage":"es"}]}},"_links":{"self":[{"href":"https:\/\/www.naturalscience.org\/es\/wp-json\/wp\/v2\/pages\/15404","targetHints":{"allow":["GET"]}}],"collection":[{"href":"https:\/\/www.naturalscience.org\/es\/wp-json\/wp\/v2\/pages"}],"about":[{"href":"https:\/\/www.naturalscience.org\/es\/wp-json\/wp\/v2\/types\/page"}],"author":[{"embeddable":true,"href":"https:\/\/www.naturalscience.org\/es\/wp-json\/wp\/v2\/users\/9"}],"replies":[{"embeddable":true,"href":"https:\/\/www.naturalscience.org\/es\/wp-json\/wp\/v2\/comments?post=15404"}],"version-history":[{"count":11,"href":"https:\/\/www.naturalscience.org\/es\/wp-json\/wp\/v2\/pages\/15404\/revisions"}],"predecessor-version":[{"id":38419,"href":"https:\/\/www.naturalscience.org\/es\/wp-json\/wp\/v2\/pages\/15404\/revisions\/38419"}],"up":[{"embeddable":true,"href":"https:\/\/www.naturalscience.org\/es\/wp-json\/wp\/v2\/pages\/15189"}],"wp:attachment":[{"href":"https:\/\/www.naturalscience.org\/es\/wp-json\/wp\/v2\/media?parent=15404"}],"wp:term":[{"taxonomy":"category","embeddable":true,"href":"https:\/\/www.naturalscience.org\/es\/wp-json\/wp\/v2\/categories?post=15404"}],"curies":[{"name":"wp","href":"https:\/\/api.w.org\/{rel}","templated":true}]}}