{"id":15402,"date":"2015-09-16T17:54:45","date_gmt":"2015-09-16T15:54:45","guid":{"rendered":"http:\/\/www.naturalscience.org\/es\/?page_id=15402"},"modified":"2022-12-30T11:06:32","modified_gmt":"2022-12-30T10:06:32","slug":"el-parto-natural","status":"publish","type":"page","link":"https:\/\/www.naturalscience.org\/es\/temas\/salud\/el-parto-natural\/","title":{"rendered":"El parto natural"},"content":{"rendered":"<p><img loading=\"lazy\" decoding=\"async\" class=\"alignright wp-image-9346\" src=\"https:\/\/www.naturalscience.org\/wp-content\/uploads\/2014\/09\/Nat\u00fcrliche-Geburt-2-300x300.jpg\" alt=\"Nat\u00fcrliche Geburt\" width=\"211\" height=\"212\" srcset=\"https:\/\/www.naturalscience.org\/wp-content\/uploads\/2014\/09\/Nat\u00fcrliche-Geburt-2-300x300.jpg 300w, https:\/\/www.naturalscience.org\/wp-content\/uploads\/2014\/09\/Nat\u00fcrliche-Geburt-2-164x164.jpg 164w, https:\/\/www.naturalscience.org\/wp-content\/uploads\/2014\/09\/Nat\u00fcrliche-Geburt-2-1024x1024.jpg 1024w, https:\/\/www.naturalscience.org\/wp-content\/uploads\/2014\/09\/Nat\u00fcrliche-Geburt-2-200x200.jpg 200w\" sizes=\"auto, (max-width: 211px) 100vw, 211px\" \/>El parto moderno se ha convertido en&nbsp; una medicina de la obstetricia, controlada con una supervisi\u00f3n t\u00e9cnica y m\u00e9dica excesiva. El proceso natural del embarazo y el parto est\u00e1 siendo sobre manipulado por estas intervenciones que en su mayor\u00eda son innecesarias.<\/p>\n<p><strong>Debido al temor y la impaciencia, a menudo se provocan complicaciones que hacen que el proceso del parto sea riesgoso<\/strong> y d\u00e9 la impresi\u00f3n de que el nacimiento de un beb\u00e9 es algo peligroso. <strong>En consecuencia, hoy un tercio de los nacimientos (en algunos pa\u00edses incluso dos tercios de los nacimientos) terminan en ces\u00e1rea, el m\u00e1s riesgoso de todos los tipos de partos.<\/strong><\/p>\n<div class=\"content-box green-1 width-40 left\">\n<div class=\"content-box-title\">Consejos Pr\u00e1cticos para un parto natural:<\/div>\n<div class=\"content-box-body\">\n<ul>\n<li>Al comienzo de su embarazo vaya a ver una partera con experiencia, que pueda acompa\u00f1arla durante el embarazo, que la ayude a prepararse para el nacimiento y referirla a un ginec\u00f3logo, si es necesario.<\/li>\n<li>Exija que las pruebas de ultrasonido solo se usen si las indicaciones lo requieren&#8230; <span class=\"more\"><i class=\"fa fa-angle-right \" ><\/i>&nbsp;<a title=\"Lo que puedes hacer para un Parto Natural\" href=\"https:\/\/www.naturalscience.org\/es\/temas\/salud\/el-parto-natural\/lo-que-puedes-hacer-para-un-parto-natural\/\">m\u00e1s<\/a><\/span><\/li>\n<\/ul>\n<\/div>\n<\/div>\n<p>Durante el embarazo, los padres y sus hijos deben estar acompa\u00f1ados de amor y confianza,&nbsp; preparados para el nacimiento y contar con el apoyo de parteras y comadronas&nbsp; competentes durante el proceso del nacimiento. La capacidad natural para el parto de la madre y de&nbsp;su hijo debe ser re-impulsada, reforzada&nbsp; y respetada en todo momento. De esta manera, es posible un nacimiento natural armonioso, generando un efecto constructivo para toda la vida.<\/p>\n<p><strong>Los \u00faltimos descubrimientos en la ciencia del comportamiento, la neurobiolog\u00eda y la investigaci\u00f3n cerebral muestran que el parto natural es una parte esencial para el lazo entre padres e hijos.<\/strong> Especialmente los procesos de uni\u00f3n entre la madre y el ni\u00f1o durante y despu\u00e9s del parto vaginal, son de suma importancia para el desarrollo de la funci\u00f3n de la conexi\u00f3n coraz\u00f3n-cerebro&nbsp; del reci\u00e9n nacido, as\u00ed como para el aprendizaje permanente y su inteligencia. <strong>Se inicia la fundaci\u00f3n para para un&nbsp; sistema inmunitario fuerte as\u00ed como tambi\u00e9n la salud f\u00edsica y mental del ser humano.<\/strong><\/p>\n<p>The World Foundation for Natural Science realiza peri\u00f3dicamente conferencias o seminarios sobre el tema del&nbsp;\u00abparto natural\u00bb. Puede encontrar anuncios actualizados en nuestro <a href=\"https:\/\/www.naturalscience.org\/es\/calendario-de-eventos\/\">calendario de eventos<\/a>.<\/p>\n\n\n","protected":false},"excerpt":{"rendered":"El parto moderno se ha convertido en&nbsp; una medicina de la obstetricia, controlada con una supervisi\u00f3n t\u00e9cnica y m\u00e9dica excesiva. El proceso natural del embarazo y el parto est\u00e1 siendo sobre manipulado por estas intervenciones que en su mayor\u00eda son innecesarias. Debido al temor y la impaciencia, a menudo se provocan complicaciones que hacen que [&hellip;]","protected":false},"author":9,"featured_media":0,"parent":15189,"menu_order":18,"comment_status":"closed","ping_status":"closed","template":"","meta":{"_acf_changed":false,"ngg_post_thumbnail":0,"footnotes":""},"categories":[187],"class_list":["post-15402","page","type-page","status-publish","hentry","category-nacimiento-natural-es","wpautop"],"acf":[],"yoast_head":"<!-- This site is optimized with the Yoast SEO plugin v27.5 - https:\/\/yoast.com\/product\/yoast-seo-wordpress\/ -->\n<title>El parto natural - The World Foundation for Natural Science<\/title>\n<meta name=\"robots\" content=\"index, follow, max-snippet:-1, max-image-preview:large, max-video-preview:-1\" \/>\n<link rel=\"canonical\" href=\"https:\/\/www.naturalscience.org\/es\/temas\/salud\/el-parto-natural\/\" \/>\n<meta name=\"twitter:label1\" content=\"Tiempo de lectura\" \/>\n\t<meta name=\"twitter:data1\" content=\"2 minutos\" \/>\n<script type=\"application\/ld+json\" class=\"yoast-schema-graph\">{\"@context\":\"https:\\\/\\\/schema.org\",\"@graph\":[{\"@type\":\"WebPage\",\"@id\":\"https:\\\/\\\/www.naturalscience.org\\\/es\\\/temas\\\/salud\\\/el-parto-natural\\\/\",\"url\":\"https:\\\/\\\/www.naturalscience.org\\\/es\\\/temas\\\/salud\\\/el-parto-natural\\\/\",\"name\":\"El parto natural - The World Foundation for Natural Science\",\"isPartOf\":{\"@id\":\"https:\\\/\\\/www.naturalscience.org\\\/#website\"},\"datePublished\":\"2015-09-16T15:54:45+00:00\",\"dateModified\":\"2022-12-30T10:06:32+00:00\",\"breadcrumb\":{\"@id\":\"https:\\\/\\\/www.naturalscience.org\\\/es\\\/temas\\\/salud\\\/el-parto-natural\\\/#breadcrumb\"},\"inLanguage\":\"es\",\"potentialAction\":[{\"@type\":\"ReadAction\",\"target\":[\"https:\\\/\\\/www.naturalscience.org\\\/es\\\/temas\\\/salud\\\/el-parto-natural\\\/\"]}]},{\"@type\":\"BreadcrumbList\",\"@id\":\"https:\\\/\\\/www.naturalscience.org\\\/es\\\/temas\\\/salud\\\/el-parto-natural\\\/#breadcrumb\",\"itemListElement\":[{\"@type\":\"ListItem\",\"position\":1,\"name\":\"Home\",\"item\":\"https:\\\/\\\/www.naturalscience.org\\\/es\\\/\"},{\"@type\":\"ListItem\",\"position\":2,\"name\":\"Temas\",\"item\":\"https:\\\/\\\/www.naturalscience.org\\\/es\\\/temas\\\/\"},{\"@type\":\"ListItem\",\"position\":3,\"name\":\"Salud\",\"item\":\"https:\\\/\\\/www.naturalscience.org\\\/cs\\\/temas\\\/salud\\\/\"},{\"@type\":\"ListItem\",\"position\":4,\"name\":\"El parto natural\"}]},{\"@type\":\"WebSite\",\"@id\":\"https:\\\/\\\/www.naturalscience.org\\\/#website\",\"url\":\"https:\\\/\\\/www.naturalscience.org\\\/\",\"name\":\"The World Foundation for Natural Science\",\"description\":\"Restoring and Healing the World through Responsibility and Commitment in accord with Natural and Divine Law!\",\"potentialAction\":[{\"@type\":\"SearchAction\",\"target\":{\"@type\":\"EntryPoint\",\"urlTemplate\":\"https:\\\/\\\/www.naturalscience.org\\\/?s={search_term_string}\"},\"query-input\":{\"@type\":\"PropertyValueSpecification\",\"valueRequired\":true,\"valueName\":\"search_term_string\"}}],\"inLanguage\":\"es\"}]}<\/script>\n<!-- \/ Yoast SEO plugin. -->","yoast_head_json":{"title":"El parto natural - The World Foundation for Natural Science","robots":{"index":"index","follow":"follow","max-snippet":"max-snippet:-1","max-image-preview":"max-image-preview:large","max-video-preview":"max-video-preview:-1"},"canonical":"https:\/\/www.naturalscience.org\/es\/temas\/salud\/el-parto-natural\/","twitter_misc":{"Tiempo de lectura":"2 minutos"},"schema":{"@context":"https:\/\/schema.org","@graph":[{"@type":"WebPage","@id":"https:\/\/www.naturalscience.org\/es\/temas\/salud\/el-parto-natural\/","url":"https:\/\/www.naturalscience.org\/es\/temas\/salud\/el-parto-natural\/","name":"El parto natural - The World Foundation for Natural Science","isPartOf":{"@id":"https:\/\/www.naturalscience.org\/#website"},"datePublished":"2015-09-16T15:54:45+00:00","dateModified":"2022-12-30T10:06:32+00:00","breadcrumb":{"@id":"https:\/\/www.naturalscience.org\/es\/temas\/salud\/el-parto-natural\/#breadcrumb"},"inLanguage":"es","potentialAction":[{"@type":"ReadAction","target":["https:\/\/www.naturalscience.org\/es\/temas\/salud\/el-parto-natural\/"]}]},{"@type":"BreadcrumbList","@id":"https:\/\/www.naturalscience.org\/es\/temas\/salud\/el-parto-natural\/#breadcrumb","itemListElement":[{"@type":"ListItem","position":1,"name":"Home","item":"https:\/\/www.naturalscience.org\/es\/"},{"@type":"ListItem","position":2,"name":"Temas","item":"https:\/\/www.naturalscience.org\/es\/temas\/"},{"@type":"ListItem","position":3,"name":"Salud","item":"https:\/\/www.naturalscience.org\/cs\/temas\/salud\/"},{"@type":"ListItem","position":4,"name":"El parto natural"}]},{"@type":"WebSite","@id":"https:\/\/www.naturalscience.org\/#website","url":"https:\/\/www.naturalscience.org\/","name":"The World Foundation for Natural Science","description":"Restoring and Healing the World through Responsibility and Commitment in accord with Natural and Divine Law!","potentialAction":[{"@type":"SearchAction","target":{"@type":"EntryPoint","urlTemplate":"https:\/\/www.naturalscience.org\/?s={search_term_string}"},"query-input":{"@type":"PropertyValueSpecification","valueRequired":true,"valueName":"search_term_string"}}],"inLanguage":"es"}]}},"_links":{"self":[{"href":"https:\/\/www.naturalscience.org\/es\/wp-json\/wp\/v2\/pages\/15402","targetHints":{"allow":["GET"]}}],"collection":[{"href":"https:\/\/www.naturalscience.org\/es\/wp-json\/wp\/v2\/pages"}],"about":[{"href":"https:\/\/www.naturalscience.org\/es\/wp-json\/wp\/v2\/types\/page"}],"author":[{"embeddable":true,"href":"https:\/\/www.naturalscience.org\/es\/wp-json\/wp\/v2\/users\/9"}],"replies":[{"embeddable":true,"href":"https:\/\/www.naturalscience.org\/es\/wp-json\/wp\/v2\/comments?post=15402"}],"version-history":[{"count":11,"href":"https:\/\/www.naturalscience.org\/es\/wp-json\/wp\/v2\/pages\/15402\/revisions"}],"predecessor-version":[{"id":38408,"href":"https:\/\/www.naturalscience.org\/es\/wp-json\/wp\/v2\/pages\/15402\/revisions\/38408"}],"up":[{"embeddable":true,"href":"https:\/\/www.naturalscience.org\/es\/wp-json\/wp\/v2\/pages\/15189"}],"wp:attachment":[{"href":"https:\/\/www.naturalscience.org\/es\/wp-json\/wp\/v2\/media?parent=15402"}],"wp:term":[{"taxonomy":"category","embeddable":true,"href":"https:\/\/www.naturalscience.org\/es\/wp-json\/wp\/v2\/categories?post=15402"}],"curies":[{"name":"wp","href":"https:\/\/api.w.org\/{rel}","templated":true}]}}