{"id":15393,"date":"2015-09-16T16:46:07","date_gmt":"2015-09-16T14:46:07","guid":{"rendered":"http:\/\/www.naturalscience.org\/es\/?page_id=15393"},"modified":"2018-02-09T15:02:55","modified_gmt":"2018-02-09T14:02:55","slug":"suelos","status":"publish","type":"page","link":"https:\/\/www.naturalscience.org\/es\/temas\/agricultura-natural\/suelos\/","title":{"rendered":"Suelos"},"content":{"rendered":"<p>Un suelo bien saludable est\u00e1 lleno de vida. Esta vitalidad se transmite a todo lo que crece en \u00e9l. <strong>Un suelo sano es la base para una vida sana, un planeta sano y personas sanas.<\/strong> Cualquier pr\u00e1ctica agr\u00edcola debe tomar en cuenta la fr\u00e1gil coexistencia de miles de millones de peque\u00f1os animales y microorganismos que se encuentran en el suelo. Si no es as\u00ed, entonces la fuerza del suelo que da la vida desaparecer\u00e1 y llegaran las supuestas plagas y enfermedades.<\/p>\n<div id=\"attachment_10612\" style=\"width: 300px\" class=\"wp-caption alignright\"><a href=\"https:\/\/www.naturalscience.org\/wp-content\/uploads\/2014\/12\/iStock_000011782223_Large.jpg\"><img loading=\"lazy\" decoding=\"async\" aria-describedby=\"caption-attachment-10612\" class=\"wp-image-10612 size-medium\" src=\"https:\/\/www.naturalscience.org\/wp-content\/uploads\/2014\/12\/iStock_000011782223_Large-300x198.jpg\" alt=\"Suelos saludables producen frutos saludables\" width=\"300\" height=\"198\" srcset=\"https:\/\/www.naturalscience.org\/wp-content\/uploads\/2014\/12\/iStock_000011782223_Large-300x198.jpg 300w, https:\/\/www.naturalscience.org\/wp-content\/uploads\/2014\/12\/iStock_000011782223_Large-1024x675.jpg 1024w, https:\/\/www.naturalscience.org\/wp-content\/uploads\/2014\/12\/iStock_000011782223_Large-164x108.jpg 164w\" sizes=\"auto, (max-width: 300px) 100vw, 300px\" \/><\/a><p id=\"caption-attachment-10612\" class=\"wp-caption-text\">Suelos saludables producen frutos saludables<\/p><\/div>\n<p>Sin embargo, si los suelos se usan con cuidado y se estimulan y si estos suelos est\u00e1n situados en diversos paisajes ambientales ricos en especies, entonces ofrecer\u00e1n al ser humano y a los animales todo lo que necesitan.<\/p>\n<p>En la mayor\u00eda de los casos la humanidad no est\u00e1 consciente de la conexi\u00f3n existente entre el suelo y nuestra nutrici\u00f3n, el agua, el clima, la biodiversidad, y la vida en general. Esta es la raz\u00f3n por la cual los suelos sanos y la agricultura natural son temas centrales para The World Foundation for Natural Science y su actividad de ense\u00f1anza. En el \u00e1mbito internacional ya es reconocido tambi\u00e9n que el suelo y la vida que contiene son de vital importancia para la producci\u00f3n mundial de alimentos (Jos\u00e9 Graziano da Silva, director de la FAO, D\u00eda Mundial del Suelo, 4.12.2014, Roma) y esto es fundamental para nuestra supervivencia.<br \/>\nCon el prop\u00f3sito de promover la toma de conciencia, la FAO declar\u00f3 el pasado 2015 el a\u00f1o de los suelos. Por esta raz\u00f3n, The World Foundation for Natural Science ha elaborado una Ficha Informativa que muestra c\u00f3mo est\u00e1 conectada la vida en el suelo y ofrece recomendaciones para el uso adecuado de nuestros suelos. En este sentido le recomendamos ver el documental del 2014 \u201cSinfon\u00eda del Suelo\u201d el cual form\u00f3 parte oficialmente del A\u00f1o Internacional de los Suelos de la ONU. Por favor, mire a continuaci\u00f3n el tr\u00e1iler de esta maravillosa pel\u00edcula.<\/p>\n<p><iframe loading=\"lazy\" src=\"https:\/\/www.youtube-nocookie.com\/embed\/K5QYZ-LRXW4?rel=0\" width=\"640\" height=\"360\" frameborder=\"0\" allowfullscreen=\"allowfullscreen\"><\/iframe><\/p>\n\n            <div class=\"publication-list hide-for-print\">\r\n                <div class=\"row\">\r\n                    <div class=\"small-24 columns \">\r\n                        <div class=\"title\">Publicaciones<\/div>\r\n\r\n\t\t\t\t\t\t\t\t\t\t\t\t\t\r\n\r\n<article class=\"row collapse all publication-item bosques agricultura-natural suelos oceanos   wfns\">\r\n\r\n\t<div class=\"cover medium-7 columns\">\r\n\t\t<a href=\"https:\/\/www.naturalscience.org\/es\/publicaciones\/promesa-a-la-madre-tierra\/\">\r\n\t\t\t<img loading=\"lazy\" decoding=\"async\" src=\"https:\/\/www.naturalscience.org\/wp-content\/uploads\/2016\/04\/Pledge-to-Mother-Earth_ES_cover-212x300.jpg\" width=\"212\" height=\"300\">\t\t<\/a>\r\n\t<\/div>\r\n\r\n\t<div class=\"text medium-17 columns\">\r\n\r\n\t\t<div class=\"type\">\r\n\t\t\t\t\t<\/div>\r\n\r\n\t\t<div class=\"name\">\r\n\t\t\t<a href=\"https:\/\/www.naturalscience.org\/es\/publicaciones\/promesa-a-la-madre-tierra\/\">Promesa a la Madre Tierra<\/a>\r\n\t\t<\/div>\r\n\r\n\t\t<p class=\"description\">\r\n\t\t\t\t\t<\/p>\r\n\r\n\t\t<div class=\"buttons\">\r\n\t\t\t<div class=\"row collapse\">\r\n\t\t\t\t\t\t\t\t\t\t<div class=\"small-24 medium-8 columns\">\r\n\t\t\t\t\t\t\t<a href=\"https:\/\/www.naturalscience.org\/wp-content\/uploads\/2016\/04\/Pledge-to-Mother-Earth_ES.pdf\" class=\"button radius primary small\" target=\"_blank\">\r\n\t\t\t\t\t\t\t\t<i class=\"fa fa-download\"><\/i>&nbsp;&nbsp;Descargar\t\t\t\t\t\t\t<\/a>\r\n\t\t\t\t\t\t<\/div>\r\n\t\t\t\t\t\r\n\t\t\t\t\t\t\t\t\t\t<div class=\"small-24 medium-16 columns\">\r\n\t\t\t\t\t\t<i class=\"fa fa-angle-right\"><\/i>\r\n\t\t\t\t\t\t<a href=\"https:\/\/www.naturalscience.org\/es\/publicaciones\/promesa-a-la-madre-tierra\/\" class=\"further-information\">\r\n\t\t\t\t\t\t\tM\u00e1s informaci\u00f3n & idiomas\t\t\t\t\t\t<\/a>\r\n\t\t\t\t\t<\/div>\r\n\t\t\t\t\r\n\t\t\t\t\r\n\r\n\t\t\t<\/div>\r\n\t\t<\/div>\r\n\r\n\t<\/div>\r\n<\/article>\t\t\t\t\t\t\t\t\t\t\t\t\r\n                    <\/div>\r\n                <\/div>\r\n            <\/div>\r\n\r\n\t\t\t\n","protected":false},"excerpt":{"rendered":"","protected":false},"author":9,"featured_media":0,"parent":15398,"menu_order":45,"comment_status":"closed","ping_status":"closed","template":"","meta":{"_acf_changed":false,"ngg_post_thumbnail":0,"footnotes":""},"categories":[189],"class_list":["post-15393","page","type-page","status-publish","hentry","category-suelos","wpautop"],"acf":[],"yoast_head":"<!-- This site is optimized with the Yoast SEO plugin v27.4 - https:\/\/yoast.com\/product\/yoast-seo-wordpress\/ -->\n<title>Suelos - The World Foundation for Natural Science<\/title>\n<meta name=\"robots\" content=\"index, follow, max-snippet:-1, max-image-preview:large, max-video-preview:-1\" \/>\n<link rel=\"canonical\" href=\"https:\/\/www.naturalscience.org\/es\/temas\/agricultura-natural\/suelos\/\" \/>\n<meta name=\"twitter:label1\" content=\"Tiempo de lectura\" \/>\n\t<meta name=\"twitter:data1\" content=\"2 minutos\" \/>\n<script type=\"application\/ld+json\" class=\"yoast-schema-graph\">{\"@context\":\"https:\\\/\\\/schema.org\",\"@graph\":[{\"@type\":\"WebPage\",\"@id\":\"https:\\\/\\\/www.naturalscience.org\\\/es\\\/temas\\\/agricultura-natural\\\/suelos\\\/\",\"url\":\"https:\\\/\\\/www.naturalscience.org\\\/es\\\/temas\\\/agricultura-natural\\\/suelos\\\/\",\"name\":\"Suelos - The World Foundation for Natural Science\",\"isPartOf\":{\"@id\":\"https:\\\/\\\/www.naturalscience.org\\\/#website\"},\"primaryImageOfPage\":{\"@id\":\"https:\\\/\\\/www.naturalscience.org\\\/es\\\/temas\\\/agricultura-natural\\\/suelos\\\/#primaryimage\"},\"image\":{\"@id\":\"https:\\\/\\\/www.naturalscience.org\\\/es\\\/temas\\\/agricultura-natural\\\/suelos\\\/#primaryimage\"},\"thumbnailUrl\":\"https:\\\/\\\/www.naturalscience.org\\\/wp-content\\\/uploads\\\/2014\\\/12\\\/iStock_000011782223_Large-300x198.jpg\",\"datePublished\":\"2015-09-16T14:46:07+00:00\",\"dateModified\":\"2018-02-09T14:02:55+00:00\",\"breadcrumb\":{\"@id\":\"https:\\\/\\\/www.naturalscience.org\\\/es\\\/temas\\\/agricultura-natural\\\/suelos\\\/#breadcrumb\"},\"inLanguage\":\"es\",\"potentialAction\":[{\"@type\":\"ReadAction\",\"target\":[\"https:\\\/\\\/www.naturalscience.org\\\/es\\\/temas\\\/agricultura-natural\\\/suelos\\\/\"]}]},{\"@type\":\"ImageObject\",\"inLanguage\":\"es\",\"@id\":\"https:\\\/\\\/www.naturalscience.org\\\/es\\\/temas\\\/agricultura-natural\\\/suelos\\\/#primaryimage\",\"url\":\"https:\\\/\\\/www.naturalscience.org\\\/wp-content\\\/uploads\\\/2014\\\/12\\\/iStock_000011782223_Large-300x198.jpg\",\"contentUrl\":\"https:\\\/\\\/www.naturalscience.org\\\/wp-content\\\/uploads\\\/2014\\\/12\\\/iStock_000011782223_Large-300x198.jpg\"},{\"@type\":\"BreadcrumbList\",\"@id\":\"https:\\\/\\\/www.naturalscience.org\\\/es\\\/temas\\\/agricultura-natural\\\/suelos\\\/#breadcrumb\",\"itemListElement\":[{\"@type\":\"ListItem\",\"position\":1,\"name\":\"Home\",\"item\":\"https:\\\/\\\/www.naturalscience.org\\\/es\\\/\"},{\"@type\":\"ListItem\",\"position\":2,\"name\":\"Temas\",\"item\":\"https:\\\/\\\/www.naturalscience.org\\\/es\\\/temas\\\/\"},{\"@type\":\"ListItem\",\"position\":3,\"name\":\"Agricultura natural\",\"item\":\"https:\\\/\\\/www.naturalscience.org\\\/es\\\/temas\\\/agricultura-natural\\\/\"},{\"@type\":\"ListItem\",\"position\":4,\"name\":\"Suelos\"}]},{\"@type\":\"WebSite\",\"@id\":\"https:\\\/\\\/www.naturalscience.org\\\/#website\",\"url\":\"https:\\\/\\\/www.naturalscience.org\\\/\",\"name\":\"The World Foundation for Natural Science\",\"description\":\"Restoring and Healing the World through Responsibility and Commitment in accord with Natural and Divine Law!\",\"potentialAction\":[{\"@type\":\"SearchAction\",\"target\":{\"@type\":\"EntryPoint\",\"urlTemplate\":\"https:\\\/\\\/www.naturalscience.org\\\/?s={search_term_string}\"},\"query-input\":{\"@type\":\"PropertyValueSpecification\",\"valueRequired\":true,\"valueName\":\"search_term_string\"}}],\"inLanguage\":\"es\"}]}<\/script>\n<!-- \/ Yoast SEO plugin. -->","yoast_head_json":{"title":"Suelos - The World Foundation for Natural Science","robots":{"index":"index","follow":"follow","max-snippet":"max-snippet:-1","max-image-preview":"max-image-preview:large","max-video-preview":"max-video-preview:-1"},"canonical":"https:\/\/www.naturalscience.org\/es\/temas\/agricultura-natural\/suelos\/","twitter_misc":{"Tiempo de lectura":"2 minutos"},"schema":{"@context":"https:\/\/schema.org","@graph":[{"@type":"WebPage","@id":"https:\/\/www.naturalscience.org\/es\/temas\/agricultura-natural\/suelos\/","url":"https:\/\/www.naturalscience.org\/es\/temas\/agricultura-natural\/suelos\/","name":"Suelos - The World Foundation for Natural Science","isPartOf":{"@id":"https:\/\/www.naturalscience.org\/#website"},"primaryImageOfPage":{"@id":"https:\/\/www.naturalscience.org\/es\/temas\/agricultura-natural\/suelos\/#primaryimage"},"image":{"@id":"https:\/\/www.naturalscience.org\/es\/temas\/agricultura-natural\/suelos\/#primaryimage"},"thumbnailUrl":"https:\/\/www.naturalscience.org\/wp-content\/uploads\/2014\/12\/iStock_000011782223_Large-300x198.jpg","datePublished":"2015-09-16T14:46:07+00:00","dateModified":"2018-02-09T14:02:55+00:00","breadcrumb":{"@id":"https:\/\/www.naturalscience.org\/es\/temas\/agricultura-natural\/suelos\/#breadcrumb"},"inLanguage":"es","potentialAction":[{"@type":"ReadAction","target":["https:\/\/www.naturalscience.org\/es\/temas\/agricultura-natural\/suelos\/"]}]},{"@type":"ImageObject","inLanguage":"es","@id":"https:\/\/www.naturalscience.org\/es\/temas\/agricultura-natural\/suelos\/#primaryimage","url":"https:\/\/www.naturalscience.org\/wp-content\/uploads\/2014\/12\/iStock_000011782223_Large-300x198.jpg","contentUrl":"https:\/\/www.naturalscience.org\/wp-content\/uploads\/2014\/12\/iStock_000011782223_Large-300x198.jpg"},{"@type":"BreadcrumbList","@id":"https:\/\/www.naturalscience.org\/es\/temas\/agricultura-natural\/suelos\/#breadcrumb","itemListElement":[{"@type":"ListItem","position":1,"name":"Home","item":"https:\/\/www.naturalscience.org\/es\/"},{"@type":"ListItem","position":2,"name":"Temas","item":"https:\/\/www.naturalscience.org\/es\/temas\/"},{"@type":"ListItem","position":3,"name":"Agricultura natural","item":"https:\/\/www.naturalscience.org\/es\/temas\/agricultura-natural\/"},{"@type":"ListItem","position":4,"name":"Suelos"}]},{"@type":"WebSite","@id":"https:\/\/www.naturalscience.org\/#website","url":"https:\/\/www.naturalscience.org\/","name":"The World Foundation for Natural Science","description":"Restoring and Healing the World through Responsibility and Commitment in accord with Natural and Divine Law!","potentialAction":[{"@type":"SearchAction","target":{"@type":"EntryPoint","urlTemplate":"https:\/\/www.naturalscience.org\/?s={search_term_string}"},"query-input":{"@type":"PropertyValueSpecification","valueRequired":true,"valueName":"search_term_string"}}],"inLanguage":"es"}]}},"_links":{"self":[{"href":"https:\/\/www.naturalscience.org\/es\/wp-json\/wp\/v2\/pages\/15393","targetHints":{"allow":["GET"]}}],"collection":[{"href":"https:\/\/www.naturalscience.org\/es\/wp-json\/wp\/v2\/pages"}],"about":[{"href":"https:\/\/www.naturalscience.org\/es\/wp-json\/wp\/v2\/types\/page"}],"author":[{"embeddable":true,"href":"https:\/\/www.naturalscience.org\/es\/wp-json\/wp\/v2\/users\/9"}],"replies":[{"embeddable":true,"href":"https:\/\/www.naturalscience.org\/es\/wp-json\/wp\/v2\/comments?post=15393"}],"version-history":[{"count":8,"href":"https:\/\/www.naturalscience.org\/es\/wp-json\/wp\/v2\/pages\/15393\/revisions"}],"predecessor-version":[{"id":26787,"href":"https:\/\/www.naturalscience.org\/es\/wp-json\/wp\/v2\/pages\/15393\/revisions\/26787"}],"up":[{"embeddable":true,"href":"https:\/\/www.naturalscience.org\/es\/wp-json\/wp\/v2\/pages\/15398"}],"wp:attachment":[{"href":"https:\/\/www.naturalscience.org\/es\/wp-json\/wp\/v2\/media?parent=15393"}],"wp:term":[{"taxonomy":"category","embeddable":true,"href":"https:\/\/www.naturalscience.org\/es\/wp-json\/wp\/v2\/categories?post=15393"}],"curies":[{"name":"wp","href":"https:\/\/api.w.org\/{rel}","templated":true}]}}