{"id":15357,"date":"2015-09-14T21:07:27","date_gmt":"2015-09-14T19:07:27","guid":{"rendered":"http:\/\/www.naturalscience.org\/es\/?page_id=15357"},"modified":"2016-05-02T20:12:50","modified_gmt":"2016-05-02T18:12:50","slug":"congreso-2015","status":"publish","type":"page","link":"https:\/\/www.naturalscience.org\/es\/congreso-2015\/","title":{"rendered":"El 20\u00b0 Congreso Mundial Internacional \u201cNuevas Perspectivas Cient\u00edficas\u201d"},"content":{"rendered":"<div class=\"landingpage-header text-center\">\n<h1>El 20\u00b0 Congreso Mundial Internacional <br \/>\u201cNuevas Perspectivas Cient\u00edficas\u201d<\/h1>\n<div class=\"date\">Del jueves, 29 de octubre de 2015, 7:00 p.m. hasta el domingo, 1\u00b0 de noviembre de 2015, 1:00 p.m.<\/div>\n<div class=\"location\">Maritim Hotel, Basteistrasse 40, DE-89073 Ulm, Alemania<\/div>\n<\/div>\n<p>&nbsp;<\/p>\n<div class=\"row\" style=\"margin-bottom: 20px;\">\n<div class=\"small-24 medium-12 columns\">\n<img loading=\"lazy\" decoding=\"async\" src=\"https:\/\/www.naturalscience.org\/wp-content\/uploads\/2015\/09\/header-soil-2.jpg\" alt=\"header-soil-2\" width=\"970\" height=\"220\" class=\"alignnone size-full wp-image-15731\" srcset=\"https:\/\/www.naturalscience.org\/wp-content\/uploads\/2015\/09\/header-soil-2.jpg 970w, https:\/\/www.naturalscience.org\/wp-content\/uploads\/2015\/09\/header-soil-2-300x68.jpg 300w, https:\/\/www.naturalscience.org\/wp-content\/uploads\/2015\/09\/header-soil-2-164x37.jpg 164w\" sizes=\"auto, (max-width: 970px) 100vw, 970px\" \/><\/p>\n<h2>El Suelo \u2013 La Base para nuestra Vidas \u2013 se ha Convertido en un Enfermo Fatal. Un llamado a la Acci\u00f3n. <\/h2>\n<p>Alrededor del mundo el suelo est\u00e1 en una condici\u00f3n desastrosa, causada por la industrializaci\u00f3n y el uso inconsciente de pesticidas. Predominantemente orientado con fines de lucro y un pensamiento miope pone al suelo de la Tierra, la base m\u00e1s importante para nuestras vidas, no s\u00f3lo en riesgo, sino que una gran extensi\u00f3n ya ha sido perdida. Usted va a aprender las soluciones en lo que se refiere a c\u00f3mo cada uno de nosotros individualmente y como una sociedad en general podemos contribuir a la capacidad del suelo para regenerarse y tambi\u00e9n producir \u201cverdaderos alimentos para la vida\u201d.<br \/>\n<em><strong><a href=\"https:\/\/www.naturalscience.org\/es\/congreso-2015\/conferencistas\/#Luebke-Hildebrandt\">Angelika L\u00fcbke-Hildebrandt<\/a><\/strong>, Master en Ciencias. Experta en calidad del suelo, URS, Gesti\u00f3n de Tierras, Investigaci\u00f3n Unida del Suelo, Peuerbach, Austria<\/em>\n<\/div>\n<div class=\"small-24 medium-12 columns\">\n<img loading=\"lazy\" decoding=\"async\" src=\"https:\/\/www.naturalscience.org\/wp-content\/uploads\/2015\/09\/header-natural-birth-2.jpg\" alt=\"header-natural-birth-2\" width=\"970\" height=\"220\" class=\"alignnone size-full wp-image-15704\" srcset=\"https:\/\/www.naturalscience.org\/wp-content\/uploads\/2015\/09\/header-natural-birth-2.jpg 970w, https:\/\/www.naturalscience.org\/wp-content\/uploads\/2015\/09\/header-natural-birth-2-300x68.jpg 300w, https:\/\/www.naturalscience.org\/wp-content\/uploads\/2015\/09\/header-natural-birth-2-164x37.jpg 164w\" sizes=\"auto, (max-width: 970px) 100vw, 970px\" \/><\/p>\n<h2>\u00a1El Parto es un Proceso otorgado por Dios! El Parto por Ces\u00e1rea \u2013 un Creador absoluto de Problemas.<\/h2>\n<p>En los \u00faltimos 20 a\u00f1os la tasa de ces\u00e1reas en nuestro mundo civilizado se ha m\u00e1s que duplicado. Sin embargo, es la elecci\u00f3n de la madre de c\u00f3mo dar a luz lo que significativamente afecta la salud del reci\u00e9n nacido. En contraste con el parto natural el paso de microorganismos vitales de la madre al beb\u00e9 no ocurre durante un parto por ces\u00e1rea. Con base en sus experiencias personales, Harman y Wokeford, ambos exitosos padres, nos comparten lo que ocurre durante un parto natural y c\u00f3mo una ces\u00e1rea puede afectar a las futuras generaciones. Nos cuentan lo que se puede hacer&nbsp;\u00a1si un parto por ces\u00e1rea es inevitable!<br \/>\n<em><strong><a href=\"https:\/\/www.naturalscience.org\/es\/congreso-2015\/conferencistas\/#Harman-Wakeford\">Toni Harman &#038; Alex Wakeford<\/a><\/strong>, cineastas y productores de la premiada pel\u00edcula \u201cMicrobirth\u201d, Inglaterra<\/em>\n<\/div>\n<\/div>\n<div class=\"row\">\n<div class=\"small-24 medium-12 columns\">\n<img loading=\"lazy\" decoding=\"async\" src=\"https:\/\/www.naturalscience.org\/wp-content\/uploads\/2015\/09\/header-farm-animals.jpg\" alt=\"header-farm-animals\" width=\"970\" height=\"220\" class=\"alignnone size-full wp-image-15701\" srcset=\"https:\/\/www.naturalscience.org\/wp-content\/uploads\/2015\/09\/header-farm-animals.jpg 970w, https:\/\/www.naturalscience.org\/wp-content\/uploads\/2015\/09\/header-farm-animals-300x68.jpg 300w, https:\/\/www.naturalscience.org\/wp-content\/uploads\/2015\/09\/header-farm-animals-164x37.jpg 164w\" sizes=\"auto, (max-width: 970px) 100vw, 970px\" \/><\/p>\n<h2>La Alimentaci\u00f3n con Antibi\u00f3ticos para el Ganado y las Consecuencias Funestas.<\/h2>\n<p>Solo en la Uni\u00f3n Europea mueren 25.000 personas cada a\u00f1o por infecciones causadas por g\u00e9rmenes resistentes a los antibi\u00f3ticos. La aplicaci\u00f3n incorrecta de antibi\u00f3ticos sint\u00e9ticos en la agricultura tiene una parte en esto. Estos antibi\u00f3ticos entran al agua subterr\u00e1nea a trav\u00e9s de los excrementos naturales de los animales y finalmente terminan en nuestro plato y en nuestra comida diaria. Esto significa que los antibi\u00f3ticos ya no funcionan para el hombre y los animales. C\u00f3mo cambiar esta pr\u00e1ctica potencialmente mortal para conducir a una armon\u00eda renovada del hombre, los animales y la naturaleza ser\u00e1 presentada por la<br \/>\n<em><strong><a href=\"https:\/\/www.naturalscience.org\/es\/congreso-2015\/conferencistas\/#Herout\">Dra. med. vet. Nicole Herout<\/a><\/strong>, Centro para la Medicina Veterinaria Hol\u00edstica, Lichtemberg, Austria<\/em>\n<\/div>\n<div class=\"small-24 medium-12 columns\">\n<img loading=\"lazy\" decoding=\"async\" src=\"https:\/\/www.naturalscience.org\/wp-content\/uploads\/2015\/09\/header-injection-2.jpg\" alt=\"header-injection-2\" width=\"970\" height=\"220\" class=\"alignnone size-full wp-image-15702\" srcset=\"https:\/\/www.naturalscience.org\/wp-content\/uploads\/2015\/09\/header-injection-2.jpg 970w, https:\/\/www.naturalscience.org\/wp-content\/uploads\/2015\/09\/header-injection-2-300x68.jpg 300w, https:\/\/www.naturalscience.org\/wp-content\/uploads\/2015\/09\/header-injection-2-164x37.jpg 164w\" sizes=\"auto, (max-width: 970px) 100vw, 970px\" \/><\/p>\n<h2>\u00bfLa Vacunaci\u00f3n \u2013 Mito o Amenaza?<\/h2>\n<p>Las vacunas, que se basan en f\u00f3rmulas sint\u00e9ticas, debilitan el sistema inmunol\u00f3gico. Tales \u201crecetas\u201d tienen algunos efectos secundarios graves e irreversibles. Muchos m\u00e9dicos ya son conscientes de este hecho y evitan su vacunaci\u00f3n y la de sus familias por completo. Los estudios de la eficacia y las pruebas del \u00e9xito son proporcionadas en su mayor\u00eda por los mismos fabricantes de los productos y deben ser vistos como totalmente subjetivos.&nbsp;\u00bfEn justificable excluir de la escuela a los ni\u00f1os no vacunados, alejar a los ciudadanos de sus lugares de trabajo o incluso obligar a la gente a ser vacunada considerando este profundo conjunto de problemas? Una demostraci\u00f3n profesional de los contra-argumentos y evidencias de audio ser\u00e1n presentados en forma educativa en la manera m\u00e1s profesional por<br \/>\n<em><strong><a href=\"https:\/\/www.naturalscience.org\/es\/congreso-2015\/conferencistas\/#Trappitsch\">Daniel Trappitsch<\/a><\/strong>, Delegado de&nbsp;\u00abImpfentscheid\u00bb Network Board, Buchs, Suiza<\/em>\n<\/div>\n<\/div>\n<div class=\"text-center\" style=\"margin: 20px 0; font-size: 18px;\">\n<a href=\"https:\/\/www.naturalscience.org\/es\/congreso-2015\/temas\/\" class=\"button radius primary\"><i class=\"fa fa-chevron-right \" ><\/i> Ver una completa descripci\u00f3n de los temas del Congreso<\/a>\n<\/div>\n<p>&nbsp;<\/p>\n<div class=\"content-box green-1 width-100\">\n<div class=\"content-box-title text-center\"><i class=\"fa fa-info-circle\"><\/i> Informaci\u00f3n del Congreso<\/div>\n<div class=\"content-box-body\">\n<div class=\"row\">\n<div class=\"small-24 medium-10 columns\">\n<h3>Carta de Invitaci\u00f3n<\/h3>\n<p>Lea la carta inspiradora de nuestro Presidente Europeo.<\/p>\n<p><a href=\"https:\/\/www.naturalscience.org\/wp-content\/uploads\/2015\/10\/Congreso-2015-Carta-de-Invitacion.pdf\" class=\"button radius primary\" target=\"_blank\"><i class=\"fa fa-download \" ><\/i> Carta de Invitaci\u00f3n <small>(PDF)<\/small><\/a><\/p>\n<p><a href=\"https:\/\/www.naturalscience.org\/wp-content\/uploads\/2015\/10\/Congreso-2015-Temas-Conferencistas.pdf\" class=\"button radius primary\" target=\"_blank\"><i class=\"fa fa-download \" ><\/i> Temas y Conferencistas <small>(PDF)<\/small><\/a><\/p>\n<\/div>\n<div class=\"small-24 medium-7 columns\">\n<h3>Inicio &#038; Final<\/h3>\n<p><strong>Inicio<\/strong><br \/>\nJueves 29 de octubre 2015<br \/>\na las 7:00 p.m.<br \/>\n<strong>Termina<\/strong><br \/>\nDomingo 1 de noviembre 2015<br \/>\na la 1.00 p.m.\n<\/div>\n<div class=\"small-24 medium-7 columns\">\n<h3>Lugar<\/h3>\n<p><strong style=\"color: #800000\">\u00a1Durante todo el Congreso, el hotel estar\u00e1 completamente exento del humo de cigarrillos!<\/strong><br \/>\n<strong>Hotel Maritim<\/strong><br \/>\nBasteistra\u00dfe 40<br \/>\n89073 Ulm, Alemania<br \/>\n<i class=\"fa fa-angle-right \" ><\/i> <a href=\"https:\/\/www.naturalscience.org\/wp-content\/uploads\/2015\/10\/Congreso-2015-Hotel-Llegada.pdf\" target=\"_blank\">Informaci\u00f3n sobre el hotel y c\u00f3mo llegar <small>(PDF)<\/small><\/a><br \/>\n<i class=\"fa fa-angle-right \" ><\/i> <a href=\"http:\/\/www.maritim.es\/es\/hoteles\/alemania\/hotel-ulm\/descripcion-del-hotel#hotel_content\" target=\"_blank\">P\u00e1gina de web<\/a>\n<\/div>\n<\/div>\n<p><\/p>\n<div class=\"row\">\n<div class=\"small-24 medium-10 columns\">\n<h3>Tarifa del congreso<\/h3>\n<ul class=\"fa-ul\" style=\"margin-left: 20px;\">\n<li><i class=\"fa-li fa fa-angle-right\"><\/i>Inscripci\u00f3n Individual: \u20ac 350<\/li>\n<li><i class=\"fa-li fa fa-angle-right\"><\/i>\u00ab65+\u00bb (\u00a1Edad Dorada!): \u20ac 260<\/li>\n<li><i class=\"fa-li fa fa-angle-right\"><\/i>Pareja casada: \u20ac 490<\/li>\n<li><i class=\"fa-li fa fa-angle-right\"><\/i>Estudiantes universitarios y de escuela t\u00e9cnica: \u20ac 260<\/li>\n<li><i class=\"fa-li fa fa-angle-right\"><\/i>J\u00f3venes\/escolares: \u20ac 125<\/li>\n<\/ul>\n<\/div>\n<div class=\"small-24 medium-7 columns\">\n<h3>Traducci\u00f3n<\/h3>\n<p>Simult\u00e1nea en Ingl\u00e9s, Espa\u00f1ol,<br \/>\nCheco y Ruso\n<\/p><\/div>\n<div class=\"small-24 medium-7 columns\">\n<h3>\u00bfTiene preguntas?<\/h3>\n<p>\u00a1Nos encantar\u00eda ayudarle!                <\/p>\n<ul class=\"fa-ul\">\n<li><i class=\"fa fa-envelope-o fa-li\"><\/i> <a href=\"https:\/\/www.naturalscience.org\/es\/contacto\/\">Formulario de contacto<\/a><\/li>\n<li><i class=\"fa fa-at fa-li\"><\/i> <a href=\"mailto:contacto@naturalscience.org\">contacto@naturalscience.org<\/a><\/li>\n<li><i class=\"fa fa-phone fa-li\"><\/i> +41(41)798-0398<\/i>\n<\/ul>\n<\/div>\n<\/div>\n<\/div>\n<\/div>\n<div class=\"text-center\" style=\"margin: 40px 0;\">\n<a href=\"https:\/\/www.naturalscience.org\/es\/congreso-2015\/inscripcion-del-congreso\/\" class=\"button radius register\"><i class=\"fa fa-chevron-right \" ><\/i>&nbsp;\u00a1Aproveche esta oportunidad \u00fanica e inscr\u00edbase ahora!<\/a>\n<\/div>\n<h2 class=\"text-center\">Lo que dicen nuestros participantes<\/h2>\n<p><\/p>\n<div class=\"row\">\n<div class=\"small-24 medium-8 columns\">\n<blockquote><p>Cuando asist\u00ed a mi primer Congreso en el 2012, no ten\u00eda ni idea de lo que me esperaba. Hab\u00eda asistido a muchas conferencias en muchos pa\u00edses  como parte de mi trabajo universitario. Mis expectativas no eran muy elevadas porque asum\u00ed que esta ser\u00eda el mismo tipo de conferencia.&nbsp;\u00a1Yo estaba completamente equivocado&nbsp;\u00a1Esta fue, sin duda, la mejor conferencia cient\u00edfica a la que jam\u00e1s haya asistido! All\u00ed estaban las verdaderas respuestas que funcionan para salvar vidas. Escrib\u00ed m\u00e1s de 20 p\u00e1ginas de notas detalladas &#8230; y a\u00fan no me fueron suficientes.<cite>Dr. Charles Cox, Universidad de Brighton<\/cite><\/p><\/blockquote>\n<\/div>\n<div class=\"small-24 medium-8 columns\">\n<blockquote><p>El Congreso fue muy informativo y apasionante. Abarc\u00f3  temas de muchas \u00e1reas de la vida. Por ejemplo, una ma\u00f1ana el enfoque fue el&nbsp;\u00abParto Natural\u00bb y  otro d\u00eda en el tema del&nbsp;\u00abSuelo\u00bb \u2013que  fue muy bueno. El intercambio de ideas con otros participantes del Congreso fue interesante y enriquecedor, toda la atm\u00f3sfera fue magn\u00edfica.<cite>Claudia Zweifel<\/cite><\/p><\/blockquote>\n<\/div>\n<div class=\"small-24 medium-8 columns\">\n<blockquote><p>Las presentaciones fueron fant\u00e1sticas. Ellos trataron temas con profundidad de  los que he estado interesada y pensado durante a\u00f1os. Especialmente impresionante para m\u00ed fue la sorprendente  mentalidad abierta  y la participaci\u00f3n mundial, especialmente  de los j\u00f3venes tambi\u00e9n. Esto me da esperanza para el futuro. Lo que realmente toc\u00f3 mi coraz\u00f3n de inmediato, fue la elaboraci\u00f3n de la   encantadora y exquisita decoraci\u00f3n del sal\u00f3n del Congreso.<cite>Hiltrud de Ulm,  80 a\u00f1os de edad.<\/cite><\/p><\/blockquote>\n<\/div>\n<\/div>\n<p><\/p>\n<h2 class=\"text-center\">Ver las im\u00e1genes del Congreso de 2014<\/h2>\n<p>[wonderplugin_carousel id=\u00bb1&#8243;]<\/p>\n<div class=\"text-center\" style=\"margin: 60px 0 20px 0;\">\n<a href=\"https:\/\/www.naturalscience.org\/es\/congreso-2015\/inscripcion-del-congreso\/\" class=\"button radius register\"><i class=\"fa fa-chevron-right \" ><\/i>&nbsp;\u00a1Inscr\u00edbase ahora!<\/a>\n<\/div>\n","protected":false},"excerpt":{"rendered":"El 20\u00b0 Congreso Mundial Internacional \u201cNuevas Perspectivas Cient\u00edficas\u201d Del jueves, 29 de octubre de 2015, 7:00 p.m. hasta el domingo, 1\u00b0 de noviembre de 2015, 1:00 p.m. Maritim Hotel, Basteistrasse 40, DE-89073 Ulm, Alemania &nbsp; El Suelo \u2013 La Base para nuestra Vidas \u2013 se ha Convertido en un Enfermo Fatal. Un llamado a la [&hellip;]","protected":false},"author":9,"featured_media":0,"parent":0,"menu_order":80,"comment_status":"closed","ping_status":"closed","template":"page-full.php","meta":{"_acf_changed":false,"ngg_post_thumbnail":0,"footnotes":""},"categories":[],"class_list":["post-15357","page","type-page","status-publish","hentry","wpautop"],"acf":[],"yoast_head":"<!-- This site is optimized with the Yoast SEO plugin v27.5 - https:\/\/yoast.com\/product\/yoast-seo-wordpress\/ -->\n<title>El 20\u00b0 Congreso Mundial Internacional \u201cNuevas Perspectivas Cient\u00edficas\u201d - The World Foundation for Natural Science<\/title>\n<meta name=\"robots\" content=\"index, follow, max-snippet:-1, max-image-preview:large, max-video-preview:-1\" \/>\n<link rel=\"canonical\" href=\"https:\/\/www.naturalscience.org\/es\/congreso-2015\/\" \/>\n<meta name=\"twitter:label1\" content=\"Tiempo de lectura\" \/>\n\t<meta name=\"twitter:data1\" content=\"5 minutos\" \/>\n<script type=\"application\/ld+json\" class=\"yoast-schema-graph\">{\"@context\":\"https:\\\/\\\/schema.org\",\"@graph\":[{\"@type\":\"WebPage\",\"@id\":\"https:\\\/\\\/www.naturalscience.org\\\/es\\\/congreso-2015\\\/\",\"url\":\"https:\\\/\\\/www.naturalscience.org\\\/es\\\/congreso-2015\\\/\",\"name\":\"El 20\u00b0 Congreso Mundial Internacional \u201cNuevas Perspectivas Cient\u00edficas\u201d - The World Foundation for Natural Science\",\"isPartOf\":{\"@id\":\"https:\\\/\\\/www.naturalscience.org\\\/#website\"},\"primaryImageOfPage\":{\"@id\":\"https:\\\/\\\/www.naturalscience.org\\\/es\\\/congreso-2015\\\/#primaryimage\"},\"image\":{\"@id\":\"https:\\\/\\\/www.naturalscience.org\\\/es\\\/congreso-2015\\\/#primaryimage\"},\"thumbnailUrl\":\"https:\\\/\\\/www.naturalscience.org\\\/wp-content\\\/uploads\\\/2015\\\/09\\\/header-soil-2.jpg\",\"datePublished\":\"2015-09-14T19:07:27+00:00\",\"dateModified\":\"2016-05-02T18:12:50+00:00\",\"breadcrumb\":{\"@id\":\"https:\\\/\\\/www.naturalscience.org\\\/es\\\/congreso-2015\\\/#breadcrumb\"},\"inLanguage\":\"es\",\"potentialAction\":[{\"@type\":\"ReadAction\",\"target\":[\"https:\\\/\\\/www.naturalscience.org\\\/es\\\/congreso-2015\\\/\"]}]},{\"@type\":\"ImageObject\",\"inLanguage\":\"es\",\"@id\":\"https:\\\/\\\/www.naturalscience.org\\\/es\\\/congreso-2015\\\/#primaryimage\",\"url\":\"https:\\\/\\\/www.naturalscience.org\\\/wp-content\\\/uploads\\\/2015\\\/09\\\/header-soil-2.jpg\",\"contentUrl\":\"https:\\\/\\\/www.naturalscience.org\\\/wp-content\\\/uploads\\\/2015\\\/09\\\/header-soil-2.jpg\"},{\"@type\":\"BreadcrumbList\",\"@id\":\"https:\\\/\\\/www.naturalscience.org\\\/es\\\/congreso-2015\\\/#breadcrumb\",\"itemListElement\":[{\"@type\":\"ListItem\",\"position\":1,\"name\":\"Home\",\"item\":\"https:\\\/\\\/www.naturalscience.org\\\/es\\\/\"},{\"@type\":\"ListItem\",\"position\":2,\"name\":\"El 20\u00b0 Congreso Mundial Internacional \u201cNuevas Perspectivas Cient\u00edficas\u201d\"}]},{\"@type\":\"WebSite\",\"@id\":\"https:\\\/\\\/www.naturalscience.org\\\/#website\",\"url\":\"https:\\\/\\\/www.naturalscience.org\\\/\",\"name\":\"The World Foundation for Natural Science\",\"description\":\"Restoring and Healing the World through Responsibility and Commitment in accord with Natural and Divine Law!\",\"potentialAction\":[{\"@type\":\"SearchAction\",\"target\":{\"@type\":\"EntryPoint\",\"urlTemplate\":\"https:\\\/\\\/www.naturalscience.org\\\/?s={search_term_string}\"},\"query-input\":{\"@type\":\"PropertyValueSpecification\",\"valueRequired\":true,\"valueName\":\"search_term_string\"}}],\"inLanguage\":\"es\"}]}<\/script>\n<!-- \/ Yoast SEO plugin. -->","yoast_head_json":{"title":"El 20\u00b0 Congreso Mundial Internacional \u201cNuevas Perspectivas Cient\u00edficas\u201d - The World Foundation for Natural Science","robots":{"index":"index","follow":"follow","max-snippet":"max-snippet:-1","max-image-preview":"max-image-preview:large","max-video-preview":"max-video-preview:-1"},"canonical":"https:\/\/www.naturalscience.org\/es\/congreso-2015\/","twitter_misc":{"Tiempo de lectura":"5 minutos"},"schema":{"@context":"https:\/\/schema.org","@graph":[{"@type":"WebPage","@id":"https:\/\/www.naturalscience.org\/es\/congreso-2015\/","url":"https:\/\/www.naturalscience.org\/es\/congreso-2015\/","name":"El 20\u00b0 Congreso Mundial Internacional \u201cNuevas Perspectivas Cient\u00edficas\u201d - The World Foundation for Natural Science","isPartOf":{"@id":"https:\/\/www.naturalscience.org\/#website"},"primaryImageOfPage":{"@id":"https:\/\/www.naturalscience.org\/es\/congreso-2015\/#primaryimage"},"image":{"@id":"https:\/\/www.naturalscience.org\/es\/congreso-2015\/#primaryimage"},"thumbnailUrl":"https:\/\/www.naturalscience.org\/wp-content\/uploads\/2015\/09\/header-soil-2.jpg","datePublished":"2015-09-14T19:07:27+00:00","dateModified":"2016-05-02T18:12:50+00:00","breadcrumb":{"@id":"https:\/\/www.naturalscience.org\/es\/congreso-2015\/#breadcrumb"},"inLanguage":"es","potentialAction":[{"@type":"ReadAction","target":["https:\/\/www.naturalscience.org\/es\/congreso-2015\/"]}]},{"@type":"ImageObject","inLanguage":"es","@id":"https:\/\/www.naturalscience.org\/es\/congreso-2015\/#primaryimage","url":"https:\/\/www.naturalscience.org\/wp-content\/uploads\/2015\/09\/header-soil-2.jpg","contentUrl":"https:\/\/www.naturalscience.org\/wp-content\/uploads\/2015\/09\/header-soil-2.jpg"},{"@type":"BreadcrumbList","@id":"https:\/\/www.naturalscience.org\/es\/congreso-2015\/#breadcrumb","itemListElement":[{"@type":"ListItem","position":1,"name":"Home","item":"https:\/\/www.naturalscience.org\/es\/"},{"@type":"ListItem","position":2,"name":"El 20\u00b0 Congreso Mundial Internacional \u201cNuevas Perspectivas Cient\u00edficas\u201d"}]},{"@type":"WebSite","@id":"https:\/\/www.naturalscience.org\/#website","url":"https:\/\/www.naturalscience.org\/","name":"The World Foundation for Natural Science","description":"Restoring and Healing the World through Responsibility and Commitment in accord with Natural and Divine Law!","potentialAction":[{"@type":"SearchAction","target":{"@type":"EntryPoint","urlTemplate":"https:\/\/www.naturalscience.org\/?s={search_term_string}"},"query-input":{"@type":"PropertyValueSpecification","valueRequired":true,"valueName":"search_term_string"}}],"inLanguage":"es"}]}},"_links":{"self":[{"href":"https:\/\/www.naturalscience.org\/es\/wp-json\/wp\/v2\/pages\/15357","targetHints":{"allow":["GET"]}}],"collection":[{"href":"https:\/\/www.naturalscience.org\/es\/wp-json\/wp\/v2\/pages"}],"about":[{"href":"https:\/\/www.naturalscience.org\/es\/wp-json\/wp\/v2\/types\/page"}],"author":[{"embeddable":true,"href":"https:\/\/www.naturalscience.org\/es\/wp-json\/wp\/v2\/users\/9"}],"replies":[{"embeddable":true,"href":"https:\/\/www.naturalscience.org\/es\/wp-json\/wp\/v2\/comments?post=15357"}],"version-history":[{"count":18,"href":"https:\/\/www.naturalscience.org\/es\/wp-json\/wp\/v2\/pages\/15357\/revisions"}],"predecessor-version":[{"id":16317,"href":"https:\/\/www.naturalscience.org\/es\/wp-json\/wp\/v2\/pages\/15357\/revisions\/16317"}],"wp:attachment":[{"href":"https:\/\/www.naturalscience.org\/es\/wp-json\/wp\/v2\/media?parent=15357"}],"wp:term":[{"taxonomy":"category","embeddable":true,"href":"https:\/\/www.naturalscience.org\/es\/wp-json\/wp\/v2\/categories?post=15357"}],"curies":[{"name":"wp","href":"https:\/\/api.w.org\/{rel}","templated":true}]}}