{"id":15247,"date":"2015-08-31T21:03:12","date_gmt":"2015-08-31T19:03:12","guid":{"rendered":"http:\/\/www.naturalscience.org\/es\/?page_id=15247"},"modified":"2016-12-16T09:50:30","modified_gmt":"2016-12-16T08:50:30","slug":"sobre-nosotros","status":"publish","type":"page","link":"https:\/\/www.naturalscience.org\/es\/sobre-nosotros\/","title":{"rendered":"Sobre nosotros"},"content":{"rendered":"<p><strong><em>The World Foundation for Natural Science<\/em><\/strong><strong><em> lidera internacionalmente la integraci\u00f3n de la ciencia y la espiritualidad al proporcionar soluciones reales a los problemas que enfrenta el hombre y la naturaleza en muchas \u00e1reas de la vida.&nbsp;\u00a1Con\u00f3zcanos m\u00e1s!<\/em><\/p>\n<p>Restaurando y Sanando al Mundo mediante responsabilidad y compromiso de acuerdo con las Leyes Naturales y Divinas<\/strong><br \/>\nThe World Foundation for Natural Science fue fundada por el Reverend\u00edsimo Dr. Peter W. Leach-Lewis, Ch.D. en 1993. Nuestra misi\u00f3n es sanar al mundo mediante responsabilidad y compromiso de acuerdo con las Leyes Naturales y Divinas, y al hacerlo as\u00ed restablecer el Orden Divino en este precioso planeta. Solo cuando los cient\u00edficos reconozcan que no puede haber una ciencia verdadera sin Dios, tendremos \u00e9xito en resolver nuestros problemas y solo entonces empezaremos a darnos cuenta que Dios tambi\u00e9n hace parte de la ecuaci\u00f3n.<\/p>\n<p><strong>La Verdadera Ciencia obtiene su conocimiento de la Naturaleza y sus Leyes.<\/strong><br \/>\nLa Naturaleza y sus principios son nuestro prop\u00f3sito de estudio. Nuestra atenci\u00f3n est\u00e1 en elevar esta consciencia, porque solo aquellos que est\u00e1n bien informados pueden realmente producir un cambio.<\/p>\n<p><strong>Unificando la Ciencia Natural y las Humanidades con el fin de resolver los problemas de nuestra \u00e9poca<\/strong><br \/>\nNunca podremos entender plenamente a la naturaleza, como tampoco a su \u201cCiencia Natural\u201d, puesto que somos una parte necesaria y esencial de lo que estamos tratando de comprender. No podemos mantenernos a la distancia y analizar objetivamente a la naturaleza cuando nos sacamos de la ecuaci\u00f3n; por consiguiente, el objeto de nuestro estudio est\u00e1 incompleto. Y esto es lo que exactamente le da su raz\u00f3n de ser a The World Foundation for Natural Science, ya que en nuestro esfuerzo de comprender todo lo que nos rodea, empezamos a comprender lo que est\u00e1 dentro de nosotros y por qu\u00e9 estamos en este \u201cplaneta\u201d \u2026 la raz\u00f3n de nuestras vidas. La vida no ocurre por accidente. Exploramos los intrincados patrones y dise\u00f1os de la vida. No creemos en Poderes Sobrenaturales ni en esos fen\u00f3menos que trascienden lo normal.<\/p>\n<p>Hasta cierto punto, todo puede ser comprendido y la mayor\u00eda de los temas pueden ser explicados tras un verdadero estudio.<\/p>\n<p><strong>Por qu\u00e9 San Francisco de As\u00eds es un nuestro ejemplo<\/strong><br \/>\nThe World Foundation for Natural Science es parte de una orden laica Franciscana y es el Nuevo Empe\u00f1o Mundial Cient\u00edfico Franciscano de la Nueva Iglesia Mundial del Cristo. El gran aprecio y adoraci\u00f3n que Francisco de As\u00eds (1182-1226) tuvo por toda la vida y la creaci\u00f3n durante su vida es un ejemplo e inspiraci\u00f3n para nosotros. Ahora mismo San Francisco de As\u00eds es el Santo Patr\u00f3n de los animales, la naturaleza y el medioambiente y su servicio es honrado en su d\u00eda el 4 de octubre como el D\u00eda Mundial del Animal.<\/p>\n<p>La tierra es nuestro hogar. Es un aula de clases para miles de millones de personas y ofrece la oportunidad de aprender y crecer. La tierra nos ha sido confiada, somos responsables de ella. Con la responsabilidad viene el compromiso y el prop\u00f3sito de comprender y aprender m\u00e1s sobre las Leyes Naturales. Solo despu\u00e9s de haber comprendido las Leyes Naturales y Divinas (\u00a1las cuales son realmente una y la misma!), podemos actuar como corresponde y encontrar las soluciones a los problemas que hemos creado nosotros mismos.<\/p>\n<p>Este es el mensaje que San Francisco de As\u00eds comprendi\u00f3 y que nosotros seguimos.<\/p>\n<p>Conozca las razones por las cuales usted deber\u00eda <a href=\"https:\/\/www.naturalscience.org\/es\/sobre-nosotros\/afiliacion\/declaracion-de-afiliacion-para-el-eur\/\" target=\"_blank\">hacerse un miembro<\/a> de The World Foundation for Natural Science.<\/p>\n","protected":false},"excerpt":{"rendered":"The World Foundation for Natural Science lidera internacionalmente la integraci\u00f3n de la ciencia y la espiritualidad al proporcionar soluciones reales a los problemas que enfrenta el hombre y la naturaleza en muchas \u00e1reas de la vida.&nbsp;\u00a1Con\u00f3zcanos m\u00e1s! Restaurando y Sanando al Mundo mediante responsabilidad y compromiso de acuerdo con las Leyes Naturales y Divinas The [&hellip;]","protected":false},"author":9,"featured_media":0,"parent":0,"menu_order":186,"comment_status":"closed","ping_status":"closed","template":"","meta":{"_acf_changed":false,"ngg_post_thumbnail":0,"footnotes":""},"categories":[],"class_list":["post-15247","page","type-page","status-publish","hentry","wpautop"],"acf":[],"yoast_head":"<!-- This site is optimized with the Yoast SEO plugin v27.6 - https:\/\/yoast.com\/product\/yoast-seo-wordpress\/ -->\n<title>Sobre nosotros - The World Foundation for Natural Science<\/title>\n<meta name=\"robots\" content=\"index, follow, max-snippet:-1, max-image-preview:large, max-video-preview:-1\" \/>\n<link rel=\"canonical\" href=\"https:\/\/www.naturalscience.org\/es\/sobre-nosotros\/\" \/>\n<meta name=\"twitter:label1\" content=\"Tiempo de lectura\" \/>\n\t<meta name=\"twitter:data1\" content=\"3 minutos\" \/>\n<script type=\"application\/ld+json\" class=\"yoast-schema-graph\">{\"@context\":\"https:\\\/\\\/schema.org\",\"@graph\":[{\"@type\":\"WebPage\",\"@id\":\"https:\\\/\\\/www.naturalscience.org\\\/es\\\/sobre-nosotros\\\/\",\"url\":\"https:\\\/\\\/www.naturalscience.org\\\/es\\\/sobre-nosotros\\\/\",\"name\":\"Sobre nosotros - The World Foundation for Natural Science\",\"isPartOf\":{\"@id\":\"https:\\\/\\\/www.naturalscience.org\\\/#website\"},\"datePublished\":\"2015-08-31T19:03:12+00:00\",\"dateModified\":\"2016-12-16T08:50:30+00:00\",\"breadcrumb\":{\"@id\":\"https:\\\/\\\/www.naturalscience.org\\\/es\\\/sobre-nosotros\\\/#breadcrumb\"},\"inLanguage\":\"es\",\"potentialAction\":[{\"@type\":\"ReadAction\",\"target\":[\"https:\\\/\\\/www.naturalscience.org\\\/es\\\/sobre-nosotros\\\/\"]}]},{\"@type\":\"BreadcrumbList\",\"@id\":\"https:\\\/\\\/www.naturalscience.org\\\/es\\\/sobre-nosotros\\\/#breadcrumb\",\"itemListElement\":[{\"@type\":\"ListItem\",\"position\":1,\"name\":\"Home\",\"item\":\"https:\\\/\\\/www.naturalscience.org\\\/es\\\/\"},{\"@type\":\"ListItem\",\"position\":2,\"name\":\"Sobre nosotros\"}]},{\"@type\":\"WebSite\",\"@id\":\"https:\\\/\\\/www.naturalscience.org\\\/#website\",\"url\":\"https:\\\/\\\/www.naturalscience.org\\\/\",\"name\":\"The World Foundation for Natural Science\",\"description\":\"Restoring and Healing the World through Responsibility and Commitment in accord with Natural and Divine Law!\",\"potentialAction\":[{\"@type\":\"SearchAction\",\"target\":{\"@type\":\"EntryPoint\",\"urlTemplate\":\"https:\\\/\\\/www.naturalscience.org\\\/?s={search_term_string}\"},\"query-input\":{\"@type\":\"PropertyValueSpecification\",\"valueRequired\":true,\"valueName\":\"search_term_string\"}}],\"inLanguage\":\"es\"}]}<\/script>\n<!-- \/ Yoast SEO plugin. -->","yoast_head_json":{"title":"Sobre nosotros - The World Foundation for Natural Science","robots":{"index":"index","follow":"follow","max-snippet":"max-snippet:-1","max-image-preview":"max-image-preview:large","max-video-preview":"max-video-preview:-1"},"canonical":"https:\/\/www.naturalscience.org\/es\/sobre-nosotros\/","twitter_misc":{"Tiempo de lectura":"3 minutos"},"schema":{"@context":"https:\/\/schema.org","@graph":[{"@type":"WebPage","@id":"https:\/\/www.naturalscience.org\/es\/sobre-nosotros\/","url":"https:\/\/www.naturalscience.org\/es\/sobre-nosotros\/","name":"Sobre nosotros - The World Foundation for Natural Science","isPartOf":{"@id":"https:\/\/www.naturalscience.org\/#website"},"datePublished":"2015-08-31T19:03:12+00:00","dateModified":"2016-12-16T08:50:30+00:00","breadcrumb":{"@id":"https:\/\/www.naturalscience.org\/es\/sobre-nosotros\/#breadcrumb"},"inLanguage":"es","potentialAction":[{"@type":"ReadAction","target":["https:\/\/www.naturalscience.org\/es\/sobre-nosotros\/"]}]},{"@type":"BreadcrumbList","@id":"https:\/\/www.naturalscience.org\/es\/sobre-nosotros\/#breadcrumb","itemListElement":[{"@type":"ListItem","position":1,"name":"Home","item":"https:\/\/www.naturalscience.org\/es\/"},{"@type":"ListItem","position":2,"name":"Sobre nosotros"}]},{"@type":"WebSite","@id":"https:\/\/www.naturalscience.org\/#website","url":"https:\/\/www.naturalscience.org\/","name":"The World Foundation for Natural Science","description":"Restoring and Healing the World through Responsibility and Commitment in accord with Natural and Divine Law!","potentialAction":[{"@type":"SearchAction","target":{"@type":"EntryPoint","urlTemplate":"https:\/\/www.naturalscience.org\/?s={search_term_string}"},"query-input":{"@type":"PropertyValueSpecification","valueRequired":true,"valueName":"search_term_string"}}],"inLanguage":"es"}]}},"_links":{"self":[{"href":"https:\/\/www.naturalscience.org\/es\/wp-json\/wp\/v2\/pages\/15247","targetHints":{"allow":["GET"]}}],"collection":[{"href":"https:\/\/www.naturalscience.org\/es\/wp-json\/wp\/v2\/pages"}],"about":[{"href":"https:\/\/www.naturalscience.org\/es\/wp-json\/wp\/v2\/types\/page"}],"author":[{"embeddable":true,"href":"https:\/\/www.naturalscience.org\/es\/wp-json\/wp\/v2\/users\/9"}],"replies":[{"embeddable":true,"href":"https:\/\/www.naturalscience.org\/es\/wp-json\/wp\/v2\/comments?post=15247"}],"version-history":[{"count":14,"href":"https:\/\/www.naturalscience.org\/es\/wp-json\/wp\/v2\/pages\/15247\/revisions"}],"predecessor-version":[{"id":22989,"href":"https:\/\/www.naturalscience.org\/es\/wp-json\/wp\/v2\/pages\/15247\/revisions\/22989"}],"wp:attachment":[{"href":"https:\/\/www.naturalscience.org\/es\/wp-json\/wp\/v2\/media?parent=15247"}],"wp:term":[{"taxonomy":"category","embeddable":true,"href":"https:\/\/www.naturalscience.org\/es\/wp-json\/wp\/v2\/categories?post=15247"}],"curies":[{"name":"wp","href":"https:\/\/api.w.org\/{rel}","templated":true}]}}