{"id":15236,"date":"2015-08-31T20:51:42","date_gmt":"2015-08-31T18:51:42","guid":{"rendered":"http:\/\/www.naturalscience.org\/es\/?page_id=15236"},"modified":"2023-01-09T15:51:19","modified_gmt":"2023-01-09T14:51:19","slug":"bosques","status":"publish","type":"page","link":"https:\/\/www.naturalscience.org\/es\/temas\/agricultura-natural\/bosques\/","title":{"rendered":"Bosques"},"content":{"rendered":"<p>Los bosques cubren 40,3 millones de km<sup>2<\/sup> de la superficie de la Tierra. Una mitad se encuentra distribuida en solo cinco pa\u00edses, a saber, Rusia, Brasil, Canad\u00e1, China y los EE.UU. Los bosques son de belleza majestuosa,<img loading=\"lazy\" decoding=\"async\" class=\" size-medium wp-image-9937 alignleft\" src=\"https:\/\/www.naturalscience.org\/wp-content\/uploads\/2014\/09\/Wald-2-300x200.jpg\" alt=\"Forests\" width=\"300\" height=\"200\" srcset=\"https:\/\/www.naturalscience.org\/wp-content\/uploads\/2014\/09\/Wald-2-300x200.jpg 300w, https:\/\/www.naturalscience.org\/wp-content\/uploads\/2014\/09\/Wald-2-1024x682.jpg 1024w, https:\/\/www.naturalscience.org\/wp-content\/uploads\/2014\/09\/Wald-2-200x133.jpg 200w, https:\/\/www.naturalscience.org\/wp-content\/uploads\/2014\/09\/Wald-2-164x109.jpg 164w, https:\/\/www.naturalscience.org\/wp-content\/uploads\/2014\/09\/Wald-2.jpg 2000w\" sizes=\"auto, (max-width: 300px) 100vw, 300px\" \/> son diversos, ricos en especies y absolutamente indispensables. Son el h\u00e1bitat de m\u00e1s del 90% de todos los animales terrestres, ellos ofrecen protecci\u00f3n contra avalanchas y deslizamientos de tierra, proporcionan sombra y madera y son el almac\u00e9n para una incontable variedad de frutas y plantas medicinales. <strong>\u00a1Sin bosques no hay agua!<\/strong> Un metro cuadrado de suelo forestal retiene hasta 200 litros de agua. El derretimiento del hielo y el agua de lluvia se diluye en el suelo a trav\u00e9s de lo cual es filtrada, produciendo as\u00ed agua limpia subterr\u00e1nea. Adem\u00e1s, los \u00e1rboles son buenos&nbsp;\u00abgeneradores de lluvia\u00bb, porque las \u00e1reas de arboledas absorben m\u00e1s la energ\u00eda solar que las regiones \u00e1ridas, lo que conduce a mayor condensaci\u00f3n atmosf\u00e9rica, as\u00ed tambi\u00e9n las hojas de los \u00e1rboles tienen un efecto humidificador del aire. Ambos facilitan la precipitation.<\/p>\n<p>Los \u00e1rboles tambi\u00e9n son intermediarios entre la atm\u00f3sfera y el planeta. Como tales, son absolutamente esenciales para mantener el equilibrio entre los elementos de la tierra, agua, aire y fuego. <strong>Sin \u00e1rboles grandes y viejos el planeta Tierra no tendr\u00eda existencia, y tampoco la tendr\u00edamos nosotros.<\/strong><\/p>\n<h2>Reforestacion<\/h2>\n<p><img loading=\"lazy\" decoding=\"async\" class=\"wp-image-38602 size-medium alignright\" src=\"https:\/\/www.naturalscience.org\/wp-content\/uploads\/2023\/01\/AdobeStock_2370877411.5MB-200x300.jpeg\" alt=\"\" width=\"200\" height=\"300\" srcset=\"https:\/\/www.naturalscience.org\/wp-content\/uploads\/2023\/01\/AdobeStock_2370877411.5MB-200x300.jpeg 200w, https:\/\/www.naturalscience.org\/wp-content\/uploads\/2023\/01\/AdobeStock_2370877411.5MB-683x1024.jpeg 683w, https:\/\/www.naturalscience.org\/wp-content\/uploads\/2023\/01\/AdobeStock_2370877411.5MB-768x1151.jpeg 768w, https:\/\/www.naturalscience.org\/wp-content\/uploads\/2023\/01\/AdobeStock_2370877411.5MB-1025x1536.jpeg 1025w, https:\/\/www.naturalscience.org\/wp-content\/uploads\/2023\/01\/AdobeStock_2370877411.5MB-109x164.jpeg 109w, https:\/\/www.naturalscience.org\/wp-content\/uploads\/2023\/01\/AdobeStock_2370877411.5MB-267x400.jpeg 267w, https:\/\/www.naturalscience.org\/wp-content\/uploads\/2023\/01\/AdobeStock_2370877411.5MB-334x500.jpeg 334w, https:\/\/www.naturalscience.org\/wp-content\/uploads\/2023\/01\/AdobeStock_2370877411.5MB.jpeg 1200w\" sizes=\"auto, (max-width: 200px) 100vw, 200px\" \/><\/p>\n<p><strong>Teniendo en cuenta los recientes cambios a nivel mundial, es esencial no s\u00f3lo preservar y proteger los bosques, sino tambi\u00e9n reforestar en una escala masiva.<\/strong> La mitad de los bosques del mundo ya han sido aniquilados. Y la desforestaci\u00f3n contin\u00faa. Cada a\u00f1o 9,5 millones de hect\u00e1reas de bosques en todo el mundo son destruidas; esto equivale a una superficie de 18 campos de f\u00fatbol por minuto. En algunos pa\u00edses, tales como Suiza las ejemplares leyes forestales establecen que la zona de bosque existente debe ser preservada incondicionalmente. Pero esto no es suficiente. Muchos m\u00e1s \u00e1rboles de los que se han talado deben ser replantados; porque por cada \u00e1rbol de haya centenario talado, para garantizar la sustituci\u00f3n del mismo rendimiento para la vida,&nbsp;\u00a1tendr\u00edan que ser plantados dos mil \u00e1rboles j\u00f3venes de haya con un volumen de corona de 1m<sup>3<\/sup> cada uno!<\/p>\n<p>Participe en el D\u00eda Internacional del \u00c1rbol, que se celebra&nbsp;el \u00faltimo viernes de abril&nbsp;&nbsp;de cada a\u00f1o, y plante un \u00e1rbol. O Pregunte acerca de las campa\u00f1as de siembra de \u00e1rboles en su localidad.<\/p>\n<h2>Calentamiento global<\/h2>\n<p><img loading=\"lazy\" decoding=\"async\" class=\"wp-image-38603 size-medium alignleft\" src=\"https:\/\/www.naturalscience.org\/wp-content\/uploads\/2023\/01\/iStock-6682182301.8MB-300x222.jpg\" alt=\"\" width=\"300\" height=\"222\" srcset=\"https:\/\/www.naturalscience.org\/wp-content\/uploads\/2023\/01\/iStock-6682182301.8MB-300x222.jpg 300w, https:\/\/www.naturalscience.org\/wp-content\/uploads\/2023\/01\/iStock-6682182301.8MB-1024x757.jpg 1024w, https:\/\/www.naturalscience.org\/wp-content\/uploads\/2023\/01\/iStock-6682182301.8MB-768x568.jpg 768w, https:\/\/www.naturalscience.org\/wp-content\/uploads\/2023\/01\/iStock-6682182301.8MB-1536x1136.jpg 1536w, https:\/\/www.naturalscience.org\/wp-content\/uploads\/2023\/01\/iStock-6682182301.8MB-2048x1515.jpg 2048w, https:\/\/www.naturalscience.org\/wp-content\/uploads\/2023\/01\/iStock-6682182301.8MB-164x121.jpg 164w, https:\/\/www.naturalscience.org\/wp-content\/uploads\/2023\/01\/iStock-6682182301.8MB-400x296.jpg 400w, https:\/\/www.naturalscience.org\/wp-content\/uploads\/2023\/01\/iStock-6682182301.8MB-500x370.jpg 500w\" sizes=\"auto, (max-width: 300px) 100vw, 300px\" \/><\/p>\n<p>En relaci\u00f3n con el calentamiento global, lo que es popularmente se\u00f1alado como el problema es la emisi\u00f3n de CO<sub>2<\/sub>. Si es cierto que solo porque causa contaminaci\u00f3n del aire es importante restringir la producci\u00f3n excesiva de CO<sub>2<\/sub>, el mayor problema en este punto no es el CO<sub>2<\/sub>, sino la deforestaci\u00f3n. <strong>A menor n\u00famero de \u00e1rboles que haya en este planeta, menos&nbsp;CO<sub>2<\/sub> est\u00e1 siendo absorbido <\/strong>y mayor es el aumento de temperatura \u2013 que es sobre todo el resultado de causas naturales \u2013 puede ser equilibrado. Por lo tanto, en el enfoque de los programas pol\u00edticos y de las organizaciones ambientales deben priorizarse los proyectos de reforestaci\u00f3n. La siembra de \u00e1rboles es la forma m\u00e1s sencilla, menos costosa y m\u00e1s efectiva de hacer algo contra el calentamiento global.<\/p>\n<p>Usede puede hacer su aporte personal en este sentido plantando \u00e1rboles en su propio patio.<\/p>\n            <div class=\"latest-news-list hide-for-print\">\r\n                <div class=\"row\">\r\n                    <div class=\"small-24 columns \">\r\n                        <div class=\"title\">Enfoque sobre Bosques<\/div>\r\n\t\t\t\t\t\t\t\t\t\t\t\t\t<article class=\"news-excerpt\" id=\"post-43834\">\r\n    <div class=\"row collapse\">\r\n\r\n\t\t\r\n        <div class=\"medium-7 columns\">\r\n            <a href=\"https:\/\/www.naturalscience.org\/es\/news\/2026\/04\/brindemos-por-los-arboles\/\" title=\"\u00a1Brindemos por los \u00c1rboles!\">\r\n                <img decoding=\"async\" src=\"https:\/\/www.naturalscience.org\/wp-content\/uploads\/2026\/04\/AdobeStock_194112844SQUAREjpg-164x164.jpg\" alt=\"\" width=\"200px\" height=\"200px\"\/>\r\n            <\/a>\r\n        <\/div>\r\n\r\n        <div class=\"medium-17 columns\">\r\n\t\t\t\r\n                <header>\r\n                    <div class=\"row collapse top\">\r\n                        <div class=\"small-12 columns\">\r\n                            <time datetime=\"2026-04-15T09:45:03+02:00\">\r\n\t\t\t\t\t\t\t\tMi\u00e9rcoles, 15. abril 2026                            <\/time>\r\n                        <\/div>\r\n\t\t\t\t\t\t                    <\/div>\r\n                    <h2><a href=\"https:\/\/www.naturalscience.org\/es\/news\/2026\/04\/brindemos-por-los-arboles\/\">\u00a1Brindemos por los \u00c1rboles!<\/a><\/h2>\r\n\r\n                <\/header>\r\n                <div class=\"entry-content\">\r\n                    <p>\r\n\t                    \u201cPara existir como naci\u00f3n, prosperar como estado y vivir como pueblo, necesitamos tener \u00e1rboles\u201d. Esta afirmaci\u00f3n se atribuye usualmente a Theodore \u201cTeddy\u201d Roosevelt (1858-1919), el 26\u00ba Presidente de los Estados Unidos de Am\u00e9rica. Roosevelt es considerado uno de los fundadores gu\u00eda de la pol\u00edtica de conservaci\u00f3n moderna, que buscaba utilizar la naturaleza sin explotarla. Su [&hellip;]                                                    <a href=\"https:\/\/www.naturalscience.org\/es\/news\/2026\/04\/brindemos-por-los-arboles\/\" class=\"more-link\">Leer m\u00e1s\u2026<\/a>\r\n                                            <\/p>\r\n                <\/div>\r\n            <\/div>\r\n        <\/div>\r\n<\/article>\t\t\t\t\t\t\t\t\t\t\t\t\r\n\t\t\t\t\t\t                        <a href=\"https:\/\/www.naturalscience.org\/es\/news\/category\/agricultura-natural\/bosques\/\" class=\"button radius\">\r\n                            <i class=\"fa fa-angle-right\"><\/i>&nbsp;&nbsp;M\u00e1s                        <\/a>\r\n                    <\/div>\r\n                <\/div>\r\n            <\/div>\r\n\t\t\t\n\n","protected":false},"excerpt":{"rendered":"\u201cPara existir como naci\u00f3n, prosperar como estado y vivir como pueblo, necesitamos tener \u00e1rboles\u201d. Esta afirmaci\u00f3n se atribuye usualmente a Theodore \u201cTeddy\u201d Roosevelt (1858-1919), el 26\u00ba Presidente de los Estados Unidos de Am\u00e9rica. Roosevelt es considerado uno de los fundadores gu\u00eda de la pol\u00edtica de conservaci\u00f3n moderna, que buscaba utilizar la naturaleza sin explotarla. Su [&hellip;]","protected":false},"author":9,"featured_media":0,"parent":15398,"menu_order":47,"comment_status":"closed","ping_status":"closed","template":"","meta":{"_acf_changed":false,"ngg_post_thumbnail":0,"footnotes":""},"categories":[183],"class_list":["post-15236","page","type-page","status-publish","hentry","category-bosques","wpautop"],"acf":[],"yoast_head":"<!-- This site is optimized with the Yoast SEO plugin v27.5 - https:\/\/yoast.com\/product\/yoast-seo-wordpress\/ -->\n<title>Bosques - The World Foundation for Natural Science<\/title>\n<meta name=\"robots\" content=\"index, follow, max-snippet:-1, max-image-preview:large, max-video-preview:-1\" \/>\n<link rel=\"canonical\" href=\"https:\/\/www.naturalscience.org\/es\/temas\/agricultura-natural\/bosques\/\" \/>\n<meta name=\"twitter:label1\" content=\"Tiempo de lectura\" \/>\n\t<meta name=\"twitter:data1\" content=\"3 minutos\" \/>\n<script type=\"application\/ld+json\" class=\"yoast-schema-graph\">{\"@context\":\"https:\\\/\\\/schema.org\",\"@graph\":[{\"@type\":\"WebPage\",\"@id\":\"https:\\\/\\\/www.naturalscience.org\\\/es\\\/temas\\\/agricultura-natural\\\/bosques\\\/\",\"url\":\"https:\\\/\\\/www.naturalscience.org\\\/es\\\/temas\\\/agricultura-natural\\\/bosques\\\/\",\"name\":\"Bosques - The World Foundation for Natural Science\",\"isPartOf\":{\"@id\":\"https:\\\/\\\/www.naturalscience.org\\\/#website\"},\"primaryImageOfPage\":{\"@id\":\"https:\\\/\\\/www.naturalscience.org\\\/es\\\/temas\\\/agricultura-natural\\\/bosques\\\/#primaryimage\"},\"image\":{\"@id\":\"https:\\\/\\\/www.naturalscience.org\\\/es\\\/temas\\\/agricultura-natural\\\/bosques\\\/#primaryimage\"},\"thumbnailUrl\":\"https:\\\/\\\/www.naturalscience.org\\\/wp-content\\\/uploads\\\/2014\\\/09\\\/Wald-2-300x200.jpg\",\"datePublished\":\"2015-08-31T18:51:42+00:00\",\"dateModified\":\"2023-01-09T14:51:19+00:00\",\"breadcrumb\":{\"@id\":\"https:\\\/\\\/www.naturalscience.org\\\/es\\\/temas\\\/agricultura-natural\\\/bosques\\\/#breadcrumb\"},\"inLanguage\":\"es\",\"potentialAction\":[{\"@type\":\"ReadAction\",\"target\":[\"https:\\\/\\\/www.naturalscience.org\\\/es\\\/temas\\\/agricultura-natural\\\/bosques\\\/\"]}]},{\"@type\":\"ImageObject\",\"inLanguage\":\"es\",\"@id\":\"https:\\\/\\\/www.naturalscience.org\\\/es\\\/temas\\\/agricultura-natural\\\/bosques\\\/#primaryimage\",\"url\":\"https:\\\/\\\/www.naturalscience.org\\\/wp-content\\\/uploads\\\/2014\\\/09\\\/Wald-2-300x200.jpg\",\"contentUrl\":\"https:\\\/\\\/www.naturalscience.org\\\/wp-content\\\/uploads\\\/2014\\\/09\\\/Wald-2-300x200.jpg\"},{\"@type\":\"BreadcrumbList\",\"@id\":\"https:\\\/\\\/www.naturalscience.org\\\/es\\\/temas\\\/agricultura-natural\\\/bosques\\\/#breadcrumb\",\"itemListElement\":[{\"@type\":\"ListItem\",\"position\":1,\"name\":\"Home\",\"item\":\"https:\\\/\\\/www.naturalscience.org\\\/es\\\/\"},{\"@type\":\"ListItem\",\"position\":2,\"name\":\"Temas\",\"item\":\"https:\\\/\\\/www.naturalscience.org\\\/es\\\/temas\\\/\"},{\"@type\":\"ListItem\",\"position\":3,\"name\":\"Agricultura natural\",\"item\":\"https:\\\/\\\/www.naturalscience.org\\\/es\\\/temas\\\/agricultura-natural\\\/\"},{\"@type\":\"ListItem\",\"position\":4,\"name\":\"Bosques\"}]},{\"@type\":\"WebSite\",\"@id\":\"https:\\\/\\\/www.naturalscience.org\\\/#website\",\"url\":\"https:\\\/\\\/www.naturalscience.org\\\/\",\"name\":\"The World Foundation for Natural Science\",\"description\":\"Restoring and Healing the World through Responsibility and Commitment in accord with Natural and Divine Law!\",\"potentialAction\":[{\"@type\":\"SearchAction\",\"target\":{\"@type\":\"EntryPoint\",\"urlTemplate\":\"https:\\\/\\\/www.naturalscience.org\\\/?s={search_term_string}\"},\"query-input\":{\"@type\":\"PropertyValueSpecification\",\"valueRequired\":true,\"valueName\":\"search_term_string\"}}],\"inLanguage\":\"es\"}]}<\/script>\n<!-- \/ Yoast SEO plugin. -->","yoast_head_json":{"title":"Bosques - The World Foundation for Natural Science","robots":{"index":"index","follow":"follow","max-snippet":"max-snippet:-1","max-image-preview":"max-image-preview:large","max-video-preview":"max-video-preview:-1"},"canonical":"https:\/\/www.naturalscience.org\/es\/temas\/agricultura-natural\/bosques\/","twitter_misc":{"Tiempo de lectura":"3 minutos"},"schema":{"@context":"https:\/\/schema.org","@graph":[{"@type":"WebPage","@id":"https:\/\/www.naturalscience.org\/es\/temas\/agricultura-natural\/bosques\/","url":"https:\/\/www.naturalscience.org\/es\/temas\/agricultura-natural\/bosques\/","name":"Bosques - The World Foundation for Natural Science","isPartOf":{"@id":"https:\/\/www.naturalscience.org\/#website"},"primaryImageOfPage":{"@id":"https:\/\/www.naturalscience.org\/es\/temas\/agricultura-natural\/bosques\/#primaryimage"},"image":{"@id":"https:\/\/www.naturalscience.org\/es\/temas\/agricultura-natural\/bosques\/#primaryimage"},"thumbnailUrl":"https:\/\/www.naturalscience.org\/wp-content\/uploads\/2014\/09\/Wald-2-300x200.jpg","datePublished":"2015-08-31T18:51:42+00:00","dateModified":"2023-01-09T14:51:19+00:00","breadcrumb":{"@id":"https:\/\/www.naturalscience.org\/es\/temas\/agricultura-natural\/bosques\/#breadcrumb"},"inLanguage":"es","potentialAction":[{"@type":"ReadAction","target":["https:\/\/www.naturalscience.org\/es\/temas\/agricultura-natural\/bosques\/"]}]},{"@type":"ImageObject","inLanguage":"es","@id":"https:\/\/www.naturalscience.org\/es\/temas\/agricultura-natural\/bosques\/#primaryimage","url":"https:\/\/www.naturalscience.org\/wp-content\/uploads\/2014\/09\/Wald-2-300x200.jpg","contentUrl":"https:\/\/www.naturalscience.org\/wp-content\/uploads\/2014\/09\/Wald-2-300x200.jpg"},{"@type":"BreadcrumbList","@id":"https:\/\/www.naturalscience.org\/es\/temas\/agricultura-natural\/bosques\/#breadcrumb","itemListElement":[{"@type":"ListItem","position":1,"name":"Home","item":"https:\/\/www.naturalscience.org\/es\/"},{"@type":"ListItem","position":2,"name":"Temas","item":"https:\/\/www.naturalscience.org\/es\/temas\/"},{"@type":"ListItem","position":3,"name":"Agricultura natural","item":"https:\/\/www.naturalscience.org\/es\/temas\/agricultura-natural\/"},{"@type":"ListItem","position":4,"name":"Bosques"}]},{"@type":"WebSite","@id":"https:\/\/www.naturalscience.org\/#website","url":"https:\/\/www.naturalscience.org\/","name":"The World Foundation for Natural Science","description":"Restoring and Healing the World through Responsibility and Commitment in accord with Natural and Divine Law!","potentialAction":[{"@type":"SearchAction","target":{"@type":"EntryPoint","urlTemplate":"https:\/\/www.naturalscience.org\/?s={search_term_string}"},"query-input":{"@type":"PropertyValueSpecification","valueRequired":true,"valueName":"search_term_string"}}],"inLanguage":"es"}]}},"_links":{"self":[{"href":"https:\/\/www.naturalscience.org\/es\/wp-json\/wp\/v2\/pages\/15236","targetHints":{"allow":["GET"]}}],"collection":[{"href":"https:\/\/www.naturalscience.org\/es\/wp-json\/wp\/v2\/pages"}],"about":[{"href":"https:\/\/www.naturalscience.org\/es\/wp-json\/wp\/v2\/types\/page"}],"author":[{"embeddable":true,"href":"https:\/\/www.naturalscience.org\/es\/wp-json\/wp\/v2\/users\/9"}],"replies":[{"embeddable":true,"href":"https:\/\/www.naturalscience.org\/es\/wp-json\/wp\/v2\/comments?post=15236"}],"version-history":[{"count":18,"href":"https:\/\/www.naturalscience.org\/es\/wp-json\/wp\/v2\/pages\/15236\/revisions"}],"predecessor-version":[{"id":38616,"href":"https:\/\/www.naturalscience.org\/es\/wp-json\/wp\/v2\/pages\/15236\/revisions\/38616"}],"up":[{"embeddable":true,"href":"https:\/\/www.naturalscience.org\/es\/wp-json\/wp\/v2\/pages\/15398"}],"wp:attachment":[{"href":"https:\/\/www.naturalscience.org\/es\/wp-json\/wp\/v2\/media?parent=15236"}],"wp:term":[{"taxonomy":"category","embeddable":true,"href":"https:\/\/www.naturalscience.org\/es\/wp-json\/wp\/v2\/categories?post=15236"}],"curies":[{"name":"wp","href":"https:\/\/api.w.org\/{rel}","templated":true}]}}