{"id":15229,"date":"2015-08-31T20:44:14","date_gmt":"2015-08-31T18:44:14","guid":{"rendered":"http:\/\/www.naturalscience.org\/es\/?page_id=15229"},"modified":"2017-03-20T15:11:48","modified_gmt":"2017-03-20T14:11:48","slug":"lo-que-puedes-hacer-por-las-abejas","status":"publish","type":"page","link":"https:\/\/www.naturalscience.org\/es\/temas\/agricultura-natural\/abejas\/lo-que-puedes-hacer-por-las-abejas\/","title":{"rendered":"Lo que puede hacer por las Abejas"},"content":{"rendered":"<ul>\n<li>No utilice pesticidas en su propio jard\u00edn.<\/li>\n<li>En su propio jard\u00edn, siembre plantas aut\u00f3ctonas para insectos polinizadores, tenga en cuenta que deben ser numerosas, para que florezcan siempre desde la primavera hasta el oto\u00f1o.<\/li>\n<li>Reduzca el uso de las\u00a0<a title=\"Las microondas y las comunicaciones m\u00f3viles\" href=\"https:\/\/www.naturalscience.org\/es\/temas\/microondas-y-comunicaciones-moviles\/\">tecnolog\u00edas inal\u00e1mbricas<\/a>.<\/li>\n<li>No compre ninguna planta ornamental con flores llenas, ya que producen muy poco polen y n\u00e9ctar o nada en absoluto.<\/li>\n<li>Coloque ayudas de anidaci\u00f3n para las abejas silvestres (\u00abHoteles de insectos\u00bb).<\/li>\n<li>En su propio jard\u00edn, organice un abrevadero para las abejas y otros insectos.<\/li>\n<li>Compre la miel de su apicultor local.<\/li>\n<li>Compre alimentos org\u00e1nicos, producidos sin pesticidas ni agro-t\u00f3xicos.<\/li>\n<li>Conscientemente trate a las abejas con respeto y gratitud.<\/li>\n<\/ul>\n","protected":false},"excerpt":{"rendered":"No utilice pesticidas en su propio jard\u00edn. En su propio jard\u00edn, siembre plantas aut\u00f3ctonas para insectos polinizadores, tenga en cuenta que deben ser numerosas, para que florezcan siempre desde la primavera hasta el oto\u00f1o. Reduzca el uso de las\u00a0tecnolog\u00edas inal\u00e1mbricas. No compre ninguna planta ornamental con flores llenas, ya que producen muy poco polen y [&hellip;]","protected":false},"author":9,"featured_media":0,"parent":15224,"menu_order":15,"comment_status":"closed","ping_status":"closed","template":"","meta":{"_acf_changed":false,"ngg_post_thumbnail":0,"footnotes":""},"categories":[182],"class_list":["post-15229","page","type-page","status-publish","hentry","category-abejas","wpautop"],"acf":[],"yoast_head":"<!-- This site is optimized with the Yoast SEO plugin v27.5 - https:\/\/yoast.com\/product\/yoast-seo-wordpress\/ -->\n<title>Lo que puede hacer por las Abejas - The World Foundation for Natural Science<\/title>\n<meta name=\"robots\" content=\"index, follow, max-snippet:-1, max-image-preview:large, max-video-preview:-1\" \/>\n<link rel=\"canonical\" href=\"https:\/\/www.naturalscience.org\/es\/temas\/agricultura-natural\/abejas\/lo-que-puedes-hacer-por-las-abejas\/\" \/>\n<meta name=\"twitter:label1\" content=\"Tiempo de lectura\" \/>\n\t<meta name=\"twitter:data1\" content=\"1 minuto\" \/>\n<script type=\"application\/ld+json\" class=\"yoast-schema-graph\">{\"@context\":\"https:\\\/\\\/schema.org\",\"@graph\":[{\"@type\":\"WebPage\",\"@id\":\"https:\\\/\\\/www.naturalscience.org\\\/es\\\/temas\\\/agricultura-natural\\\/abejas\\\/lo-que-puedes-hacer-por-las-abejas\\\/\",\"url\":\"https:\\\/\\\/www.naturalscience.org\\\/es\\\/temas\\\/agricultura-natural\\\/abejas\\\/lo-que-puedes-hacer-por-las-abejas\\\/\",\"name\":\"Lo que puede hacer por las Abejas - The World Foundation for Natural Science\",\"isPartOf\":{\"@id\":\"https:\\\/\\\/www.naturalscience.org\\\/#website\"},\"datePublished\":\"2015-08-31T18:44:14+00:00\",\"dateModified\":\"2017-03-20T14:11:48+00:00\",\"breadcrumb\":{\"@id\":\"https:\\\/\\\/www.naturalscience.org\\\/es\\\/temas\\\/agricultura-natural\\\/abejas\\\/lo-que-puedes-hacer-por-las-abejas\\\/#breadcrumb\"},\"inLanguage\":\"es\",\"potentialAction\":[{\"@type\":\"ReadAction\",\"target\":[\"https:\\\/\\\/www.naturalscience.org\\\/es\\\/temas\\\/agricultura-natural\\\/abejas\\\/lo-que-puedes-hacer-por-las-abejas\\\/\"]}]},{\"@type\":\"BreadcrumbList\",\"@id\":\"https:\\\/\\\/www.naturalscience.org\\\/es\\\/temas\\\/agricultura-natural\\\/abejas\\\/lo-que-puedes-hacer-por-las-abejas\\\/#breadcrumb\",\"itemListElement\":[{\"@type\":\"ListItem\",\"position\":1,\"name\":\"Home\",\"item\":\"https:\\\/\\\/www.naturalscience.org\\\/es\\\/\"},{\"@type\":\"ListItem\",\"position\":2,\"name\":\"Temas\",\"item\":\"https:\\\/\\\/www.naturalscience.org\\\/es\\\/temas\\\/\"},{\"@type\":\"ListItem\",\"position\":3,\"name\":\"Agricultura natural\",\"item\":\"https:\\\/\\\/www.naturalscience.org\\\/es\\\/temas\\\/agricultura-natural\\\/\"},{\"@type\":\"ListItem\",\"position\":4,\"name\":\"Abejas\",\"item\":\"https:\\\/\\\/www.naturalscience.org\\\/es\\\/temas\\\/agricultura-natural\\\/abejas\\\/\"},{\"@type\":\"ListItem\",\"position\":5,\"name\":\"Lo que puede hacer por las Abejas\"}]},{\"@type\":\"WebSite\",\"@id\":\"https:\\\/\\\/www.naturalscience.org\\\/#website\",\"url\":\"https:\\\/\\\/www.naturalscience.org\\\/\",\"name\":\"The World Foundation for Natural Science\",\"description\":\"Restoring and Healing the World through Responsibility and Commitment in accord with Natural and Divine Law!\",\"potentialAction\":[{\"@type\":\"SearchAction\",\"target\":{\"@type\":\"EntryPoint\",\"urlTemplate\":\"https:\\\/\\\/www.naturalscience.org\\\/?s={search_term_string}\"},\"query-input\":{\"@type\":\"PropertyValueSpecification\",\"valueRequired\":true,\"valueName\":\"search_term_string\"}}],\"inLanguage\":\"es\"}]}<\/script>\n<!-- \/ Yoast SEO plugin. -->","yoast_head_json":{"title":"Lo que puede hacer por las Abejas - The World Foundation for Natural Science","robots":{"index":"index","follow":"follow","max-snippet":"max-snippet:-1","max-image-preview":"max-image-preview:large","max-video-preview":"max-video-preview:-1"},"canonical":"https:\/\/www.naturalscience.org\/es\/temas\/agricultura-natural\/abejas\/lo-que-puedes-hacer-por-las-abejas\/","twitter_misc":{"Tiempo de lectura":"1 minuto"},"schema":{"@context":"https:\/\/schema.org","@graph":[{"@type":"WebPage","@id":"https:\/\/www.naturalscience.org\/es\/temas\/agricultura-natural\/abejas\/lo-que-puedes-hacer-por-las-abejas\/","url":"https:\/\/www.naturalscience.org\/es\/temas\/agricultura-natural\/abejas\/lo-que-puedes-hacer-por-las-abejas\/","name":"Lo que puede hacer por las Abejas - The World Foundation for Natural Science","isPartOf":{"@id":"https:\/\/www.naturalscience.org\/#website"},"datePublished":"2015-08-31T18:44:14+00:00","dateModified":"2017-03-20T14:11:48+00:00","breadcrumb":{"@id":"https:\/\/www.naturalscience.org\/es\/temas\/agricultura-natural\/abejas\/lo-que-puedes-hacer-por-las-abejas\/#breadcrumb"},"inLanguage":"es","potentialAction":[{"@type":"ReadAction","target":["https:\/\/www.naturalscience.org\/es\/temas\/agricultura-natural\/abejas\/lo-que-puedes-hacer-por-las-abejas\/"]}]},{"@type":"BreadcrumbList","@id":"https:\/\/www.naturalscience.org\/es\/temas\/agricultura-natural\/abejas\/lo-que-puedes-hacer-por-las-abejas\/#breadcrumb","itemListElement":[{"@type":"ListItem","position":1,"name":"Home","item":"https:\/\/www.naturalscience.org\/es\/"},{"@type":"ListItem","position":2,"name":"Temas","item":"https:\/\/www.naturalscience.org\/es\/temas\/"},{"@type":"ListItem","position":3,"name":"Agricultura natural","item":"https:\/\/www.naturalscience.org\/es\/temas\/agricultura-natural\/"},{"@type":"ListItem","position":4,"name":"Abejas","item":"https:\/\/www.naturalscience.org\/es\/temas\/agricultura-natural\/abejas\/"},{"@type":"ListItem","position":5,"name":"Lo que puede hacer por las Abejas"}]},{"@type":"WebSite","@id":"https:\/\/www.naturalscience.org\/#website","url":"https:\/\/www.naturalscience.org\/","name":"The World Foundation for Natural Science","description":"Restoring and Healing the World through Responsibility and Commitment in accord with Natural and Divine Law!","potentialAction":[{"@type":"SearchAction","target":{"@type":"EntryPoint","urlTemplate":"https:\/\/www.naturalscience.org\/?s={search_term_string}"},"query-input":{"@type":"PropertyValueSpecification","valueRequired":true,"valueName":"search_term_string"}}],"inLanguage":"es"}]}},"_links":{"self":[{"href":"https:\/\/www.naturalscience.org\/es\/wp-json\/wp\/v2\/pages\/15229","targetHints":{"allow":["GET"]}}],"collection":[{"href":"https:\/\/www.naturalscience.org\/es\/wp-json\/wp\/v2\/pages"}],"about":[{"href":"https:\/\/www.naturalscience.org\/es\/wp-json\/wp\/v2\/types\/page"}],"author":[{"embeddable":true,"href":"https:\/\/www.naturalscience.org\/es\/wp-json\/wp\/v2\/users\/9"}],"replies":[{"embeddable":true,"href":"https:\/\/www.naturalscience.org\/es\/wp-json\/wp\/v2\/comments?post=15229"}],"version-history":[{"count":8,"href":"https:\/\/www.naturalscience.org\/es\/wp-json\/wp\/v2\/pages\/15229\/revisions"}],"predecessor-version":[{"id":23711,"href":"https:\/\/www.naturalscience.org\/es\/wp-json\/wp\/v2\/pages\/15229\/revisions\/23711"}],"up":[{"embeddable":true,"href":"https:\/\/www.naturalscience.org\/es\/wp-json\/wp\/v2\/pages\/15224"}],"wp:attachment":[{"href":"https:\/\/www.naturalscience.org\/es\/wp-json\/wp\/v2\/media?parent=15229"}],"wp:term":[{"taxonomy":"category","embeddable":true,"href":"https:\/\/www.naturalscience.org\/es\/wp-json\/wp\/v2\/categories?post=15229"}],"curies":[{"name":"wp","href":"https:\/\/api.w.org\/{rel}","templated":true}]}}