{"id":15214,"date":"2015-08-31T20:18:51","date_gmt":"2015-08-31T18:18:51","guid":{"rendered":"http:\/\/www.naturalscience.org\/es\/?page_id=15214"},"modified":"2022-12-14T14:36:51","modified_gmt":"2022-12-14T13:36:51","slug":"cancer-de-mama","status":"publish","type":"page","link":"https:\/\/www.naturalscience.org\/es\/temas\/salud\/cancer-de-mama\/","title":{"rendered":"C\u00e1ncer de Mama"},"content":{"rendered":"<p><img loading=\"lazy\" decoding=\"async\" class=\"size-medium wp-image-38332 alignright\" src=\"https:\/\/www.naturalscience.org\/wp-content\/uploads\/2022\/12\/WOMEN-200x300.jpeg\" alt=\"\" width=\"200\" height=\"300\" srcset=\"https:\/\/www.naturalscience.org\/wp-content\/uploads\/2022\/12\/WOMEN-200x300.jpeg 200w, https:\/\/www.naturalscience.org\/wp-content\/uploads\/2022\/12\/WOMEN-683x1024.jpeg 683w, https:\/\/www.naturalscience.org\/wp-content\/uploads\/2022\/12\/WOMEN-768x1152.jpeg 768w, https:\/\/www.naturalscience.org\/wp-content\/uploads\/2022\/12\/WOMEN-1024x1536.jpeg 1024w, https:\/\/www.naturalscience.org\/wp-content\/uploads\/2022\/12\/WOMEN-1365x2048.jpeg 1365w, https:\/\/www.naturalscience.org\/wp-content\/uploads\/2022\/12\/WOMEN-109x164.jpeg 109w, https:\/\/www.naturalscience.org\/wp-content\/uploads\/2022\/12\/WOMEN-267x400.jpeg 267w, https:\/\/www.naturalscience.org\/wp-content\/uploads\/2022\/12\/WOMEN-333x500.jpeg 333w, https:\/\/www.naturalscience.org\/wp-content\/uploads\/2022\/12\/WOMEN-scaled.jpeg 1707w\" sizes=\"auto, (max-width: 200px) 100vw, 200px\" \/> height=\u00bb200&#8243;>El c\u00e1ncer de mama es uno de los c\u00e1nceres m\u00e1s frecuentemente diagnosticado en las mujeres. En Europa occidental una de cada diez mujeres se enfrenta con este diagn\u00f3stico en el curso de su vida&#8230; y la tendencia va en aumento. Ning\u00fan otro tipo de c\u00e1ncer conlleva tantos miedos y emociones. Las mujeres se someten a ex\u00e1menes de detecci\u00f3n, tratamientos y operaciones riesgosas y que causan sufrimiento tanto f\u00edsico como emocional. <strong>En la medicina y en la investigaci\u00f3n enfocada a lo sintom\u00e1tico, muchas de las verdaderas causas y razones de c\u00e1ncer de mama permanecen en gran medida sin ser descubiertas.<\/strong><\/p>\n<div class=\"content-box green-1 width-40 left\">\n<div class=\"content-box-title\">C\u00f3mo prevenir el c\u00e1ncer de mama:<\/div>\n<div class=\"content-box-body\">\n<ul>\n<li>Evite las drogas que contengan hormonas activas como la p\u00edldora anticonceptiva, dispositivos intrauterino (peque\u00f1o aparato en forma de T) o medicamentos de reemplazo hormonal para reducir los achaques de la menopausia.<\/li>\n<li>Si tiene que utilizar preparados hormonales, utilice SOLAMENTE hormonas bioid\u00e9nticas &#8230; <span class=\"more\" style=\"line-height: 1.5;\"><i class=\"fa fa-angle-right \" ><\/i>&nbsp;<a title=\"C\u00f3mo prevenir el c\u00e1ncer de mama\" href=\"https:\/\/www.naturalscience.org\/es\/temas\/salud\/cancer-de-mama\/como-prevenir-el-cancer-de-mama\/\">m\u00e1s<\/a><\/span><\/li>\n<\/ul>\n<\/div>\n<\/div>\n<p><strong>Sin embargo, es posible prevenir eficazmente el c\u00e1ncer de mama.<\/strong> Es cuesti\u00f3n de las decisiones cotidianas, por ejemplo, si utilizamos medicamentos que contienen hormonas, o que tipo de alimentos comemos. Adem\u00e1s, las mujeres pueden usar los brasieres de tejidos naturales y sin alambres; y elegir envases de vidrio en lugar de pl\u00e1stico; y cosm\u00e9ticos sin conservantes similares a las hormonas. M\u00e1s consejos sobre c\u00f3mo prevenir el c\u00e1ncer de mama se pueden encontrar&nbsp;<a title=\"C\u00f3mo prevenir el c\u00e1ncer de mama\" href=\"https:\/\/www.naturalscience.org\/es\/temas\/salud\/cancer-de-mama\/como-prevenir-el-cancer-de-mama\/\">aqu\u00ed<\/a>.<\/p>\n<p>Tambi\u00e9n es fundamental la manera como nos tratamos a s\u00ed mismos y a los dem\u00e1s. <strong>Todos nuestros pensamientos y emociones tienen una influencia cr\u00edtica en las enfermedades,&nbsp;\u00a1pero tambi\u00e9n en nuestro bienestar!<\/strong> Sin embargo, si tenemos el poder de causar la enfermedad, tambi\u00e9n tenemos el poder de curarnos a nosotros mismos.<\/p>\n<p>Por lo tanto, es nuestra responsabilidad modificar nuestro comportamiento con el fin de prevenir el c\u00e1ncer. Aprenda de nuestros seminarios y conferencias c\u00f3mo prevenir concreta y efectivamente esta enfermedad.<\/p>\n<p style=\"text-align: center;\"><strong><em>&nbsp;\u00abLas enfermedades no nos acontecen de la nada, sino que se desarrollan a partir de pecados diarios contra la Naturaleza. Cuando \u00e9stos se han acumulado, de repente estallan.\u00bb<\/em><\/strong> <em>Hip\u00f3crates<\/em><\/p>\n<p>             <div class=\"publication-list hide-for-print\">\r\n                <div class=\"row\">\r\n                    <div class=\"small-24 columns \">\r\n                        <div class=\"title\">Publicaciones<\/div>\r\n\r\n\t\t\t\t\t\t\t\t\t\t\t\t\t\r\n\r\n<article class=\"row collapse all publication-item salud cancer-de-mama  brochure wfns\">\r\n\r\n\t<div class=\"cover medium-7 columns\">\r\n\t\t<a href=\"https:\/\/www.naturalscience.org\/es\/publicaciones\/cancer-de-mama-la-verdadera-prevencion-es-posible\/\">\r\n\t\t\t<img loading=\"lazy\" decoding=\"async\" src=\"https:\/\/www.naturalscience.org\/wp-content\/uploads\/2015\/01\/wfns_brochure_breast-cancer_10-13_spanish-131x300.jpg\" width=\"131\" height=\"300\">\t\t<\/a>\r\n\t<\/div>\r\n\r\n\t<div class=\"text medium-17 columns\">\r\n\r\n\t\t<div class=\"type\">\r\n\t\t\tFolleto\t\t<\/div>\r\n\r\n\t\t<div class=\"name\">\r\n\t\t\t<a href=\"https:\/\/www.naturalscience.org\/es\/publicaciones\/cancer-de-mama-la-verdadera-prevencion-es-posible\/\">C\u00e1ncer de Mama &#8211; La Verdadera Prevenci\u00f3n Es Posible<\/a>\r\n\t\t<\/div>\r\n\r\n\t\t<p class=\"description\">\r\n\t\t\t\t\t<\/p>\r\n\r\n\t\t<div class=\"buttons\">\r\n\t\t\t<div class=\"row collapse\">\r\n\t\t\t\t\t\t\t\t\t\t<div class=\"small-24 medium-8 columns\">\r\n\t\t\t\t\t\t\t<a href=\"https:\/\/www.naturalscience.org\/wp-content\/uploads\/2015\/01\/wfns_brochure_breast-cancer_10-13_spanish_web.pdf\" class=\"button radius primary small\" target=\"_blank\">\r\n\t\t\t\t\t\t\t\t<i class=\"fa fa-download\"><\/i>&nbsp;&nbsp;Descargar\t\t\t\t\t\t\t<\/a>\r\n\t\t\t\t\t\t<\/div>\r\n\t\t\t\t\t\r\n\t\t\t\t\t\t\t\t\t\t<div class=\"small-24 medium-16 columns\">\r\n\t\t\t\t\t\t<i class=\"fa fa-angle-right\"><\/i>\r\n\t\t\t\t\t\t<a href=\"https:\/\/www.naturalscience.org\/es\/publicaciones\/cancer-de-mama-la-verdadera-prevencion-es-posible\/\" class=\"further-information\">\r\n\t\t\t\t\t\t\tM\u00e1s informaci\u00f3n & idiomas\t\t\t\t\t\t<\/a>\r\n\t\t\t\t\t<\/div>\r\n\t\t\t\t\r\n\t\t\t\t\r\n\r\n\t\t\t<\/div>\r\n\t\t<\/div>\r\n\r\n\t<\/div>\r\n<\/article>\t\t\t\t\t\t\t\t\t\t\t\t\r\n                    <\/div>\r\n                <\/div>\r\n            <\/div>\r\n\r\n\t\t\t<\/p>\n","protected":false},"excerpt":{"rendered":"","protected":false},"author":9,"featured_media":0,"parent":15189,"menu_order":17,"comment_status":"closed","ping_status":"closed","template":"","meta":{"_acf_changed":false,"ngg_post_thumbnail":0,"footnotes":""},"categories":[181],"class_list":["post-15214","page","type-page","status-publish","hentry","category-cancer-de-mama","wpautop"],"acf":[],"yoast_head":"<!-- This site is optimized with the Yoast SEO plugin v27.3 - https:\/\/yoast.com\/product\/yoast-seo-wordpress\/ -->\n<title>C\u00e1ncer de Mama - The World Foundation for Natural Science<\/title>\n<meta name=\"robots\" content=\"index, follow, max-snippet:-1, max-image-preview:large, max-video-preview:-1\" \/>\n<link rel=\"canonical\" href=\"https:\/\/www.naturalscience.org\/es\/temas\/salud\/cancer-de-mama\/\" \/>\n<meta name=\"twitter:label1\" content=\"Tiempo de lectura\" \/>\n\t<meta name=\"twitter:data1\" content=\"2 minutos\" \/>\n<script type=\"application\/ld+json\" class=\"yoast-schema-graph\">{\"@context\":\"https:\\\/\\\/schema.org\",\"@graph\":[{\"@type\":\"WebPage\",\"@id\":\"https:\\\/\\\/www.naturalscience.org\\\/es\\\/temas\\\/salud\\\/cancer-de-mama\\\/\",\"url\":\"https:\\\/\\\/www.naturalscience.org\\\/es\\\/temas\\\/salud\\\/cancer-de-mama\\\/\",\"name\":\"C\u00e1ncer de Mama - The World Foundation for Natural Science\",\"isPartOf\":{\"@id\":\"https:\\\/\\\/www.naturalscience.org\\\/#website\"},\"primaryImageOfPage\":{\"@id\":\"https:\\\/\\\/www.naturalscience.org\\\/es\\\/temas\\\/salud\\\/cancer-de-mama\\\/#primaryimage\"},\"image\":{\"@id\":\"https:\\\/\\\/www.naturalscience.org\\\/es\\\/temas\\\/salud\\\/cancer-de-mama\\\/#primaryimage\"},\"thumbnailUrl\":\"https:\\\/\\\/www.naturalscience.org\\\/wp-content\\\/uploads\\\/2022\\\/12\\\/WOMEN-200x300.jpeg\",\"datePublished\":\"2015-08-31T18:18:51+00:00\",\"dateModified\":\"2022-12-14T13:36:51+00:00\",\"breadcrumb\":{\"@id\":\"https:\\\/\\\/www.naturalscience.org\\\/es\\\/temas\\\/salud\\\/cancer-de-mama\\\/#breadcrumb\"},\"inLanguage\":\"es\",\"potentialAction\":[{\"@type\":\"ReadAction\",\"target\":[\"https:\\\/\\\/www.naturalscience.org\\\/es\\\/temas\\\/salud\\\/cancer-de-mama\\\/\"]}]},{\"@type\":\"ImageObject\",\"inLanguage\":\"es\",\"@id\":\"https:\\\/\\\/www.naturalscience.org\\\/es\\\/temas\\\/salud\\\/cancer-de-mama\\\/#primaryimage\",\"url\":\"https:\\\/\\\/www.naturalscience.org\\\/wp-content\\\/uploads\\\/2022\\\/12\\\/WOMEN-200x300.jpeg\",\"contentUrl\":\"https:\\\/\\\/www.naturalscience.org\\\/wp-content\\\/uploads\\\/2022\\\/12\\\/WOMEN-200x300.jpeg\"},{\"@type\":\"BreadcrumbList\",\"@id\":\"https:\\\/\\\/www.naturalscience.org\\\/es\\\/temas\\\/salud\\\/cancer-de-mama\\\/#breadcrumb\",\"itemListElement\":[{\"@type\":\"ListItem\",\"position\":1,\"name\":\"Home\",\"item\":\"https:\\\/\\\/www.naturalscience.org\\\/es\\\/\"},{\"@type\":\"ListItem\",\"position\":2,\"name\":\"Temas\",\"item\":\"https:\\\/\\\/www.naturalscience.org\\\/es\\\/temas\\\/\"},{\"@type\":\"ListItem\",\"position\":3,\"name\":\"Salud\",\"item\":\"https:\\\/\\\/www.naturalscience.org\\\/cs\\\/temas\\\/salud\\\/\"},{\"@type\":\"ListItem\",\"position\":4,\"name\":\"C\u00e1ncer de Mama\"}]},{\"@type\":\"WebSite\",\"@id\":\"https:\\\/\\\/www.naturalscience.org\\\/#website\",\"url\":\"https:\\\/\\\/www.naturalscience.org\\\/\",\"name\":\"The World Foundation for Natural Science\",\"description\":\"Restoring and Healing the World through Responsibility and Commitment in accord with Natural and Divine Law!\",\"potentialAction\":[{\"@type\":\"SearchAction\",\"target\":{\"@type\":\"EntryPoint\",\"urlTemplate\":\"https:\\\/\\\/www.naturalscience.org\\\/?s={search_term_string}\"},\"query-input\":{\"@type\":\"PropertyValueSpecification\",\"valueRequired\":true,\"valueName\":\"search_term_string\"}}],\"inLanguage\":\"es\"}]}<\/script>\n<!-- \/ Yoast SEO plugin. -->","yoast_head_json":{"title":"C\u00e1ncer de Mama - The World Foundation for Natural Science","robots":{"index":"index","follow":"follow","max-snippet":"max-snippet:-1","max-image-preview":"max-image-preview:large","max-video-preview":"max-video-preview:-1"},"canonical":"https:\/\/www.naturalscience.org\/es\/temas\/salud\/cancer-de-mama\/","twitter_misc":{"Tiempo de lectura":"2 minutos"},"schema":{"@context":"https:\/\/schema.org","@graph":[{"@type":"WebPage","@id":"https:\/\/www.naturalscience.org\/es\/temas\/salud\/cancer-de-mama\/","url":"https:\/\/www.naturalscience.org\/es\/temas\/salud\/cancer-de-mama\/","name":"C\u00e1ncer de Mama - The World Foundation for Natural Science","isPartOf":{"@id":"https:\/\/www.naturalscience.org\/#website"},"primaryImageOfPage":{"@id":"https:\/\/www.naturalscience.org\/es\/temas\/salud\/cancer-de-mama\/#primaryimage"},"image":{"@id":"https:\/\/www.naturalscience.org\/es\/temas\/salud\/cancer-de-mama\/#primaryimage"},"thumbnailUrl":"https:\/\/www.naturalscience.org\/wp-content\/uploads\/2022\/12\/WOMEN-200x300.jpeg","datePublished":"2015-08-31T18:18:51+00:00","dateModified":"2022-12-14T13:36:51+00:00","breadcrumb":{"@id":"https:\/\/www.naturalscience.org\/es\/temas\/salud\/cancer-de-mama\/#breadcrumb"},"inLanguage":"es","potentialAction":[{"@type":"ReadAction","target":["https:\/\/www.naturalscience.org\/es\/temas\/salud\/cancer-de-mama\/"]}]},{"@type":"ImageObject","inLanguage":"es","@id":"https:\/\/www.naturalscience.org\/es\/temas\/salud\/cancer-de-mama\/#primaryimage","url":"https:\/\/www.naturalscience.org\/wp-content\/uploads\/2022\/12\/WOMEN-200x300.jpeg","contentUrl":"https:\/\/www.naturalscience.org\/wp-content\/uploads\/2022\/12\/WOMEN-200x300.jpeg"},{"@type":"BreadcrumbList","@id":"https:\/\/www.naturalscience.org\/es\/temas\/salud\/cancer-de-mama\/#breadcrumb","itemListElement":[{"@type":"ListItem","position":1,"name":"Home","item":"https:\/\/www.naturalscience.org\/es\/"},{"@type":"ListItem","position":2,"name":"Temas","item":"https:\/\/www.naturalscience.org\/es\/temas\/"},{"@type":"ListItem","position":3,"name":"Salud","item":"https:\/\/www.naturalscience.org\/cs\/temas\/salud\/"},{"@type":"ListItem","position":4,"name":"C\u00e1ncer de Mama"}]},{"@type":"WebSite","@id":"https:\/\/www.naturalscience.org\/#website","url":"https:\/\/www.naturalscience.org\/","name":"The World Foundation for Natural Science","description":"Restoring and Healing the World through Responsibility and Commitment in accord with Natural and Divine Law!","potentialAction":[{"@type":"SearchAction","target":{"@type":"EntryPoint","urlTemplate":"https:\/\/www.naturalscience.org\/?s={search_term_string}"},"query-input":{"@type":"PropertyValueSpecification","valueRequired":true,"valueName":"search_term_string"}}],"inLanguage":"es"}]}},"_links":{"self":[{"href":"https:\/\/www.naturalscience.org\/es\/wp-json\/wp\/v2\/pages\/15214","targetHints":{"allow":["GET"]}}],"collection":[{"href":"https:\/\/www.naturalscience.org\/es\/wp-json\/wp\/v2\/pages"}],"about":[{"href":"https:\/\/www.naturalscience.org\/es\/wp-json\/wp\/v2\/types\/page"}],"author":[{"embeddable":true,"href":"https:\/\/www.naturalscience.org\/es\/wp-json\/wp\/v2\/users\/9"}],"replies":[{"embeddable":true,"href":"https:\/\/www.naturalscience.org\/es\/wp-json\/wp\/v2\/comments?post=15214"}],"version-history":[{"count":12,"href":"https:\/\/www.naturalscience.org\/es\/wp-json\/wp\/v2\/pages\/15214\/revisions"}],"predecessor-version":[{"id":38341,"href":"https:\/\/www.naturalscience.org\/es\/wp-json\/wp\/v2\/pages\/15214\/revisions\/38341"}],"up":[{"embeddable":true,"href":"https:\/\/www.naturalscience.org\/es\/wp-json\/wp\/v2\/pages\/15189"}],"wp:attachment":[{"href":"https:\/\/www.naturalscience.org\/es\/wp-json\/wp\/v2\/media?parent=15214"}],"wp:term":[{"taxonomy":"category","embeddable":true,"href":"https:\/\/www.naturalscience.org\/es\/wp-json\/wp\/v2\/categories?post=15214"}],"curies":[{"name":"wp","href":"https:\/\/api.w.org\/{rel}","templated":true}]}}