{"id":15204,"date":"2015-08-31T19:59:59","date_gmt":"2015-08-31T17:59:59","guid":{"rendered":"http:\/\/www.naturalscience.org\/es\/?page_id=15204"},"modified":"2022-12-30T11:00:24","modified_gmt":"2022-12-30T10:00:24","slug":"flores-de-bach","status":"publish","type":"page","link":"https:\/\/www.naturalscience.org\/es\/temas\/salud\/flores-de-bach\/","title":{"rendered":"Flores de Bach"},"content":{"rendered":"<div class=\"content-box green-1 width-40 right\">\n<div class=\"content-box-title\">Consejos pr\u00e1cticos para el uso de los remedios florales de Bach:<\/div>\n<div class=\"content-box-body\">\n<ul>\n<li>En situaciones dif\u00edciles o graves ten a mano el Remedio de urgencias o Rescate: A\u00f1ade 4 gotas en un vaso de agua, luego bebe sorbos cada quince minutos, hasta que la condici\u00f3n haya mejorado&#8230; <span class=\"more\"><i class=\"fa fa-angle-right \" ><\/i>&nbsp;<a href=\"https:\/\/www.naturalscience.org\/es\/temas\/salud\/flores-de-bach\/consejos-practicos-para-el-uso-de-las-esencias-florales-de-bach\/\">mas<\/a><\/span><\/li>\n<\/ul>\n<\/div>\n<\/div>\n<p><strong>El m\u00e9dico Ingl\u00e9s Dr. Edward Bach (1886-1936) desarroll\u00f3 un sistema de curaci\u00f3n basado en los poderes curativos de los p\u00e9talos de 38 flores silvestres, arbustos y \u00e1rboles.<\/strong> Descubri\u00f3 que los hongos, virus y bacterias son simples acompa\u00f1antes de dolencias f\u00edsicas. Las verdaderas causas de la enfermedad a menudo se encuentran en los estados emocionales negativos como el miedo, sentimientos de culpa, los celos, la duda, la impaciencia, la incertidumbre, la desesperaci\u00f3n y similares. Las esencias florales de Bach, energ\u00e9ticamente cargadas, pueden equilibrar esas emociones negativas y ayudar a restaurar el correspondiente estado emocional positivo (amor, confianza, determinaci\u00f3n, coraje, esperanza, fe, seguridad en s\u00ed mismo, paciencia, etc.).<\/p>\n<div id=\"attachment_9222\" style=\"width: 287px\" class=\"wp-caption alignleft\"><a href=\"https:\/\/www.naturalscience.org\/wp-content\/uploads\/2015\/01\/Bachbl\u00fcten-4-e1423887314883.jpg\"><img loading=\"lazy\" decoding=\"async\" aria-describedby=\"caption-attachment-9222\" class=\"wp-image-9222\" src=\"https:\/\/www.naturalscience.org\/wp-content\/uploads\/2015\/01\/Bachbl\u00fcten-4-300x199.jpg\" alt=\"Kit de Flores de Bach\" width=\"287\" height=\"191\"><\/a><p id=\"caption-attachment-9222\" class=\"wp-caption-text\">Kit de Flores de Bach<\/p><\/div>\n<p><strong>La terapia floral de Bach es un m\u00e9todo sutil pero muy eficaz para volver a nuestro estado natural de equilibrio.<\/strong> S\u00f3lo cuando el equilibrio interior se reestablece somos capaces de percibir la \u201cpeque\u00f1a\u201d voz interna de nuestra alma y si actuamos seg\u00fan sus dictados, podemos evitar que nuestro cuerpo, con su inteligencia inherente, tenga que llamar nuestra atenci\u00f3n con trastornos como el dolor, erupciones en la piel, nerviosismo o insomnio. Por lo tanto, las flores de Bach son perfectamente adecuadas para la salud preventiva.<\/p>\n<p>Aprende a utilizar las flores de Bach para ti y tu familia. Puedes encontrar seminarios y conferencias sobre el tema de las flores de Bach en nuestro <a href=\"https:\/\/www.naturalscience.org\/es\/calendario-de-eventos\/\">calendario de eventos<\/a>.<\/p>\n<div id=\"attachment_8681\" style=\"width: 300px\" class=\"wp-caption alignright\"><a href=\"https:\/\/www.naturalscience.org\/wp-content\/uploads\/2015\/01\/Bachbl\u00fcten-1.jpg\"><img loading=\"lazy\" decoding=\"async\" aria-describedby=\"caption-attachment-8681\" class=\"wp-image-8681 size-medium\" src=\"https:\/\/www.naturalscience.org\/wp-content\/uploads\/2015\/01\/Bachbl\u00fcten-1-300x214.jpg\" alt=\"Madreselva\" width=\"300\" height=\"214\" srcset=\"https:\/\/www.naturalscience.org\/wp-content\/uploads\/2015\/01\/Bachbl\u00fcten-1-300x214.jpg 300w, https:\/\/www.naturalscience.org\/wp-content\/uploads\/2015\/01\/Bachbl\u00fcten-1-1024x731.jpg 1024w, https:\/\/www.naturalscience.org\/wp-content\/uploads\/2015\/01\/Bachbl\u00fcten-1-200x143.jpg 200w, https:\/\/www.naturalscience.org\/wp-content\/uploads\/2015\/01\/Bachbl\u00fcten-1-164x117.jpg 164w\" sizes=\"auto, (max-width: 300px) 100vw, 300px\" \/><\/a><p id=\"caption-attachment-8681\" class=\"wp-caption-text\">Madreselva: Tema: Nostalgia y a\u00f1oranza del pasado, alegan que todo tiempo pasado fue \u201cmejor\u201d<\/p><\/div>\n<p style=\"text-align: center;\"><em><strong><br \/>&nbsp;\u00abLa Salud depende de si estamos en armon\u00eda con nuestra alma.\u00bb<\/strong><br \/>\nDr. Edward Bach<\/em><\/p>\n<p>            <div class=\"latest-news-list hide-for-print\">\r\n                <div class=\"row\">\r\n                    <div class=\"small-24 columns \">\r\n                        <div class=\"title\">Enfoque sobre Flores de Bach<\/div>\r\n\t\t\t\t\t\t\t\t\t\t\t\t\t<article class=\"news-excerpt\" id=\"post-42947\">\r\n    <div class=\"row collapse\">\r\n\r\n\t\t\r\n        <div class=\"medium-7 columns\">\r\n            <a href=\"https:\/\/www.naturalscience.org\/es\/news\/2025\/11\/smart-tip-6\/\" title=\"Smart Tip # 6\">\r\n                <img decoding=\"async\" src=\"https:\/\/www.naturalscience.org\/wp-content\/uploads\/2025\/10\/AdobeStock_293769621SQUARE-164x164.jpg\" alt=\"\" width=\"200px\" height=\"200px\"\/>\r\n            <\/a>\r\n        <\/div>\r\n\r\n        <div class=\"medium-17 columns\">\r\n\t\t\t\r\n                <header>\r\n                    <div class=\"row collapse top\">\r\n                        <div class=\"small-12 columns\">\r\n                            <time datetime=\"2025-11-04T11:56:38+01:00\">\r\n\t\t\t\t\t\t\t\tMartes, 4. noviembre 2025                            <\/time>\r\n                        <\/div>\r\n\t\t\t\t\t\t                    <\/div>\r\n                    <h2><a href=\"https:\/\/www.naturalscience.org\/es\/news\/2025\/11\/smart-tip-6\/\">Smart Tip # 6<\/a><\/h2>\r\n\r\n                <\/header>\r\n                <div class=\"entry-content\">\r\n                    <p>\r\n\t                    \u00bfTu querida mascota le teme a algo, como ir al veterinario o a los fuegos artificiales? Unas gotas de Rescue Remedy (Rescate) del Dr. Bach, masajeadas suavemente con los dedos en las orejas,&nbsp;\u00a1pueden hacer maravillas! Tu mascota podr\u00e1 afrontar la situaci\u00f3n que la provoca ansiedad con mucha m\u00e1s tranquilidad.                                            <\/p>\r\n                <\/div>\r\n            <\/div>\r\n        <\/div>\r\n<\/article>\t\t\t\t\t\t\t\t\t\t\t\t\r\n\t\t\t\t\t\t                        <a href=\"https:\/\/www.naturalscience.org\/es\/news\/category\/salud\/flores-de-bach\/\" class=\"button radius\">\r\n                            <i class=\"fa fa-angle-right\"><\/i>&nbsp;&nbsp;M\u00e1s                        <\/a>\r\n                    <\/div>\r\n                <\/div>\r\n            <\/div>\r\n\t\t\t<br \/>\n<\/p>\n","protected":false},"excerpt":{"rendered":"\u00bfTu querida mascota le teme a algo, como ir al veterinario o a los fuegos artificiales? Unas gotas de Rescue Remedy (Rescate) del Dr. Bach, masajeadas suavemente con los dedos en las orejas,&nbsp;\u00a1pueden hacer maravillas! Tu mascota podr\u00e1 afrontar la situaci\u00f3n que la provoca ansiedad con mucha m\u00e1s tranquilidad.","protected":false},"author":9,"featured_media":0,"parent":15189,"menu_order":40,"comment_status":"closed","ping_status":"closed","template":"","meta":{"_acf_changed":false,"ngg_post_thumbnail":0,"footnotes":""},"categories":[172],"class_list":["post-15204","page","type-page","status-publish","hentry","category-flores-de-bach","wpautop"],"acf":[],"yoast_head":"<!-- This site is optimized with the Yoast SEO plugin v27.3 - https:\/\/yoast.com\/product\/yoast-seo-wordpress\/ -->\n<title>Flores de Bach - The World Foundation for Natural Science<\/title>\n<meta name=\"robots\" content=\"index, follow, max-snippet:-1, max-image-preview:large, max-video-preview:-1\" \/>\n<link rel=\"canonical\" href=\"https:\/\/www.naturalscience.org\/es\/temas\/salud\/flores-de-bach\/\" \/>\n<meta name=\"twitter:label1\" content=\"Tiempo de lectura\" \/>\n\t<meta name=\"twitter:data1\" content=\"2 minutos\" \/>\n<script type=\"application\/ld+json\" class=\"yoast-schema-graph\">{\"@context\":\"https:\\\/\\\/schema.org\",\"@graph\":[{\"@type\":\"WebPage\",\"@id\":\"https:\\\/\\\/www.naturalscience.org\\\/es\\\/temas\\\/salud\\\/flores-de-bach\\\/\",\"url\":\"https:\\\/\\\/www.naturalscience.org\\\/es\\\/temas\\\/salud\\\/flores-de-bach\\\/\",\"name\":\"Flores de Bach - The World Foundation for Natural Science\",\"isPartOf\":{\"@id\":\"https:\\\/\\\/www.naturalscience.org\\\/#website\"},\"datePublished\":\"2015-08-31T17:59:59+00:00\",\"dateModified\":\"2022-12-30T10:00:24+00:00\",\"breadcrumb\":{\"@id\":\"https:\\\/\\\/www.naturalscience.org\\\/es\\\/temas\\\/salud\\\/flores-de-bach\\\/#breadcrumb\"},\"inLanguage\":\"es\",\"potentialAction\":[{\"@type\":\"ReadAction\",\"target\":[\"https:\\\/\\\/www.naturalscience.org\\\/es\\\/temas\\\/salud\\\/flores-de-bach\\\/\"]}]},{\"@type\":\"BreadcrumbList\",\"@id\":\"https:\\\/\\\/www.naturalscience.org\\\/es\\\/temas\\\/salud\\\/flores-de-bach\\\/#breadcrumb\",\"itemListElement\":[{\"@type\":\"ListItem\",\"position\":1,\"name\":\"Home\",\"item\":\"https:\\\/\\\/www.naturalscience.org\\\/es\\\/\"},{\"@type\":\"ListItem\",\"position\":2,\"name\":\"Temas\",\"item\":\"https:\\\/\\\/www.naturalscience.org\\\/es\\\/temas\\\/\"},{\"@type\":\"ListItem\",\"position\":3,\"name\":\"Salud\",\"item\":\"https:\\\/\\\/www.naturalscience.org\\\/cs\\\/temas\\\/salud\\\/\"},{\"@type\":\"ListItem\",\"position\":4,\"name\":\"Flores de Bach\"}]},{\"@type\":\"WebSite\",\"@id\":\"https:\\\/\\\/www.naturalscience.org\\\/#website\",\"url\":\"https:\\\/\\\/www.naturalscience.org\\\/\",\"name\":\"The World Foundation for Natural Science\",\"description\":\"Restoring and Healing the World through Responsibility and Commitment in accord with Natural and Divine Law!\",\"potentialAction\":[{\"@type\":\"SearchAction\",\"target\":{\"@type\":\"EntryPoint\",\"urlTemplate\":\"https:\\\/\\\/www.naturalscience.org\\\/?s={search_term_string}\"},\"query-input\":{\"@type\":\"PropertyValueSpecification\",\"valueRequired\":true,\"valueName\":\"search_term_string\"}}],\"inLanguage\":\"es\"}]}<\/script>\n<!-- \/ Yoast SEO plugin. -->","yoast_head_json":{"title":"Flores de Bach - The World Foundation for Natural Science","robots":{"index":"index","follow":"follow","max-snippet":"max-snippet:-1","max-image-preview":"max-image-preview:large","max-video-preview":"max-video-preview:-1"},"canonical":"https:\/\/www.naturalscience.org\/es\/temas\/salud\/flores-de-bach\/","twitter_misc":{"Tiempo de lectura":"2 minutos"},"schema":{"@context":"https:\/\/schema.org","@graph":[{"@type":"WebPage","@id":"https:\/\/www.naturalscience.org\/es\/temas\/salud\/flores-de-bach\/","url":"https:\/\/www.naturalscience.org\/es\/temas\/salud\/flores-de-bach\/","name":"Flores de Bach - The World Foundation for Natural Science","isPartOf":{"@id":"https:\/\/www.naturalscience.org\/#website"},"datePublished":"2015-08-31T17:59:59+00:00","dateModified":"2022-12-30T10:00:24+00:00","breadcrumb":{"@id":"https:\/\/www.naturalscience.org\/es\/temas\/salud\/flores-de-bach\/#breadcrumb"},"inLanguage":"es","potentialAction":[{"@type":"ReadAction","target":["https:\/\/www.naturalscience.org\/es\/temas\/salud\/flores-de-bach\/"]}]},{"@type":"BreadcrumbList","@id":"https:\/\/www.naturalscience.org\/es\/temas\/salud\/flores-de-bach\/#breadcrumb","itemListElement":[{"@type":"ListItem","position":1,"name":"Home","item":"https:\/\/www.naturalscience.org\/es\/"},{"@type":"ListItem","position":2,"name":"Temas","item":"https:\/\/www.naturalscience.org\/es\/temas\/"},{"@type":"ListItem","position":3,"name":"Salud","item":"https:\/\/www.naturalscience.org\/cs\/temas\/salud\/"},{"@type":"ListItem","position":4,"name":"Flores de Bach"}]},{"@type":"WebSite","@id":"https:\/\/www.naturalscience.org\/#website","url":"https:\/\/www.naturalscience.org\/","name":"The World Foundation for Natural Science","description":"Restoring and Healing the World through Responsibility and Commitment in accord with Natural and Divine Law!","potentialAction":[{"@type":"SearchAction","target":{"@type":"EntryPoint","urlTemplate":"https:\/\/www.naturalscience.org\/?s={search_term_string}"},"query-input":{"@type":"PropertyValueSpecification","valueRequired":true,"valueName":"search_term_string"}}],"inLanguage":"es"}]}},"_links":{"self":[{"href":"https:\/\/www.naturalscience.org\/es\/wp-json\/wp\/v2\/pages\/15204","targetHints":{"allow":["GET"]}}],"collection":[{"href":"https:\/\/www.naturalscience.org\/es\/wp-json\/wp\/v2\/pages"}],"about":[{"href":"https:\/\/www.naturalscience.org\/es\/wp-json\/wp\/v2\/types\/page"}],"author":[{"embeddable":true,"href":"https:\/\/www.naturalscience.org\/es\/wp-json\/wp\/v2\/users\/9"}],"replies":[{"embeddable":true,"href":"https:\/\/www.naturalscience.org\/es\/wp-json\/wp\/v2\/comments?post=15204"}],"version-history":[{"count":16,"href":"https:\/\/www.naturalscience.org\/es\/wp-json\/wp\/v2\/pages\/15204\/revisions"}],"predecessor-version":[{"id":38398,"href":"https:\/\/www.naturalscience.org\/es\/wp-json\/wp\/v2\/pages\/15204\/revisions\/38398"}],"up":[{"embeddable":true,"href":"https:\/\/www.naturalscience.org\/es\/wp-json\/wp\/v2\/pages\/15189"}],"wp:attachment":[{"href":"https:\/\/www.naturalscience.org\/es\/wp-json\/wp\/v2\/media?parent=15204"}],"wp:term":[{"taxonomy":"category","embeddable":true,"href":"https:\/\/www.naturalscience.org\/es\/wp-json\/wp\/v2\/categories?post=15204"}],"curies":[{"name":"wp","href":"https:\/\/api.w.org\/{rel}","templated":true}]}}