{"id":15198,"date":"2015-08-31T19:44:38","date_gmt":"2015-08-31T17:44:38","guid":{"rendered":"http:\/\/www.naturalscience.org\/es\/?page_id=15198"},"modified":"2022-12-30T11:31:04","modified_gmt":"2022-12-30T10:31:04","slug":"microondas-y-comunicaciones-moviles","status":"publish","type":"page","link":"https:\/\/www.naturalscience.org\/es\/temas\/microondas-y-comunicaciones-moviles\/","title":{"rendered":"Microondas y Comunicaciones m\u00f3viles"},"content":{"rendered":"<p>La vida se basa en el electromagnetismo natural. <strong>Todo proceso de crecimiento, reparaci\u00f3n, conservaci\u00f3n o de descomposici\u00f3n, as\u00ed como cualquier proceso de comunicaci\u00f3n en la Naturaleza se basa en la cooperaci\u00f3n de los impulsos el\u00e9ctricos y magn\u00e9ticos naturales y los campos correspondientes.<\/strong> Esto se aplica a los reinos mineral, vegetal y animal, as\u00ed como los humanos y de igual manera a la comunicaci\u00f3n celular, incluso en los sistemas solares.<\/p>\n<p><strong>La radiaci\u00f3n tecnol\u00f3gica antinatural causada por las comunicaciones m\u00f3viles se ha convertido en la amenza m\u00e1s grande jam\u00e1s hecha por el hombre para toda vida y todo el medio ambiente.<\/strong> Tanto si se utiliza para un <a href=\"https:\/\/www.naturalscience.org\/es\/temas\/microondas-y-comunicaciones-moviles\/hornos-de-microondas\/\">horno de microondas<\/a> , un <a href=\"https:\/\/www.naturalscience.org\/es\/temas\/microondas-y-comunicaciones-moviles\/dispositivos-de-comunicacion-movil\/\">tel\u00e9fono DECT<\/a> , WLAN, Wi-Fi , Tabletas , m\u00f3viles o tel\u00e9fonos inteligentes o contadores inteligentes&nbsp;: <strong>La radiaci\u00f3n microondas perturba todos los procesos naturales en nuestros cuerpos y en la naturaleza.<\/strong> Por lo tanto, los impactos negativos son m\u00faltiples y en cierta medida dram\u00e1ticos.<\/p>\n<div class=\"content-box green-1 width-100\">\n<div class=\"content-box-title\">Consejos pr\u00e1cticos para el manejo correcto de los dispositivos de comunicaci\u00f3n m\u00f3vil:<\/div>\n<div class=\"content-box-body\">\n<ul>\n<li>En casa o en su lugar de trabajo siempre use una red cableada.<\/li>\n<li>Desactive la funci\u00f3n Bluetooth \/ Wi-Fi de todos los dispositivos (computadora port\u00e1til, PC, impresora, la radio del coche) si no est\u00e1 en uso (por interruptor o sistema de control).<\/li>\n<li>Use tel\u00e9fono con cable en lugar de tel\u00e9fono inal\u00e1mbrico&#8230;. <span class=\"more\"><i class=\"fa fa-angle-right \" ><\/i>&nbsp;<a title=\"Consejos para el manejo correcto de los dispositivos de comunicaci\u00f3n m\u00f3vil\" href=\"https:\/\/www.naturalscience.org\/es\/temas\/microondas-y-comunicaciones-moviles\/consejos-para-el-manejo-correcto-de-los-dispositivos-de-comunicacion-movil\/\">m\u00e1s<\/a><\/span><\/li>\n<\/ul>\n<\/div>\n<\/div>\n<p>\r\n\t        <div class=\"subpages-grid\">\r\n\r\n            <ul class=\"small-block-grid-1 medium-block-grid-2\">\r\n\t\t\t\t\t\t\t\t                        <li>\r\n\r\n\t\t\t\t\t\t\t                                <a href=\"https:\/\/www.naturalscience.org\/es\/temas\/microondas-y-comunicaciones-moviles\/5g\/\"><img loading=\"lazy\" decoding=\"async\" src=\"https:\/\/www.naturalscience.org\/wp-content\/uploads\/2019\/02\/header-5g-300x68.jpg\"\r\n                                                                         width=\"300\"\r\n                                                                         height=\"68\"\/><\/a>\r\n\t\t\t\t\t\t\t\r\n                            <h2><a href=\"https:\/\/www.naturalscience.org\/es\/temas\/microondas-y-comunicaciones-moviles\/5g\/\">5G<\/a><\/h2>\r\n\r\n                            <ul class=\"fa-ul\">\r\n\t\t\t\t\t\t\t\t                            <\/ul>\r\n                        <\/li>\r\n\t\t\t\t\t\t\t\t\t                        <li>\r\n\r\n\t\t\t\t\t\t\t                                <a href=\"https:\/\/www.naturalscience.org\/es\/temas\/microondas-y-comunicaciones-moviles\/efectos-y-perjuicios\/\"><img loading=\"lazy\" decoding=\"async\" src=\"https:\/\/www.naturalscience.org\/wp-content\/uploads\/2021\/01\/header-image-effects-harm-300x68.jpg\"\r\n                                                                         width=\"300\"\r\n                                                                         height=\"68\"\/><\/a>\r\n\t\t\t\t\t\t\t\r\n                            <h2><a href=\"https:\/\/www.naturalscience.org\/es\/temas\/microondas-y-comunicaciones-moviles\/efectos-y-perjuicios\/\">Efectos y perjuicios<\/a><\/h2>\r\n\r\n                            <ul class=\"fa-ul\">\r\n\t\t\t\t\t\t\t\t                            <\/ul>\r\n                        <\/li>\r\n\t\t\t\t\t\t\t\t\t                        <li>\r\n\r\n\t\t\t\t\t\t\t                                <a href=\"https:\/\/www.naturalscience.org\/es\/temas\/microondas-y-comunicaciones-moviles\/hornos-de-microondas\/\"><img loading=\"lazy\" decoding=\"async\" src=\"https:\/\/www.naturalscience.org\/wp-content\/uploads\/2015\/02\/header-microwave-oven-300x68.jpg\"\r\n                                                                         width=\"300\"\r\n                                                                         height=\"68\"\/><\/a>\r\n\t\t\t\t\t\t\t\r\n                            <h2><a href=\"https:\/\/www.naturalscience.org\/es\/temas\/microondas-y-comunicaciones-moviles\/hornos-de-microondas\/\">Hornos de Microondas<\/a><\/h2>\r\n\r\n                            <ul class=\"fa-ul\">\r\n\t\t\t\t\t\t\t\t                            <\/ul>\r\n                        <\/li>\r\n\t\t\t\t\t\t\t\t\t                        <li>\r\n\r\n\t\t\t\t\t\t\t                                <a href=\"https:\/\/www.naturalscience.org\/es\/temas\/microondas-y-comunicaciones-moviles\/cocinas-de-induccion\/\"><img loading=\"lazy\" decoding=\"async\" src=\"https:\/\/www.naturalscience.org\/wp-content\/uploads\/2015\/01\/header-induction-cooker-300x68.jpg\"\r\n                                                                         width=\"300\"\r\n                                                                         height=\"68\"\/><\/a>\r\n\t\t\t\t\t\t\t\r\n                            <h2><a href=\"https:\/\/www.naturalscience.org\/es\/temas\/microondas-y-comunicaciones-moviles\/cocinas-de-induccion\/\">Cocinas de inducci\u00f3n<\/a><\/h2>\r\n\r\n                            <ul class=\"fa-ul\">\r\n\t\t\t\t\t\t\t\t                            <\/ul>\r\n                        <\/li>\r\n\t\t\t\t\t\t\t\t\t                        <li>\r\n\r\n\t\t\t\t\t\t\t                                <a href=\"https:\/\/www.naturalscience.org\/es\/temas\/microondas-y-comunicaciones-moviles\/microondas-y-el-agua\/\"><img loading=\"lazy\" decoding=\"async\" src=\"https:\/\/www.naturalscience.org\/wp-content\/uploads\/2015\/02\/header-water-microwaves-300x68.jpg\"\r\n                                                                         width=\"300\"\r\n                                                                         height=\"68\"\/><\/a>\r\n\t\t\t\t\t\t\t\r\n                            <h2><a href=\"https:\/\/www.naturalscience.org\/es\/temas\/microondas-y-comunicaciones-moviles\/microondas-y-el-agua\/\">Microondas y el agua<\/a><\/h2>\r\n\r\n                            <ul class=\"fa-ul\">\r\n\t\t\t\t\t\t\t\t                            <\/ul>\r\n                        <\/li>\r\n\t\t\t\t\t\t\t\t\t                        <li>\r\n\r\n\t\t\t\t\t\t\t                                <a href=\"https:\/\/www.naturalscience.org\/es\/temas\/microondas-y-comunicaciones-moviles\/jovenes-y-moviles\/\"><img loading=\"lazy\" decoding=\"async\" src=\"https:\/\/www.naturalscience.org\/wp-content\/uploads\/2015\/02\/header-youth-mobiles-300x68.jpg\"\r\n                                                                         width=\"300\"\r\n                                                                         height=\"68\"\/><\/a>\r\n\t\t\t\t\t\t\t\r\n                            <h2><a href=\"https:\/\/www.naturalscience.org\/es\/temas\/microondas-y-comunicaciones-moviles\/jovenes-y-moviles\/\">J\u00f3venes y los tel\u00e9fonos m\u00f3viles<\/a><\/h2>\r\n\r\n                            <ul class=\"fa-ul\">\r\n\t\t\t\t\t\t\t\t                            <\/ul>\r\n                        <\/li>\r\n\t\t\t\t\t\t\t\t\t                        <li>\r\n\r\n\t\t\t\t\t\t\t                                <a href=\"https:\/\/www.naturalscience.org\/es\/temas\/microondas-y-comunicaciones-moviles\/dispositivos-de-comunicacion-movil\/\"><img loading=\"lazy\" decoding=\"async\" src=\"https:\/\/www.naturalscience.org\/wp-content\/uploads\/2022\/12\/AdobeStock_129273597_new-300x68.jpg\"\r\n                                                                         width=\"300\"\r\n                                                                         height=\"68\"\/><\/a>\r\n\t\t\t\t\t\t\t\r\n                            <h2><a href=\"https:\/\/www.naturalscience.org\/es\/temas\/microondas-y-comunicaciones-moviles\/dispositivos-de-comunicacion-movil\/\">Aparatos de comunicaci\u00f3n m\u00f3vil<\/a><\/h2>\r\n\r\n                            <ul class=\"fa-ul\">\r\n\t\t\t\t\t\t\t\t                            <\/ul>\r\n                        <\/li>\r\n\t\t\t\t\t\t\t\t\t            <\/ul>\r\n        <\/div>\r\n\t\r\n\t\r\n\t             <div class=\"latest-news-list hide-for-print\">\r\n                <div class=\"row\">\r\n                    <div class=\"small-24 columns \">\r\n                        <div class=\"title\">Enfoque sobre Aparatos de comunicaci\u00f3n m\u00f3vil<\/div>\r\n\t\t\t\t\t\t\t\t\t\t\t\t\t<article class=\"news-excerpt\" id=\"post-43348\">\r\n    <div class=\"row collapse\">\r\n\r\n\t\t\r\n        <div class=\"medium-7 columns\">\r\n            <a href=\"https:\/\/www.naturalscience.org\/es\/news\/2026\/02\/smart-tip-15\/\" title=\"Smart Tip # 15\">\r\n                <img decoding=\"async\" src=\"https:\/\/www.naturalscience.org\/wp-content\/uploads\/2026\/02\/AdobeStock_160674561SQUARE-164x164.jpg\" alt=\"\" width=\"200px\" height=\"200px\"\/>\r\n            <\/a>\r\n        <\/div>\r\n\r\n        <div class=\"medium-17 columns\">\r\n\t\t\t\r\n                <header>\r\n                    <div class=\"row collapse top\">\r\n                        <div class=\"small-12 columns\">\r\n                            <time datetime=\"2026-02-16T12:28:54+01:00\">\r\n\t\t\t\t\t\t\t\tLunes, 16. febrero 2026                            <\/time>\r\n                        <\/div>\r\n\t\t\t\t\t\t                    <\/div>\r\n                    <h2><a href=\"https:\/\/www.naturalscience.org\/es\/news\/2026\/02\/smart-tip-15\/\">Smart Tip # 15<\/a><\/h2>\r\n\r\n                <\/header>\r\n                <div class=\"entry-content\">\r\n                    <p>\r\n\t                    Los tel\u00e9fonos inal\u00e1mbricos env\u00edan se\u00f1ales continuamente y pueden causar trastornos del sue\u00f1o y otras molestias, ya que dondequiera que haya recepci\u00f3n, tambi\u00e9n hay radiaci\u00f3n. Cambia a un tel\u00e9fono con cable o al menos activa el modo Eco+ en tu tel\u00e9fono inal\u00e1mbrico. De esta manera, el tel\u00e9fono s\u00f3lo emite radiaci\u00f3n cuando haces una llamada.                                            <\/p>\r\n                <\/div>\r\n            <\/div>\r\n        <\/div>\r\n<\/article>\t\t\t\t\t\t\t\t\t\t\t\t\r\n\t\t\t\t\t\t                        <a href=\"https:\/\/www.naturalscience.org\/es\/news\/category\/microondas-y-comunicaciones-moviles\/dispositivos-de-comunicacion-moviles\/\" class=\"button radius\">\r\n                            <i class=\"fa fa-angle-right\"><\/i>&nbsp;&nbsp;M\u00e1s                        <\/a>\r\n                    <\/div>\r\n                <\/div>\r\n            <\/div>\r\n\t\t\t <\/p>\n","protected":false},"excerpt":{"rendered":"Los tel\u00e9fonos inal\u00e1mbricos env\u00edan se\u00f1ales continuamente y pueden causar trastornos del sue\u00f1o y otras molestias, ya que dondequiera que haya recepci\u00f3n, tambi\u00e9n hay radiaci\u00f3n. Cambia a un tel\u00e9fono con cable o al menos activa el modo Eco+ en tu tel\u00e9fono inal\u00e1mbrico. De esta manera, el tel\u00e9fono s\u00f3lo emite radiaci\u00f3n cuando haces una llamada.","protected":false},"author":9,"featured_media":0,"parent":15431,"menu_order":28,"comment_status":"closed","ping_status":"closed","template":"","meta":{"_acf_changed":false,"ngg_post_thumbnail":0,"footnotes":""},"categories":[174],"class_list":["post-15198","page","type-page","status-publish","hentry","category-microondas-y-comunicaciones-moviles","wpautop"],"acf":[],"yoast_head":"<!-- This site is optimized with the Yoast SEO plugin v27.5 - https:\/\/yoast.com\/product\/yoast-seo-wordpress\/ -->\n<title>Microondas y Comunicaciones m\u00f3viles - The World Foundation for Natural Science<\/title>\n<meta name=\"robots\" content=\"index, follow, max-snippet:-1, max-image-preview:large, max-video-preview:-1\" \/>\n<link rel=\"canonical\" href=\"https:\/\/www.naturalscience.org\/es\/temas\/microondas-y-comunicaciones-moviles\/\" \/>\n<meta name=\"twitter:label1\" content=\"Tiempo de lectura\" \/>\n\t<meta name=\"twitter:data1\" content=\"1 minuto\" \/>\n<script type=\"application\/ld+json\" class=\"yoast-schema-graph\">{\"@context\":\"https:\\\/\\\/schema.org\",\"@graph\":[{\"@type\":\"WebPage\",\"@id\":\"https:\\\/\\\/www.naturalscience.org\\\/es\\\/temas\\\/microondas-y-comunicaciones-moviles\\\/\",\"url\":\"https:\\\/\\\/www.naturalscience.org\\\/es\\\/temas\\\/microondas-y-comunicaciones-moviles\\\/\",\"name\":\"Microondas y Comunicaciones m\u00f3viles - The World Foundation for Natural Science\",\"isPartOf\":{\"@id\":\"https:\\\/\\\/www.naturalscience.org\\\/#website\"},\"datePublished\":\"2015-08-31T17:44:38+00:00\",\"dateModified\":\"2022-12-30T10:31:04+00:00\",\"breadcrumb\":{\"@id\":\"https:\\\/\\\/www.naturalscience.org\\\/es\\\/temas\\\/microondas-y-comunicaciones-moviles\\\/#breadcrumb\"},\"inLanguage\":\"es\",\"potentialAction\":[{\"@type\":\"ReadAction\",\"target\":[\"https:\\\/\\\/www.naturalscience.org\\\/es\\\/temas\\\/microondas-y-comunicaciones-moviles\\\/\"]}]},{\"@type\":\"BreadcrumbList\",\"@id\":\"https:\\\/\\\/www.naturalscience.org\\\/es\\\/temas\\\/microondas-y-comunicaciones-moviles\\\/#breadcrumb\",\"itemListElement\":[{\"@type\":\"ListItem\",\"position\":1,\"name\":\"Home\",\"item\":\"https:\\\/\\\/www.naturalscience.org\\\/es\\\/\"},{\"@type\":\"ListItem\",\"position\":2,\"name\":\"Temas\",\"item\":\"https:\\\/\\\/www.naturalscience.org\\\/es\\\/temas\\\/\"},{\"@type\":\"ListItem\",\"position\":3,\"name\":\"Microondas y Comunicaciones m\u00f3viles\"}]},{\"@type\":\"WebSite\",\"@id\":\"https:\\\/\\\/www.naturalscience.org\\\/#website\",\"url\":\"https:\\\/\\\/www.naturalscience.org\\\/\",\"name\":\"The World Foundation for Natural Science\",\"description\":\"Restoring and Healing the World through Responsibility and Commitment in accord with Natural and Divine Law!\",\"potentialAction\":[{\"@type\":\"SearchAction\",\"target\":{\"@type\":\"EntryPoint\",\"urlTemplate\":\"https:\\\/\\\/www.naturalscience.org\\\/?s={search_term_string}\"},\"query-input\":{\"@type\":\"PropertyValueSpecification\",\"valueRequired\":true,\"valueName\":\"search_term_string\"}}],\"inLanguage\":\"es\"}]}<\/script>\n<!-- \/ Yoast SEO plugin. -->","yoast_head_json":{"title":"Microondas y Comunicaciones m\u00f3viles - The World Foundation for Natural Science","robots":{"index":"index","follow":"follow","max-snippet":"max-snippet:-1","max-image-preview":"max-image-preview:large","max-video-preview":"max-video-preview:-1"},"canonical":"https:\/\/www.naturalscience.org\/es\/temas\/microondas-y-comunicaciones-moviles\/","twitter_misc":{"Tiempo de lectura":"1 minuto"},"schema":{"@context":"https:\/\/schema.org","@graph":[{"@type":"WebPage","@id":"https:\/\/www.naturalscience.org\/es\/temas\/microondas-y-comunicaciones-moviles\/","url":"https:\/\/www.naturalscience.org\/es\/temas\/microondas-y-comunicaciones-moviles\/","name":"Microondas y Comunicaciones m\u00f3viles - The World Foundation for Natural Science","isPartOf":{"@id":"https:\/\/www.naturalscience.org\/#website"},"datePublished":"2015-08-31T17:44:38+00:00","dateModified":"2022-12-30T10:31:04+00:00","breadcrumb":{"@id":"https:\/\/www.naturalscience.org\/es\/temas\/microondas-y-comunicaciones-moviles\/#breadcrumb"},"inLanguage":"es","potentialAction":[{"@type":"ReadAction","target":["https:\/\/www.naturalscience.org\/es\/temas\/microondas-y-comunicaciones-moviles\/"]}]},{"@type":"BreadcrumbList","@id":"https:\/\/www.naturalscience.org\/es\/temas\/microondas-y-comunicaciones-moviles\/#breadcrumb","itemListElement":[{"@type":"ListItem","position":1,"name":"Home","item":"https:\/\/www.naturalscience.org\/es\/"},{"@type":"ListItem","position":2,"name":"Temas","item":"https:\/\/www.naturalscience.org\/es\/temas\/"},{"@type":"ListItem","position":3,"name":"Microondas y Comunicaciones m\u00f3viles"}]},{"@type":"WebSite","@id":"https:\/\/www.naturalscience.org\/#website","url":"https:\/\/www.naturalscience.org\/","name":"The World Foundation for Natural Science","description":"Restoring and Healing the World through Responsibility and Commitment in accord with Natural and Divine Law!","potentialAction":[{"@type":"SearchAction","target":{"@type":"EntryPoint","urlTemplate":"https:\/\/www.naturalscience.org\/?s={search_term_string}"},"query-input":{"@type":"PropertyValueSpecification","valueRequired":true,"valueName":"search_term_string"}}],"inLanguage":"es"}]}},"_links":{"self":[{"href":"https:\/\/www.naturalscience.org\/es\/wp-json\/wp\/v2\/pages\/15198","targetHints":{"allow":["GET"]}}],"collection":[{"href":"https:\/\/www.naturalscience.org\/es\/wp-json\/wp\/v2\/pages"}],"about":[{"href":"https:\/\/www.naturalscience.org\/es\/wp-json\/wp\/v2\/types\/page"}],"author":[{"embeddable":true,"href":"https:\/\/www.naturalscience.org\/es\/wp-json\/wp\/v2\/users\/9"}],"replies":[{"embeddable":true,"href":"https:\/\/www.naturalscience.org\/es\/wp-json\/wp\/v2\/comments?post=15198"}],"version-history":[{"count":16,"href":"https:\/\/www.naturalscience.org\/es\/wp-json\/wp\/v2\/pages\/15198\/revisions"}],"predecessor-version":[{"id":38432,"href":"https:\/\/www.naturalscience.org\/es\/wp-json\/wp\/v2\/pages\/15198\/revisions\/38432"}],"up":[{"embeddable":true,"href":"https:\/\/www.naturalscience.org\/es\/wp-json\/wp\/v2\/pages\/15431"}],"wp:attachment":[{"href":"https:\/\/www.naturalscience.org\/es\/wp-json\/wp\/v2\/media?parent=15198"}],"wp:term":[{"taxonomy":"category","embeddable":true,"href":"https:\/\/www.naturalscience.org\/es\/wp-json\/wp\/v2\/categories?post=15198"}],"curies":[{"name":"wp","href":"https:\/\/api.w.org\/{rel}","templated":true}]}}